{"id":24772,"date":"2025-05-20T18:42:41","date_gmt":"2025-05-20T18:42:41","guid":{"rendered":"https:\/\/electricstore.eu\/p\/uncategorized\/vevor-4400-lbs-wireless-electric-chain-hoist-with-g100-chain-20-ft-lifting-height-ip54-protection-three-phase-overhead-crane\/"},"modified":"2025-05-20T18:44:11","modified_gmt":"2025-05-20T18:44:11","slug":"vevor-4400-lbs-wireless-electric-chain-hoist-with-g100-chain-20-ft-lifting-height-ip54-protection-three-phase-overhead-crane","status":"publish","type":"product","link":"https:\/\/electricstore.eu\/et\/p\/o\/electric-lifting-hoists\/vevor-4400-lbs-wireless-electric-chain-hoist-with-g100-chain-20-ft-lifting-height-ip54-protection-three-phase-overhead-crane\/","title":{"rendered":"VEVOR 4400 LBS juhtmevaba elektriline kett-t\u00f5stuk G100 ketiga, t\u00f5stek\u00f5rgus 20 jalga, IP54 kaitse, kolmefaasiline kraana"},"content":{"rendered":"<div class=\"product-specs-list-container\">\n<ul class=\"product-specs-list util-clearfix\">\n<li class=\"product-prop line-limit-length\"><span\n                                        class=\"property-title\">K\u00f5rge riskiga kemikaal:&nbsp;<\/span><span\n                                        class=\"property-desc line-limit-length\">Puudub<\/span>\n                            <\/li>\n<li class=\"product-prop line-limit-length\"><span\n                                        class=\"property-title\">P\u00e4ritolu:&nbsp;<\/span><span\n                                        class=\"property-desc line-limit-length\">Mandri-Hiina<\/span>\n                            <\/li>\n<li class=\"product-prop line-limit-length\"><span\n                                        class=\"property-title\">Br\u00e4ndi nimi:&nbsp;<\/span><span\n                                        class=\"property-desc line-limit-length\">VEVOR<\/span>\n                            <\/li>\n<\/ul><\/div>\n<div class=\"detailmodule_html\">\n<div class=\"detail-desc-decorate-richtext\">\n<div><\/div>\n<div style=\"font-family:&quot;Open sans&quot;, Arial, Helvetica, sans-serif\">\n<div><img decoding=\"async\" style=\"width:100%\" width=\"100%\" src=\"https:\/\/d2qc09rl1gfuof.cloudfront.net\/vevor\/boutique-banner\/pc\/banner-en.jpg\" slate-data-type=\"image\"\/><\/div>\n<div>\n<div style=\"font-size:16px;font-weight:bold;text-align:center;color:rgb(34, 34, 34);margin:24px 0px;margin-bottom:24px;margin-top:24px;margin-left:0px;margin-right:0px\" align=\"center\">VEVOR elektriline kett-t\u00f5stuk \u2013 muuda oma arusaama t\u00f5stmisest<\/div>\n<div><img decoding=\"async\" style=\"width:100%\" width=\"100%\" src=\"https:\/\/d2qc09rl1gfuof.cloudfront.net\/product\/DDHLHLSXDDLCS5G71\/electric-hoist-a100-1.4.jpg\" slate-data-type=\"image\"\/><\/div>\n<div style=\"font-size:14px;text-align:center;color:rgb(34, 34, 34);margin:16px 0px 24px;margin-bottom:24px;margin-top:16px;margin-left:0px;margin-right:0px\" align=\"center\">Meie elektrilise ketiga t\u00f5stuki t\u00f5stev\u00f5ime on 4400 naela (umbes 2000 kg), mis teeb selle ideaalseks raskete esemete t\u00f5stmiseks garaa\u017eides. Selle kiire t\u00f5stekiirus tagab t\u00f5husa t\u00f6\u00f6 ilma pikkade ooteaegadeta.<\/div>\n<\/div>\n<div>\n<div>\u00a0<\/div>\n<div style=\"margin:8px 0px;margin-bottom:8px;margin-top:8px;margin-left:0px;margin-right:0px\"><img decoding=\"async\" style=\"width:100%\" width=\"100%\" src=\"https:\/\/d2qc09rl1gfuof.cloudfront.net\/product\/DDHLHLSXDDLCS5G71\/electric-hoist-a100-2.2.jpg\" slate-data-type=\"image\"\/><\/div>\n<div style=\"font-size:14px;text-align:center;color:rgb(34, 34, 34);margin:16px 0px 24px;margin-bottom:24px;margin-top:16px;margin-left:0px;margin-right:0px\" align=\"center\">G100 kett pakub elektrilisele t\u00f5stukile kergemat kogukaalu ja suuremat tugevust. See kannab raskeid koormaid, s\u00e4ilitades samal ajal mugavuse.<\/div>\n<\/div>\n<div>\n<div>\u00a0<\/div>\n<div style=\"margin:8px 0px;margin-bottom:8px;margin-top:8px;margin-left:0px;margin-right:0px\"><img decoding=\"async\" style=\"width:100%\" width=\"100%\" src=\"https:\/\/d2qc09rl1gfuof.cloudfront.net\/product\/DDHLHLSXDDLCS5G71\/electric-hoist-a100-2.3.jpg\" slate-data-type=\"image\"\/><\/div>\n<div style=\"font-size:14px;text-align:center;color:rgb(34, 34, 34);margin:16px 0px 24px;margin-bottom:24px;margin-top:16px;margin-left:0px;margin-right:0px\" align=\"center\">Sellel elektrilisel t\u00f5stukil on mugav ja praktiline disain, sh t\u00f5sterihm erinevate raskete esemete k\u00e4sitsemiseks. Tundlik kaugjuhtimispult v\u00f5imaldab t\u00e4pset ja mugavat t\u00f5stmist.<\/div>\n<\/div>\n<div>\n<div>\u00a0<\/div>\n<div style=\"margin:8px 0px;margin-bottom:8px;margin-top:8px;margin-left:0px;margin-right:0px\"><img decoding=\"async\" style=\"width:100%\" width=\"100%\" src=\"https:\/\/d2qc09rl1gfuof.cloudfront.net\/product\/DDHLHLSXDDLCS5G71\/electric-hoist-a100-2.4.jpg\" slate-data-type=\"image\"\/><\/div>\n<div style=\"font-size:14px;text-align:center;color:rgb(34, 34, 34);margin:16px 0px 24px;margin-bottom:24px;margin-top:16px;margin-left:0px;margin-right:0px\" align=\"center\">T\u00f5hus vaskmootor tagab raskete esemete stabiilse ja ohutu t\u00f5stmise. T\u00e4nu avariipidurduss\u00fcsteemile ja \u00f5hkjahutuss\u00fcsteemile on t\u00f5stukkraana usaldusv\u00e4\u00e4rne ja turvaline kasutada.<\/div>\n<\/div>\n<div>\n<div>\u00a0<\/div>\n<div style=\"margin:8px 0px;margin-bottom:8px;margin-top:8px;margin-left:0px;margin-right:0px\"><img decoding=\"async\" style=\"width:100%\" width=\"100%\" src=\"https:\/\/d2qc09rl1gfuof.cloudfront.net\/product\/DDHLHLSXDDLCS5G71\/electric-hoist-a100-2.5.jpg\" slate-data-type=\"image\"\/><\/div>\n<div style=\"font-size:14px;text-align:center;color:rgb(34, 34, 34);margin:16px 0px 24px;margin-bottom:24px;margin-top:16px;margin-left:0px;margin-right:0px\" align=\"center\">Meie v\u00e4ike elektriline t\u00f5stuk on t\u00e4iustanud oma vastupidavust ja kandev\u00f5imet, et rahuldada suuremaid t\u00f5stevajadusi. Selle vastupidavamad ja tugevamad materjalid parandavad kasutusiga ja stabiilsust.<\/div>\n<\/div>\n<div style=\"margin:16px 0px 24px;margin-bottom:24px;margin-top:16px;margin-left:0px;margin-right:0px\"><\/div>\n<div style=\"margin:24px 0px;margin-bottom:24px;margin-top:24px;margin-left:0px;margin-right:0px\">\n<div style=\"font-size:16px;font-weight:bold;color:rgb(34, 34, 34);margin:24px 0px 16px;margin-bottom:16px;margin-top:24px;margin-left:0px;margin-right:0px\">Omadused ja \u00fcksikasjad<\/div>\n<ul style=\"margin:16px 0px 24px;margin-bottom:24px;margin-top:16px;margin-left:0px;margin-right:0px\">\n<li style=\"font-size:14px;color:rgb(34, 34, 34)\">\n<p>Kandev\u00f5ime 4400 naela: Meie elektriline kett-t\u00f5stuk on varustatud G100 ketiga, mis tagab ohutu t\u00f5stev\u00f5ime 4400 naela \/ 2 tonni. See suudab t\u00f5sta igasuguseid raskeid esemeid kiirusega 26 jalga\/min (7,9 m\/min) maksimaalse t\u00f5stek\u00f5rgusega 20 jalga\/6,1 m.<\/p>\n<\/li>\n<li style=\"font-size:14px;color:rgb(34, 34, 34)\">\n<p>V\u00f5imas mootor: Vaskmootor annab 3000 W v\u00f5imsust raskete koormuste k\u00e4sitsemiseks ilma deformatsioonita. Suur radiaatoriventilaator hoiab elektrilise ketiga langetust\u00f5stuki jahedana, et v\u00e4ltida \u00fclekuumenemist. K\u00f5ik need omadused tagavad t\u00f5husa t\u00f6\u00f6 ning s\u00e4\u00e4stavad teie aega ja energiat.<\/p>\n<\/li>\n<li style=\"font-size:14px;color:rgb(34, 34, 34)\">\n<p>Paigaldamine kiirelt: Meie elektriline t\u00f5stuk on lihtne paigaldada ja selle saab metall- v\u00f5i t\u00e4ispuidust liistude abil otse lakke riputada. Sellel on avariil\u00fcliti ja elektromagnetiline piduris\u00fcsteem, et v\u00e4ltida ebanormaalset libisemist.<\/p>\n<\/li>\n<li style=\"font-size:14px;color:rgb(34, 34, 34)\">\n<p>Juhtmevaba kaugjuhtimispult: Elektrilisel t\u00f5stukil on juhtmevaba kaugjuhtimispult, mille maksimaalne juhtimiskaugus on 100 m. See pakub tundlikku l\u00fclitusfunktsiooni ja v\u00f5imaldab teil elektrilist t\u00f5stukit \u00fche k\u00e4ega juhtida seadmete t\u00f5stmiseks, paigutamiseks ja langetamiseks.<\/p>\n<\/li>\n<li style=\"font-size:14px;color:rgb(34, 34, 34)\">\n<p>Kasutage seda k\u00f5ikjal: Meie kraana sobib garaa\u017eidesse, poodidesse, hotellidesse ja kodudesse, olles ideaalne nii professionaalidele kui ka harrastajatele. See on suurep\u00e4rane paatide remondiks, autodele, muruniidukitele, golfik\u00e4rudele, kodukaunistustele, mootoritele, r\u00e4ndrahnudele, puudele jne. See on ideaalne abiline masinate t\u00f5stmiseks ja ka jahimeestele mugav saagi riputamiseks.<\/p>\n<\/li>\n<\/ul>\n<\/div>\n<div>\n<div>\u00a0<\/div>\n<div>\n<div>\u00a0<\/div>\n<div style=\"margin:16px 0px 24px;margin-bottom:24px;margin-top:16px;margin-left:0px;margin-right:0px\"><img decoding=\"async\" style=\"width:100%\" width=\"100%\" src=\"https:\/\/d2qc09rl1gfuof.cloudfront.net\/product\/DDHLHLSXDDLCS5G71\/electric-hoist-a100-1.11.jpg\" slate-data-type=\"image\"\/><\/div>\n<\/div>\n<\/div>\n<\/div>\n<\/div>\n<\/div>\n<p><\/p>","protected":false},"excerpt":{"rendered":"<p>Hign-concerned Chemical:&nbsp;None Origin:&nbsp;Mainland China Brand Name:&nbsp;VEVOR VEVOR Electric Chain Hoist\u2013Change the Way You Look at Lifting Our electric chain fall hoist has a lifting capacity of 4400 lbs, making it<\/p>","protected":false},"featured_media":24774,"comment_status":"open","ping_status":"closed","template":"","meta":{"_acf_changed":false},"product_brand":[],"product_cat":[517],"product_tag":[],"class_list":{"0":"post-24772","1":"product","2":"type-product","3":"status-publish","4":"has-post-thumbnail","6":"product_cat-electric-lifting-hoists","8":"first","9":"instock","10":"shipping-taxable","11":"purchasable","12":"product-type-variable"},"acf":[],"_links":{"self":[{"href":"https:\/\/electricstore.eu\/et\/wp-json\/wp\/v2\/product\/24772","targetHints":{"allow":["GET"]}}],"collection":[{"href":"https:\/\/electricstore.eu\/et\/wp-json\/wp\/v2\/product"}],"about":[{"href":"https:\/\/electricstore.eu\/et\/wp-json\/wp\/v2\/types\/product"}],"replies":[{"embeddable":true,"href":"https:\/\/electricstore.eu\/et\/wp-json\/wp\/v2\/comments?post=24772"}],"wp:featuredmedia":[{"embeddable":true,"href":"https:\/\/electricstore.eu\/et\/wp-json\/wp\/v2\/media\/24774"}],"wp:attachment":[{"href":"https:\/\/electricstore.eu\/et\/wp-json\/wp\/v2\/media?parent=24772"}],"wp:term":[{"taxonomy":"product_brand","embeddable":true,"href":"https:\/\/electricstore.eu\/et\/wp-json\/wp\/v2\/product_brand?post=24772"},{"taxonomy":"product_cat","embeddable":true,"href":"https:\/\/electricstore.eu\/et\/wp-json\/wp\/v2\/product_cat?post=24772"},{"taxonomy":"product_tag","embeddable":true,"href":"https:\/\/electricstore.eu\/et\/wp-json\/wp\/v2\/product_tag?post=24772"}],"curies":[{"name":"wp","href":"https:\/\/api.w.org\/{rel}","templated":true}]}}