{"id":24721,"date":"2025-05-20T18:42:10","date_gmt":"2025-05-20T18:42:10","guid":{"rendered":"https:\/\/electricstore.eu\/p\/uncategorized\/homcom-electric-motorcycle-3-years-with-3-wheels-lights-music-3-km-h-86x42x52cm\/"},"modified":"2025-05-20T18:43:28","modified_gmt":"2025-05-20T18:43:28","slug":"homcom-electric-motorcycle-3-years-with-3-wheels-lights-music-3-km-h-86x42x52cm","status":"publish","type":"product","link":"https:\/\/electricstore.eu\/et\/p\/motorbikes\/electric-children-motorbikes\/homcom-electric-motorcycle-3-years-with-3-wheels-lights-music-3-km-h-86x42x52cm\/","title":{"rendered":"HOMCOM elektrimootorratas + 3 aastat 3 rattaga Tuled Muusika 3 km\/h 86x42x52cm"},"content":{"rendered":"<div class=\"product-specs-list-container\">\n<ul class=\"product-specs-list util-clearfix\">\n<li class=\"product-prop line-limit-length\"><span\n                                        class=\"property-title\">P\u00e4ritolu:&nbsp;<\/span><span\n                                        class=\"property-desc line-limit-length\">Mandri-Hiina<\/span>\n                            <\/li>\n<li class=\"product-prop line-limit-length\"><span\n                                        class=\"property-title\">Omadused:&nbsp;<\/span><span\n                                        class=\"property-desc line-limit-length\">S\u00f5ida edasi<\/span>\n                            <\/li>\n<li class=\"product-prop line-limit-length\"><span\n                                        class=\"property-title\">Sertifikaat:&nbsp;<\/span><span\n                                        class=\"property-desc line-limit-length\"><\/span>\n                            <\/li>\n<\/ul><\/div>\n<div class=\"detailmodule_html\">\n<div class=\"detail-desc-decorate-richtext\">\n<p><\/p>\n<div>\n <br \/>&amp; Iexcl; Millest seiklus algab! See HOMCOMi kolmerattaline elektrit\u00f5ukeratas on ideaalne seikluskaaslane igale lapsele. Kuni 45-minutilise s\u00f5iduulatusega p\u00e4rast t\u00e4islaadimist saate oma lemmikkohti l\u00e4bida t\u00f5elise juhina ja piiratud ohutu kiirusega 3 km\/h. Esituledega pakub see ratas k\u00f5ige realistlikumat s\u00f5idukogemust, et lastel oleks tore aega veeta.<br \/>\n\n<\/div>\n<div class=\"lc-1\">\n<div class=\"f-line\">\n<div class=\"fts\">\n<div>\n    <strong>Omadused:<\/strong><br \/>\n    <br \/>\u25cf Elektriline lastes\u00f5iduk realistliku disaini ja funktsioonidega, n\u00e4iteks kahe esitulega;\n<\/div>\n<div>\n\u25cf Liikuge edasi aeglasel kiirusel, et teie laps saaks ootamatuid olukordi ette n\u00e4ha ja neile reageerida;\n<\/div>\n<div>\n\u25cf See akutoitel jalgratas sisaldab muusikat, mis aktiveeritakse nupuvajutusega;\n<\/div>\n<div>\n\u25cf 3 laia rehvi tagavad stabiilse ja sujuva s\u00f5idu;\n<\/div>\n<div>\n\u25cf Kiirus v\u00f5ib ulatuda maksimaalselt 3 km\/h-ni;\n<\/div>\n<div>\n\u25cf P\u00e4rast t\u00e4ielikku laadimist on selle t\u00f6\u00f6ulatus umbes kuni 45 minutit;\n<\/div>\n<div>\n\u25cf Soovitatav lastele alates 3. eluaastast ja kuni 25 kg kaaluni;\n<\/div>\n<div>\n\u25cf See laste mootorratas soodustab erinevate oskuste, n\u00e4iteks k\u00e4e-silma koordinatsiooni, arengut;\n<\/div>\n<div>\n\u25cf Paigaldamine on vajalik;\n<\/div>\n<div>\n\u25cf T\u00e4htis: Kasutage alati t\u00e4iskasvanu j\u00e4relvalve all;<br \/>\n\n   <\/div><\/div><\/div>\n<\/div>\n<div class=\"lc-1\">\n<div class=\"f-line\">\n<div class=\"fts\">\n<div>\n    <strong>Spetsifikatsioonid:<\/strong><br \/>\n    <br \/>\u25cf V\u00e4rv: punane ja must\/sinine;\n<\/div>\n<div>\n\u25cf Materjal: PP, metall;\n<\/div>\n<div>\n\u25cf Kogum\u00f5\u00f5tmed: 86x42x52 cm (PxANxAL);\n<\/div>\n<div>\n\u25cf Rataste m\u00f5\u00f5dud: \u00d8 23 \u00d7 7,5 cm (DIAM \u00d7 AN);\n<\/div>\n<div>\n\u25cf Laadimisaeg: 8\u201312 tundi;\n<\/div>\n<div>\n\u25cf Aku t\u00f6\u00f6iga: 45 minutit (t\u00e4islaetud);\n<\/div>\n<div>\n\u25cf Mootor: 25 W;\n<\/div>\n<div>\n\u25cf Laadija: 6V \/ 500MA;\n<\/div>\n<div>\n\u25cf Maksimaalne toetatav kaal: 25 kg;\n<\/div>\n<div>\n\u25cf Sobib lastele: \u00fcle 3 aasta vana;\n<\/div>\n<div>\n\u25cf Viide: 370-102RD\/370-102BU;<br \/>\n\n   <\/div><\/div><\/div>\n<\/div>\n<div>\n <img decoding=\"async\" width=\"1000    \" height=\"35\" src=\"https:\/\/ae01.alicdn.com\/kf\/HTB1KhgjkfiSBuNkSnhJq6zDcpXaR.jpg\" slate-data-type=\"image\" \/>\n<\/div>\n<div class=\"content01\">\n<div class=\"content_img\">\n  <img decoding=\"async\" width=\"1000\" src=\"https:\/\/ae01.alicdn.com\/kf\/H70614f8129544824ab0c7d099a3ef9aaC.jpg\" slate-data-type=\"image\" \/>\n <\/div>\n<div class=\"content_img\">\n  <img decoding=\"async\" width=\"1000\" src=\"https:\/\/ae01.alicdn.com\/kf\/H9cbca82ec0f34df6bc382192a0ae4fd4G.jpg\" slate-data-type=\"image\" \/>\n <\/div>\n<div class=\"content_img\">\n  <img decoding=\"async\" width=\"1000\" src=\"https:\/\/ae01.alicdn.com\/kf\/He21326f0f8e145e48f32f1cfbfe9d369f.jpg\" slate-data-type=\"image\" \/>\n <\/div>\n<div class=\"content_img\">\n  <img decoding=\"async\" width=\"1000\" src=\"https:\/\/ae01.alicdn.com\/kf\/He6920fc9da1242eea230ccf1e67e6854Q.jpg\" slate-data-type=\"image\" \/>\n <\/div>\n<div class=\"content_img\">\n  <img decoding=\"async\" width=\"1000\" src=\"https:\/\/ae01.alicdn.com\/kf\/Hcdd359b5f57a41df9fd20bd7c4998b72U.jpg\" slate-data-type=\"image\" \/>\n <\/div>\n<div class=\"content_img\">\n  <img decoding=\"async\" width=\"1000\" src=\"https:\/\/ae01.alicdn.com\/kf\/Hd2824e6f3c1446b383c9dc3797cc51276.jpg\" slate-data-type=\"image\" \/>\n <\/div>\n<div class=\"content_img\">\n  <img decoding=\"async\" width=\"1000\" src=\"https:\/\/ae01.alicdn.com\/kf\/H79c926e88feb4b258588fb5c8581f499u.jpg\" slate-data-type=\"image\" \/>\n <\/div>\n<div class=\"content_img\">\n  <img decoding=\"async\" width=\"1000\" src=\"https:\/\/gsp.aliexpress.com\/apps\/product\/publish?spm=5261.ProductManageOnline.0.0.7d564edfWFvxkZ&amp;productId=4001337167822\" slate-data-type=\"image\" \/>\n <\/div>\n<\/div>\n<div>\n <img fetchpriority=\"high\" decoding=\"async\" width=\"1000\" height=\"1881\" src=\"https:\/\/ae01.alicdn.com\/kf\/HTB1i.OtVMHqK1RjSZFkq6x.WFXaT.jpg\" slate-data-type=\"image\" \/>\n<\/div>\n<p><\/p>\n<\/div>\n<\/div>","protected":false},"excerpt":{"rendered":"<p>Origin:&nbsp;Mainland China Features:&nbsp;Ride On Certificate:&nbsp; &amp; Iexcl; What starts the adventure! This HOMCOM electric scooter with 3 wheels will be the perfect adventure companion for any child. With a range<\/p>","protected":false},"featured_media":24722,"comment_status":"open","ping_status":"closed","template":"","meta":{"_acf_changed":false},"product_brand":[],"product_cat":[313],"product_tag":[],"class_list":{"0":"post-24721","1":"product","2":"type-product","3":"status-publish","4":"has-post-thumbnail","6":"product_cat-electric-children-motorbikes","8":"first","9":"instock","10":"shipping-taxable","11":"purchasable","12":"product-type-variable"},"acf":[],"_links":{"self":[{"href":"https:\/\/electricstore.eu\/et\/wp-json\/wp\/v2\/product\/24721","targetHints":{"allow":["GET"]}}],"collection":[{"href":"https:\/\/electricstore.eu\/et\/wp-json\/wp\/v2\/product"}],"about":[{"href":"https:\/\/electricstore.eu\/et\/wp-json\/wp\/v2\/types\/product"}],"replies":[{"embeddable":true,"href":"https:\/\/electricstore.eu\/et\/wp-json\/wp\/v2\/comments?post=24721"}],"wp:featuredmedia":[{"embeddable":true,"href":"https:\/\/electricstore.eu\/et\/wp-json\/wp\/v2\/media\/24722"}],"wp:attachment":[{"href":"https:\/\/electricstore.eu\/et\/wp-json\/wp\/v2\/media?parent=24721"}],"wp:term":[{"taxonomy":"product_brand","embeddable":true,"href":"https:\/\/electricstore.eu\/et\/wp-json\/wp\/v2\/product_brand?post=24721"},{"taxonomy":"product_cat","embeddable":true,"href":"https:\/\/electricstore.eu\/et\/wp-json\/wp\/v2\/product_cat?post=24721"},{"taxonomy":"product_tag","embeddable":true,"href":"https:\/\/electricstore.eu\/et\/wp-json\/wp\/v2\/product_tag?post=24721"}],"curies":[{"name":"wp","href":"https:\/\/api.w.org\/{rel}","templated":true}]}}