{"id":24702,"date":"2025-05-20T18:41:56","date_gmt":"2025-05-20T18:41:56","guid":{"rendered":"https:\/\/electricstore.eu\/p\/uncategorized\/sportnow-steel-bicycle-parking-59x41x38-cm-black\/"},"modified":"2025-05-20T18:42:45","modified_gmt":"2025-05-20T18:42:45","slug":"sportnow-steel-bicycle-parking-59x41x38-cm-black","status":"publish","type":"product","link":"https:\/\/electricstore.eu\/et\/p\/a\/sportnow-steel-bicycle-parking-59x41x38-cm-black\/","title":{"rendered":"SPORTNOW terasest jalgrattaparkla 59x41x38 cm must"},"content":{"rendered":"<div class=\"detailmodule_html\">\n<div class=\"detail-desc-decorate-richtext\">\n<p>Avastage selle SPORTNOW jalgrattahoidiku praktilisus. Lihtsalt asetage oma jalgratas aluse k\u00fclge ja vaadake, kuidas see automaatselt lukustub. See p\u00f5randal olev jalgrattahoidik on loodud kuni 8,5 cm laiuste rehvide jaoks ning sobib ideaalselt korra hoidmiseks kodus, garaa\u017eis v\u00f5i kontoris t\u00e4nu vastupidavale teraskonstruktsioonile ja stabiilsust tagavatele kummist alustele. H\u00e4davajalik k\u00f5igile jalgrattas\u00f5pradele.<\/p>\n<p><\/p>\n<div class=\"detailmodule_html\">\n<div class=\"detail-desc-decorate-richtext\">\n<div class=\"lc-1\">\n<div class=\"f-line\">\n<div class=\"fts\">\n<div><strong>Omadused:<\/strong><\/div>\n<\/div>\n<\/div>\n<\/div>\n<\/div>\n<\/div>\n<p>\u25cf T\u00f5stke ja l\u00fckake jalgratast, et kronstein automaatselt lukustuks;<\/p>\n<p>\u25cf Jalgrattaparkla sobib enamikule jalgratastele, mille rehvid on kuni 8,5 cm laiad;<\/p>\n<p>\u25cf Terasraam ja kummist jalad pakuvad tugevat stabiilsust;<\/p>\n<p>\u25cf Jalgrattatugi sobib ideaalselt jalgrataste hoidmiseks v\u00f5i parkimiseks kodus, garaa\u017eis v\u00f5i t\u00f6\u00f6kohal;<\/p>\n<p>\u25cf Paigaldamine on vajalik;<\/p>\n<p><\/p>\n<div class=\"detailmodule_html\">\n<div class=\"detail-desc-decorate-richtext\">\n<div class=\"lc-1\">\n<div class=\"f-line\">\n<div class=\"fts\">\n<div><strong>Spetsifikatsioonid:<\/strong><\/div>\n<\/div>\n<\/div>\n<\/div>\n<\/div>\n<\/div>\n<p>\u25cf V\u00e4rv: must;<\/p>\n<p>\u25cf Materjal: teras;<\/p>\n<p>\u25cf Kogum\u00f5\u00f5tmed: 59x41x38 cm (PxANxAL);<\/p>\n<p>\u25cf Rataste puhul: &lt; 8,5 cm lai;<\/p>\n<p>\u25cf Viide: AA0-097V00BK;<\/p>\n<p><\/p>\n<div class=\"detailmodule_html\">\n<div class=\"detail-desc-decorate-richtext\">\n<div><img decoding=\"async\" width=\"1000    \" height=\"35\" src=\"https:\/\/ae01.alicdn.com\/kf\/HTB1KhgjkfiSBuNkSnhJq6zDcpXaR.jpg\" slate-data-type=\"image\"\/><\/div>\n<\/div>\n<\/div>\n<p><img decoding=\"async\" src=\"https:\/\/ae01.alicdn.com\/kf\/S734523902357481b850557de07cb1aebh.jpg\" slate-data-type=\"image\"\/><img decoding=\"async\" src=\"https:\/\/ae01.alicdn.com\/kf\/Sa2507e8a0696493ab60c0cfed1caddcdk.jpg\" slate-data-type=\"image\"\/><img decoding=\"async\" src=\"https:\/\/ae01.alicdn.com\/kf\/Sb50e0faea835482795051f150361f40dZ.jpg\" slate-data-type=\"image\"\/><img decoding=\"async\" src=\"https:\/\/ae01.alicdn.com\/kf\/Seec342f2635243e89480ab60924fd274F.jpg\" slate-data-type=\"image\"\/><\/p>\n<div class=\"detailmodule_html\">\n<div class=\"detail-desc-decorate-richtext\">\n<div><img fetchpriority=\"high\" decoding=\"async\" width=\"1000\" height=\"1881\" src=\"https:\/\/ae01.alicdn.com\/kf\/Ua8ece3e103ed470793ec3cb15da8a01fz.jpg\" slate-data-type=\"image\"\/><\/div>\n<\/div>\n<\/div>\n<p><\/p>\n<\/div>\n<\/div>","protected":false},"excerpt":{"rendered":"<p>Discover the practicality of this SPORTNOW bike stand. Simply introduce your bike and watch it automatically secure. Designed for tires up to 8,5 cm wide, this floor bike parking is<\/p>","protected":false},"featured_media":24703,"comment_status":"open","ping_status":"closed","template":"","meta":{"_acf_changed":false},"product_brand":[],"product_cat":[525],"product_tag":[],"class_list":{"0":"post-24702","1":"product","2":"type-product","3":"status-publish","4":"has-post-thumbnail","6":"product_cat-a","8":"first","9":"instock","10":"shipping-taxable","11":"purchasable","12":"product-type-variable"},"acf":[],"_links":{"self":[{"href":"https:\/\/electricstore.eu\/et\/wp-json\/wp\/v2\/product\/24702","targetHints":{"allow":["GET"]}}],"collection":[{"href":"https:\/\/electricstore.eu\/et\/wp-json\/wp\/v2\/product"}],"about":[{"href":"https:\/\/electricstore.eu\/et\/wp-json\/wp\/v2\/types\/product"}],"replies":[{"embeddable":true,"href":"https:\/\/electricstore.eu\/et\/wp-json\/wp\/v2\/comments?post=24702"}],"wp:featuredmedia":[{"embeddable":true,"href":"https:\/\/electricstore.eu\/et\/wp-json\/wp\/v2\/media\/24703"}],"wp:attachment":[{"href":"https:\/\/electricstore.eu\/et\/wp-json\/wp\/v2\/media?parent=24702"}],"wp:term":[{"taxonomy":"product_brand","embeddable":true,"href":"https:\/\/electricstore.eu\/et\/wp-json\/wp\/v2\/product_brand?post=24702"},{"taxonomy":"product_cat","embeddable":true,"href":"https:\/\/electricstore.eu\/et\/wp-json\/wp\/v2\/product_cat?post=24702"},{"taxonomy":"product_tag","embeddable":true,"href":"https:\/\/electricstore.eu\/et\/wp-json\/wp\/v2\/product_tag?post=24702"}],"curies":[{"name":"wp","href":"https:\/\/api.w.org\/{rel}","templated":true}]}}