{"id":24695,"date":"2025-05-20T18:41:52","date_gmt":"2025-05-20T18:41:52","guid":{"rendered":"https:\/\/electricstore.eu\/p\/uncategorized\/homcom-caballete-trasero-moto-universal-elevador-soporte-de-motocross-acero\/"},"modified":"2025-05-20T18:42:39","modified_gmt":"2025-05-20T18:42:39","slug":"homcom-caballete-trasero-moto-universal-elevador-soporte-de-motocross-acero","status":"publish","type":"product","link":"https:\/\/electricstore.eu\/et\/p\/a\/homcom-caballete-trasero-moto-universal-elevador-soporte-de-motocross-acero\/","title":{"rendered":"HOMCOM Caballete Trasero Moto Universal Elevador Soporte de Motocross Acero"},"content":{"rendered":"<div class=\"product-specs-list-container\">\n<ul class=\"product-specs-list util-clearfix\">\n<li class=\"product-prop line-limit-length\"><span\n                                        class=\"property-title\">Kandev\u00f5ime (koormus):&nbsp;<\/span><span\n                                        class=\"property-desc line-limit-length\">150 kg<\/span>\n                            <\/li>\n<li class=\"product-prop line-limit-length\"><span\n                                        class=\"property-title\">Br\u00e4ndi nimi:&nbsp;<\/span><span\n                                        class=\"property-desc line-limit-length\">HOMCOM<\/span>\n                            <\/li>\n<\/ul><\/div>\n<div class=\"detailmodule_html\">\n<div class=\"detail-desc-decorate-richtext\">\n<div style=\"overflow:visible;height:auto\">\n<div>\n<div>\n<div class=\"detailmodule_html\">\n<div class=\"detail-desc-decorate-richtext\">\n<div style=\"overflow:visible;height:auto\">\n<div>\n<div>\n<p><span style=\"font-size:16px\">\u00bfTe hace falta un caballete para aparcar o reparar tu moto? Te presentamos este fant\u00e1stico caballete de moto posterior universal y port\u00e1til, el cual dispone de 2 tipos de horquillas (en forma de L y en forma de U). Sirve para todo tipo de motos, la anchura de sujeci\u00f3n es ajustable y est\u00e1 hecho de acero galvanizado, por lo que presenta un perfecto equilibrio. Ideal para aparcar la moto en el garaje o en el patio y hacer mantenimiento o reparaciones b\u00e1sicas. Cuenta con 2 ruedas es f\u00e1cil de mover.<\/span><\/p>\n<\/div>\n<\/div>\n<\/div>\n<\/div>\n<\/div>\n<div>\n<\/div>\n<\/div>\n<\/div>\n<\/div>\n<div>\n<div>\n<div>\n<div><strong>Omadused:<\/strong><br \/>\u2022 Aparato universaalne: Sirve para todo tipo de motos debido a que la anchura de sujeci\u00f3n es ajustable. M\u00f5\u00f5dud 80x50x40 cm. ;<\/div>\n<div>\u2022 Multiusos: Ideaalne para aparcar la moto en el garaje o en el patio y hacer mantenimiento o reparaciones b\u00e1sicas. Cuenta con 2 ruedas, por lo que es f\u00e1cil de mover. ;<\/div>\n<div>\u2022 Sisaldab 2 t\u00fc\u00fcpi horquillasid: Horquillas en forma de U ideales para motos que tienen instalados los di\u00e1bolos, y palas planas en forma de L para motos sin di\u00e1bolos. ;<\/div>\n<div>\u2022 Alta calidad: Hecho de acero galvanizado, con un espesor del tubo de 1,5mm. Muy s\u00f3lido a la vez que estable. Capacidad m\u00e1x. kauba kaal: 150 kg. ;<\/div>\n<div>\u2022 Vienen desmontados e incluyen sus correctientes instrucciones de montaje. ;<\/div>\n<div>\u2022 M\u00e4rkus: Por favor, mantenerse fuera del alcance de los ni\u00f1os. Comprobar que el caballete est\u00e9 en buenas condiciones antes de usarlo.<\/p>\n<\/div>\n<\/div>\n<\/div>\n<\/div>\n<div>\n<div>\n<div>\n<div class=\"detailmodule_html\">\n<div class=\"detail-desc-decorate-richtext\">\n<div class=\"detailmodule_html\">\n<div class=\"detail-desc-decorate-richtext\">\n<div class=\"lc-1\">\n<div class=\"f-line\">\n<div class=\"fts\">\n<div><strong>Spetsifikatsioonid:<\/strong><\/div>\n<\/div>\n<\/div>\n<\/div>\n<\/div>\n<\/div>\n<\/div>\n<\/div>\n<div>\u2022 V\u00e4rv: Punane;<\/div>\n<div>\u2022 Materjal: Acero galvanizado ;<\/div>\n<div>\u2022 M\u00f5\u00f5tmed: 80x50x40cm (LxANxAL) ;<\/div>\n<div>\u2022 Anchura de sujeci\u00f3n ajustable de las horquillas (forma U\/forma L): 21-35cm\/22-33cm ;<\/div>\n<div>\u2022 Toru l\u00e4bim\u00f5\u00f5t: 1,5 mm;<\/div>\n<div>\u2022 Netokaal: 5,5 kg ;<\/div>\n<div>\u2022 Netokaal: 4,5 kg ;<\/div>\n<div>\u2022 Kaubamaht: 150 kg ;<\/div>\n<div>\u2022 Viitenumber: C30-001<\/p>\n<\/div>\n<\/div>\n<\/div>\n<\/div>\n<div><img decoding=\"async\" width=\"1000    \" height=\"35\" src=\"https:\/\/ae01.alicdn.com\/kf\/HTB1KhgjkfiSBuNkSnhJq6zDcpXaR.jpg\" slate-data-type=\"image\"\/><\/div>\n<div>\n<div><img decoding=\"async\" src=\"https:\/\/ae01.alicdn.com\/kf\/S1ad8e00c4d37488598c61042fc5c6a30K.jpg\" slate-data-type=\"image\"\/><img decoding=\"async\" src=\"https:\/\/ae01.alicdn.com\/kf\/S3a5498b5210342839e03bc0d09e5a752F.jpg\" slate-data-type=\"image\"\/><img decoding=\"async\" src=\"https:\/\/ae01.alicdn.com\/kf\/S7c396a40d3ec40b0a8fb743ab1b67756k.jpg\" slate-data-type=\"image\"\/><img decoding=\"async\" src=\"https:\/\/ae01.alicdn.com\/kf\/Se0fdeeb7edd04593a3e251212d2d0317Y.jpg\" slate-data-type=\"image\"\/><\/div>\n<\/div>\n<div><img fetchpriority=\"high\" decoding=\"async\" width=\"1000\" height=\"1881\" src=\"https:\/\/ae01.alicdn.com\/kf\/HTB1Pe4ZKAOWBuNjSsppq6xPgpXay.jpg\" slate-data-type=\"image\"\/><\/div>\n<\/div>\n<\/div>\n<p><\/p>","protected":false},"excerpt":{"rendered":"<p>Capacity (Load):&nbsp;150 kg Brand Name:&nbsp;HOMCOM \u00bfTe hace falta un caballete para aparcar o reparar tu moto? Te presentamos este fant\u00e1stico caballete de moto posterior universal y port\u00e1til, el cual dispone<\/p>","protected":false},"featured_media":24697,"comment_status":"open","ping_status":"closed","template":"","meta":{"_acf_changed":false},"product_brand":[],"product_cat":[525],"product_tag":[],"class_list":{"0":"post-24695","1":"product","2":"type-product","3":"status-publish","4":"has-post-thumbnail","6":"product_cat-a","8":"first","9":"instock","10":"shipping-taxable","11":"purchasable","12":"product-type-variable"},"acf":[],"_links":{"self":[{"href":"https:\/\/electricstore.eu\/et\/wp-json\/wp\/v2\/product\/24695","targetHints":{"allow":["GET"]}}],"collection":[{"href":"https:\/\/electricstore.eu\/et\/wp-json\/wp\/v2\/product"}],"about":[{"href":"https:\/\/electricstore.eu\/et\/wp-json\/wp\/v2\/types\/product"}],"replies":[{"embeddable":true,"href":"https:\/\/electricstore.eu\/et\/wp-json\/wp\/v2\/comments?post=24695"}],"wp:featuredmedia":[{"embeddable":true,"href":"https:\/\/electricstore.eu\/et\/wp-json\/wp\/v2\/media\/24697"}],"wp:attachment":[{"href":"https:\/\/electricstore.eu\/et\/wp-json\/wp\/v2\/media?parent=24695"}],"wp:term":[{"taxonomy":"product_brand","embeddable":true,"href":"https:\/\/electricstore.eu\/et\/wp-json\/wp\/v2\/product_brand?post=24695"},{"taxonomy":"product_cat","embeddable":true,"href":"https:\/\/electricstore.eu\/et\/wp-json\/wp\/v2\/product_cat?post=24695"},{"taxonomy":"product_tag","embeddable":true,"href":"https:\/\/electricstore.eu\/et\/wp-json\/wp\/v2\/product_tag?post=24695"}],"curies":[{"name":"wp","href":"https:\/\/api.w.org\/{rel}","templated":true}]}}