{"id":24647,"date":"2025-05-20T18:41:20","date_gmt":"2025-05-20T18:41:20","guid":{"rendered":"https:\/\/electricstore.eu\/p\/uncategorized\/homcom-childrens-electric-motorcycle-car-tricycle-vespa-battery-powered-electric-scooter-with-light-mp3-usb-children-3-6-years\/"},"modified":"2025-05-20T18:41:40","modified_gmt":"2025-05-20T18:41:40","slug":"homcom-childrens-electric-motorcycle-car-tricycle-vespa-battery-powered-electric-scooter-with-light-mp3-usb-children-3-6-years","status":"publish","type":"product","link":"https:\/\/electricstore.eu\/et\/p\/motorbikes\/electric-children-motorbikes\/homcom-childrens-electric-motorcycle-car-tricycle-vespa-battery-powered-electric-scooter-with-light-mp3-usb-children-3-6-years\/","title":{"rendered":"Homcom laste elektrimootorratas, kolmerattaline, Vespa akutoitel elektriroller tulede, MP3 ja USB-ga lastele 3-6 aastat"},"content":{"rendered":"<div class=\"product-specs-list-container\">\n<ul class=\"product-specs-list util-clearfix\">\n<li class=\"product-prop line-limit-length\"><span\n                                        class=\"property-title\">Br\u00e4ndi nimi:&nbsp;<\/span><span\n                                        class=\"property-desc line-limit-length\">HOMCOM<\/span>\n                            <\/li>\n<li class=\"product-prop line-limit-length\"><span\n                                        class=\"property-title\">Omadused:&nbsp;<\/span><span\n                                        class=\"property-desc line-limit-length\">S\u00f5ida edasi<\/span>\n                            <\/li>\n<li class=\"product-prop line-limit-length\"><span\n                                        class=\"property-title\">Sertifikaat:&nbsp;<\/span><span\n                                        class=\"property-desc line-limit-length\"><\/span>\n                            <\/li>\n<\/ul><\/div>\n<div class=\"detailmodule_html\">\n<div class=\"detail-desc-decorate-richtext\">\n<div class=\"detailmodule_html\">\n<div class=\"detail-desc-decorate-richtext\">\n<div>Milline poiss v\u00f5i t\u00fcdruk ei tahaks sellist mootorratast? See on 6 V mootorratas ilusa Vespa disainiga. Sellel on palju funktsioone, mis meenutavad p\u00e4ris mootorratast: LED-esituled, LED-tagatuled, muusika, USB- ja MP3-liides jne. Pisikesed saavad selle mootorrattaga s\u00f5itmist nautida, imiteerides t\u00e4iskasvanuid. Lisaks aitab see m\u00e4nguasi arendada laste tasakaaluoskust, samal ajal kui reisitakse tundide viisi l\u00f5bu ja meelelahutust!<\/p>\n<\/div>\n<div class=\"detailmodule_html\">\n<div class=\"detail-desc-decorate-richtext\">\n<div class=\"lc-1\">\n<div class=\"f-line\">\n<div class=\"fts\">\n<div><strong>Omadused:<\/strong><br \/>\u2022 sobib \u00fcle 3-aastastele lastele<br \/>\u2022 2 abiratast lihtsaks ja ohutuks \u00f5ppimiseks ning kiireks edasiliikumiseks<br \/>\u2022 LED-tuled, multifunktsionaalne mp3-m\u00e4ngija (USB-liides, mp3-liides)<br \/>\u2022 muusikanupud lenksu peal<br \/>\u2022 6 V mootor pakub head tagavedu. Pikk aku t\u00f6\u00f6iga, umbes 45 minutit pidevat kasutamist p\u00e4rast t\u00e4islaadimist<br \/>\u2022 sellel on gaasipedaali ja aku n\u00e4idik<br \/>\u2022 ergonoomiline iste lisamugavuse tagamiseks kasutamise ajal<br \/>\u2022 disain ja tootmine kvaliteetsetest materjalidest<br \/>\u2022 sisaldab illustreeritud kokkupanekujuhendit<br \/>\u2022 m\u00e4rkus: soovitatav on kasutada t\u00e4iskasvanu j\u00e4relvalve all ja maastikul<\/p>\n<p><\/div>\n<\/div>\n<\/div>\n<\/div>\n<div class=\"lc-1\">\n<div class=\"f-line\">\n<div class=\"fts\">\n<div><strong>Spetsifikatsioonid:<\/strong><br \/>\u2022 v\u00e4rv: valge<br \/>\u2022 materjal: metall ja PP<br \/>\u2022 \u00fcldm\u00f5\u00f5tmed: 102 \u00d7 50,5 \u00d7 75,5 cm (p \u00d7 l \u00d7 k)<br \/>\u2022 ratta suurus: \u0444 23 \u00d7 7,5 cm (s x l)<br \/>\u2022 kiirus: 3 km\/h<br \/>\u2022 laadimisaeg: 8\u201312 tundi<br \/>\u2022 pidev t\u00f6\u00f6aeg (t\u00e4iskoormusega): 45 min<br \/>\u2022 1 x aku: 6v, 4,5ah<br \/>\u2022 laadija: 6v, 500mA<br \/>\u2022 netokaal: 9 kg<br \/>\u2022 maksimaalne kandev\u00f5ime: 30 kg<br \/>\u2022 viitenumber: 370-056wt<\/p>\n<p><\/div>\n<\/div>\n<\/div>\n<\/div>\n<div><img decoding=\"async\" width=\"1000    \" height=\"35\" src=\"https:\/\/ae01.alicdn.com\/kf\/HTB1KhgjkfiSBuNkSnhJq6zDcpXaR.jpg\" slate-data-type=\"image\"><\/div>\n<div class=\"content01\">\n<div class=\"content_img\"><img decoding=\"async\" width=\"1000\" src=\"https:\/\/ae01.alicdn.com\/kf\/H457e9c1eb0974c0b8b3bf67c52b90c49b.jpg\" slate-data-type=\"image\"><\/div>\n<div class=\"content_img\"><img decoding=\"async\" width=\"1000\" src=\"https:\/\/ae01.alicdn.com\/kf\/Hadd6da9afe684c2f9e7fd056d7442f60L.jpg\" slate-data-type=\"image\"><\/div>\n<div class=\"content_img\"><img decoding=\"async\" width=\"1000\" src=\"https:\/\/ae01.alicdn.com\/kf\/Hfef0079999114ff7b8c90a1babe10782b.jpg\" slate-data-type=\"image\"><\/div>\n<div class=\"content_img\"><img decoding=\"async\" width=\"1000\" src=\"https:\/\/ae01.alicdn.com\/kf\/H8cf715138298418b9df8ad8aa24f010fX.jpg\" slate-data-type=\"image\"><\/div>\n<div class=\"content_img\"><img decoding=\"async\" width=\"1000\" src=\"https:\/\/ae01.alicdn.com\/kf\/H0c9561b7888241fc87ecc1faa2fde219D.jpg\" slate-data-type=\"image\"><\/div>\n<div class=\"content_img\"><img decoding=\"async\" width=\"1000\" src=\"https:\/\/ae01.alicdn.com\/kf\/Hdc550bae15ed490090cfc58fd425ac00w.jpg\" slate-data-type=\"image\"><\/div>\n<div class=\"content_img\"><img decoding=\"async\" width=\"1000\" src=\"https:\/\/gsp.aliexpress.com\/apps\/product\/publish?spm=5261.ProductManageOnline.0.0.15744edfeo3LUe&amp;productId=1005002294169068\" slate-data-type=\"image\"><\/div>\n<div class=\"content_img\"><img decoding=\"async\" width=\"1000\" src=\"https:\/\/gsp.aliexpress.com\/apps\/product\/publish?spm=5261.ProductManageOnline.0.0.15744edfeo3LUe&amp;productId=1005002294169068\" slate-data-type=\"image\"><\/div>\n<\/div>\n<div><img fetchpriority=\"high\" decoding=\"async\" width=\"1000\" height=\"1881\" src=\"https:\/\/ae01.alicdn.com\/kf\/HTB1i.OtVMHqK1RjSZFkq6x.WFXaT.jpg\" slate-data-type=\"image\"><\/div>\n<\/div>\n<\/div>\n<p><\/p>\n<\/div>\n<\/div>\n<\/div>\n<\/div>","protected":false},"excerpt":{"rendered":"<p>Brand Name:&nbsp;HOMCOM Features:&nbsp;Ride On Certificate:&nbsp; What boy or girl&#8217;t want a motorcycle like this?It is a 6v motorcycle with a beautiful vespa design.It has many features to approach real motorcycle:<\/p>","protected":false},"featured_media":24648,"comment_status":"open","ping_status":"closed","template":"","meta":{"_acf_changed":false},"product_brand":[],"product_cat":[313],"product_tag":[],"class_list":{"0":"post-24647","1":"product","2":"type-product","3":"status-publish","4":"has-post-thumbnail","6":"product_cat-electric-children-motorbikes","8":"first","9":"instock","10":"shipping-taxable","11":"purchasable","12":"product-type-variable"},"acf":[],"_links":{"self":[{"href":"https:\/\/electricstore.eu\/et\/wp-json\/wp\/v2\/product\/24647","targetHints":{"allow":["GET"]}}],"collection":[{"href":"https:\/\/electricstore.eu\/et\/wp-json\/wp\/v2\/product"}],"about":[{"href":"https:\/\/electricstore.eu\/et\/wp-json\/wp\/v2\/types\/product"}],"replies":[{"embeddable":true,"href":"https:\/\/electricstore.eu\/et\/wp-json\/wp\/v2\/comments?post=24647"}],"wp:featuredmedia":[{"embeddable":true,"href":"https:\/\/electricstore.eu\/et\/wp-json\/wp\/v2\/media\/24648"}],"wp:attachment":[{"href":"https:\/\/electricstore.eu\/et\/wp-json\/wp\/v2\/media?parent=24647"}],"wp:term":[{"taxonomy":"product_brand","embeddable":true,"href":"https:\/\/electricstore.eu\/et\/wp-json\/wp\/v2\/product_brand?post=24647"},{"taxonomy":"product_cat","embeddable":true,"href":"https:\/\/electricstore.eu\/et\/wp-json\/wp\/v2\/product_cat?post=24647"},{"taxonomy":"product_tag","embeddable":true,"href":"https:\/\/electricstore.eu\/et\/wp-json\/wp\/v2\/product_tag?post=24647"}],"curies":[{"name":"wp","href":"https:\/\/api.w.org\/{rel}","templated":true}]}}