{"id":24626,"date":"2025-05-20T18:41:10","date_gmt":"2025-05-20T18:41:10","guid":{"rendered":"https:\/\/electricstore.eu\/p\/uncategorized\/homcom-electric-quad-for-children-18-36-months-6v-advance-reverse-72x40x455cm\/"},"modified":"2025-05-20T18:41:22","modified_gmt":"2025-05-20T18:41:22","slug":"homcom-electric-quad-for-children-18-36-months-6v-advance-reverse-72x40x455cm","status":"publish","type":"product","link":"https:\/\/electricstore.eu\/et\/p\/o\/homcom-electric-quad-for-children-18-36-months-6v-advance-reverse-72x40x455cm\/","title":{"rendered":"HOMCOM elektriline neljarattaline lastele vanuses 18-36 kuud 6V Advance Reverse 72x40x45,5cm"},"content":{"rendered":"<div class=\"product-specs-list-container\">\n<ul class=\"product-specs-list util-clearfix\">\n<li class=\"product-prop line-limit-length\"><span\n                                        class=\"property-title\">Br\u00e4ndi nimi:&nbsp;<\/span><span\n                                        class=\"property-desc line-limit-length\">HOMCOM<\/span>\n                            <\/li>\n<li class=\"product-prop line-limit-length\"><span\n                                        class=\"property-title\">Omadused:&nbsp;<\/span><span\n                                        class=\"property-desc line-limit-length\">S\u00f5ida edasi<\/span>\n                            <\/li>\n<\/ul><\/div>\n<div class=\"detailmodule_html\">\n<div class=\"detail-desc-decorate-richtext\">\n<p>Kas oled n\u00e4inud seda HOMCOMi elektrilist ATV-d? See on hea viis pisikestele \u00f5ues aega veeta. Kuni 50-minutilise s\u00f5iduulatusega p\u00e4rast t\u00e4islaadimist saavad nad oma lemmikpaikades p\u00e4ris autojuhtidena ringi liikuda. Nelja suure ratta, mugava lenksu ja edasi-tagasi liikumise nupuga pakub see akutoitel s\u00f5iduk k\u00f5ige realistlikumat s\u00f5idukogemust, et lapsed saaksid suurep\u00e4raselt aega veeta.<\/p>\n<div class=\"detailmodule_html\">\n<div class=\"detail-desc-decorate-richtext\">\n<div style=\"overflow:visible;height:auto\" class=\"lc-1\">\n<div class=\"f-line\">\n<div class=\"fts\">\n<div>\u00a0<\/div>\n<\/div>\n<\/div>\n<\/div>\n<div class=\"lc-1\">\n<div class=\"f-line\">\n<div class=\"fts\">\n<div><strong>Omadused:<\/strong><\/div>\n<div>\u25cf Elektriline lastes\u00f5iduk v\u00e4ga realistliku disaini ja ohutu kiirusega 2,8\u20134,6 km\/h;<\/div>\n<div>\u25cf Lihtne kasutada, edasi- ja tagasik\u00e4igu nupud k\u00e4epideme l\u00e4hedal;<\/div>\n<div>\u25cf 4 eriti laia rehvi ohutuks ja sujuvaks s\u00f5iduks;<\/div>\n<div>\u25cf P\u00e4rast t\u00e4islaadimist on selle t\u00f6\u00f6iga kuni 50 minutit;<\/div>\n<div>\u25cf Sellel on auto esiosas konks, nii et kui aku saab t\u00fchjaks v\u00f5i laps v\u00e4sib ATV-ga s\u00f5itmisest, saab seda vedada;<\/div>\n<div>\u25cf Paigaldamine on vajalik;<\/div>\n<div>\u25cf T\u00e4htis: Kasutage alati t\u00e4iskasvanu j\u00e4relvalve all;<\/div>\n<div><\/div>\n<\/div>\n<\/div>\n<\/div>\n<div class=\"lc-1\">\n<div class=\"f-line\">\n<div class=\"fts\">\n<div><strong>Spetsifikatsioonid:<\/strong><\/div>\n<\/div>\n<\/div>\n<\/div>\n<\/div>\n<\/div>\n<p>\u25cf V\u00e4rv: Roosa;<\/p>\n<p>\u25cf Materjal: PP ja metall;<\/p>\n<p>\u25cf Kogum\u00f5\u00f5tmed: 72x40x45,5 cm (PxANxAL);<\/p>\n<p>\u25cf Istme m\u00f5\u00f5dud: 31,5x15x30 cm (PxKxK);<\/p>\n<p>\u25cf Ratta l\u00e4bim\u00f5\u00f5t: \u00d8 19,5 cm;<\/p>\n<p>\u25cf Aku: 6V, 4,5A;<\/p>\n<p>\u25cf Laadija: 6V, 500MA;<\/p>\n<p>\u25cf Laadimisaeg: 8\u201312 tundi;<\/p>\n<p>\u25cf Aku t\u00f6\u00f6iga: 50 minutit;<\/p>\n<p>\u25cf Maksimaalne kiirus: 2,8\u20134,6 km\/h;<\/p>\n<p>\u25cf Soovitatav vanus: 18\u201336 kuud;<\/p>\n<p>\u25cf Maksimaalne toetatav kaal: 20 kg;<\/p>\n<p>\u25cf Sertifikaadid: EN71-1.2.3 ja EN62115;<\/p>\n<p>\u25cf Viide: 370-166V90PK;<\/p>\n<div class=\"detailmodule_html\">\n<div class=\"detail-desc-decorate-richtext\">\n<div class=\"lc-1\">\n<div class=\"f-line\">\n<div class=\"fts\">\n<div><img decoding=\"async\" width=\"1000    \" height=\"35\" src=\"https:\/\/ae01.alicdn.com\/kf\/HTB1KhgjkfiSBuNkSnhJq6zDcpXaR.jpg\" slate-data-type=\"image\"\/><\/div>\n<\/div>\n<\/div>\n<\/div>\n<\/div>\n<\/div>\n<p><img decoding=\"async\" src=\"https:\/\/ae01.alicdn.com\/kf\/S2695d8ea214049228bd1bd8d40b65a45t.jpg\" slate-data-type=\"image\"\/><img decoding=\"async\" src=\"https:\/\/ae01.alicdn.com\/kf\/Se9cba31ec7404a47ac5c51a54c1d3b19p.jpg\" slate-data-type=\"image\"\/><img decoding=\"async\" src=\"https:\/\/ae01.alicdn.com\/kf\/S220f86688bdc47d78e070fcef5e64ce09.jpg\" slate-data-type=\"image\"\/><img decoding=\"async\" src=\"https:\/\/ae01.alicdn.com\/kf\/S2c4775c9cb9d4583acacc67115bead4bs.jpg\" slate-data-type=\"image\"\/><\/p>\n<div class=\"detailmodule_html\">\n<div class=\"detail-desc-decorate-richtext\">\n<div><img fetchpriority=\"high\" decoding=\"async\" width=\"1000\" height=\"1881\" src=\"https:\/\/ae01.alicdn.com\/kf\/Ua8ece3e103ed470793ec3cb15da8a01fz.jpg\" slate-data-type=\"image\"\/><\/div>\n<\/div>\n<\/div>\n<p><\/p>\n<\/div>\n<\/div>","protected":false},"excerpt":{"rendered":"<p>Brand Name:&nbsp;HOMCOM Features:&nbsp;Ride On Have You Seen This HOMCOM electric quad? It is a good way for the little ones to enjoy outdoors. With a range of up to 50<\/p>","protected":false},"featured_media":24628,"comment_status":"open","ping_status":"closed","template":"","meta":{"_acf_changed":false},"product_brand":[],"product_cat":[15],"product_tag":[],"class_list":{"0":"post-24626","1":"product","2":"type-product","3":"status-publish","4":"has-post-thumbnail","6":"product_cat-o","8":"first","9":"instock","10":"shipping-taxable","11":"purchasable","12":"product-type-variable"},"acf":[],"_links":{"self":[{"href":"https:\/\/electricstore.eu\/et\/wp-json\/wp\/v2\/product\/24626","targetHints":{"allow":["GET"]}}],"collection":[{"href":"https:\/\/electricstore.eu\/et\/wp-json\/wp\/v2\/product"}],"about":[{"href":"https:\/\/electricstore.eu\/et\/wp-json\/wp\/v2\/types\/product"}],"replies":[{"embeddable":true,"href":"https:\/\/electricstore.eu\/et\/wp-json\/wp\/v2\/comments?post=24626"}],"wp:featuredmedia":[{"embeddable":true,"href":"https:\/\/electricstore.eu\/et\/wp-json\/wp\/v2\/media\/24628"}],"wp:attachment":[{"href":"https:\/\/electricstore.eu\/et\/wp-json\/wp\/v2\/media?parent=24626"}],"wp:term":[{"taxonomy":"product_brand","embeddable":true,"href":"https:\/\/electricstore.eu\/et\/wp-json\/wp\/v2\/product_brand?post=24626"},{"taxonomy":"product_cat","embeddable":true,"href":"https:\/\/electricstore.eu\/et\/wp-json\/wp\/v2\/product_cat?post=24626"},{"taxonomy":"product_tag","embeddable":true,"href":"https:\/\/electricstore.eu\/et\/wp-json\/wp\/v2\/product_tag?post=24626"}],"curies":[{"name":"wp","href":"https:\/\/api.w.org\/{rel}","templated":true}]}}