{"id":21842,"date":"2025-05-20T18:27:30","date_gmt":"2025-05-20T18:27:30","guid":{"rendered":"https:\/\/electricstore.eu\/p\/uncategorized\/motorcycle-lift-hydraulic-motorcycle-jack-680kg-jack-motorbike-lift-portable-motorcycle-lift-table-w-4-wheels\/"},"modified":"2025-05-20T18:27:46","modified_gmt":"2025-05-20T18:27:46","slug":"motorcycle-lift-hydraulic-motorcycle-jack-680kg-jack-motorbike-lift-portable-motorcycle-lift-table-w-4-wheels","status":"publish","type":"product","link":"https:\/\/www.electricstore.eu\/et\/p\/a\/motorcycle-lift-hydraulic-motorcycle-jack-680kg-jack-motorbike-lift-portable-motorcycle-lift-table-w-4-wheels\/","title":{"rendered":"Mootorratta t\u00f5stuk h\u00fcdrauliline mootorratta tungraud 680kg tungraud mootorratta t\u00f5stuk kaasaskantav mootorratta t\u00f5stelaud 4 rattaga"},"content":{"rendered":"<div class=\"product-specs-list-container\">\n<ul class=\"product-specs-list util-clearfix\">\n<li class=\"product-prop line-limit-length\"><span\n                                        class=\"property-title\">K\u00f5rge riskiga kemikaal:&nbsp;<\/span><span\n                                        class=\"property-desc line-limit-length\">Puudub<\/span>\n                            <\/li>\n<li class=\"product-prop line-limit-length\"><span\n                                        class=\"property-title\">P\u00e4ritolu:&nbsp;<\/span><span\n                                        class=\"property-desc line-limit-length\">Mandri-Hiina<\/span>\n                            <\/li>\n<\/ul><\/div>\n<p><img decoding=\"async\" src=\"https:\/\/ae01.alicdn.com\/kf\/S388cd948c765441eba4b4a790bc20050t.jpg\" slate-data-type=\"image\"\/><img decoding=\"async\" src=\"https:\/\/ae01.alicdn.com\/kf\/S153e5d01bffc4765a00a7b590a16b315j.jpg\" slate-data-type=\"image\"\/><img decoding=\"async\" src=\"https:\/\/ae01.alicdn.com\/kf\/S2826f140a1684c30ab1fba946a65490am.jpg\" slate-data-type=\"image\"\/><img decoding=\"async\" src=\"https:\/\/ae01.alicdn.com\/kf\/Sdde7e85cff54408abaa8395a56cc0e02C.jpg\" slate-data-type=\"image\"\/><img decoding=\"async\" src=\"https:\/\/ae01.alicdn.com\/kf\/S490fcd5f13734c52a813746729e56770W.jpg\" slate-data-type=\"image\"\/><img decoding=\"async\" src=\"https:\/\/ae01.alicdn.com\/kf\/S25f78e25eda24ea9be14785e9edf8168m.jpg\" slate-data-type=\"image\"\/><img decoding=\"async\" src=\"https:\/\/ae01.alicdn.com\/kf\/Sa60a07e5ebaf4635bfd4f08d25a2d998P.jpg\" slate-data-type=\"image\"\/><img decoding=\"async\" src=\"https:\/\/ae01.alicdn.com\/kf\/S10a0a96e5feb418c968d247754594077A.jpg\" slate-data-type=\"image\"\/><img decoding=\"async\" src=\"https:\/\/ae01.alicdn.com\/kf\/S1f5d7508c61447ceb88e64a6eae06a73y.jpg\" slate-data-type=\"image\"\/><img decoding=\"async\" src=\"https:\/\/ae01.alicdn.com\/kf\/S6a357fb28d144b49bbeb53029998fc477.jpg\" slate-data-type=\"image\"\/><img decoding=\"async\" src=\"https:\/\/ae01.alicdn.com\/kf\/Sdfb018ae735746a99062f6c8729794987.jpg\" slate-data-type=\"image\"\/><img decoding=\"async\" src=\"https:\/\/ae01.alicdn.com\/kf\/Sc9004cde1b144c669419972fd78af669G.jpg\" slate-data-type=\"image\"\/><img decoding=\"async\" src=\"https:\/\/ae01.alicdn.com\/kf\/S64506aa2a5e7460184d9ab9ed20676533.jpg\" slate-data-type=\"image\"\/><img decoding=\"async\" src=\"https:\/\/ae01.alicdn.com\/kf\/S8c9290b0f4f34116b90de910bcfc4a32g.jpg\" slate-data-type=\"image\"\/><img decoding=\"async\" src=\"https:\/\/ae01.alicdn.com\/kf\/S17aca4d2079f4cf29117ce53fc6a33d0S.jpg\" slate-data-type=\"image\"\/><img decoding=\"async\" src=\"https:\/\/ae01.alicdn.com\/kf\/Sbd35952685b34e04a813955440de9970C.jpg\" slate-data-type=\"image\"\/><img decoding=\"async\" src=\"https:\/\/ae01.alicdn.com\/kf\/Sbe0cde4b5d3e472c987363e342711eacD.jpg\" slate-data-type=\"image\"\/><img decoding=\"async\" src=\"https:\/\/ae01.alicdn.com\/kf\/S43331f6910c14635b030f08641cfa593H.jpg\" slate-data-type=\"image\"\/><img decoding=\"async\" src=\"https:\/\/ae01.alicdn.com\/kf\/Sfb6e12918b7845118c3677d1551c7466t.jpg\" slate-data-type=\"image\"\/><img decoding=\"async\" src=\"https:\/\/ae01.alicdn.com\/kf\/S2a4b52a547db429d96c926d551166388v.jpg\" slate-data-type=\"image\"\/><img decoding=\"async\" src=\"https:\/\/ae01.alicdn.com\/kf\/S612a1e37351b4caba0b947670d19b803z.jpg\" slate-data-type=\"image\"\/><img decoding=\"async\" src=\"https:\/\/ae01.alicdn.com\/kf\/S3f0a340070fc41b784f5acc25b4564edF.jpg\" slate-data-type=\"image\"\/><img decoding=\"async\" src=\"https:\/\/ae01.alicdn.com\/kf\/S58396ccb3d8e42fbba779b3b9e2c7bbdr.jpg\" slate-data-type=\"image\"\/><img decoding=\"async\" src=\"https:\/\/ae01.alicdn.com\/kf\/S727dc45ae01245a991c9252a525af273P.jpg\" slate-data-type=\"image\"\/><\/p>\n<p><strong><span style=\"color:rgb(0, 0, 0);font-size:15pt;font-family:&quot;Times New Roman&quot;\">Kirjeldus<\/span><\/strong><\/p>\n<p><\/p>\n<p class=\"MsoNormal\"><span style=\"color:rgb(0, 0, 0);font-size:12pt;font-family:&quot;Times New Roman&quot;\">See mootorratta h\u00fcdrauliline t\u00f5stuk on hea abiline teie garaa\u017eis, kuna see on valmistatud kvaliteetsetest materjalidest ja peenest viimistlusest. Suur kandev\u00f5ime ja esmaklassiline h\u00fcdraulika\u00f5li pump aitavad teil mootorratast h\u00f5lpsalt \u00f5igele t\u00f6\u00f6k\u00f5rgusele t\u00f5sta, muutes mootorratta remondi- ja hooldust\u00f6\u00f6de tegemise mugavaks. Selle mootorratta h\u00fcdraulilise t\u00f5stuki omamine parandab oluliselt teie t\u00f6\u00f6 efektiivsust.<\/span><\/p>\n<p><\/p>\n<p class=\"MsoNormal\"><strong><span style=\"color:rgb(0, 0, 0);font-size:15pt;font-family:&quot;Times New Roman&quot;\">Peamised omadused<\/span><\/strong><\/p>\n<p class=\"MsoNormal\"><strong><span style=\"color:rgb(0, 0, 0);font-size:12pt;font-family:&quot;Times New Roman&quot;\">Ehita kestma: <\/span><\/strong><span style=\"color:rgb(0, 0, 0);font-size:12pt;font-family:&quot;Times New Roman&quot;\">See on peamiselt valmistatud kvaliteetsest rauast ja pinda t\u00f6\u00f6deldakse plastpihustamise teel, mis on <\/span><span style=\"background-color:rgb(236, 178, 215);color:rgb(0, 0, 0);font-size:12pt;font-family:&quot;Times New Roman&quot;\">kulumiskindel<\/span><span style=\"color:rgb(0, 0, 0);font-size:12pt;font-family:&quot;Times New Roman&quot;\">\u00a0ja <\/span><span style=\"background-color:rgb(236, 178, 215);color:rgb(0, 0, 0);font-size:12pt;font-family:&quot;Times New Roman&quot;\">korrosioonikindel<\/span><span style=\"color:rgb(0, 0, 0);font-size:12pt;font-family:&quot;Times New Roman&quot;\">\u00a0pika kasutusea tagamiseks.<\/span><\/p>\n<p><\/p>\n<p class=\"MsoNormal\"><strong><span style=\"color:rgb(17, 17, 17);font-size:12pt;font-family:&quot;Times New Roman&quot;\">Suur kandev\u00f5ime: <\/span><\/strong><span style=\"color:rgb(17, 17, 17);font-size:12pt;font-family:&quot;Times New Roman&quot;\">Kvaliteetsed raudtorud annavad sellele hea kandev\u00f5ime 1500 naela (723 kg) ja suudavad stabiilselt t\u00f5sta erineva raskusega mootorrattaid.<\/span><\/p>\n<p><\/p>\n<p class=\"MsoNormal\"><strong><span style=\"color:rgb(17, 17, 17);font-size:12pt;font-family:&quot;Times New Roman&quot;\">Lihtne toimimine:<\/span><\/strong><span style=\"color:rgb(17, 17, 17);font-size:12pt;font-family:&quot;Times New Roman&quot;\">\u00a0Pikk k\u00e4epide (22,64 tolli) v\u00f5imaldab teil seda h\u00f5lpsalt isegi seistes kasutada. <\/span><span style=\"background-color:rgb(236, 178, 215);color:rgb(17, 17, 17);font-size:12pt;font-family:&quot;Times New Roman&quot;\">libisemisvastane<\/span><span style=\"color:rgb(17, 17, 17);font-size:12pt;font-family:&quot;Times New Roman&quot;\">\u00a0pedaal ja kvaliteetne h\u00fcdraulika\u00f5li pump aitavad teil mootorratast t\u00f5sta <\/span><span style=\"color:rgb(0, 0, 0);font-size:12pt;font-family:&quot;Times New Roman&quot;\">4,53\u201314,37 tolli<\/span><span style=\"color:rgb(17, 17, 17);font-size:12pt;font-family:&quot;Times New Roman&quot;\">, mis v\u00f5imaldab teil alustada remondit\u00f6id ilma liiga palju aega ja vaeva kulutamata. <\/span><\/p>\n<p><\/p>\n<p class=\"MsoNormal\"><strong><span style=\"color:rgb(0, 0, 0);font-size:12pt;font-family:&quot;Times New Roman&quot;\">Lihtne liigutada: <\/span><\/strong><span style=\"color:rgb(0, 0, 0);font-size:12pt;font-family:&quot;Times New Roman&quot;\">Kaks sirgelt jooksvat ratast ja kaks universaalratast v\u00f5imaldavad sellel sujuvalt liikuda k\u00f5ikjale, kuhu vaja.<\/span><\/p>\n<p><\/p>\n<p class=\"MsoNormal\"><strong><span style=\"color:rgb(17, 17, 17);font-size:12pt;font-family:&quot;Times New Roman&quot;\">K\u00f5rge ohutus: <\/span><\/strong><span style=\"color:rgb(17, 17, 17);font-size:12pt;font-family:&quot;Times New Roman&quot;\">See on varustatud kolmepositsiooniliste turvatihvtidega, mis suudavad mootorratta vajalikule k\u00f5rgusele fikseerida ja stabiilsust suurendada. Kummist t\u00f6\u00f6pinna pind on tekstuurse disainiga, mis aitab t\u00f5husalt v\u00e4ltida libisemist ja parandada kasutusohutust.<\/span><\/p>\n<p><\/p>\n<p class=\"MsoNormal\"><strong><span style=\"color:rgb(0, 0, 0);font-size:12pt;font-family:&quot;Times New Roman&quot;\">Ruumis\u00e4\u00e4stlik disain: <\/span><\/strong><span style=\"color:rgb(0, 0, 0);font-size:12pt;font-family:&quot;Times New Roman&quot;\">Ruumi kokkuhoiuks saab selle mittekasutamisel peaaegu p\u00f5randatasemele langetada ja selle kompaktne suurus (30,71 * 13,78 * 33,27 tolli) ei v\u00f5ta palju ruumi. <\/span><\/p>\n<p><\/p>\n<p class=\"MsoNormal\"><strong><span style=\"color:rgb(0, 0, 0);font-size:12pt;font-family:&quot;Times New Roman&quot;\">Kaitsepakett: <\/span><\/strong><span style=\"color:rgb(0, 0, 0);font-size:12pt;font-family:&quot;Times New Roman&quot;\">Toote transportimise ajal kahjustuste ja l\u00f6\u00f6kide v\u00e4ltimiseks pakkisime selle kilekotti ja karpi, et teie tooteid maksimaalselt kaitsta.<\/span><\/p>\n<p><\/p>\n<p class=\"MsoNormal\"><strong><span style=\"color:rgb(14, 16, 26);font-size:12pt;font-family:&quot;Times New Roman&quot;\">Klienditeenindus: <\/span><\/strong><span style=\"color:rgb(14, 16, 26);font-size:12pt;font-family:&quot;Times New Roman&quot;\">Suhtlemine on parim viis probleemide lahendamiseks. <\/span><span style=\"background-color:rgb(236, 178, 215);color:rgb(14, 16, 26);font-size:12pt;font-family:&quot;Times New Roman&quot;\">Kui teil on probleeme, v\u00f5tke meiega julgelt \u00fchendust. Vastame ja lahendame probleemi teie jaoks esimesel v\u00f5imalusel.<\/span><\/p>\n<p><\/p>\n<p class=\"MsoNormal\"><strong><span style=\"color:rgb(0, 0, 0);font-size:15pt;font-family:&quot;Times New Roman&quot;\">Detailid <\/span><\/strong><\/p>\n<p class=\"MsoNormal\"><strong><span style=\"background-color:rgb(236, 178, 215);color:rgb(14, 16, 26);font-size:12pt;font-family:&quot;Times New Roman&quot;\">Libisemiskindel<\/span><\/strong><strong><span style=\"color:rgb(0, 0, 0);font-size:12pt;font-family:&quot;Times New Roman&quot;\">\u00a0K\u00e4epide:<\/span><\/strong><span style=\"color:rgb(0, 0, 0);font-size:12pt;font-family:&quot;Times New Roman&quot;\">\u00a0K\u00e4epideme kummist kaitsekate on mugav ja kergesti haaratav ning tekstuuriga disain hoiab \u00e4ra libisemise kasutamise ajal, parandades ohutust.<\/span><\/p>\n<p><\/p>\n<p class=\"MsoNormal\"><strong><span style=\"font-size:12pt;font-family:&quot;Times New Roman&quot;\">Topelt risttala: <\/span><\/strong><span style=\"font-size:12pt;font-family:&quot;Times New Roman&quot;\">Tugevdatud risttalad suurendavad selle \u00fcldist stabiilsust ja parandavad tuge, muutes remondiprotsessi ohutuks ja t\u00f5husaks.<\/span><\/p>\n<p><\/p>\n<p class=\"MsoNormal\"><strong><span style=\"font-size:12pt;font-family:&quot;Times New Roman&quot;\">Kinnituspolt:<\/span><\/strong><span style=\"font-size:12pt;font-family:&quot;Times New Roman&quot;\">\u00a0See saab reguleerida nurka ja k\u00f5rgust vastavalt maapinna tingimustele, et rahuldada erinevaid kinnitusvajadusi.<\/span><\/p>\n<p><\/p>\n<p class=\"MsoNormal\"><strong><span style=\"color:rgb(0, 0, 0);font-size:15pt;font-family:&quot;Times New Roman&quot;\">Taotlus<\/span><\/strong><\/p>\n<p class=\"MsoNormal\"><span style=\"font-size:12pt;font-family:&quot;Times New Roman&quot;\">See sobib kasutamiseks garaa\u017eis, t\u00f6\u00f6kojas v\u00f5i ringrajal ning sobib mootorrataste, n\u00e4iteks maantee-, ranna- ja seiklusmootorrataste t\u00f5stmiseks.<\/span><\/p>\n<p><\/p>\n<p class=\"MsoNormal\"><strong><span style=\"color:rgb(0, 0, 0);font-size:15pt;font-family:&quot;Times New Roman&quot;\">Spetsifikatsioon<\/span><\/strong><\/p>\n<p class=\"MsoNormal\"><span style=\"color:rgb(0, 0, 0);font-size:12pt;font-family:&quot;Times New Roman&quot;\">V\u00e4rv: must, punane<\/span><\/p>\n<p class=\"MsoNormal\"><span style=\"color:rgb(0, 0, 0);font-size:12pt;font-family:&quot;Times New Roman&quot;\">V\u00f5itluskunst: Raud, Kumm, Plastik<\/span><\/p>\n<p class=\"MsoNormal\"><span style=\"color:rgb(0, 0, 0);font-size:12pt;font-family:&quot;Times New Roman&quot;\">Protsess: Plastist pihustamine, survevalu<\/span><\/p>\n<p class=\"MsoNormal\"><span style=\"color:rgb(0, 0, 0);font-size:12pt;font-family:&quot;Times New Roman&quot;\">Maksimaalne kandev\u00f5ime: 680 kg \/ 1500 naela<\/span><\/p>\n<p class=\"MsoNormal\"><span style=\"color:rgb(0, 0, 0);font-size:12pt;font-family:&quot;Times New Roman&quot;\">T\u00f5steulatus: 115\u2013365 mm \/ 4,53\u201314,37 tolli<\/span><\/p>\n<p class=\"MsoNormal\"><span style=\"color:rgb(0, 0, 0);font-size:12pt;font-family:&quot;Times New Roman&quot;\">K\u00e4epideme pikkus: 57,5 cm \/ 22,64 tolli<\/span><\/p>\n<p class=\"MsoNormal\"><span style=\"font-size:12pt;font-family:&quot;Times New Roman&quot;\">Kummist t\u00f6\u00f6pind<\/span><span style=\"color:rgb(0, 0, 0);font-size:12pt;font-family:&quot;Times New Roman&quot;\">\u00a0Pikkus: 30,5 cm \/ 12 tolli<\/span><\/p>\n<p class=\"MsoNormal\"><span style=\"color:rgb(0, 0, 0);font-size:12pt;font-family:&quot;Times New Roman&quot;\">Toote suurus: 78 * 35 * 84,5 cm \/ 30,71 * 13,78 * 33,27 tolli<\/span><\/p>\n<p class=\"MsoNormal\"><span style=\"color:rgb(0, 0, 0);font-size:12pt;font-family:&quot;Times New Roman&quot;\">Paki suurus: 82 * 43 * 14 cm \/ 32,28 * 16,93 * 5,51 tolli<\/span><\/p>\n<p class=\"MsoNormal\"><span style=\"color:rgb(0, 0, 0);font-size:12pt;font-family:&quot;Times New Roman&quot;\">T\u00e4iskaal: 26,75 kg \/ 58,97 naela<\/span><\/p>\n<p class=\"MsoNormal\"><span style=\"color:rgb(0, 0, 0);font-size:12pt;font-family:&quot;Times New Roman&quot;\">Netokaal: 25,2 kg \/ 55,56 naela<\/span><\/p>\n<p><\/p>\n<p class=\"MsoNormal\"><strong><span style=\"color:rgb(0, 0, 0);font-size:15pt;font-family:&quot;Times New Roman&quot;\">Pakett sisaldab<\/span><\/strong><\/p>\n<p class=\"MsoNormal\"><span style=\"color:rgb(0, 0, 0);font-size:12pt;font-family:&quot;Times New Roman&quot;\">1 * mootorratta h\u00fcdrauliline t\u00f5stuk<\/span><\/p>\n<p class=\"MsoNormal\"><span style=\"color:rgb(0, 0, 0);font-size:12pt;font-family:&quot;Times New Roman&quot;\">1* Inglise keelne kasutusjuhend<\/span><\/p>\n<p class=\"MsoNormal\"><span style=\"color:rgb(0, 0, 0);font-size:12pt;font-family:&quot;Times New Roman&quot;\">Muud paigaldustarvikud \u00a0\u00a0<\/span><\/p>\n<p><\/p>\n<p class=\"MsoNormal\"><strong><span style=\"color:rgb(0, 0, 0);font-size:15pt;font-family:&quot;Times New Roman&quot;\">M\u00e4rkused<\/span><\/strong><\/p>\n<p class=\"MsoNormal\"><span style=\"color:rgb(0, 0, 0);font-size:12pt;font-family:&quot;Times New Roman&quot;\">Palun arvestage pildistamisvalgusest tingitud v\u00e4ikese v\u00e4rvierinevuse ja k\u00e4sitsi m\u00f5\u00f5tmisest tuleneva 1-3 cm veaga ning veenduge enne tellimist, et te ei pane pahaks.<\/span><\/p>","protected":false},"excerpt":{"rendered":"<p>Hign-concerned Chemical:&nbsp;None Origin:&nbsp;Mainland China Description This motorcycle hydraulic lift is a good helper in your garage, which is made of high-quality materials and fine craftsmanship. The high load capacity and<\/p>","protected":false},"featured_media":21843,"comment_status":"open","ping_status":"closed","template":"","meta":{"_acf_changed":false},"product_brand":[],"product_cat":[525],"product_tag":[],"class_list":{"0":"post-21842","1":"product","2":"type-product","3":"status-publish","4":"has-post-thumbnail","6":"product_cat-a","8":"first","9":"instock","10":"shipping-taxable","11":"purchasable","12":"product-type-variable"},"acf":[],"_links":{"self":[{"href":"https:\/\/www.electricstore.eu\/et\/wp-json\/wp\/v2\/product\/21842","targetHints":{"allow":["GET"]}}],"collection":[{"href":"https:\/\/www.electricstore.eu\/et\/wp-json\/wp\/v2\/product"}],"about":[{"href":"https:\/\/www.electricstore.eu\/et\/wp-json\/wp\/v2\/types\/product"}],"replies":[{"embeddable":true,"href":"https:\/\/www.electricstore.eu\/et\/wp-json\/wp\/v2\/comments?post=21842"}],"wp:featuredmedia":[{"embeddable":true,"href":"https:\/\/www.electricstore.eu\/et\/wp-json\/wp\/v2\/media\/21843"}],"wp:attachment":[{"href":"https:\/\/www.electricstore.eu\/et\/wp-json\/wp\/v2\/media?parent=21842"}],"wp:term":[{"taxonomy":"product_brand","embeddable":true,"href":"https:\/\/www.electricstore.eu\/et\/wp-json\/wp\/v2\/product_brand?post=21842"},{"taxonomy":"product_cat","embeddable":true,"href":"https:\/\/www.electricstore.eu\/et\/wp-json\/wp\/v2\/product_cat?post=21842"},{"taxonomy":"product_tag","embeddable":true,"href":"https:\/\/www.electricstore.eu\/et\/wp-json\/wp\/v2\/product_tag?post=21842"}],"curies":[{"name":"wp","href":"https:\/\/api.w.org\/{rel}","templated":true}]}}