{"id":21829,"date":"2025-05-20T18:27:23","date_gmt":"2025-05-20T18:27:23","guid":{"rendered":"https:\/\/electricstore.eu\/p\/uncategorized\/fossibot-f2400-pure-sine-wave-portable-power-station-2048wh-2400w-output-generator-16-output-ports-solar-portable-folding-trolley\/"},"modified":"2025-05-20T18:27:46","modified_gmt":"2025-05-20T18:27:46","slug":"fossibot-f2400-pure-sine-wave-portable-power-station-2048wh-2400w-output-generator-16-output-ports-solar-portable-folding-trolley","status":"publish","type":"product","link":"https:\/\/electricstore.eu\/et\/p\/batteries\/portable-power-stations\/fossibot-f2400-pure-sine-wave-portable-power-station-2048wh-2400w-output-generator-16-output-ports-solar-portable-folding-trolley\/","title":{"rendered":"Fossibot F2400 kaasaskantav siinuslaine elektrijaam 2048Wh 2400W v\u00e4ljundgeneraator 16 v\u00e4ljundporti p\u00e4ikeseenergial t\u00f6\u00f6tav kaasaskantav kokkupandav k\u00e4ru"},"content":{"rendered":"<div class=\"product-specs-list-container\">\n<ul class=\"product-specs-list util-clearfix\">\n<li class=\"product-prop line-limit-length\"><span\n                                        class=\"property-title\">Rakendus:&nbsp;<\/span><span\n                                        class=\"property-desc line-limit-length\">P\u00e4ikeseenergia salvestamine<\/span>\n                            <\/li>\n<li class=\"product-prop line-limit-length\"><span\n                                        class=\"property-title\">Nimimaht:&nbsp;<\/span><span\n                                        class=\"property-desc line-limit-length\">2400W<\/span>\n                            <\/li>\n<li class=\"product-prop line-limit-length\"><span\n                                        class=\"property-title\">Mudelinumber:&nbsp;<\/span><span\n                                        class=\"property-desc line-limit-length\">F2400 fossibot<\/span>\n                            <\/li>\n<li class=\"product-prop line-limit-length\"><span\n                                        class=\"property-title\">T\u00fc\u00fcp:&nbsp;<\/span><span\n                                        class=\"property-desc line-limit-length\">LiFePO4<\/span>\n                            <\/li>\n<li class=\"product-prop line-limit-length\"><span\n                                        class=\"property-title\">Komplekti t\u00fc\u00fcp:&nbsp;<\/span><span\n                                        class=\"property-desc line-limit-length\">Laadija komplektid<\/span>\n                            <\/li>\n<li class=\"product-prop line-limit-length\"><span\n                                        class=\"property-title\">Br\u00e4ndi nimi:&nbsp;<\/span><span\n                                        class=\"property-desc line-limit-length\">fossiilibot<\/span>\n                            <\/li>\n<li class=\"product-prop line-limit-length\"><span\n                                        class=\"property-title\">Mahutavus:&nbsp;<\/span><span\n                                        class=\"property-desc line-limit-length\">2048 Wh \/ 640 000 mA<\/span>\n                            <\/li>\n<li class=\"product-prop line-limit-length\"><span\n                                        class=\"property-title\">Aku t\u00fc\u00fcp:&nbsp;<\/span><span\n                                        class=\"property-desc line-limit-length\">LiFePO4 aku<\/span>\n                            <\/li>\n<li class=\"product-prop line-limit-length\"><span\n                                        class=\"property-title\">Nimisagedus:&nbsp;<\/span><span\n                                        class=\"property-desc line-limit-length\">50Hz\/60Hz<\/span>\n                            <\/li>\n<li class=\"product-prop line-limit-length\"><span\n                                        class=\"property-title\">Package:&nbsp;<\/span><span\n                                        class=\"property-desc line-limit-length\">With Folding Trolley<\/span>\n                            <\/li>\n<li class=\"product-prop line-limit-length\"><span\n                                        class=\"property-title\">LED Lighting:&nbsp;<\/span><span\n                                        class=\"property-desc line-limit-length\">Power 1W, Warm tone<\/span>\n                            <\/li>\n<li class=\"product-prop line-limit-length\"><span\n                                        class=\"property-title\">Vahelduvvoolu v\u00e4ljund:&nbsp;<\/span><span\n                                        class=\"property-desc line-limit-length\">Rated Power 2400W, Pure sine wave<\/span>\n                            <\/li>\n<li class=\"product-prop line-limit-length\"><span\n                                        class=\"property-title\">Omadused 01:&nbsp;<\/span><span\n                                        class=\"property-desc line-limit-length\">Portable power station<\/span>\n                            <\/li>\n<li class=\"product-prop line-limit-length\"><span\n                                        class=\"property-title\">Omadused 02:&nbsp;<\/span><span\n                                        class=\"property-desc line-limit-length\">Yose power<\/span>\n                            <\/li>\n<li class=\"product-prop line-limit-length\"><span\n                                        class=\"property-title\">Omadused 03:&nbsp;<\/span><span\n                                        class=\"property-desc line-limit-length\">Portable camper battery<\/span>\n                            <\/li>\n<li class=\"product-prop line-limit-length\"><span\n                                        class=\"property-title\">Omadused 04:&nbsp;<\/span><span\n                                        class=\"property-desc line-limit-length\">Portable solar power station<\/span>\n                            <\/li>\n<li class=\"product-prop line-limit-length\"><span\n                                        class=\"property-title\">Omadused 05:&nbsp;<\/span><span\n                                        class=\"property-desc line-limit-length\">Portable power station<\/span>\n                            <\/li>\n<li class=\"product-prop line-limit-length\"><span\n                                        class=\"property-title\">Omadused 06:&nbsp;<\/span><span\n                                        class=\"property-desc line-limit-length\">Portalil power station<\/span>\n                            <\/li>\n<\/ul><\/div>\n<div class=\"detailmodule_html\">\n<div class=\"detail-desc-decorate-richtext\">\n<p><\/p>\n<div id=\"nav-description\" class=\"description--wrap--LscZ0He\">\n<div>\n<div class=\"extend--content--VuIQZia\">\n<div>\n<div id=\"product-description\" class=\"description--product-description--Mjtql28\">\n<div class=\"description--origin-part--rWy05pE\">\n<div class=\"detailmodule_html\">\n<div class=\"detail-desc-decorate-richtext\">\n<p><span style=\"font-size:22px\"><strong>Toote esilet\u00f5stmised &gt;&gt;&gt;<\/strong><\/span>:<\/p>\n<p><\/p>\n<ul style=\"font-family:&quot;Microsoft YaHei&quot;;font-size:medium;font-weight:400;letter-spacing:normal;text-align:start;white-space:normal;color:rgb(0, 0, 0);margin-bottom:10px;padding-left:0px\" class=\"clearfix\" align=\"start\">\n<li style=\"font-size:14px;margin-right:10px;padding-left:18px;list-style:none;position:relative\">\n<p><strong>2400W Output, 2048Wh LiFePO4 Battery<\/strong><\/p>\n<\/li>\n<li style=\"font-size:14px;margin-right:10px;padding-left:18px;list-style:none;position:relative\">\n<p>Super large capacity 2048Wh\/640000mAh portable power supply has 2400W rated output. Equipped with 6 AC power sockets, 6 USB output ports, and 4 DC output ports, it can be used for most devices like rice cookers, TVs, electric blankets, electric kettles, hair drums, tools, and even higher power appliances (such as electric stoves, electric microwave ovens) and refrigerator.<\/p>\n<\/li>\n<li style=\"font-size:14px;margin-right:10px;padding-left:18px;list-style:none;position:relative\">\n<p><\/p>\n<\/li>\n<li style=\"font-size:14px;margin-right:10px;padding-left:18px;list-style:none;position:relative\">\n<p><strong>Bidirectional Inverter Technology<\/strong><br \/>FOSSiBOT portable power station adopts the latest bidirectional inverter technology and the perfect combination of intelligent input power adjustment knobs. The input power reaches 1100W and can perform 0-80% charge in 80 minutes, fully charged in 1.78 hours.<\/p>\n<\/li>\n<li style=\"font-size:14px;margin-right:10px;padding-left:18px;list-style:none;position:relative\">\n<p><strong>Intelligent Input Power Adjustment Knob<\/strong><\/p>\n<\/li>\n<li style=\"font-size:14px;margin-right:10px;padding-left:18px;list-style:none;position:relative\">\n<p>F2400 solar power station, with 300W, 500W, 700W, 900W and 1100W input power protection power supply, the charging speed is fully controlled freely, the adjustment knob can keep the input voltage constant, greatly extend the service life of FOSSiBOT F2400, protect your equipment.<\/p>\n<\/li>\n<li style=\"font-size:14px;margin-right:10px;padding-left:18px;list-style:none;position:relative\">\n<p><\/p>\n<\/li>\n<li style=\"font-size:14px;margin-right:10px;padding-left:18px;list-style:none;position:relative\">\n<p><strong>3 laadimismeetodit<\/strong><\/p>\n<\/li>\n<li style=\"font-size:14px;margin-right:10px;padding-left:18px;list-style:none;position:relative\">\n<p>Direct plug-in charging from mains, solar charging, and car charger. If you choose to charge solar energy and mains at the same time, the charging power is up to 1600W input, and you can charge 0-80% in 70 minutes. It can be fully charged in 90 minutes, faster than any other solar generator.<\/p>\n<\/li>\n<\/ul>\n<p><span style=\"font-size:22px\"><strong>Spetsifikatsioon &gt;&gt;&gt;:<\/strong><\/span><\/p>\n<p><\/p>\n<table style=\"border-collapse:collapse;font-family:&quot;Microsoft YaHei&quot;;width:651px\" class=\"jbEidtTable\" border=\"1\" cellpadding=\"5\" cellspacing=\"0\">\n<tbody>\n<tr>\n<td style=\"font-size:14px;text-align:left;width:219.938px\" align=\"left\">\n<p><strong>\u00dcldine<\/strong><\/p>\n<\/td>\n<td style=\"font-size:14px;text-align:left;width:408.062px\" align=\"left\">\n<p>Kaubam\u00e4rk: FOSSiBOT<br \/>Type: Portable power station<br \/>Mudel: F2400<br \/>V\u00e4rv: roheline<\/p>\n<\/td>\n<\/tr>\n<tr>\n<td style=\"font-size:14px;text-align:left;width:219.938px\" align=\"left\">\n<p><strong>Spetsifikatsioon<\/strong><\/p>\n<\/td>\n<td style=\"font-size:14px;text-align:left;width:408.062px\" align=\"left\">\n<p>Aku t\u00fc\u00fcp: LiFePO4 aku<br \/>Mahutavus: 2048 Wh \/ 640 000 mA<br \/>T\u00f6\u00f6temperatuur: 0\u201340 Celsiuse j\u00e4rgi \/ 32\u2013104 Fahrenheiti j\u00e4rgi<br \/>S\u00e4ilitustemperatuur: -10-40 Celsiuse j\u00e4rgi \/ -4-104 Fahrenheiti<br \/>Niiskus: 5%-95%<br \/>Jahutusstrateegia: Ventilaator x 7<br \/>LED-valgustus: v\u00f5imsus 1W, soe toon<\/p>\n<p>Vahelduvvoolu v\u00e4ljund: nimiv\u00f5imsus 2400 W, puhas siinuslaine, 6-pordiline v\u00e4ljund, \u00fclepingevool 4600 W<br \/>Nimisagedus: 50Hz\/60Hz<br \/>V\u00e4ljundpinge: EL 220\u2013240 V vahelduvvool<br \/>Inverter Efficiency: ETH = 90%<br \/>USB-A v\u00e4ljund: QC3.0 x 2 (5V3A\/9V2A\/12V1.5A)<br \/>C-t\u00fc\u00fcpi v\u00e4ljund: PD 20W x 3 100W x 1 (5V3A 9V3A 12V3A 15V3A 20V5A)<\/p>\n<p>Alalisvoolu v\u00e4ljund<br \/>XT60: 12V\/25A x 1<br \/>DC5521: 2 x 12V3A pistikupesa<br \/>Sigaretis\u00fc\u00fctaja: 12V10A pistikupesa x 1<\/p>\n<p>Sisend<br \/>Vahelduvvoolu superlaadimine: 1100 W, EL (vahelduvvool 220\u2013240 V \/ 50 Hz, 10 A), USA\/Jaapani (vahelduvvool 100\u2013120 V 50 Hz \/ 60 Hz, 10 A)<br \/>Solar Charging: 12V-48V\/15A MAX500W<br \/>Auto laadimine: 12V\/8A, 24V\/10A<\/p>\n<\/td>\n<\/tr>\n<tr>\n<td style=\"font-size:14px;text-align:left;width:219.938px\" align=\"left\">\n<p><strong>Kaal ja suurus<\/strong><\/p>\n<\/td>\n<td style=\"font-size:14px;text-align:left;width:408.062px\" align=\"left\">\n<p>Toote kaal: 22 kg<br \/>Paki kaal: 24 kg<br \/>Product Size(L x W x H): 38.6cm x 28.4cm x 32.1cm<br \/>Package Size(L x W x H): 48.4cm x 36.8cm x 44.1cm<\/p>\n<\/td>\n<\/tr>\n<tr>\n<td style=\"font-size:14px;text-align:left;width:219.938px\" align=\"left\">\n<p><strong>Konteinerite pakett<\/strong><\/p>\n<\/td>\n<td style=\"font-size:14px;text-align:left;width:408.062px\" align=\"left\">\n<p>1 x F2400 elektrijaam<br \/>1 x toitejuhe<br \/>1 x s\u00f5iduki laadimiskaabel<br \/>1 x p\u00e4ikeselaadimiskaabel<br \/>1 x kasutusjuhend<\/p>\n<p>1 x Folding trolley<\/p>\n<\/td>\n<\/tr>\n<\/tbody>\n<\/table>\n<p><\/p>\n<p><img decoding=\"async\" src=\"https:\/\/ae01.alicdn.com\/kf\/Sb9669de8797747708a9fd8041a53d8993.jpg\" slate-data-type=\"image\"\/><img decoding=\"async\" src=\"https:\/\/ae01.alicdn.com\/kf\/S882ce0fdd47f415098a95bb09c59420fM.jpg\" slate-data-type=\"image\"\/><img decoding=\"async\" src=\"https:\/\/ae01.alicdn.com\/kf\/S6631c68eb4114dd69641cae247b9d421N.jpg\" slate-data-type=\"image\"\/><img decoding=\"async\" src=\"https:\/\/ae01.alicdn.com\/kf\/S369162acd03f45ddafc9cf654617545fz.jpg\" slate-data-type=\"image\"\/><img decoding=\"async\" src=\"https:\/\/ae01.alicdn.com\/kf\/Sc99d8582579b4d8d8953573d6113c28aL.jpg\" slate-data-type=\"image\"\/><img decoding=\"async\" src=\"https:\/\/ae01.alicdn.com\/kf\/S967a3d37f0ae4ec4a8c0afd21019e9244.jpg\" slate-data-type=\"image\"\/><img decoding=\"async\" src=\"https:\/\/ae01.alicdn.com\/kf\/S0272cc35172546608efcc9af9ee1c7dbh.jpg\" slate-data-type=\"image\"\/><img decoding=\"async\" src=\"https:\/\/ae01.alicdn.com\/kf\/Sc323e7f185654aa790149f69c0708067V.jpg\" slate-data-type=\"image\"\/><img decoding=\"async\" src=\"https:\/\/ae01.alicdn.com\/kf\/S44ee694ac58b43b4b789a9d38056a7335.jpg\" slate-data-type=\"image\"\/><img decoding=\"async\" src=\"https:\/\/ae01.alicdn.com\/kf\/S5e528fc8ff774ff19a0f24edb2f54d9d4.jpg\" slate-data-type=\"image\"\/><img decoding=\"async\" src=\"https:\/\/ae01.alicdn.com\/kf\/S819addc4d72a4c24b25dd4b2fa8fb276p.jpg\" slate-data-type=\"image\"\/><\/p>\n<\/div>\n<\/div>\n<\/div>\n<\/div>\n<\/div>\n<\/div>\n<\/div>\n<\/div>\n<div style=\"margin:32px 0px;margin-bottom:32px;margin-top:32px;margin-left:0px;margin-right:0px\" class=\"comet-v2-divider comet-v2-divider-small split-line--wrap--dVhU29K\"><\/div>\n<p><\/p>\n<\/div>\n<\/div>","protected":false},"excerpt":{"rendered":"<p>Application:&nbsp;Solar Power Storage Nominal Capacity:&nbsp;2400W Model Number:&nbsp;F2400 fossibot Type:&nbsp;LiFePO4 Set Type:&nbsp;Charger Sets Brand Name:&nbsp;fossibot Capacity:&nbsp;2048Wh\/640000mA Battery Type:&nbsp;LiFePO4 battery Rated Frequency:&nbsp;50Hz\/60Hz Package:&nbsp;With Folding Trolley LED Lighting:&nbsp;Power 1W, Warm tone AC Output:&nbsp;Rated<\/p>","protected":false},"featured_media":21830,"comment_status":"open","ping_status":"closed","template":"","meta":{"_acf_changed":false},"product_brand":[],"product_cat":[515],"product_tag":[],"class_list":{"0":"post-21829","1":"product","2":"type-product","3":"status-publish","4":"has-post-thumbnail","6":"product_cat-portable-power-stations","8":"first","9":"instock","10":"shipping-taxable","11":"purchasable","12":"product-type-variable"},"acf":[],"_links":{"self":[{"href":"https:\/\/electricstore.eu\/et\/wp-json\/wp\/v2\/product\/21829","targetHints":{"allow":["GET"]}}],"collection":[{"href":"https:\/\/electricstore.eu\/et\/wp-json\/wp\/v2\/product"}],"about":[{"href":"https:\/\/electricstore.eu\/et\/wp-json\/wp\/v2\/types\/product"}],"replies":[{"embeddable":true,"href":"https:\/\/electricstore.eu\/et\/wp-json\/wp\/v2\/comments?post=21829"}],"wp:featuredmedia":[{"embeddable":true,"href":"https:\/\/electricstore.eu\/et\/wp-json\/wp\/v2\/media\/21830"}],"wp:attachment":[{"href":"https:\/\/electricstore.eu\/et\/wp-json\/wp\/v2\/media?parent=21829"}],"wp:term":[{"taxonomy":"product_brand","embeddable":true,"href":"https:\/\/electricstore.eu\/et\/wp-json\/wp\/v2\/product_brand?post=21829"},{"taxonomy":"product_cat","embeddable":true,"href":"https:\/\/electricstore.eu\/et\/wp-json\/wp\/v2\/product_cat?post=21829"},{"taxonomy":"product_tag","embeddable":true,"href":"https:\/\/electricstore.eu\/et\/wp-json\/wp\/v2\/product_tag?post=21829"}],"curies":[{"name":"wp","href":"https:\/\/api.w.org\/{rel}","templated":true}]}}