{"id":21824,"date":"2025-05-20T18:27:20","date_gmt":"2025-05-20T18:27:20","guid":{"rendered":"https:\/\/electricstore.eu\/p\/uncategorized\/flashfish-tsp18v-60w-foldable-solar-panel-portable-solar-charger-with-dc-outputs-2-usb-outputs\/"},"modified":"2025-05-20T18:27:21","modified_gmt":"2025-05-20T18:27:21","slug":"flashfish-tsp18v-60w-foldable-solar-panel-portable-solar-charger-with-dc-outputs-2-usb-outputs","status":"publish","type":"product","link":"https:\/\/electricstore.eu\/et\/p\/batteries\/foldable-solar-panels\/flashfish-tsp18v-60w-foldable-solar-panel-portable-solar-charger-with-dc-outputs-2-usb-outputs\/","title":{"rendered":"Flashfish TSP18V 60W kokkupandav p\u00e4ikesepaneel, kaasaskantav p\u00e4ikeselaadija alalisvooluv\u00e4ljundite ja 2 USB-v\u00e4ljundiga"},"content":{"rendered":"<div class=\"product-specs-list-container\">\n<ul class=\"product-specs-list util-clearfix\">\n<li class=\"product-prop line-limit-length\"><span\n                                        class=\"property-title\">Br\u00e4nd:&nbsp;<\/span><span\n                                        class=\"property-desc line-limit-length\">Flashfish<\/span>\n                            <\/li>\n<li class=\"product-prop line-limit-length\"><span\n                                        class=\"property-title\">T\u00fc\u00fcp:&nbsp;<\/span><span\n                                        class=\"property-desc line-limit-length\">P\u00e4ikesepaneel<\/span>\n                            <\/li>\n<li class=\"product-prop line-limit-length\"><span\n                                        class=\"property-title\">Mudel:&nbsp;<\/span><span\n                                        class=\"property-desc line-limit-length\">TSP18V60W<\/span>\n                            <\/li>\n<li class=\"product-prop line-limit-length\"><span\n                                        class=\"property-title\">Nimiv\u00f5imsus:&nbsp;<\/span><span\n                                        class=\"property-desc line-limit-length\">60W<\/span>\n                            <\/li>\n<li class=\"product-prop line-limit-length\"><span\n                                        class=\"property-title\">USB-C v\u00e4ljund:&nbsp;<\/span><span\n                                        class=\"property-desc line-limit-length\">Maksimaalselt 45 W<\/span>\n                            <\/li>\n<\/ul><\/div>\n<p style=\"font-family:&quot;Microsoft YaHei&quot;;font-size:medium;font-weight:400;letter-spacing:normal;text-align:start;white-space:normal;color:rgb(0, 0, 0)\" align=\"start\"><strong><span style=\"font-size:x-large\">T\u00e4hts\u00fcndmused<\/span><\/strong><\/p>\n<p><\/p>\n<p style=\"font-family:&quot;Microsoft YaHei&quot;;font-size:medium;font-weight:400;letter-spacing:normal;text-align:start;white-space:normal;color:rgb(0, 0, 0)\" align=\"start\"><span style=\"font-size:14px\"><span style=\"font-family:arial, helvetica, sans-serif\"><strong>Enamiku p\u00e4ikesegeneraatorite alalisvoolu v\u00e4ljund<\/strong><\/span><\/span><span style=\"font-size:14px\"><span style=\"font-family:arial, helvetica, sans-serif\"><br \/>Flashfish 60W kokkupandav p\u00e4ikesepaneel on m\u00f5eldud enamikele p\u00e4ikesegeneraatoritele. Komplektis on DC5521 kaabel Flashfishi 151Wh\/166Wh\/222Wh\/300Wh (m\u00fc\u00fcgil eraldi) ja ROCKPALS 250W\/300W\/350W\/500W kaasaskantava elektrijaama laadimiseks. Lisaks on see varustatud 3 lisapistikuga: 8 mm alalisvooluadapter Goal Zero\/Jackery jaoks, 5,5 \u00d7 2,5 mm alalisvooluadapter Suaoki kaasaskantava generaatori jaoks ja 3,5 \u00d7 1,35 mm pistik.<br \/><\/span><\/span><span style=\"font-size:14px\"><span style=\"font-family:arial, helvetica, sans-serif\"><strong>2 USB-porti p\u00e4ikeselaadija<\/strong><\/span><\/span><span style=\"font-size:14px\"><span style=\"font-family:arial, helvetica, sans-serif\"><br \/>Sellel p\u00e4ikesepaneelil on 1 x USB-C (45 W) ja 1 x USB-A (18 W) v\u00e4ljundport ning USB-C port toetab PD-laadimist. See saab toita teie nutitelefone ja tahvelarvuteid (iPhone, iPad, Samsung Galaxy), GPS-i, digikaameraid jne.<br \/><\/span><\/span><span style=\"font-size:14px\"><span style=\"font-family:arial, helvetica, sans-serif\"><strong>Nutikas laadija<\/strong><\/span><\/span><span style=\"font-size:14px\"><span style=\"font-family:arial, helvetica, sans-serif\"><br \/>Sisseehitatud t\u00e4iustatud kiibiga 60W p\u00e4ikesepaneel pakub laadimise efektiivsust, mis on 30% v\u00f5rra kiirem kui traditsioonilised kontrollerid. See tuvastab teie seadme nutikalt ja maksimeerib selle laadimiskiiruse, kaitstes samal ajal teie seadmeid \u00fclelaadimise ja \u00fclekoormuse eest.<br \/><\/span><\/span><span style=\"font-size:14px\"><span style=\"font-family:arial, helvetica, sans-serif\"><strong>K\u00f5rge efektiivsus<\/strong><\/span><\/span><span style=\"font-size:14px\"><span style=\"font-family:arial, helvetica, sans-serif\"><br \/>See on ehitatud suure t\u00f5hususega p\u00e4ikesepaneelide massiividest ja muundab kuni 21,5\u201323,5% p\u00e4ikeseenergiat vabaks energiaks.<br \/><\/span><\/span><span style=\"font-size:14px\"><span style=\"font-family:arial, helvetica, sans-serif\"><strong>Kokkupandav ja reguleeritav alus<\/strong><\/span><\/span><span style=\"font-size:14px\"><span style=\"font-family:arial, helvetica, sans-serif\"><br \/>P\u00e4ikesepaneel kaalub vaid 4,2 naela ja kokkupandava m\u00f5\u00f5tmetega 17,95 \u00d7 16,41 tolli on seda lihtsam transportida, riputada ja eemaldada. Varustatud kahe tugijalaga, aitab see kasutajatel p\u00e4ikesepaneeli suunda vastavalt p\u00e4ikesevalguse suunale reguleerida, et saada kuni 25% rohkem p\u00e4ikesevalgust kui tasapinnaliselt asetades.<\/span><\/span><\/p>\n<p><\/p>\n<h2 style=\"font-family:&quot;Microsoft YaHei&quot;;font-size:14px;letter-spacing:normal;text-align:start;white-space:normal;color:rgb(0, 0, 0);margin:10px 0px;margin-bottom:10px;margin-top:10px;margin-left:0px;margin-right:0px;padding:0px;padding-bottom:0px;padding-top:0px;padding-left:0px;padding-right:0px\" align=\"start\"><span style=\"font-size:26px\"><strong>Spetsifikatsioon<\/strong><\/span><\/h2>\n<p><\/p>\n<table style=\"border-collapse:collapse;font-family:&quot;Microsoft YaHei&quot;;width:912px\" class=\"jbEidtTable\" border=\"1\" cellpadding=\"5\" cellspacing=\"0\">\n<tbody>\n<tr>\n<td style=\"text-align:left\" align=\"left\">\n<p><span style=\"font-size:14px\"><span style=\"font-family:arial, helvetica, sans-serif\"><strong>\u00dcldine<\/strong><\/span><\/span><\/p>\n<\/td>\n<td style=\"text-align:left\" align=\"left\">\n<p><span style=\"font-size:14px\"><span style=\"font-family:arial, helvetica, sans-serif\">Kaubam\u00e4rk: Flashfish<br \/>T\u00fc\u00fcp: P\u00e4ikesepaneel<br \/>Mudel: TSP18V60W<\/span><\/span><\/p>\n<\/td>\n<\/tr>\n<tr>\n<td style=\"text-align:left\" align=\"left\">\n<p><span style=\"font-size:14px\"><span style=\"font-family:arial, helvetica, sans-serif\"><strong>Spetsifikatsioon<\/strong><\/span><\/span><\/p>\n<\/td>\n<td style=\"text-align:left\" align=\"left\">\n<p><span style=\"font-size:14px\"><span style=\"font-family:arial, helvetica, sans-serif\">Nimiv\u00f5imsus: 60W<br \/>P\u00e4ikeseenergia konversioonim\u00e4\u00e4r: 21,5% -23,5%<br \/>Alalisvoolu v\u00e4ljundpinge: 18 V \/ 3,34 A max<br \/>USB-A v\u00e4ljund (QC3.0): 18 W max<br \/>USB-C v\u00e4ljund: 45W max<br \/>\u00dchilduvad seadmed: kaasaskantav elektrijaam, nutitelefonid, tahvelarvutid, kaamerad jne.<\/span><\/span><\/p>\n<\/td>\n<\/tr>\n<tr>\n<td style=\"text-align:left\" align=\"left\">\n<p><span style=\"font-size:14px\"><span style=\"font-family:arial, helvetica, sans-serif\"><strong>Kaal ja suurus<\/strong><\/span><\/span><\/p>\n<\/td>\n<td style=\"text-align:left\" align=\"left\">\n<p><span style=\"font-size:14px\"><span style=\"font-family:arial, helvetica, sans-serif\">Toote kaal: 1,9 kg<br \/>Paki kaal: 2,5 kg<br \/>Kokkupandult m\u00f5\u00f5tmed (P x L): 45,6 \u00d7 41,7 cm<br \/>Paki suurus (P x L x K): 50x46x6cm<\/span><\/span><\/p>\n<\/td>\n<\/tr>\n<tr>\n<td style=\"text-align:left\" align=\"left\">\n<p><span style=\"font-size:14px\"><span style=\"font-family:arial, helvetica, sans-serif\"><strong>Pakendi sisu<\/strong><\/span><\/span><\/p>\n<\/td>\n<td style=\"text-align:left\" align=\"left\">\n<p><span style=\"font-size:14px\"><span style=\"font-family:arial, helvetica, sans-serif\">1 x 18 V \/ 60 W p\u00e4ikesepaneel<br \/>1 x 18 V alalisvoolukaabel (5,5 \u00d7 2,1 mm)<br \/>1 x 8 mm pistik<br \/>1 x 5,5 \u00d7 2,5 mm pistik<br \/>1 x 3,5 \u00d7 1,35 mm pistik<br \/>1 x kasutusjuhend<\/span><\/span><\/p>\n<\/td>\n<\/tr>\n<\/tbody>\n<\/table>\n<p style=\"font-family:&quot;Microsoft YaHei&quot;;font-size:medium;font-weight:400;letter-spacing:normal;text-align:start;white-space:normal;color:rgb(0, 0, 0)\" align=\"start\"><img decoding=\"async\" src=\"https:\/\/ae01.alicdn.com\/kf\/S55203f2314d845daa45c6547825996bea.jpg\" slate-data-type=\"image\"\/><img decoding=\"async\" src=\"https:\/\/ae01.alicdn.com\/kf\/Scad2934a44eb418d9fa7631cc5dd3fdba.jpg\" slate-data-type=\"image\"\/><img decoding=\"async\" src=\"https:\/\/ae01.alicdn.com\/kf\/S8065f860dccf4c0b9b421d56a4c84f15l.jpg\" slate-data-type=\"image\"\/><img decoding=\"async\" src=\"https:\/\/ae01.alicdn.com\/kf\/S4e9cbb93eff445259f15ba45f5b0c15bP.jpg\" slate-data-type=\"image\"\/><img decoding=\"async\" src=\"https:\/\/ae01.alicdn.com\/kf\/S9301889262594f59822b0ac9521b038a6.jpg\" slate-data-type=\"image\"\/><img decoding=\"async\" src=\"https:\/\/ae01.alicdn.com\/kf\/S36b5f2f0ccee482d91b8a5511aad6049U.jpg\" slate-data-type=\"image\"\/><img decoding=\"async\" src=\"https:\/\/ae01.alicdn.com\/kf\/S44cab78585a44e9497d744abecf62945Q.jpg\" slate-data-type=\"image\"\/><img decoding=\"async\" src=\"https:\/\/ae01.alicdn.com\/kf\/S15bafe700c734fbd8e046fc2b602e14dB.jpg\" slate-data-type=\"image\"\/><img decoding=\"async\" src=\"https:\/\/ae01.alicdn.com\/kf\/S4c75e1997cf64a87ac6de4c1a75cef73j.jpg\" slate-data-type=\"image\"\/><img decoding=\"async\" src=\"https:\/\/ae01.alicdn.com\/kf\/S176a6a29fa1f40afa65654a8e1672d4fl.jpg\" slate-data-type=\"image\"\/><img decoding=\"async\" src=\"https:\/\/ae01.alicdn.com\/kf\/S6d032020a99b42da81b785aaeca4107aQ.jpg\" slate-data-type=\"image\"\/><img decoding=\"async\" src=\"https:\/\/ae01.alicdn.com\/kf\/S6b9acd51a29e46969d81634b2301588ci.jpg\" slate-data-type=\"image\"\/><img decoding=\"async\" src=\"https:\/\/ae01.alicdn.com\/kf\/Sd32c52d50ae140739776590aa6cd9accH.jpg\" slate-data-type=\"image\"\/><\/p>","protected":false},"excerpt":{"rendered":"<p>Brand:&nbsp;Flashfish Type:&nbsp;Solar Panel Model:&nbsp;TSP18V60W Rated Output:&nbsp;60W USB-C Output:&nbsp;45W Max Highlights DC Output for Most Solar GeneratorsFlashfish 60W foldable solar panel is designed for most solar generators. With a DC5521 cable<\/p>","protected":false},"featured_media":21825,"comment_status":"open","ping_status":"closed","template":"","meta":{"_acf_changed":false},"product_brand":[],"product_cat":[531],"product_tag":[],"class_list":{"0":"post-21824","1":"product","2":"type-product","3":"status-publish","4":"has-post-thumbnail","6":"product_cat-foldable-solar-panels","8":"first","9":"instock","10":"shipping-taxable","11":"purchasable","12":"product-type-simple"},"acf":[],"_links":{"self":[{"href":"https:\/\/electricstore.eu\/et\/wp-json\/wp\/v2\/product\/21824","targetHints":{"allow":["GET"]}}],"collection":[{"href":"https:\/\/electricstore.eu\/et\/wp-json\/wp\/v2\/product"}],"about":[{"href":"https:\/\/electricstore.eu\/et\/wp-json\/wp\/v2\/types\/product"}],"replies":[{"embeddable":true,"href":"https:\/\/electricstore.eu\/et\/wp-json\/wp\/v2\/comments?post=21824"}],"wp:featuredmedia":[{"embeddable":true,"href":"https:\/\/electricstore.eu\/et\/wp-json\/wp\/v2\/media\/21825"}],"wp:attachment":[{"href":"https:\/\/electricstore.eu\/et\/wp-json\/wp\/v2\/media?parent=21824"}],"wp:term":[{"taxonomy":"product_brand","embeddable":true,"href":"https:\/\/electricstore.eu\/et\/wp-json\/wp\/v2\/product_brand?post=21824"},{"taxonomy":"product_cat","embeddable":true,"href":"https:\/\/electricstore.eu\/et\/wp-json\/wp\/v2\/product_cat?post=21824"},{"taxonomy":"product_tag","embeddable":true,"href":"https:\/\/electricstore.eu\/et\/wp-json\/wp\/v2\/product_tag?post=21824"}],"curies":[{"name":"wp","href":"https:\/\/api.w.org\/{rel}","templated":true}]}}