{"id":21819,"date":"2025-05-20T18:27:18","date_gmt":"2025-05-20T18:27:18","guid":{"rendered":"https:\/\/electricstore.eu\/p\/uncategorized\/oscal-powermax2400-2400w-1872kwh-portable-power-station-dual-speaker-1-2h-fast-charging-app-control-led-light-16-outputs\/"},"modified":"2025-05-20T18:27:19","modified_gmt":"2025-05-20T18:27:19","slug":"oscal-powermax2400-2400w-1872kwh-portable-power-station-dual-speaker-1-2h-fast-charging-app-control-led-light-16-outputs","status":"publish","type":"product","link":"https:\/\/electricstore.eu\/et\/p\/batteries\/portable-power-stations\/oscal-powermax2400-2400w-1872kwh-portable-power-station-dual-speaker-1-2h-fast-charging-app-control-led-light-16-outputs\/","title":{"rendered":"Oscal PowerMax2400 2400W 1872kWh kaasaskantav elektrijaam, kahe k\u00f5lariga, 1,2-tunnise kiirlaadimisega, rakendusega juhitava LED-tulega, 16 v\u00e4ljundit"},"content":{"rendered":"<div class=\"product-specs-list-container\">\n<ul class=\"product-specs-list util-clearfix\">\n<li class=\"product-prop line-limit-length\"><span\n                                        class=\"property-title\">Rakendus:&nbsp;<\/span><span\n                                        class=\"property-desc line-limit-length\">P\u00e4ikeseenergia salvestamine<\/span>\n                            <\/li>\n<li class=\"product-prop line-limit-length\"><span\n                                        class=\"property-title\">Nimimaht:&nbsp;<\/span><span\n                                        class=\"property-desc line-limit-length\">1872 Wh<\/span>\n                            <\/li>\n<li class=\"product-prop line-limit-length\"><span\n                                        class=\"property-title\">Mudelinumber:&nbsp;<\/span><span\n                                        class=\"property-desc line-limit-length\">PowerMax2400<\/span>\n                            <\/li>\n<li class=\"product-prop line-limit-length\"><span\n                                        class=\"property-title\">T\u00fc\u00fcp:&nbsp;<\/span><span\n                                        class=\"property-desc line-limit-length\">LiFePO4<\/span>\n                            <\/li>\n<li class=\"product-prop line-limit-length\"><span\n                                        class=\"property-title\">Komplekti t\u00fc\u00fcp:&nbsp;<\/span><span\n                                        class=\"property-desc line-limit-length\">Laadija komplektid<\/span>\n                            <\/li>\n<li class=\"product-prop line-limit-length\"><span\n                                        class=\"property-title\">Br\u00e4nd:&nbsp;<\/span><span\n                                        class=\"property-desc line-limit-length\">Oscal<\/span>\n                            <\/li>\n<li class=\"product-prop line-limit-length\"><span\n                                        class=\"property-title\">Mudel:&nbsp;<\/span><span\n                                        class=\"property-desc line-limit-length\">PowerMax2400<\/span>\n                            <\/li>\n<li class=\"product-prop line-limit-length\"><span\n                                        class=\"property-title\">Mahutavus:&nbsp;<\/span><span\n                                        class=\"property-desc line-limit-length\">1872 Wh<\/span>\n                            <\/li>\n<li class=\"product-prop line-limit-length\"><span\n                                        class=\"property-title\">T\u00fc\u00fcp:&nbsp;<\/span><span\n                                        class=\"property-desc line-limit-length\">LiFePO4 (liitiumraudfosfaat)<\/span>\n                            <\/li>\n<li class=\"product-prop line-limit-length\"><span\n                                        class=\"property-title\">Eluts\u00fcklid:&nbsp;<\/span><span\n                                        class=\"property-desc line-limit-length\">3500+ ts\u00fcklit 80% algse mahutavuse saavutamiseks<\/span>\n                            <\/li>\n<li class=\"product-prop line-limit-length\"><span\n                                        class=\"property-title\">V\u00f5imsus:&nbsp;<\/span><span\n                                        class=\"property-desc line-limit-length\">2400W, pingeimpulss: 4800W<\/span>\n                            <\/li>\n<li class=\"product-prop line-limit-length\"><span\n                                        class=\"property-title\">Omadused 01:&nbsp;<\/span><span\n                                        class=\"property-desc line-limit-length\">kaasaskantav elektrijaam<\/span>\n                            <\/li>\n<li class=\"product-prop line-limit-length\"><span\n                                        class=\"property-title\">Omadused 02:&nbsp;<\/span><span\n                                        class=\"property-desc line-limit-length\">elektrijaam<\/span>\n                            <\/li>\n<li class=\"product-prop line-limit-length\"><span\n                                        class=\"property-title\">Omadused 03:&nbsp;<\/span><span\n                                        class=\"property-desc line-limit-length\">kaasaskantav p\u00e4ikeseelektrijaam<\/span>\n                            <\/li>\n<li class=\"product-prop line-limit-length\"><span\n                                        class=\"property-title\">Omadused 04:&nbsp;<\/span><span\n                                        class=\"property-desc line-limit-length\">laadimisjaamad<\/span>\n                            <\/li>\n<li class=\"product-prop line-limit-length\"><span\n                                        class=\"property-title\">Omadused 05:&nbsp;<\/span><span\n                                        class=\"property-desc line-limit-length\">p\u00e4ikesegeneraator<\/span>\n                            <\/li>\n<li class=\"product-prop line-limit-length\"><span\n                                        class=\"property-title\">Omadused 06:&nbsp;<\/span><span\n                                        class=\"property-desc line-limit-length\">bensiini elektrigeneraator<\/span>\n                            <\/li>\n<li class=\"product-prop line-limit-length\"><span\n                                        class=\"property-title\">Inverteri t\u00fc\u00fcp:&nbsp;<\/span><span\n                                        class=\"property-desc line-limit-length\">Puhas siinuslaine<\/span>\n                            <\/li>\n<li class=\"product-prop line-limit-length\"><span\n                                        class=\"property-title\">Vahelduvvoolu pistikupesad:&nbsp;<\/span><span\n                                        class=\"property-desc line-limit-length\">4 x 2400 W max<\/span>\n                            <\/li>\n<\/ul><\/div>\n<p style=\"font-family:&quot;Microsoft YaHei&quot;;font-size:medium;font-weight:400;letter-spacing:normal;text-align:start;white-space:normal;color:rgb(0, 0, 0)\" align=\"start\"><span style=\"font-size:x-large\">T\u00e4hts\u00fcndmused<\/span><\/p>\n<p><\/p>\n<h3 style=\"font-family:&quot;Microsoft YaHei&quot;;letter-spacing:normal;text-align:start;white-space:normal;color:rgb(0, 0, 0)\" align=\"start\">1872 Wh kuni 20 592 Wh megamahtuvus\u00a0<\/h3>\n<p style=\"font-family:&quot;Microsoft YaHei&quot;;font-size:medium;font-weight:400;letter-spacing:normal;text-align:start;white-space:normal;color:rgb(0, 0, 0)\" align=\"start\">PowerMax 2400-l on v\u00f5imas 1872 Wh aku, mida saab laiendada kuni 20 592 Wh-ni 10 t\u00e4iendava BP2400 akuga. Nautige usaldusv\u00e4\u00e4rset ja kauakestvat energiat k\u00f5igile oma seadmetele.<\/p>\n<h3 style=\"font-family:&quot;Microsoft YaHei&quot;;letter-spacing:normal;text-align:start;white-space:normal;color:rgb(0, 0, 0)\" align=\"start\">V\u00f5imsad topeltk\u00f5larid\u00a0<\/h3>\n<p style=\"font-family:&quot;Microsoft YaHei&quot;;font-size:medium;font-weight:400;letter-spacing:normal;text-align:start;white-space:normal;color:rgb(0, 0, 0)\" align=\"start\">Selle 25W subwoofer ja 10W k\u00f5rgsagedusk\u00f5lar pakuvad s\u00fcgavat bassi ja teravaid k\u00f5rgeid sagedusi, mis t\u00e4iustavad iga s\u00fcndmust. Lisaks on see teie jaoks olemas h\u00e4daolukordades, pakkudes vajalikku heli just siis, kui seda vajate.<\/p>\n<h3 style=\"font-family:&quot;Microsoft YaHei&quot;;letter-spacing:normal;text-align:start;white-space:normal;color:rgb(0, 0, 0)\" align=\"start\">V\u00f5imas 2400 W v\u00e4ljundv\u00f5imsus<\/h3>\n<p style=\"font-family:&quot;Microsoft YaHei&quot;;font-size:medium;font-weight:400;letter-spacing:normal;text-align:start;white-space:normal;color:rgb(0, 0, 0)\" align=\"start\">P\u00fcsige PowerMax 2400-ga t\u00f6\u00f6korras ja mugavalt. Selle v\u00f5imas 2400 W v\u00e4ljundv\u00f5imsus suudab hallata 99% teie koduseadet, mist\u00f5ttu sobib see ideaalselt telkimiseks, elektrikatkestuste korral ja v\u00e4liprojektides. Pole t\u00e4htis, kus te olete, see katab k\u00f5ik teie vajadused.<\/p>\n<h3 style=\"font-family:&quot;Microsoft YaHei&quot;;letter-spacing:normal;text-align:start;white-space:normal;color:rgb(0, 0, 0)\" align=\"start\">16 l\u00e4bim\u00f5eldult korraldatud v\u00e4ljundit\u00a0<\/h3>\n<p style=\"font-family:&quot;Microsoft YaHei&quot;;font-size:medium;font-weight:400;letter-spacing:normal;text-align:start;white-space:normal;color:rgb(0, 0, 0)\" align=\"start\">Varustatud 16 l\u00e4bim\u00f5eldult korraldatud v\u00e4ljundiga, sealhulgas juhtmevaba laadimine, autolaadija, alalisvoolu pistikupesad, vahelduvvoolu pistikupesad, USB-A ja USB-C, vastab PowerMax 2400 k\u00f5igile teie vajadustele. Alates kodustest elektrikatkestustest kuni elektriv\u00f5rgust s\u00f5ltumatu elamise ja \u00f5ues seiklusteni tagab see teile mugavuse ja kindlustunde.<\/p>\n<h3 style=\"font-family:&quot;Microsoft YaHei&quot;;letter-spacing:normal;text-align:start;white-space:normal;color:rgb(0, 0, 0)\" align=\"start\">\u00dclikiire laadimine<\/h3>\n<p style=\"font-family:&quot;Microsoft YaHei&quot;;font-size:medium;font-weight:400;letter-spacing:normal;text-align:start;white-space:normal;color:rgb(0, 0, 0)\" align=\"start\">PowerMax 2400 v\u00e4lkkiire 1500 W laadimisv\u00f5imsusega ei j\u00e4\u00e4 \u00fckski hetk kahe silma vahele. Laadige kuni 80% vaid 1,2 tunniga ja saavutage t\u00e4ielik laadimine 1,5 tunniga, hoides teid valmis igaks seikluseks.<\/p>\n<h3 style=\"font-family:&quot;Microsoft YaHei&quot;;letter-spacing:normal;text-align:start;white-space:normal;color:rgb(0, 0, 0)\" align=\"start\">Nutikas rakenduse juhtimine\u00a0<\/h3>\n<p style=\"font-family:&quot;Microsoft YaHei&quot;;font-size:medium;font-weight:400;letter-spacing:normal;text-align:start;white-space:normal;color:rgb(0, 0, 0)\" align=\"start\">Ligip\u00e4\u00e4s PowerMax 2400 nutirakendusele juhtmevaba Bluetoothi v\u00f5i WiFi kaudu. V\u00f5imaldab telefonist h\u00f5lpsalt v\u00f5imsust juhtida ja laadimisaegu kontrollida, muutes k\u00f5ik mugavamaks ja probleemivabamaks.<\/p>\n<h3 style=\"font-family:&quot;Microsoft YaHei&quot;;letter-spacing:normal;text-align:start;white-space:normal;color:rgb(0, 0, 0)\" align=\"start\">Nutikas akuhalduss\u00fcsteem\u00a0<\/h3>\n<p style=\"font-family:&quot;Microsoft YaHei&quot;;font-size:medium;font-weight:400;letter-spacing:normal;text-align:start;white-space:normal;color:rgb(0, 0, 0)\" align=\"start\">Aku ohutu kasutamise keskmes on PowerMax 2400 akuhalduss\u00fcsteem, mis pakub reaalajas \u00fclevaadet pingest, voolutugevusest ja temperatuurist, tagades v\u00f5rratu elektrivarustuse turvalisuse.<\/p>\n<h3 style=\"font-family:&quot;Microsoft YaHei&quot;;letter-spacing:normal;text-align:start;white-space:normal;color:rgb(0, 0, 0)\" align=\"start\">\u00dclikiire UPS-i automaatl\u00fclitus &lt;0,01 s\u00a0<\/h3>\n<p style=\"font-family:&quot;Microsoft YaHei&quot;;font-size:medium;font-weight:400;letter-spacing:normal;text-align:start;white-space:normal;color:rgb(0, 0, 0)\" align=\"start\">Kui PowerMax 2400 on \u00fchendatud vooluv\u00f5rku, t\u00f6\u00f6tab see UPS-re\u017eiimis. Voolukatkestuse korral l\u00fclitub see \u00fclikiire 0,01 sekundi jooksul akutoitele, pakkudes teie seadmetele sujuvat toidet katkematuks t\u00f6\u00f6ks.<\/p>\n<h3 style=\"font-family:&quot;Microsoft YaHei&quot;;letter-spacing:normal;text-align:start;white-space:normal;color:rgb(0, 0, 0)\" align=\"start\">\u00dcliere LED-valgus\u00a0<\/h3>\n<p style=\"font-family:&quot;Microsoft YaHei&quot;;font-size:medium;font-weight:400;letter-spacing:normal;text-align:start;white-space:normal;color:rgb(0, 0, 0)\" align=\"start\">Olenemata sellest, kas seisad silmitsi h\u00e4daolukorraga, avastad loodust v\u00f5i oled telkimas, PowerMax 2400 5W \u00fcliere LED-tuli viie valgustusre\u017eiimi ja kohandatavate v\u00e4lgusignaalidega hoiab sind turvalisena ja \u00fchenduses.<\/p>\n<h3 style=\"font-family:&quot;Microsoft YaHei&quot;;letter-spacing:normal;text-align:start;white-space:normal;color:rgb(0, 0, 0)\" align=\"start\">\u00dclisuur nutikas LCD-ekraan\u00a0<\/h3>\n<p style=\"font-family:&quot;Microsoft YaHei&quot;;font-size:medium;font-weight:400;letter-spacing:normal;text-align:start;white-space:normal;color:rgb(0, 0, 0)\" align=\"start\">Nautige PowerMax 2400 1000-nitise ekraani abil selget toiteolekut isegi eredas p\u00e4ikesevalguses. Selle suur nutikas LCD-ekraan annab kogu vajaliku teabe toite kohta t\u00f5husaks reaalajas j\u00e4lgimiseks ja haldamiseks nii kodus, \u00f5ues kui ka kriisiolukorras.<\/p>\n<p><\/p>\n<h2 style=\"font-family:&quot;Microsoft YaHei&quot;;font-size:14px;letter-spacing:normal;text-align:start;white-space:normal;color:rgb(0, 0, 0);margin:10px 0px;margin-bottom:10px;margin-top:10px;margin-left:0px;margin-right:0px;padding:0px;padding-bottom:0px;padding-top:0px;padding-left:0px;padding-right:0px\" align=\"start\">Spetsifikatsioon<\/h2>\n<p><\/p>\n<table style=\"border-collapse:collapse;font-family:&quot;Microsoft YaHei&quot;;width:1000px\" class=\"jbEidtTable\" border=\"1\" cellpadding=\"5\" cellspacing=\"0\">\n<tbody>\n<tr>\n<td style=\"text-align:left\" align=\"left\">\n<p>\u00dcldine<\/p>\n<\/td>\n<td style=\"text-align:left\" align=\"left\">\n<p>Kaubam\u00e4rk: Oscal<br \/>T\u00fc\u00fcp: kaasaskantav elektrijaam<br \/>Mudel: PowerMax2400<br \/>V\u00e4rv: hall<\/p>\n<\/td>\n<\/tr>\n<tr>\n<td style=\"text-align:left\" align=\"left\">\n<p>Spetsifikatsioon<\/p>\n<\/td>\n<td style=\"text-align:left\" align=\"left\">\n<p>Aku<br \/>Mahutavus: 1872 Wh<br \/>Skaleeritavus: 1872 Wh\u201320 592 Wh (PowerMax 2400 kuni 10*BP2400)<br \/>T\u00fc\u00fcp: LiFePO4 (liitiumraudfosfaat)<br \/>Eluts\u00fcklid: 3500+ ts\u00fcklit kuni 80% algse mahutavusega<br \/>S\u00e4ilivusaeg: Laadige 80%-ni iga 3-6 kuu tagant<br \/>Halduss\u00fcsteem: BMS<\/p>\n<p>V\u00e4ljund<br \/>V\u00f5imsus: 2400 W, pingeimpulss: 4800 W<br \/>Inverteri t\u00fc\u00fcp: puhas siinuslaine<br \/>Vahelduvvoolu pistikupesad: 4 x 2400 W max<br \/>USB-A-pordid: 4x18W<br \/>USB-C pordid: 2 x 100 W max<br \/>DC5521 pordid: 2x60W<br \/>Auto sigaretis\u00fc\u00fctaja port: 1x 240W max<br \/>Andersoni pistik: 1x 240W max<br \/>Juhtmevabad laadimispadjad: 2x15W<\/p>\n<p>Sisend<br \/>Vahelduvvoolu kiirlaadimine:\u00a0<br \/>1,6 tundi (t\u00e4islaadimine)<br \/>1400 W (maksimaalne)<br \/>\u00dchenda PM200-ga, et saavutada maksimaalne v\u00f5imsus 1500 W.<br \/>P\u00e4ikeseenergia laadimine: 2,8 tundi (t\u00e4islaadimine) 800 W (max)<br \/>12\/24V auto pistikupesa (120W\/240W)<br \/>24 V: 9 tundi (t\u00e4islaadimine)<br \/>12 V: 18 tundi (t\u00e4islaadimine)<\/p>\n<p>L\u00e4bivoolu laadimine: Jah<br \/>UPS-i l\u00fclitusaeg: 0,01 sekundit<br \/>T\u00f6\u00f6temperatuur: -4 \u2109 kuni 113\u00b0 \u2109 (-20 \u2103 -45 \u2103)<br \/>S\u00e4ilitustemperatuur: -14\u2013113 \u2103 (-10 \u2103\u201345 \u2103)<\/p>\n<\/td>\n<\/tr>\n<tr>\n<td style=\"text-align:left\" align=\"left\">\n<p>Kaal ja suurus<\/p>\n<\/td>\n<td style=\"text-align:left\" align=\"left\">\n<p>Toote kaal: 25,5 kg<br \/>Paki kaal: 29,35 kg<br \/>Toote m\u00f5\u00f5dud (P x L x K): 47 * 29 * 32,6 cm<br \/>Paki suurus (P x L x K): 58 * 37 * 41 cm<\/p>\n<\/td>\n<\/tr>\n<tr>\n<td style=\"text-align:left\" align=\"left\">\n<p>Pakendi sisu<\/p>\n<\/td>\n<td style=\"text-align:left\" align=\"left\">\n<p>1 x kaasaskantav elektrijaam<br \/>1 x toitekaabel<br \/>1 x kasutusjuhend<\/p>\n<\/td>\n<\/tr>\n<\/tbody>\n<\/table>\n<p><img decoding=\"async\" src=\"https:\/\/ae01.alicdn.com\/kf\/Sa415ce3123674db6a55dad479f942361N.jpeg\" slate-data-type=\"image\"\/><img decoding=\"async\" src=\"https:\/\/ae01.alicdn.com\/kf\/S514738a1cded40be8f0b581def82a4bdo.jpeg\" slate-data-type=\"image\"\/><img decoding=\"async\" src=\"https:\/\/ae01.alicdn.com\/kf\/S78278ad08be948a48a1b2266d33b8abfw.jpeg\" slate-data-type=\"image\"\/><img decoding=\"async\" src=\"https:\/\/ae01.alicdn.com\/kf\/Sf1dc75bdc02043e1b333bf9d5e7c5470Q.jpeg\" slate-data-type=\"image\"\/><img decoding=\"async\" src=\"https:\/\/ae01.alicdn.com\/kf\/Se4f52309ceab4d429d12f435d01bd92aO.jpeg\" slate-data-type=\"image\"\/><img decoding=\"async\" src=\"https:\/\/ae01.alicdn.com\/kf\/Sd5a3f9101b054189aa64187450530466n.jpeg\" slate-data-type=\"image\"\/><img decoding=\"async\" src=\"https:\/\/ae01.alicdn.com\/kf\/Sfe821314728149aeb112fe8222704e42F.jpeg\" slate-data-type=\"image\"\/><img decoding=\"async\" src=\"https:\/\/ae01.alicdn.com\/kf\/Sc07465eb49344eaeb534b123bc5aeecdy.jpeg\" slate-data-type=\"image\"\/><img decoding=\"async\" src=\"https:\/\/ae01.alicdn.com\/kf\/Sefdfe710348d45cebd9c4c3fe94ffa6bj.jpeg\" slate-data-type=\"image\"\/><img decoding=\"async\" src=\"https:\/\/ae01.alicdn.com\/kf\/Sa38b9cdd1ea749e6971b755c27627381E.jpeg\" slate-data-type=\"image\"\/><img decoding=\"async\" src=\"https:\/\/ae01.alicdn.com\/kf\/S3b17e89551964825a20160a19c1ed72ek.jpeg\" slate-data-type=\"image\"\/><img decoding=\"async\" src=\"https:\/\/ae01.alicdn.com\/kf\/S04031a30e6c247999266851bfc2f7335A.jpeg\" slate-data-type=\"image\"\/><img decoding=\"async\" src=\"https:\/\/ae01.alicdn.com\/kf\/S8eb26019deb441b08d114b41f6811407M.jpeg\" slate-data-type=\"image\"\/><img decoding=\"async\" src=\"https:\/\/ae01.alicdn.com\/kf\/Sa71e3625d2da4ebdb3908f767d86b1ccP.jpeg\" slate-data-type=\"image\"\/><img decoding=\"async\" src=\"https:\/\/ae01.alicdn.com\/kf\/Sd9c611bf63c54476a12ed7ab05842e9d8.jpeg\" slate-data-type=\"image\"\/><img decoding=\"async\" src=\"https:\/\/ae01.alicdn.com\/kf\/Sfa08da2d00f34b33a5c47baebb93b8278.jpeg\" slate-data-type=\"image\"\/><img decoding=\"async\" src=\"https:\/\/ae01.alicdn.com\/kf\/S83c4968880074f86942a0909b933f010i.jpeg\" slate-data-type=\"image\"\/><img decoding=\"async\" src=\"https:\/\/ae01.alicdn.com\/kf\/S95135f365289428b903f5a99569a83f1h.jpeg\" slate-data-type=\"image\"\/><img decoding=\"async\" src=\"https:\/\/ae01.alicdn.com\/kf\/S1d2cf02e0883498f92dbbda6525f580ew.jpeg\" slate-data-type=\"image\"\/><\/p>","protected":false},"excerpt":{"rendered":"<p>Application:&nbsp;Solar Power Storage Nominal Capacity:&nbsp;1,872Wh Model Number:&nbsp;PowerMax2400 Type:&nbsp;LiFePO4 Set Type:&nbsp;Charger Sets Brand:&nbsp;Oscal Model:&nbsp;PowerMax2400 Capacity:&nbsp;1,872Wh Type:&nbsp;LiFePO4(Lithium Iron Phosphate) Life Cycles:&nbsp;3,500+ Cycles to 80% Original Capacity Power:&nbsp;2400W, Surge Power: 4800W Features 01:&nbsp;portable<\/p>","protected":false},"featured_media":21820,"comment_status":"open","ping_status":"closed","template":"","meta":{"_acf_changed":false},"product_brand":[],"product_cat":[515],"product_tag":[],"class_list":{"0":"post-21819","1":"product","2":"type-product","3":"status-publish","4":"has-post-thumbnail","6":"product_cat-portable-power-stations","8":"first","9":"instock","10":"shipping-taxable","11":"purchasable","12":"product-type-simple"},"acf":[],"_links":{"self":[{"href":"https:\/\/electricstore.eu\/et\/wp-json\/wp\/v2\/product\/21819","targetHints":{"allow":["GET"]}}],"collection":[{"href":"https:\/\/electricstore.eu\/et\/wp-json\/wp\/v2\/product"}],"about":[{"href":"https:\/\/electricstore.eu\/et\/wp-json\/wp\/v2\/types\/product"}],"replies":[{"embeddable":true,"href":"https:\/\/electricstore.eu\/et\/wp-json\/wp\/v2\/comments?post=21819"}],"wp:featuredmedia":[{"embeddable":true,"href":"https:\/\/electricstore.eu\/et\/wp-json\/wp\/v2\/media\/21820"}],"wp:attachment":[{"href":"https:\/\/electricstore.eu\/et\/wp-json\/wp\/v2\/media?parent=21819"}],"wp:term":[{"taxonomy":"product_brand","embeddable":true,"href":"https:\/\/electricstore.eu\/et\/wp-json\/wp\/v2\/product_brand?post=21819"},{"taxonomy":"product_cat","embeddable":true,"href":"https:\/\/electricstore.eu\/et\/wp-json\/wp\/v2\/product_cat?post=21819"},{"taxonomy":"product_tag","embeddable":true,"href":"https:\/\/electricstore.eu\/et\/wp-json\/wp\/v2\/product_tag?post=21819"}],"curies":[{"name":"wp","href":"https:\/\/api.w.org\/{rel}","templated":true}]}}