{"id":21813,"date":"2025-05-20T18:27:15","date_gmt":"2025-05-20T18:27:15","guid":{"rendered":"https:\/\/electricstore.eu\/p\/uncategorized\/blackview-oscal-powermax-3600-eu-plug-rugged-power-station-3600wh-to-57600wh-lifepo4-battery-14-outlet-light-modes-morse-code\/"},"modified":"2025-05-20T18:27:29","modified_gmt":"2025-05-20T18:27:29","slug":"blackview-oscal-powermax-3600-eu-plug-rugged-power-station-3600wh-to-57600wh-lifepo4-battery-14-outlet-light-modes-morse-code","status":"publish","type":"product","link":"https:\/\/electricstore.eu\/et\/p\/batteries\/portable-power-stations\/blackview-oscal-powermax-3600-eu-plug-rugged-power-station-3600wh-to-57600wh-lifepo4-battery-14-outlet-light-modes-morse-code\/","title":{"rendered":"Blackview Oscal PowerMax 3600 EL-pistikuga vastupidav elektrijaam 3600Wh kuni 57600Wh LiFePO4 aku 14 pistikupesaga valgustusre\u017eiimid Morse kood"},"content":{"rendered":"<div class=\"product-specs-list-container\">\n<ul class=\"product-specs-list util-clearfix\">\n<li class=\"product-prop line-limit-length\"><span\n                                        class=\"property-title\">Rakendus:&nbsp;<\/span><span\n                                        class=\"property-desc line-limit-length\">P\u00e4ikeseenergia salvestamine<\/span>\n                            <\/li>\n<li class=\"product-prop line-limit-length\"><span\n                                        class=\"property-title\">Nimimaht:&nbsp;<\/span><span\n                                        class=\"property-desc line-limit-length\">3600Wh<\/span>\n                            <\/li>\n<li class=\"product-prop line-limit-length\"><span\n                                        class=\"property-title\">Mudelinumber:&nbsp;<\/span><span\n                                        class=\"property-desc line-limit-length\">PowerMax 3600<\/span>\n                            <\/li>\n<li class=\"product-prop line-limit-length\"><span\n                                        class=\"property-title\">T\u00fc\u00fcp:&nbsp;<\/span><span\n                                        class=\"property-desc line-limit-length\">LiFePO4<\/span>\n                            <\/li>\n<li class=\"product-prop line-limit-length\"><span\n                                        class=\"property-title\">Komplekti t\u00fc\u00fcp:&nbsp;<\/span><span\n                                        class=\"property-desc line-limit-length\">Laadija komplektid<\/span>\n                            <\/li>\n<li class=\"product-prop line-limit-length\"><span\n                                        class=\"property-title\">Br\u00e4nd:&nbsp;<\/span><span\n                                        class=\"property-desc line-limit-length\">Blackview Oscal<\/span>\n                            <\/li>\n<li class=\"product-prop line-limit-length\"><span\n                                        class=\"property-title\">V\u00e4rv:&nbsp;<\/span><span\n                                        class=\"property-desc line-limit-length\">Grey + Red<\/span>\n                            <\/li>\n<li class=\"product-prop line-limit-length\"><span\n                                        class=\"property-title\">Mudel:&nbsp;<\/span><span\n                                        class=\"property-desc line-limit-length\">PowerMax 3600<\/span>\n                            <\/li>\n<li class=\"product-prop line-limit-length\"><span\n                                        class=\"property-title\">Aku mahtuvus:&nbsp;<\/span><span\n                                        class=\"property-desc line-limit-length\">3600 Wh<\/span>\n                            <\/li>\n<li class=\"product-prop line-limit-length\"><span\n                                        class=\"property-title\">Aku t\u00fc\u00fcp:&nbsp;<\/span><span\n                                        class=\"property-desc line-limit-length\">LiFePO4 aku<\/span>\n                            <\/li>\n<li class=\"product-prop line-limit-length\"><span\n                                        class=\"property-title\">V\u00f5im tekib:&nbsp;<\/span><span\n                                        class=\"property-desc line-limit-length\">7200W<\/span>\n                            <\/li>\n<li class=\"product-prop line-limit-length\"><span\n                                        class=\"property-title\">Inverteri t\u00fc\u00fcp:&nbsp;<\/span><span\n                                        class=\"property-desc line-limit-length\">Puhas siinuslaine<\/span>\n                            <\/li>\n<li class=\"product-prop line-limit-length\"><span\n                                        class=\"property-title\">Omadused 01:&nbsp;<\/span><span\n                                        class=\"property-desc line-limit-length\">Kaasaskantav aku<\/span>\n                            <\/li>\n<li class=\"product-prop line-limit-length\"><span\n                                        class=\"property-title\">Omadused 02:&nbsp;<\/span><span\n                                        class=\"property-desc line-limit-length\">Kaasaskantav teatatav toide<\/span>\n                            <\/li>\n<li class=\"product-prop line-limit-length\"><span\n                                        class=\"property-title\">Omadused 03:&nbsp;<\/span><span\n                                        class=\"property-desc line-limit-length\">Bluetti elektrijaam<\/span>\n                            <\/li>\n<li class=\"product-prop line-limit-length\"><span\n                                        class=\"property-title\">Omadused 04:&nbsp;<\/span><span\n                                        class=\"property-desc line-limit-length\">Kaasaskantav matkaaku<\/span>\n                            <\/li>\n<li class=\"product-prop line-limit-length\"><span\n                                        class=\"property-title\">Omadused 05:&nbsp;<\/span><span\n                                        class=\"property-desc line-limit-length\">3600w kaasaskantav elektrijaam<\/span>\n                            <\/li>\n<\/ul><\/div>\n<div class=\"detailmodule_html\">\n<div class=\"detail-desc-decorate-richtext\">\n<p><span style=\"font-size:24px\"><strong>T\u00e4hts\u00fcndmused:<\/strong><\/span><\/p>\n<ul style=\"font-family:&quot;Microsoft YaHei&quot;;font-size:medium;font-weight:400;letter-spacing:normal;text-align:start;white-space:normal;color:rgb(0, 0, 0);margin-bottom:10px;padding-left:0px\" class=\"clearfix\" align=\"start\">\n<li style=\"font-size:14px;margin-right:10px;padding-left:18px;list-style:none;position:relative;float:left\">\n<h3><strong>14 Versatile Outlets<\/strong><\/h3>\n<p>With a high-quality 3600W rated pure sine wave AC inverter, 14 outlet sources of Blackview Oscal PowerMax 3600 can satisfy all your outlet needs to run your entire party, camping trip, or even your whole house in the event of an unexpected outage.<\/p>\n<h3><strong>57600Wh Max Battery<\/strong><\/h3>\n<p>Catering to your various energy needs from outdoor to indoor activities, Blackview ASCAL PowerMax 3600 offers the flexibility to tailor your battery capacity with a 100% modular design, ranging from 3.6 kWh to 57.6 kWh with up to 15 Battery packs (3600 Wh\/per pack).<\/p>\n<h3><strong>LED Light Modes &amp; Morse Code Signal<\/strong><\/h3>\n<p>In addition to 5 standard LED light modes, information can be sent through light signals by varying the brightness and flashing patterns of the lights, which is helpful at night, in inclement weather, or in low visibility situations to convey signs, especially distress calls.<\/p>\n<h3><strong>Anti-UV &amp; UL94V-0 Rated Fire-Retardant Case<\/strong><\/h3>\n<p>Whether it&#8217;s in the midst of yard trimming or desert exploration, the PowerMax 3600&#8217;s Anti-UV feature protection it from fading and getting brought on by prolonged sun exposure, and its UL94V-0 flame-retardant case enures that there is no risk of fires resulting from heat generation.<\/p>\n<h3><strong>0.8M Vertically Drop-Proof Design<\/strong><\/h3>\n<p>Forged to match the harsh terrain of your expeditions, the PowerMax 3600 is meticulously crafted to withstand vertical falls from heights of up to 0.8 meters, alleviating concerns of unintended drops from your grass while detaching it from the car or stairs.<\/p>\n<h3><strong>Splash-Proof &amp; Dust-Proof Body<\/strong><\/h3>\n<p>From lakesides in the dewy morning to dusty desert at dusk, you can take it anywhere without works-it effectively shields against vertical water droplets and certain solid parameters from enclosing.<\/p>\n<\/li>\n<\/ul>\n<p><span style=\"font-size:26px\"><strong>Spetsifikatsioon:<\/strong><\/span><\/p>\n<ul style=\"font-family:&quot;Microsoft YaHei&quot;;font-size:medium;font-weight:400;letter-spacing:normal;text-align:start;white-space:normal;color:rgb(0, 0, 0);margin-bottom:10px;padding-left:0px\" class=\"clearfix\" align=\"start\">\n<li style=\"font-size:14px;margin-right:10px;padding-left:18px;list-style:none;position:relative;float:left\">\n<table style=\"border-collapse:collapse;width:1000px\" class=\"jbEidtTable\" border=\"1\" cellpadding=\"5\" cellspacing=\"0\">\n<tbody>\n<tr>\n<td style=\"font-size:14px;text-align:left;width:373px;height:89px\" align=\"left\">\n<p>\u00dcldine<\/p>\n<\/td>\n<td style=\"font-size:14px;text-align:left;width:603px;height:89px\" align=\"left\">\n<p>Kaubam\u00e4rk: Blackview Oscal<br \/>T\u00fc\u00fcp: vastupidav elektrijaam<br \/>Model: PowerMax 3600 EU<br \/>Color: Grey + Red<\/p>\n<\/td>\n<\/tr>\n<tr>\n<td style=\"font-size:14px;text-align:left;width:373px;height:646px\" align=\"left\">\n<p>Spetsifikatsioon<\/p>\n<\/td>\n<td style=\"font-size:14px;text-align:left;width:603px;height:646px\" align=\"left\">\n<div>Aku<br \/>Battery Capacity: 3600 Wh<br \/>Aku t\u00fc\u00fcp: LiFePO4 aku<br \/>Battery Life Cycles: 3500 + Cycles to 80% of Original Capacity<\/div>\n<p>V\u00e4ljund<br \/>Vahelduvvoolu v\u00e4ljund:<br \/>4x3600W Output (Max)<br \/>Inverteri t\u00fc\u00fcp: puhas siinuslaine<br \/>Surge Power: 7200W<br \/>USB-C Port: USB-C 100W x2<br \/>USB-A Port: USB-A 12W x1, USB-A 18W x3<br \/>DC Output: Anderson 378W x1, DC 5521 36W x2<br \/>Cigarette Lighter Port: Cigarette Lighter 120W x1<\/p>\n<p>Sisend<br \/>AC Adapter Input: 2200W(Max), Recharging Times: 1.96h<br \/>Solar Input: 1600 W((Max), Recharging Times: 2.25h<br \/>(With prime sunshine, ideal orientation, and low temperature)<br \/>Car Input: 120W(Max), Recharging Times: 30h<br \/>Dual Charging<br \/>-AC Charging + DC-solar Charging 1.2h<br \/>-AC Charging + DC-car Charging 1.86h<\/p>\n<p>Charging Temperature: 0-50 &deg;C(32 &deg; F-122 &deg;F) Best under conditions from 0 &deg;C to 45 &deg;C. (32 &deg; F-113 &deg;F)<br \/>Discharging Temperature: -20-55 &deg;(-4 &deg; F-131 &deg;F) Best under conditions from -10 &deg;C to 45 &deg;C. (14th F-113 &deg;F)<br \/>Storage Temperature: -10 &deg; C-45 &deg;C (14 &deg; F-113 &deg;F)<br \/>App Control: Yes, Via WiFi and Bluetooth<\/p>\n<\/td>\n<\/tr>\n<tr>\n<td style=\"font-size:14px;text-align:left;width:373px;height:89px\" align=\"left\">\n<p>Kaal ja suurus<\/p>\n<\/td>\n<td style=\"font-size:14px;text-align:left;width:603px;height:89px\" align=\"left\">\n<p>Product Weight: 44.5kg<br \/>Package Weight: 47.6kg<br \/>Toote m\u00f5\u00f5dud (P x L x K): 59x35x44,1 cm<br \/>Paki m\u00f5\u00f5dud (P x L x K): 66 \u00d7 40,5 \u00d7 52,5 cm<\/p>\n<\/td>\n<\/tr>\n<tr>\n<td style=\"font-size:14px;text-align:left;width:373px;height:44px\" align=\"left\">\n<p>Konteinerite pakett<\/p>\n<\/td>\n<td style=\"font-size:14px;text-align:left;width:603px;height:44px\" align=\"left\">\n<p>1 x Rugged Power Station<br \/>1 x kasutusjuhend<\/p>\n<\/td>\n<\/tr>\n<\/tbody>\n<\/table>\n<\/li>\n<\/ul>\n<p style=\"font-family:&quot;Open Sans&quot;, Roboto, Arial, Helvetica, sans-serif, SimSun;font-size:14px;font-weight:400;letter-spacing:normal;line-height:inherit;text-align:start;white-space:normal;color:rgb(34, 34, 34);margin:0px;margin-bottom:0px;margin-top:0px;margin-left:0px;margin-right:0px;padding:0px;padding-bottom:0px;padding-top:0px;padding-left:0px;padding-right:0px;box-sizing:border-box\" align=\"start\"><img decoding=\"async\" style=\"border:0px;margin:0px;margin-bottom:0px;margin-top:0px;margin-left:0px;margin-right:0px;padding:0px;padding-bottom:0px;padding-top:0px;padding-left:0px;padding-right:0px;max-width:100%;box-sizing:border-box\" src=\"https:\/\/ae01.alicdn.com\/kf\/S0ce6c6794dcf4f219b9275f4a2600d5dw.jpg\" slate-data-type=\"image\"\/><img decoding=\"async\" style=\"border:0px;margin:0px;margin-bottom:0px;margin-top:0px;margin-left:0px;margin-right:0px;padding:0px;padding-bottom:0px;padding-top:0px;padding-left:0px;padding-right:0px;max-width:100%;box-sizing:border-box\" src=\"https:\/\/ae01.alicdn.com\/kf\/S34093e5c4ac14ddca61be76f4d1894e05.jpg\" slate-data-type=\"image\"\/><img decoding=\"async\" style=\"border:0px;margin:0px;margin-bottom:0px;margin-top:0px;margin-left:0px;margin-right:0px;padding:0px;padding-bottom:0px;padding-top:0px;padding-left:0px;padding-right:0px;max-width:100%;box-sizing:border-box\" src=\"https:\/\/ae01.alicdn.com\/kf\/S670ce43903c04e87819e48904da439890.jpg\" slate-data-type=\"image\"\/><img decoding=\"async\" style=\"border:0px;margin:0px;margin-bottom:0px;margin-top:0px;margin-left:0px;margin-right:0px;padding:0px;padding-bottom:0px;padding-top:0px;padding-left:0px;padding-right:0px;max-width:100%;box-sizing:border-box\" src=\"https:\/\/ae01.alicdn.com\/kf\/Sb20c7746cd904b1b844e4ee0c150488fX.jpg\" slate-data-type=\"image\"\/><img decoding=\"async\" style=\"border:0px;margin:0px;margin-bottom:0px;margin-top:0px;margin-left:0px;margin-right:0px;padding:0px;padding-bottom:0px;padding-top:0px;padding-left:0px;padding-right:0px;max-width:100%;box-sizing:border-box\" src=\"https:\/\/ae01.alicdn.com\/kf\/S82786340e56b44d789e1ee011573f323s.jpg\" slate-data-type=\"image\"\/><img decoding=\"async\" style=\"border:0px;margin:0px;margin-bottom:0px;margin-top:0px;margin-left:0px;margin-right:0px;padding:0px;padding-bottom:0px;padding-top:0px;padding-left:0px;padding-right:0px;max-width:100%;box-sizing:border-box\" src=\"https:\/\/ae01.alicdn.com\/kf\/S611dd1a6874643bf8e632682860a9b338.jpg\" slate-data-type=\"image\"\/><img decoding=\"async\" style=\"border:0px;margin:0px;margin-bottom:0px;margin-top:0px;margin-left:0px;margin-right:0px;padding:0px;padding-bottom:0px;padding-top:0px;padding-left:0px;padding-right:0px;max-width:100%;box-sizing:border-box\" src=\"https:\/\/ae01.alicdn.com\/kf\/S76bf54b7699040239ea08619914ece92o.jpg\" slate-data-type=\"image\"\/><img decoding=\"async\" style=\"border:0px;margin:0px;margin-bottom:0px;margin-top:0px;margin-left:0px;margin-right:0px;padding:0px;padding-bottom:0px;padding-top:0px;padding-left:0px;padding-right:0px;max-width:100%;box-sizing:border-box\" src=\"https:\/\/ae01.alicdn.com\/kf\/S6642edd4b37e4669985c9ec58387f5b18.jpg\" slate-data-type=\"image\"\/><img decoding=\"async\" style=\"border:0px;margin:0px;margin-bottom:0px;margin-top:0px;margin-left:0px;margin-right:0px;padding:0px;padding-bottom:0px;padding-top:0px;padding-left:0px;padding-right:0px;max-width:100%;box-sizing:border-box\" src=\"https:\/\/ae01.alicdn.com\/kf\/S11ccf7a13c0043128be3d23faa955f50Q.jpg\" slate-data-type=\"image\"\/><img decoding=\"async\" style=\"border:0px;margin:0px;margin-bottom:0px;margin-top:0px;margin-left:0px;margin-right:0px;padding:0px;padding-bottom:0px;padding-top:0px;padding-left:0px;padding-right:0px;max-width:100%;box-sizing:border-box\" src=\"https:\/\/ae01.alicdn.com\/kf\/S53b072c2c7bb43a79f5277a9713e939cR.jpg\" slate-data-type=\"image\"\/><img decoding=\"async\" style=\"border:0px;margin:0px;margin-bottom:0px;margin-top:0px;margin-left:0px;margin-right:0px;padding:0px;padding-bottom:0px;padding-top:0px;padding-left:0px;padding-right:0px;max-width:100%;box-sizing:border-box\" src=\"https:\/\/ae01.alicdn.com\/kf\/Sa9781c2f51bd402b9b0f2f2a9a4056cb2.jpg\" slate-data-type=\"image\"\/><\/p>\n<p><\/p>\n<\/div>\n<\/div>","protected":false},"excerpt":{"rendered":"<p>Application:&nbsp;Solar Power Storage Nominal Capacity:&nbsp;3600Wh Model Number:&nbsp;PowerMax 3600 Type:&nbsp;LiFePO4 Set Type:&nbsp;Charger Sets Brand:&nbsp;Blackview Oscal Color:&nbsp;Grey + Red Model:&nbsp;PowerMax 3600 Battery Capacity:&nbsp;3600 Wh Battery Type:&nbsp;LiFePO4 battery Power arises:&nbsp;7200W Inverter Type:&nbsp;Pure Sine<\/p>","protected":false},"featured_media":21814,"comment_status":"open","ping_status":"closed","template":"","meta":{"_acf_changed":false},"product_brand":[],"product_cat":[515],"product_tag":[],"class_list":{"0":"post-21813","1":"product","2":"type-product","3":"status-publish","4":"has-post-thumbnail","6":"product_cat-portable-power-stations","8":"first","9":"instock","10":"shipping-taxable","11":"purchasable","12":"product-type-simple"},"acf":[],"_links":{"self":[{"href":"https:\/\/electricstore.eu\/et\/wp-json\/wp\/v2\/product\/21813","targetHints":{"allow":["GET"]}}],"collection":[{"href":"https:\/\/electricstore.eu\/et\/wp-json\/wp\/v2\/product"}],"about":[{"href":"https:\/\/electricstore.eu\/et\/wp-json\/wp\/v2\/types\/product"}],"replies":[{"embeddable":true,"href":"https:\/\/electricstore.eu\/et\/wp-json\/wp\/v2\/comments?post=21813"}],"wp:featuredmedia":[{"embeddable":true,"href":"https:\/\/electricstore.eu\/et\/wp-json\/wp\/v2\/media\/21814"}],"wp:attachment":[{"href":"https:\/\/electricstore.eu\/et\/wp-json\/wp\/v2\/media?parent=21813"}],"wp:term":[{"taxonomy":"product_brand","embeddable":true,"href":"https:\/\/electricstore.eu\/et\/wp-json\/wp\/v2\/product_brand?post=21813"},{"taxonomy":"product_cat","embeddable":true,"href":"https:\/\/electricstore.eu\/et\/wp-json\/wp\/v2\/product_cat?post=21813"},{"taxonomy":"product_tag","embeddable":true,"href":"https:\/\/electricstore.eu\/et\/wp-json\/wp\/v2\/product_tag?post=21813"}],"curies":[{"name":"wp","href":"https:\/\/api.w.org\/{rel}","templated":true}]}}