{"id":21779,"date":"2025-05-20T18:26:57","date_gmt":"2025-05-20T18:26:57","guid":{"rendered":"https:\/\/electricstore.eu\/p\/uncategorized\/monster-vmay-portable-outdoor-tv-with-tv-tuner-antenna-15-6-1080p-screen-60w-audio-12v-9a-built-in-recharged-battery\/"},"modified":"2025-05-20T18:27:06","modified_gmt":"2025-05-20T18:27:06","slug":"monster-vmay-portable-outdoor-tv-with-tv-tuner-antenna-15-6-1080p-screen-60w-audio-12v-9a-built-in-recharged-battery","status":"publish","type":"product","link":"https:\/\/www.electricstore.eu\/et\/p\/batteries\/portable-power-stations\/monster-vmay-portable-outdoor-tv-with-tv-tuner-antenna-15-6-1080p-screen-60w-audio-12v-9a-built-in-recharged-battery\/","title":{"rendered":"Monster VMay kaasaskantav \u00f5ueteleviisor koos TV-tuuneri antenniga 15,6&#039; 1080P ekraan 60W heli 12V\/9A sisseehitatud laetav aku"},"content":{"rendered":"<div class=\"product-specs-list-container\">\n<ul class=\"product-specs-list util-clearfix\">\n<li class=\"product-prop line-limit-length\"><span\n                                        class=\"property-title\">Sisend\/v\u00e4ljund:&nbsp;<\/span><span\n                                        class=\"property-desc line-limit-length\">Aux<\/span>\n                            <\/li>\n<li class=\"product-prop line-limit-length\"><span\n                                        class=\"property-title\">Helire\u017eiim:&nbsp;<\/span><span\n                                        class=\"property-desc line-limit-length\">K\u00f5rgresolutsiooniline helire\u017eiim, 3D ruumilise heli re\u017eiim, kaasahaarav helire\u017eiim, stereoheli re\u017eiim, nutikas helire\u017eiim, reaalajas heli re\u017eiim, lisabassi re\u017eiim, l\u00e4bipaistvusre\u017eiim, unere\u017eiim, standardre\u017eiim, 3 ekvalaiseri re\u017eiimi<\/span>\n                            <\/li>\n<li class=\"product-prop line-limit-length\"><span\n                                        class=\"property-title\">Kategooria:&nbsp;<\/span><span\n                                        class=\"property-desc line-limit-length\">K\u00f5larid<\/span>\n                            <\/li>\n<li class=\"product-prop line-limit-length\"><span\n                                        class=\"property-title\">Kasutamine:&nbsp;<\/span><span\n                                        class=\"property-desc line-limit-length\">Telkimine<\/span>\n                            <\/li>\n<li class=\"product-prop line-limit-length\"><span\n                                        class=\"property-title\">Sisendv\u00f5imsus (W):&nbsp;<\/span><span\n                                        class=\"property-desc line-limit-length\">400\u2013499 l\u00e4\u00e4nepikkust<\/span>\n                            <\/li>\n<li class=\"product-prop line-limit-length\"><span\n                                        class=\"property-title\">H\u00e4\u00e4ljuhtimine:&nbsp;<\/span><span\n                                        class=\"property-desc line-limit-length\">Jah<\/span>\n                            <\/li>\n<li class=\"product-prop line-limit-length\"><span\n                                        class=\"property-title\">Veekindel:&nbsp;<\/span><span\n                                        class=\"property-desc line-limit-length\">Jah<\/span>\n                            <\/li>\n<li class=\"product-prop line-limit-length\"><span\n                                        class=\"property-title\">Toetage rakendust:&nbsp;<\/span><span\n                                        class=\"property-desc line-limit-length\">Jah<\/span>\n                            <\/li>\n<li class=\"product-prop line-limit-length\"><span\n                                        class=\"property-title\">Postkasti adapter:&nbsp;<\/span><span\n                                        class=\"property-desc line-limit-length\">Jah<\/span>\n                            <\/li>\n<li class=\"product-prop line-limit-length\"><span\n                                        class=\"property-title\">Nutikas isiklik assistent:&nbsp;<\/span><span\n                                        class=\"property-desc line-limit-length\">Facebooki M<\/span>\n                            <\/li>\n<li class=\"product-prop line-limit-length\"><span\n                                        class=\"property-title\">Suhtlus:&nbsp;<\/span><span\n                                        class=\"property-desc line-limit-length\">Induktsioon, optiline sisend, koaksiaalsisend, USB, Bluetooth, heliliin<\/span>\n                            <\/li>\n<li class=\"product-prop line-limit-length\"><span\n                                        class=\"property-title\">K\u00f5lari t\u00fc\u00fcp:&nbsp;<\/span><span\n                                        class=\"property-desc line-limit-length\">Kaasaskantav<\/span>\n                            <\/li>\n<li class=\"product-prop line-limit-length\"><span\n                                        class=\"property-title\">Toiteallikas:&nbsp;<\/span><span\n                                        class=\"property-desc line-limit-length\">Kliimaseade<\/span>\n                            <\/li>\n<li class=\"product-prop line-limit-length\"><span\n                                        class=\"property-title\">VMay koletis:&nbsp;<\/span><span\n                                        class=\"property-desc line-limit-length\">Br\u00e4nd<\/span>\n                            <\/li>\n<li class=\"product-prop line-limit-length\"><span\n                                        class=\"property-title\">T\u00fc\u00fcp:&nbsp;<\/span><span\n                                        class=\"property-desc line-limit-length\">V\u00e4listelevisioon<\/span>\n                            <\/li>\n<li class=\"product-prop line-limit-length\"><span\n                                        class=\"property-title\">Mudel:&nbsp;<\/span><span\n                                        class=\"property-desc line-limit-length\">VMay<\/span>\n                            <\/li>\n<li class=\"product-prop line-limit-length\"><span\n                                        class=\"property-title\">Ekraani suurus:&nbsp;<\/span><span\n                                        class=\"property-desc line-limit-length\">15,6 tolli<\/span>\n                            <\/li>\n<li class=\"product-prop line-limit-length\"><span\n                                        class=\"property-title\">Veekindluse tase:&nbsp;<\/span><span\n                                        class=\"property-desc line-limit-length\">IPX4<\/span>\n                            <\/li>\n<li class=\"product-prop line-limit-length\"><span\n                                        class=\"property-title\">Bluetooth-\u00fchendus:&nbsp;<\/span><span\n                                        class=\"property-desc line-limit-length\">BT 5.3<\/span>\n                            <\/li>\n<\/ul><\/div>\n<div class=\"detailmodule_html\">\n<div class=\"detail-desc-decorate-richtext\">\n<p><span style=\"color:rgb(0, 0, 0);font-size:medium;font-family:&quot;Microsoft YaHei&quot;\"><strong><span style=\"font-size:24px\"><span style=\"font-family:&quot;times new roman&quot;, times, serif\">&gt;&gt;Esilet\u00f5stud<\/span><\/span><\/strong><\/span><\/p>\n<p><span style=\"font-size:18px;font-family:&quot;times new roman&quot;, times, serif\"><strong>V\u00e4listeleviisor vapustava pildi ja heliga<\/strong><\/span><\/p>\n<p><span style=\"font-size:18px;font-family:&quot;times new roman&quot;, times, serif\"><br \/>Monster VMay-l on 15,6-tolline Full HD ekraan ja IPS-paneel,<br \/>Elutruu pilt ja sujuv taasesitus. T\u00e4iustatud 60W heliga.<br \/>V\u00f5imsus, sa tunned iga heli, iga sosinat ja iga plahvatust<br \/>Enda \u00fcmber. Sukeldu vapustavasse visuaali ja v\u00f5imsasse heli.<br \/>Koge uskumatut \u00f5ues vaatamise kogemust Monsteriga<br \/>VMay televiisor.<\/p>\n<p><\/span><span style=\"font-size:18px;font-family:&quot;times new roman&quot;, times, serif\"><strong>Pikk t\u00f6\u00f6aeg ja IPX4 veekindel disain terveks p\u00e4evaks \u00f5ues l\u00f5butsemiseks<\/strong><\/span><\/p>\n<p><span style=\"font-size:18px;font-family:&quot;times new roman&quot;, times, serif\"><br \/>12 V\/9 A akuga toetab VMay teler 25 tundi heli taasesitust v\u00f5i 8 tundi<br \/>Tunde videote taasesitust \u00fche laadimisega, mis v\u00f5imaldab teil kogeda<br \/>Katkematu meelelahutus. Selle IPX4 veekindlus tagab, et vihm ei karda<br \/>Ei peata teie muusikat. J\u00e4tkake l\u00f5bu terve p\u00e4eva!<\/p>\n<p><\/span><span style=\"font-size:18px;font-family:&quot;times new roman&quot;, times, serif\"><strong>Sujuv otse\u00fclekannete vaatamine ja ekraani peegeldamine<\/strong><\/span><\/p>\n<p><span style=\"font-size:18px;font-family:&quot;times new roman&quot;, times, serif\"><br \/>VMay v\u00f5imaldab teil vaadata p\u00f5nevaid otse\u00fclekandeid spordi\u00fcritustest, veebip\u00f5hiseid telesaateid,<br \/>Filmid jne Fire TV Sticki, Android TV Boxi v\u00f5i TV-tuuneri kaudu<br \/>Antenn. Samuti saate avada ekraanipeegelduse v\u00f5luj\u00f5u ja<br \/>Kogege suuremat ekraani teleris. \u00c4rge j\u00e4\u00e4ge ilma tegevusest-<br \/>Alusta otse\u00fclekannet juba t\u00e4na!<\/p>\n<p><\/span><span style=\"font-size:18px;font-family:&quot;times new roman&quot;, times, serif\"><strong>Rikkalik \u00fchenduvus<\/strong><\/span><\/p>\n<p><span style=\"font-size:18px;font-family:&quot;times new roman&quot;, times, serif\"><br \/>See \u00f5ueteleviisor on varustatud Bluetooth 5.3 \u00fchendusega laitmatu heli tagamiseks<br \/>Taasesitus. Mikrofoni ja 3,5 mm lisasisenditega laulmiseks ja muusika esitamiseks.<br \/>Kitarr, kaks HDMI-porti kristallselge video taasesituseks 5V\/2.1A USB kaudu<br \/>Laadimisv\u00e4ljund ja USB-A-port USB-m\u00e4lupulga lugemiseks ja seadmete lugemiseks<br \/>Laadimise ajal on see teler \u00fclim meelelahutuskeskus kogu teie heli jaoks.<br \/>Ja videosoovid!<\/p>\n<p><\/span><span style=\"font-size:18px;font-family:&quot;times new roman&quot;, times, serif\"><strong>Kerge ja kaasaskantav<\/strong><\/span><\/p>\n<p><span style=\"font-size:18px;font-family:&quot;times new roman&quot;, times, serif\"><br \/>Monster VMay teler on teie ideaalne kaaslane \u00f5ues meelelahutuseks.<br \/>Kaalub vaid 7,912 kg ja on varustatud libisemisvastase k\u00e4epidemega. Olenemata sellest, kas<br \/>Telkimisest v\u00f5i peost hoolimata tagab see kaasaskantav teler, et te ei j\u00e4\u00e4 kunagi millestki ilma<br \/>L\u00f5bus hetk liikvel olles.<\/span><\/p>\n<\/p>\n<p><span style=\"color:rgb(0, 0, 0);font-size:medium;font-family:&quot;Microsoft YaHei&quot;\"><strong><span style=\"font-size:24px\"><span style=\"font-family:&quot;times new roman&quot;, times, serif\">&gt;&gt;Spetsifikatsioon<\/span><\/span><\/strong><\/span><\/p>\n<table style=\"border-collapse:collapse;font-family:&quot;Microsoft YaHei&quot;\" border=\"1\" cellpadding=\"8\">\n<tbody>\n<tr>\n<td style=\"font-size:14px;text-align:center\" width=\"114\" align=\"center\">\n<p><span style=\"font-size:18px;font-family:&quot;times new roman&quot;, times, serif\">\u00dcldine<\/span><\/p>\n<\/td>\n<td style=\"font-size:14px;text-align:center\" width=\"509\" align=\"center\">\n<p><span style=\"font-size:18px;font-family:&quot;times new roman&quot;, times, serif\">Br\u00e4nd: Koletis<br \/>T\u00fc\u00fcp: V\u00e4liteleviisor<br \/>Mudel: VMay<br \/>V\u00e4rv: must ja armeeroheline<\/span><\/p>\n<\/td>\n<\/tr>\n<tr>\n<td style=\"font-size:14px;text-align:center\" width=\"114\" align=\"center\">\n<p><span style=\"font-size:18px;font-family:&quot;times new roman&quot;, times, serif\">P\u00f5hispetsifikatsioon<\/span><\/p>\n<\/td>\n<td style=\"font-size:14px;text-align:center\" width=\"509\" align=\"center\">\n<p><span style=\"font-size:18px;font-family:&quot;times new roman&quot;, times, serif\">Ekraani suurus: 15,6 tolli<br \/>Paneeli t\u00fc\u00fcp: IPS<br \/>Kuvasuhe: 16:9<br \/>Maksimaalne eraldusv\u00f5ime: 1920 \u00d7 1080<br \/>Pikslite samm: 0,17925 (K) x 0,17925 (V)<br \/>Piksli konfiguratsioon: vertikaalne RGB triip<br \/>Ekraani pind: Peegeldusvastane<br \/>Materjalid: metall ja plastik<br \/>Veekindluse tase: IPX4<br \/>Bluetooth-\u00fchendus: BT 5.3<br \/>K\u00f5lari v\u00e4ljundv\u00f5imsus: 60W<br \/>K\u00f5lari draiverid: 3 \u201dt\u00e4isulatusega<br \/>Sageduskarakteristik: 40Hz\u201320KHz<\/span><\/p>\n<\/td>\n<\/tr>\n<tr>\n<td style=\"font-size:14px;text-align:center\" width=\"114\" align=\"center\">\n<p><span style=\"font-size:18px;font-family:&quot;times new roman&quot;, times, serif\">Liidesed<\/span><\/p>\n<\/td>\n<td style=\"font-size:14px;text-align:center\" width=\"509\" align=\"center\">\n<p><span style=\"font-size:18px;font-family:&quot;times new roman&quot;, times, serif\">2 \u00d7 HDMI-porti<br \/>1 x USB-v\u00e4ljund (5V 2.1A)<br \/>1 x USB-A<br \/>1 x Aux (3,5 mm)<br \/>1 x mikrofoni\/kitarri sisend (6,35 mm)<br \/>1 x teleri antenniport<br \/>1 x vahelduvvoolu sisend<br \/>1 x alalisvoolu sisend<\/span><\/p>\n<\/td>\n<\/tr>\n<tr>\n<td style=\"font-size:14px;text-align:center\" width=\"114\" align=\"center\">\n<p><span style=\"font-size:18px;font-family:&quot;times new roman&quot;, times, serif\">Funktsioon<\/span><\/p>\n<\/td>\n<td style=\"font-size:14px;text-align:center\" width=\"509\" align=\"center\">\n<p><span style=\"font-size:18px;font-family:&quot;times new roman&quot;, times, serif\">FM-raadio: tugi<br \/>Mikrofon: tugi<br \/>Kitarr: Toetus<\/span><\/p>\n<\/td>\n<\/tr>\n<tr>\n<td style=\"font-size:14px;text-align:center\" width=\"114\" align=\"center\">\n<p><span style=\"font-size:18px;font-family:&quot;times new roman&quot;, times, serif\">Toide ja aku<\/span><\/p>\n<\/td>\n<td style=\"font-size:14px;text-align:center\" width=\"509\" align=\"center\">\n<p><span style=\"font-size:18px;font-family:&quot;times new roman&quot;, times, serif\">Toitepinge: vahelduvvool 120\u2013240 V<br \/>Energiatarve: 0,561<br \/>Aku: 12 V, 9 A<br \/>Laadimisaeg: umbes 6 tundi<br \/>Kestus: 25 tundi (ainult heli), 8 tundi (video ja heli)<br \/>Ooteaeg: 15 minutit<\/span><\/p>\n<\/td>\n<\/tr>\n<tr>\n<td style=\"font-size:14px;text-align:center\" width=\"114\" align=\"center\">\n<p><span style=\"font-size:18px;font-family:&quot;times new roman&quot;, times, serif\">Kaal ja suurus<\/span><\/p>\n<\/td>\n<td style=\"font-size:14px;text-align:center\" width=\"509\" align=\"center\">\n<p><span style=\"font-size:18px;font-family:&quot;times new roman&quot;, times, serif\">Toote kaal: 7,912 kg<br \/>Paki kaal: 10,5 kg<br \/>Toote m\u00f5\u00f5dud (P x L x K): 452 \u00d7 230,5 \u00d7 476 mm<br \/>Paki suurus (P x L x K): 505x286x526 mm<\/span><\/p>\n<\/td>\n<\/tr>\n<\/tbody>\n<\/table>\n<p style=\"line-height:inherit;margin:0px;margin-bottom:0px;margin-top:0px;margin-left:0px;margin-right:0px;padding:0px;padding-bottom:0px;padding-top:0px;padding-left:0px;padding-right:0px;box-sizing:border-box\"><span style=\"color:rgb(0, 0, 0);font-size:medium;font-family:&quot;Microsoft YaHei&quot;\"><strong><span style=\"font-size:24px\"><span style=\"font-family:&quot;times new roman&quot;, times, serif\">&gt;&gt;Tootepildid ja -kirjeldused<\/span><\/span><\/strong><\/span><\/p>\n<p style=\"line-height:inherit;margin:0px;margin-bottom:0px;margin-top:0px;margin-left:0px;margin-right:0px;padding:0px;padding-bottom:0px;padding-top:0px;padding-left:0px;padding-right:0px;box-sizing:border-box\"><img decoding=\"async\" src=\"https:\/\/ae01.alicdn.com\/kf\/Sf56cde8be645441fabf49d6bef37bb36B.jpg\" slate-data-type=\"image\" \/><img decoding=\"async\" src=\"https:\/\/ae01.alicdn.com\/kf\/S72164c2ef8ff4dcea624089af2793152t.jpg\" slate-data-type=\"image\" \/><img decoding=\"async\" src=\"https:\/\/ae01.alicdn.com\/kf\/S8c08e88f4c694b0f88b98f96a6247ac9j.jpg\" slate-data-type=\"image\" \/><br \/><img decoding=\"async\" style=\"font-family:&quot;Open Sans&quot;, sans-serif, Arial, Helvetica;margin:0px;margin-bottom:0px;margin-top:0px;margin-left:0px;margin-right:0px;padding:0px;padding-bottom:0px;padding-top:0px;padding-left:0px;padding-right:0px;display:inherit;width:1000px;height:auto\" class=\"lazy_img\" width=\"1000px\" height=\"auto\" src=\"https:\/\/img.gkbcdn.com\/d\/202406\/20591bb1-0e84-4a75-babe-a6f9cdaa27a2._p1_.jpg\" slate-data-type=\"image\" \/><img decoding=\"async\" src=\"https:\/\/ae01.alicdn.com\/kf\/Sbdf1db4301024348aa2b30bbbaaf8e075.jpg\" slate-data-type=\"image\" \/><\/p>\n<p style=\"font-family:&quot;Open Sans&quot;, sans-serif, Arial, Helvetica;font-size:14px;font-weight:400;letter-spacing:normal;line-height:22px;text-align:start;white-space:normal;color:rgb(46, 47, 50);background-color:rgb(255, 255, 255);margin:0px 0px 10px;margin-bottom:10px;margin-top:0px;margin-left:0px;margin-right:0px;padding:0px;padding-bottom:0px;padding-top:0px;padding-left:0px;padding-right:0px;max-width:1000px\" align=\"start\"><img decoding=\"async\" style=\"font-family:&quot;Open Sans&quot;, sans-serif, Arial, Helvetica;margin:0px;margin-bottom:0px;margin-top:0px;margin-left:0px;margin-right:0px;padding:0px;padding-bottom:0px;padding-top:0px;padding-left:0px;padding-right:0px;display:inherit;width:1000px;height:auto\" class=\"lazy_img\" width=\"1000px\" height=\"auto\" src=\"https:\/\/img.gkbcdn.com\/d\/202406\/36d30518-4b1d-4e12-bf62-f9ca70d45c1e._p1_.jpg\" slate-data-type=\"image\" \/><img decoding=\"async\" style=\"font-family:&quot;Open Sans&quot;, sans-serif, Arial, Helvetica;margin:0px;margin-bottom:0px;margin-top:0px;margin-left:0px;margin-right:0px;padding:0px;padding-bottom:0px;padding-top:0px;padding-left:0px;padding-right:0px;display:inherit;width:1000px;height:auto\" class=\"lazy_img\" width=\"1000px\" height=\"auto\" src=\"https:\/\/img.gkbcdn.com\/d\/202406\/6c488cf2-7fc8-41d8-9160-fdd9277bb7d8._p1_.jpg\" slate-data-type=\"image\" \/><img decoding=\"async\" style=\"font-family:&quot;Open Sans&quot;, sans-serif, Arial, Helvetica;margin:0px;margin-bottom:0px;margin-top:0px;margin-left:0px;margin-right:0px;padding:0px;padding-bottom:0px;padding-top:0px;padding-left:0px;padding-right:0px;display:inherit;width:1000px;height:auto\" class=\"lazy_img\" width=\"1000px\" height=\"auto\" src=\"https:\/\/img.gkbcdn.com\/d\/202406\/7329aa21-36a2-4bf3-8bd3-c685768225e4._p1_.jpg\" slate-data-type=\"image\" \/><img decoding=\"async\" style=\"font-family:&quot;Open Sans&quot;, sans-serif, Arial, Helvetica;margin:0px;margin-bottom:0px;margin-top:0px;margin-left:0px;margin-right:0px;padding:0px;padding-bottom:0px;padding-top:0px;padding-left:0px;padding-right:0px;display:inherit;width:1000px;height:auto\" class=\"lazy_img\" width=\"1000px\" height=\"auto\" src=\"https:\/\/img.gkbcdn.com\/d\/202406\/2ab058b5-c749-4758-b644-24db1fb64a08._p1_.jpg\" slate-data-type=\"image\" \/><img decoding=\"async\" style=\"font-family:&quot;Open Sans&quot;, sans-serif, Arial, Helvetica;margin:0px;margin-bottom:0px;margin-top:0px;margin-left:0px;margin-right:0px;padding:0px;padding-bottom:0px;padding-top:0px;padding-left:0px;padding-right:0px;display:inherit;width:1000px;height:auto\" class=\"lazy_img\" width=\"1000px\" height=\"auto\" src=\"https:\/\/img.gkbcdn.com\/d\/202406\/Monster-Vision156-Bluetooth-Speaker-with-Built-in-LCD-TV-524897-0._p1_.jpg\" slate-data-type=\"image\" \/><img decoding=\"async\" style=\"font-family:&quot;Open Sans&quot;, sans-serif, Arial, Helvetica;margin:0px;margin-bottom:0px;margin-top:0px;margin-left:0px;margin-right:0px;padding:0px;padding-bottom:0px;padding-top:0px;padding-left:0px;padding-right:0px;display:inherit;width:1000px;height:auto\" class=\"lazy_img\" width=\"1000px\" height=\"auto\" src=\"https:\/\/img.gkbcdn.com\/d\/202406\/Monster-Vision156-Bluetooth-Speaker-with-Built-in-LCD-TV-524897-1._p1_.jpg\" slate-data-type=\"image\" \/><img decoding=\"async\" style=\"font-family:&quot;Open Sans&quot;, sans-serif, Arial, Helvetica;margin:0px;margin-bottom:0px;margin-top:0px;margin-left:0px;margin-right:0px;padding:0px;padding-bottom:0px;padding-top:0px;padding-left:0px;padding-right:0px;display:inherit;width:1000px;height:auto\" class=\"lazy_img\" width=\"1000px\" height=\"auto\" src=\"https:\/\/img.gkbcdn.com\/d\/202406\/Monster-Vision156-Bluetooth-Speaker-with-Built-in-LCD-TV-524897-2._p1_.jpg\" slate-data-type=\"image\" \/><\/p>\n<p><\/div>\n<\/div>","protected":false},"excerpt":{"rendered":"<p>Input\/Output:&nbsp;Aux Sound Mode:&nbsp;Hi-Res Sound Mode,3D Surround Sound Mode,Immersive Sound Mode,Stereo Sound Mode,Smart Sound Mode,Live Sound Mode,Extra Bass Mode,Transparency Mode,Sleeping Mode,Standard Mode,3EQ Modes Category:&nbsp;Speakers Use:&nbsp;Camping Input Power(W):&nbsp;400-499 W Voice Control:&nbsp;Yes Waterproof:&nbsp;Yes<\/p>","protected":false},"featured_media":21780,"comment_status":"open","ping_status":"closed","template":"","meta":{"_acf_changed":false},"product_brand":[],"product_cat":[515],"product_tag":[],"class_list":{"0":"post-21779","1":"product","2":"type-product","3":"status-publish","4":"has-post-thumbnail","6":"product_cat-portable-power-stations","8":"first","9":"instock","10":"shipping-taxable","11":"purchasable","12":"product-type-simple"},"acf":[],"_links":{"self":[{"href":"https:\/\/www.electricstore.eu\/et\/wp-json\/wp\/v2\/product\/21779","targetHints":{"allow":["GET"]}}],"collection":[{"href":"https:\/\/www.electricstore.eu\/et\/wp-json\/wp\/v2\/product"}],"about":[{"href":"https:\/\/www.electricstore.eu\/et\/wp-json\/wp\/v2\/types\/product"}],"replies":[{"embeddable":true,"href":"https:\/\/www.electricstore.eu\/et\/wp-json\/wp\/v2\/comments?post=21779"}],"wp:featuredmedia":[{"embeddable":true,"href":"https:\/\/www.electricstore.eu\/et\/wp-json\/wp\/v2\/media\/21780"}],"wp:attachment":[{"href":"https:\/\/www.electricstore.eu\/et\/wp-json\/wp\/v2\/media?parent=21779"}],"wp:term":[{"taxonomy":"product_brand","embeddable":true,"href":"https:\/\/www.electricstore.eu\/et\/wp-json\/wp\/v2\/product_brand?post=21779"},{"taxonomy":"product_cat","embeddable":true,"href":"https:\/\/www.electricstore.eu\/et\/wp-json\/wp\/v2\/product_cat?post=21779"},{"taxonomy":"product_tag","embeddable":true,"href":"https:\/\/www.electricstore.eu\/et\/wp-json\/wp\/v2\/product_tag?post=21779"}],"curies":[{"name":"wp","href":"https:\/\/api.w.org\/{rel}","templated":true}]}}