{"id":21752,"date":"2025-05-20T18:26:44","date_gmt":"2025-05-20T18:26:44","guid":{"rendered":"https:\/\/electricstore.eu\/p\/uncategorized\/vtoman-v10-pro-car-jump-starter-4500a-with-led-lights-power-bank-car-power-supply-type-c-quick-charge-for-12v-vehicles\/"},"modified":"2025-05-20T18:26:44","modified_gmt":"2025-05-20T18:26:44","slug":"vtoman-v10-pro-car-jump-starter-4500a-with-led-lights-power-bank-car-power-supply-type-c-quick-charge-for-12v-vehicles","status":"publish","type":"product","link":"https:\/\/electricstore.eu\/et\/p\/batteries\/jump-starter-compressor-power-banks\/vtoman-v10-pro-car-jump-starter-4500a-with-led-lights-power-bank-car-power-supply-type-c-quick-charge-for-12v-vehicles\/","title":{"rendered":"VTOMAN V10 PRO auto k\u00e4ivitusabi 4500A LED-tuledega Power Bank auto toiteplokk t\u00fc\u00fcp C kiirlaadimine 12V s\u00f5idukitele"},"content":{"rendered":"<div class=\"product-specs-list-container\">\n<ul class=\"product-specs-list util-clearfix\">\n<li class=\"product-prop line-limit-length\"><span\n                                        class=\"property-title\">Aku mahtuvus (mAh):&nbsp;<\/span><span\n                                        class=\"property-desc line-limit-length\">3000-5000<\/span>\n                            <\/li>\n<li class=\"product-prop line-limit-length\"><span\n                                        class=\"property-title\">Br\u00e4nd:&nbsp;<\/span><span\n                                        class=\"property-desc line-limit-length\">VTOMNA<\/span>\n                            <\/li>\n<li class=\"product-prop line-limit-length\"><span\n                                        class=\"property-title\">Mudel:&nbsp;<\/span><span\n                                        class=\"property-desc line-limit-length\">V10 PRO<\/span>\n                            <\/li>\n<li class=\"product-prop line-limit-length\"><span\n                                        class=\"property-title\">Nimivool:&nbsp;<\/span><span\n                                        class=\"property-desc line-limit-length\">4500A<\/span>\n                            <\/li>\n<li class=\"product-prop line-limit-length\"><span\n                                        class=\"property-title\">\u00dclikonnad:&nbsp;<\/span><span\n                                        class=\"property-desc line-limit-length\">12 V s\u00f5idukitele (sh k\u00f5ik bensiini- ja kuni 10,0-liitrised diiselmootorid)<\/span>\n                            <\/li>\n<li class=\"product-prop line-limit-length\"><span\n                                        class=\"property-title\">Omadused 02:&nbsp;<\/span><span\n                                        class=\"property-desc line-limit-length\">C-t\u00fc\u00fcpi kiirlaadimine<\/span>\n                            <\/li>\n<li class=\"product-prop line-limit-length\"><span\n                                        class=\"property-title\">Omadused 03:&nbsp;<\/span><span\n                                        class=\"property-desc line-limit-length\">T\u00fchjad patareid<\/span>\n                            <\/li>\n<li class=\"product-prop line-limit-length\"><span\n                                        class=\"property-title\">Omadused 04:&nbsp;<\/span><span\n                                        class=\"property-desc line-limit-length\">4500A 12V s\u00f5idukitele<\/span>\n                            <\/li>\n<li class=\"product-prop line-limit-length\"><span\n                                        class=\"property-title\">Omadused 05:&nbsp;<\/span><span\n                                        class=\"property-desc line-limit-length\">10 k\u00f5ige kaasaegsemat ohutustehnoloogiat<\/span>\n                            <\/li>\n<li class=\"product-prop line-limit-length\"><span\n                                        class=\"property-title\">Omadused 06:&nbsp;<\/span><span\n                                        class=\"property-desc line-limit-length\">Kaasaskantav ja kompaktne<\/span>\n                            <\/li>\n<li class=\"product-prop line-limit-length\"><span\n                                        class=\"property-title\">Omadused 01:&nbsp;<\/span><span\n                                        class=\"property-desc line-limit-length\">24 kuud ooteaega<\/span>\n                            <\/li>\n<\/ul><\/div>\n<p><span style=\"font-size:26px\"><strong>T\u00e4hts\u00fcndmused:<\/strong><\/span><\/p>\n<ul style=\"font-family:&quot;Microsoft YaHei&quot;;font-size:medium;font-weight:400;letter-spacing:normal;text-align:start;white-space:normal;color:rgb(0, 0, 0);margin-bottom:10px;padding-left:0px\" class=\"clearfix\" align=\"start\">\n<li style=\"font-size:14px;margin-right:10px;padding-left:18px;list-style:none;position:relative;float:left\">\n<h3><strong>4500A 12V s\u00f5idukitele<\/strong><\/h3>\n<p>Ehtsa 4500 amprise voolutugevusega V10 Pro k\u00e4ivitusakupakett suudab ohutult ja t\u00f5husalt k\u00e4ivitada k\u00f5iki 12 V s\u00f5idukeid (sh k\u00f5iki bensiini- ja kuni 10,0-liitriseid diiselmootoreid) k\u00f5igest 30 sekundiga. See sobib universaalselt autode, veoautode, mootorrataste, traktorite, muruniidukite, maasturite, mootorsaanide, paatide, kaubikute, haagissuvilate ja muuga.<\/p>\n<h3><strong>T\u00fchjad patareid<\/strong><\/h3>\n<p>V10 Pro h\u00fcppekastiga saad auto kohe uuesti k\u00e4ivitada isegi siis, kui aku on t\u00e4iesti t\u00fchi v\u00f5i pinge on tuvastamiseks liiga madal \u2013 vajuta lihtsalt nuppu &quot;BOOST&quot; ja auto k\u00e4ivitub koheselt \u2013 \u00fche laadimisega saab k\u00e4ivitada kuni 70 korda, isegi \u00e4\u00e4rmuslikes ilmastikutingimustes (-4 \u2109 kuni 140 \u2109). \u00c4ra enam kunagi oota \u00e4revalt tee\u00e4\u00e4rset abi tundide kaupa.<\/p>\n<h3><strong>C-t\u00fc\u00fcpi kiirlaadimine<\/strong><\/h3>\n<p>Varustatud USB-C\/PD15W, kahe USB-A\/kiirlaadimise v\u00e4ljundi ja 15V\/10A alalisvooluga, toimib see kaasaskantav akuk\u00e4ivitusseade ka mitmek\u00fclgse akulaadija toiteplokina tahvelarvutite, telefonide, kantavate seadmete, \u00f5hukompressorite, autok\u00fclmikute jms laadimiseks.<\/p>\n<h3><strong>10 k\u00f5ige kaasaegsemat ohutustehnoloogiat<\/strong><\/h3>\n<p>VTOMANi autoaku k\u00e4ivituskomplekt seab esikohale ohutuse ja kasutusmugavuse. See t\u00e4iustatud k\u00e4ivituskaabli indikaator kasutab punast tagurpidi tuld, et teavitada teid valest kasutamisest, k\u00f5rvaldades k\u00f5ik mured valede \u00fchenduste v\u00f5i s\u00e4demete p\u00e4rast. See pakub laia valikut kaitsefunktsioone, sealhulgas s\u00e4demekaitset, tagurpidi laadimise, \u00fclevoolu, \u00fclelaadimise, vastupidise polaarsuse, k\u00f5rge temperatuuri, madala temperatuuri, l\u00fchise, \u00fclepinge ja \u00fclekoormuse kaitset.<\/p>\n<h3><strong>Kaasaskantav ja kompaktne<\/strong><\/h3>\n<p>VTOMAN V10 Pro autoaku k\u00e4ivitusseadmel on kaasas vastupidav \u00fcmbris, mis v\u00f5imaldab seda h\u00e4daolukordades mugavalt pagasiruumis hoida. See on kergesti kaasaskantav ja sobib mitmesugusteks v\u00e4litegevusteks ja telkimiseks, pakkudes kolme 400-luumenilise LED-valguse re\u017eiimi (tavaline, vilkuv, SOS).<\/p>\n<h3><strong>24 kuud ooteaega<\/strong><\/h3>\n<p>See l\u00fclitub automaatselt v\u00e4lja p\u00e4rast 10 sekundilist j\u00f5udeolekut, s\u00e4\u00e4stes energiat ja tagades 24-kuulise ooteaja. See on teie usaldusv\u00e4\u00e4rne ja k\u00f5ikeh\u00f5lmav lahendus tee\u00e4\u00e4rseteks h\u00e4daolukordadeks.<\/p>\n<\/li>\n<li style=\"font-size:14px;font-weight:bold;margin-right:10px;padding-left:18px;list-style:none;float:left\">\n<p><span style=\"font-size:26px\"><strong>Spetsifikatsioon:<\/strong><\/span><\/p>\n<\/li>\n<li style=\"font-size:14px;margin-right:10px;padding-left:18px;list-style:none;position:relative;float:left\">\n<table style=\"border-collapse:collapse;width:1000px\" class=\"jbEidtTable\" border=\"1\" cellpadding=\"5\" cellspacing=\"0\">\n<tbody>\n<tr>\n<td style=\"font-size:14px;text-align:left\" align=\"left\">\n<p><strong>\u00dcldine<\/strong><\/p>\n<\/td>\n<td style=\"font-size:14px;text-align:left\" align=\"left\">\n<p>Kaubam\u00e4rk: VTOMNA<br \/>T\u00fc\u00fcp: Auto h\u00fcppaja<br \/>Mudel: V10 PRO<br \/>V\u00e4rv: kollane<\/p>\n<\/td>\n<\/tr>\n<tr>\n<td style=\"font-size:14px;text-align:left\" align=\"left\">\n<p><strong>Spetsifikatsioon<\/strong><\/p>\n<\/td>\n<td style=\"font-size:14px;text-align:left\" align=\"left\">\n<p>Nimivool: 4500A<br \/>Sobib: 12V s\u00f5idukitele (sh k\u00f5ik bensiini- ja kuni 10,0-liitrised diiselmootorid)<\/p>\n<\/td>\n<\/tr>\n<tr>\n<td style=\"font-size:14px;text-align:left\" align=\"left\">\n<p><strong>Kaal ja suurus<\/strong><\/p>\n<\/td>\n<td style=\"font-size:14px;text-align:left\" align=\"left\">\n<p>Paki kaal: 640g<br \/>Paki suurus (P x L x K): 230 * 94 * 35 mm<\/p>\n<\/td>\n<\/tr>\n<tr>\n<td style=\"font-size:14px;text-align:left\" align=\"left\">\n<p><strong>Pakendi sisu<\/strong><\/p>\n<\/td>\n<td style=\"font-size:14px;text-align:left\" align=\"left\">\n<p>1 x auto k\u00e4ivitusabi<br \/>1 x k\u00e4ivituskaabel<br \/>1 x USB-A\u2013C-t\u00fc\u00fcpi kaabel<br \/>1 x C-t\u00fc\u00fcpi C-t\u00fc\u00fcpi kaabel<br \/>1 x hoiukarp<br \/>1 x kasutusjuhend<\/p>\n<\/td>\n<\/tr>\n<\/tbody>\n<\/table>\n<\/li>\n<\/ul>\n<p><img decoding=\"async\" src=\"https:\/\/ae01.alicdn.com\/kf\/Sc600202e0dc64b898a894dea26f916461.jpg\" slate-data-type=\"image\"\/><img decoding=\"async\" src=\"https:\/\/ae01.alicdn.com\/kf\/Sebb0626c4d7d499c852a7f1da2fce90cK.jpg\" slate-data-type=\"image\"\/><img decoding=\"async\" src=\"https:\/\/ae01.alicdn.com\/kf\/S356867fe7509432d9c10f8cbdf554f3d2.jpg\" slate-data-type=\"image\"\/><img decoding=\"async\" src=\"https:\/\/ae01.alicdn.com\/kf\/S4898ce700f864c83ab95ea2b81172d73U.jpg\" slate-data-type=\"image\"\/><img decoding=\"async\" src=\"https:\/\/ae01.alicdn.com\/kf\/S1678e755b3844ab59c22e4b2cae55c87K.jpg\" slate-data-type=\"image\"\/><img decoding=\"async\" src=\"https:\/\/ae01.alicdn.com\/kf\/S967ac49f559a42c19bbd0e97da7410e4A.jpg\" slate-data-type=\"image\"\/><img decoding=\"async\" src=\"https:\/\/ae01.alicdn.com\/kf\/Sbb5c5babf8844ffcb1030170ec8db036a.jpg\" slate-data-type=\"image\"\/><img decoding=\"async\" src=\"https:\/\/ae01.alicdn.com\/kf\/S3e28dfa1575e4c5fad3e7ad71e63243a0.jpg\" slate-data-type=\"image\"\/><img decoding=\"async\" src=\"https:\/\/ae01.alicdn.com\/kf\/S92fcf4cefc14436fab1d15759c729e63c.jpg\" slate-data-type=\"image\"\/><img decoding=\"async\" src=\"https:\/\/ae01.alicdn.com\/kf\/Sa23e005522994f1b98ba035e79ddfb27p.jpg\" slate-data-type=\"image\"\/><img decoding=\"async\" src=\"https:\/\/ae01.alicdn.com\/kf\/S5ffb78eeb8664be78833e7921638ae6fP.jpg\" slate-data-type=\"image\"\/><img decoding=\"async\" src=\"https:\/\/ae01.alicdn.com\/kf\/S2d81bd5174e645ef9f6645b1644d2f3bK.jpg\" slate-data-type=\"image\"\/><img decoding=\"async\" src=\"https:\/\/ae01.alicdn.com\/kf\/S1f6683fa371c4a65921e9aae8f9424a0B.jpg\" slate-data-type=\"image\"\/><img decoding=\"async\" src=\"https:\/\/ae01.alicdn.com\/kf\/Sd98411c6a5f547578da7e786510deeccB.jpg\" slate-data-type=\"image\"\/><img decoding=\"async\" src=\"https:\/\/ae01.alicdn.com\/kf\/S02f3de51e4754ccc8b5b2a6e4eed52a2A.jpg\" slate-data-type=\"image\"\/><\/p>","protected":false},"excerpt":{"rendered":"<p>Battery Capacity(mAh):&nbsp;3000-5000 Brand:&nbsp;VTOMNA Model:&nbsp;V10 PRO Rated Current:&nbsp;4500A Suits:&nbsp;for 12V Vehicles(including all gasoline and up to 10.0 liters diesel engines) Features 02:&nbsp;Type-C Quick Charge Features 03:&nbsp;Start Dead Batteries Features 04:&nbsp;4500A for<\/p>","protected":false},"featured_media":21753,"comment_status":"open","ping_status":"closed","template":"","meta":{"_acf_changed":false},"product_brand":[],"product_cat":[527],"product_tag":[],"class_list":{"0":"post-21752","1":"product","2":"type-product","3":"status-publish","4":"has-post-thumbnail","6":"product_cat-jump-starter-compressor-power-banks","8":"first","9":"instock","10":"shipping-taxable","11":"purchasable","12":"product-type-simple"},"acf":[],"_links":{"self":[{"href":"https:\/\/electricstore.eu\/et\/wp-json\/wp\/v2\/product\/21752","targetHints":{"allow":["GET"]}}],"collection":[{"href":"https:\/\/electricstore.eu\/et\/wp-json\/wp\/v2\/product"}],"about":[{"href":"https:\/\/electricstore.eu\/et\/wp-json\/wp\/v2\/types\/product"}],"replies":[{"embeddable":true,"href":"https:\/\/electricstore.eu\/et\/wp-json\/wp\/v2\/comments?post=21752"}],"wp:featuredmedia":[{"embeddable":true,"href":"https:\/\/electricstore.eu\/et\/wp-json\/wp\/v2\/media\/21753"}],"wp:attachment":[{"href":"https:\/\/electricstore.eu\/et\/wp-json\/wp\/v2\/media?parent=21752"}],"wp:term":[{"taxonomy":"product_brand","embeddable":true,"href":"https:\/\/electricstore.eu\/et\/wp-json\/wp\/v2\/product_brand?post=21752"},{"taxonomy":"product_cat","embeddable":true,"href":"https:\/\/electricstore.eu\/et\/wp-json\/wp\/v2\/product_cat?post=21752"},{"taxonomy":"product_tag","embeddable":true,"href":"https:\/\/electricstore.eu\/et\/wp-json\/wp\/v2\/product_tag?post=21752"}],"curies":[{"name":"wp","href":"https:\/\/api.w.org\/{rel}","templated":true}]}}