{"id":21749,"date":"2025-05-20T18:26:40","date_gmt":"2025-05-20T18:26:40","guid":{"rendered":"https:\/\/electricstore.eu\/p\/uncategorized\/fossibot-sp420-420w-portable-fordable-solar-panel-23-4-conversion-efficiency-ip67-waterproof-for-portable-power-station\/"},"modified":"2025-05-20T18:26:46","modified_gmt":"2025-05-20T18:26:46","slug":"fossibot-sp420-420w-portable-fordable-solar-panel-23-4-conversion-efficiency-ip67-waterproof-for-portable-power-station","status":"publish","type":"product","link":"https:\/\/electricstore.eu\/et\/p\/batteries\/foldable-solar-panels\/fossibot-sp420-420w-portable-fordable-solar-panel-23-4-conversion-efficiency-ip67-waterproof-for-portable-power-station\/","title":{"rendered":"FOSSiBOT SP420 420W kaasaskantav p\u00f6\u00f6ratav p\u00e4ikesepaneel 23.4% muundamise efektiivsus IP67 veekindel kaasaskantava elektrijaama jaoks"},"content":{"rendered":"<div class=\"product-specs-list-container\">\n<ul class=\"product-specs-list util-clearfix\">\n<li class=\"product-prop line-limit-length\"><span\n                                        class=\"property-title\">Br\u00e4nd:&nbsp;<\/span><span\n                                        class=\"property-desc line-limit-length\">FOSSiBOT<\/span>\n                            <\/li>\n<li class=\"product-prop line-limit-length\"><span\n                                        class=\"property-title\">T\u00fc\u00fcp:&nbsp;<\/span><span\n                                        class=\"property-desc line-limit-length\">P\u00e4ikesepaneel<\/span>\n                            <\/li>\n<li class=\"product-prop line-limit-length\"><span\n                                        class=\"property-title\">Mudel:&nbsp;<\/span><span\n                                        class=\"property-desc line-limit-length\">SP420<\/span>\n                            <\/li>\n<li class=\"product-prop line-limit-length\"><span\n                                        class=\"property-title\">Tippv\u00f5imsus:&nbsp;<\/span><span\n                                        class=\"property-desc line-limit-length\">420W (105W*4)<\/span>\n                            <\/li>\n<li class=\"product-prop line-limit-length\"><span\n                                        class=\"property-title\">Rakut\u00fc\u00fcp:&nbsp;<\/span><span\n                                        class=\"property-desc line-limit-length\">MonoCell (182 * 182 mm)<\/span>\n                            <\/li>\n<li class=\"product-prop line-limit-length\"><span\n                                        class=\"property-title\">Konversioonit\u00f5husus:&nbsp;<\/span><span\n                                        class=\"property-desc line-limit-length\">23.4%<\/span>\n                            <\/li>\n<li class=\"product-prop line-limit-length\"><span\n                                        class=\"property-title\">Imp:&nbsp;<\/span><span\n                                        class=\"property-desc line-limit-length\">13.1A<\/span>\n                            <\/li>\n<\/ul><\/div>\n<p><strong><span style=\"font-size:24px\"><span style=\"font-family:&quot;times new roman&quot;, times, serif\">&gt;&gt;Esilet\u00f5stud<\/span><\/span><\/strong><img decoding=\"async\" style=\"border:0px;margin:0px;margin-bottom:0px;margin-top:0px;margin-left:0px;margin-right:0px;padding:0px;padding-bottom:0px;padding-top:0px;padding-left:0px;padding-right:0px;max-width:100%;box-sizing:border-box\" src=\"https:\/\/ae01.alicdn.com\/kf\/Hfe87bce67f2e4de3a1d571ce40c2f920X.jpg\" slate-data-type=\"image\"\/><br \/><span style=\"font-size:18px;font-family:&quot;times new roman&quot;, times, serif\"><strong>23.4% k\u00f5rge p\u00e4ikeseenergia muundamise efektiivsus<\/strong><\/span><span style=\"font-size:18px;font-family:&quot;times new roman&quot;, times, serif\"><br \/>Koos<br \/> kuni 23,4% suure efektiivsusega monokristallilised p\u00e4ikesepatareid, SP420 t\u00e4idab<br \/> parem kui sarnase hinnanguga pol\u00fckristallilised p\u00e4ikesepaneelid h\u00e4maras valguses <br \/>tingimused. See v\u00f5imaldab teil nautida oma \u00f5ues seiklusi, mis neelavad energiat <br \/>p\u00e4ikeseenergiat matkates, telkides, haagissuvilates, haagistes, paatides, kuurides ja <br \/>kajutid.<\/span><\/p>\n<p><span style=\"font-size:18px;font-family:&quot;times new roman&quot;, times, serif\"><strong>Vastupidav, veekindel ja kriimustuskindel<\/strong><\/span><span style=\"font-size:18px;font-family:&quot;times new roman&quot;, times, serif\"><br \/>Lapsendamine<br \/> vastupidav EFTE-kate pinnal, see on kauakestvam ja <br \/>kriimustuskindel. Paneel on valmistatud ka vastavalt standardile<br \/> IP67 veekindluse standard, mis teeb selle ideaalseks v\u00e4litegevusteks, n\u00e4iteks <br \/>n\u00e4iteks telkides, ronides, matkates ja isegi halbade ilmastikutingimuste korral.<\/span><\/p>\n<p><span style=\"font-size:18px;font-family:&quot;times new roman&quot;, times, serif\"><strong>Lai \u00fchilduvus<\/strong><\/span><span style=\"font-size:18px;font-family:&quot;times new roman&quot;, times, serif\"><br \/>SP420<br \/> sobib ideaalselt FOSSiBOT F3600-le. 4 SP420 p\u00e4ikesepaneeliga F3600<br \/> saab t\u00e4ielikult laadida umbes 2 tunni ja 16 minutiga. Kasutades 3-\u00fches <br \/>p\u00e4ikese laadimiskaabel, see 420W p\u00e4ikesepaneel on m\u00f5eldud kasutamiseks koos <br \/>enamik turul olevaid p\u00e4ikesegeneraatoreid.<\/span><\/p>\n<p><span style=\"font-size:18px;font-family:&quot;times new roman&quot;, times, serif\"><strong>Kokkupandav ja kaasaskantav<\/strong><\/span><span style=\"font-size:18px;font-family:&quot;times new roman&quot;, times, serif\"><br \/>Koos<br \/> Kokkupandult on selle m\u00f5\u00f5tmed 55 x 103,6 cm ja kaal vaid 13,97 kg. <br \/>FOSSiBOT SP420 on iga\u00fche jaoks lihtne transportida ja paigaldada. Sellel on ka <br \/>reguleeritavad tugijalad, mis v\u00f5imaldavad teil p\u00e4ikesepaneeli reguleerida <br \/>p\u00e4ikese j\u00e4rgi.<\/span><\/p>\n<p><\/p>\n<p><strong><span style=\"font-size:24px\"><span style=\"font-family:&quot;times new roman&quot;, times, serif\">&gt;&gt;Spetsifikatsioon<\/span><\/span><\/strong><img decoding=\"async\" style=\"border:0px;margin:0px;margin-bottom:0px;margin-top:0px;margin-left:0px;margin-right:0px;padding:0px;padding-bottom:0px;padding-top:0px;padding-left:0px;padding-right:0px;max-width:100%;box-sizing:border-box\" src=\"https:\/\/ae01.alicdn.com\/kf\/Hfe87bce67f2e4de3a1d571ce40c2f920X.jpg\" slate-data-type=\"image\"\/><\/p>\n<table style=\"border-collapse:collapse;font-family:&quot;Microsoft YaHei&quot;;width:1000px\" class=\"jbEidtTable\" border=\"1\" cellpadding=\"5\" cellspacing=\"0\">\n<tbody>\n<tr>\n<td style=\"font-size:14px;text-align:left\" align=\"left\">\n<p><span style=\"font-size:18px;font-family:&quot;times new roman&quot;, times, serif\"><strong>\u00dcldine<\/strong><\/span><\/p>\n<\/td>\n<td style=\"font-size:14px;text-align:left\" align=\"left\">\n<p><span style=\"font-size:18px;font-family:&quot;times new roman&quot;, times, serif\">Kaubam\u00e4rk: FOSSiBOT<br \/>T\u00fc\u00fcp: P\u00e4ikesepaneel<br \/>Mudel: SP420<br \/>V\u00e4rv: must<\/span><\/p>\n<\/td>\n<\/tr>\n<tr>\n<td style=\"font-size:14px;text-align:left\" align=\"left\">\n<p><span style=\"font-size:18px;font-family:&quot;times new roman&quot;, times, serif\"><strong>Spetsifikatsioon<\/strong><\/span><\/p>\n<\/td>\n<td style=\"font-size:14px;text-align:left\" align=\"left\">\n<p><span style=\"font-size:18px;font-family:&quot;times new roman&quot;, times, serif\">Tippv\u00f5imsus: 420W (105W*4)<br \/>Elementide t\u00fc\u00fcp: MonoCell (182 * 182 mm)<br \/>Konversioonit\u00f5husus: 23,4%<br \/>Pinge: 32V<br \/>Vool: 13,1 A<br \/>Voolupinge: 38,4 V<br \/>Isc: 15,7 A<br \/>V\u00e4ljundport: MC4<br \/>T\u00f6\u00f6temperatuur: -10\u201365 Celsiuse j\u00e4rgi<br \/>S\u00e4ilitustemperatuur: -10\u201365 Celsiuse j\u00e4rgi<br \/>L\u00e4bilaskvus kokku: 97%<br \/>Niiskuse l\u00e4bilaskvus: 40 Celsiuse j\u00e4rgi \/ 90%RH g\/M\u00b2 p\u00e4evas<br \/>Veeimavus: 2,5% (24H)<br \/>Katse standardtingimused: Am1.5 25Celsius 1000W\/\u33a1<br \/>\u00dcks-kolm \u00fclekandejuhtmestik: kehtib k\u00f5igile FOSSiBOT toiteallikatele, aga ka teistele energiabr\u00e4ndidele<br \/>salvestustoiteallikas<\/span><\/p>\n<\/td>\n<\/tr>\n<tr>\n<td style=\"font-size:14px;text-align:left\" align=\"left\">\n<p><span style=\"font-size:18px;font-family:&quot;times new roman&quot;, times, serif\"><strong>Kaal ja suurus<\/strong><\/span><\/p>\n<\/td>\n<td style=\"font-size:14px;text-align:left\" align=\"left\">\n<p><span style=\"font-size:18px;font-family:&quot;times new roman&quot;, times, serif\">Toote kaal: 13,97 kg<br \/>Paki kaal: 15 kg<br \/>Kokkupandud suurus: 550 * 1036 mm<br \/>Voltimata suurus: 2231 * 1036 mm<br \/>Paki suurus (P x L x K): 1070 * 135 * 800 mm<\/span><\/p>\n<\/td>\n<\/tr>\n<tr>\n<td style=\"font-size:14px;text-align:left\" align=\"left\">\n<p><span style=\"font-size:18px;font-family:&quot;times new roman&quot;, times, serif\"><strong>Pakendi sisu<\/strong><\/span><\/p>\n<\/td>\n<td style=\"font-size:14px;text-align:left\" align=\"left\">\n<p><span style=\"font-size:18px;font-family:&quot;times new roman&quot;, times, serif\">1 x p\u00e4ikesepaneel<br \/>1 x kasutusjuhend<\/span><\/p>\n<\/td>\n<\/tr>\n<\/tbody>\n<\/table>\n<p><\/p>\n<p><strong><span style=\"font-size:24px\"><span style=\"font-family:&quot;times new roman&quot;, times, serif\">&gt;&gt;Tootepildid ja -kirjeldused<\/span><\/span><\/strong><img decoding=\"async\" style=\"border:0px;margin:0px;margin-bottom:0px;margin-top:0px;margin-left:0px;margin-right:0px;padding:0px;padding-bottom:0px;padding-top:0px;padding-left:0px;padding-right:0px;max-width:100%;box-sizing:border-box\" src=\"https:\/\/ae01.alicdn.com\/kf\/H6fdde27b326346899cab45b03bea157bQ.jpg\" slate-data-type=\"image\"\/><span style=\"background-color:rgb(204, 204, 204);color:rgb(0, 0, 0);font-size:20px;font-family:&quot;lucida sans unicode&quot;, &quot;lucida grande&quot;, sans-serif\"><br \/><\/span><\/p>\n<p><img decoding=\"async\" src=\"https:\/\/ae01.alicdn.com\/kf\/Sd649baf48ab14635aad771be18e7484ek.jpg\" slate-data-type=\"image\"\/><img decoding=\"async\" src=\"https:\/\/ae01.alicdn.com\/kf\/S7b7ea5ce13f44ede939798e5528e24f1M.jpg\" slate-data-type=\"image\"\/><img decoding=\"async\" src=\"https:\/\/ae01.alicdn.com\/kf\/S73cb22d28fea4a10a1a2191d494e9214H.jpg\" slate-data-type=\"image\"\/><img decoding=\"async\" src=\"https:\/\/ae01.alicdn.com\/kf\/Se5235b927c7d4dfaa6cde3481fbfa267L.jpg\" slate-data-type=\"image\"\/><img decoding=\"async\" src=\"https:\/\/ae01.alicdn.com\/kf\/Sbb573d0f62bf4aa0b94d65252d4936a7I.jpg\" slate-data-type=\"image\"\/><img decoding=\"async\" src=\"https:\/\/ae01.alicdn.com\/kf\/Sa3c4283275364fbb9f56c624ea651c21L.jpg\" slate-data-type=\"image\"\/><img decoding=\"async\" src=\"https:\/\/ae01.alicdn.com\/kf\/Se6aa656251e84d04ab98a4860e0065855.jpg\" slate-data-type=\"image\"\/><img decoding=\"async\" src=\"https:\/\/ae01.alicdn.com\/kf\/S4ecbe3aa6d57459d827647dbdcf6b0645.jpg\" slate-data-type=\"image\"\/><\/p>","protected":false},"excerpt":{"rendered":"<p>Brand:&nbsp;FOSSiBOT Type:&nbsp;Solar Panel Model:&nbsp;SP420 Peak Power:&nbsp;420W (105W*4) Cell Type:&nbsp;MonoCell (182*182mm) Conversion Efficiency:&nbsp;23.4% Imp:&nbsp;13.1A &gt;&gt;Highlights23.4% High Solar Conversion EfficiencyWith up to 23.4% high-efficiency monocrystalline solar cells, SP420 performs better than similarly<\/p>","protected":false},"featured_media":21750,"comment_status":"open","ping_status":"closed","template":"","meta":{"_acf_changed":false},"product_brand":[],"product_cat":[531],"product_tag":[],"class_list":{"0":"post-21749","1":"product","2":"type-product","3":"status-publish","4":"has-post-thumbnail","6":"product_cat-foldable-solar-panels","8":"first","9":"instock","10":"shipping-taxable","11":"purchasable","12":"product-type-simple"},"acf":[],"_links":{"self":[{"href":"https:\/\/electricstore.eu\/et\/wp-json\/wp\/v2\/product\/21749","targetHints":{"allow":["GET"]}}],"collection":[{"href":"https:\/\/electricstore.eu\/et\/wp-json\/wp\/v2\/product"}],"about":[{"href":"https:\/\/electricstore.eu\/et\/wp-json\/wp\/v2\/types\/product"}],"replies":[{"embeddable":true,"href":"https:\/\/electricstore.eu\/et\/wp-json\/wp\/v2\/comments?post=21749"}],"wp:featuredmedia":[{"embeddable":true,"href":"https:\/\/electricstore.eu\/et\/wp-json\/wp\/v2\/media\/21750"}],"wp:attachment":[{"href":"https:\/\/electricstore.eu\/et\/wp-json\/wp\/v2\/media?parent=21749"}],"wp:term":[{"taxonomy":"product_brand","embeddable":true,"href":"https:\/\/electricstore.eu\/et\/wp-json\/wp\/v2\/product_brand?post=21749"},{"taxonomy":"product_cat","embeddable":true,"href":"https:\/\/electricstore.eu\/et\/wp-json\/wp\/v2\/product_cat?post=21749"},{"taxonomy":"product_tag","embeddable":true,"href":"https:\/\/electricstore.eu\/et\/wp-json\/wp\/v2\/product_tag?post=21749"}],"curies":[{"name":"wp","href":"https:\/\/api.w.org\/{rel}","templated":true}]}}