{"id":21738,"date":"2025-05-20T18:26:31","date_gmt":"2025-05-20T18:26:31","guid":{"rendered":"https:\/\/electricstore.eu\/p\/uncategorized\/oukitel-bp2000-portable-power-station-2048wh-640000mah-lifepo4-battery-2200w-ac-output-solar-generator-charging-stations\/"},"modified":"2025-05-20T18:26:38","modified_gmt":"2025-05-20T18:26:38","slug":"oukitel-bp2000-portable-power-station-2048wh-640000mah-lifepo4-battery-2200w-ac-output-solar-generator-charging-stations","status":"publish","type":"product","link":"https:\/\/electricstore.eu\/et\/p\/batteries\/portable-power-stations\/oukitel-bp2000-portable-power-station-2048wh-640000mah-lifepo4-battery-2200w-ac-output-solar-generator-charging-stations\/","title":{"rendered":"OUKITEL BP2000 kaasaskantav laadimisjaam 2048Wh\/640000mAh LiFePO4 aku 2200W vahelduvvoolu v\u00e4ljundiga p\u00e4ikesegeneraatori laadimisjaamad"},"content":{"rendered":"<div class=\"product-specs-list-container\">\n<ul class=\"product-specs-list util-clearfix\">\n<li class=\"product-prop line-limit-length\"><span\n                                        class=\"property-title\">Nimimaht:&nbsp;<\/span><span\n                                        class=\"property-desc line-limit-length\">&gt;3500mAh<\/span>\n                            <\/li>\n<li class=\"product-prop line-limit-length\"><span\n                                        class=\"property-title\">Mudelinumber:&nbsp;<\/span><span\n                                        class=\"property-desc line-limit-length\">OUKITEL BP2000<\/span>\n                            <\/li>\n<li class=\"product-prop line-limit-length\"><span\n                                        class=\"property-title\">T\u00fc\u00fcp:&nbsp;<\/span><span\n                                        class=\"property-desc line-limit-length\">LiFePO4<\/span>\n                            <\/li>\n<li class=\"product-prop line-limit-length\"><span\n                                        class=\"property-title\">Komplekti t\u00fc\u00fcp:&nbsp;<\/span><span\n                                        class=\"property-desc line-limit-length\">Laadija komplektid<\/span>\n                            <\/li>\n<li class=\"product-prop line-limit-length\"><span\n                                        class=\"property-title\">Br\u00e4nd:&nbsp;<\/span><span\n                                        class=\"property-desc line-limit-length\">OUKITEL<\/span>\n                            <\/li>\n<li class=\"product-prop line-limit-length\"><span\n                                        class=\"property-title\">Mudel:&nbsp;<\/span><span\n                                        class=\"property-desc line-limit-length\">BP2000<\/span>\n                            <\/li>\n<li class=\"product-prop line-limit-length\"><span\n                                        class=\"property-title\">V\u00f5imsus:&nbsp;<\/span><span\n                                        class=\"property-desc line-limit-length\">2048 Wh (51,2 V)<\/span>\n                            <\/li>\n<li class=\"product-prop line-limit-length\"><span\n                                        class=\"property-title\">Mahutavus:&nbsp;<\/span><span\n                                        class=\"property-desc line-limit-length\">640000mAh<\/span>\n                            <\/li>\n<li class=\"product-prop line-limit-length\"><span\n                                        class=\"property-title\">Aku:&nbsp;<\/span><span\n                                        class=\"property-desc line-limit-length\">LiFePO4<\/span>\n                            <\/li>\n<li class=\"product-prop line-limit-length\"><span\n                                        class=\"property-title\">Vahelduvvoolu laadija:&nbsp;<\/span><span\n                                        class=\"property-desc line-limit-length\">Max 1800W, AC 200-240Vac Max 15A<\/span>\n                            <\/li>\n<li class=\"product-prop line-limit-length\"><span\n                                        class=\"property-title\">Vahelduvvoolu laadimise aeg:&nbsp;<\/span><span\n                                        class=\"property-desc line-limit-length\">\u00dclikiire laadimine, 1,8 tundi (80% v\u00f5imsus)<\/span>\n                            <\/li>\n<li class=\"product-prop line-limit-length\"><span\n                                        class=\"property-title\">P\u00e4ikeselaadija:&nbsp;<\/span><span\n                                        class=\"property-desc line-limit-length\">1* XT60 port, 12V-120V \/ 15A, MPPT MAX 1000W<\/span>\n                            <\/li>\n<li class=\"product-prop line-limit-length\"><span\n                                        class=\"property-title\">Auto laadimine:&nbsp;<\/span><span\n                                        class=\"property-desc line-limit-length\">2 V\/8 A, 24 V\/10 A<\/span>\n                            <\/li>\n<li class=\"product-prop line-limit-length\"><span\n                                        class=\"property-title\">Omadused 01:&nbsp;<\/span><span\n                                        class=\"property-desc line-limit-length\">kaasaskantav elektrijaam<\/span>\n                            <\/li>\n<li class=\"product-prop line-limit-length\"><span\n                                        class=\"property-title\">Omadused 02:&nbsp;<\/span><span\n                                        class=\"property-desc line-limit-length\">elektrijaam<\/span>\n                            <\/li>\n<li class=\"product-prop line-limit-length\"><span\n                                        class=\"property-title\">Omadused 03:&nbsp;<\/span><span\n                                        class=\"property-desc line-limit-length\">kaasaskantav p\u00e4ikeseelektrijaam<\/span>\n                            <\/li>\n<li class=\"product-prop line-limit-length\"><span\n                                        class=\"property-title\">Omadused 04:&nbsp;<\/span><span\n                                        class=\"property-desc line-limit-length\">laadimisjaamad<\/span>\n                            <\/li>\n<li class=\"product-prop line-limit-length\"><span\n                                        class=\"property-title\">Omadused 05:&nbsp;<\/span><span\n                                        class=\"property-desc line-limit-length\">p\u00e4ikesegeneraator<\/span>\n                            <\/li>\n<li class=\"product-prop line-limit-length\"><span\n                                        class=\"property-title\">Omadused 06:&nbsp;<\/span><span\n                                        class=\"property-desc line-limit-length\">bensiini elektrigeneraator<\/span>\n                            <\/li>\n<\/ul><\/div>\n<p><span style=\"font-size:24px\"><strong>T\u00e4hts\u00fcndmused:<\/strong><\/span><\/p>\n<p><\/p>\n<ul style=\"font-family:&quot;Microsoft YaHei&quot;;font-size:medium;font-weight:400;letter-spacing:normal;text-align:start;white-space:normal;color:rgb(0, 0, 0);margin-bottom:10px;padding-left:0px\" class=\"clearfix\" align=\"start\">\n<li style=\"font-size:14px;margin-right:10px;padding-left:18px;list-style:none;position:relative;float:left\">\n<p>BP2000 kaasaskantav elektrijaam on varustatud tipptasemel kahesuunalise inverteriga, mis v\u00f5imaldab \u00fclikiiret vahelduvvoolu laadimist kuni 1800 W-ni, mis on v\u00f5rgutoitel saavutatav suurim v\u00f5imsus. See kasutab esmaklassilisi plahvatuskindlaid LiFePO4 akusid, millel on 3500 eluts\u00fcklit, ja nutikat BMS-i ohutuks ja stabiilseks toiteks. Sellel on MPPT toitekiip t\u00f5husaks p\u00e4ikeseenergial laadimiseks ja see saab voolukatkestuste ajal toimida UPS-ina. Samuti saab see paralleelselt \u00fchendada lisaakusid, et rahuldada erinevaid energiavajadusi.<\/p>\n<\/li>\n<li style=\"font-size:14px;margin-right:10px;padding-left:18px;list-style:none;position:relative;float:left\">\n<div><\/div>\n<h3><strong>Mahtuvus 2048 Wh, vahelduvvoolu v\u00e4ljund 2200 W<\/strong><\/h3>\n<p>Maksimaalse 2048 Wh v\u00f5imsuse ja 2200 W vahelduvvoolu v\u00e4ljundv\u00f5imsusega OUKITEL BP2000 toitejaam suudab toita peaaegu k\u00f5iki eluks vajalikke seadmeid alates t\u00e4issuuruses k\u00fclmkappidest ja mikrolaineahjudest kuni veekeetjate ja f\u00f6\u00f6nideni.<\/p>\n<\/li>\n<li style=\"font-size:14px;margin-right:10px;padding-left:18px;list-style:none;position:relative;float:left\">\n<div><\/div>\n<h3><strong>Puhas siinuslaine 2200W inverter<\/strong><\/h3>\n<p>Puhas siinuslaine inverter tagab konstantse pinge ja kaitseb tundlikku elektroonikat kahjustuste ja normaalse t\u00f6\u00f6 eest.<\/p>\n<\/li>\n<li style=\"font-size:14px;margin-right:10px;padding-left:18px;list-style:none;position:relative;float:left\">\n<div><\/div>\n<h3><strong>Laienda kuni 7 akupakendini<\/strong><\/h3>\n<p>Iga BP2000 on 2048 Wh, millele lisandub kuni 7 x B2000 (iga\u00fcks 2048 Wh) laiendusakut kogumahutavusega 16384 Wh, et toita teie pere p\u00f5hivajadusi igap\u00e4evase kasutamise v\u00f5i voolukatkestuste ajal.<\/p>\n<\/li>\n<li style=\"font-size:14px;margin-right:10px;padding-left:18px;list-style:none;position:relative;float:left\">\n<p><strong>Kiire vahelduvvoolu laadimine<\/strong><\/p>\n<\/li>\n<\/ul>\n<p>BP2000 laeb end t\u00e4ielikult vooluv\u00f5rgust 1,5 tunniga v\u00f5i kahekordselt laadides PV1OOOW + AC1800W abil 1 tunniga, mis v\u00f5imaldab teil seda l\u00fchikese aja jooksul uuesti kasutama hakata.<\/p>\n<h3><strong>Mitu laadimisv\u00f5imalust<\/strong><\/h3>\n<p>OUKITEL BP2000 pakub viit laadimisviisi: vahelduvvool, p\u00e4ikeseenergia, vahelduvvool + p\u00e4ikeseenergia, auto ja generaatori laadimine ning sellel on laadimiskiiruse reguleerimiseks juhtnupp, mis hoiab \u00e4ra \u00fclekuumenemise v\u00f5i muud \u00fclelaadimisest tulenevad ohud.<\/p>\n<h3><strong>2000W UPS<\/strong><\/h3>\n<p>Isegi hetkeline voolukatkestus v\u00f5ib p\u00f5hjustada andmete kadu v\u00f5i riistvara kahjustumist, kuid 2000 W UPS (&lt; 10 ms) suudab elektrikatkestuste korral koheselt varutoidet pakkuda.<\/p>\n<h3><strong>Pikaealised LiFePO4 akud<\/strong><\/h3>\n<p>Varustatud elektriautodele m\u00f5eldud akudega, mis p\u00fcsivad t\u00f6\u00f6korras kuni 3500 laadimists\u00fcklit v\u00f5i 10 aastat.<\/p>\n<p><img decoding=\"async\" style=\"font-family:&quot;sans-serif&quot;, sans-serif;font-size:14px;font-weight:400;letter-spacing:normal;text-align:start;white-space:normal;color:rgb(102, 102, 102);background-color:rgb(255, 255, 255);border:0px;margin:10px 0px;margin-bottom:10px;margin-top:10px;margin-left:0px;margin-right:0px;max-width:100%;height:auto;box-sizing:border-box\" class=\"lazy_img\" height=\"auto\" src=\"https:\/\/img.gkbcdn.com\/s3\/d\/202308\/OUKITEL-BP2000-Portable-Power-Station-521802-0.jpg\" slate-data-type=\"image\"\/><img decoding=\"async\" style=\"font-family:&quot;sans-serif&quot;, sans-serif;font-size:14px;font-weight:400;letter-spacing:normal;text-align:start;white-space:normal;color:rgb(102, 102, 102);background-color:rgb(255, 255, 255);border:0px;margin:10px 0px;margin-bottom:10px;margin-top:10px;margin-left:0px;margin-right:0px;max-width:100%;height:auto;box-sizing:border-box\" class=\"lazy_img\" height=\"auto\" src=\"https:\/\/img.gkbcdn.com\/s3\/d\/202308\/OUKITEL-BP2000-Portable-Power-Station-521802-1.jpg\" slate-data-type=\"image\"\/><img decoding=\"async\" style=\"font-family:&quot;sans-serif&quot;, sans-serif;font-size:14px;font-weight:400;letter-spacing:normal;text-align:start;white-space:normal;color:rgb(102, 102, 102);background-color:rgb(255, 255, 255);border:0px;margin:10px 0px;margin-bottom:10px;margin-top:10px;margin-left:0px;margin-right:0px;max-width:100%;height:auto;box-sizing:border-box\" class=\"lazy_img\" height=\"auto\" src=\"https:\/\/img.gkbcdn.com\/s3\/d\/202308\/OUKITEL-BP2000-Portable-Power-Station-521802-2.jpg\" slate-data-type=\"image\"\/><img decoding=\"async\" style=\"font-family:&quot;sans-serif&quot;, sans-serif;font-size:14px;font-weight:400;letter-spacing:normal;text-align:start;white-space:normal;color:rgb(102, 102, 102);background-color:rgb(255, 255, 255);border:0px;margin:10px 0px;margin-bottom:10px;margin-top:10px;margin-left:0px;margin-right:0px;max-width:100%;height:auto;box-sizing:border-box\" class=\"lazy_img\" height=\"auto\" src=\"https:\/\/img.gkbcdn.com\/s3\/d\/202308\/OUKITEL-BP2000-Portable-Power-Station-521802-3.jpg\" slate-data-type=\"image\"\/><img decoding=\"async\" style=\"font-family:&quot;sans-serif&quot;, sans-serif;font-size:14px;font-weight:400;letter-spacing:normal;text-align:start;white-space:normal;color:rgb(102, 102, 102);background-color:rgb(255, 255, 255);border:0px;margin:10px 0px;margin-bottom:10px;margin-top:10px;margin-left:0px;margin-right:0px;max-width:100%;height:auto;box-sizing:border-box\" class=\"lazy_img\" height=\"auto\" src=\"https:\/\/img.gkbcdn.com\/s3\/d\/202308\/OUKITEL-BP2000-Portable-Power-Station-521802-4.jpg\" slate-data-type=\"image\"\/><img decoding=\"async\" style=\"font-family:&quot;sans-serif&quot;, sans-serif;font-size:14px;font-weight:400;letter-spacing:normal;text-align:start;white-space:normal;color:rgb(102, 102, 102);background-color:rgb(255, 255, 255);border:0px;margin:10px 0px;margin-bottom:10px;margin-top:10px;margin-left:0px;margin-right:0px;max-width:100%;height:auto;box-sizing:border-box\" class=\"lazy_img\" height=\"auto\" src=\"https:\/\/img.gkbcdn.com\/s3\/d\/202308\/OUKITEL-BP2000-Portable-Power-Station-521802-5.jpg\" slate-data-type=\"image\"\/><img decoding=\"async\" style=\"font-family:&quot;sans-serif&quot;, sans-serif;font-size:14px;font-weight:400;letter-spacing:normal;text-align:start;white-space:normal;color:rgb(102, 102, 102);background-color:rgb(255, 255, 255);border:0px;margin:10px 0px;margin-bottom:10px;margin-top:10px;margin-left:0px;margin-right:0px;max-width:100%;height:auto;box-sizing:border-box\" class=\"lazy_img\" height=\"auto\" src=\"https:\/\/img.gkbcdn.com\/s3\/d\/202308\/OUKITEL-BP2000-Portable-Power-Station-521802-6.jpg\" slate-data-type=\"image\"\/><img decoding=\"async\" style=\"font-family:&quot;sans-serif&quot;, sans-serif;font-size:14px;font-weight:400;letter-spacing:normal;text-align:start;white-space:normal;color:rgb(102, 102, 102);background-color:rgb(255, 255, 255);border:0px;margin:10px 0px;margin-bottom:10px;margin-top:10px;margin-left:0px;margin-right:0px;max-width:100%;height:auto;box-sizing:border-box\" class=\"lazy_img\" height=\"auto\" src=\"https:\/\/img.gkbcdn.com\/s3\/d\/202308\/OUKITEL-BP2000-Portable-Power-Station-521802-7.jpg\" slate-data-type=\"image\"\/><img decoding=\"async\" style=\"font-family:&quot;sans-serif&quot;, sans-serif;font-size:14px;font-weight:400;letter-spacing:normal;text-align:start;white-space:normal;color:rgb(102, 102, 102);background-color:rgb(255, 255, 255);border:0px;margin:10px 0px;margin-bottom:10px;margin-top:10px;margin-left:0px;margin-right:0px;max-width:100%;height:auto;box-sizing:border-box\" class=\"lazy_img\" height=\"auto\" src=\"https:\/\/img.gkbcdn.com\/s3\/d\/202308\/OUKITEL-BP2000-Portable-Power-Station-521802-8.jpg\" slate-data-type=\"image\"\/><img decoding=\"async\" style=\"font-family:&quot;sans-serif&quot;, sans-serif;font-size:14px;font-weight:400;letter-spacing:normal;text-align:start;white-space:normal;color:rgb(102, 102, 102);background-color:rgb(255, 255, 255);border:0px;margin:10px 0px;margin-bottom:10px;margin-top:10px;margin-left:0px;margin-right:0px;max-width:100%;height:auto;box-sizing:border-box\" class=\"lazy_img\" height=\"auto\" src=\"https:\/\/img.gkbcdn.com\/s3\/d\/202308\/OUKITEL-BP2000-Portable-Power-Station-521802-9.jpg\" slate-data-type=\"image\"\/><img decoding=\"async\" style=\"font-family:&quot;sans-serif&quot;, sans-serif;font-size:14px;font-weight:400;letter-spacing:normal;text-align:start;white-space:normal;color:rgb(102, 102, 102);background-color:rgb(255, 255, 255);border:0px;margin:10px 0px;margin-bottom:10px;margin-top:10px;margin-left:0px;margin-right:0px;max-width:100%;height:auto;box-sizing:border-box\" class=\"lazy_img\" height=\"auto\" src=\"https:\/\/img.gkbcdn.com\/s3\/d\/202308\/OUKITEL-BP2000-Portable-Power-Station-521802-10.jpg\" slate-data-type=\"image\"\/><img decoding=\"async\" style=\"font-family:&quot;sans-serif&quot;, sans-serif;font-size:14px;font-weight:400;letter-spacing:normal;text-align:start;white-space:normal;color:rgb(102, 102, 102);background-color:rgb(255, 255, 255);border:0px;margin:10px 0px;margin-bottom:10px;margin-top:10px;margin-left:0px;margin-right:0px;max-width:100%;height:auto;box-sizing:border-box\" class=\"lazy_img\" height=\"auto\" src=\"https:\/\/img.gkbcdn.com\/s3\/d\/202308\/OUKITEL-BP2000-Portable-Power-Station-521802-11.jpg\" slate-data-type=\"image\"\/><img decoding=\"async\" style=\"font-family:&quot;sans-serif&quot;, sans-serif;font-size:14px;font-weight:400;letter-spacing:normal;text-align:start;white-space:normal;color:rgb(102, 102, 102);background-color:rgb(255, 255, 255);border:0px;margin:10px 0px;margin-bottom:10px;margin-top:10px;margin-left:0px;margin-right:0px;max-width:100%;height:auto;box-sizing:border-box\" class=\"lazy_img\" height=\"auto\" src=\"https:\/\/img.gkbcdn.com\/s3\/d\/202308\/OUKITEL-B2000-2048Wh-LiFePO4-Battery-Pack-521803-0.jpg\" slate-data-type=\"image\"\/><img decoding=\"async\" style=\"font-family:&quot;sans-serif&quot;, sans-serif;font-size:14px;font-weight:400;letter-spacing:normal;text-align:start;white-space:normal;color:rgb(102, 102, 102);background-color:rgb(255, 255, 255);border:0px;margin:10px 0px;margin-bottom:10px;margin-top:10px;margin-left:0px;margin-right:0px;max-width:100%;height:auto;box-sizing:border-box\" class=\"lazy_img\" height=\"auto\" src=\"https:\/\/img.gkbcdn.com\/s3\/d\/202308\/OUKITEL-B2000-2048Wh-LiFePO4-Battery-Pack-521803-1.jpg\" slate-data-type=\"image\"\/><img decoding=\"async\" style=\"font-family:&quot;sans-serif&quot;, sans-serif;font-size:14px;font-weight:400;letter-spacing:normal;text-align:start;white-space:normal;color:rgb(102, 102, 102);background-color:rgb(255, 255, 255);border:0px;margin:10px 0px;margin-bottom:10px;margin-top:10px;margin-left:0px;margin-right:0px;max-width:100%;height:auto;box-sizing:border-box\" class=\"lazy_img\" height=\"auto\" src=\"https:\/\/img.gkbcdn.com\/s3\/d\/202308\/OUKITEL-B2000-2048Wh-LiFePO4-Battery-Pack-521803-2.jpg\" slate-data-type=\"image\"\/><img decoding=\"async\" style=\"font-family:&quot;sans-serif&quot;, sans-serif;font-size:14px;font-weight:400;letter-spacing:normal;text-align:start;white-space:normal;color:rgb(102, 102, 102);background-color:rgb(255, 255, 255);border:0px;margin:10px 0px;margin-bottom:10px;margin-top:10px;margin-left:0px;margin-right:0px;max-width:100%;height:auto;box-sizing:border-box\" class=\"lazy_img\" height=\"auto\" src=\"https:\/\/img.gkbcdn.com\/s3\/d\/202303\/OUKITEL-PV400-400W-Foldable-Portable-Solar-Panel-519775-0.jpg\" slate-data-type=\"image\"\/><img decoding=\"async\" style=\"font-family:&quot;sans-serif&quot;, sans-serif;font-size:14px;font-weight:400;letter-spacing:normal;text-align:start;white-space:normal;color:rgb(102, 102, 102);background-color:rgb(255, 255, 255);border:0px;margin:10px 0px;margin-bottom:10px;margin-top:10px;margin-left:0px;margin-right:0px;max-width:100%;height:auto;box-sizing:border-box\" class=\"lazy_img\" height=\"auto\" src=\"https:\/\/img.gkbcdn.com\/s3\/d\/202303\/OUKITEL-PV400-400W-Foldable-Portable-Solar-Panel-519775-1.jpg\" slate-data-type=\"image\"\/><img decoding=\"async\" style=\"font-family:&quot;sans-serif&quot;, sans-serif;font-size:14px;font-weight:400;letter-spacing:normal;text-align:start;white-space:normal;color:rgb(102, 102, 102);background-color:rgb(255, 255, 255);border:0px;margin:10px 0px;margin-bottom:10px;margin-top:10px;margin-left:0px;margin-right:0px;max-width:100%;height:auto;box-sizing:border-box\" class=\"lazy_img\" height=\"auto\" src=\"https:\/\/img.gkbcdn.com\/s3\/d\/202303\/OUKITEL-PV400-400W-Foldable-Portable-Solar-Panel-519775-2.jpg\" slate-data-type=\"image\"\/><img decoding=\"async\" style=\"font-family:&quot;sans-serif&quot;, sans-serif;font-size:14px;font-weight:400;letter-spacing:normal;text-align:start;white-space:normal;color:rgb(102, 102, 102);background-color:rgb(255, 255, 255);border:0px;margin:10px 0px;margin-bottom:10px;margin-top:10px;margin-left:0px;margin-right:0px;max-width:100%;height:auto;box-sizing:border-box\" class=\"lazy_img\" height=\"auto\" src=\"https:\/\/img.gkbcdn.com\/s3\/d\/202303\/OUKITEL-PV400-400W-Foldable-Portable-Solar-Panel-519775-3.jpg\" slate-data-type=\"image\"\/><\/p>","protected":false},"excerpt":{"rendered":"<p>Nominal Capacity:&nbsp;&gt;3500mAh Model Number:&nbsp;OUKITEL BP2000 Type:&nbsp;LiFePO4 Set Type:&nbsp;Charger Sets Brand:&nbsp;OUKITEL Model:&nbsp;BP2000 Power:&nbsp;2048Wh (51.2V ) Capacity:&nbsp;640000mAh Battery:&nbsp;LiFePO4 AC Charger:&nbsp;Max1800W, AC200-240Vac Max15A AC Charging Time:&nbsp;Super Fast Charge, 1.8 hours (80% power) Solar<\/p>","protected":false},"featured_media":21739,"comment_status":"open","ping_status":"closed","template":"","meta":{"_acf_changed":false},"product_brand":[],"product_cat":[515],"product_tag":[],"class_list":{"0":"post-21738","1":"product","2":"type-product","3":"status-publish","4":"has-post-thumbnail","6":"product_cat-portable-power-stations","8":"first","9":"instock","10":"shipping-taxable","11":"purchasable","12":"product-type-simple"},"acf":[],"_links":{"self":[{"href":"https:\/\/electricstore.eu\/et\/wp-json\/wp\/v2\/product\/21738","targetHints":{"allow":["GET"]}}],"collection":[{"href":"https:\/\/electricstore.eu\/et\/wp-json\/wp\/v2\/product"}],"about":[{"href":"https:\/\/electricstore.eu\/et\/wp-json\/wp\/v2\/types\/product"}],"replies":[{"embeddable":true,"href":"https:\/\/electricstore.eu\/et\/wp-json\/wp\/v2\/comments?post=21738"}],"wp:featuredmedia":[{"embeddable":true,"href":"https:\/\/electricstore.eu\/et\/wp-json\/wp\/v2\/media\/21739"}],"wp:attachment":[{"href":"https:\/\/electricstore.eu\/et\/wp-json\/wp\/v2\/media?parent=21738"}],"wp:term":[{"taxonomy":"product_brand","embeddable":true,"href":"https:\/\/electricstore.eu\/et\/wp-json\/wp\/v2\/product_brand?post=21738"},{"taxonomy":"product_cat","embeddable":true,"href":"https:\/\/electricstore.eu\/et\/wp-json\/wp\/v2\/product_cat?post=21738"},{"taxonomy":"product_tag","embeddable":true,"href":"https:\/\/electricstore.eu\/et\/wp-json\/wp\/v2\/product_tag?post=21738"}],"curies":[{"name":"wp","href":"https:\/\/api.w.org\/{rel}","templated":true}]}}