{"id":21731,"date":"2025-05-20T18:21:40","date_gmt":"2025-05-20T18:21:40","guid":{"rendered":"https:\/\/electricstore.eu\/p\/uncategorized\/tallpower-tp200-200w-portable-foldable-solar-panel-solar-charger-24-energy-conversion-efficiency-solar-panel-support-kit\/"},"modified":"2025-05-20T18:21:47","modified_gmt":"2025-05-20T18:21:47","slug":"tallpower-tp200-200w-portable-foldable-solar-panel-solar-charger-24-energy-conversion-efficiency-solar-panel-support-kit","status":"publish","type":"product","link":"https:\/\/electricstore.eu\/et\/p\/batteries\/foldable-solar-panels\/tallpower-tp200-200w-portable-foldable-solar-panel-solar-charger-24-energy-conversion-efficiency-solar-panel-support-kit\/","title":{"rendered":"TALLPOWER TP200 200W kaasaskantav kokkupandav p\u00e4ikesepaneel p\u00e4ikeselaadija 24% energia muundamise efektiivsusega p\u00e4ikesepaneelide tugikomplekt"},"content":{"rendered":"<div class=\"product-specs-list-container\">\n<ul class=\"product-specs-list util-clearfix\">\n<li class=\"product-prop line-limit-length\"><span\n                                        class=\"property-title\">Br\u00e4nd:&nbsp;<\/span><span\n                                        class=\"property-desc line-limit-length\">TALLPOWER<\/span>\n                            <\/li>\n<li class=\"product-prop line-limit-length\"><span\n                                        class=\"property-title\">Mudel:&nbsp;<\/span><span\n                                        class=\"property-desc line-limit-length\">TP200<\/span>\n                            <\/li>\n<li class=\"product-prop line-limit-length\"><span\n                                        class=\"property-title\">V\u00e4rv:&nbsp;<\/span><span\n                                        class=\"property-desc line-limit-length\">Must<\/span>\n                            <\/li>\n<li class=\"product-prop line-limit-length\"><span\n                                        class=\"property-title\">T\u00fc\u00fcp:&nbsp;<\/span><span\n                                        class=\"property-desc line-limit-length\">Kaasaskantav p\u00e4ikesepaneel<\/span>\n                            <\/li>\n<li class=\"product-prop line-limit-length\"><span\n                                        class=\"property-title\">P\u00e4ikesepaneeli v\u00f5imsus:&nbsp;<\/span><span\n                                        class=\"property-desc line-limit-length\">200W<\/span>\n                            <\/li>\n<li class=\"product-prop line-limit-length\"><span\n                                        class=\"property-title\">Pinge:&nbsp;<\/span><span\n                                        class=\"property-desc line-limit-length\">18V<\/span>\n                            <\/li>\n<li class=\"product-prop line-limit-length\"><span\n                                        class=\"property-title\">Praegune:&nbsp;<\/span><span\n                                        class=\"property-desc line-limit-length\">11.1A<\/span>\n                            <\/li>\n<li class=\"product-prop line-limit-length\"><span\n                                        class=\"property-title\">Vokaal:&nbsp;<\/span><span\n                                        class=\"property-desc line-limit-length\">21,6 V<\/span>\n                            <\/li>\n<li class=\"product-prop line-limit-length\"><span\n                                        class=\"property-title\">Konversioonit\u00f5husus:&nbsp;<\/span><span\n                                        class=\"property-desc line-limit-length\">24%<\/span>\n                            <\/li>\n<li class=\"product-prop line-limit-length\"><span\n                                        class=\"property-title\">Paki kaal:&nbsp;<\/span><span\n                                        class=\"property-desc line-limit-length\">7,2 kg<\/span>\n                            <\/li>\n<\/ul><\/div>\n<p><\/p>\n<div id=\"nav-description\" style=\"font-family:&quot;TT Norms Pro&quot;, &quot;Open Sans&quot;, Roboto, Arial, Helvetica, sans-serif, SimSun;font-size:14px;font-weight:400;letter-spacing:normal;text-align:start;white-space:normal;color:rgb(34, 34, 34);margin:-156px 0px 0px;margin-bottom:0px;margin-top:-156px;margin-left:0px;margin-right:0px;padding:156px 0px 0px;padding-bottom:0px;padding-top:156px;padding-left:0px;padding-right:0px;box-sizing:border-box\" class=\"description--wrap--LscZ0He\" align=\"start\">\n<div style=\"margin:0px;margin-bottom:0px;margin-top:0px;margin-left:0px;margin-right:0px;padding:0px;padding-bottom:0px;padding-top:0px;padding-left:0px;padding-right:0px;box-sizing:border-box\">\n<div style=\"margin:0px;margin-bottom:0px;margin-top:0px;margin-left:0px;margin-right:0px;padding:0px;padding-bottom:0px;padding-top:0px;padding-left:0px;padding-right:0px;overflow:hidden;position:relative;box-sizing:border-box\" class=\"extend--content--VuIQZia\">\n<div style=\"margin:0px;margin-bottom:0px;margin-top:0px;margin-left:0px;margin-right:0px;padding:0px;padding-bottom:0px;padding-top:0px;padding-left:0px;padding-right:0px;box-sizing:border-box\">\n<div id=\"product-description\" style=\"margin:0px;margin-bottom:0px;margin-top:0px;margin-left:0px;margin-right:0px;padding:0px;padding-bottom:0px;padding-top:0px;padding-left:0px;padding-right:0px;max-width:944px;overflow:hidden;position:relative;box-sizing:border-box\" class=\"description--product-description--Mjtql28\">\n<div style=\"margin:0px;margin-bottom:0px;margin-top:0px;margin-left:0px;margin-right:0px;padding:0px;padding-bottom:0px;padding-top:0px;padding-left:0px;padding-right:0px;box-sizing:border-box\" class=\"description--origin-part--rWy05pE\">\n<ul style=\"font-family:&quot;Microsoft YaHei&quot;;font-size:medium;font-weight:400;letter-spacing:normal;text-align:start;white-space:normal;color:rgb(0, 0, 0);margin:0px 0px 10px;margin-bottom:10px;margin-top:0px;margin-left:0px;margin-right:0px;padding:0px;padding-bottom:0px;padding-top:0px;padding-left:0px;padding-right:0px;list-style:disc;box-sizing:border-box\" class=\"clearfix\" align=\"start\">\n<li style=\"font-size:14px;font-weight:bold;margin:0px 10px 0px 0px;margin-bottom:0px;margin-top:0px;margin-left:0px;margin-right:10px;padding:0px 0px 0px 18px;padding-bottom:0px;padding-top:0px;padding-left:18px;padding-right:0px;list-style:none;float:left;box-sizing:border-box\">\n<p style=\"line-height:inherit;margin:0px;margin-bottom:0px;margin-top:0px;margin-left:0px;margin-right:0px;padding:0px;padding-bottom:0px;padding-top:0px;padding-left:0px;padding-right:0px;box-sizing:border-box\"><span style=\"font-size:22px\"><strong>T\u00e4hts\u00fcndmused:<\/strong><\/span><\/p>\n<\/li>\n<li style=\"font-size:14px;margin:0px 10px 0px 0px;margin-bottom:0px;margin-top:0px;margin-left:0px;margin-right:10px;padding:0px 0px 0px 18px;padding-bottom:0px;padding-top:0px;padding-left:18px;padding-right:0px;list-style:none;position:relative;float:left;box-sizing:border-box\">\n<h3 style=\"box-sizing:border-box\"><strong>Maksimaalne v\u00e4ljundv\u00f5imsus 200 W<\/strong><\/h3>\n<p style=\"line-height:inherit;margin:0px;margin-bottom:0px;margin-top:0px;margin-left:0px;margin-right:0px;padding:0px;padding-bottom:0px;padding-top:0px;padding-left:0px;padding-right:0px;box-sizing:border-box\">TP200 maksimaalne v\u00e4ljundv\u00f5imsus on 200 W, mis v\u00f5imaldab teil seadmeid kiiresti laadida. Olenemata sellest, kas olete \u00f5ues seiklustel v\u00f5i kodus varutoiteallikana, pakub TP200 usaldusv\u00e4\u00e4rset toidet.<\/p>\n<h3 style=\"box-sizing:border-box\"><strong>Suure t\u00f5hususega p\u00e4ikesepaneel<\/strong><\/h3>\n<p style=\"line-height:inherit;margin:0px;margin-bottom:0px;margin-top:0px;margin-left:0px;margin-right:0px;padding:0px;padding-bottom:0px;padding-top:0px;padding-left:0px;padding-right:0px;box-sizing:border-box\">TP200 kasutab valguse neeldumise v\u00f5ime parandamiseks ETFE p\u00e4ikesepaneele. See teeb TP200-st usaldusv\u00e4\u00e4rse ja t\u00f5husa p\u00e4ikesegeneraatori, mis pakub usaldusv\u00e4\u00e4rset energiat isegi halbades valgustingimustes.<\/p>\n<h3 style=\"box-sizing:border-box\"><strong>Stabiilne toiteallikas<\/strong><\/h3>\n<p style=\"line-height:inherit;margin:0px;margin-bottom:0px;margin-top:0px;margin-left:0px;margin-right:0px;padding:0px;padding-bottom:0px;padding-top:0px;padding-left:0px;padding-right:0px;box-sizing:border-box\">TP200 pakub kuni 18 V v\u00e4ljundpinget (max) ja kuni 11,1 A v\u00e4ljundvoolu (max), et tagada usaldusv\u00e4\u00e4rne toiteallikas. Sellel on ka 21,6 V t\u00fchik\u00e4igu pinge ja 13,3 A l\u00fchisvool, seega suudab see tagada stabiilse toiteallika isegi siis, kui p\u00e4ikesepaneel on kahjustatud.<\/p>\n<\/li>\n<\/ul>\n<p style=\"line-height:inherit;margin:0px;margin-bottom:0px;margin-top:0px;margin-left:0px;margin-right:0px;padding:0px;padding-bottom:0px;padding-top:0px;padding-left:0px;padding-right:0px;box-sizing:border-box\"><\/p>\n<ul style=\"font-family:&quot;Microsoft YaHei&quot;;font-size:medium;font-weight:400;letter-spacing:normal;text-align:start;white-space:normal;color:rgb(0, 0, 0);margin:0px 0px 10px;margin-bottom:10px;margin-top:0px;margin-left:0px;margin-right:0px;padding:0px;padding-bottom:0px;padding-top:0px;padding-left:0px;padding-right:0px;list-style:disc;box-sizing:border-box\" class=\"clearfix\" align=\"start\">\n<li style=\"font-size:14px;font-weight:bold;margin:0px 10px 0px 0px;margin-bottom:0px;margin-top:0px;margin-left:0px;margin-right:10px;padding:0px 0px 0px 18px;padding-bottom:0px;padding-top:0px;padding-left:18px;padding-right:0px;list-style:none;float:left;box-sizing:border-box\">\n<p style=\"line-height:inherit;margin:0px;margin-bottom:0px;margin-top:0px;margin-left:0px;margin-right:0px;padding:0px;padding-bottom:0px;padding-top:0px;padding-left:0px;padding-right:0px;box-sizing:border-box\"><span style=\"font-size:22px\"><strong>Spetsifikatsioon:<\/strong><\/span><\/p>\n<\/li>\n<li style=\"font-size:14px;margin:0px 10px 0px 0px;margin-bottom:0px;margin-top:0px;margin-left:0px;margin-right:10px;padding:0px 0px 0px 18px;padding-bottom:0px;padding-top:0px;padding-left:18px;padding-right:0px;list-style:none;position:relative;float:left;box-sizing:border-box\">\n<table style=\"border-collapse:collapse;width:800px\" class=\"jbEidtTable\" border=\"1\" cellpadding=\"5\" cellspacing=\"0\">\n<tbody>\n<tr>\n<td style=\"font-size:14px;text-align:left\" align=\"left\">\n<p style=\"line-height:inherit;margin:0px;margin-bottom:0px;margin-top:0px;margin-left:0px;margin-right:0px;padding:0px;padding-bottom:0px;padding-top:0px;padding-left:0px;padding-right:0px;box-sizing:border-box\"><strong>\u00dcldine<\/strong><\/p>\n<\/td>\n<td style=\"font-size:14px;text-align:left\" align=\"left\">\n<p style=\"line-height:inherit;margin:0px;margin-bottom:0px;margin-top:0px;margin-left:0px;margin-right:0px;padding:0px;padding-bottom:0px;padding-top:0px;padding-left:0px;padding-right:0px;box-sizing:border-box\">Kaubam\u00e4rk: TALLPOWER<br \/>T\u00fc\u00fcp: kaasaskantav p\u00e4ikesepaneel<br \/>Mudel: TP200<br \/>V\u00e4rv: must<\/p>\n<\/td>\n<\/tr>\n<tr>\n<td style=\"font-size:14px;text-align:left\" align=\"left\">\n<p style=\"line-height:inherit;margin:0px;margin-bottom:0px;margin-top:0px;margin-left:0px;margin-right:0px;padding:0px;padding-bottom:0px;padding-top:0px;padding-left:0px;padding-right:0px;box-sizing:border-box\"><strong>Spetsifikatsioon<\/strong><\/p>\n<\/td>\n<td style=\"font-size:14px;text-align:left\" align=\"left\">\n<p style=\"line-height:inherit;margin:0px;margin-bottom:0px;margin-top:0px;margin-left:0px;margin-right:0px;padding:0px;padding-bottom:0px;padding-top:0px;padding-left:0px;padding-right:0px;box-sizing:border-box\">P\u00e4ikesepaneeli v\u00f5imsus: 200W<br \/>Pinge: 18V<br \/>Voolutugevus: 11,1 A<br \/>Voolupinge: 21,6 V<br \/>Isc: 13,3 A<br \/>Konversioonit\u00f5husus: 24%<br \/>T\u00f6\u00f6temperatuur: -10\u201365 Celsiuse j\u00e4rgi<\/p>\n<\/td>\n<\/tr>\n<tr>\n<td style=\"font-size:14px;text-align:left\" align=\"left\">\n<p style=\"line-height:inherit;margin:0px;margin-bottom:0px;margin-top:0px;margin-left:0px;margin-right:0px;padding:0px;padding-bottom:0px;padding-top:0px;padding-left:0px;padding-right:0px;box-sizing:border-box\"><strong>Kaal ja suurus<\/strong><\/p>\n<\/td>\n<td style=\"font-size:14px;text-align:left\" align=\"left\">\n<p style=\"line-height:inherit;margin:0px;margin-bottom:0px;margin-top:0px;margin-left:0px;margin-right:0px;padding:0px;padding-bottom:0px;padding-top:0px;padding-left:0px;padding-right:0px;box-sizing:border-box\">Paki kaal: 7,2 kg<br \/>Paki suurus (P x L x K): 53x57x0,1 cm<\/p>\n<\/td>\n<\/tr>\n<tr>\n<td style=\"font-size:14px;text-align:left\" align=\"left\">\n<p style=\"line-height:inherit;margin:0px;margin-bottom:0px;margin-top:0px;margin-left:0px;margin-right:0px;padding:0px;padding-bottom:0px;padding-top:0px;padding-left:0px;padding-right:0px;box-sizing:border-box\"><strong>Pakendi sisu<\/strong><\/p>\n<\/td>\n<td style=\"font-size:14px;text-align:left\" align=\"left\">\n<p style=\"line-height:inherit;margin:0px;margin-bottom:0px;margin-top:0px;margin-left:0px;margin-right:0px;padding:0px;padding-bottom:0px;padding-top:0px;padding-left:0px;padding-right:0px;box-sizing:border-box\">1 x TP200 kaasaskantav p\u00e4ikesepaneel<br \/>1 x MC4 laadimiskaabel<br \/>1 x kasutusjuhend<\/p>\n<\/td>\n<\/tr>\n<\/tbody>\n<\/table>\n<\/li>\n<\/ul>\n<p style=\"line-height:inherit;margin:0px;margin-bottom:0px;margin-top:0px;margin-left:0px;margin-right:0px;padding:0px;padding-bottom:0px;padding-top:0px;padding-left:0px;padding-right:0px;box-sizing:border-box\"><img decoding=\"async\" style=\"border:0px;margin:0px;margin-bottom:0px;margin-top:0px;margin-left:0px;margin-right:0px;padding:0px;padding-bottom:0px;padding-top:0px;padding-left:0px;padding-right:0px;max-width:100%;box-sizing:border-box\" src=\"https:\/\/ae01.alicdn.com\/kf\/S076f9dba37d744febb962915a6aaf5c2U.jpg\" slate-data-type=\"image\"\/><img decoding=\"async\" style=\"border:0px;margin:0px;margin-bottom:0px;margin-top:0px;margin-left:0px;margin-right:0px;padding:0px;padding-bottom:0px;padding-top:0px;padding-left:0px;padding-right:0px;max-width:100%;box-sizing:border-box\" src=\"https:\/\/ae01.alicdn.com\/kf\/Se821d56c9ec1405e98bae05c3227d23aH.jpg\" slate-data-type=\"image\"\/><img decoding=\"async\" style=\"border:0px;margin:0px;margin-bottom:0px;margin-top:0px;margin-left:0px;margin-right:0px;padding:0px;padding-bottom:0px;padding-top:0px;padding-left:0px;padding-right:0px;max-width:100%;box-sizing:border-box\" src=\"https:\/\/ae01.alicdn.com\/kf\/S6ac95138c9c448b69777c0a149a3b2aeW.jpg\" slate-data-type=\"image\"\/><img decoding=\"async\" style=\"border:0px;margin:0px;margin-bottom:0px;margin-top:0px;margin-left:0px;margin-right:0px;padding:0px;padding-bottom:0px;padding-top:0px;padding-left:0px;padding-right:0px;max-width:100%;box-sizing:border-box\" src=\"https:\/\/ae01.alicdn.com\/kf\/Se8c451b7257e421bb904625311af33164.jpg\" slate-data-type=\"image\"\/><\/p>\n<\/div>\n<\/div>\n<\/div>\n<\/div>\n<\/div>\n<\/div>\n<p><\/p>","protected":false},"excerpt":{"rendered":"<p>Brand:&nbsp;TALLPOWER Model:&nbsp;TP200 Color:&nbsp;Black Type:&nbsp;Portable Solar Panel Solar Panel Power:&nbsp;200W Voltage:&nbsp;18V Current:&nbsp;11.1A Voc:&nbsp;21.6V Conversion Efficiency:&nbsp;24% Package Weight:&nbsp;7.2kg Highlights\uff1a 200W Max Output TP200 has a maximum output of 200W, which allows you<\/p>","protected":false},"featured_media":21732,"comment_status":"open","ping_status":"closed","template":"","meta":{"_acf_changed":false},"product_brand":[],"product_cat":[531],"product_tag":[],"class_list":{"0":"post-21731","1":"product","2":"type-product","3":"status-publish","4":"has-post-thumbnail","6":"product_cat-foldable-solar-panels","8":"first","9":"instock","10":"shipping-taxable","11":"purchasable","12":"product-type-simple"},"acf":[],"_links":{"self":[{"href":"https:\/\/electricstore.eu\/et\/wp-json\/wp\/v2\/product\/21731","targetHints":{"allow":["GET"]}}],"collection":[{"href":"https:\/\/electricstore.eu\/et\/wp-json\/wp\/v2\/product"}],"about":[{"href":"https:\/\/electricstore.eu\/et\/wp-json\/wp\/v2\/types\/product"}],"replies":[{"embeddable":true,"href":"https:\/\/electricstore.eu\/et\/wp-json\/wp\/v2\/comments?post=21731"}],"wp:featuredmedia":[{"embeddable":true,"href":"https:\/\/electricstore.eu\/et\/wp-json\/wp\/v2\/media\/21732"}],"wp:attachment":[{"href":"https:\/\/electricstore.eu\/et\/wp-json\/wp\/v2\/media?parent=21731"}],"wp:term":[{"taxonomy":"product_brand","embeddable":true,"href":"https:\/\/electricstore.eu\/et\/wp-json\/wp\/v2\/product_brand?post=21731"},{"taxonomy":"product_cat","embeddable":true,"href":"https:\/\/electricstore.eu\/et\/wp-json\/wp\/v2\/product_cat?post=21731"},{"taxonomy":"product_tag","embeddable":true,"href":"https:\/\/electricstore.eu\/et\/wp-json\/wp\/v2\/product_tag?post=21731"}],"curies":[{"name":"wp","href":"https:\/\/api.w.org\/{rel}","templated":true}]}}