{"id":21725,"date":"2025-05-20T18:21:34","date_gmt":"2025-05-20T18:21:34","guid":{"rendered":"https:\/\/electricstore.eu\/p\/uncategorized\/oukitel-pv200-foldable-solar-panel-21-7-solar-conversion-efficiency-ip65-waterproof\/"},"modified":"2025-05-20T18:21:35","modified_gmt":"2025-05-20T18:21:35","slug":"oukitel-pv200-foldable-solar-panel-21-7-solar-conversion-efficiency-ip65-waterproof","status":"publish","type":"product","link":"https:\/\/electricstore.eu\/et\/p\/batteries\/foldable-solar-panels\/oukitel-pv200-foldable-solar-panel-21-7-solar-conversion-efficiency-ip65-waterproof\/","title":{"rendered":"OUKITEL PV200 kokkupandav p\u00e4ikesepaneel, 21.7% p\u00e4ikeseenergia muundamise efektiivsus, IP65 veekindel"},"content":{"rendered":"<div class=\"product-specs-list-container\">\n<ul class=\"product-specs-list util-clearfix\">\n<li class=\"product-prop line-limit-length\"><span\n                                        class=\"property-title\">Br\u00e4nd:&nbsp;<\/span><span\n                                        class=\"property-desc line-limit-length\">OUKITEL<\/span>\n                            <\/li>\n<li class=\"product-prop line-limit-length\"><span\n                                        class=\"property-title\">Mudel:&nbsp;<\/span><span\n                                        class=\"property-desc line-limit-length\">PV200<\/span>\n                            <\/li>\n<li class=\"product-prop line-limit-length\"><span\n                                        class=\"property-title\">Nimiv\u00f5imsus:&nbsp;<\/span><span\n                                        class=\"property-desc line-limit-length\">200W<\/span>\n                            <\/li>\n<li class=\"product-prop line-limit-length\"><span\n                                        class=\"property-title\">T\u00f5husus:&nbsp;<\/span><span\n                                        class=\"property-desc line-limit-length\">21.7%<\/span>\n                            <\/li>\n<li class=\"product-prop line-limit-length\"><span\n                                        class=\"property-title\">Open Circuit Voltage:&nbsp;<\/span><span\n                                        class=\"property-desc line-limit-length\">25,2 V<\/span>\n                            <\/li>\n<\/ul><\/div>\n<p style=\"font-family:&quot;Microsoft YaHei&quot;;font-size:medium;font-weight:400;letter-spacing:normal;text-align:start;white-space:normal;color:rgb(0, 0, 0)\" align=\"start\"><span style=\"font-size:x-large\">T\u00e4hts\u00fcndmused<\/span><\/p>\n<p><\/p>\n<p style=\"font-family:&quot;Microsoft YaHei&quot;;font-size:medium;font-weight:400;letter-spacing:normal;text-align:start;white-space:normal;color:rgb(0, 0, 0)\" align=\"start\"><strong>K\u00f5rge konversioonit\u00f5husus<\/strong><br \/>OUKITEL PV200 on valmistatud suure t\u00f5hususega monokristallilistest p\u00e4ikesepatareidest, mille efektiivsus on kuni 21,7%, ning suudab muundada rohkem p\u00e4ikeseenergiat kasutatavaks energiaks, mis v\u00f5imaldab suuremat energiatootmist isegi siis, kui paneeli suurus ei ole suurem kui tavalistel p\u00e4ikesepaneelidel.<\/p>\n<p><\/p>\n<p style=\"font-family:&quot;Microsoft YaHei&quot;;font-size:medium;font-weight:400;letter-spacing:normal;text-align:start;white-space:normal;color:rgb(0, 0, 0)\" align=\"start\"><strong>Vastupidav ja pritsmekindel<\/strong><br \/>ETFE-lamineeritud korpus on piisavalt vastupidav, et pikendada p\u00e4ikesepaneeli eluiga. IP65 veekindel disain kaitseb seda pritsmete eest (\u00e4rge asetage seda vihma k\u00e4tte).<\/p>\n<p><\/p>\n<p style=\"font-family:&quot;Microsoft YaHei&quot;;font-size:medium;font-weight:400;letter-spacing:normal;text-align:start;white-space:normal;color:rgb(0, 0, 0)\" align=\"start\"><strong>Lihtne kaasas kanda ja tugijalg on kaasas<\/strong><br \/>OUKITEL PV200 p\u00e4ikesepaneel on kokkupandav, nii et saate selle k\u00f5ikjale kaasa v\u00f5tta. Tugijalg on nurga all, mis v\u00f5imaldab p\u00e4ikesepaneelil p\u00e4ikesevalguse energiat h\u00f5lpsalt omastada.<\/p>\n<p><\/p>\n<p style=\"font-family:&quot;Microsoft YaHei&quot;;font-size:medium;font-weight:400;letter-spacing:normal;text-align:start;white-space:normal;color:rgb(0, 0, 0)\" align=\"start\"><strong>Lai \u00fchilduvus<\/strong><br \/>See p\u00e4ikesepaneel \u00fchildub OUKITEL P2001\/P501\/CN505\/P301 elektrijaama ja teiste turul olevate generaatoritega, ideaalne v\u00f5rguv\u00e4liseks telkimiseks ja ootamatute elektrikatkestuste korral.<\/p>\n<p><\/p>\n<h2 style=\"font-family:&quot;Microsoft YaHei&quot;;font-size:14px;letter-spacing:normal;text-align:start;white-space:normal;color:rgb(0, 0, 0);margin:10px 0px;margin-bottom:10px;margin-top:10px;margin-left:0px;margin-right:0px;padding:0px;padding-bottom:0px;padding-top:0px;padding-left:0px;padding-right:0px\" align=\"start\"><span style=\"font-size:26px\"><strong>Spetsifikatsioon<\/strong><\/span><\/h2>\n<p><\/p>\n<table style=\"border-collapse:collapse;font-family:&quot;Microsoft YaHei&quot;;width:1000px\" class=\"jbEidtTable\" border=\"1\" cellpadding=\"5\" cellspacing=\"0\">\n<tbody>\n<tr>\n<td style=\"text-align:left\" align=\"left\">\n<p><strong>\u00dcldine<\/strong><\/p>\n<\/td>\n<td style=\"text-align:left\" align=\"left\">\n<p>Kaubam\u00e4rk: OUKITEL<br \/>T\u00fc\u00fcp: P\u00e4ikesepaneel<br \/>Mudel: PV200<br \/>V\u00e4rv: must<\/p>\n<\/td>\n<\/tr>\n<tr>\n<td style=\"text-align:left\" align=\"left\">\n<p><strong>Spetsifikatsioon<\/strong><\/p>\n<\/td>\n<td style=\"text-align:left\" align=\"left\">\n<p>Nimiv\u00f5imsus: 200W<br \/>Avatud vooluringi pinge: 25,2 V<br \/>L\u00fchisevool: 11,42 A<br \/>Efektiivsus: 21,7%<br \/>Rakut\u00fc\u00fcp: monokristalliline r\u00e4ni<\/p>\n<\/td>\n<\/tr>\n<tr>\n<td style=\"text-align:left\" align=\"left\">\n<p><strong>Kaal ja suurus<\/strong><\/p>\n<\/td>\n<td style=\"text-align:left\" align=\"left\">\n<p>Toote kaal: 7,85 kg<br \/>Paki kaal: 8,8 kg<br \/>Laiendatud suurus: 53,6 \u00d7 234,9 \u00d7 2,5 cm<br \/>Paki m\u00f5\u00f5dud (P x L x K): 60,5 \u00d7 10,5 \u00d7 71 cm<\/p>\n<\/td>\n<\/tr>\n<tr>\n<td style=\"text-align:left\" align=\"left\">\n<p><strong>Pakendi sisu<\/strong><\/p>\n<\/td>\n<td style=\"text-align:left\" align=\"left\">\n<p>1 x OUKITEL 200W p\u00e4ikesepaneel<br \/>1 x MC4 kaabel<br \/>1 x kasutusjuhend<\/p>\n<\/td>\n<\/tr>\n<\/tbody>\n<\/table>\n<p style=\"font-family:&quot;Microsoft YaHei&quot;;font-size:medium;font-weight:400;letter-spacing:normal;text-align:start;white-space:normal;color:rgb(0, 0, 0)\" align=\"start\"><img decoding=\"async\" src=\"https:\/\/ae01.alicdn.com\/kf\/S7817362f58a644d8a7cc52f2946bc9a3D.jpg\" slate-data-type=\"image\"\/><img decoding=\"async\" src=\"https:\/\/ae01.alicdn.com\/kf\/Sd676fea295974799af5ec16c033960f9d.jpg\" slate-data-type=\"image\"\/><img decoding=\"async\" src=\"https:\/\/ae01.alicdn.com\/kf\/S45f04756718446159144f5d91996eeab0.jpg\" slate-data-type=\"image\"\/><img decoding=\"async\" src=\"https:\/\/ae01.alicdn.com\/kf\/Sd625b966d7d54b30a3a98e67d55e7e6bB.jpg\" slate-data-type=\"image\"\/><\/p>","protected":false},"excerpt":{"rendered":"<p>Brand:&nbsp;OUKITEL Model:&nbsp;PV200 Rated Power:&nbsp;200W Efficiency:&nbsp;21.7% Open Circuit Voltage:&nbsp;25.2V Highlights High Conversion EfficiencyConstructed from high-efficiency monocrystalline solar cells, with an efficiency of up to 21.7%, OUKITEL PV200 can convert more solar<\/p>","protected":false},"featured_media":21726,"comment_status":"open","ping_status":"closed","template":"","meta":{"_acf_changed":false},"product_brand":[],"product_cat":[531],"product_tag":[],"class_list":{"0":"post-21725","1":"product","2":"type-product","3":"status-publish","4":"has-post-thumbnail","6":"product_cat-foldable-solar-panels","8":"first","9":"instock","10":"shipping-taxable","11":"purchasable","12":"product-type-simple"},"acf":[],"_links":{"self":[{"href":"https:\/\/electricstore.eu\/et\/wp-json\/wp\/v2\/product\/21725","targetHints":{"allow":["GET"]}}],"collection":[{"href":"https:\/\/electricstore.eu\/et\/wp-json\/wp\/v2\/product"}],"about":[{"href":"https:\/\/electricstore.eu\/et\/wp-json\/wp\/v2\/types\/product"}],"replies":[{"embeddable":true,"href":"https:\/\/electricstore.eu\/et\/wp-json\/wp\/v2\/comments?post=21725"}],"wp:featuredmedia":[{"embeddable":true,"href":"https:\/\/electricstore.eu\/et\/wp-json\/wp\/v2\/media\/21726"}],"wp:attachment":[{"href":"https:\/\/electricstore.eu\/et\/wp-json\/wp\/v2\/media?parent=21725"}],"wp:term":[{"taxonomy":"product_brand","embeddable":true,"href":"https:\/\/electricstore.eu\/et\/wp-json\/wp\/v2\/product_brand?post=21725"},{"taxonomy":"product_cat","embeddable":true,"href":"https:\/\/electricstore.eu\/et\/wp-json\/wp\/v2\/product_cat?post=21725"},{"taxonomy":"product_tag","embeddable":true,"href":"https:\/\/electricstore.eu\/et\/wp-json\/wp\/v2\/product_tag?post=21725"}],"curies":[{"name":"wp","href":"https:\/\/api.w.org\/{rel}","templated":true}]}}