{"id":21717,"date":"2025-05-20T18:21:28","date_gmt":"2025-05-20T18:21:28","guid":{"rendered":"https:\/\/electricstore.eu\/p\/uncategorized\/lanpwr-ufox-plus-50e-solar-power-station-5000w-5120wh-solar-generator-lifepo4-battery-off-grid-inverter-expandable-app-control\/"},"modified":"2025-05-20T18:21:29","modified_gmt":"2025-05-20T18:21:29","slug":"lanpwr-ufox-plus-50e-solar-power-station-5000w-5120wh-solar-generator-lifepo4-battery-off-grid-inverter-expandable-app-control","status":"publish","type":"product","link":"https:\/\/electricstore.eu\/et\/p\/batteries\/portable-power-stations\/lanpwr-ufox-plus-50e-solar-power-station-5000w-5120wh-solar-generator-lifepo4-battery-off-grid-inverter-expandable-app-control\/","title":{"rendered":"LANPWR UFox Plus 50E Solar Power Station 5000W 5120Wh Solar Generator LiFePO4 Battery Off-Grid Inverter Expandable &#038; APP Control"},"content":{"rendered":"<div class=\"product-specs-list-container\">\n<ul class=\"product-specs-list util-clearfix\">\n<li class=\"product-prop line-limit-length\"><span\n                                        class=\"property-title\">Nimimaht:&nbsp;<\/span><span\n                                        class=\"property-desc line-limit-length\">5120Wh<\/span>\n                            <\/li>\n<li class=\"product-prop line-limit-length\"><span\n                                        class=\"property-title\">Mudelinumber:&nbsp;<\/span><span\n                                        class=\"property-desc line-limit-length\">UFOX-PLUS-50E<\/span>\n                            <\/li>\n<li class=\"product-prop line-limit-length\"><span\n                                        class=\"property-title\">T\u00fc\u00fcp:&nbsp;<\/span><span\n                                        class=\"property-desc line-limit-length\">LiFePO4<\/span>\n                            <\/li>\n<li class=\"product-prop line-limit-length\"><span\n                                        class=\"property-title\">Komplekti t\u00fc\u00fcp:&nbsp;<\/span><span\n                                        class=\"property-desc line-limit-length\">Laadija komplektid<\/span>\n                            <\/li>\n<li class=\"product-prop line-limit-length\"><span\n                                        class=\"property-title\">Br\u00e4nd:&nbsp;<\/span><span\n                                        class=\"property-desc line-limit-length\">LANPWR<\/span>\n                            <\/li>\n<li class=\"product-prop line-limit-length\"><span\n                                        class=\"property-title\">T\u00fc\u00fcp:&nbsp;<\/span><span\n                                        class=\"property-desc line-limit-length\">Li-ioonid (LFP \/LiFePO4)<\/span>\n                            <\/li>\n<li class=\"product-prop line-limit-length\"><span\n                                        class=\"property-title\">Mudel:&nbsp;<\/span><span\n                                        class=\"property-desc line-limit-length\">UFOX-PLUS-50E<\/span>\n                            <\/li>\n<li class=\"product-prop line-limit-length\"><span\n                                        class=\"property-title\">Mahutavus:&nbsp;<\/span><span\n                                        class=\"property-desc line-limit-length\">5,12 kWh<\/span>\n                            <\/li>\n<li class=\"product-prop line-limit-length\"><span\n                                        class=\"property-title\">Nimiv\u00f5imsus:&nbsp;<\/span><span\n                                        class=\"property-desc line-limit-length\">5000W<\/span>\n                            <\/li>\n<li class=\"product-prop line-limit-length\"><span\n                                        class=\"property-title\">Surge powe:&nbsp;<\/span><span\n                                        class=\"property-desc line-limit-length\">Surge power<\/span>\n                            <\/li>\n<li class=\"product-prop line-limit-length\"><span\n                                        class=\"property-title\">10000W, 5s:&nbsp;<\/span><span\n                                        class=\"property-desc line-limit-length\">Max. output current<\/span>\n                            <\/li>\n<\/ul><\/div>\n<p><\/p>\n<p style=\"font-family:&quot;Noto Sans SC&quot;;font-size:medium;font-weight:400;letter-spacing:normal;text-align:start;white-space:normal;color:rgb(0, 0, 0)\" align=\"start\"><span style=\"font-size:x-large\">T\u00e4hts\u00fcndmused<\/span><\/p>\n<p><\/p>\n<h3 style=\"font-family:&quot;Noto Sans SC&quot;;letter-spacing:normal;text-align:start;white-space:normal;color:rgb(0, 0, 0)\" align=\"start\">4-\u00fches kiirlaadimine ja 5000 W v\u00e4ljundv\u00f5imsus<\/h3>\n<p style=\"font-family:&quot;Noto Sans SC&quot;;font-size:medium;font-weight:400;letter-spacing:normal;text-align:start;white-space:normal;color:rgb(0, 0, 0)\" align=\"start\">\u00dchendab 4500 W p\u00e4ikesepaneeli + 3000 W generaatori\/generaatori\/kaldavoolu \u00fclikiire 1,5\u20133-tunnise laadimise jaoks. Toidab v\u00f5imsaid seadmeid (kuni 5000 W) puhta siinuslaine v\u00e4ljundiga.<\/p>\n<h3 style=\"font-family:&quot;Noto Sans SC&quot;;letter-spacing:normal;text-align:start;white-space:normal;color:rgb(0, 0, 0)\" align=\"start\">Pikaajaline LiFePO4 aku<\/h3>\n<p style=\"font-family:&quot;Noto Sans SC&quot;;font-size:medium;font-weight:400;letter-spacing:normal;text-align:start;white-space:normal;color:rgb(0, 0, 0)\" align=\"start\">5120 Wh LiFePO4 aku kestab aastaid (\u00fcle 5000 ts\u00fckli) ja p\u00fcsib stabiilsena \u00e4\u00e4rmuslikes tingimustes nii elektriv\u00f5rgust s\u00f5ltumatutes kodudes kui ka haagissuvilates.<\/p>\n<h3 style=\"font-family:&quot;Noto Sans SC&quot;;letter-spacing:normal;text-align:start;white-space:normal;color:rgb(0, 0, 0)\" align=\"start\">P\u00e4ikeseenergiavalmidus ja energias\u00e4\u00e4st<\/h3>\n<p style=\"font-family:&quot;Noto Sans SC&quot;;font-size:medium;font-weight:400;letter-spacing:normal;text-align:start;white-space:normal;color:rgb(0, 0, 0)\" align=\"start\">Sisseehitatud MPPT maksimeerib 4500 W p\u00e4ikeseenergia sisendv\u00f5imsust, v\u00e4hendades arveid 80% v\u00f5rra. Salvestab p\u00e4evasel ajal tipptunniv\u00e4list elektriv\u00f5rku.<\/p>\n<h3 style=\"font-family:&quot;Noto Sans SC&quot;;letter-spacing:normal;text-align:start;white-space:normal;color:rgb(0, 0, 0)\" align=\"start\">K\u00f5ik-\u00fches UPS ja nutikas juhtimine<\/h3>\n<p style=\"font-family:&quot;Noto Sans SC&quot;;font-size:medium;font-weight:400;letter-spacing:normal;text-align:start;white-space:normal;color:rgb(0, 0, 0)\" align=\"start\">Kohene varutoide (&lt;10 ms l\u00fclitusaeg) katkestuste ajal. J\u00e4lgige ja juhtige eemalt Wi-Fi\/4G rakenduse kaudu.<\/p>\n<h3 style=\"font-family:&quot;Noto Sans SC&quot;;letter-spacing:normal;text-align:start;white-space:normal;color:rgb(0, 0, 0)\" align=\"start\">T\u00f6\u00f6stusklassi ja kaasaskantav<\/h3>\n<p style=\"font-family:&quot;Noto Sans SC&quot;;font-size:medium;font-weight:400;letter-spacing:normal;text-align:start;white-space:normal;color:rgb(0, 0, 0)\" align=\"start\">Kompaktne, IP65-reitinguga disain rasketesse keskkondadesse. Lihtsalt \u00fchendatav ja kasutatav lahendus kodudesse, haagissuvilatesse v\u00f5i h\u00e4daolukordadesse.<\/p>\n<p><\/p>\n<h2 style=\"font-family:&quot;Noto Sans SC&quot;;font-size:14px;letter-spacing:normal;text-align:start;white-space:normal;color:rgb(0, 0, 0);margin:10px 0px;margin-bottom:10px;margin-top:10px;margin-left:0px;margin-right:0px;padding:0px;padding-bottom:0px;padding-top:0px;padding-left:0px;padding-right:0px\" align=\"start\">Spetsifikatsioon<\/h2>\n<p><\/p>\n<table style=\"border-collapse:collapse;font-family:&quot;Noto Sans SC&quot;;width:1000px\" class=\"jbEidtTable\" border=\"1\" cellpadding=\"5\" cellspacing=\"0\">\n<tbody>\n<tr>\n<td style=\"text-align:left;height:120.868px\" align=\"left\">\n<p><strong>\u00dcldine<\/strong><\/p>\n<\/td>\n<td style=\"text-align:left;height:120.868px\" align=\"left\">\n<p>Kaubam\u00e4rk: LANPWR<br \/>T\u00fc\u00fcp: Li-ioonid (LFP \/LiFePO4)<br \/>Mudel: UFOX-PLUS-35E<br \/>V\u00e4rv: Valge<\/p>\n<\/td>\n<\/tr>\n<tr>\n<td style=\"text-align:left;height:244.444px\" align=\"left\">\n<p><strong>Spetsifikatsioon<\/strong><\/p>\n<\/td>\n<td style=\"text-align:left;height:244.444px\" align=\"left\">\n<p>Spetsifikatsioon<br \/>Nimipinge: 51,2 V<br \/>Mahutavus: 5,12 kWh<br \/>Nimiv\u00f5imsus: 3500W<br \/>\u00dclepingev\u00f5imsus: 7000 W, 5 s<br \/>Nimiv\u00e4ljundpinge: 220\/230\/240V<br \/>Maksimaalne v\u00e4ljundvool: 16A<br \/>Maksimaalne PV v\u00f5imsus (soovitatav): 4500W<br \/>Maksimaalne PV pinge: 450V<br \/>MPPT pingevahemik: 120\u2013430 V<br \/>Maksimaalne PV laadimisvool (aku): 80A<\/p>\n<\/td>\n<\/tr>\n<tr>\n<td style=\"text-align:left;height:88.8889px\" align=\"left\">\n<p><strong>Kaal ja suurus<\/strong><\/p>\n<\/td>\n<td style=\"text-align:left;height:88.8889px\" align=\"left\">\n<p>Toote kaal: 67,2 kg<br \/>Paki kaal: 70 kg<br \/>Toote m\u00f5\u00f5dud (P x L x K): 585 * 611 * 230 mm<br \/>Paki suurus (P x L x K): 655 * 645 * 362 mm<\/p>\n<\/td>\n<\/tr>\n<tr>\n<td style=\"text-align:left;height:209.757px\" align=\"left\">\n<p><strong>Pakendi sisu<\/strong><\/p>\n<\/td>\n<td style=\"text-align:left;height:209.757px\" align=\"left\">\n<p>1 x p\u00e4ikeseelektrijaam<br \/>1 x WiFi mooduli antenn<br \/>3 x punane toruklemm<br \/>3 x must toruklemm<br \/>2 x kollane toruklemm<br \/>1 x Kasutusjuhend<br \/>1 x kvalifitseeritud sertifikaat<br \/>1 x rakenduse kasutusjuhend<br \/>1 x pakkimisnimekiri<\/p>\n<\/td>\n<\/tr>\n<\/tbody>\n<\/table>\n<p><img decoding=\"async\" src=\"https:\/\/ae01.alicdn.com\/kf\/Sb1c378e788b04161817bb4f54630798dx.jpeg\" slate-data-type=\"image\"\/><img decoding=\"async\" src=\"https:\/\/ae01.alicdn.com\/kf\/Sed203d359d7d4804843144bcc45ac107s.jpeg\" slate-data-type=\"image\"\/><img decoding=\"async\" src=\"https:\/\/ae01.alicdn.com\/kf\/Sada0bffd785f4b4e9d33efb3c269d126A.jpeg\" slate-data-type=\"image\"\/><img decoding=\"async\" src=\"https:\/\/ae01.alicdn.com\/kf\/Sdd522bf880534d529a1acc5640b3276cv.jpeg\" slate-data-type=\"image\"\/><img decoding=\"async\" src=\"https:\/\/ae01.alicdn.com\/kf\/Scabbec8dc7394659aa6c105f42aa82caJ.jpeg\" slate-data-type=\"image\"\/><img decoding=\"async\" src=\"https:\/\/ae01.alicdn.com\/kf\/S57b59c48c3a54306aeead92575f0b5ade.jpeg\" slate-data-type=\"image\"\/><img decoding=\"async\" src=\"https:\/\/ae01.alicdn.com\/kf\/S4b84e03c395e416c8fff4e1e77766096i.jpeg\" slate-data-type=\"image\"\/><img decoding=\"async\" src=\"https:\/\/ae01.alicdn.com\/kf\/Sca61d7a440e34046b695cd61c723662as.jpeg\" slate-data-type=\"image\"\/><img decoding=\"async\" src=\"https:\/\/ae01.alicdn.com\/kf\/S30e49d2e1adb4a2e9f1fec66feba65dfT.jpeg\" slate-data-type=\"image\"\/><img decoding=\"async\" src=\"https:\/\/ae01.alicdn.com\/kf\/S7782a7bf3fcd49f9bca1a8223b4cc952T.jpeg\" slate-data-type=\"image\"\/><img decoding=\"async\" src=\"https:\/\/ae01.alicdn.com\/kf\/S10953597b45f4309960b07cd984e15c5W.jpeg\" slate-data-type=\"image\"\/><img decoding=\"async\" src=\"https:\/\/ae01.alicdn.com\/kf\/S0622d0352064421dacdcc980e05fde80H.jpeg\" slate-data-type=\"image\"\/><img decoding=\"async\" src=\"https:\/\/ae01.alicdn.com\/kf\/S154cc3f7e1694152af0a0b47d012fe34J.jpeg\" slate-data-type=\"image\"\/><\/p>","protected":false},"excerpt":{"rendered":"<p>Nominal Capacity:&nbsp;5120Wh Model Number:&nbsp;UFOX-PLUS-50E Type:&nbsp;LiFePO4 Set Type:&nbsp;Charger Sets Brand:&nbsp;LANPWR Type:&nbsp;Li-ions(LFP \/LiFePO4) Model:&nbsp;UFOX-PLUS-50E Capacity:&nbsp;5.12kWh Rated power:&nbsp;5000W Surge powe:&nbsp;Surge power 10000W, 5s:&nbsp;Max. output current Highlights 4-in-1 Fast Charging &amp; 5000W Output Combines<\/p>","protected":false},"featured_media":21719,"comment_status":"open","ping_status":"closed","template":"","meta":{"_acf_changed":false},"product_brand":[],"product_cat":[515],"product_tag":[],"class_list":{"0":"post-21717","1":"product","2":"type-product","3":"status-publish","4":"has-post-thumbnail","6":"product_cat-portable-power-stations","8":"first","9":"instock","10":"shipping-taxable","11":"purchasable","12":"product-type-simple"},"acf":[],"_links":{"self":[{"href":"https:\/\/electricstore.eu\/et\/wp-json\/wp\/v2\/product\/21717","targetHints":{"allow":["GET"]}}],"collection":[{"href":"https:\/\/electricstore.eu\/et\/wp-json\/wp\/v2\/product"}],"about":[{"href":"https:\/\/electricstore.eu\/et\/wp-json\/wp\/v2\/types\/product"}],"replies":[{"embeddable":true,"href":"https:\/\/electricstore.eu\/et\/wp-json\/wp\/v2\/comments?post=21717"}],"wp:featuredmedia":[{"embeddable":true,"href":"https:\/\/electricstore.eu\/et\/wp-json\/wp\/v2\/media\/21719"}],"wp:attachment":[{"href":"https:\/\/electricstore.eu\/et\/wp-json\/wp\/v2\/media?parent=21717"}],"wp:term":[{"taxonomy":"product_brand","embeddable":true,"href":"https:\/\/electricstore.eu\/et\/wp-json\/wp\/v2\/product_brand?post=21717"},{"taxonomy":"product_cat","embeddable":true,"href":"https:\/\/electricstore.eu\/et\/wp-json\/wp\/v2\/product_cat?post=21717"},{"taxonomy":"product_tag","embeddable":true,"href":"https:\/\/electricstore.eu\/et\/wp-json\/wp\/v2\/product_tag?post=21717"}],"curies":[{"name":"wp","href":"https:\/\/api.w.org\/{rel}","templated":true}]}}