{"id":21665,"date":"2025-05-20T18:20:55","date_gmt":"2025-05-20T18:20:55","guid":{"rendered":"https:\/\/electricstore.eu\/p\/uncategorized\/flashfish-p63-portable-power-station-520wh-140400mah-lithium-battery-solar-generator-500w-ac-output-5xdc-outs-4xusb-outputs\/"},"modified":"2025-05-20T18:21:01","modified_gmt":"2025-05-20T18:21:01","slug":"flashfish-p63-portable-power-station-520wh-140400mah-lithium-battery-solar-generator-500w-ac-output-5xdc-outs-4xusb-outputs","status":"publish","type":"product","link":"https:\/\/electricstore.eu\/et\/p\/batteries\/portable-power-stations\/flashfish-p63-portable-power-station-520wh-140400mah-lithium-battery-solar-generator-500w-ac-output-5xdc-outs-4xusb-outputs\/","title":{"rendered":"Flashfish P63 kaasaskantav elektrijaam 520Wh\/140-400mAh liitiumakuga p\u00e4ikesegeneraator 500W vahelduvvoolu v\u00e4ljund 5xDC v\u00e4ljundit 4xUSB v\u00e4ljundit"},"content":{"rendered":"<div class=\"product-specs-list-container\">\n<ul class=\"product-specs-list util-clearfix\">\n<li class=\"product-prop line-limit-length\"><span\n                                        class=\"property-title\">Nimimaht:&nbsp;<\/span><span\n                                        class=\"property-desc line-limit-length\">140400mAh<\/span>\n                            <\/li>\n<li class=\"product-prop line-limit-length\"><span\n                                        class=\"property-title\">Mudelinumber:&nbsp;<\/span><span\n                                        class=\"property-desc line-limit-length\">Flashfish P63<\/span>\n                            <\/li>\n<li class=\"product-prop line-limit-length\"><span\n                                        class=\"property-title\">T\u00fc\u00fcp:&nbsp;<\/span><span\n                                        class=\"property-desc line-limit-length\">Li-ioon<\/span>\n                            <\/li>\n<li class=\"product-prop line-limit-length\"><span\n                                        class=\"property-title\">Komplekti t\u00fc\u00fcp:&nbsp;<\/span><span\n                                        class=\"property-desc line-limit-length\">Laadija komplektid<\/span>\n                            <\/li>\n<li class=\"product-prop line-limit-length\"><span\n                                        class=\"property-title\">Br\u00e4nd:&nbsp;<\/span><span\n                                        class=\"property-desc line-limit-length\">Flashfish<\/span>\n                            <\/li>\n<li class=\"product-prop line-limit-length\"><span\n                                        class=\"property-title\">Mudel:&nbsp;<\/span><span\n                                        class=\"property-desc line-limit-length\">P63<\/span>\n                            <\/li>\n<li class=\"product-prop line-limit-length\"><span\n                                        class=\"property-title\">Built-in battery:&nbsp;<\/span><span\n                                        class=\"property-desc line-limit-length\">18650 Lithium battery<\/span>\n                            <\/li>\n<li class=\"product-prop line-limit-length\"><span\n                                        class=\"property-title\">Aku mahtuvus:&nbsp;<\/span><span\n                                        class=\"property-desc line-limit-length\">520Wh,140400mAh\/3.7V<\/span>\n                            <\/li>\n<li class=\"product-prop line-limit-length\"><span\n                                        class=\"property-title\">Input recharging:&nbsp;<\/span><span\n                                        class=\"property-desc line-limit-length\">DC 15V\/6.0A<\/span>\n                            <\/li>\n<li class=\"product-prop line-limit-length\"><span\n                                        class=\"property-title\">USB output:&nbsp;<\/span><span\n                                        class=\"property-desc line-limit-length\">Total 67W max.<\/span>\n                            <\/li>\n<li class=\"product-prop line-limit-length\"><span\n                                        class=\"property-title\">Omadused 01:&nbsp;<\/span><span\n                                        class=\"property-desc line-limit-length\">Portable power station<\/span>\n                            <\/li>\n<li class=\"product-prop line-limit-length\"><span\n                                        class=\"property-title\">Omadused 02:&nbsp;<\/span><span\n                                        class=\"property-desc line-limit-length\">Yose power<\/span>\n                            <\/li>\n<li class=\"product-prop line-limit-length\"><span\n                                        class=\"property-title\">Omadused 03:&nbsp;<\/span><span\n                                        class=\"property-desc line-limit-length\">Portable camper battery<\/span>\n                            <\/li>\n<li class=\"product-prop line-limit-length\"><span\n                                        class=\"property-title\">Omadused 04:&nbsp;<\/span><span\n                                        class=\"property-desc line-limit-length\">Portable solar power station<\/span>\n                            <\/li>\n<li class=\"product-prop line-limit-length\"><span\n                                        class=\"property-title\">Omadused 05:&nbsp;<\/span><span\n                                        class=\"property-desc line-limit-length\">Portable power station<\/span>\n                            <\/li>\n<li class=\"product-prop line-limit-length\"><span\n                                        class=\"property-title\">Omadused 06:&nbsp;<\/span><span\n                                        class=\"property-desc line-limit-length\">Portalil power station<\/span>\n                            <\/li>\n<\/ul><\/div>\n<div class=\"detailmodule_html\">\n<div class=\"detail-desc-decorate-richtext\">\n<ul style=\"font-family:&quot;Microsoft YaHei&quot;;font-size:medium;font-weight:400;letter-spacing:normal;text-align:start;white-space:normal;color:rgb(0, 0, 0);margin-bottom:10px;padding-left:0px\" class=\"clearfix\" align=\"start\">\n<li style=\"font-size:14px;font-weight:bold;margin-right:10px;padding-left:18px;list-style:none;float:left\">\n<p><span style=\"color:rgb(0, 0, 0);font-size:medium;font-family:&quot;Microsoft YaHei&quot;\"><strong><span style=\"font-size:24px\"><span style=\"font-family:&quot;times new roman&quot;, times, serif\">&gt;&gt;Esilet\u00f5stud<\/span><\/span><\/strong><\/span><\/p>\n<p><\/p>\n<p><span style=\"color:rgb(0, 0, 0);font-size:18px;font-family:&quot;times new roman&quot;, times, serif\">Sisseehitatud mitmeotstarbelised kaitsed (tr\u00fckkplaadi lC temperatuuri reguleerimine)<br \/>1. Built-in high-power 18650 Lithium-ion battery<br \/>2. Up to 520Wh battery power<br \/>3. AC pure sine wave output for better power efficiency<br \/>4. Up to 500W AC continuous output, 1000W of Max output<br \/>5. Support 1 * Type-C 5V-9V\/2A output<br \/>6. Support 1 * QC USB outputs, 2 * USB 5V\/2A output<br \/>7. Support 5 * DC 12V10A outputs<br \/>8. Kaitse, sealhulgas l\u00fchise-, \u00fclekoormuse-, \u00fclekuumenemiskindlus jne.<br \/>9. Built-in smart fan for heat dissipation<br \/>10. Off-grid power for CPAP<\/span><\/p>\n<p><\/p>\n<p><span style=\"color:rgb(34, 34, 34);font-size:14px;font-family:&quot;Open Sans&quot;, Roboto, Arial, Helvetica, sans-serif, SimSun\"><strong><span style=\"font-size:24px\"><span style=\"font-family:&quot;times new roman&quot;, times, serif\">&gt;&gt;Spetsifikatsioon<\/span><\/span><\/strong><\/span><\/p>\n<\/p>\n<table style=\"border-collapse:collapse;font-family:&quot;Microsoft YaHei&quot;;width:1000px\" class=\"jbEidtTable\" border=\"1\" cellpadding=\"5\" cellspacing=\"0\">\n<tbody>\n<tr>\n<td style=\"font-size:14px;text-align:left;height:93px\" align=\"left\">\n<p><span style=\"font-size:18px;font-family:&quot;times new roman&quot;, times, serif\">\u00dcldine<\/span><\/p>\n<\/td>\n<td style=\"font-size:14px;text-align:left;height:93px\" align=\"left\">\n<p><span style=\"font-size:18px;font-family:&quot;times new roman&quot;, times, serif\">Kaubam\u00e4rk: Flashfish<br \/>T\u00fc\u00fcp: Li-ioon kaasaskantav elektrijaam<br \/>Mudel: P63<br \/>Color: Black + Dark Gray<\/span><\/p>\n<\/td>\n<\/tr>\n<tr>\n<td style=\"font-size:14px;text-align:left;height:10px\" align=\"left\">\n<p><span style=\"font-size:18px;font-family:&quot;times new roman&quot;, times, serif\">Spetsifikatsioon<\/span><\/p>\n<\/td>\n<td style=\"font-size:14px;text-align:left;height:10px\" align=\"left\">\n<div><span style=\"font-size:18px;font-family:&quot;times new roman&quot;, times, serif\">\u00dcldised parameetrid<br \/>Sisseehitatud aku: 18650 liitiumaku<br \/>Aku mahtuvus: 520Wh, 140400mAh\/3,7V<br \/>Sisendlaadimine: DC 15V\/6.0A<br \/>P\u00e4ikesepaneelide laadimine: 13V-22V\/6.0A<br \/>T\u00e4islaadimise aeg (adapter): umbes 8 tundi<\/span><\/div>\n<p><span style=\"font-size:18px;font-family:&quot;times new roman&quot;, times, serif\">USB v\u00e4ljund: kokku 67W max.<br \/>USB QC3.0 (x1): 5V-9V\/2A, 18W max.<br \/>C-t\u00fc\u00fcpi QC3.0 (x1): 5V-9V\/2A, 18W max.<br \/>USB-A (x2): 5V\/3.1A, 15.5W max.<\/span><\/p>\n<p><span style=\"font-size:18px;font-family:&quot;times new roman&quot;, times, serif\">Alalisvoolu v\u00e4ljund: kokku 126 W max.<br \/>DC5521 v\u00e4ljund (x4): 9\u201312,6 V \/ 10 A (kokku max 12 A), max 126 W.<br \/>Sigaretis\u00fc\u00fctaja v\u00e4ljund (x1): 9v-12.6v 10A, 126W max.<\/span><\/p>\n<p><span style=\"font-size:18px;font-family:&quot;times new roman&quot;, times, serif\">Vahelduvvoolu v\u00e4ljund: 2 x vahelduvvoolu 230V\/110V puhas siinuslaine v\u00e4ljund<br \/>Vahelduvvoolu pidev koguv\u00e4ljundv\u00f5imsus: 500 W<br \/>Vahelduvvoolu tippv\u00f5imsus: 1000 W<\/span><\/p>\n<p><span style=\"font-size:18px;font-family:&quot;times new roman&quot;, times, serif\">Operating temperature: -10 \u2103-40 \u2103<br \/>Eluts\u00fckkel: &gt;2000 korda<\/span><\/p>\n<p><span style=\"font-size:18px;font-family:&quot;times new roman&quot;, times, serif\">Toote kaitse:<br \/>A. Short circuit protection<br \/>B. Overcurrent protection<br \/>C. Overvoltage protection<br \/>D. Undervoltage protection<br \/>E. Overload protection<br \/>F. Over temperature protection<\/span><\/p>\n<p><span style=\"font-size:18px;font-family:&quot;times new roman&quot;, times, serif\">Adapteri parameetrid<br \/>V\u00e4ljund: 15V 6A<br \/>Alalisvooluliides: lauaarvuti<br \/>Kuju: Lauaarvuti<\/p>\n<p>Sisendlaadimise funktsioon<br \/>Toetage toiteadapteri laadimist: tugi<br \/>Toetage p\u00e4ikesepaneelide laadimist: tugi<\/p>\n<p>Struktuur<br \/>Tulekindluse reiting: 94-V0<br \/>Materjal: ABS-plastik + alumiiniumkest, plastkesta tulekindlus 94-V0<\/span><\/p>\n<p><span style=\"font-size:18px;font-family:&quot;times new roman&quot;, times, serif\">Kasutage stseenire\u017eiimi<br \/>Applicable<br \/>To power outages, outdoor operations, night market electricity,<br \/>Emergency rescue, medical, household energy storage, etc.<\/span><\/p>\n<\/td>\n<\/tr>\n<tr>\n<td style=\"font-size:14px;text-align:left;height:84px\" align=\"left\">\n<p><span style=\"font-size:18px;font-family:&quot;times new roman&quot;, times, serif\">Kaal ja suurus<\/span><\/p>\n<\/td>\n<td style=\"font-size:14px;text-align:left;height:84px\" align=\"left\">\n<p><span style=\"font-size:18px;font-family:&quot;times new roman&quot;, times, serif\">Toote kaal: 6,4 kg<br \/>Paki kaal: 8,2 kg<br \/>Toote m\u00f5\u00f5dud (P x L x K): 30,6 * 20 * 17,6 cm<br \/>Paki suurus (P x L x K): 40,8 * 28,5 * 28 cm<\/span><\/p>\n<\/td>\n<\/tr>\n<\/tbody>\n<\/table>\n<p><\/p>\n<p><span style=\"color:rgb(34, 34, 34);font-size:14px;font-family:&quot;Open Sans&quot;, Roboto, Arial, Helvetica, sans-serif, SimSun\"><strong><span style=\"font-size:24px\"><span style=\"font-family:&quot;times new roman&quot;, times, serif\">&gt;&gt;Tootepildid ja -kirjeldused<\/span><\/span><\/strong><\/span><\/p>\n<p><\/p>\n<p><img decoding=\"async\" src=\"https:\/\/ae01.alicdn.com\/kf\/Sf2d5bd3ab60c4b2283c7378e2ab3961dS.jpg\" slate-data-type=\"image\"\/><img decoding=\"async\" src=\"https:\/\/ae01.alicdn.com\/kf\/S072a38e5d71546efa0ff0862c76ed440q.jpg\" slate-data-type=\"image\"\/><img decoding=\"async\" src=\"https:\/\/ae01.alicdn.com\/kf\/Sff8ef5e5adb84557a5cb9f27fd68f60c1.jpg\" slate-data-type=\"image\"\/><img decoding=\"async\" src=\"https:\/\/ae01.alicdn.com\/kf\/S8b5a8fbe847d4c03bdd6d8129f88ac7eS.jpg\" slate-data-type=\"image\"\/><img decoding=\"async\" src=\"https:\/\/ae01.alicdn.com\/kf\/Sc6cb1ae147bb4cbb9ddf535d4ddadbd89.jpg\" slate-data-type=\"image\"\/><img decoding=\"async\" src=\"https:\/\/ae01.alicdn.com\/kf\/Se7bd8062981b48fdaed5f24721bf2c5dT.jpg\" slate-data-type=\"image\"\/><img decoding=\"async\" src=\"https:\/\/ae01.alicdn.com\/kf\/S7268fef1b73e4ffcbd2f403a237362c9i.jpg\" slate-data-type=\"image\"\/><img decoding=\"async\" src=\"https:\/\/ae01.alicdn.com\/kf\/S5db832405cbd4817946a8b245f871accr.jpg\" slate-data-type=\"image\"\/><img decoding=\"async\" src=\"https:\/\/ae01.alicdn.com\/kf\/S1870b73d74404d40bbd48a53375c6904h.jpg\" slate-data-type=\"image\"\/><img decoding=\"async\" src=\"https:\/\/ae01.alicdn.com\/kf\/S42205141322e44529d8dd3872ec3d21aU.jpg\" slate-data-type=\"image\"\/><\/p>\n<\/li>\n<\/ul>\n<p><\/p>\n<\/div>\n<\/div>","protected":false},"excerpt":{"rendered":"<p>Nominal Capacity:&nbsp;140400mAh Model Number:&nbsp;Flashfish P63 Type:&nbsp;Li-Ion Set Type:&nbsp;Charger Sets Brand:&nbsp;Flashfish Model:&nbsp;P63 Built-in battery:&nbsp;18650 Lithium battery Battery capacity:&nbsp;520Wh,140400mAh\/3.7V Input recharging:&nbsp;DC 15V\/6.0A USB output:&nbsp;Total 67W max. Features 01:&nbsp;Portable power station Features 02:&nbsp;Yose<\/p>","protected":false},"featured_media":21666,"comment_status":"open","ping_status":"closed","template":"","meta":{"_acf_changed":false},"product_brand":[],"product_cat":[515],"product_tag":[],"class_list":{"0":"post-21665","1":"product","2":"type-product","3":"status-publish","4":"has-post-thumbnail","6":"product_cat-portable-power-stations","8":"first","9":"instock","10":"shipping-taxable","11":"purchasable","12":"product-type-simple"},"acf":[],"_links":{"self":[{"href":"https:\/\/electricstore.eu\/et\/wp-json\/wp\/v2\/product\/21665","targetHints":{"allow":["GET"]}}],"collection":[{"href":"https:\/\/electricstore.eu\/et\/wp-json\/wp\/v2\/product"}],"about":[{"href":"https:\/\/electricstore.eu\/et\/wp-json\/wp\/v2\/types\/product"}],"replies":[{"embeddable":true,"href":"https:\/\/electricstore.eu\/et\/wp-json\/wp\/v2\/comments?post=21665"}],"wp:featuredmedia":[{"embeddable":true,"href":"https:\/\/electricstore.eu\/et\/wp-json\/wp\/v2\/media\/21666"}],"wp:attachment":[{"href":"https:\/\/electricstore.eu\/et\/wp-json\/wp\/v2\/media?parent=21665"}],"wp:term":[{"taxonomy":"product_brand","embeddable":true,"href":"https:\/\/electricstore.eu\/et\/wp-json\/wp\/v2\/product_brand?post=21665"},{"taxonomy":"product_cat","embeddable":true,"href":"https:\/\/electricstore.eu\/et\/wp-json\/wp\/v2\/product_cat?post=21665"},{"taxonomy":"product_tag","embeddable":true,"href":"https:\/\/electricstore.eu\/et\/wp-json\/wp\/v2\/product_tag?post=21665"}],"curies":[{"name":"wp","href":"https:\/\/api.w.org\/{rel}","templated":true}]}}