{"id":21649,"date":"2025-05-20T18:20:42","date_gmt":"2025-05-20T18:20:42","guid":{"rendered":"https:\/\/electricstore.eu\/p\/uncategorized\/blackview-oscal-pm100-foldable-solar-panel-ip65-waterproof-with-type-c-qc3-0-usb-output-and-5-in-1-cable\/"},"modified":"2025-05-20T18:20:49","modified_gmt":"2025-05-20T18:20:49","slug":"blackview-oscal-pm100-foldable-solar-panel-ip65-waterproof-with-type-c-qc3-0-usb-output-and-5-in-1-cable","status":"publish","type":"product","link":"https:\/\/electricstore.eu\/et\/p\/batteries\/foldable-solar-panels\/blackview-oscal-pm100-foldable-solar-panel-ip65-waterproof-with-type-c-qc3-0-usb-output-and-5-in-1-cable\/","title":{"rendered":"Blackview Oscal PM100 kokkupandav p\u00e4ikesepaneel, IP65 veekindel, Type-C QC3.0, USB-v\u00e4ljundi ja 5-\u00fches kaabliga"},"content":{"rendered":"<div class=\"product-specs-list-container\">\n<ul class=\"product-specs-list util-clearfix\">\n<li class=\"product-prop line-limit-length\"><span\n                                        class=\"property-title\">Nimimaht:&nbsp;<\/span><span\n                                        class=\"property-desc line-limit-length\">100W<\/span>\n                            <\/li>\n<li class=\"product-prop line-limit-length\"><span\n                                        class=\"property-title\">Mudelinumber:&nbsp;<\/span><span\n                                        class=\"property-desc line-limit-length\">PM100<\/span>\n                            <\/li>\n<li class=\"product-prop line-limit-length\"><span\n                                        class=\"property-title\">T\u00fc\u00fcp:&nbsp;<\/span><span\n                                        class=\"property-desc line-limit-length\">Li-ioon<\/span>\n                            <\/li>\n<li class=\"product-prop line-limit-length\"><span\n                                        class=\"property-title\">Komplekti t\u00fc\u00fcp:&nbsp;<\/span><span\n                                        class=\"property-desc line-limit-length\">Laadija komplektid<\/span>\n                            <\/li>\n<li class=\"product-prop line-limit-length\"><span\n                                        class=\"property-title\">Br\u00e4nd:&nbsp;<\/span><span\n                                        class=\"property-desc line-limit-length\">Blackview Oscal<\/span>\n                            <\/li>\n<li class=\"product-prop line-limit-length\"><span\n                                        class=\"property-title\">Mudel:&nbsp;<\/span><span\n                                        class=\"property-desc line-limit-length\">PM100<\/span>\n                            <\/li>\n<li class=\"product-prop line-limit-length\"><span\n                                        class=\"property-title\">T\u00fc\u00fcp:&nbsp;<\/span><span\n                                        class=\"property-desc line-limit-length\">Kokkupandav p\u00e4ikesepaneel<\/span>\n                            <\/li>\n<li class=\"product-prop line-limit-length\"><span\n                                        class=\"property-title\">V\u00f5imsus:&nbsp;<\/span><span\n                                        class=\"property-desc line-limit-length\">100W<\/span>\n                            <\/li>\n<li class=\"product-prop line-limit-length\"><span\n                                        class=\"property-title\">Rakkude efektiivsus:&nbsp;<\/span><span\n                                        class=\"property-desc line-limit-length\">\u226523%<\/span>\n                            <\/li>\n<li class=\"product-prop line-limit-length\"><span\n                                        class=\"property-title\">Rakkude lamineerimine:&nbsp;<\/span><span\n                                        class=\"property-desc line-limit-length\">ETFE<\/span>\n                            <\/li>\n<li class=\"product-prop line-limit-length\"><span\n                                        class=\"property-title\">Rakut\u00fc\u00fcp:&nbsp;<\/span><span\n                                        class=\"property-desc line-limit-length\">Monokristalliline r\u00e4ni<\/span>\n                            <\/li>\n<li class=\"product-prop line-limit-length\"><span\n                                        class=\"property-title\">Omadused 01:&nbsp;<\/span><span\n                                        class=\"property-desc line-limit-length\">kaasaskantav elektrijaam<\/span>\n                            <\/li>\n<li class=\"product-prop line-limit-length\"><span\n                                        class=\"property-title\">Omadused 02:&nbsp;<\/span><span\n                                        class=\"property-desc line-limit-length\">elektrijaam<\/span>\n                            <\/li>\n<li class=\"product-prop line-limit-length\"><span\n                                        class=\"property-title\">Omadused 03:&nbsp;<\/span><span\n                                        class=\"property-desc line-limit-length\">kaasaskantav p\u00e4ikeseelektrijaam<\/span>\n                            <\/li>\n<li class=\"product-prop line-limit-length\"><span\n                                        class=\"property-title\">Omadused 04:&nbsp;<\/span><span\n                                        class=\"property-desc line-limit-length\">laadimisjaamad<\/span>\n                            <\/li>\n<li class=\"product-prop line-limit-length\"><span\n                                        class=\"property-title\">Omadused 05:&nbsp;<\/span><span\n                                        class=\"property-desc line-limit-length\">p\u00e4ikesegeneraator<\/span>\n                            <\/li>\n<li class=\"product-prop line-limit-length\"><span\n                                        class=\"property-title\">Omadused 06:&nbsp;<\/span><span\n                                        class=\"property-desc line-limit-length\">bensiini elektrigeneraator<\/span>\n                            <\/li>\n<\/ul><\/div>\n<p><\/p>\n<p style=\"font-family:&quot;Microsoft YaHei&quot;;font-size:medium;font-weight:400;letter-spacing:normal;text-align:start;white-space:normal;color:rgb(0, 0, 0)\" align=\"start\"><strong><span style=\"font-size:x-large\">T\u00e4hts\u00fcndmused<\/span><\/strong><\/p>\n<p><\/p>\n<h3 style=\"font-family:&quot;Microsoft YaHei&quot;;letter-spacing:normal;text-align:start;white-space:normal;color:rgb(0, 0, 0)\" align=\"start\"><strong>Suure t\u00f5hususega p\u00e4ikeseenergia<\/strong><\/h3>\n<p style=\"font-family:&quot;Microsoft YaHei&quot;;font-size:medium;font-weight:400;letter-spacing:normal;text-align:start;white-space:normal;color:rgb(0, 0, 0)\" align=\"start\">PM100 kaasaskantavad p\u00e4ikesepaneelid saavutavad muljetavaldava 23% konversioonim\u00e4\u00e4ra t\u00e4nu tipptasemel monokristallidele. Vastupidavast ETFE materjalist valmistatud paneelid pakuvad suurep\u00e4rast valguse l\u00e4bilaskvust ja konversioonit\u00f5husust, tagades teie energiavajaduste usaldusv\u00e4\u00e4rse ja keskkonnas\u00f5braliku energia.<\/p>\n<h3 style=\"font-family:&quot;Microsoft YaHei&quot;;letter-spacing:normal;text-align:start;white-space:normal;color:rgb(0, 0, 0)\" align=\"start\"><strong>\u00dchilduv ja mitmek\u00fclgne<\/strong><\/h3>\n<p style=\"font-family:&quot;Microsoft YaHei&quot;;font-size:medium;font-weight:400;letter-spacing:normal;text-align:start;white-space:normal;color:rgb(0, 0, 0)\" align=\"start\">Meie kaasaskantav p\u00e4ikesepaneel on varustatud Type-C QC3.0 ja USB-v\u00e4ljundpordiga. Laadige oma mobiiltelefone, tahvelarvuteid ja muud otse p\u00e4ikese k\u00e4es ning nautige v\u00f5imsat 20 V alalisvoolu v\u00e4ljundit, pakkudes mugavat ja t\u00f5husat energiat k\u00f5ikjal, kuhu l\u00e4hete.<\/p>\n<h3 style=\"font-family:&quot;Microsoft YaHei&quot;;letter-spacing:normal;text-align:start;white-space:normal;color:rgb(0, 0, 0)\" align=\"start\"><strong>Kokkupandav ja kaasaskantav<\/strong><\/h3>\n<p style=\"font-family:&quot;Microsoft YaHei&quot;;font-size:medium;font-weight:400;letter-spacing:normal;text-align:start;white-space:normal;color:rgb(0, 0, 0)\" align=\"start\">Avastage kaasaskantava p\u00e4ikeseenergia j\u00f5ud! Meie p\u00e4ikesepaneelide kompaktsed m\u00f5\u00f5tmed kokkupanduna on 21,1 x 23,9 x 1,5 tolli ja kaal k\u00f5igest 8,4 naela. Riputage need oma matkaautole v\u00f5i telgile nagu kohvrit, pakkudes mugavat ja kerget energiat liikvel olles.<\/p>\n<h3 style=\"font-family:&quot;Microsoft YaHei&quot;;letter-spacing:normal;text-align:start;white-space:normal;color:rgb(0, 0, 0)\" align=\"start\"><strong>Kaitske oma p\u00e4ikesepaneele<\/strong><\/h3>\n<p style=\"font-family:&quot;Microsoft YaHei&quot;;font-size:medium;font-weight:400;letter-spacing:normal;text-align:start;white-space:normal;color:rgb(0, 0, 0)\" align=\"start\">Veekindel presenning kaitseb pritsmete eest (\u00e4rge asetage seda vihma k\u00e4tte ega vette leotamiseks), IP65 kaitseklass ja lukuga taskud kaitsevad toitejuhtmeid ja v\u00e4ljundporte. T\u00e4iustage oma \u00f5ues seiklusi usaldusv\u00e4\u00e4rse p\u00e4ikeseenergiaga.<\/p>\n<h3 style=\"font-family:&quot;Microsoft YaHei&quot;;letter-spacing:normal;text-align:start;white-space:normal;color:rgb(0, 0, 0)\" align=\"start\"><strong>Viis \u00fches laadimiskaabel<\/strong><\/h3>\n<p style=\"font-family:&quot;Microsoft YaHei&quot;;font-size:medium;font-weight:400;letter-spacing:normal;text-align:start;white-space:normal;color:rgb(0, 0, 0)\" align=\"start\">Kaasaskantav p\u00e4ikesepaneel sisaldab MC4-Andersoni laadimiskaablit ja viis-\u00fches-kaablit Andersoni, 7909, 6530, XT60 ja 5521 liidestega. \u00dchildub OSCAL elektrijaamadega sujuvate energialahenduste tagamiseks.<\/p>\n<p><\/p>\n<h2 style=\"font-family:&quot;Microsoft YaHei&quot;;font-size:14px;letter-spacing:normal;text-align:start;white-space:normal;color:rgb(0, 0, 0);margin:10px 0px;margin-bottom:10px;margin-top:10px;margin-left:0px;margin-right:0px;padding:0px;padding-bottom:0px;padding-top:0px;padding-left:0px;padding-right:0px\" align=\"start\"><span style=\"font-size:26px\"><strong>Spetsifikatsioon<\/strong><\/span><\/h2>\n<p><\/p>\n<table style=\"border-collapse:collapse;font-family:&quot;Microsoft YaHei&quot;;width:1000px\" class=\"jbEidtTable\" border=\"1\" cellpadding=\"5\" cellspacing=\"0\">\n<tbody>\n<tr>\n<td style=\"text-align:left\" align=\"left\">\n<p><strong>\u00dcldine<\/strong><\/p>\n<\/td>\n<td style=\"text-align:left\" align=\"left\">\n<p>Kaubam\u00e4rk: Blackview Oscal<br \/>T\u00fc\u00fcp: Kokkupandav p\u00e4ikesepaneel<br \/>Mudel: PM100<br \/>V\u00e4rv: must<\/p>\n<\/td>\n<\/tr>\n<tr>\n<td style=\"text-align:left\" align=\"left\">\n<p><strong>Spetsifikatsioon<\/strong><\/p>\n<\/td>\n<td style=\"text-align:left\" align=\"left\">\n<p>V\u00f5imsus: 100W<br \/>Avatud vooluringi pinge: 24,7 V \u00b1 51 TP7 T<br \/>L\u00fchisevool: 5,6 A \u00b1 5%<br \/>Rakkude efektiivsus: \u226523%<br \/>Rakkude lamineerimine: ETFE<br \/>Rakut\u00fc\u00fcp: monokristalliline r\u00e4ni<br \/>T\u00f6\u00f6temperatuur: -10 + 65 \u00b0C<\/p>\n<\/td>\n<\/tr>\n<tr>\n<td style=\"text-align:left\" align=\"left\">\n<p><strong>Kaal ja suurus<\/strong><\/p>\n<\/td>\n<td style=\"text-align:left\" align=\"left\">\n<p>Toote kaal: 3,75 kg<br \/>Paki kaal: 4 kg<br \/>Toote m\u00f5\u00f5tmed (P x L x K): Lahtivoldituna: 122,8 * 53,6 * 2,5 cm, Kokkupanduna: 53,6 * 60,8 * 3,8 cm<br \/>Paki suurus (P x L x K): 62 * 70 * 15,5 cm<\/p>\n<\/td>\n<\/tr>\n<tr>\n<td style=\"text-align:left\" align=\"left\">\n<p><strong>Pakendi sisu<\/strong><\/p>\n<\/td>\n<td style=\"text-align:left\" align=\"left\">\n<p>1 x PM100 kaasaskantav p\u00e4ikesepaneel<br \/>1 x MC4 Andersoni kaabel<br \/>1 x MC4 Andersoni, 7909, 6530, XT60, 5521 kaabel<br \/>1 x kasutusjuhend<\/p>\n<\/td>\n<\/tr>\n<\/tbody>\n<\/table>\n<h1 style=\"font-family:&quot;Microsoft YaHei&quot;;font-size:medium;font-weight:400;letter-spacing:normal;text-align:start;white-space:normal;color:rgb(0, 0, 0)\" align=\"start\"><\/h1>\n<p style=\"font-family:&quot;Microsoft YaHei&quot;;font-size:medium;font-weight:400;letter-spacing:normal;text-align:start;white-space:normal;color:rgb(0, 0, 0)\" align=\"start\"><img decoding=\"async\" src=\"https:\/\/ae01.alicdn.com\/kf\/Sdf1da53a0963488bb126a8bd1865c626n.jpg\" slate-data-type=\"image\"\/><img decoding=\"async\" src=\"https:\/\/ae01.alicdn.com\/kf\/S826b649cdbb94118b5d6bd250a2fbc99h.jpg\" slate-data-type=\"image\"\/><img decoding=\"async\" src=\"https:\/\/ae01.alicdn.com\/kf\/S0d9e1134cf564d0fa0526e27a1adfb506.jpg\" slate-data-type=\"image\"\/><img decoding=\"async\" src=\"https:\/\/ae01.alicdn.com\/kf\/S4b1956d8981d42c099421e4d24bce32e1.jpg\" slate-data-type=\"image\"\/><img decoding=\"async\" src=\"https:\/\/ae01.alicdn.com\/kf\/Sf5d6000aa58a4fdc8fa853da267b697eS.jpg\" slate-data-type=\"image\"\/><img decoding=\"async\" src=\"https:\/\/ae01.alicdn.com\/kf\/S065f68d679444ccbb47cd952e6b27e7dW.jpg\" slate-data-type=\"image\"\/><img decoding=\"async\" src=\"https:\/\/ae01.alicdn.com\/kf\/S147ce5e334bc442d90e619dd03fd6887K.jpg\" slate-data-type=\"image\"\/><img decoding=\"async\" src=\"https:\/\/ae01.alicdn.com\/kf\/S24a5af61952b46518458afcde4f4588aL.jpg\" slate-data-type=\"image\"\/><img decoding=\"async\" src=\"https:\/\/ae01.alicdn.com\/kf\/Sf0bdd2ab7751420bb179d37ad350b934E.jpg\" slate-data-type=\"image\"\/><img decoding=\"async\" src=\"https:\/\/ae01.alicdn.com\/kf\/S5fabaf3275174858b4af674258739217A.jpg\" slate-data-type=\"image\"\/><\/p>","protected":false},"excerpt":{"rendered":"<p>Nominal Capacity:&nbsp;100W Model Number:&nbsp;PM100 Type:&nbsp;Li-Ion Set Type:&nbsp;Charger Sets Brand:&nbsp;Blackview Oscal Model:&nbsp;PM100 Type:&nbsp;Foldable Solar Panel Rate Power:&nbsp;100W Cell Efficiency:&nbsp;\u226523% Cell Lamination:&nbsp;ETFE Cell Type:&nbsp;Monocrystalline Silicon Features 01:&nbsp;portable power station Features 02:&nbsp;power station<\/p>","protected":false},"featured_media":21650,"comment_status":"open","ping_status":"closed","template":"","meta":{"_acf_changed":false},"product_brand":[],"product_cat":[531],"product_tag":[],"class_list":{"0":"post-21649","1":"product","2":"type-product","3":"status-publish","4":"has-post-thumbnail","6":"product_cat-foldable-solar-panels","8":"first","9":"instock","10":"shipping-taxable","11":"purchasable","12":"product-type-simple"},"acf":[],"_links":{"self":[{"href":"https:\/\/electricstore.eu\/et\/wp-json\/wp\/v2\/product\/21649","targetHints":{"allow":["GET"]}}],"collection":[{"href":"https:\/\/electricstore.eu\/et\/wp-json\/wp\/v2\/product"}],"about":[{"href":"https:\/\/electricstore.eu\/et\/wp-json\/wp\/v2\/types\/product"}],"replies":[{"embeddable":true,"href":"https:\/\/electricstore.eu\/et\/wp-json\/wp\/v2\/comments?post=21649"}],"wp:featuredmedia":[{"embeddable":true,"href":"https:\/\/electricstore.eu\/et\/wp-json\/wp\/v2\/media\/21650"}],"wp:attachment":[{"href":"https:\/\/electricstore.eu\/et\/wp-json\/wp\/v2\/media?parent=21649"}],"wp:term":[{"taxonomy":"product_brand","embeddable":true,"href":"https:\/\/electricstore.eu\/et\/wp-json\/wp\/v2\/product_brand?post=21649"},{"taxonomy":"product_cat","embeddable":true,"href":"https:\/\/electricstore.eu\/et\/wp-json\/wp\/v2\/product_cat?post=21649"},{"taxonomy":"product_tag","embeddable":true,"href":"https:\/\/electricstore.eu\/et\/wp-json\/wp\/v2\/product_tag?post=21649"}],"curies":[{"name":"wp","href":"https:\/\/api.w.org\/{rel}","templated":true}]}}