{"id":21590,"date":"2025-05-20T18:20:09","date_gmt":"2025-05-20T18:20:09","guid":{"rendered":"https:\/\/electricstore.eu\/p\/uncategorized\/eleglide-c1-27-5-adult-electric-bike-150km-range-250w-mid-drive-motor-16v-14-5ah-battery-electric-road-bikes-electric-bicycle\/"},"modified":"2025-05-20T18:20:14","modified_gmt":"2025-05-20T18:20:14","slug":"eleglide-c1-27-5-adult-electric-bike-150km-range-250w-mid-drive-motor-16v-14-5ah-battery-electric-road-bikes-electric-bicycle","status":"publish","type":"product","link":"https:\/\/electricstore.eu\/et\/p\/bikes\/eleglide-c1-27-5-adult-electric-bike-150km-range-250w-mid-drive-motor-16v-14-5ah-battery-electric-road-bikes-electric-bicycle\/","title":{"rendered":"Eglide C1 27,5\u2033 t\u00e4iskasvanutele m\u00f5eldud elektriratas, 150 km s\u00f5iduulatus, 250 W keskmise ajamiga mootor, 16 V 14,5 Ah aku, elektrilised maanteerattad, elektriline jalgratas"},"content":{"rendered":"<div class=\"product-specs-list-container\">\n<ul class=\"product-specs-list util-clearfix\">\n<li class=\"product-prop line-limit-length\"><span\n                                        class=\"property-title\">Jalgratta vedrustuse t\u00fc\u00fcbid:&nbsp;<\/span><span\n                                        class=\"property-desc line-limit-length\">Vastupidav<\/span>\n                            <\/li>\n<li class=\"product-prop line-limit-length\"><span\n                                        class=\"property-title\">Piduris\u00fcsteem:&nbsp;<\/span><span\n                                        class=\"property-desc line-limit-length\">Eesmine ja tagumine mehaaniline ketaspidur<\/span>\n                            <\/li>\n<li class=\"product-prop line-limit-length\"><span\n                                        class=\"property-title\">Ratta suurus:&nbsp;<\/span><span\n                                        class=\"property-desc line-limit-length\">27.5&#039;&#039;<\/span>\n                            <\/li>\n<li class=\"product-prop line-limit-length\"><span\n                                        class=\"property-title\">Br\u00e4nd:&nbsp;<\/span><span\n                                        class=\"property-desc line-limit-length\">Eglide<\/span>\n                            <\/li>\n<li class=\"product-prop line-limit-length\"><span\n                                        class=\"property-title\">Netokaal:&nbsp;<\/span><span\n                                        class=\"property-desc line-limit-length\">5.5kg<\/span>\n                            <\/li>\n<li class=\"product-prop line-limit-length\"><span\n                                        class=\"property-title\">Raami suurus:&nbsp;<\/span><span\n                                        class=\"property-desc line-limit-length\">27.5&quot; x 19&quot;<\/span>\n                            <\/li>\n<li class=\"product-prop line-limit-length\"><span\n                                        class=\"property-title\">Jalgratta maksimaalne koormus:&nbsp;<\/span><span\n                                        class=\"property-desc line-limit-length\">120 kg<\/span>\n                            <\/li>\n<li class=\"product-prop line-limit-length\"><span\n                                        class=\"property-title\">Piirkiirus:&nbsp;<\/span><span\n                                        class=\"property-desc line-limit-length\">25 km\/h<\/span>\n                            <\/li>\n<li class=\"product-prop line-limit-length\"><span\n                                        class=\"property-title\">Maksimaalne ulatus:&nbsp;<\/span><span\n                                        class=\"property-desc line-limit-length\">150km (Assist Mode)<\/span>\n                            <\/li>\n<li class=\"product-prop line-limit-length\"><span\n                                        class=\"property-title\">Walk Mode:&nbsp;<\/span><span\n                                        class=\"property-desc line-limit-length\">6km\/h<\/span>\n                            <\/li>\n<li class=\"product-prop line-limit-length\"><span\n                                        class=\"property-title\">Nimipinge:&nbsp;<\/span><span\n                                        class=\"property-desc line-limit-length\">36V<\/span>\n                            <\/li>\n<li class=\"product-prop line-limit-length\"><span\n                                        class=\"property-title\">Omadused 01:&nbsp;<\/span><span\n                                        class=\"property-desc line-limit-length\">Elektriline jalgratas<\/span>\n                            <\/li>\n<li class=\"product-prop line-limit-length\"><span\n                                        class=\"property-title\">Omadused 02:&nbsp;<\/span><span\n                                        class=\"property-desc line-limit-length\">Elektrilised jalgrattad<\/span>\n                            <\/li>\n<li class=\"product-prop line-limit-length\"><span\n                                        class=\"property-title\">Omadused 03:&nbsp;<\/span><span\n                                        class=\"property-desc line-limit-length\">Elektrijalgratta pakkumine<\/span>\n                            <\/li>\n<li class=\"product-prop line-limit-length\"><span\n                                        class=\"property-title\">Omadused 04:&nbsp;<\/span><span\n                                        class=\"property-desc line-limit-length\">Elektrilised jalgrattad t\u00e4iskasvanutele<\/span>\n                            <\/li>\n<li class=\"product-prop line-limit-length\"><span\n                                        class=\"property-title\">Omadused 05:&nbsp;<\/span><span\n                                        class=\"property-desc line-limit-length\">Kokkupandav jalgratas<\/span>\n                            <\/li>\n<li class=\"product-prop line-limit-length\"><span\n                                        class=\"property-title\">Omadused 06:&nbsp;<\/span><span\n                                        class=\"property-desc line-limit-length\">Elektrilised jalgrattad t\u00e4iskasvanutele<\/span>\n                            <\/li>\n<li class=\"product-prop line-limit-length\"><span\n                                        class=\"property-title\">Omadused 07:&nbsp;<\/span><span\n                                        class=\"property-desc line-limit-length\">Elektriline jalgratas<\/span>\n                            <\/li>\n<li class=\"product-prop line-limit-length\"><span\n                                        class=\"property-title\">Omadused 09:&nbsp;<\/span><span\n                                        class=\"property-desc line-limit-length\">Odavad jalgrattad<\/span>\n                            <\/li>\n<\/ul><\/div>\n<p><\/p>\n<p style=\"font-family:&quot;Microsoft YaHei&quot;;font-size:medium;font-weight:400;letter-spacing:normal;text-align:start;white-space:normal;color:rgb(0, 0, 0)\" align=\"start\"><span style=\"font-size:x-large\">T\u00e4hts\u00fcndmused<\/span><\/p>\n<p><\/p>\n<p style=\"font-family:&quot;Microsoft YaHei&quot;;font-size:medium;font-weight:400;letter-spacing:normal;text-align:start;white-space:normal;color:rgb(0, 0, 0)\" align=\"start\"><strong>Efficient Mid-Drive\u00a0Motor<br \/><\/strong>The\u00a0C1 electric bike boasts\u00a0a powerful mid-drive brushless motor that delivers 70Nm torque, a maximum instantaneous power of 432W\u00a0and a top speed of 25km\/h.\u00a0The robust mid-drive motor features lower rolling resistance and provides more efficient power distribution, enabling a longer range and improved torque for climbing hills and conquering various terrains.\u00a0<strong><\/p>\n<p>Large<\/strong><strong><span>\u00a0<\/span><\/strong><strong>Removable\u00a0Battery<br \/><\/strong>With a replaceable 522Wh lithium-ion battery, the C1 e-bike\u00a0can effortlessly glide through 150km\u00a0(93.2mi) per charge in assist mode, more than enough to handle your daily commute or\u00a0long-distance cycling adventures.\u00a0With the C1 bike, you can ride without range anxiety.<strong><br \/><\/strong><br \/><strong>27.5&quot;x2.25&quot; Wide\u00a0Tires\u00a0&amp; 7-Speed Shimano Gear<br \/><\/strong>With 27.5-inch\u00a0wheels, the C1 electric bicycle\u00a0can negotiate trail obstacles with ease and stability. The 2.25-inch wide pneumatic\u00a0rubber tires provide better shock absorption and more\u00a0traction for a smooth ride\u00a0on diverse terrains.\u00a0Equipped with a 7-speed professional Shimano derailleur, it lets you revel in the thrill of variable speed\u00a0and breeze through the roads with ease. Experience a swift, effortless and enjoyable ride with the C1.<strong><br \/><\/strong><br \/><strong>Hydraulic Suspension<\/strong><strong><span>\u00a0<\/span><\/strong><strong>&amp;<\/strong><strong><span>\u00a0<\/span><\/strong><strong>Hydraulic\u00a0Disc Brakes<br \/><\/strong>The hydraulic suspension is more responsive than other suspension systems, providing you with a smoother, firmer ride. With the\u00a0lockout\u00a0design, you can lock the suspension for a fast ride on flat roads and unlock it for a\u00a0comfortable\u00a0cruise on bumpy paths. The hydraulic disc brakes offer better control and increased braking effort. They dissipate heat more evenly and tend to last longer than traditional mechanical brakes, enabling a safer and more endurance ride.<strong><br \/><\/strong><br \/><strong>Smart LCD Control &amp;<\/strong><strong><span>\u00a0<\/span><\/strong><strong>5<\/strong><strong><span>\u00a0<\/span><\/strong><strong>Assist Levels<br \/><\/strong>The C1 comes with an intelligent LCD that keeps you up to date with important data, such as real-time speed, distance traveled, and battery level, and lets you easily switch between 5 pedal assist levels, including 12, 15, 18, 21\u00a0and 25 km\/h, as well as activate the 6 km\/h walk mode and more.<strong><br \/><\/strong><br \/><strong>Adjustable Stem &amp; StVZO-Certified Light<br \/><\/strong>With an adjustable stem, you can customize the angle and height of your handlebars for the most comfortable riding position.\u00a0Our StVZO-certified bike light is designed to meet the strict regulations set by the German Road Traffic Licensing Regulations, with a beam shaped to increase visibility on the road and avoid dazzling other road users, making the roads safer for everyone. Moreover, this bike light minimizes light pollution, providing a more reliable and environmentally friendly lighting solution for cyclists.<\/p>\n<p><\/p>\n<h2 style=\"font-family:&quot;Microsoft YaHei&quot;;font-size:14px;letter-spacing:normal;text-align:start;white-space:normal;color:rgb(0, 0, 0);margin:10px 0px;margin-bottom:10px;margin-top:10px;margin-left:0px;margin-right:0px;padding:0px;padding-bottom:0px;padding-top:0px;padding-left:0px;padding-right:0px\" align=\"start\">Spetsifikatsioon<\/h2>\n<p><\/p>\n<table style=\"border-collapse:collapse;font-family:&quot;Microsoft YaHei&quot;\" border=\"1\" cellpadding=\"8\">\n<tbody>\n<tr>\n<td style=\"width:98px\" width=\"98\">\n<p>\u00dcldine<\/p>\n<\/td>\n<td style=\"width:458px\" width=\"458\">\n<p>Kaubam\u00e4rk: Eglide<br \/>Model: C1,C1 ST<br \/>V\u00e4rv: sinine<\/p>\n<\/td>\n<\/tr>\n<tr>\n<td style=\"width:98px\" width=\"98\">\n<p>P\u00f5hispetsifikatsioon<\/p>\n<\/td>\n<td style=\"width:458px\" width=\"458\">\n<p>Net Weight: 25.5kg<br \/>Unfolded Size: 1840x660x1170mm<br \/>Size of Frame: 27.5&quot; x 19&quot;<br \/>Length of Handlebar: 660mm\u00a0(26&quot;, without grip covers), 680mm (26.8&quot;, with grip covers)<br \/>Height of Saddle (from the ground): 34.2&quot;-40.6&quot;<br \/>Recommended Rider Height: 170-200cm (around 5&#x27;\u00a07&quot;-6&#x27; 7&quot;)<br \/>Jalgratta maksimaalne kandev\u00f5ime: 120 kg<br \/>Kiirusepiirang: 25 km\/h<br \/>Max Range: 150km\u00a0(Assist Mode)<br \/>Pedaali abitasemed: 12\/15\/18\/21\/25 km\/h<br \/>Jalutusre\u017eiim: 6 km\/h<br \/>Waterproof Level: IPX5<br \/>Material: Aluminium Alloy\u00a0(AL6061)<br \/>Braking System: Hydraulic\u00a0Disc Brakes &amp;\u00a0Power-off Design<br \/>Suspension: Hydraulic Suspension with Lockout<\/p>\n<\/td>\n<\/tr>\n<tr>\n<td style=\"width:98px\" width=\"98\">\n<p>Mootor<\/p>\n<\/td>\n<td style=\"width:458px\" width=\"458\">\n<p>Type: Mid-Drive Motor<br \/>Nimipinge: 36V<br \/>Max Instantaneous Power: 432W<br \/>Max RPM: 114<br \/>Max Output Torque: 70N.M<\/p>\n<\/td>\n<\/tr>\n<tr>\n<td style=\"width:98px\" width=\"98\">\n<p>K\u00e4iguvahetaja<\/p>\n<\/td>\n<td style=\"width:458px\" width=\"458\">\n<p>Kaubam\u00e4rk: Shimano<br \/>K\u00e4ikude arv: 7 (taga)<\/p>\n<\/td>\n<\/tr>\n<tr>\n<td style=\"width:98px\" width=\"98\">\n<p>Aku<\/p>\n<\/td>\n<td style=\"width:458px\" width=\"458\">\n<p>Capacity: 14.5Ah<br \/>Pinge: 36V<br \/>Charging Time: 7.5h<br \/>Power Capacity: 522Wh<br \/>Kaitses\u00fcsteem: Jah<\/p>\n<\/td>\n<\/tr>\n<tr>\n<td style=\"width:98px\" width=\"98\">\n<p>Laadija<\/p>\n<\/td>\n<td style=\"width:458px\" width=\"458\">\n<p>Input: 100-240V, \u22641.8A<br \/>V\u00e4ljund: 42 V, 2 A<\/p>\n<\/td>\n<\/tr>\n<tr>\n<td style=\"width:98px\" width=\"98\">\n<p>Rehvid<\/p>\n<\/td>\n<td style=\"width:458px\" width=\"458\">\n<p>Kaubam\u00e4rk: CST<br \/>Size: 27.5&quot;x2.25&quot;<br \/>T\u00fc\u00fcp: Pneumaatilised kummirehvid<br \/>Rehvir\u00f5hk: 40\u201370 PSI\u00a0<br \/>Best Tire Pressure: 55-60PSI<\/p>\n<\/td>\n<\/tr>\n<tr>\n<td style=\"width:98px\" width=\"98\">\n<p>Ekraan<\/p>\n<\/td>\n<td style=\"width:458px\" width=\"458\">\n<p>Size: 1.8&quot;<br \/>T\u00fc\u00fcp: LCD<br \/>Teave: kiirus, aku tase, l\u00e4bitud vahemaa\/odomeeter, abitase, k\u00f5ndimisre\u017eiim, tulede m\u00e4rgistus, pidurdusm\u00e4rgistus<br \/>Functions: Power on\/off, turning light on\/off, shifting assist levels, activating walk\u00a0mode, removing trip\u00a0data, setting screen timeout, etc.<\/p>\n<\/td>\n<\/tr>\n<tr>\n<td style=\"width:98px\" width=\"98\">\n<p>Pakett<\/p>\n<\/td>\n<td style=\"width:458px\" width=\"458\">\n<p>Size: 1590x250x800mm<br \/>Gross Weight: 30kg<\/p>\n<\/td>\n<\/tr>\n<tr>\n<td style=\"width:98px\" width=\"98\">\n<p>Pakkide nimekiri<\/p>\n<\/td>\n<td style=\"width:458px\" width=\"458\">\n<p>1 x E-Bike \u00a0\u00a0\u00a0\u00a0\u00a0\u00a0\u00a0\u00a0\u00a0\u00a0\u00a0\u00a0\u00a0 1 x User Manual<br \/>1 x Charger \u00a0\u00a0\u00a0\u00a0\u00a0 \u00a0 \u00a0 \u00a0 2 x Pedal (Left &amp; Right)<br \/>1 x Taillight\u00a0\u00a0\u00a0\u00a0\u00a0\u00a0\u00a0\u00a0 \u00a0 \u00a0 4 x Spoke Reflector<br \/>1 x Headlight \u00a0\u00a0\u00a0\u00a0\u00a0 \u00a0\u00a0 1 x Saddle<br \/>1 x LCD Display \u00a0 \u00a0\u00a0\u00a0 2 x Key<br \/>1 x t\u00f6\u00f6riistakomplekt<\/p>\n<\/td>\n<\/tr>\n<tr>\n<td style=\"width:556px\" width=\"556\" colspan=\"2\">\n<p>M\u00e4rkus: maksimaalne ulatus saavutatakse j\u00e4rgmistel tingimustel: 75 kg koormus, 26 \u2103 temperatuur, 15 km\/h p\u00fcsiv kiirus, tasasel teel ja tugeva tuuleta.<\/p>\n<\/td>\n<\/tr>\n<\/tbody>\n<\/table>\n<p><img decoding=\"async\" src=\"https:\/\/ae01.alicdn.com\/kf\/Sa72b7df8047a4e3092fb426e8cd7b35bf.jpeg\" slate-data-type=\"image\"\/><img decoding=\"async\" src=\"https:\/\/ae01.alicdn.com\/kf\/Sfc8e54d455e64a12a078ce2bf264128f9.jpeg\" slate-data-type=\"image\"\/><img decoding=\"async\" src=\"https:\/\/ae01.alicdn.com\/kf\/Sccb04e8e7b27411db63c158cc6b6118bQ.jpeg\" slate-data-type=\"image\"\/><img decoding=\"async\" src=\"https:\/\/ae01.alicdn.com\/kf\/S69cfafd31ee140468ae93a0915796541Q.jpeg\" slate-data-type=\"image\"\/><img decoding=\"async\" src=\"https:\/\/ae01.alicdn.com\/kf\/Sefd98842256e4fe0915a9c77a5f8b497G.jpeg\" slate-data-type=\"image\"\/><img decoding=\"async\" src=\"https:\/\/ae01.alicdn.com\/kf\/S2ac5afee914a441eb50da2f224d55354Y.jpeg\" slate-data-type=\"image\"\/><img decoding=\"async\" src=\"https:\/\/ae01.alicdn.com\/kf\/S0f6c2b943b3c4dd283fc0172108dea97k.jpeg\" slate-data-type=\"image\"\/><img decoding=\"async\" src=\"https:\/\/ae01.alicdn.com\/kf\/S9c3e7819ba3f4a528b1a705f08f3b570p.jpeg\" slate-data-type=\"image\"\/><img decoding=\"async\" src=\"https:\/\/ae01.alicdn.com\/kf\/S1ab11ecd6e15417a998be932eb16c65cD.jpeg\" slate-data-type=\"image\"\/><img decoding=\"async\" src=\"https:\/\/ae01.alicdn.com\/kf\/S4fded29516e1435f828a510e1d6ec3e8w.jpeg\" slate-data-type=\"image\"\/><img decoding=\"async\" src=\"https:\/\/ae01.alicdn.com\/kf\/S9087bdc3dc3f4bdea4e8bdec4b011129J.jpeg\" slate-data-type=\"image\"\/><img decoding=\"async\" src=\"https:\/\/ae01.alicdn.com\/kf\/S616c60114d0f4b36bdd5e91bbdc82afex.jpeg\" slate-data-type=\"image\"\/><img decoding=\"async\" src=\"https:\/\/ae01.alicdn.com\/kf\/Sa8d8508ca02446a6bf11510fd5ec417ef.jpeg\" slate-data-type=\"image\"\/><img decoding=\"async\" src=\"https:\/\/ae01.alicdn.com\/kf\/Seb20199599334db68e8816da9a67d402c.jpeg\" slate-data-type=\"image\"\/><img decoding=\"async\" src=\"https:\/\/ae01.alicdn.com\/kf\/Sf21826452b5e4a19bdd8cd5171caa139i.jpeg\" slate-data-type=\"image\"\/><img decoding=\"async\" src=\"https:\/\/ae01.alicdn.com\/kf\/S91b676420049452d855855b3d8a7b3327.jpeg\" slate-data-type=\"image\"\/><\/p>","protected":false},"excerpt":{"rendered":"<p>Bike Suspension Types:&nbsp;Sturdy Braking System:&nbsp;Front and Rear Mechanical Disc Brake Wheel Size:&nbsp;27.5&#039;&#039; Brand:&nbsp;Eleglide Net Weight:&nbsp;5.5kg Size of Frame:&nbsp;27.5&quot; x 19&quot; Max Load of Bike:&nbsp;120kg Cut-off Speed:&nbsp;25km\/h Max Range:&nbsp;150km (Assist Mode)<\/p>","protected":false},"featured_media":21591,"comment_status":"open","ping_status":"closed","template":"","meta":{"_acf_changed":false},"product_brand":[],"product_cat":[230],"product_tag":[],"class_list":{"0":"post-21590","1":"product","2":"type-product","3":"status-publish","4":"has-post-thumbnail","6":"product_cat-bikes","8":"first","9":"instock","10":"shipping-taxable","11":"purchasable","12":"product-type-variable"},"acf":[],"_links":{"self":[{"href":"https:\/\/electricstore.eu\/et\/wp-json\/wp\/v2\/product\/21590","targetHints":{"allow":["GET"]}}],"collection":[{"href":"https:\/\/electricstore.eu\/et\/wp-json\/wp\/v2\/product"}],"about":[{"href":"https:\/\/electricstore.eu\/et\/wp-json\/wp\/v2\/types\/product"}],"replies":[{"embeddable":true,"href":"https:\/\/electricstore.eu\/et\/wp-json\/wp\/v2\/comments?post=21590"}],"wp:featuredmedia":[{"embeddable":true,"href":"https:\/\/electricstore.eu\/et\/wp-json\/wp\/v2\/media\/21591"}],"wp:attachment":[{"href":"https:\/\/electricstore.eu\/et\/wp-json\/wp\/v2\/media?parent=21590"}],"wp:term":[{"taxonomy":"product_brand","embeddable":true,"href":"https:\/\/electricstore.eu\/et\/wp-json\/wp\/v2\/product_brand?post=21590"},{"taxonomy":"product_cat","embeddable":true,"href":"https:\/\/electricstore.eu\/et\/wp-json\/wp\/v2\/product_cat?post=21590"},{"taxonomy":"product_tag","embeddable":true,"href":"https:\/\/electricstore.eu\/et\/wp-json\/wp\/v2\/product_tag?post=21590"}],"curies":[{"name":"wp","href":"https:\/\/api.w.org\/{rel}","templated":true}]}}