{"id":21560,"date":"2025-05-20T18:19:54","date_gmt":"2025-05-20T18:19:54","guid":{"rendered":"https:\/\/electricstore.eu\/p\/uncategorized\/touroll-b2-26-electric-bike-25km-h-250w-50nm-torque-36v-15-6ah-100km-range-7-speed-shimano-gear-electric-bicycles\/"},"modified":"2025-05-20T18:19:55","modified_gmt":"2025-05-20T18:19:55","slug":"touroll-b2-26-electric-bike-25km-h-250w-50nm-torque-36v-15-6ah-100km-range-7-speed-shimano-gear-electric-bicycles","status":"publish","type":"product","link":"https:\/\/electricstore.eu\/et\/p\/bikes\/touroll-b2-26-electric-bike-25km-h-250w-50nm-torque-36v-15-6ah-100km-range-7-speed-shimano-gear-electric-bicycles\/","title":{"rendered":"Touroll B2 26\u2033 elektriratas 25km\/h 250W 50Nm p\u00f6\u00f6rdemoment 36V 15.6Ah 100km ulatus 7-k\u00e4iguline Shimano k\u00e4iguga elektrijalgrattad"},"content":{"rendered":"<div class=\"product-specs-list-container\">\n<ul class=\"product-specs-list util-clearfix\">\n<li class=\"product-prop line-limit-length\"><span\n                                        class=\"property-title\">Jalgratta vedrustuse t\u00fc\u00fcbid:&nbsp;<\/span><span\n                                        class=\"property-desc line-limit-length\">Vastupidav<\/span>\n                            <\/li>\n<li class=\"product-prop line-limit-length\"><span\n                                        class=\"property-title\">Piduris\u00fcsteem:&nbsp;<\/span><span\n                                        class=\"property-desc line-limit-length\">Eesmine ja tagumine mehaaniline ketaspidur<\/span>\n                            <\/li>\n<li class=\"product-prop line-limit-length\"><span\n                                        class=\"property-title\">Ratta suurus:&nbsp;<\/span><span\n                                        class=\"property-desc line-limit-length\">26&quot;<\/span>\n                            <\/li>\n<li class=\"product-prop line-limit-length\"><span\n                                        class=\"property-title\">Br\u00e4nd:&nbsp;<\/span><span\n                                        class=\"property-desc line-limit-length\">Touroll<\/span>\n                            <\/li>\n<li class=\"product-prop line-limit-length\"><span\n                                        class=\"property-title\">Mudel:&nbsp;<\/span><span\n                                        class=\"property-desc line-limit-length\">B2<\/span>\n                            <\/li>\n<li class=\"product-prop line-limit-length\"><span\n                                        class=\"property-title\">Raami suurus:&nbsp;<\/span><span\n                                        class=\"property-desc line-limit-length\">26&quot;x16&quot;<\/span>\n                            <\/li>\n<li class=\"product-prop line-limit-length\"><span\n                                        class=\"property-title\">Loode:&nbsp;<\/span><span\n                                        class=\"property-desc line-limit-length\">26,7 kg<\/span>\n                            <\/li>\n<li class=\"product-prop line-limit-length\"><span\n                                        class=\"property-title\">Piirkiirus:&nbsp;<\/span><span\n                                        class=\"property-desc line-limit-length\">25 km\/h<\/span>\n                            <\/li>\n<li class=\"product-prop line-limit-length\"><span\n                                        class=\"property-title\">Maksimaalne ulatus:&nbsp;<\/span><span\n                                        class=\"property-desc line-limit-length\">100 km (abire\u017eiim)<\/span>\n                            <\/li>\n<li class=\"product-prop line-limit-length\"><span\n                                        class=\"property-title\">Nimiv\u00f5imsus\/pinge:&nbsp;<\/span><span\n                                        class=\"property-desc line-limit-length\">250W \/ 36V<\/span>\n                            <\/li>\n<li class=\"product-prop line-limit-length\"><span\n                                        class=\"property-title\">Laadimisaeg:&nbsp;<\/span><span\n                                        class=\"property-desc line-limit-length\">7-8 tundi<\/span>\n                            <\/li>\n<\/ul><\/div>\n<p><span style=\"font-size:x-large\">T\u00e4hts\u00fcndmused<\/span><\/p>\n<p><\/p>\n<p style=\"font-family:&quot;Noto Sans SC&quot;;font-size:medium;font-weight:400;letter-spacing:normal;text-align:start;white-space:normal;color:rgb(0, 0, 0)\" align=\"start\">Ajatu elegants ja ergonoomiline mugavus<br \/>Touroll B2 elektrirattal on kaunilt viimistletud retrostiilis l\u00e4bik\u00e4idav raam, mis on loodud t\u00e4iendama naiste elegantset ja mugavat s\u00f5iduasendit. Selle graatsiline siluett, mis on saadaval keerukates v\u00e4rvivalikutes, \u00fchendab klassikalise esteetika ergonoomilise efektiivsusega, tagades sujuva ja l\u00f5\u00f5gastava s\u00f5idu. Reguleeritav lenks ja istmek\u00f5rgus v\u00f5imaldavad s\u00f5itjatel oma sobivust isikup\u00e4rastada, samas kui madala astmega raam muudab peale- ja mahamineku vaevata \u2013 ideaalne igap\u00e4evasteks pendelr\u00e4nnakuteks ja vaba aja s\u00f5itudeks.<\/p>\n<p>Ohutust esmat\u00e4htis piduris\u00fcsteem<br \/>Mootori v\u00e4ljal\u00fclitusega mehaaniliste ketaspiduritega varustatud Touroll B2 peatab pidurdamisel koheselt j\u00f5u, pakkudes kiiret ja kontrollitud peatumist isegi n\u00f5lvadel. See ohutust silmas pidav piduris\u00fcsteem suurendab s\u00f5itja enesekindlust, eriti linnaliikluses, tagades suurema stabiilsuse ja kontrolli.<\/p>\n<p>Pikaajaline eemaldatav aku<br \/>36 V 15,6 Ah (561,6 Wh) akuga B2 elektriratas pakub muljetavaldavat l\u00e4bis\u00f5itu \u00fcle 100 km \u00fche laadimisega, mist\u00f5ttu sobib see ideaalselt igap\u00e4evasteks pendelr\u00e4nneteks, linnas\u00f5iduks ja n\u00e4dalavahetuse v\u00e4ljas\u00f5itudeks. Eemaldatava aku disain v\u00f5imaldab probleemivaba laadimist kodus v\u00f5i kontoris, tagades s\u00f5itjatele maksimaalse mugavuse.<\/p>\n<p>Adaptiivne v\u00f5imsus ja sujuv juhtimine<br \/>250 W tagumine rummumootor 50 Nm p\u00f6\u00f6rdemomendiga koos 12-magnetilise kadentsianduriga pakub sujuvat pedaaliabi, reageerides igale l\u00f6\u00f6gile sujuvalt. Valluta pingutuseta t\u00f5use ja s\u00f5ida linnat\u00e4navatel kiirusega kuni 25 km\/h, tagades v\u00f5imsa, kuid loomuliku s\u00f5idukogemuse.<\/p>\n<p>Shimano 7-k\u00e4iguline k\u00e4igukast<br \/>Saavuta t\u00e4pne edu erinevatel maastikel Shimano 7-k\u00e4igulise j\u00f5u\u00fclekandega. See usaldusv\u00e4\u00e4rne k\u00e4igukast tagab sujuva ja energias\u00e4\u00e4stliku k\u00e4iguvahetuse nii m\u00e4kket\u00f5usul kui ka tasasel teel kiirendades, kohandudes h\u00f5lpsalt sinu eelistatud s\u00f5idutempoga.<\/p>\n<p>Kasutajas\u00f5bralikud funktsioonid<br \/>Parema n\u00e4htavuse tagamiseks vastavad esi- ja tagatuled EL StVZO sertifikaadile, muutes \u00f6ised s\u00f5idud ohutumaks. Intuitiivne LED-ekraan pakub h\u00f5lpsat juhtimist kolme pedaaliabi taseme vahel, muutes selle algajas\u00f5bralikuks, pakkudes samal ajal mitmek\u00fclgsust kogenud s\u00f5itjatele. Tugev tagumine pakiraam lisab praktilisust, sobib ideaalselt toidukaupade, kottide v\u00f5i isiklike asjade vedamiseks \u2013 ideaalne pendeldamiseks, asjaajamiseks ja vaba aja jalgrattas\u00f5iduks.<\/p>\n<p><\/p>\n<h2 style=\"font-family:&quot;Noto Sans SC&quot;;font-size:14px;letter-spacing:normal;text-align:start;white-space:normal;color:rgb(0, 0, 0);margin:10px 0px;margin-bottom:10px;margin-top:10px;margin-left:0px;margin-right:0px;padding:0px;padding-bottom:0px;padding-top:0px;padding-left:0px;padding-right:0px\" align=\"start\">Spetsifikatsioon<\/h2>\n<p><\/p>\n<table style=\"border-collapse:collapse;font-family:&quot;Noto Sans SC&quot;\" border=\"1\" cellpadding=\"8\">\n<tbody>\n<tr>\n<td style=\"width:28.2%\" width=\"28.2000%\">\n<p>\u00dcldine<\/p>\n<\/td>\n<td style=\"width:71.78%\" width=\"71.7800%\">\n<p>Kaubam\u00e4rk: Touroll<br \/>Mudel: B2<br \/>V\u00e4rv: roheline<\/p>\n<\/td>\n<\/tr>\n<tr>\n<td style=\"width:28.2%\" width=\"28.2000%\">\n<p>P\u00f5hispetsifikatsioon<\/p>\n<\/td>\n<td style=\"width:71.78%\" width=\"71.7800%\">\n<p>Raami suurus: 26&quot; x 16&quot;<br \/>Lahtivolditud suurus: 1910x670x1130mm<br \/>Lenksu laius: 670 mm (26,4&quot;)<br \/>Loodekaal: 26,7 kg<br \/>Veekindluse tase: IPX4<br \/>Kiirusepiirang: 25 km\/h<br \/>Maksimaalne s\u00f5iduulatus: 100 km (abire\u017eiim)<br \/>Abire\u017eiimi kiirusetasemed: 15\/20\/25 km\/h (tase 1-3)<br \/>Raami materjal: STL<br \/>Soovitatav s\u00f5itja pikkus: 160\u2013195 cm (5&#039;3&quot; \u2013 6&#039;5&quot;)<\/p>\n<\/td>\n<\/tr>\n<tr>\n<td style=\"width:28.2%\" width=\"28.2000%\">\n<p>Mootor<\/p>\n<\/td>\n<td style=\"width:71.78%\" width=\"71.7800%\">\n<p>Nimiv\u00f5imsus\/pinge: 250W \/ 36V<br \/>Maksimaalne v\u00e4ljundmoment: 50 Nm<\/p>\n<\/td>\n<\/tr>\n<tr>\n<td style=\"width:28.2%\" width=\"28.2000%\">\n<p>K\u00e4iguvahetaja<\/p>\n<\/td>\n<td style=\"width:71.78%\" width=\"71.7800%\">\n<p>Kaubam\u00e4rk: Shimano<br \/>K\u00e4iguvahetushoobade arv: 7 (taga)<\/p>\n<\/td>\n<\/tr>\n<tr>\n<td style=\"width:28.2%\" width=\"28.2000%\">\n<p>Aku<\/p>\n<\/td>\n<td style=\"width:71.78%\" width=\"71.7800%\">\n<p>Mahtuvus\/Pinge: 15,6 Ah\/36 V<br \/>V\u00f5imsus: 561,6 Wh<br \/>Laadimisaeg: 7-8 tundi<br \/>Kaitses\u00fcsteem: Jah<\/p>\n<\/td>\n<\/tr>\n<tr>\n<td style=\"width:28.2%\" width=\"28.2000%\">\n<p>Laadija<\/p>\n<\/td>\n<td style=\"width:71.78%\" width=\"71.7800%\">\n<p>Sisendpinge: 100\u2013240 V<br \/>Sisendvool: 2,0 A (maksimaalne)<br \/>V\u00e4ljundpinge: 42V<br \/>V\u00e4ljundvool: 2,0 A, 84 W<\/p>\n<\/td>\n<\/tr>\n<tr>\n<td style=\"width:28.2%\" width=\"28.2000%\">\n<p>Pidur<\/p>\n<\/td>\n<td style=\"width:71.78%\" width=\"71.7800%\">\n<p>T\u00fc\u00fcp: Mehaaniline ketaspidur ja elektriline pidur<\/p>\n<\/td>\n<\/tr>\n<tr>\n<td style=\"width:28.2%\" width=\"28.2000%\">\n<p>Piduriketas<\/p>\n<\/td>\n<td style=\"width:71.78%\" width=\"71.7800%\">\n<p>V\u00e4lisl\u00e4bim\u00f5\u00f5t: 160 mm (6,3 tolli)<br \/>Paksus: 1,8 mm<br \/>Juhtimine: ELis pidurdage esiratast vasaku k\u00e4ega ja tagaratast parema k\u00e4ega;<br \/>Suurbritannias pidurdage esiratast parema ja tagaratast vasaku k\u00e4ega;<\/p>\n<\/td>\n<\/tr>\n<tr>\n<td style=\"width:28.2%\" width=\"28.2000%\">\n<p>Rehvid<\/p>\n<\/td>\n<td style=\"width:71.78%\" width=\"71.7800%\">\n<p>Suurus: 26&quot; x 2,25&quot;<br \/>T\u00fc\u00fcp\/materjal: \u00d5hkkummrehvid<br \/>Rehvir\u00f5hk: 30\u201345 PSI<br \/>Parim rehvir\u00f5hk: 35\u201340 PSI<\/p>\n<\/td>\n<\/tr>\n<tr>\n<td style=\"width:28.2%\" width=\"28.2000%\">\n<p>Instrument<\/p>\n<\/td>\n<td style=\"width:71.78%\" width=\"71.7800%\">\n<p>T\u00fc\u00fcp: LED<\/p>\n<\/td>\n<\/tr>\n<tr>\n<td style=\"width:28.2%\" width=\"28.2000%\">\n<p>Pakett<\/p>\n<\/td>\n<td style=\"width:71.78%\" width=\"71.7800%\">\n<p>Suurus: 162x25x83cm<br \/>Kogukaal: 33,7 kg<\/p>\n<\/td>\n<\/tr>\n<tr>\n<td style=\"width:28.2%\" width=\"28.2000%\">\n<p>Pakkide nimekiri<\/p>\n<\/td>\n<td style=\"width:71.78%\" width=\"71.7800%\">\n<p>1 x Touroll pedaaliga<br \/>2 x pedaali (vasak ja parem)<br \/>2 x kodarahelkurit<br \/>1 x kasutusjuhend<br \/>1 x t\u00f6\u00f6riistakomplekt<br \/>1 x laadija<br \/>2 v\u00f5tit<br \/>1 x esitule<br \/>1 x tagumine pakiraam tagatulega<br \/>2 x poritiiba (ees ja taga)<br \/>1 x instrument<\/p>\n<\/td>\n<\/tr>\n<tr>\n<td style=\"width:100%\" width=\"100.0000%\" colspan=\"2\">\n<p>M\u00e4rkus: Maksimaalne s\u00f5iduulatus saavutatakse j\u00e4rgmistel tingimustel: 75 kg koormus, 26 \u2103 temperatuur, 15 km\/h p\u00fcsiv kiirus, tasasel teel ja tugeva tuuleta.<\/p>\n<\/td>\n<\/tr>\n<\/tbody>\n<\/table>\n<h2 style=\"font-family:&quot;Noto Sans SC&quot;;font-size:14px;letter-spacing:normal;text-align:start;white-space:normal;color:rgb(0, 0, 0);margin:10px 0px;margin-bottom:10px;margin-top:10px;margin-left:0px;margin-right:0px;padding:0px;padding-bottom:0px;padding-top:0px;padding-left:0px;padding-right:0px\" align=\"start\"><img decoding=\"async\" src=\"https:\/\/ae01.alicdn.com\/kf\/S3ee568f643054a6bbe40a3f4348fe325p.jpeg\" slate-data-type=\"image\"\/><img decoding=\"async\" src=\"https:\/\/ae01.alicdn.com\/kf\/S433b62c588f94390bef74ac339c31235G.jpeg\" slate-data-type=\"image\"\/><img decoding=\"async\" src=\"https:\/\/ae01.alicdn.com\/kf\/Sc0899f5c9e8f4c32ae381251f377372cE.jpeg\" slate-data-type=\"image\"\/><img decoding=\"async\" src=\"https:\/\/ae01.alicdn.com\/kf\/Sf9e796c6828e4e0cb08ee5ac5af4b72a2.jpeg\" slate-data-type=\"image\"\/><img decoding=\"async\" src=\"https:\/\/ae01.alicdn.com\/kf\/S0aac1681357145648a5b9f41adb134446.jpeg\" slate-data-type=\"image\"\/><img decoding=\"async\" src=\"https:\/\/ae01.alicdn.com\/kf\/S3cf0047595e34953ae36d6b1d788a232F.jpeg\" slate-data-type=\"image\"\/><img decoding=\"async\" src=\"https:\/\/ae01.alicdn.com\/kf\/Sd5de5118332f4281a4a5c8c2443b76784.jpeg\" slate-data-type=\"image\"\/><img decoding=\"async\" src=\"https:\/\/ae01.alicdn.com\/kf\/S3b0371a61293443baa2db52d61e707bdg.jpeg\" slate-data-type=\"image\"\/><img decoding=\"async\" src=\"https:\/\/ae01.alicdn.com\/kf\/S5ea4a5f7a8184a44bb9937ffdd97d1beP.jpeg\" slate-data-type=\"image\"\/><img decoding=\"async\" src=\"https:\/\/ae01.alicdn.com\/kf\/S26d05ae144114d139bc1c13f929a4841L.jpeg\" slate-data-type=\"image\"\/><img decoding=\"async\" src=\"https:\/\/ae01.alicdn.com\/kf\/Sef807152e473437c857ca8051ea0d1a2V.jpeg\" slate-data-type=\"image\"\/><img decoding=\"async\" src=\"https:\/\/ae01.alicdn.com\/kf\/Sf7857045bf244e9f8d275a08a4233331l.jpeg\" slate-data-type=\"image\"\/><img decoding=\"async\" src=\"https:\/\/ae01.alicdn.com\/kf\/S180970779a404a65b342f1f22fa68763n.jpeg\" slate-data-type=\"image\"\/><img decoding=\"async\" src=\"https:\/\/ae01.alicdn.com\/kf\/S179960f8e3014750ac0a7f6f3ddaff5bg.jpeg\" slate-data-type=\"image\"\/><img decoding=\"async\" src=\"https:\/\/ae01.alicdn.com\/kf\/S736bb79c042d4d0aa34cb31f01c2d7f8Z.jpeg\" slate-data-type=\"image\"\/><img decoding=\"async\" src=\"https:\/\/ae01.alicdn.com\/kf\/S7ec4d9d924eb4479b1a51d2d624c35cfi.jpeg\" slate-data-type=\"image\"\/><br \/><\/h2>\n<p><\/p>","protected":false},"excerpt":{"rendered":"<p>Bike Suspension Types:&nbsp;Sturdy Braking System:&nbsp;Front and Rear Mechanical Disc Brake Wheel Size:&nbsp;26&quot; Brand:&nbsp;Touroll Model:&nbsp;B2 Size of Frame:&nbsp;26&quot;x16&quot; N.W.:&nbsp;26.7kg Cut-off Speed:&nbsp;25km\/h Max Range:&nbsp;100km (Assist Mode) Rated Power\/Voltage:&nbsp;250W \/ 36V Charging Time:&nbsp;7-8h<\/p>","protected":false},"featured_media":21561,"comment_status":"open","ping_status":"closed","template":"","meta":{"_acf_changed":false},"product_brand":[],"product_cat":[230],"product_tag":[],"class_list":{"0":"post-21560","1":"product","2":"type-product","3":"status-publish","4":"has-post-thumbnail","6":"product_cat-bikes","8":"first","9":"instock","10":"shipping-taxable","11":"purchasable","12":"product-type-simple"},"acf":[],"_links":{"self":[{"href":"https:\/\/electricstore.eu\/et\/wp-json\/wp\/v2\/product\/21560","targetHints":{"allow":["GET"]}}],"collection":[{"href":"https:\/\/electricstore.eu\/et\/wp-json\/wp\/v2\/product"}],"about":[{"href":"https:\/\/electricstore.eu\/et\/wp-json\/wp\/v2\/types\/product"}],"replies":[{"embeddable":true,"href":"https:\/\/electricstore.eu\/et\/wp-json\/wp\/v2\/comments?post=21560"}],"wp:featuredmedia":[{"embeddable":true,"href":"https:\/\/electricstore.eu\/et\/wp-json\/wp\/v2\/media\/21561"}],"wp:attachment":[{"href":"https:\/\/electricstore.eu\/et\/wp-json\/wp\/v2\/media?parent=21560"}],"wp:term":[{"taxonomy":"product_brand","embeddable":true,"href":"https:\/\/electricstore.eu\/et\/wp-json\/wp\/v2\/product_brand?post=21560"},{"taxonomy":"product_cat","embeddable":true,"href":"https:\/\/electricstore.eu\/et\/wp-json\/wp\/v2\/product_cat?post=21560"},{"taxonomy":"product_tag","embeddable":true,"href":"https:\/\/electricstore.eu\/et\/wp-json\/wp\/v2\/product_tag?post=21560"}],"curies":[{"name":"wp","href":"https:\/\/api.w.org\/{rel}","templated":true}]}}