{"id":8701,"date":"2025-05-19T21:17:57","date_gmt":"2025-05-19T21:17:57","guid":{"rendered":"https:\/\/electricstore.eu\/product\/uncategorized\/evercross-ek30-250w-25-km-h-100km-adult-e-bike\/"},"modified":"2025-05-20T13:06:42","modified_gmt":"2025-05-20T13:06:42","slug":"evercross-ek30-250w-25-km-h-100km-adult-e-bike","status":"publish","type":"product","link":"https:\/\/electricstore.eu\/de\/p\/bikes\/electric-pedal-motorcycle\/evercross-ek30-250w-25-km-h-100km-adult-e-bike\/","title":{"rendered":"EVERCROSS EK30 250W 48V 15Ah 25km\/h 100km 20\u2033 Standard Elektrofahrrad"},"content":{"rendered":"<div class=\"product-specs-list-container\">\n<ul class=\"product-specs-list util-clearfix\">\n<li class=\"product-prop line-limit-length\"><span\n                                        class=\"property-title\">Modellnummer:&nbsp;<\/span><span\n                                        class=\"property-desc line-limit-length\">EK30<\/span>\n                            <\/li>\n<li class=\"product-prop line-limit-length\"><span\n                                        class=\"property-title\">Stil:&nbsp;<\/span><span\n                                        class=\"property-desc line-limit-length\">Standardtyp<\/span>\n                            <\/li>\n<li class=\"product-prop line-limit-length\"><span\n                                        class=\"property-title\">H\u00f6chstgeschwindigkeit:&nbsp;<\/span><span\n                                        class=\"property-desc line-limit-length\">&lt;25km\/h<\/span>\n                            <\/li>\n<li class=\"product-prop line-limit-length\"><span\n                                        class=\"property-title\">Reichweite pro Leistung:&nbsp;<\/span><span\n                                        class=\"property-desc line-limit-length\">31 \u2013 60 km<\/span>\n                            <\/li>\n<li class=\"product-prop line-limit-length\"><span\n                                        class=\"property-title\">Leistung:&nbsp;<\/span><span\n                                        class=\"property-desc line-limit-length\">200 \u2013 250 W<\/span>\n                            <\/li>\n<li class=\"product-prop line-limit-length\"><span\n                                        class=\"property-title\">Stromversorgung:&nbsp;<\/span><span\n                                        class=\"property-desc line-limit-length\">Lithiumbatterie<\/span>\n                            <\/li>\n<li class=\"product-prop line-limit-length\"><span\n                                        class=\"property-title\">Stromspannung:&nbsp;<\/span><span\n                                        class=\"property-desc line-limit-length\">48 V<\/span>\n                            <\/li>\n<li class=\"product-prop line-limit-length\"><span\n                                        class=\"property-title\">Markenname:&nbsp;<\/span><span\n                                        class=\"property-desc line-limit-length\">EVERCROSS TECH<\/span>\n                            <\/li>\n<li class=\"product-prop line-limit-length\"><span\n                                        class=\"property-title\">Herkunft:&nbsp;<\/span><span\n                                        class=\"property-desc line-limit-length\">Festlandchina<\/span>\n                            <\/li>\n<li class=\"product-prop line-limit-length\"><span\n                                        class=\"property-title\">Gefaltet:&nbsp;<\/span><span\n                                        class=\"property-desc line-limit-length\">NEIN<\/span>\n                            <\/li>\n<li class=\"product-prop line-limit-length\"><span\n                                        class=\"property-title\">Radgr\u00f6\u00dfe:&nbsp;<\/span><span\n                                        class=\"property-desc line-limit-length\">20\u201c<\/span>\n                            <\/li>\n<\/ul><\/div>\n<div class=\"detailmodule_html\">\n<div class=\"detail-desc-decorate-richtext\">\n<p class=\"MsoNormal\"><strong><span style=\"font-size:10.5pt;font-family:Calibri\">Leistungsstarker Motor f\u00fcr Ihr reibungslososes Fahrerlebnis<\/span><\/strong><\/p>\n<p class=\"MsoNormal\"><span style=\"font-size:10.5pt;font-family:Calibri\">Ausgestattet mit einem 250W b\u00fcrstenlosen Motor erreicht das<\/span><span style=\"font-size:10.5pt;font-family:\u5b8b\u4f53\">EVERROSS TECH<\/span><span style=\"font-size:10.5pt;font-family:Calibri\">EK30 Geschwindigkeiten von bis zu 25 km\/h, ideal f\u00fcr st\u00e4dtische Pendelfahrten und Offroad-Abenteuer. DIPPHELTEEN Sto\u00dfd\u00e4mpfer Sorgen f\u00fcr ein sanftes Fahrerlebnis auf unebenem Gel\u00e4nde wie Schnee, Sand oder Schotter.<\/span><\/p>\n<p><\/p>\n<p class=\"MsoNormal\"><strong><span style=\"font-size:10.5pt;font-family:Calibri\">Herausnehmbarer Akkutopf mit gr\u00f6\u00dferer Kapazit\u00e4t<\/span><\/strong><\/p>\n<p class=\"MsoNormal\"><span style=\"font-size:10.5pt;font-family:Calibri\">Der 48V 15Ah Lithium-Ionen-Akku bietet im Tretunterst\u00fctzungsmodus eine Reichweite von 55-100km und l\u00e4sst sich in 7-8 Stunden vollst\u00e4ndig aufladen. Die abschlie\u00dfbare Konstruktion sorgt f\u00fcr Sicherheit und einfache Handhabung \u2013 ideal f\u00fcr l\u00e4ngere Reisen oder den t\u00e4glichen Arbeitsweg.<\/span><\/p>\n<p><\/p>\n<p class=\"MsoNormal\"><strong><span style=\"font-size:10.5pt;font-family:Calibri\">All-Land-Reifen maximal f\u00fcr Stabilit\u00e4t<\/span><\/strong><\/p>\n<p class=\"MsoNormal\"><span style=\"font-size:10.5pt;font-family:Calibri\">Mit seinen 20\u201c X4.0 Fette Reifen bietet das E-Bike au\u00dfergew\u00f6hnlichen Grip und Stabilit\u00e4t auf Schnee, Sand, Bergen und Stadtstra\u00dfen. Das spezielle Mittelprofil verhindert Einstiche durch Dornen und Ger\u00f6ll und unterst\u00fctzt maximal eine Tragf\u00e4higkeit von 150kg.<\/span><\/p>\n<p><\/p>\n<p class=\"MsoNormal\"><strong><span style=\"font-size:10.5pt;font-family:Calibri\">Intelligentes LCD-Display und pr\u00e4zise Steuerung<\/span><\/strong><\/p>\n<p class=\"MsoNormal\"><span style=\"font-size:10.5pt;font-family:Calibri\">Das Multifunktions-LCD-Display zeigt Geschwindigkeit, Kilometerstand, Batteriestand und Sangschaltung an, w\u00e4hrend das 7-Gang-Getriebe-System die Leistung und Steigf\u00e4higkeit verbessert. So k\u00f6nnen Sie die G\u00e4nge f\u00fcr maximale Effizienz und Komfort anpassen.<\/span><\/p>\n<p><\/p>\n<p class=\"MsoNormal\"><strong><span style=\"font-size:10.5pt;font-family:Calibri\">Einfache Montage und umfassender Kundenservice<\/span><\/strong><\/p>\n<p class=\"MsoNormal\"><span style=\"font-size:10.5pt;font-family:Calibri\">Das Fahrrad wird zu 90% vormontiert geliefert und ist einfach zu installieren. Im Lieferumfang sind alle notwendigen Werkzeuge und eine detaillierte Anleitung enthalten. Unser professionelles Support-Team steht bereit, um Ihre Fragen schnell und zuverl\u00e4ssig zu bearbeiten.<\/span><\/p>\n<\/div>\n<\/div>","protected":false},"excerpt":{"rendered":"<p>Model Number:&nbsp;EK30 Style:&nbsp;Standard Type Max Speed:&nbsp;&lt;25km\/h Range per Power:&nbsp;31 &#8211; 60 km Wattage:&nbsp;200 &#8211; 250w Power Supply:&nbsp;lithium battery Voltage:&nbsp;48V Brand Name:&nbsp;EVERCROSS TECH Origin:&nbsp;Mainland China Folded:&nbsp;No Wheel Size:&nbsp;20\u201c Leistungsstarker Motor f\u00fcr<\/p>","protected":false},"featured_media":8703,"comment_status":"open","ping_status":"closed","template":"","meta":{"_acf_changed":false},"product_brand":[],"product_cat":[470],"product_tag":[],"class_list":{"0":"post-8701","1":"product","2":"type-product","3":"status-publish","4":"has-post-thumbnail","6":"product_cat-electric-pedal-motorcycle","8":"first","9":"instock","10":"shipping-taxable","11":"purchasable","12":"product-type-simple"},"acf":[],"_links":{"self":[{"href":"https:\/\/electricstore.eu\/de\/wp-json\/wp\/v2\/product\/8701","targetHints":{"allow":["GET"]}}],"collection":[{"href":"https:\/\/electricstore.eu\/de\/wp-json\/wp\/v2\/product"}],"about":[{"href":"https:\/\/electricstore.eu\/de\/wp-json\/wp\/v2\/types\/product"}],"replies":[{"embeddable":true,"href":"https:\/\/electricstore.eu\/de\/wp-json\/wp\/v2\/comments?post=8701"}],"wp:featuredmedia":[{"embeddable":true,"href":"https:\/\/electricstore.eu\/de\/wp-json\/wp\/v2\/media\/8703"}],"wp:attachment":[{"href":"https:\/\/electricstore.eu\/de\/wp-json\/wp\/v2\/media?parent=8701"}],"wp:term":[{"taxonomy":"product_brand","embeddable":true,"href":"https:\/\/electricstore.eu\/de\/wp-json\/wp\/v2\/product_brand?post=8701"},{"taxonomy":"product_cat","embeddable":true,"href":"https:\/\/electricstore.eu\/de\/wp-json\/wp\/v2\/product_cat?post=8701"},{"taxonomy":"product_tag","embeddable":true,"href":"https:\/\/electricstore.eu\/de\/wp-json\/wp\/v2\/product_tag?post=8701"}],"curies":[{"name":"wp","href":"https:\/\/api.w.org\/{rel}","templated":true}]}}