{"id":8279,"date":"2025-05-19T20:29:44","date_gmt":"2025-05-19T20:29:44","guid":{"rendered":"https:\/\/electricstore.eu\/product\/uncategorized\/gaiaray-grade-a-3-2v-105ah-280ah-battery-lifepo4\/"},"modified":"2025-05-21T05:40:01","modified_gmt":"2025-05-21T05:40:01","slug":"gaiaray-grade-a-3-2v-105ah-280ah-battery-lifepo4","status":"publish","type":"product","link":"https:\/\/electricstore.eu\/de\/p\/batteries\/lifepo4-batteries\/lifepo4-battery-cells\/gaiaray-grade-a-3-2v-105ah-280ah-battery-lifepo4\/","title":{"rendered":"Gaiaray CP4442\/LF280K 280Ah 3,2V LiFePO4-Akku"},"content":{"rendered":"<div class=\"product-specs-list-container\">\n<ul class=\"product-specs-list util-clearfix\">\n<li class=\"product-prop line-limit-length\"><span\n                                        class=\"property-title\">Hochgef\u00e4hrliche Chemikalie:&nbsp;<\/span><span\n                                        class=\"property-desc line-limit-length\">Keiner<\/span>\n                            <\/li>\n<li class=\"product-prop line-limit-length\"><span\n                                        class=\"property-title\">Nennkapazit\u00e4t:&nbsp;<\/span><span\n                                        class=\"property-desc line-limit-length\">280AH<\/span>\n                            <\/li>\n<li class=\"product-prop line-limit-length\"><span\n                                        class=\"property-title\">Gewicht:&nbsp;<\/span><span\n                                        class=\"property-desc line-limit-length\">5.42+0.3 kg<\/span>\n                            <\/li>\n<li class=\"product-prop line-limit-length\"><span\n                                        class=\"property-title\">Stromspannung:&nbsp;<\/span><span\n                                        class=\"property-desc line-limit-length\">3,2 V<\/span>\n                            <\/li>\n<li class=\"product-prop line-limit-length\"><span\n                                        class=\"property-title\">Gr\u00f6\u00dfe:&nbsp;<\/span><span\n                                        class=\"property-desc line-limit-length\">173*71*204 mm<\/span>\n                            <\/li>\n<li class=\"product-prop line-limit-length\"><span\n                                        class=\"property-title\">Modellnummer:&nbsp;<\/span><span\n                                        class=\"property-desc line-limit-length\">CP4442\/LF280K<\/span>\n                            <\/li>\n<li class=\"product-prop line-limit-length\"><span\n                                        class=\"property-title\">Typ:&nbsp;<\/span><span\n                                        class=\"property-desc line-limit-length\">LiFePO4<\/span>\n                            <\/li>\n<li class=\"product-prop line-limit-length\"><span\n                                        class=\"property-title\">Markenname:&nbsp;<\/span><span\n                                        class=\"property-desc line-limit-length\">GaiaRay<\/span>\n                            <\/li>\n<li class=\"product-prop line-limit-length\"><span\n                                        class=\"property-title\">Herkunft:&nbsp;<\/span><span\n                                        class=\"property-desc line-limit-length\">Festlandchina<\/span>\n                            <\/li>\n<li class=\"product-prop line-limit-length\"><span\n                                        class=\"property-title\">Nennspannung:&nbsp;<\/span><span\n                                        class=\"property-desc line-limit-length\">Sonstige<\/span>\n                            <\/li>\n<li class=\"product-prop line-limit-length\"><span\n                                        class=\"property-title\">Nennkapazit\u00e4t:&nbsp;<\/span><span\n                                        class=\"property-desc line-limit-length\">105AH\/280AH<\/span>\n                            <\/li>\n<li class=\"product-prop line-limit-length\"><span\n                                        class=\"property-title\">Gewicht:&nbsp;<\/span><span\n                                        class=\"property-desc line-limit-length\">5.42+0.3 kg<\/span>\n                            <\/li>\n<li class=\"product-prop line-limit-length\"><span\n                                        class=\"property-title\">Dimension:&nbsp;<\/span><span\n                                        class=\"property-desc line-limit-length\">173*71*204 mm<\/span>\n                            <\/li>\n<li class=\"product-prop line-limit-length\"><span\n                                        class=\"property-title\">Lade-\/Entlade-Abschaltspannung:&nbsp;<\/span><span\n                                        class=\"property-desc line-limit-length\">3,65 V\/2,5 V<\/span>\n                            <\/li>\n<li class=\"product-prop line-limit-length\"><span\n                                        class=\"property-title\">Schraubengr\u00f6\u00dfe:&nbsp;<\/span><span\n                                        class=\"property-desc line-limit-length\">M6<\/span>\n                            <\/li>\n<li class=\"product-prop line-limit-length\"><span\n                                        class=\"property-title\">Lebensdauer:&nbsp;<\/span><span\n                                        class=\"property-desc line-limit-length\">6000\/8000 Cycle<\/span>\n                            <\/li>\n<li class=\"product-prop line-limit-length\"><span\n                                        class=\"property-title\">Passend f\u00fcr System:&nbsp;<\/span><span\n                                        class=\"property-desc line-limit-length\">12 V 24 V 48 V 72 V 96 V 108 V Solarenergiespeichersystem<\/span>\n                            <\/li>\n<li class=\"product-prop line-limit-length\"><span\n                                        class=\"property-title\">Anwendung:&nbsp;<\/span><span\n                                        class=\"property-desc line-limit-length\">Wohnmobile, Vans, Camper, Elektroboote, Yachten, Golfwagen, Gabelstapler, Solarbatterien<\/span>\n                            <\/li>\n<\/ul><\/div>\n<div class=\"detailmodule_dynamic\"><kse:widget data-widget-type=\"customText\" id=\"1005000021400404\" type=\"custom\"><\/kse:widget><\/div>\n<div class=\"detailmodule_html\">\n<div class=\"detail-desc-decorate-richtext\">\n<div class=\"detailmodule_text\">\n<p style=\"text-align:center;color:rgb(144, 19, 254);display:block;width:100%\" align=\"center\"><span style=\"font-size:28px\">[Beschreibung]<\/span><\/p>\n<p><span style=\"font-size:20px\"><strong>Produktbeschreibung<br \/>Apexium REPT 280AH lifepo4 Battery Pack<br \/>Tats\u00e4chliche Kapazit\u00e4t 280 Ah<br \/>Nennspannung 3,2 V<br \/>Hohe Lebensdauer 8000 Zyklen<br \/>Maximale Ladespannung 3,65 V<br \/>Wechselstromwiderstand 0,25 mOhm<br \/>Ladetemperatur -5-60 \u00b0C<br \/>Gewicht 5,7 kg<br \/>Abmessungen 202*172*72 mm<\/strong><\/span><\/p>\n<p><img decoding=\"async\" src=\"https:\/\/ae01.alicdn.com\/kf\/S1338085c23cc4afca38d3ad37f974a0eU.jpg\" slate-data-type=\"image\"\/><\/p>\n<div><\/div>\n<\/div>\n<div class=\"detailmodule_image\"><img decoding=\"async\" src=\"https:\/\/ae01.alicdn.com\/kf\/S9ecd6cccf952482cbff40e3d530a1576R.jpg\" slate-data-type=\"image\"\/><\/div>\n<div class=\"detailmodule_text\">\n<p><span style=\"background-color:rgb(255, 255, 255);color:rgb(0, 0, 0);font-size:15px;font-family:&quot;TT Norms Pro&quot;, &quot;Open Sans&quot;, Roboto, Arial, Helvetica, sans-serif, SimSun\">Gaiaray Grade A 3.2V 280AH Battery LiFePO4 Lithium Iron Phospha For 12V 24V 4S E-scooter RV Solar Energy Storage System<\/span><\/p>\n<p style=\"font-family:OpenSans;font-size:14px;font-weight:300;line-height:20px;text-align:left;white-space:pre-wrap;color:rgb(0, 0, 0);margin-bottom:12px\" class=\"detail-desc-decorate-content\" align=\"left\"><span style=\"font-size:28px\"><strong>Wir haben Lager in Polen und der Ukraine in Europa. Europ\u00e4ische L\u00e4nder k\u00f6nnen in 3-7 Tagen ankommen.<\/strong><\/span><\/p>\n<\/div>\n<div class=\"detailmodule_text\">\n<p style=\"font-family:OpenSans;font-size:14px;font-weight:300;line-height:20px;text-align:left;white-space:pre-wrap;color:rgb(0, 0, 0);margin-bottom:12px\" class=\"detail-desc-decorate-content\" align=\"left\"><span style=\"font-size:28px\"><strong>W\u00e4hlen Sie den Versand aus China, um Steuern zu sparen.<\/strong><\/span><\/p>\n<\/div>\n<div class=\"detailmodule_text\">\n<p style=\"font-family:OpenSans;font-size:14px;font-weight:300;line-height:20px;text-align:left;white-space:pre-wrap;color:rgb(0, 0, 0);margin-bottom:12px\" class=\"detail-desc-decorate-content\" align=\"left\"><span style=\"font-size:28px\"><strong>Lieferzeit<\/strong><\/span><\/p>\n<\/div>\n<div class=\"detailmodule_text\">\n<p style=\"font-family:OpenSans;font-size:14px;font-weight:300;line-height:20px;text-align:left;white-space:pre-wrap;color:rgb(0, 0, 0);margin-bottom:12px\" class=\"detail-desc-decorate-content\" align=\"left\"><span style=\"font-size:28px\"><strong>China nach Europa: 50-60 Tage<\/strong><\/span><\/p>\n<\/div>\n<div class=\"detailmodule_text\">\n<p style=\"font-family:OpenSans;font-size:14px;font-weight:300;line-height:20px;text-align:left;white-space:pre-wrap;color:rgb(0, 0, 0);margin-bottom:12px\" class=\"detail-desc-decorate-content\" align=\"left\"><span style=\"font-size:28px\"><strong>Japan: 7-15 Tage<\/strong><\/span><\/p>\n<\/div>\n<div class=\"detailmodule_text\">\n<p style=\"font-family:OpenSans;font-size:14px;font-weight:300;line-height:20px;text-align:left;white-space:pre-wrap;color:rgb(0, 0, 0);margin-bottom:12px\" class=\"detail-desc-decorate-content\" align=\"left\"><span style=\"font-size:28px\"><strong>Korea: 7-15 Tage<\/strong><\/span><\/p>\n<\/div>\n<div class=\"detailmodule_text\">\n<p style=\"font-family:OpenSans;font-size:14px;font-weight:300;line-height:20px;text-align:left;white-space:pre-wrap;color:rgb(0, 0, 0);margin-bottom:12px\" class=\"detail-desc-decorate-content\" align=\"left\"><span style=\"font-size:28px\"><strong>Russland: 40-50 Tage<\/strong><\/span><\/p>\n<\/div>\n<div class=\"detailmodule_text\">\n<p style=\"font-family:OpenSans;font-size:14px;font-weight:300;line-height:20px;text-align:left;white-space:pre-wrap;color:rgb(0, 0, 0);margin-bottom:12px\" class=\"detail-desc-decorate-content\" align=\"left\"><span style=\"font-size:28px\"><strong>USA: 50-60 Tage<\/strong><\/span><\/p>\n<\/div>\n<div class=\"detailmodule_text\">\n<p style=\"font-family:OpenSans;font-size:14px;font-weight:300;line-height:20px;text-align:left;white-space:pre-wrap;color:rgb(0, 0, 0);margin-bottom:12px\" class=\"detail-desc-decorate-content\" align=\"left\"><span style=\"font-size:28px\"><strong>Kanada Kanada: 50-60 Tage<\/strong><\/span><\/p>\n<\/div>\n<div class=\"detailmodule_text\">\n<p style=\"font-family:OpenSans;font-size:14px;font-weight:300;line-height:20px;text-align:left;white-space:pre-wrap;color:rgb(0, 0, 0);margin-bottom:12px\" class=\"detail-desc-decorate-content\" align=\"left\"><span style=\"font-size:28px\"><strong>Australien: 50-60 Tage<\/strong><\/span><\/p>\n<\/div>\n<div class=\"detailmodule_text\">\n<p style=\"font-family:OpenSans;font-size:14px;font-weight:300;line-height:20px;text-align:left;white-space:pre-wrap;color:rgb(0, 0, 0);margin-bottom:12px\" class=\"detail-desc-decorate-content\" align=\"left\"><span style=\"font-size:28px\"><strong>Ukraine: 60-70 Tage<\/strong><\/span><\/p>\n<\/div>\n<div class=\"detailmodule_text\">\n<p style=\"font-family:OpenSans;font-size:14px;font-weight:300;line-height:20px;text-align:left;white-space:pre-wrap;color:rgb(0, 0, 0);margin-bottom:12px\" class=\"detail-desc-decorate-content\" align=\"left\"><span style=\"font-size:28px\"><strong>Hinweis: Bei Anreise aus der Ukraine dauert der Flug 7-15 Tage!<\/strong><\/span><\/p>\n<\/div>\n<div style=\"text-align:left\" class=\"detailmodule_image\" align=\"left\"><img decoding=\"async\" class=\"detail-desc-decorate-image\" src=\"https:\/\/ae01.alicdn.com\/kf\/S2c55404059a1490896241d537b7f052ar.jpg\" slate-data-type=\"image\"\/><\/div>\n<div class=\"detailmodule_text\">\n<div style=\"text-align:center\" class=\"detailmodule_image\" align=\"center\"><span style=\"color:rgb(123, 100, 255);font-size:32px\"><strong>[\u00dcber das Problem]<\/strong><\/span><\/div>\n<div style=\"text-align:left\" class=\"detailmodule_image\" align=\"left\"><span style=\"font-size:26px\">F: Warum habe ich nur das Zubeh\u00f6r und nicht die Batterie erhalten?<br \/>Da: Sehr geehrter K\u00e4ufer, gem\u00e4\u00df den Bestimmungen von Speedway k\u00f6nnen Waren aus der Ukraine nur per Online-Logistik versendet werden, Batterien k\u00f6nnen jedoch nicht per Online-Logistik versendet werden.<\/span><\/div>\n<\/div>\n<div class=\"detailmodule_text\">\n<div style=\"text-align:left\" class=\"detailmodule_image\" align=\"left\"><span style=\"font-size:26px\">Anwendungen: Elektrische Energiesysteme, Haushaltsger\u00e4te, Elektroautos, Golfwagen, Elektroroller, Elektrofahrr\u00e4der, Gebrauchtwagen usw.<\/span><\/div>\n<div class=\"detailmodule_image\"><img decoding=\"async\" src=\"https:\/\/ae01.alicdn.com\/kf\/S1b9b0e604c3e438099cd3cb2608387e4Y.jpg\" slate-data-type=\"image\"\/><\/div>\n<\/div>\n<div class=\"detailmodule_image\"><img decoding=\"async\" src=\"https:\/\/ae01.alicdn.com\/kf\/Sd013774921e845a4b4586bfc5e71f676I.jpg\" slate-data-type=\"image\"\/><img decoding=\"async\" src=\"https:\/\/ae01.alicdn.com\/kf\/Sc9417420b8e94213b2f41ff6e6703b03P.jpg\" slate-data-type=\"image\"\/><img decoding=\"async\" src=\"https:\/\/ae01.alicdn.com\/kf\/Sa648b86cce8c4478932ea9b7f3c62574S.jpg\" slate-data-type=\"image\"\/><img decoding=\"async\" src=\"https:\/\/ae01.alicdn.com\/kf\/S8389378a10f1400797c2c9d09176babff.jpg\" slate-data-type=\"image\"\/><img decoding=\"async\" src=\"https:\/\/ae01.alicdn.com\/kf\/Sf1e1fc0d53664845ae05fbd93a369acd2.jpg\" slate-data-type=\"image\"\/><\/div>\n<div style=\"text-align:center\" class=\"detailmodule_image\" align=\"center\"><img decoding=\"async\" style=\"margin-bottom:10px\" class=\"detail-desc-decorate-image\" src=\"https:\/\/ae01.alicdn.com\/kf\/S3f16c1c71264487ca375043e8f58b075d.jpg\" slate-data-type=\"image\"\/><span style=\"color:rgb(123, 100, 255);font-size:32px\">&lt;Application&gt;<\/span><\/div>\n<div><span style=\"font-size:28px\"><strong>\u2022 Wohnmobil-Stromversorgung<\/strong><\/span><\/div>\n<div><span style=\"font-size:28px\"><strong>\u2022 Offshore-Stromversorgung<\/strong><\/span><\/div>\n<div><span style=\"font-size:28px\"><strong>\u2022 Energiespeicherung im Haushalt<\/strong><\/span><\/div>\n<div><span style=\"font-size:28px\"><strong>\u2022 Notstromversorgung<\/strong><\/span><\/div>\n<div><span style=\"font-size:28px\"><strong>\u2022 Stromversorgung im Au\u00dfenbereich<\/strong><\/span><\/div>\n<div><span style=\"font-size:28px\"><strong>\u2022 Stromversorgung f\u00fcr Gabelstapler<\/strong><\/span><\/div>\n<div><img decoding=\"async\" src=\"https:\/\/ae01.alicdn.com\/kf\/S3bd9415f10ea4faab1a0d7813692f4d6P.jpg\" slate-data-type=\"image\"\/><\/div>\n<div class=\"detailmodule_image\"><img decoding=\"async\" style=\"margin-bottom:10px\" class=\"detail-desc-decorate-image\" src=\"https:\/\/ae01.alicdn.com\/kf\/Sb54e82fbf2e440edb64e7e7821f2fe89h.png\" slate-data-type=\"image\"\/><\/div>\n<p><img decoding=\"async\" src=\"https:\/\/ae01.alicdn.com\/kf\/S3af62ed51a6c4c9aaf6b1a74f942731d7.jpg\" slate-data-type=\"image\"\/><img decoding=\"async\" src=\"https:\/\/ae01.alicdn.com\/kf\/Sa525f81f13fa45d5a4d28e743ba1abd0r.jpg\" slate-data-type=\"image\"\/><img decoding=\"async\" src=\"https:\/\/ae01.alicdn.com\/kf\/Sd38090f9a3a04d9cbe8750c62a40b127u.jpg\" slate-data-type=\"image\"\/><\/p>\n<div class=\"detailmodule_image\"><\/div>\n<p><\/p>\n<div class=\"detailmodule_image\"><img decoding=\"async\" style=\"margin-bottom:10px\" class=\"detail-desc-decorate-image\" src=\"https:\/\/ae01.alicdn.com\/kf\/Sc1f01b78a31c4945a44765c40f701120P.jpg\" slate-data-type=\"image\"\/><\/div>\n<div class=\"detailmodule_image\"><img decoding=\"async\" style=\"margin-bottom:10px\" class=\"detail-desc-decorate-image\" src=\"https:\/\/ae01.alicdn.com\/kf\/S2fd873fa2d0647c38d6b0b7c2e150b78d.jpg\" slate-data-type=\"image\"\/><\/div>\n<p><\/p>\n<\/div>\n<\/div>\n<p><\/p>","protected":false},"excerpt":{"rendered":"<p>Hign-concerned Chemical:&nbsp;None Nominal Capacity:&nbsp;280AH Weight:&nbsp;5.42+0.3 kg Voltage:&nbsp;3.2v Size:&nbsp;173*71*204mm Model Number:&nbsp;CP4442\/LF280K Type:&nbsp;LiFePO4 Brand Name:&nbsp;GaiaRay Origin:&nbsp;Mainland China Rated Voltage:&nbsp;Others Nominal Capacity:&nbsp;105AH\/280AH Weight:&nbsp;5.42+0.3 kg Dimension:&nbsp;173*71*204mm Charge\/discharge cut-off voltage::&nbsp;3.65 V\/2.5 V Screw Size:&nbsp;M6 Cycle<\/p>","protected":false},"featured_media":8280,"comment_status":"open","ping_status":"closed","template":"","meta":{"_acf_changed":false},"product_brand":[],"product_cat":[235],"product_tag":[],"class_list":{"0":"post-8279","1":"product","2":"type-product","3":"status-publish","4":"has-post-thumbnail","6":"product_cat-lifepo4-battery-cells","8":"first","9":"instock","10":"shipping-taxable","11":"purchasable","12":"product-type-variable"},"acf":[],"_links":{"self":[{"href":"https:\/\/electricstore.eu\/de\/wp-json\/wp\/v2\/product\/8279","targetHints":{"allow":["GET"]}}],"collection":[{"href":"https:\/\/electricstore.eu\/de\/wp-json\/wp\/v2\/product"}],"about":[{"href":"https:\/\/electricstore.eu\/de\/wp-json\/wp\/v2\/types\/product"}],"replies":[{"embeddable":true,"href":"https:\/\/electricstore.eu\/de\/wp-json\/wp\/v2\/comments?post=8279"}],"wp:featuredmedia":[{"embeddable":true,"href":"https:\/\/electricstore.eu\/de\/wp-json\/wp\/v2\/media\/8280"}],"wp:attachment":[{"href":"https:\/\/electricstore.eu\/de\/wp-json\/wp\/v2\/media?parent=8279"}],"wp:term":[{"taxonomy":"product_brand","embeddable":true,"href":"https:\/\/electricstore.eu\/de\/wp-json\/wp\/v2\/product_brand?post=8279"},{"taxonomy":"product_cat","embeddable":true,"href":"https:\/\/electricstore.eu\/de\/wp-json\/wp\/v2\/product_cat?post=8279"},{"taxonomy":"product_tag","embeddable":true,"href":"https:\/\/electricstore.eu\/de\/wp-json\/wp\/v2\/product_tag?post=8279"}],"curies":[{"name":"wp","href":"https:\/\/api.w.org\/{rel}","templated":true}]}}