{"id":8270,"date":"2025-05-19T20:29:40","date_gmt":"2025-05-19T20:29:40","guid":{"rendered":"https:\/\/electricstore.eu\/product\/uncategorized\/gaiary-1-4pcs-3-2v-30ah-lifepo4-battery\/"},"modified":"2025-05-21T05:40:01","modified_gmt":"2025-05-21T05:40:01","slug":"gaiary-1-4pcs-3-2v-30ah-lifepo4-battery","status":"publish","type":"product","link":"https:\/\/electricstore.eu\/de\/p\/batteries\/lifepo4-batteries\/lifepo4-battery-cells\/gaiary-1-4pcs-3-2v-30ah-lifepo4-battery\/","title":{"rendered":"GaiaRay 30Ah 3,2V LiFePO4-Batterie"},"content":{"rendered":"<div class=\"product-specs-list-container\">\n<ul class=\"product-specs-list util-clearfix\">\n<li class=\"product-prop line-limit-length\"><span\n                                        class=\"property-title\">Hochgef\u00e4hrliche Chemikalie:&nbsp;<\/span><span\n                                        class=\"property-desc line-limit-length\">Keiner<\/span>\n                            <\/li>\n<li class=\"product-prop line-limit-length\"><span\n                                        class=\"property-title\">Nennkapazit\u00e4t:&nbsp;<\/span><span\n                                        class=\"property-desc line-limit-length\">30AH<\/span>\n                            <\/li>\n<li class=\"product-prop line-limit-length\"><span\n                                        class=\"property-title\">Gewicht:&nbsp;<\/span><span\n                                        class=\"property-desc line-limit-length\">0.6KG<\/span>\n                            <\/li>\n<li class=\"product-prop line-limit-length\"><span\n                                        class=\"property-title\">Stromspannung:&nbsp;<\/span><span\n                                        class=\"property-desc line-limit-length\">3,2 V<\/span>\n                            <\/li>\n<li class=\"product-prop line-limit-length\"><span\n                                        class=\"property-title\">Gr\u00f6\u00dfe:&nbsp;<\/span><span\n                                        class=\"property-desc line-limit-length\">155*100*20mm<\/span>\n                            <\/li>\n<li class=\"product-prop line-limit-length\"><span\n                                        class=\"property-title\">Modellnummer:&nbsp;<\/span><span\n                                        class=\"property-desc line-limit-length\">30ah<\/span>\n                            <\/li>\n<li class=\"product-prop line-limit-length\"><span\n                                        class=\"property-title\">Typ:&nbsp;<\/span><span\n                                        class=\"property-desc line-limit-length\">LiFePO4<\/span>\n                            <\/li>\n<li class=\"product-prop line-limit-length\"><span\n                                        class=\"property-title\">Markenname:&nbsp;<\/span><span\n                                        class=\"property-desc line-limit-length\">GaiaRay<\/span>\n                            <\/li>\n<li class=\"product-prop line-limit-length\"><span\n                                        class=\"property-title\">Herkunft:&nbsp;<\/span><span\n                                        class=\"property-desc line-limit-length\">Festlandchina<\/span>\n                            <\/li>\n<li class=\"product-prop line-limit-length\"><span\n                                        class=\"property-title\">Nennspannung:&nbsp;<\/span><span\n                                        class=\"property-desc line-limit-length\">Sonstige<\/span>\n                            <\/li>\n<li class=\"product-prop line-limit-length\"><span\n                                        class=\"property-title\">Nennkapazit\u00e4t:&nbsp;<\/span><span\n                                        class=\"property-desc line-limit-length\">30AH<\/span>\n                            <\/li>\n<li class=\"product-prop line-limit-length\"><span\n                                        class=\"property-title\">Gewicht:&nbsp;<\/span><span\n                                        class=\"property-desc line-limit-length\">0.6KG<\/span>\n                            <\/li>\n<li class=\"product-prop line-limit-length\"><span\n                                        class=\"property-title\">Dimension:&nbsp;<\/span><span\n                                        class=\"property-desc line-limit-length\">155*100*20mm<\/span>\n                            <\/li>\n<li class=\"product-prop line-limit-length\"><span\n                                        class=\"property-title\">Lade-\/Entlade-Abschaltspannung:&nbsp;<\/span><span\n                                        class=\"property-desc line-limit-length\">3,65 V\/2,5 V<\/span>\n                            <\/li>\n<li class=\"product-prop line-limit-length\"><span\n                                        class=\"property-title\">Schraubengr\u00f6\u00dfe:&nbsp;<\/span><span\n                                        class=\"property-desc line-limit-length\">M6<\/span>\n                            <\/li>\n<li class=\"product-prop line-limit-length\"><span\n                                        class=\"property-title\">Lebensdauer:&nbsp;<\/span><span\n                                        class=\"property-desc line-limit-length\">4000 Cycle<\/span>\n                            <\/li>\n<li class=\"product-prop line-limit-length\"><span\n                                        class=\"property-title\">Passend f\u00fcr System:&nbsp;<\/span><span\n                                        class=\"property-desc line-limit-length\">12,8 V<\/span>\n                            <\/li>\n<li class=\"product-prop line-limit-length\"><span\n                                        class=\"property-title\">Anwendung:&nbsp;<\/span><span\n                                        class=\"property-desc line-limit-length\">E-bikes, Small UPS Power Supplies Or Portable Equipment<\/span>\n                            <\/li>\n<\/ul><\/div>\n<div class=\"detailmodule_dynamic\"><kse:widget data-widget-type=\"customText\" id=\"1005000021400404\" type=\"custom\"><\/kse:widget><\/div>\n<div class=\"detailmodule_html\">\n<div class=\"detail-desc-decorate-richtext\">\n<div class=\"detailmodule_text\">\n<p style=\"text-align:center\" align=\"center\"><span style=\"color:rgb(250, 40, 255);font-size:24px\"><strong>Produktparameter<\/strong><\/span><\/p>\n<p style=\"text-align:left\" align=\"left\"><strong><span style=\"font-size:20px\">Model: 30AH<\/span><\/strong><\/p>\n<p style=\"text-align:left\" align=\"left\"><strong><span style=\"font-size:20px\">Maximale Ladespannung: 3,65 V<\/span><\/strong><\/p>\n<p style=\"text-align:left\" align=\"left\"><strong><span style=\"font-size:20px\">Weight : 0.75KG<\/span><\/strong><\/p>\n<p style=\"text-align:left\" align=\"left\"><strong><span style=\"font-size:20px\">Maximaler Entladestrom: 315 A<\/span><\/strong><\/p>\n<p style=\"text-align:left\" align=\"left\"><strong><span style=\"font-size:20px\">Entladetemperatur: -30 \u00b0C bis 60 \u00b0C<\/span><\/strong><\/p>\n<p style=\"text-align:left\" align=\"left\"><strong><span style=\"font-size:20px\">Nennspannung: 3,2 V<\/span><\/strong><\/p>\n<p style=\"text-align:left\" align=\"left\"><strong><span style=\"font-size:20px\">Ladetemperatur: -5 \u00b0C bis 60 \u00b0C<\/span><\/strong><\/p>\n<p style=\"text-align:left\" align=\"left\"><strong><span style=\"font-size:20px\">Real Capacity: 30Ah<\/span><\/strong><\/p>\n<p style=\"text-align:left\" align=\"left\"><strong><span style=\"font-size:20px\">Wechselstromimpedanz: \u22640,5 m\u03a9<\/span><\/strong><\/p>\n<p style=\"text-align:left\" align=\"left\"><strong><span style=\"font-size:20px\">Dimensions(L*W*H):155*100*20mm<\/span><\/strong><\/p>\n<div><span style=\"color:rgb(123, 100, 255)\"><strong>Gaiary 1-4PCS 3.2V 30AH Lifepo4 Battery Rechargeable Busbar New 4000 Cycles For Solar 12V 24V 48V Lithium Batter<\/strong><\/span><\/div>\n<div><strong><span style=\"background-color:rgb(255, 255, 255);color:rgb(0, 0, 0);font-size:20px\">Wir haben Lager in Polen und der Ukraine in Europa. Europ\u00e4ische L\u00e4nder k\u00f6nnen in 3-7 Tagen ankommen.<\/span><\/strong><\/div>\n<p><strong><span style=\"background-color:rgb(255, 255, 255);color:rgb(0, 0, 0);font-size:20px\">Hinweis: Europa ist vor\u00fcbergehend nicht auf Lager, Sie k\u00f6nnen den Versand aus China w\u00e4hlen!<\/span><\/strong><\/p>\n<p><strong><span style=\"background-color:rgb(255, 255, 255);color:rgb(0, 0, 0);font-size:20px\">W\u00e4hlen Sie den Versand aus China, um Steuern zu sparen.<\/span><\/strong><\/p>\n<p><strong><span style=\"background-color:rgb(255, 255, 255);color:rgb(0, 0, 0);font-size:20px\">Lieferzeit<\/span><\/strong><\/p>\n<p><strong><span style=\"background-color:rgb(255, 255, 255);color:rgb(0, 0, 0);font-size:20px\">China nach Europa: 50-60 Tage<\/span><\/strong><\/p>\n<p><strong><span style=\"background-color:rgb(255, 255, 255);color:rgb(0, 0, 0);font-size:20px\">Japan: 7-15 Tage<\/span><\/strong><\/p>\n<p><strong><span style=\"background-color:rgb(255, 255, 255);color:rgb(0, 0, 0);font-size:20px\">Korea: 7-15 Tage<\/span><\/strong><\/p>\n<p><strong><span style=\"background-color:rgb(255, 255, 255);color:rgb(0, 0, 0);font-size:20px\">Russland: 40-50 Tage<\/span><\/strong><\/p>\n<p><strong><span style=\"background-color:rgb(255, 255, 255);color:rgb(0, 0, 0);font-size:20px\">USA: 50-60 Tage<\/span><\/strong><\/p>\n<p><strong><span style=\"background-color:rgb(255, 255, 255);color:rgb(0, 0, 0);font-size:20px\">Kanada Kanada: 50-60 Tage<\/span><\/strong><\/p>\n<p><strong><span style=\"background-color:rgb(255, 255, 255);color:rgb(0, 0, 0);font-size:20px\">Australien: 50-60 Tage<\/span><\/strong><\/p>\n<p><strong><span style=\"background-color:rgb(255, 255, 255);color:rgb(0, 0, 0);font-size:20px\">Ukraine: 60-70 Tage<\/span><\/strong><\/p>\n<p><strong><span style=\"background-color:rgb(255, 255, 255);color:rgb(0, 0, 0);font-size:20px\">Hinweis: Bei Anreise aus der Ukraine dauert der Flug 7-15 Tage!<\/span><\/strong><\/p>\n<p><img decoding=\"async\" src=\"https:\/\/ae01.alicdn.com\/kf\/S9ecd6cccf952482cbff40e3d530a1576R.jpg\" slate-data-type=\"image\"\/><\/p>\n<p><img decoding=\"async\" src=\"https:\/\/ae01.alicdn.com\/kf\/S5d20589d3de14d1cb1a97c6eb32a7696a.jpg\" slate-data-type=\"image\"\/><img decoding=\"async\" src=\"https:\/\/ae01.alicdn.com\/kf\/S66ae14480ccc4f87a063f92dcede2293h.jpg\" slate-data-type=\"image\"\/><img decoding=\"async\" src=\"https:\/\/ae01.alicdn.com\/kf\/S423df794b2f24eb2bd2dc3afce2a1133d.jpg\" slate-data-type=\"image\"\/><\/p>\n<div>\n<\/div>\n<p><img decoding=\"async\" src=\"https:\/\/ae01.alicdn.com\/kf\/S6204808dc371413caebffccd6c6e52001.jpg\" slate-data-type=\"image\"\/><img decoding=\"async\" src=\"https:\/\/ae01.alicdn.com\/kf\/S432e0912b4b64b519cfaf3e47ee9af9bR.jpg\" slate-data-type=\"image\"\/><img decoding=\"async\" src=\"https:\/\/ae01.alicdn.com\/kf\/S4a8d41f8d0704f32aa6e1d0ca8af6a06r.jpg\" slate-data-type=\"image\"\/><img decoding=\"async\" src=\"https:\/\/ae01.alicdn.com\/kf\/S2e2eac5ceb2d4c0b809771f0f9ee9529U.jpg\" slate-data-type=\"image\"\/><img decoding=\"async\" src=\"https:\/\/ae01.alicdn.com\/kf\/S1e0276134b9a4dc1bdf9d72a8ee80fccr.jpg\" slate-data-type=\"image\"\/><img decoding=\"async\" src=\"https:\/\/ae01.alicdn.com\/kf\/S38671a3ca21442099a860e3f1f42f6adW.jpg\" slate-data-type=\"image\"\/><img decoding=\"async\" src=\"https:\/\/ae01.alicdn.com\/kf\/S8ff204c0788640de948dfbd443fbddeb1.jpg\" slate-data-type=\"image\"\/><img decoding=\"async\" src=\"https:\/\/ae01.alicdn.com\/kf\/Scef16ebcfa004a86aaf167c55d1b4c26i.jpg\" slate-data-type=\"image\"\/><img fetchpriority=\"high\" decoding=\"async\" width=\"1000\" height=\"1349\" src=\"https:\/\/ae01.alicdn.com\/kf\/S93798ecd936542e79002467516643b9fh.jpg\" slate-data-type=\"image\"\/><img decoding=\"async\" width=\"1000\" height=\"1792\" src=\"https:\/\/ae01.alicdn.com\/kf\/Sc368c8588aed4f0e9d14c7a9b6375c1al.jpg\" slate-data-type=\"image\"\/><img decoding=\"async\" src=\"https:\/\/ae01.alicdn.com\/kf\/S13a69f7bae12424783781bad86b04841U.jpg\" slate-data-type=\"image\"\/><\/p>\n<\/div>\n<p><\/p>\n<\/div>\n<\/div>\n<p><\/p>","protected":false},"excerpt":{"rendered":"<p>Hign-concerned Chemical:&nbsp;None Nominal Capacity:&nbsp;30AH Weight:&nbsp;0.6KG Voltage:&nbsp;3.2v Size:&nbsp;155*100*20mm Model Number:&nbsp;30ah Type:&nbsp;LiFePO4 Brand Name:&nbsp;GaiaRay Origin:&nbsp;Mainland China Rated Voltage:&nbsp;Others Nominal Capacity:&nbsp;30AH Weight:&nbsp;0.6KG Dimension:&nbsp;155*100*20mm Charge\/discharge cut-off voltage::&nbsp;3.65 V\/2.5 V Screw Size:&nbsp;M6 Cycle life:&nbsp;4000 Cycle<\/p>","protected":false},"featured_media":8271,"comment_status":"open","ping_status":"closed","template":"","meta":{"_acf_changed":false},"product_brand":[],"product_cat":[235],"product_tag":[],"class_list":{"0":"post-8270","1":"product","2":"type-product","3":"status-publish","4":"has-post-thumbnail","6":"product_cat-lifepo4-battery-cells","8":"first","9":"instock","10":"shipping-taxable","11":"purchasable","12":"product-type-variable"},"acf":[],"_links":{"self":[{"href":"https:\/\/electricstore.eu\/de\/wp-json\/wp\/v2\/product\/8270","targetHints":{"allow":["GET"]}}],"collection":[{"href":"https:\/\/electricstore.eu\/de\/wp-json\/wp\/v2\/product"}],"about":[{"href":"https:\/\/electricstore.eu\/de\/wp-json\/wp\/v2\/types\/product"}],"replies":[{"embeddable":true,"href":"https:\/\/electricstore.eu\/de\/wp-json\/wp\/v2\/comments?post=8270"}],"wp:featuredmedia":[{"embeddable":true,"href":"https:\/\/electricstore.eu\/de\/wp-json\/wp\/v2\/media\/8271"}],"wp:attachment":[{"href":"https:\/\/electricstore.eu\/de\/wp-json\/wp\/v2\/media?parent=8270"}],"wp:term":[{"taxonomy":"product_brand","embeddable":true,"href":"https:\/\/electricstore.eu\/de\/wp-json\/wp\/v2\/product_brand?post=8270"},{"taxonomy":"product_cat","embeddable":true,"href":"https:\/\/electricstore.eu\/de\/wp-json\/wp\/v2\/product_cat?post=8270"},{"taxonomy":"product_tag","embeddable":true,"href":"https:\/\/electricstore.eu\/de\/wp-json\/wp\/v2\/product_tag?post=8270"}],"curies":[{"name":"wp","href":"https:\/\/api.w.org\/{rel}","templated":true}]}}