{"id":8232,"date":"2025-05-19T20:29:25","date_gmt":"2025-05-19T20:29:25","guid":{"rendered":"https:\/\/electricstore.eu\/product\/uncategorized\/12v-310ah-lifepo4-lithium-battery\/"},"modified":"2025-05-21T05:40:03","modified_gmt":"2025-05-21T05:40:03","slug":"12v-310ah-lifepo4-lithium-battery","status":"publish","type":"product","link":"https:\/\/electricstore.eu\/de\/p\/batteries\/lifepo4-batteries\/200ah-lifepo4-batteries\/12v-310ah-lifepo4-lithium-battery\/","title":{"rendered":"Humsienk 310Ah 12V LiFePO4 Batterie"},"content":{"rendered":"<div class=\"product-specs-list-container\">\n<ul class=\"product-specs-list util-clearfix\">\n<li class=\"product-prop line-limit-length\"><span\n                                        class=\"property-title\">Hochgef\u00e4hrliche Chemikalie:&nbsp;<\/span><span\n                                        class=\"property-desc line-limit-length\">Keiner<\/span>\n                            <\/li>\n<li class=\"product-prop line-limit-length\"><span\n                                        class=\"property-title\">Nennkapazit\u00e4t:&nbsp;<\/span><span\n                                        class=\"property-desc line-limit-length\">310 Ah<\/span>\n                            <\/li>\n<li class=\"product-prop line-limit-length\"><span\n                                        class=\"property-title\">Gewicht:&nbsp;<\/span><span\n                                        class=\"property-desc line-limit-length\">28 kg<\/span>\n                            <\/li>\n<li class=\"product-prop line-limit-length\"><span\n                                        class=\"property-title\">Stromspannung:&nbsp;<\/span><span\n                                        class=\"property-desc line-limit-length\">12,8 V<\/span>\n                            <\/li>\n<li class=\"product-prop line-limit-length\"><span\n                                        class=\"property-title\">Gr\u00f6\u00dfe:&nbsp;<\/span><span\n                                        class=\"property-desc line-limit-length\">521 * 238 * 221 mm\/20,51 * 9,37 * 8,7 Zoll<\/span>\n                            <\/li>\n<li class=\"product-prop line-limit-length\"><span\n                                        class=\"property-title\">Anwendung:&nbsp;<\/span><span\n                                        class=\"property-desc line-limit-length\">Innen\/Au\u00dfen<\/span>\n                            <\/li>\n<li class=\"product-prop line-limit-length\"><span\n                                        class=\"property-title\">Modellnummer:&nbsp;<\/span><span\n                                        class=\"property-desc line-limit-length\">12V 310Ah<\/span>\n                            <\/li>\n<li class=\"product-prop line-limit-length\"><span\n                                        class=\"property-title\">Typ:&nbsp;<\/span><span\n                                        class=\"property-desc line-limit-length\">LiFePO4<\/span>\n                            <\/li>\n<li class=\"product-prop line-limit-length\"><span\n                                        class=\"property-title\">Markenname:&nbsp;<\/span><span\n                                        class=\"property-desc line-limit-length\">Humsienk<\/span>\n                            <\/li>\n<li class=\"product-prop line-limit-length\"><span\n                                        class=\"property-title\">Herkunft:&nbsp;<\/span><span\n                                        class=\"property-desc line-limit-length\">Festlandchina<\/span>\n                            <\/li>\n<li class=\"product-prop line-limit-length\"><span\n                                        class=\"property-title\">Nennspannung:&nbsp;<\/span><span\n                                        class=\"property-desc line-limit-length\">Sonstige<\/span>\n                            <\/li>\n<li class=\"product-prop line-limit-length\"><span\n                                        class=\"property-title\">Garantie:&nbsp;<\/span><span\n                                        class=\"property-desc line-limit-length\">5 Jahre<\/span>\n                            <\/li>\n<li class=\"product-prop line-limit-length\"><span\n                                        class=\"property-title\">Wasserdichtigkeit:&nbsp;<\/span><span\n                                        class=\"property-desc line-limit-length\">IP65<\/span>\n                            <\/li>\n<li class=\"product-prop line-limit-length\"><span\n                                        class=\"property-title\">Merkmale:&nbsp;<\/span><span\n                                        class=\"property-desc line-limit-length\">Flexibel, freistehend, wartungsfrei, tragbar, wiederaufladbare Batterie-Notstromversorgung<\/span>\n                            <\/li>\n<li class=\"product-prop line-limit-length\"><span\n                                        class=\"property-title\">Leistung:&nbsp;<\/span><span\n                                        class=\"property-desc line-limit-length\">3968 W<\/span>\n                            <\/li>\n<li class=\"product-prop line-limit-length\"><span\n                                        class=\"property-title\">Stromausgang:&nbsp;<\/span><span\n                                        class=\"property-desc line-limit-length\">310 A<\/span>\n                            <\/li>\n<li class=\"product-prop line-limit-length\"><span\n                                        class=\"property-title\">Zelle:&nbsp;<\/span><span\n                                        class=\"property-desc line-limit-length\">LiFePO4-Zellen der Klasse A+<\/span>\n                            <\/li>\n<li class=\"product-prop line-limit-length\"><span\n                                        class=\"property-title\">Lademethode:&nbsp;<\/span><span\n                                        class=\"property-desc line-limit-length\">CC\/CV<\/span>\n                            <\/li>\n<li class=\"product-prop line-limit-length\"><span\n                                        class=\"property-title\">Lebensdauer:&nbsp;<\/span><span\n                                        class=\"property-desc line-limit-length\">bis zu 15000 Mal<\/span>\n                            <\/li>\n<li class=\"product-prop line-limit-length\"><span\n                                        class=\"property-title\">Ladetemperatur:&nbsp;<\/span><span\n                                        class=\"property-desc line-limit-length\">0\u2103 bis 55\u2103 \/ 32\u2109 bis 131\u2109<\/span>\n                            <\/li>\n<li class=\"product-prop line-limit-length\"><span\n                                        class=\"property-title\">Entladetemperatur:&nbsp;<\/span><span\n                                        class=\"property-desc line-limit-length\">-20\u2103 bis 70\u2103 \/ -4\u2109 bis 158\u2109<\/span>\n                            <\/li>\n<\/ul><\/div>\n<p><strong><span style=\"color:rgb(0, 0, 0);font-size:22px;font-family:arial, helvetica, sans-serif\">Hohe Leistung: <\/span><\/strong><\/p>\n<p><span style=\"color:rgb(0, 0, 0);font-size:22px;font-family:arial, helvetica, sans-serif\">Die Humsienk LiFePO4 Batterie bietet eine Kapazit\u00e4t von 310 Ah und eine Standardspannung von 12,8 V. Mit <\/span><span style=\"color:rgb(244, 78, 59);font-size:22px;font-family:arial, helvetica, sans-serif\">Zellen der Klasse A+<\/span><span style=\"color:rgb(0, 0, 0);font-size:22px;font-family:arial, helvetica, sans-serif\">, es verf\u00fcgt \u00fcber eine beeindruckende Lebensdauer von <\/span><span style=\"color:rgb(244, 78, 59);font-size:22px;font-family:arial, helvetica, sans-serif\">bis zu 15.000 Zyklen<\/span><span style=\"color:rgb(0, 0, 0);font-size:22px;font-family:arial, helvetica, sans-serif\">. SDS\/UN38.3\/FCC\/CE\/ROHS-Zertifizierungen gew\u00e4hrleisten Qualit\u00e4t und Sicherheit.<\/span><\/p>\n<p><\/p>\n<p><strong><span style=\"color:rgb(0, 0, 0);font-size:22px;font-family:arial, helvetica, sans-serif\">Eingebauter BMS-Schutz:<\/span><\/strong><\/p>\n<p><span style=\"color:rgb(0, 0, 0);font-size:22px;font-family:arial, helvetica, sans-serif\">Die Lithiumbatterie verf\u00fcgt \u00fcber einen eingebauten <\/span><span style=\"color:rgb(244, 78, 59);font-size:22px;font-family:arial, helvetica, sans-serif\">200A BMS<\/span><span style=\"color:rgb(0, 0, 0);font-size:22px;font-family:arial, helvetica, sans-serif\"> Schutzplatine, die bei \u00dcberschreitung des Entladestroms automatisch abschaltet und so die Sicherheit erh\u00f6ht.<\/span><\/p>\n<p><\/p>\n<p><strong><span style=\"color:rgb(0, 0, 0);font-size:22px;font-family:arial, helvetica, sans-serif\">Kompaktes Design: <\/span><\/strong><\/p>\n<p><span style=\"color:rgb(0, 0, 0);font-size:22px;font-family:arial, helvetica, sans-serif\">Mit den Ma\u00dfen 52,1 x 22,1 x 23,8 cm (20,51 x 8,70 x 9,37 Zoll) und einem Gewicht von 28 kg maximiert unsere Batterie die Energiedichte bei gleichbleibender Leistung. Ihr kompakter Formfaktor spart Platz und bietet Flexibilit\u00e4t bei der Installation.<\/span><\/p>\n<p><\/p>\n<p><strong><span style=\"color:rgb(0, 0, 0);font-size:22px;font-family:arial, helvetica, sans-serif\">Temperaturbest\u00e4ndigkeit: <\/span><\/strong><\/p>\n<p><span style=\"color:rgb(0, 0, 0);font-size:22px;font-family:arial, helvetica, sans-serif\">Reibungsloser Betrieb <\/span><span style=\"color:rgb(244, 78, 59);font-size:22px;font-family:arial, helvetica, sans-serif\">von -4\u00b0F (-20\u00b0C) bis 158\u00b0F (70\u00b0C)<\/span><span style=\"color:rgb(0, 0, 0);font-size:22px;font-family:arial, helvetica, sans-serif\">Der Akku verf\u00fcgt \u00fcber eine automatische Abschaltung unter -20 \u00b0C (-4 \u00b0F) f\u00fcr zus\u00e4tzlichen Schutz und l\u00e4ngere Lebensdauer.<\/span><\/p>\n<p><\/p>\n<p><strong><span style=\"color:rgb(0, 0, 0);font-size:22px;font-family:arial, helvetica, sans-serif\">Reihen- oder Parallelschaltung: <\/span><\/strong><\/p>\n<p><span style=\"color:rgb(0, 0, 0);font-size:22px;font-family:arial, helvetica, sans-serif\">Schlie\u00dfen Sie einfach bis zu 4 Batterien in Reihe oder\/und parallel an und erreichen Sie eine Gesamtkapazit\u00e4t von <\/span><span style=\"color:rgb(244, 78, 59);font-size:22px;font-family:arial, helvetica, sans-serif\">bis zu 63,5 kWh<\/span><span style=\"color:rgb(0, 0, 0);font-size:22px;font-family:arial, helvetica, sans-serif\">. Passen Sie Ihre Stromversorgungsl\u00f6sung an Ihre Bed\u00fcrfnisse an.<\/span><\/p>\n<p><\/p>\n<p><strong><span style=\"color:rgb(0, 0, 0);font-size:22px;font-family:arial, helvetica, sans-serif\">Perfekte Passform: <\/span><\/strong><\/p>\n<p><span style=\"color:rgb(0, 0, 0);font-size:22px;font-family:arial, helvetica, sans-serif\">Unsere 310-Ah-LiFePO4-Batterie ist so konzipiert, dass sie nahtlos in den Batteriekasten passt. Sie macht einen gr\u00f6\u00dferen Kasten \u00fcberfl\u00fcssig und vereinfacht so die Installation.<\/span><\/p>\n<p><\/p>\n<p><strong><span style=\"color:rgb(0, 0, 0);font-size:22px;font-family:arial, helvetica, sans-serif\">5 Jahre Garantie und Support: <\/span><\/strong><\/p>\n<p><span style=\"color:rgb(0, 0, 0);font-size:22px;font-family:arial, helvetica, sans-serif\">Ihre Zufriedenheit steht bei uns an erster Stelle. Kontaktieren Sie uns bei Fragen oder Anliegen. Unsere Produkte werden mit einem <\/span><span style=\"color:rgb(244, 78, 59);font-size:22px;font-family:arial, helvetica, sans-serif\">5 Jahre Garantie<\/span><span style=\"color:rgb(0, 0, 0);font-size:22px;font-family:arial, helvetica, sans-serif\"> f\u00fcr Ihren Seelenfrieden.<\/span><\/p>\n<p><img decoding=\"async\" src=\"https:\/\/ae01.alicdn.com\/kf\/Sf9258cd707e544019c8cadb4fe995f22B.jpg\" slate-data-type=\"image\"\/><img decoding=\"async\" src=\"https:\/\/ae01.alicdn.com\/kf\/S607916af05b6479b983deecc6b044796G.jpg\" slate-data-type=\"image\"\/><img decoding=\"async\" src=\"https:\/\/ae01.alicdn.com\/kf\/S7e110ceb750741e28e604981dbd33b33B.jpg\" slate-data-type=\"image\"\/><img decoding=\"async\" src=\"https:\/\/ae01.alicdn.com\/kf\/Sc35b1d9b48d34325b6e5350e23453e21Z.jpg\" slate-data-type=\"image\"\/><img decoding=\"async\" src=\"https:\/\/ae01.alicdn.com\/kf\/S0c23b13030424fabb46f52fa9d727d32i.jpg\" slate-data-type=\"image\"\/><img decoding=\"async\" src=\"https:\/\/ae01.alicdn.com\/kf\/S4276fd6eaafd409ca55611094bd7cef22.jpg\" slate-data-type=\"image\"\/><img decoding=\"async\" src=\"https:\/\/ae01.alicdn.com\/kf\/S7d09f450e60c4be2abf539a0cc47b24dt.jpg\" slate-data-type=\"image\"\/><img decoding=\"async\" src=\"https:\/\/ae01.alicdn.com\/kf\/S8d0b848df30a4515a7e800a853f915f0N.jpg\" slate-data-type=\"image\"\/><\/p>\n<p><\/p>","protected":false},"excerpt":{"rendered":"<p>Hign-concerned Chemical:&nbsp;None Nominal Capacity:&nbsp;310Ah Weight:&nbsp;28kg\/61.73lbs Voltage:&nbsp;12.8V Size:&nbsp;521*238*221mm\/20.51*9.37*8.7inch Application:&nbsp;Indoor\/Outdoor Model Number:&nbsp;12V 310Ah Type:&nbsp;LiFePO4 Brand Name:&nbsp;Humsienk Origin:&nbsp;Mainland China Rated Voltage:&nbsp;Others Warranty:&nbsp;5 years Waterproof Rating:&nbsp;IP65 Features:&nbsp;Flexible, Freestanding, Maintenance Free, Portable, Rechargeable Battery Backup<\/p>","protected":false},"featured_media":8233,"comment_status":"open","ping_status":"closed","template":"","meta":{"_acf_changed":false},"product_brand":[],"product_cat":[238],"product_tag":[],"class_list":{"0":"post-8232","1":"product","2":"type-product","3":"status-publish","4":"has-post-thumbnail","6":"product_cat-200ah-lifepo4-batteries","8":"first","9":"instock","10":"shipping-taxable","11":"purchasable","12":"product-type-variable"},"acf":[],"_links":{"self":[{"href":"https:\/\/electricstore.eu\/de\/wp-json\/wp\/v2\/product\/8232","targetHints":{"allow":["GET"]}}],"collection":[{"href":"https:\/\/electricstore.eu\/de\/wp-json\/wp\/v2\/product"}],"about":[{"href":"https:\/\/electricstore.eu\/de\/wp-json\/wp\/v2\/types\/product"}],"replies":[{"embeddable":true,"href":"https:\/\/electricstore.eu\/de\/wp-json\/wp\/v2\/comments?post=8232"}],"wp:featuredmedia":[{"embeddable":true,"href":"https:\/\/electricstore.eu\/de\/wp-json\/wp\/v2\/media\/8233"}],"wp:attachment":[{"href":"https:\/\/electricstore.eu\/de\/wp-json\/wp\/v2\/media?parent=8232"}],"wp:term":[{"taxonomy":"product_brand","embeddable":true,"href":"https:\/\/electricstore.eu\/de\/wp-json\/wp\/v2\/product_brand?post=8232"},{"taxonomy":"product_cat","embeddable":true,"href":"https:\/\/electricstore.eu\/de\/wp-json\/wp\/v2\/product_cat?post=8232"},{"taxonomy":"product_tag","embeddable":true,"href":"https:\/\/electricstore.eu\/de\/wp-json\/wp\/v2\/product_tag?post=8232"}],"curies":[{"name":"wp","href":"https:\/\/api.w.org\/{rel}","templated":true}]}}