{"id":7723,"date":"2025-05-15T19:52:37","date_gmt":"2025-05-15T19:52:37","guid":{"rendered":"https:\/\/electricstore.eu\/product\/electric-mobility-scooter\/"},"modified":"2025-05-21T05:40:10","modified_gmt":"2025-05-21T05:40:10","slug":"electric-mobility-scooter","status":"publish","type":"product","link":"https:\/\/electricstore.eu\/de\/p\/electric-mobility-scooters\/electric-mobility-scooter\/","title":{"rendered":"ZHANGU DH0305 500W 36V 10,5Ah &lt;30km\/h 40-60km 10&quot; Vierrad-Elektroroller"},"content":{"rendered":"<div class=\"product-specs-list-container\">\n<ul class=\"product-specs-list util-clearfix\">\n<li class=\"product-prop line-limit-length\"><span\n                                        class=\"property-title\">Kategorie:&nbsp;<\/span><span\n                                        class=\"property-desc line-limit-length\">Vierradroller<\/span>\n                            <\/li>\n<li class=\"product-prop line-limit-length\"><span\n                                        class=\"property-title\">Anwendbare Personen:&nbsp;<\/span><span\n                                        class=\"property-desc line-limit-length\">Unisex<\/span>\n                            <\/li>\n<li class=\"product-prop line-limit-length\"><span\n                                        class=\"property-title\">Reichweite pro Ladung:&nbsp;<\/span><span\n                                        class=\"property-desc line-limit-length\">40-60 km<\/span>\n                            <\/li>\n<li class=\"product-prop line-limit-length\"><span\n                                        class=\"property-title\">Ladezeit:&nbsp;<\/span><span\n                                        class=\"property-desc line-limit-length\">1-2 Stunden<\/span>\n                            <\/li>\n<li class=\"product-prop line-limit-length\"><span\n                                        class=\"property-title\">Stromspannung:&nbsp;<\/span><span\n                                        class=\"property-desc line-limit-length\">36 V<\/span>\n                            <\/li>\n<li class=\"product-prop line-limit-length\"><span\n                                        class=\"property-title\">Gefaltet:&nbsp;<\/span><span\n                                        class=\"property-desc line-limit-length\">NEIN<\/span>\n                            <\/li>\n<li class=\"product-prop line-limit-length\"><span\n                                        class=\"property-title\">Herkunft:&nbsp;<\/span><span\n                                        class=\"property-desc line-limit-length\">Festlandchina<\/span>\n                            <\/li>\n<li class=\"product-prop line-limit-length\"><span\n                                        class=\"property-title\">Leistung (W):&nbsp;<\/span><span\n                                        class=\"property-desc line-limit-length\">201\u2013500 W<\/span>\n                            <\/li>\n<li class=\"product-prop line-limit-length\"><span\n                                        class=\"property-title\">Markenname:&nbsp;<\/span><span\n                                        class=\"property-desc line-limit-length\">ZHANGU<\/span>\n                            <\/li>\n<li class=\"product-prop line-limit-length\"><span\n                                        class=\"property-title\">Herkunftsort:&nbsp;<\/span><span\n                                        class=\"property-desc line-limit-length\">Zhejiang, China<\/span>\n                            <\/li>\n<li class=\"product-prop line-limit-length\"><span\n                                        class=\"property-title\">Modellnummer:&nbsp;<\/span><span\n                                        class=\"property-desc line-limit-length\">DH0305<\/span>\n                            <\/li>\n<li class=\"product-prop line-limit-length\"><span\n                                        class=\"property-title\">Getriebe:&nbsp;<\/span><span\n                                        class=\"property-desc line-limit-length\">3-Gang<\/span>\n                            <\/li>\n<li class=\"product-prop line-limit-length\"><span\n                                        class=\"property-title\">Reichweite pro Leistung:&nbsp;<\/span><span\n                                        class=\"property-desc line-limit-length\">31 \u2013 60 km<\/span>\n                            <\/li>\n<li class=\"product-prop line-limit-length\"><span\n                                        class=\"property-title\">Rahmenmaterial:&nbsp;<\/span><span\n                                        class=\"property-desc line-limit-length\">Stahl<\/span>\n                            <\/li>\n<li class=\"product-prop line-limit-length\"><span\n                                        class=\"property-title\">Radgr\u00f6\u00dfe:&nbsp;<\/span><span\n                                        class=\"property-desc line-limit-length\">10 Zoll<\/span>\n                            <\/li>\n<li class=\"product-prop line-limit-length\"><span\n                                        class=\"property-title\">H\u00f6chstgeschwindigkeit:&nbsp;<\/span><span\n                                        class=\"property-desc line-limit-length\">&lt;30 km\/h<\/span>\n                            <\/li>\n<li class=\"product-prop line-limit-length\"><span\n                                        class=\"property-title\">Stromversorgung:&nbsp;<\/span><span\n                                        class=\"property-desc line-limit-length\">Lithiumbatterie<\/span>\n                            <\/li>\n<li class=\"product-prop line-limit-length\"><span\n                                        class=\"property-title\">Bremssystem:&nbsp;<\/span><span\n                                        class=\"property-desc line-limit-length\">Scheibenbremse<\/span>\n                            <\/li>\n<li class=\"product-prop line-limit-length\"><span\n                                        class=\"property-title\">Drehmoment:&nbsp;<\/span><span\n                                        class=\"property-desc line-limit-length\">30-50 Nm<\/span>\n                            <\/li>\n<li class=\"product-prop line-limit-length\"><span\n                                        class=\"property-title\">Ladezeit:&nbsp;<\/span><span\n                                        class=\"property-desc line-limit-length\">&gt;3 Stunden<\/span>\n                            <\/li>\n<li class=\"product-prop line-limit-length\"><span\n                                        class=\"property-title\">Motorposition:&nbsp;<\/span><span\n                                        class=\"property-desc line-limit-length\">Hinterradnabenmotor<\/span>\n                            <\/li>\n<li class=\"product-prop line-limit-length\"><span\n                                        class=\"property-title\">Batterieposition:&nbsp;<\/span><span\n                                        class=\"property-desc line-limit-length\">Integrierter Akku<\/span>\n                            <\/li>\n<li class=\"product-prop line-limit-length\"><span\n                                        class=\"property-title\">Batteriekapazit\u00e4t:&nbsp;<\/span><span\n                                        class=\"property-desc line-limit-length\">10,5 AH<\/span>\n                            <\/li>\n<li class=\"product-prop line-limit-length\"><span\n                                        class=\"property-title\">Produktname:&nbsp;<\/span><span\n                                        class=\"property-desc line-limit-length\">Elektromotorrad<\/span>\n                            <\/li>\n<li class=\"product-prop line-limit-length\"><span\n                                        class=\"property-title\">Motorleistung:&nbsp;<\/span><span\n                                        class=\"property-desc line-limit-length\">250-W-Doppel-Heckmotor<\/span>\n                            <\/li>\n<li class=\"product-prop line-limit-length\"><span\n                                        class=\"property-title\">Batterie:&nbsp;<\/span><span\n                                        class=\"property-desc line-limit-length\">36V10,4Ah bis 36V45Ah<\/span>\n                            <\/li>\n<li class=\"product-prop line-limit-length\"><span\n                                        class=\"property-title\">Motor:&nbsp;<\/span><span\n                                        class=\"property-desc line-limit-length\">B\u00fcrstenlos<\/span>\n                            <\/li>\n<li class=\"product-prop line-limit-length\"><span\n                                        class=\"property-title\">Maximale Belastung:&nbsp;<\/span><span\n                                        class=\"property-desc line-limit-length\">120 kg<\/span>\n                            <\/li>\n<li class=\"product-prop line-limit-length\"><span\n                                        class=\"property-title\">Reichweite:&nbsp;<\/span><span\n                                        class=\"property-desc line-limit-length\">25 km<\/span>\n                            <\/li>\n<li class=\"product-prop line-limit-length\"><span\n                                        class=\"property-title\">Regler:&nbsp;<\/span><span\n                                        class=\"property-desc line-limit-length\">Intelligenter Controller<\/span>\n                            <\/li>\n<li class=\"product-prop line-limit-length\"><span\n                                        class=\"property-title\">Material:&nbsp;<\/span><span\n                                        class=\"property-desc line-limit-length\">Hochfester Stahl<\/span>\n                            <\/li>\n<li class=\"product-prop line-limit-length\"><span\n                                        class=\"property-title\">Zertifizierung:&nbsp;<\/span><span\n                                        class=\"property-desc line-limit-length\">ce<\/span>\n                            <\/li>\n<li class=\"product-prop line-limit-length\"><span\n                                        class=\"property-title\">Zertifikat:&nbsp;<\/span><span\n                                        class=\"property-desc line-limit-length\"><\/span>\n                            <\/li>\n<\/ul><\/div>\n<div class=\"detailmodule_html\">\n<div class=\"detail-desc-decorate-richtext\">\n<div>\n<div>\n<div>\u00a0<\/div>\n<div id=\"detail_decorate_root\">\n<div>\n<div id=\"ali-anchor-AliMagic-5d4zru\">Produktbeschreibung<\/div>\n<\/div>\n<div>\n<div>\n<div>\n<div>\n<div>\n<div><img decoding=\"async\" class=\"magic-3\" src=\"https:\/\/ae01.alicdn.com\/kf\/S65346f3ff9684171bdb54084884cf8b4u.jpg?width=1007&amp;height=997&amp;hash=2004\" slate-data-type=\"image\"\/><\/div>\n<\/div>\n<\/div>\n<\/div>\n<\/div>\n<\/div>\n<div>\n<div>\n<table style=\"border-collapse:collapse\" class=\"has-title all magic-4\">\n<tbody>\n<tr>\n<td>\n<div><strong>Modellnummer\u00a0<\/strong><\/div>\n<\/td>\n<td>\n<div>DH0305<\/div>\n<\/td>\n<td>\n<div>\u00a0<\/div>\n<\/td>\n<td>\n<div>\u00a0<\/div>\n<\/td>\n<\/tr>\n<tr>\n<td>\n<div><strong>Motor<\/strong><\/div>\n<\/td>\n<td>\n<div>500-W-b\u00fcrstenloser Heckmotor<\/div>\n<\/td>\n<td>\n<div><strong>Rahmen<\/strong><\/div>\n<\/td>\n<td>\n<div>Hochwertiger Kohlenstoffstahl<\/div>\n<\/td>\n<\/tr>\n<tr>\n<td>\n<div><strong>Batterie<\/strong><\/div>\n<\/td>\n<td>\n<div>36V10AH\u201315,6AH Lithium-Batterie<\/div>\n<\/td>\n<td>\n<div><strong>Vorder-\/Hinterreifen<\/strong><\/div>\n<\/td>\n<td>\n<div>10\/8-Zoll-Reifen<\/div>\n<\/td>\n<\/tr>\n<tr>\n<td>\n<div><strong>Ladeger\u00e4t<\/strong><\/div>\n<\/td>\n<td>\n<div>100\u2013240 V, 50\u201360 Hz, intelligentes Ladeger\u00e4t<\/div>\n<\/td>\n<td>\n<div><strong>Lenker<\/strong><\/div>\n<\/td>\n<td>\n<div>Aluminiumlegierung<\/div>\n<\/td>\n<\/tr>\n<tr>\n<td>\n<div><strong>Regler<\/strong><\/div>\n<\/td>\n<td>\n<div>Hohe Effizienz, intelligenter Controller<\/div>\n<\/td>\n<td>\n<div><strong>Griff<\/strong><\/div>\n<\/td>\n<td>\n<div>Komfortgriff<\/div>\n<\/td>\n<\/tr>\n<tr>\n<td>\n<div><strong>Anzeige<\/strong><\/div>\n<\/td>\n<td>\n<div>LED-Anzeige<\/div>\n<\/td>\n<td>\n<div><strong>Sattel<\/strong><\/div>\n<\/td>\n<td>\n<div>Weicher Doppelsattel<\/div>\n<\/td>\n<\/tr>\n<tr>\n<td>\n<div><strong>Licht<\/strong><\/div>\n<\/td>\n<td>\n<div>LED-Licht\u00a0<\/div>\n<\/td>\n<td>\n<div><strong>Farbe<\/strong><\/div>\n<\/td>\n<td>\n<div>Offen<\/div>\n<\/td>\n<\/tr>\n<tr>\n<td colspan=\"4\">\n<div>\u00a0<\/div>\n<\/td>\n<td class=\"magic-11\">\n<div>\u00a0<\/div>\n<\/td>\n<td class=\"magic-11\">\n<div>\u00a0<\/div>\n<\/td>\n<td class=\"magic-11\">\n<div>\u00a0<\/div>\n<\/td>\n<\/tr>\n<tr>\n<td>\n<div><strong>H\u00f6chstgeschwindigkeit<\/strong><\/div>\n<\/td>\n<td>\n<div>18 km\/h<\/div>\n<\/td>\n<td>\n<div><strong>Produktgr\u00f6\u00dfe<\/strong><\/div>\n<\/td>\n<td>\n<div>980 x 550 x 830 mm<\/div>\n<\/td>\n<\/tr>\n<tr>\n<td>\n<div><strong>Fahrstrecke<\/strong><\/div>\n<\/td>\n<td>\n<div>25 km<\/div>\n<\/td>\n<td>\n<div><strong>Verpackungsgr\u00f6\u00dfe<\/strong><\/div>\n<\/td>\n<td>\n<div>575 x 400 x 720 mm<\/div>\n<\/td>\n<\/tr>\n<tr>\n<td>\n<div><strong>Ladezeit<\/strong><\/div>\n<\/td>\n<td>\n<div>5 Stunden<\/div>\n<\/td>\n<td>\n<div>\u00a0<\/div>\n<\/td>\n<td>\n<div>\u00a0<\/div>\n<\/td>\n<\/tr>\n<tr>\n<td>\n<div><strong>Maximale Auslastung<\/strong><\/div>\n<\/td>\n<td>\n<div>120 kg<\/div>\n<\/td>\n<td>\n<div>\u00a0<\/div>\n<\/td>\n<td>\n<div>\u00a0<\/div>\n<\/td>\n<\/tr>\n<\/tbody>\n<\/table>\n<\/div>\n<\/div>\n<div>\n<div id=\"ali-anchor-AliMagic-o1csom\">Produktbilder<\/div>\n<\/div>\n<div>\n<div>\n<div>\n<div>\n<div>\n<div><img decoding=\"async\" class=\"magic-14\" src=\"https:\/\/ae01.alicdn.com\/kf\/Se1e040235e9846b8bb063af2468f694c2.jpg?width=631&amp;height=631&amp;hash=1262\" slate-data-type=\"image\"\/><\/div>\n<\/div>\n<\/div>\n<\/div>\n<\/div>\n<\/div>\n<div>\n<div>\n<div>\n<div>\n<div>\n<div><img decoding=\"async\" class=\"magic-15\" src=\"https:\/\/ae01.alicdn.com\/kf\/S76a2495475da433e8ed55ec374928a3fF.jpg?width=1000&amp;height=1000&amp;hash=2000\" slate-data-type=\"image\"\/><\/div>\n<\/div>\n<\/div>\n<\/div>\n<\/div>\n<\/div>\n<div>\n<div>\n<div>\n<div>\n<div>\n<div><img decoding=\"async\" class=\"magic-17\" src=\"https:\/\/ae01.alicdn.com\/kf\/S616be776d11341b7864980594822f8a1Q.jpg?width=649&amp;height=650&amp;hash=1299\" slate-data-type=\"image\"\/><\/div>\n<div><img decoding=\"async\" class=\"magic-19\" src=\"https:\/\/ae01.alicdn.com\/kf\/S73267641890a4d88ae4e3f39032cd597m.jpg?width=650&amp;height=649&amp;hash=1299\" slate-data-type=\"image\"\/><\/div>\n<\/div>\n<\/div>\n<\/div>\n<\/div>\n<\/div>\n<div>\n<div>\n<div>\n<div>\n<div>\n<div><img decoding=\"async\" class=\"magic-21\" src=\"https:\/\/ae01.alicdn.com\/kf\/S1cd4cd6aa0a5496c889f1933cfd987cbe.jpg?width=970&amp;height=1500&amp;hash=2470\" slate-data-type=\"image\"\/><\/div>\n<\/div>\n<\/div>\n<\/div>\n<\/div>\n<\/div>\n<div>\n<div>\n<div>\n<div>\n<div>\n<div><img decoding=\"async\" class=\"magic-23\" src=\"https:\/\/ae01.alicdn.com\/kf\/S9a4792b775d54a9498ae331261cca280e.jpg?width=1265&amp;height=1500&amp;hash=2765\" slate-data-type=\"image\"\/><\/div>\n<\/div>\n<\/div>\n<\/div>\n<\/div>\n<\/div>\n<div>\n<div>\n<div>\n<div>\n<div>\n<div><img decoding=\"async\" class=\"magic-25\" src=\"https:\/\/ae01.alicdn.com\/kf\/Se434e2a48d80405d990cb55432385d948.jpg?width=1352&amp;height=1500&amp;hash=2852\" slate-data-type=\"image\"\/><\/div>\n<\/div>\n<\/div>\n<\/div>\n<\/div>\n<\/div>\n<div>\n<div>\n<div>\n<div>\n<div>\n<div><img decoding=\"async\" class=\"magic-27\" src=\"https:\/\/ae01.alicdn.com\/kf\/S32ea4943f3924d5584b71dd45e45df53S.jpg?width=1000&amp;height=750&amp;hash=1750\" slate-data-type=\"image\"\/><\/div>\n<\/div>\n<\/div>\n<\/div>\n<\/div>\n<\/div>\n<div>\n<div id=\"ali-anchor-AliMagic-qqhum3\">Unser Unternehmen<\/div>\n<\/div>\n<div>\n<div>\n<div>\n<div>\n<div>\n<div><img decoding=\"async\" class=\"magic-29\" src=\"https:\/\/ae01.alicdn.com\/kf\/Sb0b0449c0dcf4df0aa0e69a41b0dbb92S.jpg?width=750&amp;height=400&amp;hash=1150\" slate-data-type=\"image\"\/><\/div>\n<\/div>\n<\/div>\n<\/div>\n<\/div>\n<\/div>\n<div>\n<div>\n<div>\n<div>\n<div>\n<div><img decoding=\"async\" class=\"magic-30\" src=\"https:\/\/ae01.alicdn.com\/kf\/S164111958a284dd08f5012fa8fb1ed21q.jpg?width=4032&amp;height=3024&amp;hash=7056\" slate-data-type=\"image\"\/><\/div>\n<\/div>\n<\/div>\n<\/div>\n<\/div>\n<\/div>\n<div>\n<div>\n<div>\n<div>\n<div>\n<div>\n<div>\u00a0<\/div>\n<div><span> Yongkang Dahai Industry and Trade Co., Ltd. wurde 2011 gegr\u00fcndet und verf\u00fcgt \u00fcber langj\u00e4hrige Erfahrung in der Elektromobilit\u00e4tsbranche. Wir bieten Ihnen zuverl\u00e4ssige Elektromobilit\u00e4tsl\u00f6sungen wie Elektroroller und Elektromotorr\u00e4der. Wir unterst\u00fctzen OEM- und ODM-Services. Unsere Produkte werden in \u00fcber 50 L\u00e4ndern und Regionen weltweit vertrieben. Wir besitzen CE-, RoHS-, FCC- und weitere internationale Zertifizierungen sowie zahlreiche Produktpatente. Wir verf\u00fcgen \u00fcber starke Kompetenzen in Produktdesign und -entwicklung sowie strenge Management- und Qualit\u00e4tskontrollsysteme. Unser professionelles Au\u00dfenhandelsteam engagiert sich mit Begeisterung f\u00fcr unsere Kunden und strebt nach Weiterentwicklung und Exzellenz im Wettbewerb. Wir freuen uns auf eine langfristige und f\u00fcr beide Seiten vorteilhafte Zusammenarbeit mit Ihnen!<\/span><\/div>\n<div>\u00a0<\/div>\n<\/div>\n<\/div>\n<\/div>\n<\/div>\n<\/div>\n<\/div>\n<div>\u00a0<\/div>\n<div>\n<div id=\"ali-anchor-AliMagic-22j5mo\">Zertifizierungen<\/div>\n<\/div>\n<div>\n<div>\n<div>\n<div>\n<div>\n<div><img decoding=\"async\" class=\"magic-41\" src=\"https:\/\/ae01.alicdn.com\/kf\/S6dfa9042940d4bd79773e8c3f2e3d3acI.jpg?width=790&amp;height=953&amp;hash=1743\" slate-data-type=\"image\"\/><\/div>\n<\/div>\n<\/div>\n<\/div>\n<\/div>\n<\/div>\n<div>\n<div id=\"ali-anchor-AliMagic-uhh5q1\">K\u00e4uferbewertungen<\/div>\n<\/div>\n<div>\u00a0<\/div>\n<div>\n<div id=\"ali-anchor-AliMagic-kpnqam\">Verpackung &amp; Lieferung<\/div>\n<\/div>\n<div>\n<div>\n<div>\n<div>\n<div>\n<div><img decoding=\"async\" class=\"magic-47\" src=\"https:\/\/ae01.alicdn.com\/kf\/S32ea4943f3924d5584b71dd45e45df53S.jpg?width=1000&amp;height=750&amp;hash=1750\" slate-data-type=\"image\"\/><\/div>\n<\/div>\n<div>\u00a0<\/div>\n<div>\u00a0<\/div>\n<\/div>\n<div>\n<div>\n<div><img decoding=\"async\" class=\"magic-50\" src=\"https:\/\/ae01.alicdn.com\/kf\/S09841dbaae10458eba8ca805856c4f68a.jpg?width=1440&amp;height=1080&amp;hash=2520\" slate-data-type=\"image\"\/><\/div>\n<\/div>\n<div>\u00a0<\/div>\n<div>\u00a0<\/div>\n<\/div>\n<div>\n<div>\n<div><img decoding=\"async\" class=\"magic-50\" src=\"https:\/\/ae01.alicdn.com\/kf\/S6f3348679c394569902e96ab82057e0b1.jpg?width=1440&amp;height=1080&amp;hash=2520\" slate-data-type=\"image\"\/><\/div>\n<\/div>\n<div>\u00a0<\/div>\n<div>\u00a0<\/div>\n<\/div>\n<\/div>\n<\/div>\n<\/div>\n<div>\n<div id=\"ali-anchor-AliMagic-yqexns\">Unser Service<\/div>\n<\/div>\n<div>\n<div>\n<div>\n<div>\n<div>\n<div>\n<div>1. OEM ist zul\u00e4ssig<\/p>\n<p>2. Musterbestellung<\/p>\n<p>3. Wir werden Ihre Anfrage innerhalb von 24 Stunden beantworten.<\/p>\n<p>4. Nach dem Versand verfolgen wir Ihre Bestellung alle zwei Tage, bis Sie die Ware erhalten. Bitte testen Sie die Ware nach Erhalt und geben Sie uns Feedback. Bei Fragen oder Problemen kontaktieren Sie uns bitte; wir helfen Ihnen gerne weiter.<\/p>\n<p><span>5. Unsere Garantiezeit betr\u00e4gt:<br \/>\u25c612 Monate Garantie auf den Elektromotor<br \/>\u25c612 Monate f\u00fcr den Lithium-Ionen-Akku<br \/>\u25c6 24 Monate f\u00fcr den Rahmen.<br \/>\u25c612 Monate f\u00fcr den Controller.<br \/>\u25c612 Monate Garantie auf das Ladeger\u00e4t.<br \/>\u25c66 Monate f\u00fcr die \u00fcbrigen Teile.<\/span><\/div>\n<p class=\"magic-35\">.<\/p>\n<\/div>\n<\/div>\n<\/div>\n<\/div>\n<\/div>\n<\/div>\n<div>\n<div id=\"ali-anchor-AliMagic-yvqitf\">H\u00e4ufig gestellte Fragen<\/div>\n<\/div>\n<div>\n<div>\n<div>\n<div>\n<div>\n<div>\n<p class=\"magic-35\"><strong>Frage 1: Wie lauten Ihre Verpackungsbedingungen? <\/strong><br \/>A: Im Allgemeinen verpacken wir unsere Waren in neutralen wei\u00dfen Kartons und braunen Umkartons. Wenn Sie ein eingetragenes Patent besitzen, k\u00f6nnen wir die Waren nach Erhalt Ihrer Genehmigungsschreiben in Ihren Markenverpackungen verpacken.<\/p>\n<p><strong>Frage 2: Wie lauten Ihre Zahlungsbedingungen?<\/strong><br \/>A: T\/T 30% als Anzahlung und 70% vor Lieferung. Wir zeigen Ihnen Fotos der Produkte und Verpackungen, bevor Sie den Restbetrag bezahlen.<\/p>\n<p><strong>Frage 3: Wie lauten Ihre Lieferbedingungen?<\/strong><br \/>A: EXW, FOB, CIF.<\/p>\n<p><strong>Frage 4: Wie lange ist Ihre Lieferzeit?<\/strong><br \/>A: In der Regel dauert es 30 bis 60 Tage nach Eingang Ihrer Vorauszahlung. Die genaue Lieferzeit h\u00e4ngt von den bestellten Artikeln und der Bestellmenge ab.<\/p>\n<p><strong>Frage 5: K\u00f6nnen Sie nach den Mustern produzieren?<\/strong><br \/>A: Ja, wir k\u00f6nnen nach Ihren Mustern oder technischen Zeichnungen fertigen. Wir k\u00f6nnen die Formen und Vorrichtungen herstellen.<\/p>\n<p><strong>Frage 6: Wie sieht Ihre Stichprobenrichtlinie aus?<\/strong><br \/>A: Wir k\u00f6nnen Ihnen ein Muster zur Verf\u00fcgung stellen, sofern wir die entsprechenden Teile auf Lager haben. Die Kosten f\u00fcr das Muster und den Versand tr\u00e4gt jedoch der Kunde.<\/p>\n<p><strong>Frage 7: Testen Sie alle Ihre Waren vor der Auslieferung?<\/strong><br \/>A: Ja, wir f\u00fchren vor der Auslieferung einen 100%-Test durch.<\/p>\n<p><strong>Frage 8: Wie k\u00f6nnen wir eine langfristige und gute Gesch\u00e4ftsbeziehung aufbauen?<\/strong><br \/>A:1. Wir achten auf gute Qualit\u00e4t und wettbewerbsf\u00e4hige Preise, um den Nutzen unserer Kunden zu gew\u00e4hrleisten;2. Wir respektieren jeden Kunden als Freund und pflegen aufrichtige Gesch\u00e4ftsbeziehungen und Freundschaften, unabh\u00e4ngig von seiner Herkunft.<\/p>\n<p><strong>Frage 9: K\u00f6nnen wir unser Logo oder unsere Marke auf dem Motorrad anbringen?<\/strong><br \/>A: Ja, wir akzeptieren OEM-Auftr\u00e4ge.<\/p>\n<\/div>\n<\/div>\n<\/div>\n<\/div>\n<\/div>\n<\/div>\n<\/div>\n<\/div>\n<\/div>\n<div><\/div>\n<\/div>\n<\/div>\n<p><\/p>","protected":false},"excerpt":{"rendered":"<p>Category:&nbsp;Four-wheel Scooter Applicable People:&nbsp;Unisex Range Per Charge:&nbsp;40-60km Charging Time:&nbsp;1-2h Voltage:&nbsp;36V Folded:&nbsp;No Origin:&nbsp;Mainland China Power (W):&nbsp;201-500W Brand Name:&nbsp;ZHANGU Place of Origin:&nbsp;Zhejiang, China Model Number:&nbsp;DH0305 Gears:&nbsp;3 Speed Range per Power:&nbsp;31 &#8211; 60<\/p>","protected":false},"featured_media":7724,"comment_status":"open","ping_status":"closed","template":"","meta":{"_acf_changed":false},"product_brand":[],"product_cat":[301],"product_tag":[],"class_list":{"0":"post-7723","1":"product","2":"type-product","3":"status-publish","4":"has-post-thumbnail","6":"product_cat-electric-mobility-scooters","8":"first","9":"instock","10":"shipping-taxable","11":"purchasable","12":"product-type-variable"},"acf":[],"_links":{"self":[{"href":"https:\/\/electricstore.eu\/de\/wp-json\/wp\/v2\/product\/7723","targetHints":{"allow":["GET"]}}],"collection":[{"href":"https:\/\/electricstore.eu\/de\/wp-json\/wp\/v2\/product"}],"about":[{"href":"https:\/\/electricstore.eu\/de\/wp-json\/wp\/v2\/types\/product"}],"replies":[{"embeddable":true,"href":"https:\/\/electricstore.eu\/de\/wp-json\/wp\/v2\/comments?post=7723"}],"wp:featuredmedia":[{"embeddable":true,"href":"https:\/\/electricstore.eu\/de\/wp-json\/wp\/v2\/media\/7724"}],"wp:attachment":[{"href":"https:\/\/electricstore.eu\/de\/wp-json\/wp\/v2\/media?parent=7723"}],"wp:term":[{"taxonomy":"product_brand","embeddable":true,"href":"https:\/\/electricstore.eu\/de\/wp-json\/wp\/v2\/product_brand?post=7723"},{"taxonomy":"product_cat","embeddable":true,"href":"https:\/\/electricstore.eu\/de\/wp-json\/wp\/v2\/product_cat?post=7723"},{"taxonomy":"product_tag","embeddable":true,"href":"https:\/\/electricstore.eu\/de\/wp-json\/wp\/v2\/product_tag?post=7723"}],"curies":[{"name":"wp","href":"https:\/\/api.w.org\/{rel}","templated":true}]}}