{"id":7516,"date":"2025-05-15T19:32:09","date_gmt":"2025-05-15T19:32:09","guid":{"rendered":"https:\/\/electricstore.eu\/product\/usamr-600ah-12v-lifepo4-battery-3\/"},"modified":"2025-05-20T13:42:29","modified_gmt":"2025-05-20T13:42:29","slug":"usamr-600ah-12v-lifepo4-battery-3","status":"publish","type":"product","link":"https:\/\/electricstore.eu\/de\/p\/batteries\/lifepo4-batteries\/200ah-lifepo4-batteries\/usamr-600ah-12v-lifepo4-battery-3\/","title":{"rendered":"USAMR 600Ah 12V LiFePO4 Batterie"},"content":{"rendered":"<div class=\"product-specs-list-container\">\n<ul class=\"product-specs-list util-clearfix\">\n<li class=\"product-prop line-limit-length\"><span\n                                        class=\"property-title\">Nennkapazit\u00e4t:&nbsp;<\/span><span\n                                        class=\"property-desc line-limit-length\">600AH<\/span>\n                            <\/li>\n<li class=\"product-prop line-limit-length\"><span\n                                        class=\"property-title\">Gewicht:&nbsp;<\/span><span\n                                        class=\"property-desc line-limit-length\">About 50.4kg<\/span>\n                            <\/li>\n<li class=\"product-prop line-limit-length\"><span\n                                        class=\"property-title\">Stromspannung:&nbsp;<\/span><span\n                                        class=\"property-desc line-limit-length\">12 V<\/span>\n                            <\/li>\n<li class=\"product-prop line-limit-length\"><span\n                                        class=\"property-title\">Gr\u00f6\u00dfe:&nbsp;<\/span><span\n                                        class=\"property-desc line-limit-length\">430x310x270mm<\/span>\n                            <\/li>\n<li class=\"product-prop line-limit-length\"><span\n                                        class=\"property-title\">Modellnummer:&nbsp;<\/span><span\n                                        class=\"property-desc line-limit-length\">12V Liferpo4 Batterie<\/span>\n                            <\/li>\n<li class=\"product-prop line-limit-length\"><span\n                                        class=\"property-title\">Typ:&nbsp;<\/span><span\n                                        class=\"property-desc line-limit-length\">LiFePO4<\/span>\n                            <\/li>\n<li class=\"product-prop line-limit-length\"><span\n                                        class=\"property-title\">Markenname:&nbsp;<\/span><span\n                                        class=\"property-desc line-limit-length\">Likctt<\/span>\n                            <\/li>\n<li class=\"product-prop line-limit-length\"><span\n                                        class=\"property-title\">Herkunft:&nbsp;<\/span><span\n                                        class=\"property-desc line-limit-length\">Festlandchina<\/span>\n                            <\/li>\n<\/ul><\/div>\n<div class=\"detailmodule_html\">\n<div class=\"detail-desc-decorate-richtext\">\n<p style=\"font-size:20px;font-weight:bold;text-align:left;color:rgb(255, 0, 0)\" align=\"left\">Transport in der Europ\u00e4ischen Union, dem Vereinigten K\u00f6nigreich, den Vereinigten Staaten, Kanada und Asien STEUERFREI.<\/p>\n<p style=\"font-size:13px;text-align:left;color:rgb(67, 70, 73)\" align=\"left\">Das EU-Lager (Lager in Polen) ist eingetroffen. Freunde, die es ben\u00f6tigen, k\u00f6nnen jetzt eine Bestellung aufgeben. Geben Sie zuerst die Bestellung auf und vereinbaren Sie zuerst den Versand. Sie k\u00f6nnen die Ware innerhalb von 3-7 Tagen nach dem Versand erhalten.<br \/>Akku-Typ:<br \/>Battery capacity:600ah<br \/>Battery size:430*310*270mm (+\/-10mm)<br \/>Weight:50.4kg(+\/-0.5kg)<br \/>Eingebaut: 3,2 V LiFePO4-Akku<br \/>Nennspannung: 12,8 V<br \/>Maximaler Ladestrom: 50 A<br \/>Momentaner Entladestrom: 200A<br \/>Dauerentladestrom: 100 A<br \/>Lebensdauer: 6000 Zyklen oder mehr<br \/>Geh\u00e4usematerial: Matel<br \/>Ladetemperatur: 0~45\u00b0C<br \/>Entladetemperatur: -20 ~ 60 \u00b0C<br \/>Lagertemperatur: -20 ~ 65 \u00b0C<br \/>Betriebsspannungsbereich: 8,0 V \u2013 14,6 V<br \/>\u00dcberlastschutzspannung: 14,6 V \u00b1 0,05 V<br \/>Schutzspannung gegen \u00dcberlastung: 8,0 V \u00b1 0,05 V<br \/>Batterietemperatur sch\u00fctzen: 60 \u00b0C plus 5 \u00b0C<br \/>Ausgang und Parameter: Hochstrom-Plus-\/Minus-Anschlusss\u00e4ule (rot positiv, schwarz negativ)<\/p>\n<div><img decoding=\"async\" style=\"width:100%;height:auto\" width=\"100%\" height=\"auto\" src=\"https:\/\/ae01.alicdn.com\/kf\/S23c1d7b5797d4845845a3c736fb66b689.jpg\" slate-data-type=\"image\"\/><img decoding=\"async\" style=\"width:100%;height:auto\" width=\"100%\" height=\"auto\" src=\"https:\/\/ae01.alicdn.com\/kf\/S252a329e7df74ac982a61897c8aaa46ay.jpg\" slate-data-type=\"image\"\/><img decoding=\"async\" style=\"width:100%;height:auto\" width=\"100%\" height=\"auto\" src=\"https:\/\/ae01.alicdn.com\/kf\/S78a70a9793244904a68897a04c367ba0C.jpg?width=1000&amp;height=1000&amp;hash=2000\" slate-data-type=\"image\"\/><img decoding=\"async\" style=\"width:100%;height:auto\" width=\"100%\" height=\"auto\" src=\"https:\/\/ae01.alicdn.com\/kf\/S47846d325fa746d1b8838ed8f67d4826m.jpg?width=1000&amp;height=1000&amp;hash=2000\" slate-data-type=\"image\"\/><img decoding=\"async\" style=\"width:100%;height:auto\" width=\"100%\" height=\"auto\" src=\"https:\/\/ae01.alicdn.com\/kf\/S7dfa761837cd4db996c9096a04e71b13N.jpg?width=1000&amp;height=1000&amp;hash=2000\" slate-data-type=\"image\"\/><img decoding=\"async\" style=\"width:100%;height:auto\" width=\"100%\" height=\"auto\" src=\"https:\/\/ae01.alicdn.com\/kf\/Sf3183bee04f042edb56f6693202892dbp.jpg?width=1000&amp;height=1000&amp;hash=2000\" slate-data-type=\"image\"\/><img decoding=\"async\" style=\"width:100%;height:auto\" width=\"100%\" height=\"auto\" src=\"https:\/\/ae01.alicdn.com\/kf\/S559209be39524e6190b59d24ba79b677n.jpg?width=1000&amp;height=1000&amp;hash=2000\" slate-data-type=\"image\"\/><img decoding=\"async\" style=\"width:100%;height:auto\" width=\"100%\" height=\"auto\" src=\"https:\/\/ae01.alicdn.com\/kf\/S1dd2bfb17ba6429f8e2b5739caf1913bZ.jpg?width=1000&amp;height=1000&amp;hash=2000\" slate-data-type=\"image\"\/><img decoding=\"async\" style=\"width:100%;height:auto\" width=\"100%\" height=\"auto\" src=\"https:\/\/ae01.alicdn.com\/kf\/Sa3c63795cbd34f198df6cadc6646a1ddN.jpg?width=1000&amp;height=1000&amp;hash=2000\" slate-data-type=\"image\"\/><\/div>\n<p style=\"font-size:13px;text-align:left;color:rgb(67, 70, 73)\" align=\"left\">Elektrische Energieanwendung<\/p>\n<p style=\"font-size:13px;text-align:left;color:rgb(67, 70, 73)\" align=\"left\">\u25cfStarten Sie den Batteriemotor<\/p>\n<p style=\"font-size:13px;text-align:left;color:rgb(67, 70, 73)\" align=\"left\">\u25cf Kommerzielle Busse und Busse:<\/p>\n<p style=\"font-size:13px;text-align:left;color:rgb(67, 70, 73)\" align=\"left\">Elektroautos, Elektrobusse, Golfwagen\/Elektrofahrr\u00e4der, Motorroller, Wohnmobile, AGVs, Marinefahrzeuge, Reisebusse, Wohnwagen, Rollst\u00fchle,<\/p>\n<p style=\"font-size:13px;text-align:left;color:rgb(67, 70, 73)\" align=\"left\">Elektronische LKWs, elektronische Kehrmaschinen, Bodenreiniger, elektronische Gehhilfen usw.<\/p>\n<p style=\"font-size:13px;text-align:left;color:rgb(67, 70, 73)\" align=\"left\">\u25cf Intelligenter Roboter<\/p>\n<p style=\"font-size:13px;text-align:left;color:rgb(67, 70, 73)\" align=\"left\">\u25cf Elektrowerkzeuge: Bohrmaschinen, Spielzeug<\/p>\n<p style=\"font-size:13px;text-align:left;color:rgb(67, 70, 73)\" align=\"left\">Energiespeicherung<\/p>\n<p style=\"font-size:13px;text-align:left;color:rgb(67, 70, 73)\" align=\"left\">\u25cf Solar-Windkraftanlage<\/p>\n<p style=\"font-size:13px;text-align:left;color:rgb(67, 70, 73)\" align=\"left\">\u25cf Stadtnetz (ein\/aus)<\/p>\n<p style=\"font-size:13px;text-align:left;color:rgb(67, 70, 73)\" align=\"left\">Backup-System und USV<\/p>\n<p style=\"font-size:13px;text-align:left;color:rgb(67, 70, 73)\" align=\"left\">\u25cf Telekommunikationsbasis, Kabelfernsehsystem, Computerserverzentrum, medizinische Ausr\u00fcstung, milit\u00e4rische Ausr\u00fcstung<\/p>\n<p style=\"font-size:13px;text-align:left;color:rgb(67, 70, 73)\" align=\"left\">other apps<\/p>\n<p style=\"font-size:13px;text-align:left;color:rgb(67, 70, 73)\" align=\"left\">\u25cf Sicherheit und Elektronik, mobile Verkaufsstellen, Bergbaubeleuchtung \/ Taschenlampe \/ LED-Leuchten \/ Notbeleuchtung<\/p>\n<p style=\"font-size:13px;text-align:left;color:rgb(67, 70, 73)\" align=\"left\">Produktvorteile:<\/p>\n<p style=\"font-size:13px;text-align:left;color:rgb(67, 70, 73)\" align=\"left\">Leicht zu tragen, hohe Kapazit\u00e4t, hohe Ausl\u00f6seplattform, lange Arbeitszeiten, lange Lebensdauer, Sicherheit und Umweltschutz<\/p>\n<div><img decoding=\"async\" style=\"width:100%;height:auto\" width=\"100%\" height=\"auto\" src=\"https:\/\/ae01.alicdn.com\/kf\/S27b23c2fe70a4c37899b54c92940cb610.jpg\" slate-data-type=\"image\"\/><\/div>\n<\/div>\n<\/div>\n<p><\/p>","protected":false},"excerpt":{"rendered":"<p>Nominal Capacity:&nbsp;600AH Weight:&nbsp;About 50.4kg Voltage:&nbsp;12V Size:&nbsp;430x310x270mm Model Number:&nbsp;12V Liferpo4 Battery Type:&nbsp;LiFePO4 Brand Name:&nbsp;Likctt Origin:&nbsp;Mainland China Transportation in the European Union, United Kingdom,the United States, Canada, and Asian TAX FREE. The<\/p>","protected":false},"featured_media":7517,"comment_status":"open","ping_status":"closed","template":"","meta":{"_acf_changed":false},"product_brand":[],"product_cat":[238],"product_tag":[243],"class_list":{"0":"post-7516","1":"product","2":"type-product","3":"status-publish","4":"has-post-thumbnail","6":"product_cat-200ah-lifepo4-batteries","7":"product_tag-usamr","9":"first","10":"instock","11":"shipping-taxable","12":"purchasable","13":"product-type-simple"},"acf":[],"_links":{"self":[{"href":"https:\/\/electricstore.eu\/de\/wp-json\/wp\/v2\/product\/7516","targetHints":{"allow":["GET"]}}],"collection":[{"href":"https:\/\/electricstore.eu\/de\/wp-json\/wp\/v2\/product"}],"about":[{"href":"https:\/\/electricstore.eu\/de\/wp-json\/wp\/v2\/types\/product"}],"replies":[{"embeddable":true,"href":"https:\/\/electricstore.eu\/de\/wp-json\/wp\/v2\/comments?post=7516"}],"wp:featuredmedia":[{"embeddable":true,"href":"https:\/\/electricstore.eu\/de\/wp-json\/wp\/v2\/media\/7517"}],"wp:attachment":[{"href":"https:\/\/electricstore.eu\/de\/wp-json\/wp\/v2\/media?parent=7516"}],"wp:term":[{"taxonomy":"product_brand","embeddable":true,"href":"https:\/\/electricstore.eu\/de\/wp-json\/wp\/v2\/product_brand?post=7516"},{"taxonomy":"product_cat","embeddable":true,"href":"https:\/\/electricstore.eu\/de\/wp-json\/wp\/v2\/product_cat?post=7516"},{"taxonomy":"product_tag","embeddable":true,"href":"https:\/\/electricstore.eu\/de\/wp-json\/wp\/v2\/product_tag?post=7516"}],"curies":[{"name":"wp","href":"https:\/\/api.w.org\/{rel}","templated":true}]}}