{"id":25729,"date":"2025-05-20T19:00:53","date_gmt":"2025-05-20T19:00:53","guid":{"rendered":"https:\/\/electricstore.eu\/p\/uncategorized\/wltoys-c8805-114-rc-car-4wd-brushless-electric-70km-h-high-speed-off-road-2-4g-remote-control-cars-drift-monster-truck-for-kids\/"},"modified":"2025-05-20T19:06:33","modified_gmt":"2025-05-20T19:06:33","slug":"wltoys-c8805-114-rc-car-4wd-brushless-electric-70km-h-high-speed-off-road-2-4g-remote-control-cars-drift-monster-truck-for-kids","status":"publish","type":"product","link":"https:\/\/electricstore.eu\/de\/p\/rc\/rc-cars\/wltoys-c8805-114-rc-car-4wd-brushless-electric-70km-h-high-speed-off-road-2-4g-remote-control-cars-drift-monster-truck-for-kids\/","title":{"rendered":"Wltoys C8805 1:14 RC-Auto 4WD Brushless Electric 70 km\/h High Speed Off-Road 2,4G Fernbedienung Autos Drift Monster Truck f\u00fcr Kinder"},"content":{"rendered":"<div class=\"product-specs-list-container\">\n<ul class=\"product-specs-list util-clearfix\">\n<li class=\"product-prop line-limit-length\"><span\n                                        class=\"property-title\">Hochgef\u00e4hrliche Chemikalie:&nbsp;<\/span><span\n                                        class=\"property-desc line-limit-length\">Keiner<\/span>\n                            <\/li>\n<li class=\"product-prop line-limit-length\"><span\n                                        class=\"property-title\">CE:&nbsp;<\/span><span\n                                        class=\"property-desc line-limit-length\">Zertifikat<\/span>\n                            <\/li>\n<li class=\"product-prop line-limit-length\"><span\n                                        class=\"property-title\">Ist elektrisch:&nbsp;<\/span><span\n                                        class=\"property-desc line-limit-length\">Lithiumbatterie<\/span>\n                            <\/li>\n<li class=\"product-prop line-limit-length\"><span\n                                        class=\"property-title\">Barcode:&nbsp;<\/span><span\n                                        class=\"property-desc line-limit-length\">NEIN<\/span>\n                            <\/li>\n<li class=\"product-prop line-limit-length\"><span\n                                        class=\"property-title\">Gasservo:&nbsp;<\/span><span\n                                        class=\"property-desc line-limit-length\">B\u00fcrstenloser Motor 2847 (4000 kV)<\/span>\n                            <\/li>\n<li class=\"product-prop line-limit-length\"><span\n                                        class=\"property-title\">Lenkservo:&nbsp;<\/span><span\n                                        class=\"property-desc line-limit-length\">Dreidraht-17G-Digitalservo<\/span>\n                            <\/li>\n<li class=\"product-prop line-limit-length\"><span\n                                        class=\"property-title\">Leistung:&nbsp;<\/span><span\n                                        class=\"property-desc line-limit-length\">70 km\/h<\/span>\n                            <\/li>\n<li class=\"product-prop line-limit-length\"><span\n                                        class=\"property-title\">Stand der Versammlung:&nbsp;<\/span><span\n                                        class=\"property-desc line-limit-length\">Sofort einsatzbereit<\/span>\n                            <\/li>\n<li class=\"product-prop line-limit-length\"><span\n                                        class=\"property-title\">Flugzeit:&nbsp;<\/span><span\n                                        class=\"property-desc line-limit-length\">15\u201318 Minuten (kontinuierliches Laufen mit voller Geschwindigkeit)<\/span>\n                            <\/li>\n<li class=\"product-prop line-limit-length\"><span\n                                        class=\"property-title\">Ferndistanz:&nbsp;<\/span><span\n                                        class=\"property-desc line-limit-length\">\u2265120 m<\/span>\n                            <\/li>\n<li class=\"product-prop line-limit-length\"><span\n                                        class=\"property-title\">Skala:&nbsp;<\/span><span\n                                        class=\"property-desc line-limit-length\">1:14<\/span>\n                            <\/li>\n<li class=\"product-prop line-limit-length\"><span\n                                        class=\"property-title\">Abmessungen:&nbsp;<\/span><span\n                                        class=\"property-desc line-limit-length\">34,5*20,5*14,8 CM<\/span>\n                            <\/li>\n<li class=\"product-prop line-limit-length\"><span\n                                        class=\"property-title\">Modellnummer:&nbsp;<\/span><span\n                                        class=\"property-desc line-limit-length\">C8805;MJX 140209\/14210<\/span>\n                            <\/li>\n<li class=\"product-prop line-limit-length\"><span\n                                        class=\"property-title\">Paket beinhaltet:&nbsp;<\/span><span\n                                        class=\"property-desc line-limit-length\">Originalverpackung, Batterien, Bedienungsanleitung, Ladeger\u00e4t, Fernbedienung, USB-Kabel<\/span>\n                            <\/li>\n<li class=\"product-prop line-limit-length\"><span\n                                        class=\"property-title\">Steuerkan\u00e4le:&nbsp;<\/span><span\n                                        class=\"property-desc line-limit-length\">4 Kan\u00e4le<\/span>\n                            <\/li>\n<li class=\"product-prop line-limit-length\"><span\n                                        class=\"property-title\">Controller-Modus:&nbsp;<\/span><span\n                                        class=\"property-desc line-limit-length\">MODE2<\/span>\n                            <\/li>\n<li class=\"product-prop line-limit-length\"><span\n                                        class=\"property-title\">Fernbedienung:&nbsp;<\/span><span\n                                        class=\"property-desc line-limit-length\">Ja<\/span>\n                            <\/li>\n<li class=\"product-prop line-limit-length\"><span\n                                        class=\"property-title\">Material:&nbsp;<\/span><span\n                                        class=\"property-desc line-limit-length\">Metall, Kunststoff, Gummi<\/span>\n                            <\/li>\n<li class=\"product-prop line-limit-length\"><span\n                                        class=\"property-title\">Markenname:&nbsp;<\/span><span\n                                        class=\"property-desc line-limit-length\">WDSZKMYF<\/span>\n                            <\/li>\n<li class=\"product-prop line-limit-length\"><span\n                                        class=\"property-title\">Empfohlenes Alter:&nbsp;<\/span><span\n                                        class=\"property-desc line-limit-length\">14+ Jahre<\/span>\n                            <\/li>\n<li class=\"product-prop line-limit-length\"><span\n                                        class=\"property-title\">Herkunft:&nbsp;<\/span><span\n                                        class=\"property-desc line-limit-length\">Festlandchina<\/span>\n                            <\/li>\n<li class=\"product-prop line-limit-length\"><span\n                                        class=\"property-title\">Design:&nbsp;<\/span><span\n                                        class=\"property-desc line-limit-length\">Dirtbike<\/span>\n                            <\/li>\n<li class=\"product-prop line-limit-length\"><span\n                                        class=\"property-title\">Typ:&nbsp;<\/span><span\n                                        class=\"property-desc line-limit-length\">Auto<\/span>\n                            <\/li>\n<li class=\"product-prop line-limit-length\"><span\n                                        class=\"property-title\">Merkmale:&nbsp;<\/span><span\n                                        class=\"property-desc line-limit-length\">FERNBEDIENUNG<\/span>\n                            <\/li>\n<\/ul><\/div>\n<p><span style=\"color:rgba(244,78,59,255);font-size:18px\"><strong>Angelegenheiten, die Aufmerksamkeit erfordern:<\/strong><\/span><\/p>\n<p><span style=\"color:rgba(244,78,59,255)\">1: Ladeschutz: Gleichstrom- und Konstantspannungs-Balanced-Charging, das Schutz vor \u00dcberladung und \u00dcberstrom der Batterie bietet.<\/span><\/p>\n<p><span style=\"color:rgba(244,78,59,255)\">2: Motorblockierschutz: Bei \u00dcberlastung stoppt der Motor.<\/span><\/p>\n<p><span style=\"color:rgba(244,78,59,255)\">3: Hochtemperaturschutz: Wenn die Betriebstemperatur den eingestellten Wert \u00fcberschreitet, schaltet sich die Antriebssteuerung ab und nimmt die Arbeit wieder auf, sobald die Temperatur einen sicheren Wert erreicht hat.<\/span><\/p>\n<p><span style=\"color:rgba(244,78,59,255)\">4: Die Funktion zur Spannungsreduzierung und Stromabschaltung schaltet sich automatisch ab, wenn die Batteriespannung unter 6,3-6,4 V f\u00e4llt, um Sch\u00e4den durch Tiefentladung zu verhindern.<\/span><\/p>\n<p><\/p>\n<p><span style=\"color:rgb(244, 78, 59);font-size:20px\"><strong>JJRC C8805 1:16 RC-Auto 4WD Thunder High Speed Gel\u00e4ndewagen B\u00fcrstenloser Allradantrieb Thunder Gel\u00e4ndewagen RC Spielzeug<\/strong><\/span><\/p>\n<p><span style=\"color:rgb(0, 0, 0);font-size:14px;font-family:OpenSans\">H\u00f6chstgeschwindigkeit: 70 km\/h<\/span><br \/><span style=\"color:rgb(0, 0, 0);font-size:14px;font-family:OpenSans\">Nutzungsdauer: ca. 15-18 Minuten<\/span><br \/><span style=\"color:rgb(0, 0, 0);font-size:14px;font-family:OpenSans\">Ladezeit: ca. 1,5 Stunden<\/span><br \/><span style=\"color:rgb(0, 0, 0);font-size:14px;font-family:OpenSans\">Fernbedienungsmodus: 2,4-GHz-Fernbedienung<\/span><br \/><span style=\"color:rgb(0, 0, 0);font-size:14px;font-family:OpenSans\">Reichweite der Fernbedienung: \u2265120 m<\/span><br \/><span style=\"color:rgb(0, 0, 0);font-size:14px;font-family:OpenSans\">Antriebsmotor: B\u00fcrstenloser Motor 2847 (4000 kV)<\/span><br \/><span style=\"color:rgb(0, 0, 0);font-size:14px;font-family:OpenSans\">Akku: 7,4 V 1500 mAh 15C<\/span><br \/><span style=\"color:rgb(0, 0, 0);font-size:14px;font-family:OpenSans\">Batterien f\u00fcr die Fernbedienung: 3 AA-Batterien (nicht im Lieferumfang enthalten)<\/span><br \/><span style=\"color:rgb(0, 0, 0);font-size:14px;font-family:OpenSans\">Radstand: 188 mm<\/span><br \/><span style=\"color:rgb(0, 0, 0);font-size:14px;font-family:OpenSans\">Raddurchmesser: 85 mm<\/span><br \/><span style=\"color:rgb(0, 0, 0);font-size:14px;font-family:OpenSans\">K\u00f6rpergr\u00f6\u00dfe: 34,5 x 20,5 x 14,8 cm<\/span><\/p>\n<p><\/p>\n<p><strong>Funktion<\/strong>:<\/p>\n<p>1. Durch die Verwendung einer Simulationsstruktur bietet es ein realistisches Fahrgef\u00fchl und erm\u00f6glicht ein vollproportionales, stufenloses Getriebe, Hochgeschwindigkeitsfahrten, schnelles Beschleunigen, Verz\u00f6gern, Bremsen, R\u00fcckw\u00e4rtsfahren, Linkskurven und Rechtskurven;<\/p>\n<p>2. Geeignete Standorte: flaches Land, sandiges Land, schlammiges Land, Grasland.<\/p>\n<p>3. Allradantrieb: Sto\u00dfd\u00e4mpfer mit aufrechten Federn vorne und hinten, unabh\u00e4ngiges Doppelquerlenker-Aufh\u00e4ngungssystem;<\/p>\n<p>4. 2,4-GHz-Vollsynchron-Fernsteuerungssystem Vollproportionale Gas-\/Lenkung;<\/p>\n<p>5. Spritzwassergesch\u00fctzter 2,4-GHz-Vierwege-30-A-integrierter elektrischer Steuer-\/Empf\u00e4nger;<\/p>\n<p>6. Kreuzgelenk-Universalantriebswelle f\u00fcr Vorderrad, geteilte Antriebswelle f\u00fcr Hinterrad;<\/p>\n<p>7. Dreidraht-Servomotor 17G;<\/p>\n<p>8. Superstarke Batterieleistung: 7,4 V, 18650-1500 mAh Li-Ionen-Akku (T-Stecker), Entladerate 10C;<\/p>\n<p>9. Das gesamte Fahrzeug ist mit 16 Kugellagern ausgestattet;<\/p>\n<p>10. Metallene zweite Geschossdecke, vorderer und hinterer Armcode aus Metall, mittlere Getriebewelle aus Metall;<\/p>\n<p>11. Die Fahrzeugkarosserie besteht aus hochfestem, explosionsgesch\u00fctztem PVC.<\/p>\n<p>12. Ausgestattet mit LED-Scheinwerfern, LED-Dachleuchten und LED-R\u00fcckleuchten an der Karosserie; (Drei Modi: Dauerlicht, langsames Blinken, Blinken);<\/p>\n<p>13. Gel\u00e4ndereifen mit starker Haftung; 14. Die Karosserie ist vollst\u00e4ndig geschlossen, was bei einem Frontalaufprall eine bessere D\u00e4mpfung bietet und Sch\u00e4den an den Radkomponenten durch starke Aufprallkr\u00e4fte vermeidet.<\/p>\n<p>15. Das ferngesteuerte Lenkrad ist mit einer Kippschalterstruktur ausgestattet, die es den Spielern erm\u00f6glicht, einh\u00e4ndig zu bedienen und so die Einschr\u00e4nkungen der manuellen Steuerung vollst\u00e4ndig aufzuheben.<\/p>\n<p>16. Ausgestattet mit 3,2-Zoll-Gel\u00e4nder\u00e4dern und einem erh\u00f6hten Fahrgestell, wurde die Gel\u00e4ndeg\u00e4ngigkeit des Fahrzeugs verbessert, sodass es auch unter unterschiedlichsten Stra\u00dfenbedingungen bestehen kann.<\/p>\n<p>17. Das Fernbedienungsfeld verf\u00fcgt \u00fcber einen Drehknopf zur Feineinstellung der Lenkung und einen Drehknopf zur Feineinstellung der Geschwindigkeitsbegrenzung, was eine pr\u00e4zisere und feinere Justierung erm\u00f6glicht.<\/p>\n<p>18. Der Lenkeinschlag ist gr\u00f6\u00dfer, wodurch das Auto in Kurven flexibler ist und ein besseres Gef\u00fchl daf\u00fcr vermittelt, wo man ansetzen muss.<\/p>\n<p>19. Der Stecker zum Anschluss des Reglers\/Akkus ist als T-f\u00f6rmiger Stecker ausgef\u00fchrt, was f\u00fcr eine stabilere Stromabgabe sorgt.<\/p>\n<p><\/p>\n<p><strong>detaillierte Liste:<\/strong><\/p>\n<p>1) Komplettes Fahrzeug; 2) Fernbedienung; 3) Bedienungsanleitung (Chinesisch und Englisch); 4) Lithiumbatterien; 5) USB-Ladeadapter; 6) Heckfl\u00fcgel; 7) Lenks\u00e4ule; 8) Einstellring f\u00fcr Sto\u00dfd\u00e4mpfung; 9) Metallstift; 10) Innensechskant; 11) F\u00fchrungseinsatz<\/p>\n<p><\/p>\n<p><img decoding=\"async\" src=\"https:\/\/ae01.alicdn.com\/kf\/Sc71dfb64a76a46a19018596500a83a0fV.jpg\" slate-data-type=\"image\"\/><img decoding=\"async\" src=\"https:\/\/ae01.alicdn.com\/kf\/S88beb12314a841d396bf94e10f36ad05z.jpg\" slate-data-type=\"image\"\/><img decoding=\"async\" src=\"https:\/\/ae01.alicdn.com\/kf\/Sb87684194a074c389e5cedb2d37cdb3aH.jpg\" slate-data-type=\"image\"\/><img decoding=\"async\" src=\"https:\/\/ae01.alicdn.com\/kf\/Sdcfacccc86574ccda4f79bf7af7a47d4S.jpg\" slate-data-type=\"image\"\/><img decoding=\"async\" src=\"https:\/\/ae01.alicdn.com\/kf\/Sf16c8c8650db4f73ab2423c185ccc338b.jpg\" slate-data-type=\"image\"\/><img decoding=\"async\" src=\"https:\/\/ae01.alicdn.com\/kf\/S1a0e070fdce545b3b9437d6836b6c1b1g.jpg\" slate-data-type=\"image\"\/><img decoding=\"async\" src=\"https:\/\/ae01.alicdn.com\/kf\/S6012b61ef46a4acbaf97a6bf0007175cY.jpg\" slate-data-type=\"image\"\/><img decoding=\"async\" src=\"https:\/\/ae01.alicdn.com\/kf\/S24a8a52693bb40bd93be9abdbc20382br.jpg\" slate-data-type=\"image\"\/><img decoding=\"async\" src=\"https:\/\/ae01.alicdn.com\/kf\/S2be97ade9015493985ba27745309130d8.jpg\" slate-data-type=\"image\"\/><img decoding=\"async\" src=\"https:\/\/ae01.alicdn.com\/kf\/S3fb7280a9b6e429db582306ebb2ccef52.jpg\" slate-data-type=\"image\"\/><img decoding=\"async\" src=\"https:\/\/ae01.alicdn.com\/kf\/S4dc0d4a040024f2ca8813e87b693c093q.jpg\" slate-data-type=\"image\"\/><img decoding=\"async\" src=\"https:\/\/ae01.alicdn.com\/kf\/Sf1951f138a3c4cc79b27f371d883feefa.jpg\" slate-data-type=\"image\"\/><img decoding=\"async\" src=\"https:\/\/ae01.alicdn.com\/kf\/Sb4b4601642444883a6a5d4fe32508187x.jpg\" slate-data-type=\"image\"\/><img decoding=\"async\" src=\"https:\/\/ae01.alicdn.com\/kf\/S2772c61e4b1f4192804a41f464ce92d2R.jpg\" slate-data-type=\"image\"\/><img decoding=\"async\" src=\"https:\/\/ae01.alicdn.com\/kf\/S87a5498d2efb45adb52a39d6875fee0bf.jpg\" slate-data-type=\"image\"\/><img decoding=\"async\" src=\"https:\/\/ae01.alicdn.com\/kf\/S155407d4d5d0402a94811b78984f69e3B.jpg\" slate-data-type=\"image\"\/><\/p>\n<p><\/p>\n<p><\/p>","protected":false},"excerpt":{"rendered":"<p>Hign-concerned Chemical:&nbsp;None CE:&nbsp;Certificate Is Electric:&nbsp;lithium battery Barcode:&nbsp;No Throttle servo:&nbsp;2847 brushless motor (4000 KV value) Steering servo:&nbsp;Three wire 17G digital servo Power:&nbsp;70km\/h State of Assembly:&nbsp;Ready-to-Go Flight Time:&nbsp;15-18 minutes (continuous full speed<\/p>","protected":false},"featured_media":25731,"comment_status":"open","ping_status":"closed","template":"","meta":{"_acf_changed":false},"product_brand":[],"product_cat":[519],"product_tag":[],"class_list":{"0":"post-25729","1":"product","2":"type-product","3":"status-publish","4":"has-post-thumbnail","6":"product_cat-rc-cars","8":"first","9":"instock","10":"shipping-taxable","11":"purchasable","12":"product-type-variable"},"acf":[],"_links":{"self":[{"href":"https:\/\/electricstore.eu\/de\/wp-json\/wp\/v2\/product\/25729","targetHints":{"allow":["GET"]}}],"collection":[{"href":"https:\/\/electricstore.eu\/de\/wp-json\/wp\/v2\/product"}],"about":[{"href":"https:\/\/electricstore.eu\/de\/wp-json\/wp\/v2\/types\/product"}],"replies":[{"embeddable":true,"href":"https:\/\/electricstore.eu\/de\/wp-json\/wp\/v2\/comments?post=25729"}],"wp:featuredmedia":[{"embeddable":true,"href":"https:\/\/electricstore.eu\/de\/wp-json\/wp\/v2\/media\/25731"}],"wp:attachment":[{"href":"https:\/\/electricstore.eu\/de\/wp-json\/wp\/v2\/media?parent=25729"}],"wp:term":[{"taxonomy":"product_brand","embeddable":true,"href":"https:\/\/electricstore.eu\/de\/wp-json\/wp\/v2\/product_brand?post=25729"},{"taxonomy":"product_cat","embeddable":true,"href":"https:\/\/electricstore.eu\/de\/wp-json\/wp\/v2\/product_cat?post=25729"},{"taxonomy":"product_tag","embeddable":true,"href":"https:\/\/electricstore.eu\/de\/wp-json\/wp\/v2\/product_tag?post=25729"}],"curies":[{"name":"wp","href":"https:\/\/api.w.org\/{rel}","templated":true}]}}