{"id":25714,"date":"2025-05-20T19:00:43","date_gmt":"2025-05-20T19:00:43","guid":{"rendered":"https:\/\/electricstore.eu\/p\/uncategorized\/hyper-go-mjx-genuine-license-16208-16210-1-16-4wd-rc-car-55km-h-brushless-rc-racing-car-remote-control-cars-off-road-truck-toys\/"},"modified":"2025-05-20T19:06:11","modified_gmt":"2025-05-20T19:06:11","slug":"hyper-go-mjx-genuine-license-16208-16210-1-16-4wd-rc-car-55km-h-brushless-rc-racing-car-remote-control-cars-off-road-truck-toys","status":"publish","type":"product","link":"https:\/\/electricstore.eu\/de\/p\/rc\/rc-cars\/hyper-go-mjx-genuine-license-16208-16210-1-16-4wd-rc-car-55km-h-brushless-rc-racing-car-remote-control-cars-off-road-truck-toys\/","title":{"rendered":"Hyper Go MJX Originallizenz 16208 16210 1\/16 4WD RC-Auto 55 km\/h b\u00fcrstenloser RC-Rennwagen Fernbedienungsautos Gel\u00e4ndewagen-Spielzeug"},"content":{"rendered":"<div class=\"product-specs-list-container\">\n<ul class=\"product-specs-list util-clearfix\">\n<li class=\"product-prop line-limit-length\"><span\n                                        class=\"property-title\">Hochgef\u00e4hrliche Chemikalie:&nbsp;<\/span><span\n                                        class=\"property-desc line-limit-length\">Keiner<\/span>\n                            <\/li>\n<li class=\"product-prop line-limit-length\"><span\n                                        class=\"property-title\">CE:&nbsp;<\/span><span\n                                        class=\"property-desc line-limit-length\">Zertifikat<\/span>\n                            <\/li>\n<li class=\"product-prop line-limit-length\"><span\n                                        class=\"property-title\">Ist elektrisch:&nbsp;<\/span><span\n                                        class=\"property-desc line-limit-length\">Lithiumbatterie<\/span>\n                            <\/li>\n<li class=\"product-prop line-limit-length\"><span\n                                        class=\"property-title\">Barcode:&nbsp;<\/span><span\n                                        class=\"property-desc line-limit-length\">NEIN<\/span>\n                            <\/li>\n<li class=\"product-prop line-limit-length\"><span\n                                        class=\"property-title\">Gasservo:&nbsp;<\/span><span\n                                        class=\"property-desc line-limit-length\">17 g digitales Servo<\/span>\n                            <\/li>\n<li class=\"product-prop line-limit-length\"><span\n                                        class=\"property-title\">Lenkservo:&nbsp;<\/span><span\n                                        class=\"property-desc line-limit-length\">17 g digitales Servo<\/span>\n                            <\/li>\n<li class=\"product-prop line-limit-length\"><span\n                                        class=\"property-title\">Stand der Versammlung:&nbsp;<\/span><span\n                                        class=\"property-desc line-limit-length\">Sofort einsatzbereit<\/span>\n                            <\/li>\n<li class=\"product-prop line-limit-length\"><span\n                                        class=\"property-title\">Flugzeit:&nbsp;<\/span><span\n                                        class=\"property-desc line-limit-length\">12,5 Minuten<\/span>\n                            <\/li>\n<li class=\"product-prop line-limit-length\"><span\n                                        class=\"property-title\">Reifenspur:&nbsp;<\/span><span\n                                        class=\"property-desc line-limit-length\">182 mm<\/span>\n                            <\/li>\n<li class=\"product-prop line-limit-length\"><span\n                                        class=\"property-title\">Radstand:&nbsp;<\/span><span\n                                        class=\"property-desc line-limit-length\">175 mm<\/span>\n                            <\/li>\n<li class=\"product-prop line-limit-length\"><span\n                                        class=\"property-title\">Ferndistanz:&nbsp;<\/span><span\n                                        class=\"property-desc line-limit-length\">60-80 m<\/span>\n                            <\/li>\n<li class=\"product-prop line-limit-length\"><span\n                                        class=\"property-title\">Garantie:&nbsp;<\/span><span\n                                        class=\"property-desc line-limit-length\">Keiner<\/span>\n                            <\/li>\n<li class=\"product-prop line-limit-length\"><span\n                                        class=\"property-title\">Skala:&nbsp;<\/span><span\n                                        class=\"property-desc line-limit-length\">1:16<\/span>\n                            <\/li>\n<li class=\"product-prop line-limit-length\"><span\n                                        class=\"property-title\">Abmessungen:&nbsp;<\/span><span\n                                        class=\"property-desc line-limit-length\">25,2*20,5*10 cm<\/span>\n                            <\/li>\n<li class=\"product-prop line-limit-length\"><span\n                                        class=\"property-title\">Drehmoment:&nbsp;<\/span><span\n                                        class=\"property-desc line-limit-length\">Wie gezeigt<\/span>\n                            <\/li>\n<li class=\"product-prop line-limit-length\"><span\n                                        class=\"property-title\">Modellnummer:&nbsp;<\/span><span\n                                        class=\"property-desc line-limit-length\">MJX Hyper Go 16207 16208 16210 16210<\/span>\n                            <\/li>\n<li class=\"product-prop line-limit-length\"><span\n                                        class=\"property-title\">Paket beinhaltet:&nbsp;<\/span><span\n                                        class=\"property-desc line-limit-length\">Originalverpackung, Batterien, Bedienungsanleitung, Ladeger\u00e4t, Fernbedienung, USB-Kabel<\/span>\n                            <\/li>\n<li class=\"product-prop line-limit-length\"><span\n                                        class=\"property-title\">Steuerkan\u00e4le:&nbsp;<\/span><span\n                                        class=\"property-desc line-limit-length\">4 Kan\u00e4le<\/span>\n                            <\/li>\n<li class=\"product-prop line-limit-length\"><span\n                                        class=\"property-title\">Controller-Modus:&nbsp;<\/span><span\n                                        class=\"property-desc line-limit-length\">MODE2<\/span>\n                            <\/li>\n<li class=\"product-prop line-limit-length\"><span\n                                        class=\"property-title\">Ladespannung:&nbsp;<\/span><span\n                                        class=\"property-desc line-limit-length\">11,1 V, 1050 mAh<\/span>\n                            <\/li>\n<li class=\"product-prop line-limit-length\"><span\n                                        class=\"property-title\">Fernbedienung:&nbsp;<\/span><span\n                                        class=\"property-desc line-limit-length\">Ja<\/span>\n                            <\/li>\n<li class=\"product-prop line-limit-length\"><span\n                                        class=\"property-title\">Material:&nbsp;<\/span><span\n                                        class=\"property-desc line-limit-length\">Metall, Kunststoff, Gummi<\/span>\n                            <\/li>\n<li class=\"product-prop line-limit-length\"><span\n                                        class=\"property-title\">Markenname:&nbsp;<\/span><span\n                                        class=\"property-desc line-limit-length\">WDSZKMYF<\/span>\n                            <\/li>\n<li class=\"product-prop line-limit-length\"><span\n                                        class=\"property-title\">Empfohlenes Alter:&nbsp;<\/span><span\n                                        class=\"property-desc line-limit-length\">14+ Jahre<\/span>\n                            <\/li>\n<li class=\"product-prop line-limit-length\"><span\n                                        class=\"property-title\">Herkunft:&nbsp;<\/span><span\n                                        class=\"property-desc line-limit-length\">Festlandchina<\/span>\n                            <\/li>\n<li class=\"product-prop line-limit-length\"><span\n                                        class=\"property-title\">Design:&nbsp;<\/span><span\n                                        class=\"property-desc line-limit-length\">Dirtbike<\/span>\n                            <\/li>\n<li class=\"product-prop line-limit-length\"><span\n                                        class=\"property-title\">Typ:&nbsp;<\/span><span\n                                        class=\"property-desc line-limit-length\">Auto<\/span>\n                            <\/li>\n<li class=\"product-prop line-limit-length\"><span\n                                        class=\"property-title\">Merkmale:&nbsp;<\/span><span\n                                        class=\"property-desc line-limit-length\">FERNBEDIENUNG<\/span>\n                            <\/li>\n<\/ul><\/div>\n<p><\/p>\n<div class=\"detailmodule_html\">\n<div class=\"detail-desc-decorate-richtext\">\n<p><span style=\"color:rgb(244, 78, 59);font-size:16px\"><strong>Notiz:<\/strong><\/span><\/p>\n<p><span style=\"color:rgb(244, 78, 59);font-size:16px\">1. Die Geschwindigkeit von 70 km\/h des Spielzeugautos ist die Leerlaufgeschwindigkeit im Idealzustand, und die tats\u00e4chliche Geschwindigkeit des Autos wird von anderen Faktoren wie dem Veranstaltungsort beeinflusst.<\/span><\/p>\n<p><span style=\"color:rgb(244, 78, 59);font-size:16px\">2. 16207 kann nur 3S-Batterien verwenden, 16208 und 16210 k\u00f6nnen 2S-Batterien und 3S-Batterien verwenden<\/span><\/p>\n<p><span style=\"color:rgb(244, 78, 59);font-size:16px\">3.16208,16209,16210 Nach dem Austausch der 3S-Batterie erreicht die H\u00f6chstgeschwindigkeit 70 km\/h und die Reichweite betr\u00e4gt mehr als 20 Minuten. Diese 3S-Batterie ist eine modifizierte Batterie und die Ladezeit betr\u00e4gt etwa 4 Stunden.<\/span><\/p>\n<p><span style=\"color:rgb(244, 78, 59);font-size:16px\"><\/span><\/p>\n<div class=\"detailmodule_media\">\n<div class=\"video-container-5000210508095\">\n<div class=\"detail-video\" id=\"5000210508095\" data-previewurl=\"https:\/\/ae01.alicdn.com\/kf\/Sdb446eb188794ab7a48383720b5b791aP.jpg\"><\/div>\n<\/div>\n<\/div>\n<p><span style=\"color:rgb(244, 78, 59);font-size:16px\"><\/span><\/p>\n<div>\n<div><span style=\"font-size:20px\"><strong>Hyper Go MJX Originallizenz 16208 16210 1\/16 4WD RC-Auto 55 km\/h b\u00fcrstenloser RC-Rennwagen Fernbedienungsautos Gel\u00e4ndewagen-Spielzeug<\/strong><\/span><\/div>\n<\/div>\n<p><strong><span style=\"color:rgb(0, 0, 0);font-size:16px\">Bitte beachten Sie beim Umgang mit dem Akku:<\/span><\/strong><\/p>\n<p><span style=\"color:rgb(0, 0, 0);font-size:16px\">1. Wenn der Akku leer ist, muss er rechtzeitig aufgeladen werden, um sicherzustellen, dass der Akku \u00fcber \u00fcbersch\u00fcssige Leistung verf\u00fcgt. Wenn der Akku vollst\u00e4ndig leer ist, kann er nicht aufgeladen werden<\/span><\/p>\n<p><span style=\"color:rgb(0, 0, 0);font-size:16px\">2. Trennen Sie beim Laden des Akkus die Verbindung zum ferngesteuerten Auto. Nehmen Sie den Akku unbedingt heraus, um ihn separat aufzuladen<\/span><\/p>\n<p><span style=\"color:rgb(0, 0, 0);font-size:16px\">3. Wenn Sie das ferngesteuerte Auto nicht verwenden, trennen Sie bitte die Batterie vom Kabel des ferngesteuerten Autos, schlie\u00dfen Sie sie auf keinen Fall an und laden Sie die Batterie vollst\u00e4ndig auf, da sie sonst besch\u00e4digt wird.<\/span><\/p>\n<p><strong><span style=\"color:rgb(0, 0, 0);font-size:16px\">MJX 16207 16208 16210 70 km\/h b\u00fcrstenloses RC-Auto, 4WD, elektrischer Hochgeschwindigkeits-Offroad-Drift-Monstertruck mit Fernbedienung f\u00fcr Kinder<\/span><\/strong><\/p>\n<p><span style=\"color:rgb(0, 0, 0);font-size:16px\">Hinweis: Bitte achten Sie darauf, das Modell vor dem Kauf zu unterscheiden. Die Modellparameter sind wie folgt:<\/span><\/p>\n<p><span style=\"color:rgb(0, 0, 0);font-size:16px\">1.<\/span><\/p>\n<p><span style=\"color:rgb(0, 0, 0);font-size:16px\">Produktname: 16207<\/span><\/p>\n<p><span style=\"color:rgb(0, 0, 0);font-size:16px\">Gr\u00f6\u00dfe: 25,2 * 20,5 * 10 cm<\/span><\/p>\n<p><span style=\"color:rgb(0, 0, 0);font-size:16px\">H\u00f6chstgeschwindigkeit: 70 km\/h<\/span><\/p>\n<p><span style=\"color:rgb(0, 0, 0);font-size:16px\">Batterie: 3S 11,1 V 1050 mAh<\/span><\/p>\n<p><span style=\"color:rgb(0, 0, 0);font-size:16px\">Antriebsmotor: 2845 vierpoliger b\u00fcrstenloser Motor<\/span><\/p>\n<p><span style=\"color:rgb(0, 0, 0);font-size:16px\">Gewicht: 1030g<\/span><\/p>\n<p><span style=\"color:rgb(0, 0, 0);font-size:16px\">Arbeitszeit: 12,5 Minuten<\/span><\/p>\n<p><span style=\"color:rgb(0, 0, 0);font-size:16px\">2.<\/span><\/p>\n<p><span style=\"color:rgb(0, 0, 0);font-size:16px\">Produktname: 16708<\/span><\/p>\n<p><span style=\"color:rgb(0, 0, 0);font-size:16px\">Gr\u00f6\u00dfe: 31 * 22,2 * 13 cm<\/span><\/p>\n<p><span style=\"color:rgb(0, 0, 0);font-size:16px\">H\u00f6chstgeschwindigkeit: 55 km\/h<\/span><\/p>\n<p><span style=\"color:rgb(0, 0, 0);font-size:16px\">Batterie: 2S 7,4V 1050mAh<\/span><\/p>\n<p><span style=\"color:rgb(0, 0, 0);font-size:16px\">Antriebsmotor: 2845 vierpoliger b\u00fcrstenloser Motor<\/span><\/p>\n<p><span style=\"color:rgb(0, 0, 0);font-size:16px\">Gewicht: 1070g<\/span><\/p>\n<p><span style=\"color:rgb(0, 0, 0);font-size:16px\">Arbeitszeit: 10 Minuten<\/span><\/p>\n<p><span style=\"color:rgb(0, 0, 0);font-size:16px\">3.<\/span><\/p>\n<p><span style=\"color:rgb(0, 0, 0);font-size:16px\">Produktname: 16210<\/span><\/p>\n<p><span style=\"color:rgb(0, 0, 0);font-size:16px\">Gr\u00f6\u00dfe: 31 * 22,2 * 11 cm<\/span><\/p>\n<p><span style=\"color:rgb(0, 0, 0);font-size:16px\">H\u00f6chstgeschwindigkeit: 55 km\/h<\/span><\/p>\n<p><span style=\"color:rgb(0, 0, 0);font-size:16px\">Batterie: 2S 7,4V 1050mAh<\/span><\/p>\n<p><span style=\"color:rgb(0, 0, 0);font-size:16px\">Antriebsmotor: 2845 vierpoliger b\u00fcrstenloser Motor<\/span><\/p>\n<p><span style=\"color:rgb(0, 0, 0);font-size:16px\">Gewicht: 1030g<\/span><\/p>\n<p><span style=\"color:rgb(0, 0, 0);font-size:16px\">Arbeitszeit: 10 Minuten<\/span><\/p>\n<p><strong><span style=\"color:rgb(0, 0, 0);font-size:16px\">Merkmale<\/span><\/strong><\/p>\n<p><span style=\"color:rgb(0, 0, 0);font-size:16px\">1. Hydraulischer Sto\u00dfd\u00e4mpfer ganz aus Metall;<\/span><\/p>\n<p><span style=\"color:rgb(0, 0, 0);font-size:16px\">2. Standard 3S Akku 65km\/h<\/span><\/p>\n<p><span style=\"color:rgb(0, 0, 0);font-size:16px\">3. 45 A unabh\u00e4ngiger b\u00fcrstenloser ESC + 2845 vierpoliger b\u00fcrstenloser Motor;<\/span><\/p>\n<p><span style=\"color:rgb(0, 0, 0);font-size:16px\">4. Metallischer Antikollisionskopf;<\/span><\/p>\n<p><span style=\"color:rgb(0, 0, 0);font-size:16px\">5. Vollmetall-Getriebesystem (Metallgetriebedifferential);<\/span><\/p>\n<p><span style=\"color:rgb(0, 0, 0);font-size:16px\">6. Unabh\u00e4ngiger Standardempf\u00e4nger, leicht zu modifizieren.<\/span><\/p>\n<p><img decoding=\"async\" src=\"https:\/\/ae01.alicdn.com\/kf\/S9873c018f78e447aa5ff885e1955d332y.jpg\" slate-data-type=\"image\"\/><img decoding=\"async\" src=\"https:\/\/ae01.alicdn.com\/kf\/S7acc5a7aa71d4704a6056ffc85c520c02.jpg\" slate-data-type=\"image\"\/><img decoding=\"async\" src=\"https:\/\/ae01.alicdn.com\/kf\/Sd9273ce101384bbca7e6b58d757da007b.jpg\" slate-data-type=\"image\"\/><img decoding=\"async\" src=\"https:\/\/ae01.alicdn.com\/kf\/Se054621738da4d049d194d1f391227b7H.jpg\" slate-data-type=\"image\"\/><img decoding=\"async\" src=\"https:\/\/ae01.alicdn.com\/kf\/S033dbd62692d46d0a50a52ca9affdef9o.jpg\" slate-data-type=\"image\"\/><img decoding=\"async\" src=\"https:\/\/ae01.alicdn.com\/kf\/Scb37f1d083e44e73bca9fda8d9670d3f7.jpg\" slate-data-type=\"image\"\/><\/p>\n<div>\n<\/div>\n<\/div>\n<\/div>\n<p><\/p>","protected":false},"excerpt":{"rendered":"<p>Hign-concerned Chemical:&nbsp;None CE:&nbsp;Certificate Is Electric:&nbsp;lithium battery Barcode:&nbsp;No Throttle servo:&nbsp;17g digital servo Steering servo:&nbsp;17g digital servo State of Assembly:&nbsp;Ready-to-Go Flight Time:&nbsp;12.5min Tire Track:&nbsp;182mm Wheelbase:&nbsp;175mm Remote Distance:&nbsp;60-80m Warranty:&nbsp;None Scale:&nbsp;1:16 Dimensions:&nbsp;25.2*20.5*10cm Torque:&nbsp;As Show<\/p>","protected":false},"featured_media":25715,"comment_status":"open","ping_status":"closed","template":"","meta":{"_acf_changed":false},"product_brand":[],"product_cat":[519],"product_tag":[],"class_list":{"0":"post-25714","1":"product","2":"type-product","3":"status-publish","4":"has-post-thumbnail","6":"product_cat-rc-cars","8":"first","9":"instock","10":"shipping-taxable","11":"purchasable","12":"product-type-variable"},"acf":[],"_links":{"self":[{"href":"https:\/\/electricstore.eu\/de\/wp-json\/wp\/v2\/product\/25714","targetHints":{"allow":["GET"]}}],"collection":[{"href":"https:\/\/electricstore.eu\/de\/wp-json\/wp\/v2\/product"}],"about":[{"href":"https:\/\/electricstore.eu\/de\/wp-json\/wp\/v2\/types\/product"}],"replies":[{"embeddable":true,"href":"https:\/\/electricstore.eu\/de\/wp-json\/wp\/v2\/comments?post=25714"}],"wp:featuredmedia":[{"embeddable":true,"href":"https:\/\/electricstore.eu\/de\/wp-json\/wp\/v2\/media\/25715"}],"wp:attachment":[{"href":"https:\/\/electricstore.eu\/de\/wp-json\/wp\/v2\/media?parent=25714"}],"wp:term":[{"taxonomy":"product_brand","embeddable":true,"href":"https:\/\/electricstore.eu\/de\/wp-json\/wp\/v2\/product_brand?post=25714"},{"taxonomy":"product_cat","embeddable":true,"href":"https:\/\/electricstore.eu\/de\/wp-json\/wp\/v2\/product_cat?post=25714"},{"taxonomy":"product_tag","embeddable":true,"href":"https:\/\/electricstore.eu\/de\/wp-json\/wp\/v2\/product_tag?post=25714"}],"curies":[{"name":"wp","href":"https:\/\/api.w.org\/{rel}","templated":true}]}}