{"id":25696,"date":"2025-05-20T19:00:35","date_gmt":"2025-05-20T19:00:35","guid":{"rendered":"https:\/\/electricstore.eu\/p\/uncategorized\/q130-114-70km-h-4wd-rc-car-with-light-brushless-motor-remote-control-cars-high-speed-drift-monster-truck-toys-for-adults-kids\/"},"modified":"2025-05-20T19:05:50","modified_gmt":"2025-05-20T19:05:50","slug":"q130-114-70km-h-4wd-rc-car-with-light-brushless-motor-remote-control-cars-high-speed-drift-monster-truck-toys-for-adults-kids","status":"publish","type":"product","link":"https:\/\/electricstore.eu\/de\/p\/rc\/rc-cars\/q130-114-70km-h-4wd-rc-car-with-light-brushless-motor-remote-control-cars-high-speed-drift-monster-truck-toys-for-adults-kids\/","title":{"rendered":"Q130 1:14 70 km\/h 4WD RC-Auto mit leichtem b\u00fcrstenlosen Motor, ferngesteuerte Autos, Hochgeschwindigkeits-Drift-Monstertruck, Spielzeug f\u00fcr Erwachsene und Kinder"},"content":{"rendered":"<div class=\"product-specs-list-container\">\n<ul class=\"product-specs-list util-clearfix\">\n<li class=\"product-prop line-limit-length\"><span\n                                        class=\"property-title\">Zertifikatsnummer:&nbsp;<\/span><span\n                                        class=\"property-desc line-limit-length\">Wie gezeigt<\/span>\n                            <\/li>\n<li class=\"product-prop line-limit-length\"><span\n                                        class=\"property-title\">CE:&nbsp;<\/span><span\n                                        class=\"property-desc line-limit-length\">Zertifikat<\/span>\n                            <\/li>\n<li class=\"product-prop line-limit-length\"><span\n                                        class=\"property-title\">Ist elektrisch:&nbsp;<\/span><span\n                                        class=\"property-desc line-limit-length\">Lithiumbatterie<\/span>\n                            <\/li>\n<li class=\"product-prop line-limit-length\"><span\n                                        class=\"property-title\">Barcode:&nbsp;<\/span><span\n                                        class=\"property-desc line-limit-length\">NEIN<\/span>\n                            <\/li>\n<li class=\"product-prop line-limit-length\"><span\n                                        class=\"property-title\">Gasservo:&nbsp;<\/span><span\n                                        class=\"property-desc line-limit-length\">2847 b\u00fcrstenloser Motor\/390 Kohleb\u00fcrsten starker Magnetmotor<\/span>\n                            <\/li>\n<li class=\"product-prop line-limit-length\"><span\n                                        class=\"property-title\">Lenkservo:&nbsp;<\/span><span\n                                        class=\"property-desc line-limit-length\">B\u00fcrstenlos: F\u00fcnfdraht-Lenkservo 17G \/ B\u00fcrstenlos: Dreidraht-Lenkservo 17G<\/span>\n                            <\/li>\n<li class=\"product-prop line-limit-length\"><span\n                                        class=\"property-title\">Leistung:&nbsp;<\/span><span\n                                        class=\"property-desc line-limit-length\">70 km\/h oder 50 km\/h<\/span>\n                            <\/li>\n<li class=\"product-prop line-limit-length\"><span\n                                        class=\"property-title\">Stand der Versammlung:&nbsp;<\/span><span\n                                        class=\"property-desc line-limit-length\">Sofort einsatzbereit<\/span>\n                            <\/li>\n<li class=\"product-prop line-limit-length\"><span\n                                        class=\"property-title\">Flugzeit:&nbsp;<\/span><span\n                                        class=\"property-desc line-limit-length\">15\u201318 Minuten (kontinuierliches Laufen mit voller Geschwindigkeit)<\/span>\n                            <\/li>\n<li class=\"product-prop line-limit-length\"><span\n                                        class=\"property-title\">Reifenspur:&nbsp;<\/span><span\n                                        class=\"property-desc line-limit-length\">188 mm<\/span>\n                            <\/li>\n<li class=\"product-prop line-limit-length\"><span\n                                        class=\"property-title\">Radstand:&nbsp;<\/span><span\n                                        class=\"property-desc line-limit-length\">185 mm<\/span>\n                            <\/li>\n<li class=\"product-prop line-limit-length\"><span\n                                        class=\"property-title\">Warnung:&nbsp;<\/span><span\n                                        class=\"property-desc line-limit-length\">Feuer weg<\/span>\n                            <\/li>\n<li class=\"product-prop line-limit-length\"><span\n                                        class=\"property-title\">Ferndistanz:&nbsp;<\/span><span\n                                        class=\"property-desc line-limit-length\">120 m<\/span>\n                            <\/li>\n<li class=\"product-prop line-limit-length\"><span\n                                        class=\"property-title\">Garantie:&nbsp;<\/span><span\n                                        class=\"property-desc line-limit-length\">Keiner<\/span>\n                            <\/li>\n<li class=\"product-prop line-limit-length\"><span\n                                        class=\"property-title\">Skala:&nbsp;<\/span><span\n                                        class=\"property-desc line-limit-length\">1:14<\/span>\n                            <\/li>\n<li class=\"product-prop line-limit-length\"><span\n                                        class=\"property-title\">Abmessungen:&nbsp;<\/span><span\n                                        class=\"property-desc line-limit-length\">34,5*20,5*14,8 CM<\/span>\n                            <\/li>\n<li class=\"product-prop line-limit-length\"><span\n                                        class=\"property-title\">Drehmoment:&nbsp;<\/span><span\n                                        class=\"property-desc line-limit-length\">Wie gezeigt<\/span>\n                            <\/li>\n<li class=\"product-prop line-limit-length\"><span\n                                        class=\"property-title\">Modellnummer:&nbsp;<\/span><span\n                                        class=\"property-desc line-limit-length\">S344<\/span>\n                            <\/li>\n<li class=\"product-prop line-limit-length\"><span\n                                        class=\"property-title\">Design:&nbsp;<\/span><span\n                                        class=\"property-desc line-limit-length\">Dirtbike<\/span>\n                            <\/li>\n<li class=\"product-prop line-limit-length\"><span\n                                        class=\"property-title\">Paket beinhaltet:&nbsp;<\/span><span\n                                        class=\"property-desc line-limit-length\">Batterien, Bedienungsanleitung, Fernbedienung, USB-Kabel<\/span>\n                            <\/li>\n<li class=\"product-prop line-limit-length\"><span\n                                        class=\"property-title\">Steuerkan\u00e4le:&nbsp;<\/span><span\n                                        class=\"property-desc line-limit-length\">4 Kan\u00e4le<\/span>\n                            <\/li>\n<li class=\"product-prop line-limit-length\"><span\n                                        class=\"property-title\">Controller-Modus:&nbsp;<\/span><span\n                                        class=\"property-desc line-limit-length\">MODE2<\/span>\n                            <\/li>\n<li class=\"product-prop line-limit-length\"><span\n                                        class=\"property-title\">Ladespannung:&nbsp;<\/span><span\n                                        class=\"property-desc line-limit-length\">5 V<\/span>\n                            <\/li>\n<li class=\"product-prop line-limit-length\"><span\n                                        class=\"property-title\">Fernbedienung:&nbsp;<\/span><span\n                                        class=\"property-desc line-limit-length\">Ja<\/span>\n                            <\/li>\n<li class=\"product-prop line-limit-length\"><span\n                                        class=\"property-title\">Material:&nbsp;<\/span><span\n                                        class=\"property-desc line-limit-length\">Metall, Kunststoff<\/span>\n                            <\/li>\n<li class=\"product-prop line-limit-length\"><span\n                                        class=\"property-title\">Markenname:&nbsp;<\/span><span\n                                        class=\"property-desc line-limit-length\">WDSZKMYF<\/span>\n                            <\/li>\n<li class=\"product-prop line-limit-length\"><span\n                                        class=\"property-title\">Empfohlenes Alter:&nbsp;<\/span><span\n                                        class=\"property-desc line-limit-length\">14+ Jahre<\/span>\n                            <\/li>\n<li class=\"product-prop line-limit-length\"><span\n                                        class=\"property-title\">Herkunft:&nbsp;<\/span><span\n                                        class=\"property-desc line-limit-length\">Festlandchina<\/span>\n                            <\/li>\n<li class=\"product-prop line-limit-length\"><span\n                                        class=\"property-title\">Typ:&nbsp;<\/span><span\n                                        class=\"property-desc line-limit-length\">Auto<\/span>\n                            <\/li>\n<li class=\"product-prop line-limit-length\"><span\n                                        class=\"property-title\">Merkmale:&nbsp;<\/span><span\n                                        class=\"property-desc line-limit-length\">FERNBEDIENUNG<\/span>\n                            <\/li>\n<\/ul><\/div>\n<div class=\"detailmodule_html\">\n<div class=\"detail-desc-decorate-richtext\">\n<p><\/p>\n<div>\u00a0<\/div>\n<p><span style=\"background-color:rgb(252, 220, 0);color:rgb(244, 78, 59);font-size:18px\"><strong>NOTIZ :<\/strong><\/span><\/p>\n<p><span style=\"color:rgb(244, 78, 59);font-size:18px\">1. Dies ist kein gew\u00f6hnliches ferngesteuertes Spielzeugauto. Da ferngesteuerte Autos zu schnell sind, wird empfohlen, sie im Freien zu verwenden, um ein Ansto\u00dfen an Hindernisse zu vermeiden.<\/span><\/p>\n<p><span style=\"color:rgb(244, 78, 59);font-size:18px\">2. Die Einzelhandelsverpackung besteht aus Schaumstoff, um Transportsch\u00e4den zu vermeiden. Originalverpackungen sind nicht im Lieferumfang enthalten.<\/span><\/p>\n<p><\/p>\n<p><\/p>\n<p><strong><span style=\"font-size:18px\">Bitte beachten Sie bei der Verwendung der Batterie: (Verkauf separater Batterien, bitte kontaktieren Sie mich bei Bedarf)<\/span><\/strong><\/p>\n<p><span style=\"font-size:18px\">1. Wenn der Akku leer ist, muss er rechtzeitig aufgeladen werden, um sicherzustellen, dass der Akku \u00fcber \u00fcbersch\u00fcssige Leistung verf\u00fcgt. Wenn der Akku vollst\u00e4ndig leer ist, kann er nicht aufgeladen werden<\/span><\/p>\n<p><span style=\"font-size:18px\">2. Trennen Sie beim Laden des Akkus die Verbindung zum ferngesteuerten Auto. Nehmen Sie den Akku unbedingt heraus, um ihn separat aufzuladen<\/span><\/p>\n<p><span style=\"font-size:18px\">3. Wenn Sie das ferngesteuerte Auto nicht verwenden, trennen Sie bitte die Batterie vom Kabel des ferngesteuerten Autos, schlie\u00dfen Sie sie auf keinen Fall an und laden Sie die Batterie vollst\u00e4ndig auf, da sie sonst besch\u00e4digt wird.<\/span><\/p>\n<p><\/p>\n<p><\/p>\n<p><strong><span style=\"font-size:18px\">1:14 70KM\/H 4WD RC Auto mit LED-Licht Fernbedienung Autos High Speed Drift Monster Truck f\u00fcr Kinder<\/span><\/strong><\/p>\n<p><\/p>\n<p><\/p>\n<p><span style=\"font-size:18px\">Hinweis: Bitte achten Sie darauf, das Modell vor dem Kauf zu unterscheiden. Die Modellparameter sind wie folgt:<\/span><\/p>\n<p><\/p>\n<p><\/p>\n<p><span style=\"font-size:18px\">Produktkonfiguration: Elektrisches Allrad-Gel\u00e4ndefahrzeug (UDR)<\/span><\/p>\n<p><span style=\"font-size:18px\">Produktmaterial: Hardware, Elektronik, Kunststoff<\/span><\/p>\n<p><span style=\"font-size:18px\">Produktgr\u00f6\u00dfe: 34,5 x 20,5 x 14,8 cm<\/span><\/p>\n<p><span style=\"font-size:18px\">Farbe: blau\/rot (mit B\u00fcrste), orange (b\u00fcrstenlos)<\/span><\/p>\n<p><span style=\"font-size:18px\">K\u00f6rperbatterie: B\u00fcrste: 7,4 V 1300 mAh 15C Lithium-Ionen-Akku (T-Stecker) B\u00fcrstenlos: 7,4 V 1500 mAh 15C Lithium-Ionen-Akku (T-Stecker)<\/span><\/p>\n<p><span style=\"font-size:18px\">Betriebszeit: 15\u201318 Minuten (kontinuierlicher Betrieb mit voller Geschwindigkeit)<\/span><\/p>\n<p><span style=\"font-size:18px\">Batterie der Fernbedienung: 3 &quot;AA&quot; (nicht im Lieferumfang enthalten)<\/span><\/p>\n<p><span style=\"font-size:18px\">Ladezeit: 3\u20133,5 Stunden (USB-Balance-Ladung)<\/span><\/p>\n<p><span style=\"font-size:18px\">Frequenz: 2,4 GHz (unterst\u00fctzt mehrere Autos auf demselben Feld)<\/span><\/p>\n<p><span style=\"font-size:18px\">Fernsteuerungskategorie: Vollsynchrones Steuerungssystem (Waffensteuerung)<\/span><\/p>\n<p><span style=\"font-size:18px\">ESC\/Empf\u00e4nger: 35A ESC\/Empf\u00e4nger integrierte Steuerung (spritzwassergesch\u00fctzt)<\/span><\/p>\n<p><span style=\"font-size:18px\">Geschwindigkeit: B\u00fcrstenlos: 50 km\/h (H\u00f6chstgeschwindigkeit) B\u00fcrstenlos: 70 km\/h<\/span><\/p>\n<p><span style=\"font-size:18px\">Lichtkonfiguration: LED-Scheinwerfer, LED-Deckenleuchte, LED-Heck-Deckenleuchte<\/span><\/p>\n<p><span style=\"font-size:18px\">Fernbedienungsreichweite (m): \u2265120 m<\/span><\/p>\n<p><span style=\"font-size:18px\">Motor: B\u00fcrstenmotor: RC390 Hochgeschwindigkeits-Kohleb\u00fcrste mit starkem Magnetismus (Magnetschutz + K\u00fchlk\u00f6rper) B\u00fcrstenlos: 2847 b\u00fcrstenloser Motor (4000 KV-Wert)<\/span><\/p>\n<p><span style=\"font-size:18px\">Servo: B\u00fcrstenlos: F\u00fcnfdraht-Lenkservo 17G, b\u00fcrstenlos: Dreidraht-Digitalservo 17G<\/span><\/p>\n<p><span style=\"font-size:18px\">Radstandparameter: Radstand: 185 mm; Radstand: 188 mm; Raddurchmesser: 85 mm<\/span><\/p>\n<p><span style=\"font-size:18px\">Differentialstruktur: Planetengetriebedifferential<\/span><\/p>\n<p><\/p>\n<p><span style=\"font-size:18px\">Schutzfunktion: 1. Laden; 2. Blockieren; 3. Hohe Temperatur; 4. Niedriger Druck<\/span><\/p>\n<p><\/p>\n<p><\/p>\n<p><strong><span style=\"font-size:18px\">Funktion:<\/span><\/strong><\/p>\n<p><\/p>\n<p><span style=\"font-size:18px\">1. Durch die Verwendung eines Simulationsstrukturdesigns mit echtem Fahrzeugsteuerungsgef\u00fchl k\u00f6nnen eine vollst\u00e4ndig proportionale stufenlose Geschwindigkeit, Hochgeschwindigkeitsfahren, schnelles Beschleunigen, Abbremsen, Bremsen, R\u00fcckw\u00e4rtsfahren sowie Links- und Rechtsabbiegen erreicht werden.<\/span><\/p>\n<p><span style=\"font-size:18px\">2. Anwendbare Standorte: Ebene, Sand, Schlamm, Gras.<\/span><\/p>\n<p><span style=\"font-size:18px\">3. 4WD-Antrieb: Vorder- und Hinterachse mit aufrechter Federd\u00e4mpfung, Einzelradaufh\u00e4ngung mit Doppelquerlenkern.<\/span><\/p>\n<p><span style=\"font-size:18px\">4. Vollproportionales synchronisiertes 2,4-G-Fernsteuerungssystem. Vollproportionale Drosselklappe\/Lenkung.<\/span><\/p>\n<p><span style=\"font-size:18px\">5. 2,4G spritzwassergesch\u00fctzter, vierfach integrierter 30A-ESC\/Empf\u00e4nger.<\/span><\/p>\n<p><span style=\"font-size:18px\">6. Antriebswelle mit Kreuzkugelgelenk am Vorderrad, Antriebswelle mit geteiltem Knochen am Hinterrad.<\/span><\/p>\n<p><span style=\"font-size:18px\">7. F\u00fcnfadriges 17G-Servo.<\/span><\/p>\n<p><span style=\"font-size:18px\">8. Super-Batterieleistung: 7,4 V, 18650\u20131500\/1300 mAh Li-Ionen-Akku (T-Stecker), Entladerate 10 C.<\/span><\/p>\n<p><span style=\"font-size:18px\">9. Das ganze Auto mit 16 Kugellagern.<\/span><\/p>\n<p><span style=\"font-size:18px\">10. Zweite Bodenplatte aus Metall, vorderer und hinterer Armcode aus Metall, mittlere Antriebswelle aus Metall.<\/span><\/p>\n<p><span style=\"font-size:18px\">11. Die Schale besteht aus einer explosionsgesch\u00fctzten PVC-Schale mit hoher Z\u00e4higkeit.<\/span><\/p>\n<p><span style=\"font-size:18px\">12. Die Schale ist mit LED-Scheinwerfern, LED-Innenlicht und LED-R\u00fccklicht ausgestattet (drei Modi: Dauerlicht, langsames Blinken, schnelles Blinken).<\/span><\/p>\n<p><span style=\"font-size:18px\">13. Simulation von Offroad-Reifen, starker Grip.<\/span><\/p>\n<p><\/p>\n<p><\/p>\n<p><span style=\"font-size:18px\">Zubeh\u00f6r: 1) das ganze Auto; 2) Fernbedienung; 3) Chinesische und englische Anleitung; 4) Lithiumbatterie; 5) USB-Balance-Ladung; 6) Heck; 7) Head-Up-Rad; 8) Schnalle zur Sto\u00dfd\u00e4mpfereinstellung; 9) Metallstifte; 10) Sechskanth\u00fclse; 11) Beilage zur b\u00fcrstenlosen Version der Anleitung<\/span><\/p>\n<p><\/p>\n<p><\/p>\n<p><strong><span style=\"font-size:18px\">Bemerkung:<\/span><\/strong><\/p>\n<p><span style=\"font-size:18px\">1: Ladeschutz: Konstantstrom- und spannungsausgeglichenes Laden, Schutzfunktion gegen Batterie\u00fcberladung und \u00dcberstrom.<\/span><\/p>\n<p><span style=\"font-size:18px\">2: Motor-Blockierschutz: Der Motor stoppt bei \u00dcberlastung<\/span><\/p>\n<p><span style=\"font-size:18px\">3: Hochtemperaturschutz: Wenn die Arbeitstemperatur den eingestellten Wert \u00fcberschreitet, stoppt der Antriebssteuerkreis den Betrieb und nimmt den Betrieb wieder auf, nachdem die Temperatur auf einen sicheren Wert gefallen ist.<\/span><\/p>\n<p><span style=\"font-size:18px\">4: ESC-Abschaltfunktion bei niedriger Spannung, Batterie unter 6,3\u20136,4 V oder so, automatische Abschaltung, um eine Besch\u00e4digung der Batterie durch \u00dcberentladung zu verhindern. <\/span><\/p>\n<p><img decoding=\"async\" src=\"https:\/\/ae01.alicdn.com\/kf\/Se567db099fec4a92bd20ebfba3621e3bl.jpg?width=1000&amp;height=563&amp;hash=1563\" slate-data-type=\"image\"\/><img decoding=\"async\" src=\"https:\/\/ae01.alicdn.com\/kf\/S53c3d7c524304dd79a1886aa2584f3efC.jpg?width=1920&amp;height=1080&amp;hash=3000\" slate-data-type=\"image\"\/><img decoding=\"async\" src=\"https:\/\/ae01.alicdn.com\/kf\/S9510f83b39cc44f0bbdf6cedf30b7c3c9.jpg?width=1000&amp;height=563&amp;hash=1563\" slate-data-type=\"image\"\/><img decoding=\"async\" src=\"https:\/\/ae01.alicdn.com\/kf\/S9ef33f0694c14d4a9f811426034ff526f.jpg?width=1000&amp;height=1441&amp;hash=2441\" slate-data-type=\"image\"\/><img decoding=\"async\" src=\"https:\/\/ae01.alicdn.com\/kf\/S61f050d298fe420195142a9333e3f435u.jpg?width=1000&amp;height=1400&amp;hash=2400\" slate-data-type=\"image\"\/><img decoding=\"async\" src=\"https:\/\/ae01.alicdn.com\/kf\/S3c618fa993be4c0fb97db5009d3fde1fN.jpg?width=1000&amp;height=1405&amp;hash=2405\" slate-data-type=\"image\"\/><img decoding=\"async\" src=\"https:\/\/ae01.alicdn.com\/kf\/S4c644255151e434392918fb12bcefd9f1.jpg?width=1000&amp;height=1399&amp;hash=2399\" slate-data-type=\"image\"\/><img decoding=\"async\" src=\"https:\/\/ae01.alicdn.com\/kf\/Sa9ab599225c14e41a1e95825a3ebbf8de.jpg?width=1000&amp;height=1397&amp;hash=2397\" slate-data-type=\"image\"\/><img decoding=\"async\" src=\"https:\/\/ae01.alicdn.com\/kf\/Secd4dda439db4628abbe77ce4db4a9ebN.jpg?width=1000&amp;height=1404&amp;hash=2404\" slate-data-type=\"image\"\/><img decoding=\"async\" src=\"https:\/\/ae01.alicdn.com\/kf\/S47a9cbcfd5e54669bda823cf0ac5a039V.jpg?width=1000&amp;height=1397&amp;hash=2397\" slate-data-type=\"image\"\/><img decoding=\"async\" src=\"https:\/\/ae01.alicdn.com\/kf\/Sa76f77c19e0b47f4af0c3be2e78d05bfL.jpg?width=1000&amp;height=1397&amp;hash=2397\" slate-data-type=\"image\"\/><img decoding=\"async\" src=\"https:\/\/ae01.alicdn.com\/kf\/S77000bbb2bf94ed59306cab7def97382g.jpg?width=1000&amp;height=1397&amp;hash=2397\" slate-data-type=\"image\"\/><img decoding=\"async\" src=\"https:\/\/ae01.alicdn.com\/kf\/Scf3666ab514040df8464cccd282a6da95.jpg?width=1000&amp;height=1385&amp;hash=2385\" slate-data-type=\"image\"\/><img decoding=\"async\" src=\"https:\/\/ae01.alicdn.com\/kf\/S9e2e5d55c3424102a3f6b3137de8a594M.jpg?width=1000&amp;height=1449&amp;hash=2449\" slate-data-type=\"image\"\/><img decoding=\"async\" src=\"https:\/\/ae01.alicdn.com\/kf\/S4dfcff3ac53e4d67a744f11cc0708bd8C.jpg?width=1000&amp;height=1761&amp;hash=2761\" slate-data-type=\"image\"\/><img decoding=\"async\" src=\"https:\/\/ae01.alicdn.com\/kf\/S19fc1169693c44a399265a91c9455a2dz.jpg?width=1000&amp;height=1928&amp;hash=2928\" slate-data-type=\"image\"\/><img decoding=\"async\" src=\"https:\/\/ae01.alicdn.com\/kf\/S0ba84fbb3176483396415be9ef4133b3N.jpg?width=1000&amp;height=1080&amp;hash=2080\" slate-data-type=\"image\"\/><img decoding=\"async\" src=\"https:\/\/ae01.alicdn.com\/kf\/S2b682f577c8b494c92ac54f1aec56d32z.jpg?width=1000&amp;height=1639&amp;hash=2639\" slate-data-type=\"image\"\/><img decoding=\"async\" src=\"https:\/\/ae01.alicdn.com\/kf\/S6be2c491d0754d85b25534db2dce6db5E.jpg?width=1000&amp;height=1820&amp;hash=2820\" slate-data-type=\"image\"\/><img decoding=\"async\" src=\"https:\/\/ae01.alicdn.com\/kf\/Saa56d418672947e2bcbafa0cfc1120a1A.jpg?width=1000&amp;height=2258&amp;hash=3258\" slate-data-type=\"image\"\/><img decoding=\"async\" src=\"https:\/\/ae01.alicdn.com\/kf\/S66c5f994236b46929dbcfd1289e1eb141.jpg?width=1000&amp;height=1963&amp;hash=2963\" slate-data-type=\"image\"\/><img decoding=\"async\" src=\"https:\/\/ae01.alicdn.com\/kf\/S9299c24b12654ad5b0a25aec88462a69Y.jpg?width=1000&amp;height=2037&amp;hash=3037\" slate-data-type=\"image\"\/><img decoding=\"async\" src=\"https:\/\/ae01.alicdn.com\/kf\/S8ac5907d9f30484da270822a42d2822cR.jpg?width=1000&amp;height=2072&amp;hash=3072\" slate-data-type=\"image\"\/><img decoding=\"async\" src=\"https:\/\/ae01.alicdn.com\/kf\/Sd5f7a02f4e14434ba3f7335c9a267524K.jpg?width=1000&amp;height=1456&amp;hash=2456\" slate-data-type=\"image\"\/><img decoding=\"async\" src=\"https:\/\/ae01.alicdn.com\/kf\/S81362050aba64a44953c2ec135c0f34bu.jpg?width=1000&amp;height=2296&amp;hash=3296\" slate-data-type=\"image\"\/><img decoding=\"async\" src=\"https:\/\/ae01.alicdn.com\/kf\/S7e943d06e7304a77a66facc4ee541992N.jpg?width=1000&amp;height=1632&amp;hash=2632\" slate-data-type=\"image\"\/><img decoding=\"async\" src=\"https:\/\/ae01.alicdn.com\/kf\/S2c1f060449dc44078676b395f1db3487a.jpg?width=1000&amp;height=1120&amp;hash=2120\" slate-data-type=\"image\"\/><img decoding=\"async\" src=\"https:\/\/ae01.alicdn.com\/kf\/S96c2af7ccf384397a23d085c99f9152b2.jpg?width=1000&amp;height=1099&amp;hash=2099\" slate-data-type=\"image\"\/><img decoding=\"async\" src=\"https:\/\/ae01.alicdn.com\/kf\/S1a23ecc43dfa45f2b167e0d57a62586e3.jpg?width=1000&amp;height=1163&amp;hash=2163\" slate-data-type=\"image\"\/><img decoding=\"async\" src=\"https:\/\/ae01.alicdn.com\/kf\/Sc407db5976c144ccb639172761b2b061O.jpg?width=1000&amp;height=1203&amp;hash=2203\" slate-data-type=\"image\"\/><img decoding=\"async\" src=\"https:\/\/ae01.alicdn.com\/kf\/Sf1a233edfa63481685584aae710cd82fd.jpg?width=1000&amp;height=1495&amp;hash=2495\" slate-data-type=\"image\"\/><\/p>\n<p><\/div>\n<\/div>\n<p><\/p>","protected":false},"excerpt":{"rendered":"<p>Certificate Number:&nbsp;As Show CE:&nbsp;Certificate Is Electric:&nbsp;lithium battery Barcode:&nbsp;No Throttle servo:&nbsp;2847 brushless motor\/390 carbon brush strong magnetic motor Steering servo:&nbsp;Brushed: five-wire 17G steering servo \/ Brushless: three-wire 17G digi Power:&nbsp;70KM\/H or<\/p>","protected":false},"featured_media":25697,"comment_status":"open","ping_status":"closed","template":"","meta":{"_acf_changed":false},"product_brand":[],"product_cat":[519],"product_tag":[],"class_list":{"0":"post-25696","1":"product","2":"type-product","3":"status-publish","4":"has-post-thumbnail","6":"product_cat-rc-cars","8":"first","9":"instock","10":"shipping-taxable","11":"purchasable","12":"product-type-variable"},"acf":[],"_links":{"self":[{"href":"https:\/\/electricstore.eu\/de\/wp-json\/wp\/v2\/product\/25696","targetHints":{"allow":["GET"]}}],"collection":[{"href":"https:\/\/electricstore.eu\/de\/wp-json\/wp\/v2\/product"}],"about":[{"href":"https:\/\/electricstore.eu\/de\/wp-json\/wp\/v2\/types\/product"}],"replies":[{"embeddable":true,"href":"https:\/\/electricstore.eu\/de\/wp-json\/wp\/v2\/comments?post=25696"}],"wp:featuredmedia":[{"embeddable":true,"href":"https:\/\/electricstore.eu\/de\/wp-json\/wp\/v2\/media\/25697"}],"wp:attachment":[{"href":"https:\/\/electricstore.eu\/de\/wp-json\/wp\/v2\/media?parent=25696"}],"wp:term":[{"taxonomy":"product_brand","embeddable":true,"href":"https:\/\/electricstore.eu\/de\/wp-json\/wp\/v2\/product_brand?post=25696"},{"taxonomy":"product_cat","embeddable":true,"href":"https:\/\/electricstore.eu\/de\/wp-json\/wp\/v2\/product_cat?post=25696"},{"taxonomy":"product_tag","embeddable":true,"href":"https:\/\/electricstore.eu\/de\/wp-json\/wp\/v2\/product_tag?post=25696"}],"curies":[{"name":"wp","href":"https:\/\/api.w.org\/{rel}","templated":true}]}}