{"id":25643,"date":"2025-05-20T19:00:23","date_gmt":"2025-05-20T19:00:23","guid":{"rendered":"https:\/\/electricstore.eu\/p\/uncategorized\/wltoys-16101-4wd-remote-control-car-with-led-off-road-4x4-rc-50km-h-high-speed-buggy-truck-super-desert-racing-toy-kids-adults\/"},"modified":"2025-05-20T19:05:28","modified_gmt":"2025-05-20T19:05:28","slug":"wltoys-16101-4wd-remote-control-car-with-led-off-road-4x4-rc-50km-h-high-speed-buggy-truck-super-desert-racing-toy-kids-adults","status":"publish","type":"product","link":"https:\/\/electricstore.eu\/de\/p\/rc\/rc-cars\/wltoys-16101-4wd-remote-control-car-with-led-off-road-4x4-rc-50km-h-high-speed-buggy-truck-super-desert-racing-toy-kids-adults\/","title":{"rendered":"WLtoys 16101 4WD Ferngesteuertes Auto mit LED Offroad 4\u00d74 RC 50KM\/H Hochgeschwindigkeits-Buggy-Truck Super Desert Racing Spielzeug Kinder Erwachsene"},"content":{"rendered":"<div class=\"product-specs-list-container\">\n<ul class=\"product-specs-list util-clearfix\">\n<li class=\"product-prop line-limit-length\"><span\n                                        class=\"property-title\">Hochgef\u00e4hrliche Chemikalie:&nbsp;<\/span><span\n                                        class=\"property-desc line-limit-length\">Keiner<\/span>\n                            <\/li>\n<li class=\"product-prop line-limit-length\"><span\n                                        class=\"property-title\">Zertifikatsnummer:&nbsp;<\/span><span\n                                        class=\"property-desc line-limit-length\">Wie gezeigt<\/span>\n                            <\/li>\n<li class=\"product-prop line-limit-length\"><span\n                                        class=\"property-title\">CE:&nbsp;<\/span><span\n                                        class=\"property-desc line-limit-length\">Zertifikat<\/span>\n                            <\/li>\n<li class=\"product-prop line-limit-length\"><span\n                                        class=\"property-title\">Ist elektrisch:&nbsp;<\/span><span\n                                        class=\"property-desc line-limit-length\">Lithiumbatterie<\/span>\n                            <\/li>\n<li class=\"product-prop line-limit-length\"><span\n                                        class=\"property-title\">Barcode:&nbsp;<\/span><span\n                                        class=\"property-desc line-limit-length\">NEIN<\/span>\n                            <\/li>\n<li class=\"product-prop line-limit-length\"><span\n                                        class=\"property-title\">Gasservo:&nbsp;<\/span><span\n                                        class=\"property-desc line-limit-length\">Wie gezeigt<\/span>\n                            <\/li>\n<li class=\"product-prop line-limit-length\"><span\n                                        class=\"property-title\">Lenkservo:&nbsp;<\/span><span\n                                        class=\"property-desc line-limit-length\">5 Zeilen, 17 g<\/span>\n                            <\/li>\n<li class=\"product-prop line-limit-length\"><span\n                                        class=\"property-title\">Leistung:&nbsp;<\/span><span\n                                        class=\"property-desc line-limit-length\">RC390 Hochgeschwindigkeitsmotor<\/span>\n                            <\/li>\n<li class=\"product-prop line-limit-length\"><span\n                                        class=\"property-title\">Stand der Versammlung:&nbsp;<\/span><span\n                                        class=\"property-desc line-limit-length\">Sofort einsatzbereit<\/span>\n                            <\/li>\n<li class=\"product-prop line-limit-length\"><span\n                                        class=\"property-title\">Flugzeit:&nbsp;<\/span><span\n                                        class=\"property-desc line-limit-length\">15\u201318 Minuten (kontinuierliches Laufen mit voller Geschwindigkeit)<\/span>\n                            <\/li>\n<li class=\"product-prop line-limit-length\"><span\n                                        class=\"property-title\">Reifenspur:&nbsp;<\/span><span\n                                        class=\"property-desc line-limit-length\">172 mm<\/span>\n                            <\/li>\n<li class=\"product-prop line-limit-length\"><span\n                                        class=\"property-title\">Radstand:&nbsp;<\/span><span\n                                        class=\"property-desc line-limit-length\">185 mm<\/span>\n                            <\/li>\n<li class=\"product-prop line-limit-length\"><span\n                                        class=\"property-title\">Warnung:&nbsp;<\/span><span\n                                        class=\"property-desc line-limit-length\">Keiner<\/span>\n                            <\/li>\n<li class=\"product-prop line-limit-length\"><span\n                                        class=\"property-title\">Ferndistanz:&nbsp;<\/span><span\n                                        class=\"property-desc line-limit-length\">80 m<\/span>\n                            <\/li>\n<li class=\"product-prop line-limit-length\"><span\n                                        class=\"property-title\">Garantie:&nbsp;<\/span><span\n                                        class=\"property-desc line-limit-length\">Keiner<\/span>\n                            <\/li>\n<li class=\"product-prop line-limit-length\"><span\n                                        class=\"property-title\">Skala:&nbsp;<\/span><span\n                                        class=\"property-desc line-limit-length\">1:16<\/span>\n                            <\/li>\n<li class=\"product-prop line-limit-length\"><span\n                                        class=\"property-title\">Abmessungen:&nbsp;<\/span><span\n                                        class=\"property-desc line-limit-length\">32 x 20,5 x 14 cm<\/span>\n                            <\/li>\n<li class=\"product-prop line-limit-length\"><span\n                                        class=\"property-title\">Drehmoment:&nbsp;<\/span><span\n                                        class=\"property-desc line-limit-length\">Wie gezeigt<\/span>\n                            <\/li>\n<li class=\"product-prop line-limit-length\"><span\n                                        class=\"property-title\">Modellnummer:&nbsp;<\/span><span\n                                        class=\"property-desc line-limit-length\">S386<\/span>\n                            <\/li>\n<li class=\"product-prop line-limit-length\"><span\n                                        class=\"property-title\">Paket beinhaltet:&nbsp;<\/span><span\n                                        class=\"property-desc line-limit-length\">Batterien, Bedienungsanleitung, Fernbedienung, USB-Kabel<\/span>\n                            <\/li>\n<li class=\"product-prop line-limit-length\"><span\n                                        class=\"property-title\">Steuerkan\u00e4le:&nbsp;<\/span><span\n                                        class=\"property-desc line-limit-length\">4 Kan\u00e4le<\/span>\n                            <\/li>\n<li class=\"product-prop line-limit-length\"><span\n                                        class=\"property-title\">Controller-Modus:&nbsp;<\/span><span\n                                        class=\"property-desc line-limit-length\">MODE2<\/span>\n                            <\/li>\n<li class=\"product-prop line-limit-length\"><span\n                                        class=\"property-title\">Ladespannung:&nbsp;<\/span><span\n                                        class=\"property-desc line-limit-length\">5 V<\/span>\n                            <\/li>\n<li class=\"product-prop line-limit-length\"><span\n                                        class=\"property-title\">Fernbedienung:&nbsp;<\/span><span\n                                        class=\"property-desc line-limit-length\">Ja<\/span>\n                            <\/li>\n<li class=\"product-prop line-limit-length\"><span\n                                        class=\"property-title\">Material:&nbsp;<\/span><span\n                                        class=\"property-desc line-limit-length\">Metall, Kunststoff<\/span>\n                            <\/li>\n<li class=\"product-prop line-limit-length\"><span\n                                        class=\"property-title\">Markenname:&nbsp;<\/span><span\n                                        class=\"property-desc line-limit-length\">WDSZKMYF<\/span>\n                            <\/li>\n<li class=\"product-prop line-limit-length\"><span\n                                        class=\"property-title\">Empfohlenes Alter:&nbsp;<\/span><span\n                                        class=\"property-desc line-limit-length\">14+ Jahre<\/span>\n                            <\/li>\n<li class=\"product-prop line-limit-length\"><span\n                                        class=\"property-title\">Herkunft:&nbsp;<\/span><span\n                                        class=\"property-desc line-limit-length\">Festlandchina<\/span>\n                            <\/li>\n<li class=\"product-prop line-limit-length\"><span\n                                        class=\"property-title\">Design:&nbsp;<\/span><span\n                                        class=\"property-desc line-limit-length\">Dirtbike<\/span>\n                            <\/li>\n<li class=\"product-prop line-limit-length\"><span\n                                        class=\"property-title\">Typ:&nbsp;<\/span><span\n                                        class=\"property-desc line-limit-length\">Auto<\/span>\n                            <\/li>\n<li class=\"product-prop line-limit-length\"><span\n                                        class=\"property-title\">Merkmale:&nbsp;<\/span><span\n                                        class=\"property-desc line-limit-length\">FERNBEDIENUNG<\/span>\n                            <\/li>\n<\/ul><\/div>\n<div class=\"detailmodule_html\">\n<div class=\"detail-desc-decorate-richtext\">\n<div><span style=\"color:rgba(244,78,59,255)\"><strong>Lieber Freund, du kannst zwischen einem Einzelakku oder einem Doppelakku w\u00e4hlen.<br \/><\/strong><\/span><\/div>\n<p><strong><span style=\"color:rgb(0, 0, 0)\">Fragen und Antworten<\/span><\/strong><\/p>\n<p><span style=\"color:rgb(0, 0, 0)\">Frage 1: Warum sind die Reifen des ferngesteuerten Autos ungesch\u00fctzt?<\/span><\/p>\n<p><span style=\"color:rgb(0, 0, 0)\">A: [Spezielles Design] Der Zehengriff ist stark und verhindert ein leichtes Abdriften, was zur Verbesserung der Stabilit\u00e4t des Fahrzeugs und des Reifengrips in Kurven beitr\u00e4gt.<\/span><\/p>\n<p><span style=\"color:rgb(0, 0, 0)\">Frage 2: Wie kann die Reifenneigung des ferngesteuerten Autos eingestellt werden?<\/span><\/p>\n<p><span style=\"color:rgb(0, 0, 0)\">A: Das kann \u00fcber die Feineinstellungs- und Gasfeineinstellungskn\u00f6pfe der Fernbedienung eingestellt werden.<\/span><\/p>\n<p><span style=\"color:rgb(0, 0, 0)\">Frage 3: Was soll ich tun, wenn ich mein Zubeh\u00f6r nicht finden kann?<\/span><\/p>\n<p><span style=\"color:rgb(0, 0, 0)\">A: Bitte \u00fcberpr\u00fcfen Sie zun\u00e4chst das Paket sorgf\u00e4ltig. Sollten Sie es nicht finden, bitten wir Sie, uns ein vollst\u00e4ndiges Unboxing-Video zur Verf\u00fcgung zu stellen. Wir werden dieses Problem dann mit unserem Lager kl\u00e4ren und Ihnen eine entsprechende L\u00f6sung anbieten.<\/span><\/p>\n<p><span style=\"color:rgb(0, 0, 0)\">Frage 4: F: Was soll ich tun, wenn nach dem Kauf Probleme auftreten?<\/span><\/p>\n<p><span style=\"color:rgb(0, 0, 0)\">A: Seien Sie versichert, dass wir Ihnen bei Problemen jederzeit zur Verf\u00fcgung stehen, um Ihr Problem schnellstm\u00f6glich und professionell zu l\u00f6sen. Ihre Fragen werden innerhalb von 24 Stunden beantwortet.<\/span><\/p>\n<p><span style=\"color:rgb(0, 0, 0)\">Frage 5: Was soll ich tun, wenn meine Fernbedienung keine Verbindung zum RC herstellen kann?<\/span><\/p>\n<p><span style=\"color:rgb(0, 0, 0)\">A: Bitte stellen Sie sicher, dass der Akku vollst\u00e4ndig geladen ist. Koppeln Sie anschlie\u00dfend das Spielzeugauto und die Fernbedienung manuell. Details zum Koppeln des Spielzeugautos finden Sie in der Bedienungsanleitung. Sie k\u00f6nnen die Spannung der Hauptplatine \u00fcberpr\u00fcfen, um die Fehlerursache zu ermitteln.<\/span><\/p>\n<p><span style=\"color:rgb(0, 0, 0)\">Frage 6: Was soll ich tun, wenn sich das Spielzeugauto nach dem Anschluss der Fernbedienung an die RC-Anlage zwar drehen, aber weder vorw\u00e4rts noch r\u00fcckw\u00e4rts bewegen kann?<\/span><\/p>\n<p><span style=\"color:rgb(0, 0, 0)\">A: Bitte pr\u00fcfen Sie zun\u00e4chst, ob der Akku vollst\u00e4ndig geladen ist, und testen Sie dann die Spannung an Motherboard und Motor, um die Fehlerursache zu ermitteln.<\/span><\/p>\n<p><span style=\"background-color:rgb(252, 220, 0);color:rgb(244, 78, 59)\"><strong>NOTIZ :<\/strong><\/span><\/p>\n<p><span style=\"color:rgb(244, 78, 59)\">1. Die ideale Geschwindigkeit des SCY-16106 betr\u00e4gt 50 km\/h, die tats\u00e4chliche Geschwindigkeit wird jedoch von anderen Faktoren wie dem Standort beeinflusst. Die tats\u00e4chliche Geschwindigkeit des SCY-16106 betr\u00e4gt etwa 38 km\/h.<\/span><\/p>\n<p><span style=\"color:rgb(244, 78, 59)\">2. Die Einzelhandelsverpackung besteht aus Schaumstoff, um Transportsch\u00e4den zu vermeiden. Originalverpackungen sind nicht im Lieferumfang enthalten.<\/span><\/p>\n<p><strong>Bitte beachten Sie beim Umgang mit dem Akku:<\/strong><\/p>\n<p>Bitte entnehmen Sie nach Erhalt des Produkts den Akku, laden Sie ihn auf und verwenden Sie das Produkt erst nach dem Aufladen.<\/p>\n<p>1. Wenn der Akku leer ist, muss er rechtzeitig aufgeladen werden, um sicherzustellen, dass der Akku \u00fcber \u00fcbersch\u00fcssige Leistung verf\u00fcgt. Wenn der Akku vollst\u00e4ndig leer ist, kann er nicht aufgeladen werden<\/p>\n<p>2. Trennen Sie beim Laden des Akkus die Verbindung zum ferngesteuerten Auto. Nehmen Sie den Akku unbedingt heraus, um ihn separat aufzuladen<\/p>\n<p>3. Wenn Sie das ferngesteuerte Auto nicht verwenden, trennen Sie bitte die Batterie vom Kabel des ferngesteuerten Autos, schlie\u00dfen Sie sie auf keinen Fall an und laden Sie die Batterie vollst\u00e4ndig auf, da sie sonst besch\u00e4digt wird.<\/p>\n<p>4. Link zum Kauf der Batterie: https:\/\/www.aliexpress.us\/item\/3256805004857810.html?spm=5261.ProductManageOnline.0.0.65ca4edfQ08pDK&amp;gatewayAdapt=glo2usa4itemAdapt&amp;_randl_shipto=US<\/p>\n<p><strong>Wir empfehlen Ihnen: Sehen Sie sich das Video an und lesen Sie unsere Beschreibung sorgf\u00e4ltig durch, bevor Sie kaufen.<\/strong><\/p>\n<p>Artikelname: SCY-16106<\/p>\n<p>Gr\u00f6\u00dfe: 32 x 20,5 x 14 cm<\/p>\n<p>H\u00f6chstgeschwindigkeit: 50 km\/h<\/p>\n<p>Akku: 7,4 V 1300 mAh<\/p>\n<p>Antriebsmotor: RC390 Hochgeschwindigkeits-Kohleb\u00fcrstenmotor mit starkem Magnetantrieb (Magnetschutz + K\u00fchlk\u00f6rper)<\/p>\n<p>Arbeitszeit: 15-18 Minuten<\/p>\n<p><strong>Merkmale<\/strong><\/p>\n<p>1. Durch die Verwendung einer Simulationsstruktur mit realistischem Fahrgef\u00fchl wird eine stufenlose Geschwindigkeitsregelung, Hochgeschwindigkeitsfahrten, schnelles Beschleunigen, Verz\u00f6gern, Bremsen, R\u00fcckw\u00e4rtsfahren, Linkskurven und Rechtskurven erm\u00f6glicht.<\/p>\n<p>2. Geeignete Standorte: Flachland, Sand, Schlamm, Gras.<\/p>\n<p>3. 4WD-Antrieb: Vorder- und Hinterachse mit aufrechter Federd\u00e4mpfung, Einzelradaufh\u00e4ngung mit Doppelquerlenkern.<\/p>\n<p>4. Vollproportionales synchronisiertes 2,4-G-Fernsteuerungssystem. Vollproportionale Drosselklappe\/Lenkung.<\/p>\n<p>5. 2,4G spritzwassergesch\u00fctzter, vierfach integrierter 30A-ESC\/Empf\u00e4nger.<\/p>\n<p>6. Antriebswelle mit Kreuzkugelgelenk am Vorderrad, Antriebswelle mit geteiltem Knochen am Hinterrad.<\/p>\n<p>7. F\u00fcnfadriges 17G-Servo.<\/p>\n<p>8. Super Akkuleistung: 7,4 V, 18650-1300 mAh Li-Ionen-Akku (T-Stecker), Entladerate 10C.<\/p>\n<p>9. 16 Kugellager im gesamten Fahrzeug.<\/p>\n<p>10. Metallene zweite Bodenplatte, metallene vordere und hintere Armcodierung, metallene Mittelantriebswelle.<\/p>\n<p>Die H\u00fclle besteht aus einer hochfesten, explosionsgesch\u00fctzten PVC-H\u00fclle und einem hochfesten, kippsicheren Skelett.<\/p>\n<p>11. Die Karosserie ist mit LED-Scheinwerfern, LED-Dachscheinwerfern und LED-Dachr\u00fcckleuchten ausgestattet; (drei Modi: Dauerlicht, langsames Blinken, schnelles Blinken)<\/p>\n<p>12. Simulation von Offroad-Reifen, starker Grip.<\/p>\n<p><img decoding=\"async\" src=\"https:\/\/ae01.alicdn.com\/kf\/Sb380b75922034046853d0a7e094248631.jpg?width=1000&amp;height=1441&amp;hash=2441\" slate-data-type=\"image\"\/><img decoding=\"async\" src=\"https:\/\/ae01.alicdn.com\/kf\/S78e5fd6623c448abb866844b09f51dd8P.jpg?width=1000&amp;height=1400&amp;hash=2400\" slate-data-type=\"image\"\/><img decoding=\"async\" src=\"https:\/\/ae01.alicdn.com\/kf\/S74cf5551c3dd46c589b1000e469d8ef5L.jpg?width=1000&amp;height=1405&amp;hash=2405\" slate-data-type=\"image\"\/><img decoding=\"async\" src=\"https:\/\/ae01.alicdn.com\/kf\/Sfd93e3740d334489b426303a395c52fdF.jpg?width=1000&amp;height=1399&amp;hash=2399\" slate-data-type=\"image\"\/><img decoding=\"async\" src=\"https:\/\/ae01.alicdn.com\/kf\/S15141754318b454c8825f46c5c420e8eX.jpg?width=1000&amp;height=1397&amp;hash=2397\" slate-data-type=\"image\"\/><img decoding=\"async\" src=\"https:\/\/ae01.alicdn.com\/kf\/S8a29c57ba47f48119928241c8f39c157o.jpg?width=1000&amp;height=1404&amp;hash=2404\" slate-data-type=\"image\"\/><img decoding=\"async\" src=\"https:\/\/ae01.alicdn.com\/kf\/Sf773cc710b8048e7b73a0c365d81e1b9q.jpg?width=1000&amp;height=1397&amp;hash=2397\" slate-data-type=\"image\"\/><img decoding=\"async\" src=\"https:\/\/ae01.alicdn.com\/kf\/Sab54b4a3686744f384dac0714f51e72fp.jpg?width=1000&amp;height=1799&amp;hash=2799\" slate-data-type=\"image\"\/><img decoding=\"async\" src=\"https:\/\/ae01.alicdn.com\/kf\/Sf734bd064e4f49619411c9f6f2252e4aP.jpg?width=1000&amp;height=1944&amp;hash=2944\" slate-data-type=\"image\"\/><img decoding=\"async\" src=\"https:\/\/ae01.alicdn.com\/kf\/Sa384ea5a78c24d49988ad89359e9b23aT.jpg?width=1000&amp;height=1677&amp;hash=2677\" slate-data-type=\"image\"\/><img decoding=\"async\" src=\"https:\/\/ae01.alicdn.com\/kf\/S5852843b625748a3a014ae5d00f4cc382.jpg?width=1000&amp;height=1851&amp;hash=2851\" slate-data-type=\"image\"\/><img decoding=\"async\" src=\"https:\/\/ae01.alicdn.com\/kf\/Sd8fd64d2b79441c8b7e3c339ee2f311bk.jpg?width=1000&amp;height=2209&amp;hash=3209\" slate-data-type=\"image\"\/><img decoding=\"async\" src=\"https:\/\/ae01.alicdn.com\/kf\/S4f92581c5f844f238eaf4e54b6144661I.jpg?width=1000&amp;height=2011&amp;hash=3011\" slate-data-type=\"image\"\/><img decoding=\"async\" src=\"https:\/\/ae01.alicdn.com\/kf\/S71ffc064cc14406a985585e5361a096cF.jpg?width=1000&amp;height=2039&amp;hash=3039\" slate-data-type=\"image\"\/><img decoding=\"async\" src=\"https:\/\/ae01.alicdn.com\/kf\/S9af29e92d1594a22ac323d1aca4530298.jpg?width=1000&amp;height=1886&amp;hash=2886\" slate-data-type=\"image\"\/><img decoding=\"async\" src=\"https:\/\/ae01.alicdn.com\/kf\/S687e21b96c734a3fa6d1bdda5e1eac80p.jpg?width=1000&amp;height=1616&amp;hash=2616\" slate-data-type=\"image\"\/><img decoding=\"async\" src=\"https:\/\/ae01.alicdn.com\/kf\/S692b55ae25dd4471a1f128ff2de7a0c43.jpg?width=1000&amp;height=2206&amp;hash=3206\" slate-data-type=\"image\"\/><img decoding=\"async\" src=\"https:\/\/ae01.alicdn.com\/kf\/S8a740a41cc01481598e908eae186adbfl.jpg?width=1000&amp;height=1265&amp;hash=2265\" slate-data-type=\"image\"\/><img decoding=\"async\" src=\"https:\/\/ae01.alicdn.com\/kf\/Sdcc86a84a58743c99171b3abeabd13aam.jpg?width=1000&amp;height=1156&amp;hash=2156\" slate-data-type=\"image\"\/><img decoding=\"async\" src=\"https:\/\/ae01.alicdn.com\/kf\/Sf6f0ef33372b4f4896805a193b5b1c14Y.jpg?width=1000&amp;height=1097&amp;hash=2097\" slate-data-type=\"image\"\/><img decoding=\"async\" src=\"https:\/\/ae01.alicdn.com\/kf\/S86e992edd3a54719ac9b4d504e2eb39e9.jpg?width=1000&amp;height=1162&amp;hash=2162\" slate-data-type=\"image\"\/><img decoding=\"async\" src=\"https:\/\/ae01.alicdn.com\/kf\/S7d53844b6e82444faca8781650a8ff74F.jpg?width=1000&amp;height=1197&amp;hash=2197\" slate-data-type=\"image\"\/><img decoding=\"async\" src=\"https:\/\/ae01.alicdn.com\/kf\/S0cd8f57d7dd14de19cb293da8455b1c01.jpg?width=1000&amp;height=1500&amp;hash=2500\" slate-data-type=\"image\"\/><\/p>\n<div>\n<\/div>\n<div><\/div>\n<\/div>\n<\/div>\n<p><\/p>","protected":false},"excerpt":{"rendered":"<p>Hign-concerned Chemical:&nbsp;None Certificate Number:&nbsp;As Show CE:&nbsp;Certificate Is Electric:&nbsp;lithium battery Barcode:&nbsp;No Throttle servo:&nbsp;As Show Steering servo:&nbsp;5 lines,17g Power:&nbsp;RC390 high-speed motor State of Assembly:&nbsp;Ready-to-Go Flight Time:&nbsp;15-18 minutes (continuous full speed running) Tire<\/p>","protected":false},"featured_media":25644,"comment_status":"open","ping_status":"closed","template":"","meta":{"_acf_changed":false},"product_brand":[],"product_cat":[519],"product_tag":[],"class_list":{"0":"post-25643","1":"product","2":"type-product","3":"status-publish","4":"has-post-thumbnail","6":"product_cat-rc-cars","8":"first","9":"instock","10":"shipping-taxable","11":"purchasable","12":"product-type-variable"},"acf":[],"_links":{"self":[{"href":"https:\/\/electricstore.eu\/de\/wp-json\/wp\/v2\/product\/25643","targetHints":{"allow":["GET"]}}],"collection":[{"href":"https:\/\/electricstore.eu\/de\/wp-json\/wp\/v2\/product"}],"about":[{"href":"https:\/\/electricstore.eu\/de\/wp-json\/wp\/v2\/types\/product"}],"replies":[{"embeddable":true,"href":"https:\/\/electricstore.eu\/de\/wp-json\/wp\/v2\/comments?post=25643"}],"wp:featuredmedia":[{"embeddable":true,"href":"https:\/\/electricstore.eu\/de\/wp-json\/wp\/v2\/media\/25644"}],"wp:attachment":[{"href":"https:\/\/electricstore.eu\/de\/wp-json\/wp\/v2\/media?parent=25643"}],"wp:term":[{"taxonomy":"product_brand","embeddable":true,"href":"https:\/\/electricstore.eu\/de\/wp-json\/wp\/v2\/product_brand?post=25643"},{"taxonomy":"product_cat","embeddable":true,"href":"https:\/\/electricstore.eu\/de\/wp-json\/wp\/v2\/product_cat?post=25643"},{"taxonomy":"product_tag","embeddable":true,"href":"https:\/\/electricstore.eu\/de\/wp-json\/wp\/v2\/product_tag?post=25643"}],"curies":[{"name":"wp","href":"https:\/\/api.w.org\/{rel}","templated":true}]}}