{"id":25506,"date":"2025-05-20T18:59:41","date_gmt":"2025-05-20T18:59:41","guid":{"rendered":"https:\/\/electricstore.eu\/p\/uncategorized\/vevor-epp-foam-rc-plane-2-4g-3ch-radio-control-aircraft-sea-and-air-rc-glider-water-land-flying-airplane-toys-gift-for-boys\/"},"modified":"2025-05-20T19:03:40","modified_gmt":"2025-05-20T19:03:40","slug":"vevor-epp-foam-rc-plane-2-4g-3ch-radio-control-aircraft-sea-and-air-rc-glider-water-land-flying-airplane-toys-gift-for-boys","status":"publish","type":"product","link":"https:\/\/electricstore.eu\/de\/p\/rc\/rc-cars\/vevor-epp-foam-rc-plane-2-4g-3ch-radio-control-aircraft-sea-and-air-rc-glider-water-land-flying-airplane-toys-gift-for-boys\/","title":{"rendered":"VEVOR RC-Flugzeug aus EPP-Schaum, 2,4\u00a0G, 3-Kanal-Funksteuerung, See- und Luft-RC-Segelflugzeug, Wasser- und Landflugzeug, Spielzeug, Geschenk f\u00fcr Jungen"},"content":{"rendered":"<div class=\"product-specs-list-container\">\n<ul class=\"product-specs-list util-clearfix\">\n<li class=\"product-prop line-limit-length\"><span\n                                        class=\"property-title\">Hochgef\u00e4hrliche Chemikalie:&nbsp;<\/span><span\n                                        class=\"property-desc line-limit-length\">Keiner<\/span>\n                            <\/li>\n<li class=\"product-prop line-limit-length\"><span\n                                        class=\"property-title\">Ist elektrisch:&nbsp;<\/span><span\n                                        class=\"property-desc line-limit-length\">Keine Batterie<\/span>\n                            <\/li>\n<li class=\"product-prop line-limit-length\"><span\n                                        class=\"property-title\">Windschutzf\u00e4higkeit:&nbsp;<\/span><span\n                                        class=\"property-desc line-limit-length\">Ja<\/span>\n                            <\/li>\n<li class=\"product-prop line-limit-length\"><span\n                                        class=\"property-title\">Drohnengewicht:&nbsp;<\/span><span\n                                        class=\"property-desc line-limit-length\">\/<\/span>\n                            <\/li>\n<li class=\"product-prop line-limit-length\"><span\n                                        class=\"property-title\">Startgewicht:&nbsp;<\/span><span\n                                        class=\"property-desc line-limit-length\">\/<\/span>\n                            <\/li>\n<li class=\"product-prop line-limit-length\"><span\n                                        class=\"property-title\">Transitzeit (Tage):&nbsp;<\/span><span\n                                        class=\"property-desc line-limit-length\">\/<\/span>\n                            <\/li>\n<li class=\"product-prop line-limit-length\"><span\n                                        class=\"property-title\">Videoaufnahmeaufl\u00f6sung:&nbsp;<\/span><span\n                                        class=\"property-desc line-limit-length\">andere<\/span>\n                            <\/li>\n<li class=\"product-prop line-limit-length\"><span\n                                        class=\"property-title\">Bedienerqualifikationsniveau:&nbsp;<\/span><span\n                                        class=\"property-desc line-limit-length\">Anf\u00e4nger<\/span>\n                            <\/li>\n<li class=\"product-prop line-limit-length\"><span\n                                        class=\"property-title\">F\u00fcr den Innen- und Au\u00dfenbereich geeignet:&nbsp;<\/span><span\n                                        class=\"property-desc line-limit-length\">Im Freien<\/span>\n                            <\/li>\n<li class=\"product-prop line-limit-length\"><span\n                                        class=\"property-title\">Kamerahalterungstyp:&nbsp;<\/span><span\n                                        class=\"property-desc line-limit-length\">andere<\/span>\n                            <\/li>\n<li class=\"product-prop line-limit-length\"><span\n                                        class=\"property-title\">Barcode:&nbsp;<\/span><span\n                                        class=\"property-desc line-limit-length\">NEIN<\/span>\n                            <\/li>\n<li class=\"product-prop line-limit-length\"><span\n                                        class=\"property-title\">Modellnummer:&nbsp;<\/span><span\n                                        class=\"property-desc line-limit-length\">Z62<\/span>\n                            <\/li>\n<li class=\"product-prop line-limit-length\"><span\n                                        class=\"property-title\">Controller-Modus:&nbsp;<\/span><span\n                                        class=\"property-desc line-limit-length\">MODUS 1<\/span>\n                            <\/li>\n<li class=\"product-prop line-limit-length\"><span\n                                        class=\"property-title\">Flugzeit:&nbsp;<\/span><span\n                                        class=\"property-desc line-limit-length\">10~20<\/span>\n                            <\/li>\n<li class=\"product-prop line-limit-length\"><span\n                                        class=\"property-title\">Steuerkan\u00e4le:&nbsp;<\/span><span\n                                        class=\"property-desc line-limit-length\">3 Kan\u00e4le<\/span>\n                            <\/li>\n<li class=\"product-prop line-limit-length\"><span\n                                        class=\"property-title\">Controller-Batterie:&nbsp;<\/span><span\n                                        class=\"property-desc line-limit-length\">3*AAA (nicht enthalten)<\/span>\n                            <\/li>\n<li class=\"product-prop line-limit-length\"><span\n                                        class=\"property-title\">Ferndistanz:&nbsp;<\/span><span\n                                        class=\"property-desc line-limit-length\">150 m<\/span>\n                            <\/li>\n<li class=\"product-prop line-limit-length\"><span\n                                        class=\"property-title\">Ladezeit:&nbsp;<\/span><span\n                                        class=\"property-desc line-limit-length\">90 Minuten<\/span>\n                            <\/li>\n<li class=\"product-prop line-limit-length\"><span\n                                        class=\"property-title\">Ladespannung:&nbsp;<\/span><span\n                                        class=\"property-desc line-limit-length\">5 V<\/span>\n                            <\/li>\n<li class=\"product-prop line-limit-length\"><span\n                                        class=\"property-title\">Stromquelle:&nbsp;<\/span><span\n                                        class=\"property-desc line-limit-length\">Elektrisch<\/span>\n                            <\/li>\n<li class=\"product-prop line-limit-length\"><span\n                                        class=\"property-title\">Fernbedienung:&nbsp;<\/span><span\n                                        class=\"property-desc line-limit-length\">Ja<\/span>\n                            <\/li>\n<li class=\"product-prop line-limit-length\"><span\n                                        class=\"property-title\">Paket beinhaltet:&nbsp;<\/span><span\n                                        class=\"property-desc line-limit-length\">Fernbedienung<\/span>\n                            <\/li>\n<li class=\"product-prop line-limit-length\"><span\n                                        class=\"property-title\">Material:&nbsp;<\/span><span\n                                        class=\"property-desc line-limit-length\">Plastik<\/span>\n                            <\/li>\n<li class=\"product-prop line-limit-length\"><span\n                                        class=\"property-title\">Merkmale:&nbsp;<\/span><span\n                                        class=\"property-desc line-limit-length\">andere<\/span>\n                            <\/li>\n<li class=\"product-prop line-limit-length\"><span\n                                        class=\"property-title\">Empfohlenes Alter:&nbsp;<\/span><span\n                                        class=\"property-desc line-limit-length\">14+ Jahre<\/span>\n                            <\/li>\n<li class=\"product-prop line-limit-length\"><span\n                                        class=\"property-title\">Herkunft:&nbsp;<\/span><span\n                                        class=\"property-desc line-limit-length\">Festlandchina<\/span>\n                            <\/li>\n<li class=\"product-prop line-limit-length\"><span\n                                        class=\"property-title\">Luftaufnahmen:&nbsp;<\/span><span\n                                        class=\"property-desc line-limit-length\">NEIN<\/span>\n                            <\/li>\n<li class=\"product-prop line-limit-length\"><span\n                                        class=\"property-title\">Typ:&nbsp;<\/span><span\n                                        class=\"property-desc line-limit-length\">Flugzeug<\/span>\n                            <\/li>\n<li class=\"product-prop line-limit-length\"><span\n                                        class=\"property-title\">Marke:&nbsp;<\/span><span\n                                        class=\"property-desc line-limit-length\">VEVOR<\/span>\n                            <\/li>\n<li class=\"product-prop line-limit-length\"><span\n                                        class=\"property-title\">Typ:&nbsp;<\/span><span\n                                        class=\"property-desc line-limit-length\">RC-Flugzeug<\/span>\n                            <\/li>\n<li class=\"product-prop line-limit-length\"><span\n                                        class=\"property-title\">Design:&nbsp;<\/span><span\n                                        class=\"property-desc line-limit-length\">Amphibisch<\/span>\n                            <\/li>\n<li class=\"product-prop line-limit-length\"><span\n                                        class=\"property-title\">Propellermaterial:&nbsp;<\/span><span\n                                        class=\"property-desc line-limit-length\">ABS<\/span>\n                            <\/li>\n<li class=\"product-prop line-limit-length\"><span\n                                        class=\"property-title\">K\u00f6rpermaterial:&nbsp;<\/span><span\n                                        class=\"property-desc line-limit-length\">EPP<\/span>\n                            <\/li>\n<li class=\"product-prop line-limit-length\"><span\n                                        class=\"property-title\">Kapazit\u00e4t einer einzelnen Batterie:&nbsp;<\/span><span\n                                        class=\"property-desc line-limit-length\">800 mAh<\/span>\n                            <\/li>\n<li class=\"product-prop line-limit-length\"><span\n                                        class=\"property-title\">Funktion:&nbsp;<\/span><span\n                                        class=\"property-desc line-limit-length\">Dreifl\u00fcglerisch zu Wasser, zu Land und in der Luft, 2-Gang<\/span>\n                            <\/li>\n<li class=\"product-prop line-limit-length\"><span\n                                        class=\"property-title\">Farbe:&nbsp;<\/span><span\n                                        class=\"property-desc line-limit-length\">Wei\u00df<\/span>\n                            <\/li>\n<\/ul><\/div>\n<div class=\"detailmodule_html\">\n<div class=\"detail-desc-decorate-richtext\">\n<div style=\"font-family:&quot;Open sans&quot;, Arial, Helvetica, sans-serif\">\n<div><img decoding=\"async\" style=\"width:100%\" width=\"100%\" src=\"https:\/\/d2qc09rl1gfuof.cloudfront.net\/vevor\/boutique-banner\/pc\/banner-en.jpg\" slate-data-type=\"image\"\/><\/div>\n<div>\n<div style=\"font-size:16px;font-weight:bold;text-align:center;color:rgb(34, 34, 34);margin:24px 0px;margin-bottom:24px;margin-top:24px;margin-left:0px;margin-right:0px\" align=\"center\">VEVOR RC-Flugzeug \u2013 Beherrsche den Himmel mit Spa\u00df<\/div>\n<div><img decoding=\"async\" style=\"width:100%\" width=\"100%\" src=\"https:\/\/d2qc09rl1gfuof.cloudfront.net\/product\/YKFJLTD2532CRJINZ\/rc-airplane-a100-1.4-pt.jpg\" slate-data-type=\"image\"\/><\/div>\n<div style=\"font-size:14px;text-align:center;color:rgb(34, 34, 34);margin:16px 0px 24px;margin-bottom:24px;margin-top:16px;margin-left:0px;margin-right:0px\" align=\"center\">Wir pr\u00e4sentieren ein ferngesteuertes Flugzeug f\u00fcr gemeinsamen Flugspa\u00df mit Gro\u00df und Klein. Es ist kinderleicht zu fliegen \u2013 Kinder steuern es schon nach wenigen Stunden \u00dcbung souver\u00e4n. Das realistische Design sorgt f\u00fcr noch mehr Flugvergn\u00fcgen.<\/div>\n<\/div>\n<div>\n<div style=\"margin:8px 0px;margin-bottom:8px;margin-top:8px;margin-left:0px;margin-right:0px\"><img decoding=\"async\" style=\"width:100%\" width=\"100%\" src=\"https:\/\/d2qc09rl1gfuof.cloudfront.net\/product\/YKFJLTD2532CRJINZ\/rc-airplane-a100-2.2-pt.jpg\" slate-data-type=\"image\"\/><\/div>\n<div style=\"font-size:14px;text-align:center;color:rgb(34, 34, 34);margin:16px 0px 24px;margin-bottom:24px;margin-top:16px;margin-left:0px;margin-right:0px\" align=\"center\">Steuern Sie Ihr RC-Flugzeug mit der kabellosen Fernsteuerung \u2013 m\u00fchelos nach links, rechts, oben und unten. Dank der 2,4-GHz-Frequenz genie\u00dfen Sie eine zuverl\u00e4ssige Verbindung bis zu 150 m Reichweite und erleben st\u00f6rungsfreie Fl\u00fcge \u2013 perfekt f\u00fcr Piloten jeden Alters.<\/div>\n<\/div>\n<div>\n<div style=\"margin:8px 0px;margin-bottom:8px;margin-top:8px;margin-left:0px;margin-right:0px\"><img decoding=\"async\" style=\"width:100%\" width=\"100%\" src=\"https:\/\/d2qc09rl1gfuof.cloudfront.net\/product\/YKFJLTD2532CRJINZ\/rc-airplane-a100-2.3-pt.jpg\" slate-data-type=\"image\"\/><\/div>\n<div style=\"font-size:14px;text-align:center;color:rgb(34, 34, 34);margin:16px 0px 24px;margin-bottom:24px;margin-top:16px;margin-left:0px;margin-right:0px\" align=\"center\">Unser ferngesteuertes Flugzeug fliegt mit den zwei mitgelieferten Akkus\u00e4tzen l\u00e4nger. Wechseln Sie die Akkus einfach aus und erleben Sie ununterbrochenen Flugspa\u00df ohne h\u00e4ufiges Aufladen oder lange Ausfallzeiten.<\/div>\n<\/div>\n<div>\n<div style=\"margin:8px 0px;margin-bottom:8px;margin-top:8px;margin-left:0px;margin-right:0px\"><img decoding=\"async\" style=\"width:100%\" width=\"100%\" src=\"https:\/\/d2qc09rl1gfuof.cloudfront.net\/product\/YKFJLTD2532CRJINZ\/rc-airplane-a100-2.4-pt.jpg\" slate-data-type=\"image\"\/><\/div>\n<div style=\"font-size:14px;text-align:center;color:rgb(34, 34, 34);margin:16px 0px 24px;margin-bottom:24px;margin-top:16px;margin-left:0px;margin-right:0px\" align=\"center\">Starts gelingen kinderleicht. Einfach die Fernbedienung mit einer Hand greifen, Gas geben und das ferngesteuerte Flugzeug geradeaus starten. Oder: Auf einer glatten Oberfl\u00e4che platzieren, f\u00fcr einen 10-Meter-Gleitflug Gas geben und zusehen, wie es abhebt.<\/div>\n<\/div>\n<div>\n<div style=\"margin:8px 0px;margin-bottom:8px;margin-top:8px;margin-left:0px;margin-right:0px\"><img decoding=\"async\" style=\"width:100%\" width=\"100%\" src=\"https:\/\/d2qc09rl1gfuof.cloudfront.net\/product\/YKFJLTD2532CRJINZ\/rc-airplane-a100-2.5-pt.jpg\" slate-data-type=\"image\"\/><\/div>\n<div style=\"font-size:14px;text-align:center;color:rgb(34, 34, 34);margin:16px 0px 24px;margin-bottom:24px;margin-top:16px;margin-left:0px;margin-right:0px\" align=\"center\">Dieses RC-Einsteigerflugzeug enth\u00e4lt Ersatzakkus und -propeller f\u00fcr ungetr\u00fcbten Flugspa\u00df. Ein Teil verloren? Kein Problem \u2013 einfach sofort ersetzen, ohne dass es zu einer Unterbrechung kommt.<\/div>\n<\/div>\n<div style=\"margin:16px 0px 24px;margin-bottom:24px;margin-top:16px;margin-left:0px;margin-right:0px\"><\/div>\n<div style=\"margin:24px 0px;margin-bottom:24px;margin-top:24px;margin-left:0px;margin-right:0px\">\n<div style=\"font-size:16px;font-weight:bold;color:rgb(34, 34, 34);margin:24px 0px 16px;margin-bottom:16px;margin-top:24px;margin-left:0px;margin-right:0px\">Funktionen und Details<\/div>\n<ul style=\"margin:16px 0px 24px;margin-bottom:24px;margin-top:16px;margin-left:0px;margin-right:0px\">\n<li style=\"font-size:14px;color:rgb(34, 34, 34)\">\n<p>Multifunktionales Design: Dank Amphibienf\u00e4higkeit, 3 Kan\u00e4len und 2 Geschwindigkeitsmodi kann dieses RC-Flugzeug vom Boden starten, per Handstart in die Luft bef\u00f6rdert werden oder sanft \u00fcber das Wasser gleiten. Genie\u00dfen Sie uneingeschr\u00e4nkten Flugspa\u00df im Freien mit verbesserter Man\u00f6vrierf\u00e4higkeit. Ob Anf\u00e4nger oder erfahrener Pilot \u2013 dieses Flugzeug garantiert ein perfektes Flugerlebnis.<\/p>\n<\/li>\n<li style=\"font-size:14px;color:rgb(34, 34, 34)\">\n<p>Leicht und robust: Unser RC-Flugzeug ist aus hochwertigem EPP-Material gefertigt und daher leicht, aber dennoch widerstandsf\u00e4hig genug, um St\u00f6\u00dfe und Abst\u00fcrze problemlos zu \u00fcberstehen. Seine stabile Konstruktion sorgt f\u00fcr Langlebigkeit und gew\u00e4hrleistet, dass es auch unter widrigen Bedingungen im Freien zuverl\u00e4ssig funktioniert. Selbst wenn das Flugzeug auf dem Wasser kentert, erm\u00f6glichen die integrierten Funktionen und Bedienelemente ein problemloses Man\u00f6vrieren.<\/p>\n<\/li>\n<li style=\"font-size:14px;color:rgb(34, 34, 34)\">\n<p>2,4-GHz-Funkfernsteuerung: Mit der benutzerfreundlichen Fernbedienung haben Sie die volle Kontrolle. Fliegen Sie auf, ab, links, rechts, vorw\u00e4rts und r\u00fcckw\u00e4rts mit einer Reichweite von bis zu 150 m. Die 2,4-GHz-Frequenz sorgt f\u00fcr eine zuverl\u00e4ssige Verbindung, sodass mehrere ferngesteuerte Flugzeuge problemlos gleichzeitig fliegen k\u00f6nnen \u2013 ideal f\u00fcr freundschaftliche Wettk\u00e4mpfe! Die Warnung bei niedrigem Akkustand benachrichtigt Sie bei der R\u00fcckkehr oder Landung, um unn\u00f6tiges Entladen des Akkus w\u00e4hrend des Fluges zu verhindern.<\/p>\n<\/li>\n<li style=\"font-size:14px;color:rgb(34, 34, 34)\">\n<p>Verl\u00e4ngerte Flugzeit: Dieses ferngesteuerte Flugzeug wird mit zwei 800-mAh-Akkus geliefert, die eine Flugzeit von bis zu 30 Minuten erm\u00f6glichen. Tauschen Sie einfach den leeren Akku gegen den zweiten aus und genie\u00dfen Sie ununterbrochenen Flugspa\u00df \u2013 kein Warten mehr auf das Aufladen.<\/p>\n<\/li>\n<li style=\"font-size:14px;color:rgb(34, 34, 34)\">\n<p>Flugspa\u00df leicht gemacht: Unser ferngesteuertes Flugzeug ist kinderleicht zu fliegen und bietet interaktiven Flugspa\u00df f\u00fcr Gro\u00df und Klein. Ein integrierter 6-Achsen-Gyrostabilisator sorgt f\u00fcr stabile Fl\u00fcge. Schon nach wenigen \u00dcbungseinheiten fliegen Kinder sicher und souver\u00e4n. Ideal f\u00fcr Erwachsene, Kinder, Anf\u00e4nger und alle, die sich f\u00fcr die Faszination der Luftfahrt begeistern. Ersatzteile wie Akkus und Propeller garantieren ununterbrochenen Flugspa\u00df.<\/p>\n<\/li>\n<\/ul>\n<\/div>\n<div>\n<div>\n<div style=\"margin:16px 0px 24px;margin-bottom:24px;margin-top:16px;margin-left:0px;margin-right:0px\"><img decoding=\"async\" style=\"width:100%\" width=\"100%\" src=\"https:\/\/d2qc09rl1gfuof.cloudfront.net\/product\/YKFJLTD2532CRJINZ\/rc-airplane-a100-1.11-pt.jpg\" slate-data-type=\"image\"\/><\/div>\n<\/div>\n<\/div>\n<\/div>\n<\/div>\n<\/div>\n<p><\/p>","protected":false},"excerpt":{"rendered":"<p>Hign-concerned Chemical:&nbsp;None Is Electric:&nbsp;No battery Anti-wind Ability:&nbsp;Yes Drone Weight:&nbsp;\/ Takeoff Weight:&nbsp;\/ Transit Time (Days):&nbsp;\/ Video Capture Resolution:&nbsp;other Operator Skill Level:&nbsp;Beginner Indoor\/Outdoor Use:&nbsp;Outdoor Camera Mount Type:&nbsp;other Barcode:&nbsp;No Model Number:&nbsp;Z62 Controller Mode:&nbsp;MODE1<\/p>","protected":false},"featured_media":25507,"comment_status":"open","ping_status":"closed","template":"","meta":{"_acf_changed":false},"product_brand":[],"product_cat":[519],"product_tag":[],"class_list":{"0":"post-25506","1":"product","2":"type-product","3":"status-publish","4":"has-post-thumbnail","6":"product_cat-rc-cars","8":"first","9":"instock","10":"shipping-taxable","11":"purchasable","12":"product-type-variable"},"acf":[],"_links":{"self":[{"href":"https:\/\/electricstore.eu\/de\/wp-json\/wp\/v2\/product\/25506","targetHints":{"allow":["GET"]}}],"collection":[{"href":"https:\/\/electricstore.eu\/de\/wp-json\/wp\/v2\/product"}],"about":[{"href":"https:\/\/electricstore.eu\/de\/wp-json\/wp\/v2\/types\/product"}],"replies":[{"embeddable":true,"href":"https:\/\/electricstore.eu\/de\/wp-json\/wp\/v2\/comments?post=25506"}],"wp:featuredmedia":[{"embeddable":true,"href":"https:\/\/electricstore.eu\/de\/wp-json\/wp\/v2\/media\/25507"}],"wp:attachment":[{"href":"https:\/\/electricstore.eu\/de\/wp-json\/wp\/v2\/media?parent=25506"}],"wp:term":[{"taxonomy":"product_brand","embeddable":true,"href":"https:\/\/electricstore.eu\/de\/wp-json\/wp\/v2\/product_brand?post=25506"},{"taxonomy":"product_cat","embeddable":true,"href":"https:\/\/electricstore.eu\/de\/wp-json\/wp\/v2\/product_cat?post=25506"},{"taxonomy":"product_tag","embeddable":true,"href":"https:\/\/electricstore.eu\/de\/wp-json\/wp\/v2\/product_tag?post=25506"}],"curies":[{"name":"wp","href":"https:\/\/api.w.org\/{rel}","templated":true}]}}