{"id":25497,"date":"2025-05-20T18:59:38","date_gmt":"2025-05-20T18:59:38","guid":{"rendered":"https:\/\/electricstore.eu\/p\/uncategorized\/vevor-z50-rc-plane-2-4g-2ch-remote-control-fighter-fixed-wingspan-glider-with-6-axis-outdoor-rc-warbird-airplane-toys-gifts\/"},"modified":"2025-05-20T19:03:19","modified_gmt":"2025-05-20T19:03:19","slug":"vevor-z50-rc-plane-2-4g-2ch-remote-control-fighter-fixed-wingspan-glider-with-6-axis-outdoor-rc-warbird-airplane-toys-gifts","status":"publish","type":"product","link":"https:\/\/electricstore.eu\/de\/p\/rc\/rc-cars\/vevor-z50-rc-plane-2-4g-2ch-remote-control-fighter-fixed-wingspan-glider-with-6-axis-outdoor-rc-warbird-airplane-toys-gifts\/","title":{"rendered":"VEVOR Z50 RC-Flugzeug 2,4G 2CH Fernbedienung Kampfflugzeug mit fester Spannweite Segelflugzeug mit 6-Achsen Outdoor RC Warbird Flugzeug Spielzeug Geschenke"},"content":{"rendered":"<div class=\"product-specs-list-container\">\n<ul class=\"product-specs-list util-clearfix\">\n<li class=\"product-prop line-limit-length\"><span\n                                        class=\"property-title\">Hochgef\u00e4hrliche Chemikalie:&nbsp;<\/span><span\n                                        class=\"property-desc line-limit-length\">Keiner<\/span>\n                            <\/li>\n<li class=\"product-prop line-limit-length\"><span\n                                        class=\"property-title\">Ist elektrisch:&nbsp;<\/span><span\n                                        class=\"property-desc line-limit-length\">AAA Battery<\/span>\n                            <\/li>\n<li class=\"product-prop line-limit-length\"><span\n                                        class=\"property-title\">Windschutzf\u00e4higkeit:&nbsp;<\/span><span\n                                        class=\"property-desc line-limit-length\">Ja<\/span>\n                            <\/li>\n<li class=\"product-prop line-limit-length\"><span\n                                        class=\"property-title\">Drohnengewicht:&nbsp;<\/span><span\n                                        class=\"property-desc line-limit-length\">\/<\/span>\n                            <\/li>\n<li class=\"product-prop line-limit-length\"><span\n                                        class=\"property-title\">Startgewicht:&nbsp;<\/span><span\n                                        class=\"property-desc line-limit-length\">\/<\/span>\n                            <\/li>\n<li class=\"product-prop line-limit-length\"><span\n                                        class=\"property-title\">Transitzeit (Tage):&nbsp;<\/span><span\n                                        class=\"property-desc line-limit-length\">\/<\/span>\n                            <\/li>\n<li class=\"product-prop line-limit-length\"><span\n                                        class=\"property-title\">Videoaufnahmeaufl\u00f6sung:&nbsp;<\/span><span\n                                        class=\"property-desc line-limit-length\">andere<\/span>\n                            <\/li>\n<li class=\"product-prop line-limit-length\"><span\n                                        class=\"property-title\">Bedienerqualifikationsniveau:&nbsp;<\/span><span\n                                        class=\"property-desc line-limit-length\">Anf\u00e4nger<\/span>\n                            <\/li>\n<li class=\"product-prop line-limit-length\"><span\n                                        class=\"property-title\">F\u00fcr den Innen- und Au\u00dfenbereich geeignet:&nbsp;<\/span><span\n                                        class=\"property-desc line-limit-length\">Im Freien<\/span>\n                            <\/li>\n<li class=\"product-prop line-limit-length\"><span\n                                        class=\"property-title\">Kamerahalterungstyp:&nbsp;<\/span><span\n                                        class=\"property-desc line-limit-length\">andere<\/span>\n                            <\/li>\n<li class=\"product-prop line-limit-length\"><span\n                                        class=\"property-title\">Barcode:&nbsp;<\/span><span\n                                        class=\"property-desc line-limit-length\">NEIN<\/span>\n                            <\/li>\n<li class=\"product-prop line-limit-length\"><span\n                                        class=\"property-title\">Modellnummer:&nbsp;<\/span><span\n                                        class=\"property-desc line-limit-length\">Z50<\/span>\n                            <\/li>\n<li class=\"product-prop line-limit-length\"><span\n                                        class=\"property-title\">Controller-Modus:&nbsp;<\/span><span\n                                        class=\"property-desc line-limit-length\">MODUS 1<\/span>\n                            <\/li>\n<li class=\"product-prop line-limit-length\"><span\n                                        class=\"property-title\">Flugzeit:&nbsp;<\/span><span\n                                        class=\"property-desc line-limit-length\">10~20<\/span>\n                            <\/li>\n<li class=\"product-prop line-limit-length\"><span\n                                        class=\"property-title\">Steuerkan\u00e4le:&nbsp;<\/span><span\n                                        class=\"property-desc line-limit-length\">2 CHANNELS<\/span>\n                            <\/li>\n<li class=\"product-prop line-limit-length\"><span\n                                        class=\"property-title\">Controller-Batterie:&nbsp;<\/span><span\n                                        class=\"property-desc line-limit-length\">3*AAA (nicht enthalten)<\/span>\n                            <\/li>\n<li class=\"product-prop line-limit-length\"><span\n                                        class=\"property-title\">Ferndistanz:&nbsp;<\/span><span\n                                        class=\"property-desc line-limit-length\">150 m<\/span>\n                            <\/li>\n<li class=\"product-prop line-limit-length\"><span\n                                        class=\"property-title\">Ladezeit:&nbsp;<\/span><span\n                                        class=\"property-desc line-limit-length\">60min<\/span>\n                            <\/li>\n<li class=\"product-prop line-limit-length\"><span\n                                        class=\"property-title\">Ladespannung:&nbsp;<\/span><span\n                                        class=\"property-desc line-limit-length\">5 V<\/span>\n                            <\/li>\n<li class=\"product-prop line-limit-length\"><span\n                                        class=\"property-title\">Fernbedienung:&nbsp;<\/span><span\n                                        class=\"property-desc line-limit-length\">Ja<\/span>\n                            <\/li>\n<li class=\"product-prop line-limit-length\"><span\n                                        class=\"property-title\">Paket beinhaltet:&nbsp;<\/span><span\n                                        class=\"property-desc line-limit-length\">Fernbedienung<\/span>\n                            <\/li>\n<li class=\"product-prop line-limit-length\"><span\n                                        class=\"property-title\">Material:&nbsp;<\/span><span\n                                        class=\"property-desc line-limit-length\">Plastik<\/span>\n                            <\/li>\n<li class=\"product-prop line-limit-length\"><span\n                                        class=\"property-title\">Merkmale:&nbsp;<\/span><span\n                                        class=\"property-desc line-limit-length\">andere<\/span>\n                            <\/li>\n<li class=\"product-prop line-limit-length\"><span\n                                        class=\"property-title\">Empfohlenes Alter:&nbsp;<\/span><span\n                                        class=\"property-desc line-limit-length\">14+ Jahre<\/span>\n                            <\/li>\n<li class=\"product-prop line-limit-length\"><span\n                                        class=\"property-title\">Herkunft:&nbsp;<\/span><span\n                                        class=\"property-desc line-limit-length\">Festlandchina<\/span>\n                            <\/li>\n<li class=\"product-prop line-limit-length\"><span\n                                        class=\"property-title\">Luftaufnahmen:&nbsp;<\/span><span\n                                        class=\"property-desc line-limit-length\">NEIN<\/span>\n                            <\/li>\n<li class=\"product-prop line-limit-length\"><span\n                                        class=\"property-title\">Typ:&nbsp;<\/span><span\n                                        class=\"property-desc line-limit-length\">Flugzeug<\/span>\n                            <\/li>\n<\/ul><\/div>\n<div class=\"detailmodule_html\">\n<div class=\"detail-desc-decorate-richtext\">\n<div><\/div>\n<div style=\"font-family:&quot;Open sans&quot;, Arial, Helvetica, sans-serif\">\n<div><img decoding=\"async\" style=\"width:100%\" width=\"100%\" src=\"https:\/\/d2qc09rl1gfuof.cloudfront.net\/vevor\/boutique-banner\/pc\/banner-en.jpg\" slate-data-type=\"image\"\/><\/div>\n<div>\n<div style=\"font-size:16px;font-weight:bold;text-align:center;color:rgb(34, 34, 34);margin:24px 0px;margin-bottom:24px;margin-top:24px;margin-left:0px;margin-right:0px\" align=\"center\">VEVOR RC-Flugzeug \u2013 Beherrsche den Himmel mit Spa\u00df<\/div>\n<div><img decoding=\"async\" style=\"width:100%\" width=\"100%\" src=\"https:\/\/d2qc09rl1gfuof.cloudfront.net\/product\/YKFJFJLTD40C2T0WO\/rc-airplane-a100-1.4-pt.jpg\" slate-data-type=\"image\"\/><\/div>\n<div style=\"font-size:14px;text-align:center;color:rgb(34, 34, 34);margin:16px 0px 24px;margin-bottom:24px;margin-top:16px;margin-left:0px;margin-right:0px\" align=\"center\">Wir pr\u00e4sentieren ein ferngesteuertes Flugzeug f\u00fcr gemeinsamen Flugspa\u00df mit Gro\u00df und Klein. Es ist kinderleicht zu fliegen \u2013 Kinder steuern es schon nach wenigen Stunden \u00dcbung souver\u00e4n. Das realistische Design sorgt f\u00fcr noch mehr Flugvergn\u00fcgen.<\/div>\n<\/div>\n<div>\n<div>\u00a0<\/div>\n<div style=\"margin:8px 0px;margin-bottom:8px;margin-top:8px;margin-left:0px;margin-right:0px\"><img decoding=\"async\" style=\"width:100%\" width=\"100%\" src=\"https:\/\/d2qc09rl1gfuof.cloudfront.net\/product\/YKFJFJLTD40C2T0WO\/rc-airplane-a100-2.2-pt.jpg\" slate-data-type=\"image\"\/><\/div>\n<div style=\"font-size:14px;text-align:center;color:rgb(34, 34, 34);margin:16px 0px 24px;margin-bottom:24px;margin-top:16px;margin-left:0px;margin-right:0px\" align=\"center\">Steuern Sie Ihr RC-Flugzeug mit der kabellosen Fernsteuerung \u2013 m\u00fchelos nach links, rechts, oben und unten. Dank der 2,4-GHz-Frequenz genie\u00dfen Sie eine zuverl\u00e4ssige Verbindung bis zu 150 m Reichweite und erleben st\u00f6rungsfreie Fl\u00fcge \u2013 perfekt f\u00fcr Piloten jeden Alters.<\/div>\n<\/div>\n<div>\n<div>\u00a0<\/div>\n<div style=\"margin:8px 0px;margin-bottom:8px;margin-top:8px;margin-left:0px;margin-right:0px\"><img decoding=\"async\" style=\"width:100%\" width=\"100%\" src=\"https:\/\/d2qc09rl1gfuof.cloudfront.net\/product\/YKFJFJLTD40C2T0WO\/rc-airplane-a100-2.3-pt.jpg\" slate-data-type=\"image\"\/><\/div>\n<div style=\"font-size:14px;text-align:center;color:rgb(34, 34, 34);margin:16px 0px 24px;margin-bottom:24px;margin-top:16px;margin-left:0px;margin-right:0px\" align=\"center\">Unser ferngesteuertes Flugzeug fliegt mit den zwei mitgelieferten Akkus\u00e4tzen l\u00e4nger. Wechseln Sie die Akkus einfach aus und erleben Sie ununterbrochenen Flugspa\u00df ohne h\u00e4ufiges Aufladen oder lange Ausfallzeiten.<\/div>\n<\/div>\n<div>\n<div>\u00a0<\/div>\n<div style=\"margin:8px 0px;margin-bottom:8px;margin-top:8px;margin-left:0px;margin-right:0px\"><img decoding=\"async\" style=\"width:100%\" width=\"100%\" src=\"https:\/\/d2qc09rl1gfuof.cloudfront.net\/product\/YKFJFJLTD40C2T0WO\/rc-airplane-a100-2.4-pt.jpg\" slate-data-type=\"image\"\/><\/div>\n<div style=\"font-size:14px;text-align:center;color:rgb(34, 34, 34);margin:16px 0px 24px;margin-bottom:24px;margin-top:16px;margin-left:0px;margin-right:0px\" align=\"center\">Starts gelingen kinderleicht. Einfach die Fernbedienung mit einer Hand greifen, Gas geben und das ferngesteuerte Flugzeug geradeaus starten. Oder: Auf einer glatten Oberfl\u00e4che platzieren, f\u00fcr einen 10-Meter-Gleitflug Gas geben und zusehen, wie es abhebt.<\/div>\n<\/div>\n<div>\n<div>\u00a0<\/div>\n<div style=\"margin:8px 0px;margin-bottom:8px;margin-top:8px;margin-left:0px;margin-right:0px\"><img decoding=\"async\" style=\"width:100%\" width=\"100%\" src=\"https:\/\/d2qc09rl1gfuof.cloudfront.net\/product\/YKFJFJLTD40C2T0WO\/rc-airplane-a100-2.5-pt.jpg\" slate-data-type=\"image\"\/><\/div>\n<div style=\"font-size:14px;text-align:center;color:rgb(34, 34, 34);margin:16px 0px 24px;margin-bottom:24px;margin-top:16px;margin-left:0px;margin-right:0px\" align=\"center\">Dieses RC-Einsteigerflugzeug enth\u00e4lt Ersatzakkus und -propeller f\u00fcr ungetr\u00fcbten Flugspa\u00df. Ein Teil verloren? Kein Problem \u2013 einfach sofort ersetzen, ohne dass es zu einer Unterbrechung kommt.<\/div>\n<\/div>\n<div style=\"margin:16px 0px 24px;margin-bottom:24px;margin-top:16px;margin-left:0px;margin-right:0px\"><\/div>\n<div style=\"margin:24px 0px;margin-bottom:24px;margin-top:24px;margin-left:0px;margin-right:0px\">\n<div style=\"font-size:16px;font-weight:bold;color:rgb(34, 34, 34);margin:24px 0px 16px;margin-bottom:16px;margin-top:24px;margin-left:0px;margin-right:0px\">Funktionen und Details<\/div>\n<ul style=\"margin:16px 0px 24px;margin-bottom:24px;margin-top:16px;margin-left:0px;margin-right:0px\">\n<li style=\"font-size:14px;color:rgb(34, 34, 34)\">\n<p>Easy Flying Fun: Meet your new favorite RC plane! Designed for interactive fun between kids and adults, it&#x27;s super easy to fly. Includes a built-in 6-axis gyro stabilizer for stable flights\u2014perfect for beginners. Kids will be flying confidently after just a few practice sessions.<\/p>\n<\/li>\n<li style=\"font-size:14px;color:rgb(34, 34, 34)\">\n<p>Lightweight &amp; Durable: Crafted from high-quality EPP material, our RC airplane is lightweight yet tough enough to handle bumps and crashes. Built-in wind blade reinforcement boosts durability, ensuring it stands up to outdoor conditions without needing constant repairs.<\/p>\n<\/li>\n<li style=\"font-size:14px;color:rgb(34, 34, 34)\">\n<p>2.4 GHz Wireless Control System: Take full control with the easy-to-use remote. Fly up, down, left, and right with a range of up to 500&#x27;\/150 m. The 2.4 GHz frequency ensures a reliable connection, allowing multiple remote control airplanes to fly together hassle-free\u2014ideal for friendly competitions!<\/p>\n<\/li>\n<li style=\"font-size:14px;color:rgb(34, 34, 34)\">\n<p>Extended Flight Time: This remote control plane includes two sets of 350mAh batteries, providing up to 40 minutes of flight time. Simply replace the depleted battery with the second set for uninterrupted flying fun\u2014no more waiting around for recharges.<\/p>\n<\/li>\n<li style=\"font-size:14px;color:rgb(34, 34, 34)\">\n<p>Unique Appearance Design: Stand out with this red Cessna aircraft simulation design, adding imagination and excitement to your flying experience. Our remote airplane is perfect for adults, kids, beginners, and anyone who loves aviation fun. Spare parts like batteries and propellers keep the fun going without interruptions.<\/p>\n<\/li>\n<\/ul>\n<\/div>\n<div>\n<div>\u00a0<\/div>\n<div>\n<div>\u00a0<\/div>\n<div style=\"margin:16px 0px 24px;margin-bottom:24px;margin-top:16px;margin-left:0px;margin-right:0px\"><img decoding=\"async\" style=\"width:100%\" width=\"100%\" src=\"https:\/\/d2qc09rl1gfuof.cloudfront.net\/product\/YKFJFJLTD40C2T0WO\/rc-airplane-a100-1.11-pt.jpg\" slate-data-type=\"image\"\/><\/div>\n<\/div>\n<\/div>\n<\/div>\n<\/div>\n<\/div>\n<p><\/p>","protected":false},"excerpt":{"rendered":"<p>Hign-concerned Chemical:&nbsp;None Is Electric:&nbsp;AAA Battery Anti-wind Ability:&nbsp;Yes Drone Weight:&nbsp;\/ Takeoff Weight:&nbsp;\/ Transit Time (Days):&nbsp;\/ Video Capture Resolution:&nbsp;other Operator Skill Level:&nbsp;Beginner Indoor\/Outdoor Use:&nbsp;Outdoor Camera Mount Type:&nbsp;other Barcode:&nbsp;No Model Number:&nbsp;Z50 Controller Mode:&nbsp;MODE1<\/p>","protected":false},"featured_media":25498,"comment_status":"open","ping_status":"closed","template":"","meta":{"_acf_changed":false},"product_brand":[],"product_cat":[519],"product_tag":[],"class_list":{"0":"post-25497","1":"product","2":"type-product","3":"status-publish","4":"has-post-thumbnail","6":"product_cat-rc-cars","8":"first","9":"instock","10":"shipping-taxable","11":"purchasable","12":"product-type-variable"},"acf":[],"_links":{"self":[{"href":"https:\/\/electricstore.eu\/de\/wp-json\/wp\/v2\/product\/25497","targetHints":{"allow":["GET"]}}],"collection":[{"href":"https:\/\/electricstore.eu\/de\/wp-json\/wp\/v2\/product"}],"about":[{"href":"https:\/\/electricstore.eu\/de\/wp-json\/wp\/v2\/types\/product"}],"replies":[{"embeddable":true,"href":"https:\/\/electricstore.eu\/de\/wp-json\/wp\/v2\/comments?post=25497"}],"wp:featuredmedia":[{"embeddable":true,"href":"https:\/\/electricstore.eu\/de\/wp-json\/wp\/v2\/media\/25498"}],"wp:attachment":[{"href":"https:\/\/electricstore.eu\/de\/wp-json\/wp\/v2\/media?parent=25497"}],"wp:term":[{"taxonomy":"product_brand","embeddable":true,"href":"https:\/\/electricstore.eu\/de\/wp-json\/wp\/v2\/product_brand?post=25497"},{"taxonomy":"product_cat","embeddable":true,"href":"https:\/\/electricstore.eu\/de\/wp-json\/wp\/v2\/product_cat?post=25497"},{"taxonomy":"product_tag","embeddable":true,"href":"https:\/\/electricstore.eu\/de\/wp-json\/wp\/v2\/product_tag?post=25497"}],"curies":[{"name":"wp","href":"https:\/\/api.w.org\/{rel}","templated":true}]}}