{"id":25454,"date":"2025-05-20T18:59:26","date_gmt":"2025-05-20T18:59:26","guid":{"rendered":"https:\/\/electricstore.eu\/p\/uncategorized\/vevor-12v-motorized-electric-trailer-mover-dolly-5000lbs-towing-capacity-adjustable-clamp-jockey-wheel-for-moving-caravan-boat\/"},"modified":"2025-05-20T19:02:35","modified_gmt":"2025-05-20T19:02:35","slug":"vevor-12v-motorized-electric-trailer-mover-dolly-5000lbs-towing-capacity-adjustable-clamp-jockey-wheel-for-moving-caravan-boat","status":"publish","type":"product","link":"https:\/\/www.electricstore.eu\/de\/p\/a\/vevor-12v-motorized-electric-trailer-mover-dolly-5000lbs-towing-capacity-adjustable-clamp-jockey-wheel-for-moving-caravan-boat\/","title":{"rendered":"VEVOR 12 V motorisierter elektrischer Anh\u00e4nger-Mover, 2376 kg Anh\u00e4ngelast, verstellbare Klemme, St\u00fctzrad zum Bewegen von Wohnwagen und Booten"},"content":{"rendered":"<div class=\"product-specs-list-container\">\n<ul class=\"product-specs-list util-clearfix\">\n<li class=\"product-prop line-limit-length\"><span\n                                        class=\"property-title\">Hochgef\u00e4hrliche Chemikalie:&nbsp;<\/span><span\n                                        class=\"property-desc line-limit-length\">Keiner<\/span>\n                            <\/li>\n<li class=\"product-prop line-limit-length\"><span\n                                        class=\"property-title\">Herkunft:&nbsp;<\/span><span\n                                        class=\"property-desc line-limit-length\">Festlandchina<\/span>\n                            <\/li>\n<li class=\"product-prop line-limit-length\"><span\n                                        class=\"property-title\">Tragf\u00e4higkeit:&nbsp;<\/span><span\n                                        class=\"property-desc line-limit-length\">5000 Pfund<\/span>\n                            <\/li>\n<li class=\"product-prop line-limit-length\"><span\n                                        class=\"property-title\">Markenname:&nbsp;<\/span><span\n                                        class=\"property-desc line-limit-length\">VEVOR<\/span>\n                            <\/li>\n<\/ul><\/div>\n<div class=\"detailmodule_html\">\n<div class=\"detail-desc-decorate-richtext\">\n<div style=\"font-family:&quot;Open sans&quot;, Arial, Helvetica, sans-serif\">\n<div><img decoding=\"async\" style=\"width:100%\" width=\"100%\" src=\"https:\/\/d2qc09rl1gfuof.cloudfront.net\/vevor\/boutique-banner\/pc\/banner-en.jpg\" slate-data-type=\"image\"\/><\/div>\n<div>\n<div style=\"font-size:16px;font-weight:bold;text-align:center;color:rgb(34, 34, 34);margin:24px 0px;margin-bottom:24px;margin-top:24px;margin-left:0px;margin-right:0px\" align=\"center\">12V Elektro-Anh\u00e4ngerkupplung<\/div>\n<div><img decoding=\"async\" style=\"width:100%\" width=\"100%\" src=\"https:\/\/d2qc09rl1gfuof.cloudfront.net\/product\/YXDDQYCYSB500477A\/electric-trailer-dolly-a100-1.4.jpg\" slate-data-type=\"image\"\/><\/div>\n<div style=\"font-size:14px;text-align:center;color:rgb(34, 34, 34);margin:16px 0px 24px;margin-bottom:24px;margin-top:16px;margin-left:0px;margin-right:0px\" align=\"center\">Die verbesserte, verst\u00e4rkte Halterung bietet eine stabilere Tragf\u00e4higkeit und erm\u00f6glicht eine Anh\u00e4ngelast von 5000 lbs (ca. 2268 kg), deutlich mehr als vergleichbare Zugmaschinen. Zudem reduziert die einfache Montage und Bedienung den Arbeitsaufwand beim Ankuppeln der Schwerlastanh\u00e4nger erheblich.<\/div>\n<\/div>\n<div>\n<div style=\"margin:8px 0px;margin-bottom:8px;margin-top:8px;margin-left:0px;margin-right:0px\"><img decoding=\"async\" style=\"width:100%\" width=\"100%\" src=\"https:\/\/d2qc09rl1gfuof.cloudfront.net\/product\/YXDDQYCYSB500477A\/electric-trailer-dolly-a100-1.12.jpg\" slate-data-type=\"image\"\/><\/div>\n<\/div>\n<div>\n<div style=\"margin:8px 0px;margin-bottom:8px;margin-top:8px;margin-left:0px;margin-right:0px\"><img decoding=\"async\" style=\"width:100%\" width=\"100%\" src=\"https:\/\/d2qc09rl1gfuof.cloudfront.net\/product\/YXDDQYCYSB500477A\/electric-trailer-dolly-a100-1.13.jpg\" slate-data-type=\"image\"\/><\/div>\n<\/div>\n<div>\n<div style=\"margin:8px 0px;margin-bottom:8px;margin-top:8px;margin-left:0px;margin-right:0px\"><img decoding=\"async\" style=\"width:100%\" width=\"100%\" src=\"https:\/\/d2qc09rl1gfuof.cloudfront.net\/product\/YXDDQYCYSB500477A\/electric-trailer-dolly-a100-1.16.jpg\" slate-data-type=\"image\"\/><\/div>\n<\/div>\n<div>\n<div style=\"margin:8px 0px;margin-bottom:8px;margin-top:8px;margin-left:0px;margin-right:0px\"><img decoding=\"async\" style=\"width:100%\" width=\"100%\" src=\"https:\/\/d2qc09rl1gfuof.cloudfront.net\/product\/YXDDQYCYSB500477A\/electric-trailer-dolly-a100-1.17.jpg\" slate-data-type=\"image\"\/><\/div>\n<\/div>\n<div>\n<div style=\"margin:8px 0px;margin-bottom:8px;margin-top:8px;margin-left:0px;margin-right:0px\"><img decoding=\"async\" style=\"width:100%\" width=\"100%\" src=\"https:\/\/d2qc09rl1gfuof.cloudfront.net\/product\/YXDDQYCYSB500477A\/electric-trailer-dolly-a100-1.18.jpg\" slate-data-type=\"image\"\/><\/div>\n<\/div>\n<div>\n<div style=\"margin:8px 0px;margin-bottom:8px;margin-top:8px;margin-left:0px;margin-right:0px\"><img decoding=\"async\" style=\"width:100%\" width=\"100%\" src=\"https:\/\/d2qc09rl1gfuof.cloudfront.net\/product\/YXDDQYCYSB500477A\/electric-trailer-dolly-a100-1.20.jpg\" slate-data-type=\"image\"\/><\/div>\n<\/div>\n<div>\n<div style=\"margin:8px 0px;margin-bottom:8px;margin-top:8px;margin-left:0px;margin-right:0px\"><img decoding=\"async\" style=\"width:100%\" width=\"100%\" src=\"https:\/\/d2qc09rl1gfuof.cloudfront.net\/product\/YXDDQYCYSB500477A\/electric-trailer-dolly-a100-1.21.jpg\" slate-data-type=\"image\"\/><\/div>\n<\/div>\n<div style=\"margin:16px 0px 24px;margin-bottom:24px;margin-top:16px;margin-left:0px;margin-right:0px\"><\/div>\n<div style=\"margin:24px 0px;margin-bottom:24px;margin-top:24px;margin-left:0px;margin-right:0px\">\n<div style=\"font-size:16px;font-weight:bold;color:rgb(34, 34, 34);margin:24px 0px 16px;margin-bottom:16px;margin-top:24px;margin-left:0px;margin-right:0px\">Funktionen und Details<\/div>\n<ul style=\"margin:16px 0px 24px;margin-bottom:24px;margin-top:16px;margin-left:0px;margin-right:0px\">\n<li style=\"font-size:14px;color:rgb(34, 34, 34)\">\n<p>Leistungsstarker Anh\u00e4ngerbegleiter: Mit einer Tragkraft von 272 kg bewegt unser elektrischer Anh\u00e4ngerwagen m\u00fchelos Anh\u00e4nger bis zu 2268 kg. Im Vergleich zu herk\u00f6mmlichen Mini-Rangierhilfen verf\u00fcgt dieses Modell \u00fcber einen leistungsst\u00e4rkeren Motor und erreicht eine maximale Fahrgeschwindigkeit von 6,7 m\/min.<\/p>\n<\/li>\n<li style=\"font-size:14px;color:rgb(34, 34, 34)\">\n<p>Einfache Montage: Die Halterungsklemme ist im Bereich von 12 bis 24,8 Zoll verstellbar. Durch m\u00fcheloses Anheben oder Absenken der Halterung l\u00e4sst sich die H\u00f6he des Anh\u00e4ngerwagens optimal anpassen.<\/p>\n<\/li>\n<li style=\"font-size:14px;color:rgb(34, 34, 34)\">\n<p>M\u00fchelose Fortbewegung: Ausgestattet mit einem 8 Zoll gro\u00dfen, massiven, drehbaren Gummirad, bietet es Ihnen sanftes Rollen und freie Lenkung.<\/p>\n<\/li>\n<li style=\"font-size:14px;color:rgb(34, 34, 34)\">\n<p>Kontrolle nach Belieben: Der Griff erm\u00f6glicht eine stabile und pr\u00e4zise Steuerung, sodass Sie den Rangieranh\u00e4nger m\u00fchelos in jede Richtung lenken k\u00f6nnen. Dar\u00fcber hinaus verf\u00fcgt der Anh\u00e4nger \u00fcber eine automatische Bremsfunktion.<\/p>\n<\/li>\n<li style=\"font-size:14px;color:rgb(34, 34, 34)\">\n<p>Sicher und stabil: Dieses Produkt ist CE-zertifiziert und gew\u00e4hrleistet somit eine h\u00f6here Produktqualit\u00e4t f\u00fcr eine sicherere und zuverl\u00e4ssigere Anwendung. Hinweis: Dieses Produkt ist nicht f\u00fcr Rampen mit einer Neigung von mehr als 5 Grad, unbefestigte Stra\u00dfen und Schotterwege geeignet.<\/p>\n<\/li>\n<\/ul>\n<\/div>\n<div>\n<div>\n<div style=\"margin:16px 0px 24px;margin-bottom:24px;margin-top:16px;margin-left:0px;margin-right:0px\"><img decoding=\"async\" style=\"width:100%\" width=\"100%\" src=\"https:\/\/d2qc09rl1gfuof.cloudfront.net\/product\/YXDDQYCYSB500477A\/electric-trailer-dolly-a100-1.11.jpg\" slate-data-type=\"image\"\/><\/div>\n<\/div>\n<\/div>\n<\/div>\n<\/div>\n<\/div>\n<p><\/p>","protected":false},"excerpt":{"rendered":"<p>Hign-concerned Chemical:&nbsp;None Origin:&nbsp;Mainland China Load Capacity:&nbsp;5000 lbs Brand Name:&nbsp;VEVOR 12V Electric Trailer Dolly The upgraded thickened bracket has a more stable load capacity, providing 5000 lbs towing capacity, much higher<\/p>","protected":false},"featured_media":25456,"comment_status":"open","ping_status":"closed","template":"","meta":{"_acf_changed":false},"product_brand":[],"product_cat":[525],"product_tag":[],"class_list":{"0":"post-25454","1":"product","2":"type-product","3":"status-publish","4":"has-post-thumbnail","6":"product_cat-a","8":"first","9":"instock","10":"shipping-taxable","11":"purchasable","12":"product-type-variable"},"acf":[],"_links":{"self":[{"href":"https:\/\/www.electricstore.eu\/de\/wp-json\/wp\/v2\/product\/25454","targetHints":{"allow":["GET"]}}],"collection":[{"href":"https:\/\/www.electricstore.eu\/de\/wp-json\/wp\/v2\/product"}],"about":[{"href":"https:\/\/www.electricstore.eu\/de\/wp-json\/wp\/v2\/types\/product"}],"replies":[{"embeddable":true,"href":"https:\/\/www.electricstore.eu\/de\/wp-json\/wp\/v2\/comments?post=25454"}],"wp:featuredmedia":[{"embeddable":true,"href":"https:\/\/www.electricstore.eu\/de\/wp-json\/wp\/v2\/media\/25456"}],"wp:attachment":[{"href":"https:\/\/www.electricstore.eu\/de\/wp-json\/wp\/v2\/media?parent=25454"}],"wp:term":[{"taxonomy":"product_brand","embeddable":true,"href":"https:\/\/www.electricstore.eu\/de\/wp-json\/wp\/v2\/product_brand?post=25454"},{"taxonomy":"product_cat","embeddable":true,"href":"https:\/\/www.electricstore.eu\/de\/wp-json\/wp\/v2\/product_cat?post=25454"},{"taxonomy":"product_tag","embeddable":true,"href":"https:\/\/www.electricstore.eu\/de\/wp-json\/wp\/v2\/product_tag?post=25454"}],"curies":[{"name":"wp","href":"https:\/\/api.w.org\/{rel}","templated":true}]}}