{"id":25411,"date":"2025-05-20T18:59:11","date_gmt":"2025-05-20T18:59:11","guid":{"rendered":"https:\/\/electricstore.eu\/p\/uncategorized\/vevor-45km-h-4wd-rc-car-118-all-terrain-off-road-with-high-speed-remote-control-truck-drift-monster-toys-gifts-for-boys-kids\/"},"modified":"2025-05-20T19:01:51","modified_gmt":"2025-05-20T19:01:51","slug":"vevor-45km-h-4wd-rc-car-118-all-terrain-off-road-with-high-speed-remote-control-truck-drift-monster-toys-gifts-for-boys-kids","status":"publish","type":"product","link":"https:\/\/electricstore.eu\/de\/p\/rc\/rc-cars\/vevor-45km-h-4wd-rc-car-118-all-terrain-off-road-with-high-speed-remote-control-truck-drift-monster-toys-gifts-for-boys-kids\/","title":{"rendered":"VEVOR 45 km\/h 4WD RC-Auto 1:18 All-Terrain-Offroad mit Hochgeschwindigkeits-Fernsteuerungs-Truck-Drift-Monster-Spielzeug Geschenke f\u00fcr Jungen Kinder"},"content":{"rendered":"<div class=\"product-specs-list-container\">\n<ul class=\"product-specs-list util-clearfix\">\n<li class=\"product-prop line-limit-length\"><span\n                                        class=\"property-title\">Hochgef\u00e4hrliche Chemikalie:&nbsp;<\/span><span\n                                        class=\"property-desc line-limit-length\">Keiner<\/span>\n                            <\/li>\n<li class=\"product-prop line-limit-length\"><span\n                                        class=\"property-title\">Ist elektrisch:&nbsp;<\/span><span\n                                        class=\"property-desc line-limit-length\">Keine Batterie<\/span>\n                            <\/li>\n<li class=\"product-prop line-limit-length\"><span\n                                        class=\"property-title\">Barcode:&nbsp;<\/span><span\n                                        class=\"property-desc line-limit-length\">NEIN<\/span>\n                            <\/li>\n<li class=\"product-prop line-limit-length\"><span\n                                        class=\"property-title\">Leistung:&nbsp;<\/span><span\n                                        class=\"property-desc line-limit-length\">Elektrisch<\/span>\n                            <\/li>\n<li class=\"product-prop line-limit-length\"><span\n                                        class=\"property-title\">Stand der Versammlung:&nbsp;<\/span><span\n                                        class=\"property-desc line-limit-length\">Sofort einsatzbereit<\/span>\n                            <\/li>\n<li class=\"product-prop line-limit-length\"><span\n                                        class=\"property-title\">Flugzeit:&nbsp;<\/span><span\n                                        class=\"property-desc line-limit-length\">21 Minuten<\/span>\n                            <\/li>\n<li class=\"product-prop line-limit-length\"><span\n                                        class=\"property-title\">Ferndistanz:&nbsp;<\/span><span\n                                        class=\"property-desc line-limit-length\">100 m+<\/span>\n                            <\/li>\n<li class=\"product-prop line-limit-length\"><span\n                                        class=\"property-title\">Skala:&nbsp;<\/span><span\n                                        class=\"property-desc line-limit-length\">1:18<\/span>\n                            <\/li>\n<li class=\"product-prop line-limit-length\"><span\n                                        class=\"property-title\">Abmessungen:&nbsp;<\/span><span\n                                        class=\"property-desc line-limit-length\">10,6 x 7,9 x 3,9 Zoll \/ 270 x 200 x 100 mm<\/span>\n                            <\/li>\n<li class=\"product-prop line-limit-length\"><span\n                                        class=\"property-title\">Modellnummer:&nbsp;<\/span><span\n                                        class=\"property-desc line-limit-length\">300E<\/span>\n                            <\/li>\n<li class=\"product-prop line-limit-length\"><span\n                                        class=\"property-title\">Paket beinhaltet:&nbsp;<\/span><span\n                                        class=\"property-desc line-limit-length\">Fernbedienung<\/span>\n                            <\/li>\n<li class=\"product-prop line-limit-length\"><span\n                                        class=\"property-title\">Fernbedienung:&nbsp;<\/span><span\n                                        class=\"property-desc line-limit-length\">Ja<\/span>\n                            <\/li>\n<li class=\"product-prop line-limit-length\"><span\n                                        class=\"property-title\">Material:&nbsp;<\/span><span\n                                        class=\"property-desc line-limit-length\">Metall<\/span>\n                            <\/li>\n<li class=\"product-prop line-limit-length\"><span\n                                        class=\"property-title\">Empfohlenes Alter:&nbsp;<\/span><span\n                                        class=\"property-desc line-limit-length\">6-12 Jahre<\/span>\n                            <\/li>\n<li class=\"product-prop line-limit-length\"><span\n                                        class=\"property-title\">Herkunft:&nbsp;<\/span><span\n                                        class=\"property-desc line-limit-length\">Festlandchina<\/span>\n                            <\/li>\n<li class=\"product-prop line-limit-length\"><span\n                                        class=\"property-title\">Design:&nbsp;<\/span><span\n                                        class=\"property-desc line-limit-length\">Autos<\/span>\n                            <\/li>\n<li class=\"product-prop line-limit-length\"><span\n                                        class=\"property-title\">Typ:&nbsp;<\/span><span\n                                        class=\"property-desc line-limit-length\">Auto<\/span>\n                            <\/li>\n<li class=\"product-prop line-limit-length\"><span\n                                        class=\"property-title\">Merkmale:&nbsp;<\/span><span\n                                        class=\"property-desc line-limit-length\">FERNBEDIENUNG<\/span>\n                            <\/li>\n<\/ul><\/div>\n<div class=\"detailmodule_html\">\n<div class=\"detail-desc-decorate-richtext\">\n<div style=\"font-family:&quot;Open sans&quot;, Arial, Helvetica, sans-serif\">\n<div><img decoding=\"async\" style=\"width:100%\" width=\"100%\" src=\"https:\/\/d2qc09rl1gfuof.cloudfront.net\/vevor\/boutique-banner\/pc\/banner-en.jpg\" slate-data-type=\"image\"\/><\/div>\n<div>\n<div style=\"font-size:16px;font-weight:bold;text-align:center;color:rgb(34, 34, 34);margin:24px 0px;margin-bottom:24px;margin-top:24px;margin-left:0px;margin-right:0px\" align=\"center\">Ferngesteuertes Gel\u00e4ndeauto im Ma\u00dfstab 1:18<\/div>\n<div><img decoding=\"async\" style=\"width:100%\" width=\"100%\" src=\"https:\/\/d2qc09rl1gfuof.cloudfront.net\/product\/SQZQYKYYCWSD5U146\/rc-offroad-truck-a100-1.4-pt.jpg\" slate-data-type=\"image\"\/><\/div>\n<div style=\"font-size:14px;text-align:center;color:rgb(34, 34, 34);margin:16px 0px 24px;margin-bottom:24px;margin-top:16px;margin-left:0px;margin-right:0px\" align=\"center\">Unser ferngesteuertes Offroad-Auto im Ma\u00dfstab 1:18 verf\u00fcgt \u00fcber eine Metallantriebswelle, einen b\u00fcrstenlosen Motor mit 20.000 U\/min, eine stufenlose Geschwindigkeitsregelung und griffige Reifen, mit denen Sie jedes Terrain meistern. Die robuste Konstruktion und die lange Akkulaufzeit garantieren endlosen Fahrspa\u00df und sorgen f\u00fcr jede \u00dcberraschung bei jeder Fahrt!<\/div>\n<\/div>\n<div>\n<div style=\"margin:8px 0px;margin-bottom:8px;margin-top:8px;margin-left:0px;margin-right:0px\"><img decoding=\"async\" style=\"width:100%\" width=\"100%\" src=\"https:\/\/d2qc09rl1gfuof.cloudfront.net\/product\/SQZQYKYYCWSD5U146\/rc-offroad-truck-a100-2.2-pt.jpg\" slate-data-type=\"image\"\/><\/div>\n<div style=\"font-size:14px;text-align:center;color:rgb(34, 34, 34);margin:16px 0px 24px;margin-bottom:24px;margin-top:16px;margin-left:0px;margin-right:0px\" align=\"center\">Mit griffigen Gummireifen und einer robusten Metallantriebswelle ist dieses ferngesteuerte Auto Ihr idealer Gel\u00e4ndemeister. Dank des hydraulischen Sto\u00dfd\u00e4mpfersystems \u00fcberwindet es Hindernisse m\u00fchelos.<\/div>\n<\/div>\n<div>\n<div style=\"margin:8px 0px;margin-bottom:8px;margin-top:8px;margin-left:0px;margin-right:0px\"><img decoding=\"async\" style=\"width:100%\" width=\"100%\" src=\"https:\/\/d2qc09rl1gfuof.cloudfront.net\/product\/SQZQYKYYCWSD5U146\/rc-offroad-truck-a100-2.3-pt.jpg\" slate-data-type=\"image\"\/><\/div>\n<div style=\"font-size:14px;text-align:center;color:rgb(34, 34, 34);margin:16px 0px 24px;margin-bottom:24px;margin-top:16px;margin-left:0px;margin-right:0px\" align=\"center\">Dieses ferngesteuerte Auto f\u00fcr Kinder bietet Fahrspa\u00df pur dank einer kabellosen Reichweite von 100 Metern (328 Fu\u00df) f\u00fcr ungetr\u00fcbten Fahrspa\u00df. Der Hochleistungsmotor mit 20.000 U\/min sorgt f\u00fcr starke Leistung und meistert m\u00fchelos jedes Terrain.<\/div>\n<\/div>\n<div>\n<div style=\"margin:8px 0px;margin-bottom:8px;margin-top:8px;margin-left:0px;margin-right:0px\"><img decoding=\"async\" style=\"width:100%\" width=\"100%\" src=\"https:\/\/d2qc09rl1gfuof.cloudfront.net\/product\/SQZQYKYYCWSD5U146\/rc-offroad-truck-a100-2.4-pt.jpg\" slate-data-type=\"image\"\/><\/div>\n<div style=\"font-size:14px;text-align:center;color:rgb(34, 34, 34);margin:16px 0px 24px;margin-bottom:24px;margin-top:16px;margin-left:0px;margin-right:0px\" align=\"center\">Keine Sorge wegen Regentagen oder matschigem Gel\u00e4nde: Dank der IPX4-Wasserdichtigkeit wird unser ferngesteuerter Monstertruck Ihren Spa\u00df an Outdoor-Abenteuern auf ein neues Niveau heben.<\/div>\n<\/div>\n<div>\n<div style=\"margin:8px 0px;margin-bottom:8px;margin-top:8px;margin-left:0px;margin-right:0px\"><img decoding=\"async\" style=\"width:100%\" width=\"100%\" src=\"https:\/\/d2qc09rl1gfuof.cloudfront.net\/product\/SQZQYKYYCWSD5U146\/rc-offroad-truck-a100-2.5-pt.jpg\" slate-data-type=\"image\"\/><\/div>\n<div style=\"font-size:14px;text-align:center;color:rgb(34, 34, 34);margin:16px 0px 24px;margin-bottom:24px;margin-top:16px;margin-left:0px;margin-right:0px\" align=\"center\">Ausgestattet mit zwei wiederaufladbaren Akkus bietet dieser ferngesteuerte Offroad-Truck eine beeindruckende Fahrzeit von bis zu 42 Minuten und erm\u00f6glicht Kindern so ausgiebigen Fahrspa\u00df. Dank USB-Schnellladung ist er in nur etwa 3 Stunden wieder aufgeladen \u2013 f\u00fcr noch mehr Spielzeit.<\/div>\n<\/div>\n<div style=\"margin:16px 0px 24px;margin-bottom:24px;margin-top:16px;margin-left:0px;margin-right:0px\"><\/div>\n<div style=\"margin:24px 0px;margin-bottom:24px;margin-top:24px;margin-left:0px;margin-right:0px\">\n<div style=\"font-size:16px;font-weight:bold;color:rgb(34, 34, 34);margin:24px 0px 16px;margin-bottom:16px;margin-top:24px;margin-left:0px;margin-right:0px\">Funktionen und Details<\/div>\n<ul style=\"margin:16px 0px 24px;margin-bottom:24px;margin-top:16px;margin-left:0px;margin-right:0px\">\n<li style=\"font-size:14px;color:rgb(34, 34, 34)\">\n<p>Starke Gel\u00e4ndeg\u00e4ngigkeit: Unser ferngesteuertes Auto im Ma\u00dfstab 1:18 ist mit einem Allradantrieb, einer robusten Metallantriebswelle, einem 20.000 U\/min starken Motor und griffigen Gummireifen ausgestattet und zeigt dadurch eine au\u00dfergew\u00f6hnliche Gel\u00e4ndeg\u00e4ngigkeit, um mit jedem Terrain \u2013 Gras, H\u00e4ngen, Schotter, Schlamm und Sand \u2013 zurechtzukommen.<\/p>\n<\/li>\n<li style=\"font-size:14px;color:rgb(34, 34, 34)\">\n<p>Ultimativer Fahrspa\u00df: Dank der Wheelie-Bar kann dieses ferngesteuerte Offroad-Auto die Vorderr\u00e4der bis zu 45\u00b0 anheben und so f\u00fcr atemberaubende Stunts sorgen. In Kombination mit dem 45\u00b0-Lenkwinkel, dem hochpr\u00e4zisen Servo und dem hydraulischen Sto\u00dfd\u00e4mpfer meistert es scharfe Kurven, steile H\u00e4nge und unwegsames Gel\u00e4nde mit Leichtigkeit und bietet so ein unvergleichliches Rennerlebnis.<\/p>\n<\/li>\n<li style=\"font-size:14px;color:rgb(34, 34, 34)\">\n<p>Stufenlose Geschwindigkeitsregelung: Von langsamem Kriechen bis hin zu rasanten Rennen (bis zu 45 km\/h) \u2013 die stufenlose Geschwindigkeitsregelung dieses ferngesteuerten 4WD-Offroad-Autos ist perfekt f\u00fcr jedes Kind, vom Anf\u00e4nger bis zum erfahrenen Rennfahrer. Sie k\u00f6nnen die passende Geschwindigkeit f\u00fcr ein sicheres oder aufregendes Rennen w\u00e4hlen.<\/p>\n<\/li>\n<li style=\"font-size:14px;color:rgb(34, 34, 34)\">\n<p>Weniger Laden, l\u00e4ngerer Fahrspa\u00df: Ausgestattet mit zwei 1500-mAh-Lithium-Akkus bietet dieser ferngesteuerte Gel\u00e4ndewagen starke und langanhaltende Leistung f\u00fcr bis zu 42 Minuten Fahrspa\u00df. Dank des leicht zug\u00e4nglichen USB-Anschlusses f\u00fcr verschiedene Stromquellen (auch Powerbanks) und der Schnellladefunktion ist der Offroader in nur etwa 3 Stunden wieder einsatzbereit.<\/p>\n<\/li>\n<li style=\"font-size:14px;color:rgb(34, 34, 34)\">\n<p>Bessere Erlebnisse: Mit IPX4-Wasserschutzklasse, 100 m Reichweite der Fernbedienung, hochpr\u00e4ziser Hauptwelle, verst\u00e4rktem Antriebsstrang, effizientem Differential, Frontscheinwerfern und robustem Chassis aus Nylon und Kohlenstoffstahl wurde jedes durchdachte Detail entwickelt, um den perfekten RC-Truck f\u00fcr Kinder zu schaffen und ihnen aufregendere Abenteuer zu erm\u00f6glichen.<\/p>\n<\/li>\n<\/ul>\n<\/div>\n<div>\n<div>\n<div style=\"margin:16px 0px 24px;margin-bottom:24px;margin-top:16px;margin-left:0px;margin-right:0px\"><img decoding=\"async\" style=\"width:100%\" width=\"100%\" src=\"https:\/\/d2qc09rl1gfuof.cloudfront.net\/product\/SQZQYKYYCWSD5U146\/rc-offroad-truck-a100-1.11-pt.jpg\" slate-data-type=\"image\"\/><\/div>\n<\/div>\n<\/div>\n<\/div>\n<\/div>\n<\/div>\n<p><\/p>","protected":false},"excerpt":{"rendered":"<p>Hign-concerned Chemical:&nbsp;None Is Electric:&nbsp;No battery Barcode:&nbsp;No Power:&nbsp;Electric State of Assembly:&nbsp;Ready-to-Go Flight Time:&nbsp;21min Remote Distance:&nbsp;100m+ Scale:&nbsp;1:18 Dimensions:&nbsp;10.6 x 7.9 x 3.9 in \/ 270 x 200 x 100 mm Model Number:&nbsp;300E<\/p>","protected":false},"featured_media":25412,"comment_status":"open","ping_status":"closed","template":"","meta":{"_acf_changed":false},"product_brand":[],"product_cat":[519],"product_tag":[],"class_list":{"0":"post-25411","1":"product","2":"type-product","3":"status-publish","4":"has-post-thumbnail","6":"product_cat-rc-cars","8":"first","9":"instock","10":"shipping-taxable","11":"purchasable","12":"product-type-variable"},"acf":[],"_links":{"self":[{"href":"https:\/\/electricstore.eu\/de\/wp-json\/wp\/v2\/product\/25411","targetHints":{"allow":["GET"]}}],"collection":[{"href":"https:\/\/electricstore.eu\/de\/wp-json\/wp\/v2\/product"}],"about":[{"href":"https:\/\/electricstore.eu\/de\/wp-json\/wp\/v2\/types\/product"}],"replies":[{"embeddable":true,"href":"https:\/\/electricstore.eu\/de\/wp-json\/wp\/v2\/comments?post=25411"}],"wp:featuredmedia":[{"embeddable":true,"href":"https:\/\/electricstore.eu\/de\/wp-json\/wp\/v2\/media\/25412"}],"wp:attachment":[{"href":"https:\/\/electricstore.eu\/de\/wp-json\/wp\/v2\/media?parent=25411"}],"wp:term":[{"taxonomy":"product_brand","embeddable":true,"href":"https:\/\/electricstore.eu\/de\/wp-json\/wp\/v2\/product_brand?post=25411"},{"taxonomy":"product_cat","embeddable":true,"href":"https:\/\/electricstore.eu\/de\/wp-json\/wp\/v2\/product_cat?post=25411"},{"taxonomy":"product_tag","embeddable":true,"href":"https:\/\/electricstore.eu\/de\/wp-json\/wp\/v2\/product_tag?post=25411"}],"curies":[{"name":"wp","href":"https:\/\/api.w.org\/{rel}","templated":true}]}}