{"id":25382,"date":"2025-05-20T18:58:57","date_gmt":"2025-05-20T18:58:57","guid":{"rendered":"https:\/\/electricstore.eu\/p\/uncategorized\/vevor-rc-car-children-toys-remote-control-dump-truck-toys-9-channel-with-batteries-for-toddlers-boys-electric-car-kids-toys-gift\/"},"modified":"2025-05-20T19:01:08","modified_gmt":"2025-05-20T19:01:08","slug":"vevor-rc-car-children-toys-remote-control-dump-truck-toys-9-channel-with-batteries-for-toddlers-boys-electric-car-kids-toys-gift","status":"publish","type":"product","link":"https:\/\/electricstore.eu\/de\/p\/rc\/rc-cars\/vevor-rc-car-children-toys-remote-control-dump-truck-toys-9-channel-with-batteries-for-toddlers-boys-electric-car-kids-toys-gift\/","title":{"rendered":"VEVOR RC Auto Kinderspielzeug Fernbedienung Muldenkipper Spielzeug 9-Kanal mit Batterien f\u00fcr Kleinkinder Jungen Elektroauto Kinderspielzeug Geschenk"},"content":{"rendered":"<div class=\"product-specs-list-container\">\n<ul class=\"product-specs-list util-clearfix\">\n<li class=\"product-prop line-limit-length\"><span\n                                        class=\"property-title\">Hochgef\u00e4hrliche Chemikalie:&nbsp;<\/span><span\n                                        class=\"property-desc line-limit-length\">Keiner<\/span>\n                            <\/li>\n<li class=\"product-prop line-limit-length\"><span\n                                        class=\"property-title\">Ist elektrisch:&nbsp;<\/span><span\n                                        class=\"property-desc line-limit-length\">Keine Batterie<\/span>\n                            <\/li>\n<li class=\"product-prop line-limit-length\"><span\n                                        class=\"property-title\">Barcode:&nbsp;<\/span><span\n                                        class=\"property-desc line-limit-length\">NEIN<\/span>\n                            <\/li>\n<li class=\"product-prop line-limit-length\"><span\n                                        class=\"property-title\">Skala:&nbsp;<\/span><span\n                                        class=\"property-desc line-limit-length\">1:18<\/span>\n                            <\/li>\n<li class=\"product-prop line-limit-length\"><span\n                                        class=\"property-title\">Modellnummer:&nbsp;<\/span><span\n                                        class=\"property-desc line-limit-length\">1534<\/span>\n                            <\/li>\n<li class=\"product-prop line-limit-length\"><span\n                                        class=\"property-title\">Paket beinhaltet:&nbsp;<\/span><span\n                                        class=\"property-desc line-limit-length\">Batterien<\/span>\n                            <\/li>\n<li class=\"product-prop line-limit-length\"><span\n                                        class=\"property-title\">Steuerkan\u00e4le:&nbsp;<\/span><span\n                                        class=\"property-desc line-limit-length\">9 Kan\u00e4le<\/span>\n                            <\/li>\n<li class=\"product-prop line-limit-length\"><span\n                                        class=\"property-title\">Fernbedienung:&nbsp;<\/span><span\n                                        class=\"property-desc line-limit-length\">Ja<\/span>\n                            <\/li>\n<li class=\"product-prop line-limit-length\"><span\n                                        class=\"property-title\">Material:&nbsp;<\/span><span\n                                        class=\"property-desc line-limit-length\">Plastik<\/span>\n                            <\/li>\n<li class=\"product-prop line-limit-length\"><span\n                                        class=\"property-title\">Empfohlenes Alter:&nbsp;<\/span><span\n                                        class=\"property-desc line-limit-length\">6-12 Jahre<\/span>\n                            <\/li>\n<li class=\"product-prop line-limit-length\"><span\n                                        class=\"property-title\">Herkunft:&nbsp;<\/span><span\n                                        class=\"property-desc line-limit-length\">Festlandchina<\/span>\n                            <\/li>\n<li class=\"product-prop line-limit-length\"><span\n                                        class=\"property-title\">Design:&nbsp;<\/span><span\n                                        class=\"property-desc line-limit-length\">Dirtbike<\/span>\n                            <\/li>\n<li class=\"product-prop line-limit-length\"><span\n                                        class=\"property-title\">Typ:&nbsp;<\/span><span\n                                        class=\"property-desc line-limit-length\">Auto<\/span>\n                            <\/li>\n<li class=\"product-prop line-limit-length\"><span\n                                        class=\"property-title\">Merkmale:&nbsp;<\/span><span\n                                        class=\"property-desc line-limit-length\">FERNBEDIENUNG<\/span>\n                            <\/li>\n<li class=\"product-prop line-limit-length\"><span\n                                        class=\"property-title\">Marke:&nbsp;<\/span><span\n                                        class=\"property-desc line-limit-length\">VEVOR<\/span>\n                            <\/li>\n<li class=\"product-prop line-limit-length\"><span\n                                        class=\"property-title\">Alter:&nbsp;<\/span><span\n                                        class=\"property-desc line-limit-length\">8+<\/span>\n                            <\/li>\n<li class=\"product-prop line-limit-length\"><span\n                                        class=\"property-title\">Skala:&nbsp;<\/span><span\n                                        class=\"property-desc line-limit-length\">1:18<\/span>\n                            <\/li>\n<li class=\"product-prop line-limit-length\"><span\n                                        class=\"property-title\">Material:&nbsp;<\/span><span\n                                        class=\"property-desc line-limit-length\">Ladefl\u00e4che aus Kunststoff + Fahrerkabine aus Metall + Au\u00dfenh\u00fclle aus ABS-Kunststoff<\/span>\n                            <\/li>\n<li class=\"product-prop line-limit-length\"><span\n                                        class=\"property-title\">Akkulaufzeit:&nbsp;<\/span><span\n                                        class=\"property-desc line-limit-length\">40 Minuten<\/span>\n                            <\/li>\n<li class=\"product-prop line-limit-length\"><span\n                                        class=\"property-title\">H\u00f6chstgeschwindigkeit:&nbsp;<\/span><span\n                                        class=\"property-desc line-limit-length\">105 ft\/min (32 m\/min)<\/span>\n                            <\/li>\n<li class=\"product-prop line-limit-length\"><span\n                                        class=\"property-title\">Tragf\u00e4higkeit:&nbsp;<\/span><span\n                                        class=\"property-desc line-limit-length\">6 Pfund\/2,72 kg<\/span>\n                            <\/li>\n<li class=\"product-prop line-limit-length\"><span\n                                        class=\"property-title\">Produktgewicht:&nbsp;<\/span><span\n                                        class=\"property-desc line-limit-length\">2 Pfund\/0,91 kg<\/span>\n                            <\/li>\n<li class=\"product-prop line-limit-length\"><span\n                                        class=\"property-title\">Typ:&nbsp;<\/span><span\n                                        class=\"property-desc line-limit-length\">RC-Muldenkipper<\/span>\n                            <\/li>\n<\/ul><\/div>\n<div class=\"detailmodule_html\">\n<div class=\"detail-desc-decorate-richtext\">\n<div style=\"font-family:&quot;Open sans&quot;, Arial, Helvetica, sans-serif\">\n<div><img decoding=\"async\" style=\"width:100%\" width=\"100%\" src=\"https:\/\/d2qc09rl1gfuof.cloudfront.net\/vevor\/boutique-banner\/pc\/banner-en.jpg\" slate-data-type=\"image\"\/><\/div>\n<div>\n<div style=\"font-size:16px;font-weight:bold;text-align:center;color:rgb(34, 34, 34);margin:24px 0px;margin-bottom:24px;margin-top:24px;margin-left:0px;margin-right:0px\" align=\"center\">Bauen, Fahren, Fantasieren: Das ultimative RC-Muldenkipper-Abenteuer!<\/div>\n<div><img decoding=\"async\" style=\"width:100%\" width=\"100%\" src=\"https:\/\/d2qc09rl1gfuof.cloudfront.net\/product\/CDXJSCZ6TDKCG89AR\/rc-dump-truck-a100-1.4-pt.jpg\" slate-data-type=\"image\"\/><\/div>\n<div style=\"font-size:14px;text-align:center;color:rgb(34, 34, 34);margin:16px 0px 24px;margin-bottom:24px;margin-top:16px;margin-left:0px;margin-right:0px\" align=\"center\">Erleben Sie die Faszination eines echten Muldenkippers mit diesem ferngesteuerten Modell! Dank der intuitiven Bedienung per Touchscreen mit Funktionen wie Ladefl\u00e4che, Batteriefach und simulierter Hydraulikstange f\u00fchlt er sich t\u00e4uschend echt an. Soundeffekte und rutschfeste Gummireifen sorgen f\u00fcr zus\u00e4tzlichen Fahrspa\u00df!<\/div>\n<\/div>\n<div>\n<div style=\"margin:8px 0px;margin-bottom:8px;margin-top:8px;margin-left:0px;margin-right:0px\"><img decoding=\"async\" style=\"width:100%\" width=\"100%\" src=\"https:\/\/d2qc09rl1gfuof.cloudfront.net\/product\/CDXJSCZ6TDKCG89AR\/rc-dump-truck-a100-2.2-pt.jpg\" slate-data-type=\"image\"\/><\/div>\n<div style=\"font-size:14px;text-align:center;color:rgb(34, 34, 34);margin:16px 0px 24px;margin-bottom:24px;margin-top:16px;margin-left:0px;margin-right:0px\" align=\"center\">Bew\u00e4ltigen Sie jedes Terrain mit Leichtigkeit! Dieser ferngesteuerte Muldenkipper meistert holprige Wege und glatte Stra\u00dfen m\u00fchelos und sorgt so f\u00fcr ein aufregendes Fahrerlebnis. Genie\u00dfen Sie verschiedene Fahrmodi und erkunden Sie unterschiedliche Umgebungen.<\/div>\n<\/div>\n<div>\n<div style=\"margin:8px 0px;margin-bottom:8px;margin-top:8px;margin-left:0px;margin-right:0px\"><img decoding=\"async\" style=\"width:100%\" width=\"100%\" src=\"https:\/\/d2qc09rl1gfuof.cloudfront.net\/product\/CDXJSCZ6TDKCG89AR\/rc-dump-truck-a100-2.3-pt.jpg\" slate-data-type=\"image\"\/><\/div>\n<div style=\"font-size:14px;text-align:center;color:rgb(34, 34, 34);margin:16px 0px 24px;margin-bottom:24px;margin-top:16px;margin-left:0px;margin-right:0px\" align=\"center\">Mit diesem ferngesteuerten Muldenkipper aus hochwertigen Materialien k\u00f6nnen Kinder in eine realistische Baustellensimulation eintauchen. Die Sound- und Lichteffekte sorgen f\u00fcr ein authentisches Erlebnis, zeigen die Arbeit eines echten Muldenkippers und erh\u00f6hen den interaktiven Spielspa\u00df.<\/div>\n<\/div>\n<div>\n<div style=\"margin:8px 0px;margin-bottom:8px;margin-top:8px;margin-left:0px;margin-right:0px\"><img decoding=\"async\" style=\"width:100%\" width=\"100%\" src=\"https:\/\/d2qc09rl1gfuof.cloudfront.net\/product\/CDXJSCZ6TDKCG89AR\/rc-dump-truck-a100-2.4-pt.jpg\" slate-data-type=\"image\"\/><\/div>\n<div style=\"font-size:14px;text-align:center;color:rgb(34, 34, 34);margin:16px 0px 24px;margin-bottom:24px;margin-top:16px;margin-left:0px;margin-right:0px\" align=\"center\">Steuern Sie Ihren ferngesteuerten Muldenkipper aus bis zu 30 Metern Entfernung und erwecken Sie Ihre Sandkastenszenen zum Leben! Er l\u00e4dt schnell und hat eine lange Laufzeit, sodass Sie endlos spielen k\u00f6nnen, ohne sich Gedanken \u00fcber den Akku machen zu m\u00fcssen.<\/div>\n<\/div>\n<div>\n<div style=\"margin:8px 0px;margin-bottom:8px;margin-top:8px;margin-left:0px;margin-right:0px\"><img decoding=\"async\" style=\"width:100%\" width=\"100%\" src=\"https:\/\/d2qc09rl1gfuof.cloudfront.net\/product\/CDXJSCZ6TDKCG89AR\/rc-dump-truck-a100-2.5-pt.jpg\" slate-data-type=\"image\"\/><\/div>\n<div style=\"font-size:14px;text-align:center;color:rgb(34, 34, 34);margin:16px 0px 24px;margin-bottom:24px;margin-top:16px;margin-left:0px;margin-right:0px\" align=\"center\">Dieser Spielzeug-M\u00fcllwagen f\u00f6rdert die Kreativit\u00e4t und hilft Kindern, ihre Feinmotorik und ihr r\u00e4umliches Vorstellungsverm\u00f6gen zu entwickeln. Ob beim Bau einer Mini-Stadt oder beim Erschaffen eines Traumhauses \u2013 mit diesem tollen Geschenk k\u00f6nnen Kinder ihrer Fantasie freien Lauf lassen.<\/div>\n<\/div>\n<div style=\"margin:16px 0px 24px;margin-bottom:24px;margin-top:16px;margin-left:0px;margin-right:0px\"><\/div>\n<div style=\"margin:24px 0px;margin-bottom:24px;margin-top:24px;margin-left:0px;margin-right:0px\">\n<div style=\"font-size:16px;font-weight:bold;color:rgb(34, 34, 34);margin:24px 0px 16px;margin-bottom:16px;margin-top:24px;margin-left:0px;margin-right:0px\">Funktionen und Details<\/div>\n<ul style=\"margin:16px 0px 24px;margin-bottom:24px;margin-top:16px;margin-left:0px;margin-right:0px\">\n<li style=\"font-size:14px;color:rgb(34, 34, 34)\">\n<p>9-Kanal-Spielspa\u00df: Dieser ferngesteuerte Muldenkipper bietet 9 Steuerungskan\u00e4le f\u00fcr realistisches Spielvergn\u00fcgen. Details wie die Ladefl\u00e4che, das Batteriefach und die simulierte Hydraulikstange sorgen f\u00fcr ein authentisches Fahrgef\u00fchl. Dank realistischer Ger\u00e4usche und rutschfester Gummireifen ist jede Menge Spa\u00df garantiert!<\/p>\n<\/li>\n<li style=\"font-size:14px;color:rgb(34, 34, 34)\">\n<p>Robust und langlebig: Dieser ferngesteuerte Muldenkipper ist aus widerstandsf\u00e4higen Materialien gefertigt, darunter eine stabile Ladefl\u00e4che, ein robustes Batteriefach und eine nachgebildete Hydraulikstange. Er bew\u00e4ltigt m\u00fchelos Lasten von \u00fcber 2,7 kg. Er ist robust genug f\u00fcr alle Abenteuer, die sich Ihre Kinder ausdenken.<\/p>\n<\/li>\n<li style=\"font-size:14px;color:rgb(34, 34, 34)\">\n<p>Kraftvoller Allradantrieb: Dank seines starken Allradantriebs meistert der ferngesteuerte Muldenkipper m\u00fchelos Gras, Stra\u00dfen und Sand. Auf glatten Oberfl\u00e4chen erreicht er Geschwindigkeiten von bis zu 32 m\/min und sorgt so f\u00fcr aufregende Fahrten.<\/p>\n<\/li>\n<li style=\"font-size:14px;color:rgb(34, 34, 34)\">\n<p>30 Meter Reichweite der Fernbedienung: Dank einer Reichweite von bis zu 30 Metern k\u00f6nnen Kinder den ferngesteuerten Muldenkipper aus der Ferne steuern und bedienen und so ihre Koordination und ihr Zeitmanagement verbessern. Genie\u00dfen Sie die einfache Steuerung \u00fcber gro\u00dfe Entfernungen und das schnelle Aufladen \u2013 nur 1\u20132 Stunden Ladezeit f\u00fcr bis zu 40 Minuten Spielzeit.<\/p>\n<\/li>\n<li style=\"font-size:14px;color:rgb(34, 34, 34)\">\n<p>Spielspa\u00df f\u00fcr die ganze Familie: Dieser Kipplaster ist perfekt f\u00fcr Einzelspieler oder Familien. Eltern und Kinder k\u00f6nnen gemeinsam entdecken, planen und bauen \u2013 eine tolle M\u00f6glichkeit, die Bindung zu st\u00e4rken und die Kreativit\u00e4t anzuregen. Also, schnapp dir den LKW und starte ein spannendes Abenteuer!<\/p>\n<\/li>\n<\/ul>\n<\/div>\n<div>\n<div>\n<div style=\"margin:16px 0px 24px;margin-bottom:24px;margin-top:16px;margin-left:0px;margin-right:0px\"><img decoding=\"async\" style=\"width:100%\" width=\"100%\" src=\"https:\/\/d2qc09rl1gfuof.cloudfront.net\/product\/CDXJSCZ6TDKCG89AR\/rc-dump-truck-a100-1.11-pt.jpg\" slate-data-type=\"image\"\/><\/div>\n<\/div>\n<\/div>\n<\/div>\n<\/div>\n<\/div>\n<p><\/p>","protected":false},"excerpt":{"rendered":"<p>Hign-concerned Chemical:&nbsp;None Is Electric:&nbsp;No battery Barcode:&nbsp;No Scale:&nbsp;1:18 Model Number:&nbsp;1534 Package Includes:&nbsp;Batteries Control Channels:&nbsp;9 Channels Remote Control:&nbsp;Yes Material:&nbsp;Plastic Recommend Age:&nbsp;6-12Y Origin:&nbsp;Mainland China Design:&nbsp;Dirt Bike Type:&nbsp;Car Features:&nbsp;REMOTE CONTROL Brand:&nbsp;VEVOR Age:&nbsp;8+ Scale:&nbsp;1:18 Material:&nbsp;Plastic<\/p>","protected":false},"featured_media":25383,"comment_status":"open","ping_status":"closed","template":"","meta":{"_acf_changed":false},"product_brand":[],"product_cat":[519],"product_tag":[],"class_list":{"0":"post-25382","1":"product","2":"type-product","3":"status-publish","4":"has-post-thumbnail","6":"product_cat-rc-cars","8":"first","9":"instock","10":"shipping-taxable","11":"purchasable","12":"product-type-variable"},"acf":[],"_links":{"self":[{"href":"https:\/\/electricstore.eu\/de\/wp-json\/wp\/v2\/product\/25382","targetHints":{"allow":["GET"]}}],"collection":[{"href":"https:\/\/electricstore.eu\/de\/wp-json\/wp\/v2\/product"}],"about":[{"href":"https:\/\/electricstore.eu\/de\/wp-json\/wp\/v2\/types\/product"}],"replies":[{"embeddable":true,"href":"https:\/\/electricstore.eu\/de\/wp-json\/wp\/v2\/comments?post=25382"}],"wp:featuredmedia":[{"embeddable":true,"href":"https:\/\/electricstore.eu\/de\/wp-json\/wp\/v2\/media\/25383"}],"wp:attachment":[{"href":"https:\/\/electricstore.eu\/de\/wp-json\/wp\/v2\/media?parent=25382"}],"wp:term":[{"taxonomy":"product_brand","embeddable":true,"href":"https:\/\/electricstore.eu\/de\/wp-json\/wp\/v2\/product_brand?post=25382"},{"taxonomy":"product_cat","embeddable":true,"href":"https:\/\/electricstore.eu\/de\/wp-json\/wp\/v2\/product_cat?post=25382"},{"taxonomy":"product_tag","embeddable":true,"href":"https:\/\/electricstore.eu\/de\/wp-json\/wp\/v2\/product_tag?post=25382"}],"curies":[{"name":"wp","href":"https:\/\/api.w.org\/{rel}","templated":true}]}}