{"id":25336,"date":"2025-05-20T18:58:42","date_gmt":"2025-05-20T18:58:42","guid":{"rendered":"https:\/\/electricstore.eu\/p\/uncategorized\/vevor-440lbs-wireless-electric-lifting-hoist-with-40ft-single-20ft-double-slings-lifting-height-lift-hoist-for-garage-warehouse\/"},"modified":"2025-05-20T19:00:04","modified_gmt":"2025-05-20T19:00:04","slug":"vevor-440lbs-wireless-electric-lifting-hoist-with-40ft-single-20ft-double-slings-lifting-height-lift-hoist-for-garage-warehouse","status":"publish","type":"product","link":"https:\/\/electricstore.eu\/de\/p\/o\/electric-lifting-hoists\/vevor-440lbs-wireless-electric-lifting-hoist-with-40ft-single-20ft-double-slings-lifting-height-lift-hoist-for-garage-warehouse\/","title":{"rendered":"VEVOR 440lbs kabelloser elektrischer Hebezeug mit 40ft Einzel-\/20ft Doppelgurten, Hubh\u00f6henverstellung f\u00fcr Garage und Lagerhalle"},"content":{"rendered":"<div class=\"product-specs-list-container\">\n<ul class=\"product-specs-list util-clearfix\">\n<li class=\"product-prop line-limit-length\"><span\n                                        class=\"property-title\">Hochgef\u00e4hrliche Chemikalie:&nbsp;<\/span><span\n                                        class=\"property-desc line-limit-length\">Keiner<\/span>\n                            <\/li>\n<li class=\"product-prop line-limit-length\"><span\n                                        class=\"property-title\">Modellnummer:&nbsp;<\/span><span\n                                        class=\"property-desc line-limit-length\">PA200<\/span>\n                            <\/li>\n<li class=\"product-prop line-limit-length\"><span\n                                        class=\"property-title\">Herkunft:&nbsp;<\/span><span\n                                        class=\"property-desc line-limit-length\">Festlandchina<\/span>\n                            <\/li>\n<li class=\"product-prop line-limit-length\"><span\n                                        class=\"property-title\">Markenname:&nbsp;<\/span><span\n                                        class=\"property-desc line-limit-length\">VEVOR<\/span>\n                            <\/li>\n<\/ul><\/div>\n<div class=\"detailmodule_html\">\n<div class=\"detail-desc-decorate-richtext\">\n<div style=\"font-family:&quot;Open sans&quot;, Arial, Helvetica, sans-serif\">\n<div><img decoding=\"async\" style=\"width:100%\" width=\"100%\" src=\"https:\/\/d2qc09rl1gfuof.cloudfront.net\/vevor\/boutique-banner\/pc\/banner-en.jpg\" slate-data-type=\"image\"\/><\/div>\n<div>\n<div style=\"font-size:16px;font-weight:bold;text-align:center;color:rgb(34, 34, 34);margin:24px 0px;margin-bottom:24px;margin-top:24px;margin-left:0px;margin-right:0px\" align=\"center\">VEVOR Elektrohebezeug \u2013 Heben Sie Ihre Last m\u00fchelos an<\/div>\n<div><img decoding=\"async\" style=\"width:100%\" width=\"100%\" src=\"https:\/\/d2qc09rl1gfuof.cloudfront.net\/product\/DDGSSHLYXWXSZ60OH\/electric-hoist-a100-1.4-pt.jpg\" slate-data-type=\"image\"\/><\/div>\n<div style=\"font-size:14px;text-align:center;color:rgb(34, 34, 34);margin:16px 0px 24px;margin-bottom:24px;margin-top:16px;margin-left:0px;margin-right:0px\" align=\"center\">Ausgestattet mit einem zuverl\u00e4ssigen, luftgek\u00fchlten Kupfermotor erm\u00f6glicht dieser Elektrohebezeug ein m\u00fcheloses und gleichm\u00e4\u00dfiges Heben. Sein K\u00fchlsystem und der L\u00fcfter verhindern eine \u00dcberhitzung, sodass Sie l\u00e4nger und ohne Unterbrechung arbeiten k\u00f6nnen.<\/div>\n<\/div>\n<div>\n<div style=\"margin:8px 0px;margin-bottom:8px;margin-top:8px;margin-left:0px;margin-right:0px\"><img decoding=\"async\" style=\"width:100%\" width=\"100%\" src=\"https:\/\/d2qc09rl1gfuof.cloudfront.net\/product\/DDGSSHLYXWXSZ60OH\/electric-hoist-a100-2.2-pt.jpg\" slate-data-type=\"image\"\/><\/div>\n<div style=\"font-size:14px;text-align:center;color:rgb(34, 34, 34);margin:16px 0px 24px;margin-bottom:24px;margin-top:16px;margin-left:0px;margin-right:0px\" align=\"center\">Brauchen Sie Geschwindigkeit oder Kraft? Wechseln Sie zwischen dem Einseilbetrieb f\u00fcr schnellere Hebevorg\u00e4nge bei leichteren Lasten und dem Zweiseilbetrieb f\u00fcr schwerere Aufgaben. Unsere elektrische Seilwinde ist f\u00fcr jede Herausforderung ger\u00fcstet.<\/div>\n<\/div>\n<div>\n<div style=\"margin:8px 0px;margin-bottom:8px;margin-top:8px;margin-left:0px;margin-right:0px\"><img decoding=\"async\" style=\"width:100%\" width=\"100%\" src=\"https:\/\/d2qc09rl1gfuof.cloudfront.net\/product\/DDGSSHLYXWXSZ60OH\/electric-hoist-a100-2.3-pt.jpg\" slate-data-type=\"image\"\/><\/div>\n<div style=\"font-size:14px;text-align:center;color:rgb(34, 34, 34);margin:16px 0px 24px;margin-bottom:24px;margin-top:16px;margin-left:0px;margin-right:0px\" align=\"center\">Ob nah oder fern \u2013 dieser Deckenlift bietet Ihnen sowohl kabelgebundene als auch drahtlose Steuerungsm\u00f6glichkeiten. Mit einer drahtlosen Reichweite von bis zu 100 m und einem Not-Aus-Schalter genie\u00dfen Sie Sicherheit und Flexibilit\u00e4t f\u00fcr ein optimales Ergebnis.<\/div>\n<\/div>\n<div>\n<div style=\"margin:8px 0px;margin-bottom:8px;margin-top:8px;margin-left:0px;margin-right:0px\"><img decoding=\"async\" style=\"width:100%\" width=\"100%\" src=\"https:\/\/d2qc09rl1gfuof.cloudfront.net\/product\/DDGSSHLYXWXSZ60OH\/electric-hoist-a100-2.4-pt.jpg\" slate-data-type=\"image\"\/><\/div>\n<div style=\"font-size:14px;text-align:center;color:rgb(34, 34, 34);margin:16px 0px 24px;margin-bottom:24px;margin-top:16px;margin-left:0px;margin-right:0px\" align=\"center\">Unser Garagenheber ist aus robustem legiertem Stahl und einem beschichteten Stahlseil gefertigt und zeichnet sich durch seine hohe Stabilit\u00e4t aus. Dank des dicken Seils und der Kippsicherung bew\u00e4ltigt er auch schwere Lasten sicher, w\u00e4hrend der \u00dcberhitzungsschutz f\u00fcr einen reibungslosen Betrieb sorgt.<\/div>\n<\/div>\n<div>\n<div style=\"margin:8px 0px;margin-bottom:8px;margin-top:8px;margin-left:0px;margin-right:0px\"><img decoding=\"async\" style=\"width:100%\" width=\"100%\" src=\"https:\/\/d2qc09rl1gfuof.cloudfront.net\/product\/DDGSSHLYXWXSZ60OH\/electric-hoist-a100-2.5-pt.jpg\" slate-data-type=\"image\"\/><\/div>\n<div style=\"font-size:14px;text-align:center;color:rgb(34, 34, 34);margin:16px 0px 24px;margin-bottom:24px;margin-top:16px;margin-left:0px;margin-right:0px\" align=\"center\">Ob in der Garage, im Lager oder in der Werkstatt \u2013 dieser elektrische Seilzug passt sich einer Vielzahl von Aufgaben an und ist somit das ideale Werkzeug f\u00fcr jedes Projekt.<\/div>\n<\/div>\n<div style=\"margin:16px 0px 24px;margin-bottom:24px;margin-top:16px;margin-left:0px;margin-right:0px\"><\/div>\n<div style=\"margin:24px 0px;margin-bottom:24px;margin-top:24px;margin-left:0px;margin-right:0px\">\n<div style=\"font-size:16px;font-weight:bold;color:rgb(34, 34, 34);margin:24px 0px 16px;margin-bottom:16px;margin-top:24px;margin-left:0px;margin-right:0px\">Funktionen und Details<\/div>\n<ul style=\"margin:16px 0px 24px;margin-bottom:24px;margin-top:16px;margin-left:0px;margin-right:0px\">\n<li style=\"font-size:14px;color:rgb(34, 34, 34)\">\n<p>Tragf\u00e4higkeit 200 kg: Dieser elektrische Hebezeug hebt m\u00fchelos kleine Motoren, Getriebe, gro\u00dfe Werkstattger\u00e4te oder Baumaterialien. Tragf\u00e4higkeit: 100 kg (Einzelseil), 200 kg (Doppelseil).<\/p>\n<\/li>\n<li style=\"font-size:14px;color:rgb(34, 34, 34)\">\n<p>Leistungsstarker Motor: Der hochwertige Kupfermotor liefert starke Leistung und h\u00e4lt hohen Kr\u00e4ften stand, ohne die elektrische Winde zu verformen. Zus\u00e4tzlich sorgt der gro\u00dfe L\u00fcfter f\u00fcr eine schnelle K\u00fchlung und verhindert so eine \u00dcberhitzung. Dadurch gew\u00e4hrleistet dieser leistungsstarke Motor einen effizienten Betrieb und spart Ihnen Zeit und Energie.<\/p>\n<\/li>\n<li style=\"font-size:14px;color:rgb(34, 34, 34)\">\n<p>Einfache Installation: Unser Garagenlift l\u00e4sst sich mithilfe von Metall- oder Massivholzleisten direkt an der Decke befestigen. Zus\u00e4tzlich ist er mit einem Not-Aus-Schalter und einem elektromagnetischen Bremssystem ausgestattet, um ein unkontrolliertes Abrutschen zu verhindern.<\/p>\n<\/li>\n<li style=\"font-size:14px;color:rgb(34, 34, 34)\">\n<p>Zwei Steuerungsm\u00f6glichkeiten: Dank kabelgebundener und kabelloser Fernbedienung haben Sie mit diesem Deckenlift die volle Kontrolle. Die kabelgebundene Fernbedienung hat eine Reichweite von 4,2 m, die kabellose sogar bis zu 100 m. Die praktische Schalterfunktion erm\u00f6glicht die einh\u00e4ndige Bedienung zum Heben, Senken und Positionieren des Ger\u00e4ts.<\/p>\n<\/li>\n<li style=\"font-size:14px;color:rgb(34, 34, 34)\">\n<p>Vielseitige Einsatzm\u00f6glichkeiten: Dieser elektrische Seilzug findet breite Anwendung in Garagen, Fabriken, Lagerhallen und Privathaushalten sowie bei Profis und Heimwerkern. Er eignet sich f\u00fcr Reparaturen an Schiffen, Autos, Rasenm\u00e4hern, Golfwagen, f\u00fcr die Hausdekoration, Motoren, Felsbrocken, B\u00e4ume usw.<\/p>\n<\/li>\n<\/ul>\n<\/div>\n<div>\n<div>\n<div style=\"margin:16px 0px 24px;margin-bottom:24px;margin-top:16px;margin-left:0px;margin-right:0px\"><img decoding=\"async\" style=\"width:100%\" width=\"100%\" src=\"https:\/\/d2qc09rl1gfuof.cloudfront.net\/product\/DDGSSHLYXWXSZ60OH\/electric-hoist-a100-1.11-pt.jpg\" slate-data-type=\"image\"\/><\/div>\n<\/div>\n<\/div>\n<\/div>\n<div><\/div>\n<\/div>\n<\/div>\n<p><\/p>","protected":false},"excerpt":{"rendered":"<p>Hign-concerned Chemical:&nbsp;None Model Number:&nbsp;PA200 Origin:&nbsp;Mainland China Brand Name:&nbsp;VEVOR VEVOR Electric Hoist \u2013 Lift Your Cargo with No Effort Equipped with a reliable air-cooled copper motor, this electric hoist makes lifting<\/p>","protected":false},"featured_media":25337,"comment_status":"open","ping_status":"closed","template":"","meta":{"_acf_changed":false},"product_brand":[],"product_cat":[517],"product_tag":[],"class_list":{"0":"post-25336","1":"product","2":"type-product","3":"status-publish","4":"has-post-thumbnail","6":"product_cat-electric-lifting-hoists","8":"first","9":"instock","10":"shipping-taxable","11":"purchasable","12":"product-type-variable"},"acf":[],"_links":{"self":[{"href":"https:\/\/electricstore.eu\/de\/wp-json\/wp\/v2\/product\/25336","targetHints":{"allow":["GET"]}}],"collection":[{"href":"https:\/\/electricstore.eu\/de\/wp-json\/wp\/v2\/product"}],"about":[{"href":"https:\/\/electricstore.eu\/de\/wp-json\/wp\/v2\/types\/product"}],"replies":[{"embeddable":true,"href":"https:\/\/electricstore.eu\/de\/wp-json\/wp\/v2\/comments?post=25336"}],"wp:featuredmedia":[{"embeddable":true,"href":"https:\/\/electricstore.eu\/de\/wp-json\/wp\/v2\/media\/25337"}],"wp:attachment":[{"href":"https:\/\/electricstore.eu\/de\/wp-json\/wp\/v2\/media?parent=25336"}],"wp:term":[{"taxonomy":"product_brand","embeddable":true,"href":"https:\/\/electricstore.eu\/de\/wp-json\/wp\/v2\/product_brand?post=25336"},{"taxonomy":"product_cat","embeddable":true,"href":"https:\/\/electricstore.eu\/de\/wp-json\/wp\/v2\/product_cat?post=25336"},{"taxonomy":"product_tag","embeddable":true,"href":"https:\/\/electricstore.eu\/de\/wp-json\/wp\/v2\/product_tag?post=25336"}],"curies":[{"name":"wp","href":"https:\/\/api.w.org\/{rel}","templated":true}]}}