{"id":24992,"date":"2025-05-20T18:43:48","date_gmt":"2025-05-20T18:43:48","guid":{"rendered":"https:\/\/electricstore.eu\/p\/uncategorized\/vevor-2640lbs-electric-hoist-winch-230v-with-14ft-wired-remote-control-40ft-single-cable-lifting-height-lift-hoist-for-garage\/"},"modified":"2025-05-20T18:47:24","modified_gmt":"2025-05-20T18:47:24","slug":"vevor-2640lbs-electric-hoist-winch-230v-with-14ft-wired-remote-control-40ft-single-cable-lifting-height-lift-hoist-for-garage","status":"publish","type":"product","link":"https:\/\/electricstore.eu\/de\/p\/o\/electric-lifting-hoists\/vevor-2640lbs-electric-hoist-winch-230v-with-14ft-wired-remote-control-40ft-single-cable-lifting-height-lift-hoist-for-garage\/","title":{"rendered":"VEVOR 2640Lbs Elektrische Seilwinde 230V mit 14ft Kabelfernbedienung 40ft Einzelkabel Hubh\u00f6henlift f\u00fcr Garage"},"content":{"rendered":"<div class=\"product-specs-list-container\">\n<ul class=\"product-specs-list util-clearfix\">\n<li class=\"product-prop line-limit-length\"><span\n                                        class=\"property-title\">Hochgef\u00e4hrliche Chemikalie:&nbsp;<\/span><span\n                                        class=\"property-desc line-limit-length\">Keiner<\/span>\n                            <\/li>\n<li class=\"product-prop line-limit-length\"><span\n                                        class=\"property-title\">Modellnummer:&nbsp;<\/span><span\n                                        class=\"property-desc line-limit-length\">PA1200<\/span>\n                            <\/li>\n<li class=\"product-prop line-limit-length\"><span\n                                        class=\"property-title\">Herkunft:&nbsp;<\/span><span\n                                        class=\"property-desc line-limit-length\">Festlandchina<\/span>\n                            <\/li>\n<li class=\"product-prop line-limit-length\"><span\n                                        class=\"property-title\">Markenname:&nbsp;<\/span><span\n                                        class=\"property-desc line-limit-length\">VEVOR<\/span>\n                            <\/li>\n<\/ul><\/div>\n<div class=\"detailmodule_html\">\n<div class=\"detail-desc-decorate-richtext\">\n<div style=\"font-family:&quot;Open sans&quot;, Arial, Helvetica, sans-serif\">\n<div><img decoding=\"async\" style=\"width:100%\" width=\"100%\" src=\"https:\/\/d2qc09rl1gfuof.cloudfront.net\/vevor\/boutique-banner\/pc\/banner-en.jpg\" slate-data-type=\"image\"\/><\/div>\n<div>\n<div style=\"font-size:16px;font-weight:bold;text-align:center;color:rgb(34, 34, 34);margin:24px 0px;margin-bottom:24px;margin-top:24px;margin-left:0px;margin-right:0px\" align=\"center\">VEVOR Elektrohebezeug \u2013 Heben Sie Ihre Last m\u00fchelos an<\/div>\n<div><img decoding=\"async\" style=\"width:100%\" width=\"100%\" src=\"https:\/\/d2qc09rl1gfuof.cloudfront.net\/product\/DDGSSHLYXYKKENXQQ\/electric-hoist-a100-1.4.jpg\" slate-data-type=\"image\"\/><\/div>\n<div style=\"font-size:14px;text-align:center;color:rgb(34, 34, 34);margin:16px 0px 24px;margin-bottom:24px;margin-top:16px;margin-left:0px;margin-right:0px\" align=\"center\">VEVOR, Ihr exklusiver Werkzeugexperte. Dieser elektrische Hebezeug verf\u00fcgt \u00fcber einen Motor aus reinem Kupfer und bietet eine hohe Tragf\u00e4higkeit zum Heben schwerer Gegenst\u00e4nde. Dank des verl\u00e4ngerten, 4,27 m langen Kabels l\u00e4sst sich das Hebezeug auch in einem sicheren Bereich bedienen.<\/div>\n<\/div>\n<div>\n<div style=\"margin:8px 0px;margin-bottom:8px;margin-top:8px;margin-left:0px;margin-right:0px\"><img decoding=\"async\" style=\"width:100%\" width=\"100%\" src=\"https:\/\/d2qc09rl1gfuof.cloudfront.net\/product\/DDGSSHLYXYKKENXQQ\/electric-hoist-a100-2.2.jpg\" slate-data-type=\"image\"\/><\/div>\n<div style=\"font-size:14px;text-align:center;color:rgb(34, 34, 34);margin:16px 0px 24px;margin-bottom:24px;margin-top:16px;margin-left:0px;margin-right:0px\" align=\"center\">Brauchen Sie Geschwindigkeit oder Kraft? Wechseln Sie zwischen dem Einseilbetrieb f\u00fcr schnellere Hebevorg\u00e4nge bei leichteren Lasten und dem Zweiseilbetrieb f\u00fcr schwerere Aufgaben. Unsere elektrische Seilwinde ist f\u00fcr jede Herausforderung ger\u00fcstet.<\/div>\n<\/div>\n<div>\n<div style=\"margin:8px 0px;margin-bottom:8px;margin-top:8px;margin-left:0px;margin-right:0px\"><img decoding=\"async\" style=\"width:100%\" width=\"100%\" src=\"https:\/\/d2qc09rl1gfuof.cloudfront.net\/product\/DDGSSHLYXYKKENXQQ\/electric-hoist-a100-2.3.jpg\" slate-data-type=\"image\"\/><\/div>\n<div style=\"font-size:14px;text-align:center;color:rgb(34, 34, 34);margin:16px 0px 24px;margin-bottom:24px;margin-top:16px;margin-left:0px;margin-right:0px\" align=\"center\">Ob nah oder fern \u2013 dieser Deckenlift l\u00e4sst sich bequem per Kabelfernbedienung steuern. Mit einer Reichweite von bis zu 4,2 Metern und einem Not-Aus-Schalter bietet er Ihnen Sicherheit und Flexibilit\u00e4t f\u00fcr eine reibungslose Arbeit.<\/div>\n<\/div>\n<div>\n<div style=\"margin:8px 0px;margin-bottom:8px;margin-top:8px;margin-left:0px;margin-right:0px\"><img decoding=\"async\" style=\"width:100%\" width=\"100%\" src=\"https:\/\/d2qc09rl1gfuof.cloudfront.net\/product\/DDGSSHLYXYKKENXQQ\/electric-hoist-a100-2.4.jpg\" slate-data-type=\"image\"\/><\/div>\n<div style=\"font-size:14px;text-align:center;color:rgb(34, 34, 34);margin:16px 0px 24px;margin-bottom:24px;margin-top:16px;margin-left:0px;margin-right:0px\" align=\"center\">Ausgestattet mit einem zuverl\u00e4ssigen, luftgek\u00fchlten Kupfermotor erm\u00f6glicht dieser Garagenheber ein m\u00fcheloses und gleichm\u00e4\u00dfiges Heben. Sein K\u00fchlsystem und der L\u00fcfter verhindern eine \u00dcberhitzung, sodass Sie l\u00e4nger und ohne Unterbrechung arbeiten k\u00f6nnen.<\/div>\n<\/div>\n<div>\n<div style=\"margin:8px 0px;margin-bottom:8px;margin-top:8px;margin-left:0px;margin-right:0px\"><img decoding=\"async\" style=\"width:100%\" width=\"100%\" src=\"https:\/\/d2qc09rl1gfuof.cloudfront.net\/product\/DDGSSHLYXYKKENXQQ\/electric-hoist-a100-2.5.jpg\" slate-data-type=\"image\"\/><\/div>\n<div style=\"font-size:14px;text-align:center;color:rgb(34, 34, 34);margin:16px 0px 24px;margin-bottom:24px;margin-top:16px;margin-left:0px;margin-right:0px\" align=\"center\">Ob in der Garage, im Lager oder in der Werkstatt \u2013 dieser elektrische Seilzug passt sich einer Vielzahl von Aufgaben an und ist somit das ideale Werkzeug f\u00fcr jedes Projekt.<\/div>\n<\/div>\n<div style=\"margin:16px 0px 24px;margin-bottom:24px;margin-top:16px;margin-left:0px;margin-right:0px\"><\/div>\n<div style=\"margin:24px 0px;margin-bottom:24px;margin-top:24px;margin-left:0px;margin-right:0px\">\n<div style=\"font-size:16px;font-weight:bold;color:rgb(34, 34, 34);margin:24px 0px 16px;margin-bottom:16px;margin-top:24px;margin-left:0px;margin-right:0px\">Funktionen und Details<\/div>\n<ul style=\"margin:16px 0px 24px;margin-bottom:24px;margin-top:16px;margin-left:0px;margin-right:0px\">\n<li style=\"font-size:14px;color:rgb(34, 34, 34)\">\n<p>Tragf\u00e4higkeit 1200 kg: Dieser elektrische Hebezeug hebt m\u00fchelos kleine Motoren, Getriebe, gro\u00dfe Werkstattger\u00e4te oder Baumaterialien. Tragf\u00e4higkeit: 600 kg (einfaches Seil), 1200 kg (doppeltes Seil).<\/p>\n<\/li>\n<li style=\"font-size:14px;color:rgb(34, 34, 34)\">\n<p>Leistungsstarker Motor: Der hochwertige Kupfermotor liefert starke Leistung und h\u00e4lt hohen Kr\u00e4ften stand, ohne die elektrische Winde zu verformen. Zus\u00e4tzlich sorgt der gro\u00dfe L\u00fcfter f\u00fcr eine schnelle K\u00fchlung und verhindert so eine \u00dcberhitzung. Dadurch gew\u00e4hrleistet dieser leistungsstarke Motor einen effizienten Betrieb und spart Ihnen Zeit und Energie.<\/p>\n<\/li>\n<li style=\"font-size:14px;color:rgb(34, 34, 34)\">\n<p>Einfache Installation: Unser Garagenlift l\u00e4sst sich mithilfe von Metall- oder Massivholzleisten direkt an der Decke befestigen. Zus\u00e4tzlich ist er mit einem Not-Aus-Schalter und einem elektromagnetischen Bremssystem ausgestattet, um ein unkontrolliertes Abrutschen zu verhindern.<\/p>\n<\/li>\n<li style=\"font-size:14px;color:rgb(34, 34, 34)\">\n<p>Fernbedienung: Die kabelgebundene Fernbedienung erfolgt \u00fcber einen Schalter an der am Deckenlift installierten Kabelsteuerung. Das Kabel ist ca. 4,3 m lang und erm\u00f6glicht so eine sichere Bedienung aus sicherer Entfernung.<\/p>\n<\/li>\n<li style=\"font-size:14px;color:rgb(34, 34, 34)\">\n<p>Vielseitige Einsatzm\u00f6glichkeiten: Dieser elektrische Seilzug findet breite Anwendung in Garagen, Fabriken, Lagerhallen und Privathaushalten sowie bei Profis und Heimwerkern. Er eignet sich f\u00fcr Reparaturen an Schiffen, Autos, Rasenm\u00e4hern, Golfwagen, f\u00fcr die Hausdekoration, Motoren, Felsbrocken, B\u00e4ume usw.<\/p>\n<\/li>\n<\/ul>\n<\/div>\n<div>\n<div>\n<div style=\"margin:16px 0px 24px;margin-bottom:24px;margin-top:16px;margin-left:0px;margin-right:0px\"><img decoding=\"async\" style=\"width:100%\" width=\"100%\" src=\"https:\/\/d2qc09rl1gfuof.cloudfront.net\/product\/DDGSSHLYXYKKENXQQ\/electric-hoist-a100-1.11.jpg\" slate-data-type=\"image\"\/><\/div>\n<\/div>\n<\/div>\n<\/div>\n<div><\/div>\n<\/div>\n<\/div>\n<p><\/p>","protected":false},"excerpt":{"rendered":"<p>Hign-concerned Chemical:&nbsp;None Model Number:&nbsp;PA1200 Origin:&nbsp;Mainland China Brand Name:&nbsp;VEVOR VEVOR Electric Hoist \u2013 Lift Your Cargo with No Effort VEVOR, your exclusive tool expert. This electric hoist features a pure copper<\/p>","protected":false},"featured_media":24993,"comment_status":"open","ping_status":"closed","template":"","meta":{"_acf_changed":false},"product_brand":[],"product_cat":[517],"product_tag":[],"class_list":{"0":"post-24992","1":"product","2":"type-product","3":"status-publish","4":"has-post-thumbnail","6":"product_cat-electric-lifting-hoists","8":"first","9":"instock","10":"shipping-taxable","11":"purchasable","12":"product-type-variable"},"acf":[],"_links":{"self":[{"href":"https:\/\/electricstore.eu\/de\/wp-json\/wp\/v2\/product\/24992","targetHints":{"allow":["GET"]}}],"collection":[{"href":"https:\/\/electricstore.eu\/de\/wp-json\/wp\/v2\/product"}],"about":[{"href":"https:\/\/electricstore.eu\/de\/wp-json\/wp\/v2\/types\/product"}],"replies":[{"embeddable":true,"href":"https:\/\/electricstore.eu\/de\/wp-json\/wp\/v2\/comments?post=24992"}],"wp:featuredmedia":[{"embeddable":true,"href":"https:\/\/electricstore.eu\/de\/wp-json\/wp\/v2\/media\/24993"}],"wp:attachment":[{"href":"https:\/\/electricstore.eu\/de\/wp-json\/wp\/v2\/media?parent=24992"}],"wp:term":[{"taxonomy":"product_brand","embeddable":true,"href":"https:\/\/electricstore.eu\/de\/wp-json\/wp\/v2\/product_brand?post=24992"},{"taxonomy":"product_cat","embeddable":true,"href":"https:\/\/electricstore.eu\/de\/wp-json\/wp\/v2\/product_cat?post=24992"},{"taxonomy":"product_tag","embeddable":true,"href":"https:\/\/electricstore.eu\/de\/wp-json\/wp\/v2\/product_tag?post=24992"}],"curies":[{"name":"wp","href":"https:\/\/api.w.org\/{rel}","templated":true}]}}