{"id":24974,"date":"2025-05-20T18:43:39","date_gmt":"2025-05-20T18:43:39","guid":{"rendered":"https:\/\/electricstore.eu\/p\/uncategorized\/vevor-2200-lbs-electric-chain-hoist-single-phase-overhead-lifting-crane-with-chain-10-ft-wired-remote-control-for-garage\/"},"modified":"2025-05-20T18:46:42","modified_gmt":"2025-05-20T18:46:42","slug":"vevor-2200-lbs-electric-chain-hoist-single-phase-overhead-lifting-crane-with-chain-10-ft-wired-remote-control-for-garage","status":"publish","type":"product","link":"https:\/\/electricstore.eu\/de\/p\/o\/electric-lifting-hoists\/vevor-2200-lbs-electric-chain-hoist-single-phase-overhead-lifting-crane-with-chain-10-ft-wired-remote-control-for-garage\/","title":{"rendered":"VEVOR 2200 lbs Elektrokettenzug, einphasig, mit Kette, 10 ft Kabelfernbedienung f\u00fcr Garagen"},"content":{"rendered":"<div class=\"product-specs-list-container\">\n<ul class=\"product-specs-list util-clearfix\">\n<li class=\"product-prop line-limit-length\"><span\n                                        class=\"property-title\">Hochgef\u00e4hrliche Chemikalie:&nbsp;<\/span><span\n                                        class=\"property-desc line-limit-length\">Keiner<\/span>\n                            <\/li>\n<li class=\"product-prop line-limit-length\"><span\n                                        class=\"property-title\">Modellnummer:&nbsp;<\/span><span\n                                        class=\"property-desc line-limit-length\">H10<\/span>\n                            <\/li>\n<li class=\"product-prop line-limit-length\"><span\n                                        class=\"property-title\">Herkunft:&nbsp;<\/span><span\n                                        class=\"property-desc line-limit-length\">Festlandchina<\/span>\n                            <\/li>\n<li class=\"product-prop line-limit-length\"><span\n                                        class=\"property-title\">Markenname:&nbsp;<\/span><span\n                                        class=\"property-desc line-limit-length\">VEVOR<\/span>\n                            <\/li>\n<\/ul><\/div>\n<div class=\"detailmodule_html\">\n<div class=\"detail-desc-decorate-richtext\">\n<div style=\"font-family:&quot;Open sans&quot;, Arial, Helvetica, sans-serif\">\n<div><img decoding=\"async\" style=\"width:100%\" width=\"100%\" src=\"https:\/\/d2qc09rl1gfuof.cloudfront.net\/vevor\/boutique-banner\/pc\/banner-en.jpg\" slate-data-type=\"image\"\/><\/div>\n<div>\n<div style=\"font-size:16px;font-weight:bold;text-align:center;color:rgb(34, 34, 34);margin:24px 0px;margin-bottom:24px;margin-top:24px;margin-left:0px;margin-right:0px\" align=\"center\">VEVOR Elektrokettenzug \u2013 Ver\u00e4ndern Sie Ihre Sicht auf das Heben<\/div>\n<div><img decoding=\"async\" style=\"width:100%\" width=\"100%\" src=\"https:\/\/d2qc09rl1gfuof.cloudfront.net\/product\/DDSHLHLDXD11P0U2T\/chain-hoist-a100-1.4-pt.jpg\" slate-data-type=\"image\"\/><\/div>\n<div style=\"font-size:14px;text-align:center;color:rgb(34, 34, 34);margin:16px 0px 24px;margin-bottom:24px;margin-top:16px;margin-left:0px;margin-right:0px\" align=\"center\">Bew\u00e4ltigen Sie jede schwere Aufgabe mit einer Zugkraft von 1000 kg! Unser elektrischer Kettenzug ist die ideale L\u00f6sung f\u00fcr Arbeiten in Garage und Werkstatt. Dank Schutzart IP54 ist er f\u00fcr alle Wetterbedingungen und Umgebungen geeignet und bietet zuverl\u00e4ssige Leistung.<\/div>\n<\/div>\n<div>\n<div style=\"margin:8px 0px;margin-bottom:8px;margin-top:8px;margin-left:0px;margin-right:0px\"><img decoding=\"async\" style=\"width:100%\" width=\"100%\" src=\"https:\/\/d2qc09rl1gfuof.cloudfront.net\/product\/DDSHLHLDXD11P0U2T\/chain-hoist-a100-2.2-pt.jpg\" slate-data-type=\"image\"\/><\/div>\n<div style=\"font-size:14px;text-align:center;color:rgb(34, 34, 34);margin:16px 0px 24px;margin-bottom:24px;margin-top:16px;margin-left:0px;margin-right:0px\" align=\"center\">Lernen Sie die robuste, einsatzgeh\u00e4rtete Kette des Elektrokettenzugs kennen. Mit einer maximalen Dehnung von \u00fcber 51 TP7T ist sie extrem langlebig und absolut zuverl\u00e4ssig. Kein Brechen, kein Verbiegen \u2013 pure Hubkraft!<\/div>\n<\/div>\n<div>\n<div style=\"margin:8px 0px;margin-bottom:8px;margin-top:8px;margin-left:0px;margin-right:0px\"><img decoding=\"async\" style=\"width:100%\" width=\"100%\" src=\"https:\/\/d2qc09rl1gfuof.cloudfront.net\/product\/DDSHLHLDXD11P0U2T\/chain-hoist-a100-2.3-pt.jpg\" slate-data-type=\"image\"\/><\/div>\n<div style=\"font-size:14px;text-align:center;color:rgb(34, 34, 34);margin:16px 0px 24px;margin-bottom:24px;margin-top:16px;margin-left:0px;margin-right:0px\" align=\"center\">Schluss mit dem Stress! Unser elektrischer Kettenzug wird mit einer Hebeschlinge und einer reaktionsschnellen Fernbedienung geliefert, mit der Sie m\u00fchelos heben und senken k\u00f6nnen. Sicher, komfortabel und macht Spa\u00df \u2013 was will man mehr?<\/div>\n<\/div>\n<div>\n<div style=\"margin:8px 0px;margin-bottom:8px;margin-top:8px;margin-left:0px;margin-right:0px\"><img decoding=\"async\" style=\"width:100%\" width=\"100%\" src=\"https:\/\/d2qc09rl1gfuof.cloudfront.net\/product\/DDSHLHLDXD11P0U2T\/chain-hoist-a100-2.4-pt.jpg\" slate-data-type=\"image\"\/><\/div>\n<div style=\"font-size:14px;text-align:center;color:rgb(34, 34, 34);margin:16px 0px 24px;margin-bottom:24px;margin-top:16px;margin-left:0px;margin-right:0px\" align=\"center\">Angetrieben von einem Kupfermotor mit Isolierung der Klasse F, h\u00e4lt diese elektrische Kettenzugvorrichtung Temperaturen bis zu 155 \u00b0C stand. Mit einer Drehzahl von 11.500 U\/min bietet sie die n\u00f6tige Kraft, um jede Aufgabe zu bew\u00e4ltigen, egal unter welchen Bedingungen.<\/div>\n<\/div>\n<div>\n<div style=\"margin:8px 0px;margin-bottom:8px;margin-top:8px;margin-left:0px;margin-right:0px\"><img decoding=\"async\" style=\"width:100%\" width=\"100%\" src=\"https:\/\/d2qc09rl1gfuof.cloudfront.net\/product\/DDSHLHLDXD11P0U2T\/chain-hoist-a100-2.5-pt.jpg\" slate-data-type=\"image\"\/><\/div>\n<div style=\"font-size:14px;text-align:center;color:rgb(34, 34, 34);margin:16px 0px 24px;margin-bottom:24px;margin-top:16px;margin-left:0px;margin-right:0px\" align=\"center\">Eine Person, ein Hebezeug, unendliche M\u00f6glichkeiten. Unser elektrischer Kettenzug ist f\u00fcr eine schnelle und einfache Installation konzipiert, sodass Sie sofort mit dem Heben und Transportieren beginnen k\u00f6nnen. Steigern Sie Ihre Produktivit\u00e4t noch heute!<\/div>\n<\/div>\n<div style=\"margin:16px 0px 24px;margin-bottom:24px;margin-top:16px;margin-left:0px;margin-right:0px\"><\/div>\n<div style=\"margin:24px 0px;margin-bottom:24px;margin-top:24px;margin-left:0px;margin-right:0px\">\n<div style=\"font-size:16px;font-weight:bold;color:rgb(34, 34, 34);margin:24px 0px 16px;margin-bottom:16px;margin-top:24px;margin-left:0px;margin-right:0px\">Funktionen und Details<\/div>\n<ul style=\"margin:16px 0px 24px;margin-bottom:24px;margin-top:16px;margin-left:0px;margin-right:0px\">\n<li style=\"font-size:14px;color:rgb(34, 34, 34)\">\n<p>1000 kg Tragkraft: Erleben Sie eine Hubkraft von bis zu 1000 kg! Unser elektrischer Kettenzug ist mit einer hochwertigen, einsatzgeh\u00e4rteten DT-Kette ausgestattet, die f\u00fcr Langlebigkeit und St\u00e4rke sorgt. Dank der Hubh\u00f6he von 3 m ist er flexibel einsetzbar und eignet sich f\u00fcr jeden Raum.<\/p>\n<\/li>\n<li style=\"font-size:14px;color:rgb(34, 34, 34)\">\n<p>Leistungsstarker Motor: Sp\u00fcren Sie die Kraft! Der Kupfermotor unseres elektrischen Kettenzugs ist besonders langlebig und mit einer Isolierung der Klasse F f\u00fcr zuverl\u00e4ssigen Betrieb selbst bei hohen Temperaturen bis zu 155 \u00b0C ausgestattet. Mit bis zu 11.500 U\/min bew\u00e4ltigt er m\u00fchelos jede schwere Hebeaufgabe. Ob drinnen oder drau\u00dfen \u2013 dieser Kettenzug ist der perfekte Begleiter.<\/p>\n<\/li>\n<li style=\"font-size:14px;color:rgb(34, 34, 34)\">\n<p>M\u00fchelose Installation: Die Installation ist kinderleicht! Befestigen Sie unseren elektrischen Kettenzug einfach mit Metall- oder Holzleisten an Ihrer Decke. Er verf\u00fcgt \u00fcber einen Not-Aus-Schalter und eine elektromagnetische Bremse, sodass Sie sich auf seine Sicherheit verlassen k\u00f6nnen.<\/p>\n<\/li>\n<li style=\"font-size:14px;color:rgb(34, 34, 34)\">\n<p>Verl\u00e4ngertes Steuerkabel: Mit unserem 3 m langen Steuerkabel haben Sie stets die volle Kontrolle. Bedienen Sie den elektrischen Kettenzug bequem aus sicherer Entfernung \u00fcber den benutzerfreundlichen Handschalter.<\/p>\n<\/li>\n<li style=\"font-size:14px;color:rgb(34, 34, 34)\">\n<p>Ein Hebezeug f\u00fcr alle F\u00e4lle: Unser elektrischer Kettenzug ist ideal f\u00fcr Garagen, Werkst\u00e4tten, Hotels und Privathaushalte und ein unverzichtbares Werkzeug f\u00fcr Profis und Heimwerker. Heben Sie Boote, Autos, Rasenm\u00e4her, Golfwagen, Dekoartikel, Motoren, Felsbrocken, B\u00e4ume, schwere Maschinen oder h\u00e4ngen Sie sogar Ihre Jagdtroph\u00e4en m\u00fchelos auf. Der vielseitige Helfer, nach dem Sie gesucht haben!<\/p>\n<\/li>\n<\/ul>\n<\/div>\n<div>\n<div>\n<div style=\"margin:16px 0px 24px;margin-bottom:24px;margin-top:16px;margin-left:0px;margin-right:0px\"><img decoding=\"async\" style=\"width:100%\" width=\"100%\" src=\"https:\/\/d2qc09rl1gfuof.cloudfront.net\/product\/DDSHLHLDXD11P0U2T\/chain-hoist-a100-1.11-pt.jpg\" slate-data-type=\"image\"\/><\/div>\n<\/div>\n<\/div>\n<\/div>\n<\/div>\n<\/div>\n<p><\/p>","protected":false},"excerpt":{"rendered":"<p>Hign-concerned Chemical:&nbsp;None Model Number:&nbsp;H10 Origin:&nbsp;Mainland China Brand Name:&nbsp;VEVOR VEVOR Electric Chain Hoist \u2013 Change the Way You Look at Lifting Tackle any heavy lifter with 2200 lbs of strength! Our<\/p>","protected":false},"featured_media":24975,"comment_status":"open","ping_status":"closed","template":"","meta":{"_acf_changed":false},"product_brand":[],"product_cat":[517],"product_tag":[],"class_list":{"0":"post-24974","1":"product","2":"type-product","3":"status-publish","4":"has-post-thumbnail","6":"product_cat-electric-lifting-hoists","8":"first","9":"instock","10":"shipping-taxable","11":"purchasable","12":"product-type-variable"},"acf":[],"_links":{"self":[{"href":"https:\/\/electricstore.eu\/de\/wp-json\/wp\/v2\/product\/24974","targetHints":{"allow":["GET"]}}],"collection":[{"href":"https:\/\/electricstore.eu\/de\/wp-json\/wp\/v2\/product"}],"about":[{"href":"https:\/\/electricstore.eu\/de\/wp-json\/wp\/v2\/types\/product"}],"replies":[{"embeddable":true,"href":"https:\/\/electricstore.eu\/de\/wp-json\/wp\/v2\/comments?post=24974"}],"wp:featuredmedia":[{"embeddable":true,"href":"https:\/\/electricstore.eu\/de\/wp-json\/wp\/v2\/media\/24975"}],"wp:attachment":[{"href":"https:\/\/electricstore.eu\/de\/wp-json\/wp\/v2\/media?parent=24974"}],"wp:term":[{"taxonomy":"product_brand","embeddable":true,"href":"https:\/\/electricstore.eu\/de\/wp-json\/wp\/v2\/product_brand?post=24974"},{"taxonomy":"product_cat","embeddable":true,"href":"https:\/\/electricstore.eu\/de\/wp-json\/wp\/v2\/product_cat?post=24974"},{"taxonomy":"product_tag","embeddable":true,"href":"https:\/\/electricstore.eu\/de\/wp-json\/wp\/v2\/product_tag?post=24974"}],"curies":[{"name":"wp","href":"https:\/\/api.w.org\/{rel}","templated":true}]}}