{"id":24949,"date":"2025-05-20T18:43:35","date_gmt":"2025-05-20T18:43:35","guid":{"rendered":"https:\/\/electricstore.eu\/p\/uncategorized\/vevor-200-300-350-lbs-beach-fishing-cart-with-two-11-13-16-wheels-7-rod-holders-steel-pier-wagon-trolley-for-sand-picnic\/"},"modified":"2025-05-20T18:46:42","modified_gmt":"2025-05-20T18:46:42","slug":"vevor-200-300-350-lbs-beach-fishing-cart-with-two-11-13-16-wheels-7-rod-holders-steel-pier-wagon-trolley-for-sand-picnic","status":"publish","type":"product","link":"https:\/\/electricstore.eu\/de\/p\/o\/bike-trailers-and-wagons\/vevor-200-300-350-lbs-beach-fishing-cart-with-two-11-13-16-wheels-7-rod-holders-steel-pier-wagon-trolley-for-sand-picnic\/","title":{"rendered":"VEVOR 200\/300\/350 lbs Strand-Angelwagen mit zwei 11\u2033\/13\u2033\/16\u2033 R\u00e4dern 7 Rutenhaltern Stahl-Pierwagen-Trolley f\u00fcr Sandpicknick"},"content":{"rendered":"<div class=\"product-specs-list-container\">\n<ul class=\"product-specs-list util-clearfix\">\n<li class=\"product-prop line-limit-length\"><span\n                                        class=\"property-title\">Hochgef\u00e4hrliche Chemikalie:&nbsp;<\/span><span\n                                        class=\"property-desc line-limit-length\">Keiner<\/span>\n                            <\/li>\n<li class=\"product-prop line-limit-length\"><span\n                                        class=\"property-title\">Herkunft:&nbsp;<\/span><span\n                                        class=\"property-desc line-limit-length\">Festlandchina<\/span>\n                            <\/li>\n<li class=\"product-prop line-limit-length\"><span\n                                        class=\"property-title\">Tragf\u00e4higkeit:&nbsp;<\/span><span\n                                        class=\"property-desc line-limit-length\">200\/300\/350 Pfund<\/span>\n                            <\/li>\n<li class=\"product-prop line-limit-length\"><span\n                                        class=\"property-title\">Markenname:&nbsp;<\/span><span\n                                        class=\"property-desc line-limit-length\">VEVOR<\/span>\n                            <\/li>\n<li class=\"product-prop line-limit-length\"><span\n                                        class=\"property-title\">Marke:&nbsp;<\/span><span\n                                        class=\"property-desc line-limit-length\">VEVOR<\/span>\n                            <\/li>\n<li class=\"product-prop line-limit-length\"><span\n                                        class=\"property-title\">Maximale Tragf\u00e4higkeit:&nbsp;<\/span><span\n                                        class=\"property-desc line-limit-length\">200\/300\/350 Pfund<\/span>\n                            <\/li>\n<li class=\"product-prop line-limit-length\"><span\n                                        class=\"property-title\">Radgr\u00f6\u00dfe:&nbsp;<\/span><span\n                                        class=\"property-desc line-limit-length\">13.11.2016 in<\/span>\n                            <\/li>\n<li class=\"product-prop line-limit-length\"><span\n                                        class=\"property-title\">Typ:&nbsp;<\/span><span\n                                        class=\"property-desc line-limit-length\">Strandangelwagen<\/span>\n                            <\/li>\n<li class=\"product-prop line-limit-length\"><span\n                                        class=\"property-title\">Farbe:&nbsp;<\/span><span\n                                        class=\"property-desc line-limit-length\">Schwarz\/Wei\u00df<\/span>\n                            <\/li>\n<\/ul><\/div>\n<div class=\"detailmodule_html\">\n<div class=\"detail-desc-decorate-richtext\">\n<div class=\"detailmodule_dynamic\">\n <kse:widget data-widget-type=\"customText\" id=\"1005000000821364\" type=\"relation\"><\/kse:widget>\n<\/div>\n<div style=\"font-family:&quot;Open sans&quot;, Arial, Helvetica, sans-serif\">\n<div>\n  <img decoding=\"async\" style=\"width:100%\" width=\"100%\" src=\"https:\/\/d2qc09rl1gfuof.cloudfront.net\/vevor\/boutique-banner\/pc\/banner-en.jpg\" slate-data-type=\"image\" \/>\n <\/div>\n<div>\n<div style=\"font-size:16px;font-weight:bold;text-align:center;color:rgb(34, 34, 34);margin:24px 0px;margin-bottom:24px;margin-top:24px;margin-left:0px;margin-right:0px\" align=\"center\">\n   VEVOR Strand-Angelwagen: Ihr zuverl\u00e4ssiger Outdoor-Kumpel\n  <\/div>\n<div>\n   <img decoding=\"async\" style=\"width:100%\" width=\"100%\" src=\"https:\/\/d2qc09rl1gfuof.cloudfront.net\/product\/LLKYJC11YC0080XFQ\/fishing-cart-a100-1.4.jpg\" slate-data-type=\"image\" \/>\n  <\/div>\n<div style=\"font-size:14px;text-align:center;color:rgb(34, 34, 34);margin:16px 0px 24px;margin-bottom:24px;margin-top:16px;margin-left:0px;margin-right:0px\" align=\"center\">\n   Stellen Sie sich vor: ein Angelwagen mit robustem Stahlrahmen, der dank 11-Zoll-Luftreifen leichtg\u00e4ngig rollt. Mit seinen Ma\u00dfen von 86 x 37 x 18 cm und einer Tragkraft von bis zu 90 kg sowie 7 Rutenhaltern ist er der perfekte Begleiter f\u00fcr Ihre Angelausfl\u00fcge.\n  <\/div><\/div>\n<div>\n<div style=\"margin:8px 0px;margin-bottom:8px;margin-top:8px;margin-left:0px;margin-right:0px\">\n   <img decoding=\"async\" style=\"width:100%\" width=\"100%\" src=\"https:\/\/d2qc09rl1gfuof.cloudfront.net\/product\/LLKYJC11YC0080XFQ\/fishing-cart-a100-2.2.jpg\" slate-data-type=\"image\" \/>\n  <\/div>\n<div style=\"font-size:14px;text-align:center;color:rgb(34, 34, 34);margin:16px 0px 24px;margin-bottom:24px;margin-top:16px;margin-left:0px;margin-right:0px\" align=\"center\">\n   Unser Strandangelwagen verf\u00fcgt \u00fcber R\u00e4der, die Herausforderungen lieben \u2013 ob Sandstr\u00e4nde, steinige Wege oder grasbewachsene Felder, sie machen jede Fahrt reibungslos und m\u00fchelos.\n  <\/div><\/div>\n<div>\n<div style=\"margin:8px 0px;margin-bottom:8px;margin-top:8px;margin-left:0px;margin-right:0px\">\n   <img decoding=\"async\" style=\"width:100%\" width=\"100%\" src=\"https:\/\/d2qc09rl1gfuof.cloudfront.net\/product\/LLKYJC11YC0080XFQ\/fishing-cart-a100-2.3.jpg\" slate-data-type=\"image\" \/>\n  <\/div>\n<div style=\"font-size:14px;text-align:center;color:rgb(34, 34, 34);margin:16px 0px 24px;margin-bottom:24px;margin-top:16px;margin-left:0px;margin-right:0px\" align=\"center\">\n   Wir haben auf Edelstahlbolzen umger\u00fcstet, die sich nicht l\u00f6sen, rosten und verschlei\u00dfen, und gew\u00e4hrleisten so einen robusten, zuverl\u00e4ssigen Angelwagen f\u00fcr den Strand, der auch nach langj\u00e4hrigem Gebrauch seine Form beh\u00e4lt.\n  <\/div><\/div>\n<div>\n<div style=\"margin:8px 0px;margin-bottom:8px;margin-top:8px;margin-left:0px;margin-right:0px\">\n   <img decoding=\"async\" style=\"width:100%\" width=\"100%\" src=\"https:\/\/d2qc09rl1gfuof.cloudfront.net\/product\/LLKYJC11YC0080XFQ\/fishing-cart-a100-2.4.jpg\" slate-data-type=\"image\" \/>\n  <\/div>\n<div style=\"font-size:14px;text-align:center;color:rgb(34, 34, 34);margin:16px 0px 24px;margin-bottom:24px;margin-top:16px;margin-left:0px;margin-right:0px\" align=\"center\">\n   Schluss mit der umst\u00e4ndlichen Radmontage. Unser Pier-Wagen verf\u00fcgt \u00fcber einen einfachen Stiftmechanismus f\u00fcr schnelles und einfaches Anbringen und Abnehmen der R\u00e4der sowie einen O-Ring-Stift f\u00fcr zus\u00e4tzliche Sicherheit.\n  <\/div><\/div>\n<div>\n<div style=\"margin:8px 0px;margin-bottom:8px;margin-top:8px;margin-left:0px;margin-right:0px\">\n   <img decoding=\"async\" style=\"width:100%\" width=\"100%\" src=\"https:\/\/d2qc09rl1gfuof.cloudfront.net\/product\/LLKYJC11YC0080XFQ\/fishing-cart-a100-2.5.jpg\" slate-data-type=\"image\" \/>\n  <\/div>\n<div style=\"font-size:14px;text-align:center;color:rgb(34, 34, 34);margin:16px 0px 24px;margin-bottom:24px;margin-top:16px;margin-left:0px;margin-right:0px\" align=\"center\">\n   Mehr als nur ein Begleiter beim Angeln! Ob Outdoor-Fotografie, Picknick oder Camping \u2013 dieser Angelwagen f\u00fcr den Pier transportiert Ihre gesamte Ausr\u00fcstung m\u00fchelos und erspart Ihnen so unn\u00f6tige Hin- und Herwege.\n  <\/div><\/div>\n<div style=\"margin:16px 0px 24px;margin-bottom:24px;margin-top:16px;margin-left:0px;margin-right:0px\"><\/div>\n<div style=\"margin:24px 0px;margin-bottom:24px;margin-top:24px;margin-left:0px;margin-right:0px\">\n<div style=\"font-size:16px;font-weight:bold;color:rgb(34, 34, 34);margin:24px 0px 16px;margin-bottom:16px;margin-top:24px;margin-left:0px;margin-right:0px\">\n   Funktionen und Details\n  <\/div>\n<ul style=\"margin:16px 0px 24px;margin-bottom:24px;margin-top:16px;margin-left:0px;margin-right:0px\">\n<li style=\"font-size:14px;color:rgb(34, 34, 34)\">\n<p>Robuster Rahmen: Lernen Sie den VEVOR Strandangelwagen kennen \u2013 gefertigt aus hochwertigem Stahl f\u00fcr einen Rahmen, der nicht nur widerstandsf\u00e4hig, sondern auch rostbest\u00e4ndig ist. Er ist wie ein zuverl\u00e4ssiger Angelpartner, auf den Sie sich immer verlassen k\u00f6nnen. Und dank seines geringen Gewichts k\u00f6nnen Sie sich ganz aufs Angeln konzentrieren!<\/p>\n<\/li>\n<li style=\"font-size:14px;color:rgb(34, 34, 34)\">\n<p>Praktische Luftreifen: Dieser Angelwagen f\u00fcr den Strand ist mit 11-Zoll-Luftreifen aus Gummi ausgestattet, die m\u00fchelos \u00fcber Sand, Schlamm, Kies und Gras gleiten. Diese R\u00e4der transportieren nicht nur Ihre Ausr\u00fcstung, sondern machen Ihre Fahrt zum perfekten Angelplatz so angenehm wie Ihre Lieblingsangelschnur.<\/p>\n<\/li>\n<li style=\"font-size:14px;color:rgb(34, 34, 34)\">\n<p>Gro\u00dfz\u00fcgiger Stauraum: Mit einem Rahmen von 86 cm L\u00e4nge, 37 cm Breite und 18 cm H\u00f6he sowie robusten 28 cm R\u00e4dern kann dieser Angelwagen bis zu 90 kg tragen. Surfausr\u00fcstung, Strandutensilien, alles, was Sie brauchen \u2013 packen Sie es ein und fahren Sie sorgenfrei los!<\/p>\n<\/li>\n<li style=\"font-size:14px;color:rgb(34, 34, 34)\">\n<p>Abnehmbare Konstruktion: Schluss mit sperrigen und schwer zu verstauenden einteiligen Wagen! Unser Angelwagen f\u00fcr den Pier ist abnehmbar und l\u00e4sst sich daher kinderleicht verstauen. Wie von Zauberhand: ein kompakter Wagen, der sich platzsparend in Ihrem Zuhause einf\u00fcgt.<\/p>\n<\/li>\n<li style=\"font-size:14px;color:rgb(34, 34, 34)\">\n<p>Multifunktional &amp; tragbar: Ausgestattet mit 7 Rutenhaltern und einem praktischen Ruteneinschub ist dieser Angelwagen ein echter Gewinn f\u00fcr Angler. Die Halter mit 5 cm Durchmesser bieten Platz f\u00fcr verschiedene Angelruten. Einfach die Rute schnappen, auswerfen und losangeln!<\/p>\n<\/li>\n<\/ul><\/div>\n<div>\n<div>\n<div style=\"margin:16px 0px 24px;margin-bottom:24px;margin-top:16px;margin-left:0px;margin-right:0px\">\n    <strong>200 Pfund 11-Zoll-Rad<\/strong>\n   <\/div>\n<div style=\"margin:16px 0px 24px;margin-bottom:24px;margin-top:16px;margin-left:0px;margin-right:0px\">\n    <img decoding=\"async\" style=\"width:100%\" width=\"100%\" src=\"https:\/\/d2qc09rl1gfuof.cloudfront.net\/product\/LLKYJC11YC0080XFQ\/fishing-cart-a100-1.11.jpg\" slate-data-type=\"image\" \/>\n   <\/div><\/div><\/div>\n<div>\n<div>\n<div style=\"margin:16px 0px 24px;margin-bottom:24px;margin-top:16px;margin-left:0px;margin-right:0px\">\n    <strong>300 Pfund 13-Zoll-Rad<\/strong>\n   <\/div>\n<div style=\"margin:16px 0px 24px;margin-bottom:24px;margin-top:16px;margin-left:0px;margin-right:0px\">\n    <img decoding=\"async\" style=\"width:100%\" width=\"100%\" src=\"https:\/\/d2qc09rl1gfuof.cloudfront.net\/product\/LLKYJC13YC0073FBM\/fishing-cart-a100-1.11.jpg\" slate-data-type=\"image\" \/>\n   <\/div><\/div><\/div>\n<div>\n<div>\n<div style=\"margin:16px 0px 24px;margin-bottom:24px;margin-top:16px;margin-left:0px;margin-right:0px\">\n    <strong>350 Pfund 16-Zoll-Rad<\/strong>\n   <\/div>\n<div style=\"margin:16px 0px 24px;margin-bottom:24px;margin-top:16px;margin-left:0px;margin-right:0px\">\n    <img decoding=\"async\" style=\"width:100%\" width=\"100%\" src=\"https:\/\/d2qc09rl1gfuof.cloudfront.net\/product\/LLKYJC15YC00NZ89O\/fishing-cart-a100-1.11.jpg\" slate-data-type=\"image\" \/>\n   <\/div><\/div><\/div>\n<\/div>\n<div class=\"detailmodule_dynamic\">\n <kse:widget data-widget-type=\"customText\" id=\"1005000000397265\" type=\"custom\"><\/kse:widget>\n<\/div>\n<p><\/p>\n<\/div>\n<\/div>","protected":false},"excerpt":{"rendered":"<p>Hign-concerned Chemical:&nbsp;None Origin:&nbsp;Mainland China Load Capacity:&nbsp;200\/300\/350lbs Brand Name:&nbsp;VEVOR Brand:&nbsp;VEVOR Maximum Weight Capacity:&nbsp;200\/300\/350lbs Wheel Size:&nbsp;11\/13\/16 in Type:&nbsp;Beach Fishing Cart Color:&nbsp;Black\/White VEVOR Beach Fishing Cart: Your Reliable Outdoor Buddy Picture this: a<\/p>","protected":false},"featured_media":24950,"comment_status":"open","ping_status":"closed","template":"","meta":{"_acf_changed":false},"product_brand":[],"product_cat":[523],"product_tag":[],"class_list":{"0":"post-24949","1":"product","2":"type-product","3":"status-publish","4":"has-post-thumbnail","6":"product_cat-bike-trailers-and-wagons","8":"first","9":"instock","10":"shipping-taxable","11":"purchasable","12":"product-type-variable"},"acf":[],"_links":{"self":[{"href":"https:\/\/electricstore.eu\/de\/wp-json\/wp\/v2\/product\/24949","targetHints":{"allow":["GET"]}}],"collection":[{"href":"https:\/\/electricstore.eu\/de\/wp-json\/wp\/v2\/product"}],"about":[{"href":"https:\/\/electricstore.eu\/de\/wp-json\/wp\/v2\/types\/product"}],"replies":[{"embeddable":true,"href":"https:\/\/electricstore.eu\/de\/wp-json\/wp\/v2\/comments?post=24949"}],"wp:featuredmedia":[{"embeddable":true,"href":"https:\/\/electricstore.eu\/de\/wp-json\/wp\/v2\/media\/24950"}],"wp:attachment":[{"href":"https:\/\/electricstore.eu\/de\/wp-json\/wp\/v2\/media?parent=24949"}],"wp:term":[{"taxonomy":"product_brand","embeddable":true,"href":"https:\/\/electricstore.eu\/de\/wp-json\/wp\/v2\/product_brand?post=24949"},{"taxonomy":"product_cat","embeddable":true,"href":"https:\/\/electricstore.eu\/de\/wp-json\/wp\/v2\/product_cat?post=24949"},{"taxonomy":"product_tag","embeddable":true,"href":"https:\/\/electricstore.eu\/de\/wp-json\/wp\/v2\/product_tag?post=24949"}],"curies":[{"name":"wp","href":"https:\/\/api.w.org\/{rel}","templated":true}]}}