{"id":24836,"date":"2025-05-20T18:43:08","date_gmt":"2025-05-20T18:43:08","guid":{"rendered":"https:\/\/electricstore.eu\/p\/uncategorized\/vevor-3000lbs-atv-utv-electric-winch-12v-dc-steel-rope-winch-with-39-ft-cable-roller-wired-remote-control-for-towing-off-road\/"},"modified":"2025-05-20T18:45:15","modified_gmt":"2025-05-20T18:45:15","slug":"vevor-3000lbs-atv-utv-electric-winch-12v-dc-steel-rope-winch-with-39-ft-cable-roller-wired-remote-control-for-towing-off-road","status":"publish","type":"product","link":"https:\/\/electricstore.eu\/de\/p\/o\/electric-winches\/vevor-3000lbs-atv-utv-electric-winch-12v-dc-steel-rope-winch-with-39-ft-cable-roller-wired-remote-control-for-towing-off-road\/","title":{"rendered":"VEVOR 3000lbs ATV\/UTV Elektrische Seilwinde 12V DC Stahlseilwinde mit 39ft Kabelrolle Kabelfernbedienung zum Abschleppen im Gel\u00e4nde"},"content":{"rendered":"<div class=\"product-specs-list-container\">\n<ul class=\"product-specs-list util-clearfix\">\n<li class=\"product-prop line-limit-length\"><span\n                                        class=\"property-title\">Hochgef\u00e4hrliche Chemikalie:&nbsp;<\/span><span\n                                        class=\"property-desc line-limit-length\">Keiner<\/span>\n                            <\/li>\n<li class=\"product-prop line-limit-length\"><span\n                                        class=\"property-title\">Herkunft:&nbsp;<\/span><span\n                                        class=\"property-desc line-limit-length\">Festlandchina<\/span>\n                            <\/li>\n<li class=\"product-prop line-limit-length\"><span\n                                        class=\"property-title\">Markenname:&nbsp;<\/span><span\n                                        class=\"property-desc line-limit-length\">VEVOR<\/span>\n                            <\/li>\n<li class=\"product-prop line-limit-length\"><span\n                                        class=\"property-title\">Marke:&nbsp;<\/span><span\n                                        class=\"property-desc line-limit-length\">VEVOR<\/span>\n                            <\/li>\n<li class=\"product-prop line-limit-length\"><span\n                                        class=\"property-title\">Nennzugkraft:&nbsp;<\/span><span\n                                        class=\"property-desc line-limit-length\">3000 lbs\/1361 kg<\/span>\n                            <\/li>\n<li class=\"product-prop line-limit-length\"><span\n                                        class=\"property-title\">Fernsteuerungsmodus:&nbsp;<\/span><span\n                                        class=\"property-desc line-limit-length\">Kabelfernbedienung<\/span>\n                            <\/li>\n<li class=\"product-prop line-limit-length\"><span\n                                        class=\"property-title\">Spannung\/Leistung:&nbsp;<\/span><span\n                                        class=\"property-desc line-limit-length\">12 V Gleichstrom \/ 1,3 PS<\/span>\n                            <\/li>\n<li class=\"product-prop line-limit-length\"><span\n                                        class=\"property-title\">Wasserdichtigkeit:&nbsp;<\/span><span\n                                        class=\"property-desc line-limit-length\">IP55<\/span>\n                            <\/li>\n<li class=\"product-prop line-limit-length\"><span\n                                        class=\"property-title\">Kabelmaterial:&nbsp;<\/span><span\n                                        class=\"property-desc line-limit-length\">Stahl, 7-litzig<\/span>\n                            <\/li>\n<li class=\"product-prop line-limit-length\"><span\n                                        class=\"property-title\">Material:&nbsp;<\/span><span\n                                        class=\"property-desc line-limit-length\">Legiertes Aluminium, Stahl, Kupfer, Kunststoff (PPS und PA usw.).<\/span>\n                            <\/li>\n<li class=\"product-prop line-limit-length\"><span\n                                        class=\"property-title\">Typ:&nbsp;<\/span><span\n                                        class=\"property-desc line-limit-length\">Elektrische Seilwinde<\/span>\n                            <\/li>\n<\/ul><\/div>\n<div class=\"detailmodule_html\">\n<div class=\"detail-desc-decorate-richtext\">\n<div style=\"font-family:&quot;Open sans&quot;, Arial, Helvetica, sans-serif\">\n<div><img decoding=\"async\" style=\"width:100%\" width=\"100%\" src=\"https:\/\/d2qc09rl1gfuof.cloudfront.net\/vevor\/boutique-banner\/pc\/banner-en.jpg\" slate-data-type=\"image\"\/><\/div>\n<div>\n<div style=\"font-size:16px;font-weight:bold;text-align:center;color:rgb(34, 34, 34);margin:24px 0px;margin-bottom:24px;margin-top:24px;margin-left:0px;margin-right:0px\" align=\"center\">3000 lbs ATV-Elektroseilwinde, Bezwingen Sie jedes Gel\u00e4nde souver\u00e4n<\/div>\n<div><img decoding=\"async\" style=\"width:100%\" width=\"100%\" src=\"https:\/\/d2qc09rl1gfuof.cloudfront.net\/product\/ATVGSSJPYXYK43JX7\/electric-winch-a100-1.4-pt.jpg\" slate-data-type=\"image\"\/><\/div>\n<div style=\"font-size:14px;text-align:center;color:rgb(34, 34, 34);margin:16px 0px 24px;margin-bottom:24px;margin-top:16px;margin-left:0px;margin-right:0px\" align=\"center\">Unsere robuste elektrische Seilwinde bietet eine Zugkraft von 1360 kg und ist wasserdicht gem\u00e4\u00df IP55 \u2013 ideal, um Ihr ATV oder UTV aus festgefahrenen Schlamml\u00f6chern zu befreien. Mit einem 12-V-Gleichstrommotor (1,3 PS) mit Permanentmagneten, einem \u00dcbersetzungsverh\u00e4ltnis von 153:1 und einem Stahlseil sorgt sie daf\u00fcr, dass Sie nie lange feststecken.<\/div>\n<\/div>\n<div>\n<div style=\"margin:8px 0px;margin-bottom:8px;margin-top:8px;margin-left:0px;margin-right:0px\"><img decoding=\"async\" style=\"width:100%\" width=\"100%\" src=\"https:\/\/d2qc09rl1gfuof.cloudfront.net\/product\/ATVGSSJPYXYK43JX7\/electric-winch-a100-2.2-pt.jpg\" slate-data-type=\"image\"\/><\/div>\n<div style=\"font-size:14px;text-align:center;color:rgb(34, 34, 34);margin:16px 0px 24px;margin-bottom:24px;margin-top:16px;margin-left:0px;margin-right:0px\" align=\"center\">Unsere elektrische Seilwinde wird von einem robusten 12-V-Gleichstrommotor mit 1,3 PS (12 kW) angetrieben und liefert stets konstante und effiziente Leistung. Dank des fortschrittlichen Planetengetriebes und einer \u00dcbersetzung von 153:1 genie\u00dfen Sie eine gleichm\u00e4\u00dfige und zuverl\u00e4ssige Zugkraft, selbst unter widrigen Wetterbedingungen oder in tiefem Schlamm.<\/div>\n<\/div>\n<div>\n<div style=\"margin:8px 0px;margin-bottom:8px;margin-top:8px;margin-left:0px;margin-right:0px\"><img decoding=\"async\" style=\"width:100%\" width=\"100%\" src=\"https:\/\/d2qc09rl1gfuof.cloudfront.net\/product\/ATVGSSJPYXYK43JX7\/electric-winch-a100-2.3-pt.jpg\" slate-data-type=\"image\"\/><\/div>\n<div style=\"font-size:14px;text-align:center;color:rgb(34, 34, 34);margin:16px 0px 24px;margin-bottom:24px;margin-top:16px;margin-left:0px;margin-right:0px\" align=\"center\">Unsere ATV-Seilwinde ist mit einem hochwertigen Seil ausgestattet, dessen letzte f\u00fcnf Wicklungen zur zus\u00e4tzlichen Sicherheit rot markiert sind. Sie verf\u00fcgt \u00fcber die Schutzart IP55 (wasserdicht) und eine robuste, mattschwarze Oberfl\u00e4che, sodass sie auch starkem Regen und rauen Bedingungen problemlos standh\u00e4lt.<\/div>\n<\/div>\n<div>\n<div style=\"margin:8px 0px;margin-bottom:8px;margin-top:8px;margin-left:0px;margin-right:0px\"><img decoding=\"async\" style=\"width:100%\" width=\"100%\" src=\"https:\/\/d2qc09rl1gfuof.cloudfront.net\/product\/ATVGSSJPYXYK43JX7\/electric-winch-a100-2.4-pt.jpg\" slate-data-type=\"image\"\/><\/div>\n<div style=\"font-size:14px;text-align:center;color:rgb(34, 34, 34);margin:16px 0px 24px;margin-bottom:24px;margin-top:16px;margin-left:0px;margin-right:0px\" align=\"center\">Unser UTV-Seilwindenseil wurde f\u00fcr h\u00e4rteste Eins\u00e4tze entwickelt und widersteht widrigen Witterungsbedingungen und extremen Temperaturen. So bew\u00e4ltigt es diverse Zugaufgaben mit der angegebenen Zugkraft, ohne zu rei\u00dfen. Dank der deutlichen Lastmarkierungen auf jeder Lage profitieren Sie zudem von h\u00f6chster Materialstabilit\u00e4t und maximaler Zugsicherheit.<\/div>\n<\/div>\n<div>\n<div style=\"margin:8px 0px;margin-bottom:8px;margin-top:8px;margin-left:0px;margin-right:0px\"><img decoding=\"async\" style=\"width:100%\" width=\"100%\" src=\"https:\/\/d2qc09rl1gfuof.cloudfront.net\/product\/ATVGSSJPYXYK43JX7\/electric-winch-a100-2.5-pt.jpg\" slate-data-type=\"image\"\/><\/div>\n<div style=\"font-size:14px;text-align:center;color:rgb(34, 34, 34);margin:16px 0px 24px;margin-bottom:24px;margin-top:16px;margin-left:0px;margin-right:0px\" align=\"center\">Nie mehr Kabelsalat! Unsere 12-Volt-Seilwinde verf\u00fcgt \u00fcber farbcodierte Stromkabel f\u00fcr eine schnelle und problemlose Installation. Mit der kabelgebundenen Fernbedienung schlie\u00dfen Sie einfach die Stromleitungen an und schon kann die Fahrzeugbergung reibungslos und effizient beginnen.<\/div>\n<\/div>\n<div style=\"margin:16px 0px 24px;margin-bottom:24px;margin-top:16px;margin-left:0px;margin-right:0px\"><\/div>\n<div style=\"margin:24px 0px;margin-bottom:24px;margin-top:24px;margin-left:0px;margin-right:0px\">\n<div style=\"font-size:16px;font-weight:bold;color:rgb(34, 34, 34);margin:24px 0px 16px;margin-bottom:16px;margin-top:24px;margin-left:0px;margin-right:0px\">Funktionen und Details<\/div>\n<ul style=\"margin:16px 0px 24px;margin-bottom:24px;margin-top:16px;margin-left:0px;margin-right:0px\">\n<li style=\"font-size:14px;color:rgb(34, 34, 34)\">\n<p>Die zuverl\u00e4ssige Notstromversorgung f\u00fcr Ihr Fahrzeug: Unsere robuste elektrische Seilwinde wurde speziell f\u00fcr die Bergung im Gel\u00e4nde entwickelt und bietet eine Zugkraft von 1360 kg. Wenn Ihr Fahrzeug im Schlamm feststeckt oder von einem Regenguss \u00fcberrascht wird, sorgt diese Seilwinde f\u00fcr die n\u00f6tige Unterst\u00fctzung, um schnell wieder mobil zu sein. Ideal zum Abschleppen von kleineren Fahrzeugen wie ATVs und UTVs \u2013 damit Ihre Abenteuer nie enden.<\/p>\n<\/li>\n<li style=\"font-size:14px;color:rgb(34, 34, 34)\">\n<p>Kraft, die Sie aus jeder misslichen Lage befreit: Unsere ATV-Seilwinde wird von einem robusten 12-V-Gleichstrommotor mit 1,3 PS und Permanentmagneten angetrieben, der Ihnen genau dann zuverl\u00e4ssige und effiziente Leistung liefert, wenn Sie sie am dringendsten ben\u00f6tigen. Dank des fortschrittlichen Planetengetriebes und einer \u00dcbersetzung von 153:1 ist eine zuverl\u00e4ssige und kraftvolle Zugkraft garantiert. Ob widrige Wetterbedingungen oder tiefer Schlamm \u2013 mit dieser Seilwinde sind Sie bestens ger\u00fcstet und k\u00f6nnen Ihr Fahrzeug m\u00fchelos und zuverl\u00e4ssig bergen.<\/p>\n<\/li>\n<li style=\"font-size:14px;color:rgb(34, 34, 34)\">\n<p>Hochleistungs-Stahlseil: Mit unserem 7-litzigen Hochleistungs-Stahlseil sind Sie bestens f\u00fcr extreme Belastungen ger\u00fcstet. Es wurde speziell f\u00fcr den Einsatz unter h\u00e4rtesten Bedingungen und bei extremen Temperaturen entwickelt und ist so robust, dass es jeder Herausforderung gewachsen ist. Die leuchtend roten Markierungen auf den letzten 5 Seilrollen sorgen f\u00fcr optimale Sichtbarkeit und gew\u00e4hrleisten Sicherheit und Langlebigkeit \u2013 egal wie anspruchsvoll die Arbeit wird.<\/p>\n<\/li>\n<li style=\"font-size:14px;color:rgb(34, 34, 34)\">\n<p>Einfache Bedienung, problemloser Betrieb: Unsere kleine Seilwinde verf\u00fcgt \u00fcber eine kabelgebundene Fernbedienung mit wasserdichtem und korrosionsbest\u00e4ndigem Geh\u00e4use, die zuverl\u00e4ssige Leistung bei jedem Wetter gew\u00e4hrleistet. Schlie\u00dfen Sie einfach das Stromkabel an, und schon k\u00f6nnen Sie selbstst\u00e4ndig Bergungsarbeiten durchf\u00fchren und Ihr Fahrzeug frei bewegen. Im Gegensatz zu Funkfernbedienungen m\u00fcssen Sie sich keine Gedanken \u00fcber leere Batterien machen \u2013 die Seilwinde ist daher die zuverl\u00e4ssigere Wahl f\u00fcr Bergungsarbeiten im Freien.<\/p>\n<\/li>\n<li style=\"font-size:14px;color:rgb(34, 34, 34)\">\n<p>Sorgenfreies Abschleppen: Unwetter? Kein Problem! Unsere elektrische Seilwinde ist wasserdicht (Schutzart IP55) und verf\u00fcgt \u00fcber eine elegante, mattschwarze Oberfl\u00e4che, die Rostbest\u00e4ndigkeit und Isolierung verbessert. Sie ist bestens ger\u00fcstet f\u00fcr Starkregen, Schlamm und andere widrige Bedingungen. Dank farbcodierter Stromkabel und einer leicht verst\u00e4ndlichen Anleitung ist die Installation kinderleicht, sodass Sie Ihre Fahrt schnell wieder genie\u00dfen k\u00f6nnen.<\/p>\n<\/li>\n<\/ul>\n<\/div>\n<div>\n<div>\n<div style=\"margin:16px 0px 24px;margin-bottom:24px;margin-top:16px;margin-left:0px;margin-right:0px\"><img decoding=\"async\" style=\"width:100%\" width=\"100%\" src=\"https:\/\/d2qc09rl1gfuof.cloudfront.net\/product\/ATVGSSJPYXYK43JX7\/electric-winch-a100-1.11-pt.jpg\" slate-data-type=\"image\"\/><\/div>\n<\/div>\n<\/div>\n<\/div>\n<\/div>\n<\/div>\n<p><\/p>","protected":false},"excerpt":{"rendered":"<p>Hign-concerned Chemical:&nbsp;None Origin:&nbsp;Mainland China Brand Name:&nbsp;VEVOR Brand:&nbsp;VEVOR Rated Line Pull Capacity:&nbsp;3000 lbs\/1361 kg Remote Control Mode:&nbsp;Wired Remote Control Voltage\/Horsepower:&nbsp;12V DC\/1.3 HP Waterproof Rating:&nbsp;IP55 Cable Material:&nbsp;Steel, 7 Strands Material:&nbsp;Alloy Aluminum, Steel,<\/p>","protected":false},"featured_media":24838,"comment_status":"open","ping_status":"closed","template":"","meta":{"_acf_changed":false},"product_brand":[],"product_cat":[522],"product_tag":[],"class_list":{"0":"post-24836","1":"product","2":"type-product","3":"status-publish","4":"has-post-thumbnail","6":"product_cat-electric-winches","8":"first","9":"instock","10":"shipping-taxable","11":"purchasable","12":"product-type-variable"},"acf":[],"_links":{"self":[{"href":"https:\/\/electricstore.eu\/de\/wp-json\/wp\/v2\/product\/24836","targetHints":{"allow":["GET"]}}],"collection":[{"href":"https:\/\/electricstore.eu\/de\/wp-json\/wp\/v2\/product"}],"about":[{"href":"https:\/\/electricstore.eu\/de\/wp-json\/wp\/v2\/types\/product"}],"replies":[{"embeddable":true,"href":"https:\/\/electricstore.eu\/de\/wp-json\/wp\/v2\/comments?post=24836"}],"wp:featuredmedia":[{"embeddable":true,"href":"https:\/\/electricstore.eu\/de\/wp-json\/wp\/v2\/media\/24838"}],"wp:attachment":[{"href":"https:\/\/electricstore.eu\/de\/wp-json\/wp\/v2\/media?parent=24836"}],"wp:term":[{"taxonomy":"product_brand","embeddable":true,"href":"https:\/\/electricstore.eu\/de\/wp-json\/wp\/v2\/product_brand?post=24836"},{"taxonomy":"product_cat","embeddable":true,"href":"https:\/\/electricstore.eu\/de\/wp-json\/wp\/v2\/product_cat?post=24836"},{"taxonomy":"product_tag","embeddable":true,"href":"https:\/\/electricstore.eu\/de\/wp-json\/wp\/v2\/product_tag?post=24836"}],"curies":[{"name":"wp","href":"https:\/\/api.w.org\/{rel}","templated":true}]}}