{"id":24801,"date":"2025-05-20T18:42:53","date_gmt":"2025-05-20T18:42:53","guid":{"rendered":"https:\/\/electricstore.eu\/p\/uncategorized\/vevor-4400lbs-electric-chain-hoist-21-6-ft-min-three-phase-overhead-crane-with-g100-chain-wireless-control-for-garage-litfing\/"},"modified":"2025-05-20T18:44:32","modified_gmt":"2025-05-20T18:44:32","slug":"vevor-4400lbs-electric-chain-hoist-21-6-ft-min-three-phase-overhead-crane-with-g100-chain-wireless-control-for-garage-litfing","status":"publish","type":"product","link":"https:\/\/electricstore.eu\/de\/p\/o\/electric-lifting-hoists\/vevor-4400lbs-electric-chain-hoist-21-6-ft-min-three-phase-overhead-crane-with-g100-chain-wireless-control-for-garage-litfing\/","title":{"rendered":"VEVOR 4400lbs Elektrischer Kettenzug 21,6 ft\/min Dreiphasen-Br\u00fcckenkran mit G100-Kette Drahtlose Steuerung f\u00fcr Garagenbeleuchtung"},"content":{"rendered":"<div class=\"product-specs-list-container\">\n<ul class=\"product-specs-list util-clearfix\">\n<li class=\"product-prop line-limit-length\"><span\n                                        class=\"property-title\">Hochgef\u00e4hrliche Chemikalie:&nbsp;<\/span><span\n                                        class=\"property-desc line-limit-length\">Keiner<\/span>\n                            <\/li>\n<li class=\"product-prop line-limit-length\"><span\n                                        class=\"property-title\">Herkunft:&nbsp;<\/span><span\n                                        class=\"property-desc line-limit-length\">Festlandchina<\/span>\n                            <\/li>\n<li class=\"product-prop line-limit-length\"><span\n                                        class=\"property-title\">Markenname:&nbsp;<\/span><span\n                                        class=\"property-desc line-limit-length\">VEVOR<\/span>\n                            <\/li>\n<li class=\"product-prop line-limit-length\"><span\n                                        class=\"property-title\">Artikelmodellnummer:&nbsp;<\/span><span\n                                        class=\"property-desc line-limit-length\">WX4400LBS-2<\/span>\n                            <\/li>\n<li class=\"product-prop line-limit-length\"><span\n                                        class=\"property-title\">Lastleistung:&nbsp;<\/span><span\n                                        class=\"property-desc line-limit-length\">3,5 kW<\/span>\n                            <\/li>\n<li class=\"product-prop line-limit-length\"><span\n                                        class=\"property-title\">Hublast:&nbsp;<\/span><span\n                                        class=\"property-desc line-limit-length\">4400 lbs\/1996 kg<\/span>\n                            <\/li>\n<li class=\"product-prop line-limit-length\"><span\n                                        class=\"property-title\">Produktgewicht:&nbsp;<\/span><span\n                                        class=\"property-desc line-limit-length\">226,4 lbs\/102,7 kg<\/span>\n                            <\/li>\n<li class=\"product-prop line-limit-length\"><span\n                                        class=\"property-title\">Kettenmaterial:&nbsp;<\/span><span\n                                        class=\"property-desc line-limit-length\">8620 Legierter Stahl<\/span>\n                            <\/li>\n<li class=\"product-prop line-limit-length\"><span\n                                        class=\"property-title\">Typ:&nbsp;<\/span><span\n                                        class=\"property-desc line-limit-length\">Elektrokettenzug<\/span>\n                            <\/li>\n<\/ul><\/div>\n<div class=\"detailmodule_html\">\n<div class=\"detail-desc-decorate-richtext\">\n<div style=\"font-family:&quot;Open sans&quot;, Arial, Helvetica, sans-serif\">\n<div>\n  <img decoding=\"async\" style=\"width:100%\" width=\"100%\" src=\"https:\/\/d2qc09rl1gfuof.cloudfront.net\/vevor\/boutique-banner\/pc\/banner-en.jpg\" slate-data-type=\"image\" \/>\n <\/div>\n<div>\n<div style=\"font-size:16px;font-weight:bold;text-align:center;color:rgb(34, 34, 34);margin:24px 0px;margin-bottom:24px;margin-top:24px;margin-left:0px;margin-right:0px\" align=\"center\">\n   VEVOR Elektrokettenzug \u2013 Ver\u00e4ndern Sie Ihre Sicht auf das Heben\n  <\/div>\n<div>\n   <img decoding=\"async\" style=\"width:100%\" width=\"100%\" src=\"https:\/\/d2qc09rl1gfuof.cloudfront.net\/product\/DDHLHLCS6MDDC52ZE\/chain-hoist-a100-1.4-pt.jpg\" slate-data-type=\"image\" \/>\n  <\/div>\n<div style=\"font-size:14px;text-align:center;color:rgb(34, 34, 34);margin:16px 0px 24px;margin-bottom:24px;margin-top:16px;margin-left:0px;margin-right:0px\" align=\"center\">\n   Unser Elektrokettenzug verf\u00fcgt \u00fcber eine hohe Hubkraft und eignet sich daher ideal zum Heben schwerer Gegenst\u00e4nde in Garagen. Seine hohe Hubgeschwindigkeit gew\u00e4hrleistet einen effizienten Betrieb ohne lange Wartezeiten.\n  <\/div><\/div>\n<div>\n<div style=\"margin:8px 0px;margin-bottom:8px;margin-top:8px;margin-left:0px;margin-right:0px\">\n   <img decoding=\"async\" style=\"width:100%\" width=\"100%\" src=\"https:\/\/d2qc09rl1gfuof.cloudfront.net\/product\/DDHLHLCS6MDDC52ZE\/chain-hoist-a100-2.2-pt.jpg\" slate-data-type=\"image\" \/>\n  <\/div>\n<div style=\"font-size:14px;text-align:center;color:rgb(34, 34, 34);margin:16px 0px 24px;margin-bottom:24px;margin-top:16px;margin-left:0px;margin-right:0px\" align=\"center\">\n   Die robuste Kette sorgt f\u00fcr ein geringeres Gesamtgewicht und eine h\u00f6here Festigkeit des elektrischen Kettenzuges. Er tr\u00e4gt schwere Lasten und bietet dennoch hohen Komfort.\n  <\/div><\/div>\n<div>\n<div style=\"margin:8px 0px;margin-bottom:8px;margin-top:8px;margin-left:0px;margin-right:0px\">\n   <img decoding=\"async\" style=\"width:100%\" width=\"100%\" src=\"https:\/\/d2qc09rl1gfuof.cloudfront.net\/product\/DDHLHLCS6MDDC52ZE\/chain-hoist-a100-2.3-pt.jpg\" slate-data-type=\"image\" \/>\n  <\/div>\n<div style=\"font-size:14px;text-align:center;color:rgb(34, 34, 34);margin:16px 0px 24px;margin-bottom:24px;margin-top:16px;margin-left:0px;margin-right:0px\" align=\"center\">\n   Dieser elektrische Kettenheber zeichnet sich durch ein komfortables und praktisches Design aus und verf\u00fcgt \u00fcber eine Hebeschlinge zum Transportieren verschiedener schwerer Gegenst\u00e4nde. Die sensible Fernbedienung erm\u00f6glicht pr\u00e4zises und bequemes Heben.\n  <\/div><\/div>\n<div>\n<div style=\"margin:8px 0px;margin-bottom:8px;margin-top:8px;margin-left:0px;margin-right:0px\">\n   <img decoding=\"async\" style=\"width:100%\" width=\"100%\" src=\"https:\/\/d2qc09rl1gfuof.cloudfront.net\/product\/DDHLHLCS6MDDC52ZE\/chain-hoist-a100-2.4-pt.jpg\" slate-data-type=\"image\" \/>\n  <\/div>\n<div style=\"font-size:14px;text-align:center;color:rgb(34, 34, 34);margin:16px 0px 24px;margin-bottom:24px;margin-top:16px;margin-left:0px;margin-right:0px\" align=\"center\">\n   Der effiziente Kupfermotor sorgt f\u00fcr das stabile und sichere Heben schwerer Gegenst\u00e4nde. Mit einem Notbremssystem und einem Luftk\u00fchlsystem ist der elektrische Kettenzug zuverl\u00e4ssig und sicher in der Anwendung.\n  <\/div><\/div>\n<div>\n<div style=\"margin:8px 0px;margin-bottom:8px;margin-top:8px;margin-left:0px;margin-right:0px\">\n   <img decoding=\"async\" style=\"width:100%\" width=\"100%\" src=\"https:\/\/d2qc09rl1gfuof.cloudfront.net\/product\/DDHLHLCS6MDDC52ZE\/chain-hoist-a100-2.5-pt.jpg\" slate-data-type=\"image\" \/>\n  <\/div>\n<div style=\"font-size:14px;text-align:center;color:rgb(34, 34, 34);margin:16px 0px 24px;margin-bottom:24px;margin-top:16px;margin-left:0px;margin-right:0px\" align=\"center\">\n   Unser Kettenzug f\u00fcr die Montage wurde hinsichtlich Haltbarkeit und Tragf\u00e4higkeit verbessert, um den Anforderungen an das Heben gr\u00f6\u00dferer Lasten gerecht zu werden. Die langlebigeren und robusteren Materialien verbessern die Lebensdauer und Stabilit\u00e4t.\n  <\/div><\/div>\n<div style=\"margin:16px 0px 24px;margin-bottom:24px;margin-top:16px;margin-left:0px;margin-right:0px\"><\/div>\n<div style=\"margin:24px 0px;margin-bottom:24px;margin-top:24px;margin-left:0px;margin-right:0px\">\n<div style=\"font-size:16px;font-weight:bold;color:rgb(34, 34, 34);margin:24px 0px 16px;margin-bottom:16px;margin-top:24px;margin-left:0px;margin-right:0px\">\n   Funktionen und Details\n  <\/div>\n<ul style=\"margin:16px 0px 24px;margin-bottom:24px;margin-top:16px;margin-left:0px;margin-right:0px\">\n<li style=\"font-size:14px;color:rgb(34, 34, 34)\">\n<p>4400 lbs Tragf\u00e4higkeit: Unser Elektrokettenzug ist mit einer G100-Kette ausgestattet und bietet eine sichere Tragf\u00e4higkeit von 4400 lbs\/1996 kg. Er kann alle Arten schwerer Gegenst\u00e4nde mit einer Geschwindigkeit von 21,6 ft\/min (6,6 m\/min) und einer maximalen Hubh\u00f6he von 20 ft\/6,096 m anheben.<\/p>\n<\/li>\n<li style=\"font-size:14px;color:rgb(34, 34, 34)\">\n<p>Leistungsstarker Motor: Der Kupfermotor bietet 3,5 kW Leistung, um schwere Lasten ohne Verformung zu bew\u00e4ltigen. Der gro\u00dfe K\u00fchlerl\u00fcfter h\u00e4lt den Elektrokettenzug k\u00fchl, um eine \u00dcberhitzung zu vermeiden. All diese Funktionen sorgen f\u00fcr effizientes Arbeiten und sparen Ihnen mehr Zeit und Energie.<\/p>\n<\/li>\n<li style=\"font-size:14px;color:rgb(34, 34, 34)\">\n<p>Installation im Handumdrehen: Unser elektrischer Kettenzug ist einfach zu installieren und kann mit Metallstreifen oder Massivholzstreifen direkt an der Decke aufgeh\u00e4ngt werden. Er verf\u00fcgt \u00fcber einen Not-Aus-Schalter und ein elektromagnetisches Bremssystem, um ein abnormales Verrutschen zu verhindern.<\/p>\n<\/li>\n<li style=\"font-size:14px;color:rgb(34, 34, 34)\">\n<p>Kabellose Fernbedienung: Der elektrische Kettenheber verf\u00fcgt \u00fcber eine kabellose Fernbedienung mit einer maximalen Reichweite von 100 m. Sie bietet eine sensible Schaltfunktion und erm\u00f6glicht Ihnen die Bedienung des elektrischen Hebezeugs mit einer Hand zum Anheben, Platzieren und Absenken von Ger\u00e4ten.<\/p>\n<\/li>\n<li style=\"font-size:14px;color:rgb(34, 34, 34)\">\n<p>\u00dcberall einsetzbar: Unser elektrischer Kettenzug eignet sich f\u00fcr Garagen, Gesch\u00e4fte, Hotels und Privathaushalte und ist sowohl f\u00fcr Profis als auch f\u00fcr Hobbybastler ideal. Er eignet sich hervorragend f\u00fcr Bootsreparaturen, Autos, Rasenm\u00e4her, Golfwagen, Heimdekorationen, Motoren, Felsbrocken, B\u00e4ume usw. Er ist ein idealer Helfer zum Heben von Maschinen und auch praktisch f\u00fcr J\u00e4ger, um ihre Beute aufzuh\u00e4ngen.<\/p>\n<\/li>\n<\/ul><\/div>\n<div>\n<div>\n<div style=\"margin:16px 0px 24px;margin-bottom:24px;margin-top:16px;margin-left:0px;margin-right:0px\">\n    <img decoding=\"async\" style=\"width:100%\" width=\"100%\" src=\"https:\/\/d2qc09rl1gfuof.cloudfront.net\/product\/DDHLHLCS6MDDC52ZE\/chain-hoist-a100-1.11-pt.jpg\" slate-data-type=\"image\" \/>\n   <\/div><\/div><\/div>\n<\/div>\n<p><\/p>\n<\/div>\n<\/div>","protected":false},"excerpt":{"rendered":"<p>Hign-concerned Chemical:&nbsp;None Origin:&nbsp;Mainland China Brand Name:&nbsp;VEVOR Item Model Number:&nbsp;WX4400LBS-2 Load Power:&nbsp;3.5KW Lifting Load:&nbsp;4400 lbs\/1996 kg Product Weight:&nbsp;226.4 lbs\/102.7 kg Chain Material:&nbsp;8620 Alloy Steel Type:&nbsp;Electric Chain Hoist VEVOR Electric Chain Hoist<\/p>","protected":false},"featured_media":24802,"comment_status":"open","ping_status":"closed","template":"","meta":{"_acf_changed":false},"product_brand":[],"product_cat":[517],"product_tag":[],"class_list":{"0":"post-24801","1":"product","2":"type-product","3":"status-publish","4":"has-post-thumbnail","6":"product_cat-electric-lifting-hoists","8":"first","9":"instock","10":"shipping-taxable","11":"purchasable","12":"product-type-variable"},"acf":[],"_links":{"self":[{"href":"https:\/\/electricstore.eu\/de\/wp-json\/wp\/v2\/product\/24801","targetHints":{"allow":["GET"]}}],"collection":[{"href":"https:\/\/electricstore.eu\/de\/wp-json\/wp\/v2\/product"}],"about":[{"href":"https:\/\/electricstore.eu\/de\/wp-json\/wp\/v2\/types\/product"}],"replies":[{"embeddable":true,"href":"https:\/\/electricstore.eu\/de\/wp-json\/wp\/v2\/comments?post=24801"}],"wp:featuredmedia":[{"embeddable":true,"href":"https:\/\/electricstore.eu\/de\/wp-json\/wp\/v2\/media\/24802"}],"wp:attachment":[{"href":"https:\/\/electricstore.eu\/de\/wp-json\/wp\/v2\/media?parent=24801"}],"wp:term":[{"taxonomy":"product_brand","embeddable":true,"href":"https:\/\/electricstore.eu\/de\/wp-json\/wp\/v2\/product_brand?post=24801"},{"taxonomy":"product_cat","embeddable":true,"href":"https:\/\/electricstore.eu\/de\/wp-json\/wp\/v2\/product_cat?post=24801"},{"taxonomy":"product_tag","embeddable":true,"href":"https:\/\/electricstore.eu\/de\/wp-json\/wp\/v2\/product_tag?post=24801"}],"curies":[{"name":"wp","href":"https:\/\/api.w.org\/{rel}","templated":true}]}}