{"id":24729,"date":"2025-05-20T18:42:14","date_gmt":"2025-05-20T18:42:14","guid":{"rendered":"https:\/\/electricstore.eu\/p\/uncategorized\/bike-rack-holder-storage-bicycle-repair-stand-aluminum-alloy-cycle-peer-heights-adjustable-fold-cycle-professional-repair-tools\/"},"modified":"2025-05-20T18:43:29","modified_gmt":"2025-05-20T18:43:29","slug":"bike-rack-holder-storage-bicycle-repair-stand-aluminum-alloy-cycle-peer-heights-adjustable-fold-cycle-professional-repair-tools","status":"publish","type":"product","link":"https:\/\/electricstore.eu\/de\/p\/a\/bike-rack-holder-storage-bicycle-repair-stand-aluminum-alloy-cycle-peer-heights-adjustable-fold-cycle-professional-repair-tools\/","title":{"rendered":"Fahrradst\u00e4nderhalter Aufbewahrung Fahrradreparaturst\u00e4nder Aluminiumlegierung Fahrradst\u00e4nder H\u00f6henverstellbar Faltrad Professionelle Reparaturwerkzeuge"},"content":{"rendered":"<div class=\"product-specs-list-container\">\n<ul class=\"product-specs-list util-clearfix\">\n<li class=\"product-prop line-limit-length\"><span\n                                        class=\"property-title\">Herkunft:&nbsp;<\/span><span\n                                        class=\"property-desc line-limit-length\">Festlandchina<\/span>\n                            <\/li>\n<\/ul><\/div>\n<div class=\"detailmodule_html\">\n<div class=\"detail-desc-decorate-richtext\">\n<p>Besonderheit:\n<\/p>\n<p>Robust und langlebig: Dieser Fahrradreparaturst\u00e4nder aus stabiler Aluminiumlegierung tr\u00e4gt Fahrr\u00e4der bis zu 45 kg, darunter E-Bikes, Fahrr\u00e4der mit fat-Reifen, Rennr\u00e4der und Mountainbikes. Ideal f\u00fcr Fahrradreparaturen zu Hause oder in der Werkstatt.\n<\/p>\n<p>Robuste Rahmenstabilit\u00e4t: Die Fahrradhalterung verf\u00fcgt \u00fcber einen stabilen Rahmen und feste Beine f\u00fcr maximale Stabilit\u00e4t. Die Zange hat verstellbare Gummibacken am Kopf, die das Fahrrad sicher fixieren, ohne den Lack zu zerkratzen.\n<\/p>\n<p>Komfortable H\u00f6henverstellung: Passen Sie die Halterung Ihren ergonomischen Bed\u00fcrfnissen an. Die H\u00f6he kann so eingestellt werden, dass das B\u00fccken oder Hocken minimiert wird, wodurch Ihre Leistung bei der Fahrradwartung verbessert wird.\n<\/p>\n<p>Praktische Werkzeugablage: Dank zus\u00e4tzlicher Werkzeugablagen haben Sie Ihre Werkzeuge stets griffbereit und ordentlich verstaut \u2013 ideal f\u00fcr Schrauben, Schraubendreher, Steckschl\u00fcssel und mehr. So haben Sie alle ben\u00f6tigten Werkzeuge immer zur Hand und k\u00f6nnen ungest\u00f6rt arbeiten.\n<\/p>\n<p>Faltbares Design: Dieser Fahrradst\u00e4nder ist faltbar und l\u00e4sst sich daher leicht auf- und abbauen und verstauen. Ideal f\u00fcr mobile Mechaniker oder Werkst\u00e4tten. Die leichtg\u00e4ngige Beinauflage erm\u00f6glicht ein schnelles und einfaches Anheben beider Beine.\n<\/p>\n<\/p>\n<p>Spezifikation:\n<\/p>\n<p>Name: Fahrradreparaturst\u00e4nder\n<\/p>\n<p>Farbe: Champagner\n<\/p>\n<p>Produktmaterial: Aluminiumlegierung\n<\/p>\n<p>Hubbereich: 98\u2013159 cm\n<\/p>\n<p>Maximale Tragf\u00e4higkeit: ca. 45 kg\n<\/p>\n<\/p>\n<p>Verpackungszubeh\u00f6r:\n<\/p>\n<p>1 St\u00fcck Fahrradreparaturst\u00e4nder\n<\/p>\n<p><img decoding=\"async\" src=\"https:\/\/ae01.alicdn.com\/kf\/Aeaf00512807945f3bfd5626e71854eeb9.jpg\" slate-data-type=\"image\"\/><img decoding=\"async\" src=\"https:\/\/ae01.alicdn.com\/kf\/A03c411091bd642b7973a680f3ba9fb459.jpg\" slate-data-type=\"image\"\/><img decoding=\"async\" src=\"https:\/\/ae01.alicdn.com\/kf\/Ac206a81c61864c8eae037a1ed9b54fe0K.jpg\" slate-data-type=\"image\"\/><img decoding=\"async\" src=\"https:\/\/ae01.alicdn.com\/kf\/A1900d7edc1a645e495ba5a26ba411bd7n.jpg\" slate-data-type=\"image\"\/><img decoding=\"async\" src=\"https:\/\/ae01.alicdn.com\/kf\/Adabe93e4fc2a40a0b8d20f4285eace09O.jpg\" slate-data-type=\"image\"\/><img decoding=\"async\" src=\"https:\/\/ae01.alicdn.com\/kf\/Af5b39cc10e154395a0c2ee45bc46e13cr.jpg\" slate-data-type=\"image\"\/><img decoding=\"async\" src=\"https:\/\/ae01.alicdn.com\/kf\/A04f7da18105c43269c5bc64a096af83dj.jpg\" slate-data-type=\"image\"\/><img decoding=\"async\" src=\"https:\/\/ae01.alicdn.com\/kf\/A65a8c2da09804400af05e4f0048eed413.jpg\" slate-data-type=\"image\"\/><img decoding=\"async\" src=\"https:\/\/ae01.alicdn.com\/kf\/Aa3977084e85046c686598bf6e4026b27p.jpg\" slate-data-type=\"image\"\/><img decoding=\"async\" src=\"https:\/\/ae01.alicdn.com\/kf\/A1b6da4e2270e403880d2a68ae99c90b3i.jpg\" slate-data-type=\"image\"\/><\/p>\n<\/div>\n<\/div>","protected":false},"excerpt":{"rendered":"<p>Origin:&nbsp;Mainland China Feature\uff1a Sturdy and durable: This bicycle repair rack is made of sturdy aluminum alloy and can carry heavy bicycles weighing up to 45 kg, including electric bicycles, fat<\/p>","protected":false},"featured_media":24730,"comment_status":"open","ping_status":"closed","template":"","meta":{"_acf_changed":false},"product_brand":[],"product_cat":[525],"product_tag":[],"class_list":{"0":"post-24729","1":"product","2":"type-product","3":"status-publish","4":"has-post-thumbnail","6":"product_cat-a","8":"first","9":"instock","10":"shipping-taxable","11":"purchasable","12":"product-type-simple"},"acf":[],"_links":{"self":[{"href":"https:\/\/electricstore.eu\/de\/wp-json\/wp\/v2\/product\/24729","targetHints":{"allow":["GET"]}}],"collection":[{"href":"https:\/\/electricstore.eu\/de\/wp-json\/wp\/v2\/product"}],"about":[{"href":"https:\/\/electricstore.eu\/de\/wp-json\/wp\/v2\/types\/product"}],"replies":[{"embeddable":true,"href":"https:\/\/electricstore.eu\/de\/wp-json\/wp\/v2\/comments?post=24729"}],"wp:featuredmedia":[{"embeddable":true,"href":"https:\/\/electricstore.eu\/de\/wp-json\/wp\/v2\/media\/24730"}],"wp:attachment":[{"href":"https:\/\/electricstore.eu\/de\/wp-json\/wp\/v2\/media?parent=24729"}],"wp:term":[{"taxonomy":"product_brand","embeddable":true,"href":"https:\/\/electricstore.eu\/de\/wp-json\/wp\/v2\/product_brand?post=24729"},{"taxonomy":"product_cat","embeddable":true,"href":"https:\/\/electricstore.eu\/de\/wp-json\/wp\/v2\/product_cat?post=24729"},{"taxonomy":"product_tag","embeddable":true,"href":"https:\/\/electricstore.eu\/de\/wp-json\/wp\/v2\/product_tag?post=24729"}],"curies":[{"name":"wp","href":"https:\/\/api.w.org\/{rel}","templated":true}]}}