{"id":24721,"date":"2025-05-20T18:42:10","date_gmt":"2025-05-20T18:42:10","guid":{"rendered":"https:\/\/electricstore.eu\/p\/uncategorized\/homcom-electric-motorcycle-3-years-with-3-wheels-lights-music-3-km-h-86x42x52cm\/"},"modified":"2025-05-20T18:43:28","modified_gmt":"2025-05-20T18:43:28","slug":"homcom-electric-motorcycle-3-years-with-3-wheels-lights-music-3-km-h-86x42x52cm","status":"publish","type":"product","link":"https:\/\/electricstore.eu\/de\/p\/motorbikes\/electric-children-motorbikes\/homcom-electric-motorcycle-3-years-with-3-wheels-lights-music-3-km-h-86x42x52cm\/","title":{"rendered":"HOMCOM Elektromotorrad + 3 Jahre mit 3 R\u00e4dern Lichter Musik 3 km\/h 86x42x52cm"},"content":{"rendered":"<div class=\"product-specs-list-container\">\n<ul class=\"product-specs-list util-clearfix\">\n<li class=\"product-prop line-limit-length\"><span\n                                        class=\"property-title\">Herkunft:&nbsp;<\/span><span\n                                        class=\"property-desc line-limit-length\">Festlandchina<\/span>\n                            <\/li>\n<li class=\"product-prop line-limit-length\"><span\n                                        class=\"property-title\">Merkmale:&nbsp;<\/span><span\n                                        class=\"property-desc line-limit-length\">Ride On<\/span>\n                            <\/li>\n<li class=\"product-prop line-limit-length\"><span\n                                        class=\"property-title\">Zertifikat:&nbsp;<\/span><span\n                                        class=\"property-desc line-limit-length\"><\/span>\n                            <\/li>\n<\/ul><\/div>\n<div class=\"detailmodule_html\">\n<div class=\"detail-desc-decorate-richtext\">\n<p><\/p>\n<div>\n <br \/>Und schon kann das Abenteuer beginnen! Dieser dreir\u00e4drige Elektroroller von HOMCOM ist der perfekte Begleiter f\u00fcr jedes Kind. Mit einer Reichweite von bis zu 45 Minuten nach vollst\u00e4ndiger Aufladung k\u00f6nnen Kinder ihre Lieblingsorte wie ein echter Fahrer erkunden \u2013 und das mit einer Sicherheitsbegrenzung von 3 km\/h. Dank der Scheinwerfer bietet dieser Roller ein besonders realistisches Fahrgef\u00fchl und sorgt f\u00fcr jede Menge Spa\u00df.<br \/>\n\n<\/div>\n<div class=\"lc-1\">\n<div class=\"f-line\">\n<div class=\"fts\">\n<div>\n    <strong>Merkmale:<\/strong><br \/>\n    <br \/>\u25cf Elektrisches Kinderfahrzeug mit realistischem Design und Funktionen wie z. B. 2 Scheinwerfern;\n<\/div>\n<div>\n\u25cf Fahren Sie langsam vor, damit Ihr Kind unerwartete Situationen vorhersehen und darauf reagieren kann;\n<\/div>\n<div>\n\u25cf Dieses E-Bike verf\u00fcgt \u00fcber eine Musikfunktion, die per Knopfdruck aktiviert wird;\n<\/div>\n<div>\n\u25cf Drei breite Reifen sorgen f\u00fcr ein stabiles und ruhiges Fahrgef\u00fchl;\n<\/div>\n<div>\n\u25cf Die H\u00f6chstgeschwindigkeit betr\u00e4gt 3 km\/h;\n<\/div>\n<div>\n\u25cf Nach vollst\u00e4ndiger Aufladung betr\u00e4gt die Akkulaufzeit ca. 45 Minuten;\n<\/div>\n<div>\n\u25cf Empfohlen f\u00fcr Kinder ab 3 Jahren und bis zu 25 kg;\n<\/div>\n<div>\n\u25cf Dieses Kindermotorrad f\u00f6rdert die Entwicklung verschiedener F\u00e4higkeiten wie der Hand-Augen-Koordination;\n<\/div>\n<div>\n\u25cf Eine Montage ist erforderlich;\n<\/div>\n<div>\n\u25cf Wichtig: Immer nur unter Aufsicht eines Erwachsenen verwenden;<br \/>\n\n   <\/div><\/div><\/div>\n<\/div>\n<div class=\"lc-1\">\n<div class=\"f-line\">\n<div class=\"fts\">\n<div>\n    <strong>Spezifikationen:<\/strong><br \/>\n    <br \/>\u25cf Farbe: rot und schwarz\/blau;\n<\/div>\n<div>\n\u25cf Material: PP, Metall;\n<\/div>\n<div>\n\u25cf Gesamtma\u00dfe: 86x42x52 cm (L x A x B);\n<\/div>\n<div>\n\u25cf Radabmessungen: \u00d8 23\u00d77,5 cm (Durchmesser x Durchmesser);\n<\/div>\n<div>\n\u25cf Ladezeit: 8-12 Stunden;\n<\/div>\n<div>\n\u25cf Akkulaufzeit: 45 Minuten (vollst\u00e4ndig geladen);\n<\/div>\n<div>\n\u25cf Motor: 25 W;\n<\/div>\n<div>\n\u25cf Ladeger\u00e4t: 6V \/ 500MA;\n<\/div>\n<div>\n\u25cf Maximal unterst\u00fctztes Gewicht: 25 kg;\n<\/div>\n<div>\n\u25cf Geeignet f\u00fcr Kinder ab 3 Jahren;\n<\/div>\n<div>\n\u25cf Referenz: 370-102RD\/370-102BU;<br \/>\n\n   <\/div><\/div><\/div>\n<\/div>\n<div>\n <img decoding=\"async\" width=\"1000    \" height=\"35\" src=\"https:\/\/ae01.alicdn.com\/kf\/HTB1KhgjkfiSBuNkSnhJq6zDcpXaR.jpg\" slate-data-type=\"image\" \/>\n<\/div>\n<div class=\"content01\">\n<div class=\"content_img\">\n  <img decoding=\"async\" width=\"1000\" src=\"https:\/\/ae01.alicdn.com\/kf\/H70614f8129544824ab0c7d099a3ef9aaC.jpg\" slate-data-type=\"image\" \/>\n <\/div>\n<div class=\"content_img\">\n  <img decoding=\"async\" width=\"1000\" src=\"https:\/\/ae01.alicdn.com\/kf\/H9cbca82ec0f34df6bc382192a0ae4fd4G.jpg\" slate-data-type=\"image\" \/>\n <\/div>\n<div class=\"content_img\">\n  <img decoding=\"async\" width=\"1000\" src=\"https:\/\/ae01.alicdn.com\/kf\/He21326f0f8e145e48f32f1cfbfe9d369f.jpg\" slate-data-type=\"image\" \/>\n <\/div>\n<div class=\"content_img\">\n  <img decoding=\"async\" width=\"1000\" src=\"https:\/\/ae01.alicdn.com\/kf\/He6920fc9da1242eea230ccf1e67e6854Q.jpg\" slate-data-type=\"image\" \/>\n <\/div>\n<div class=\"content_img\">\n  <img decoding=\"async\" width=\"1000\" src=\"https:\/\/ae01.alicdn.com\/kf\/Hcdd359b5f57a41df9fd20bd7c4998b72U.jpg\" slate-data-type=\"image\" \/>\n <\/div>\n<div class=\"content_img\">\n  <img decoding=\"async\" width=\"1000\" src=\"https:\/\/ae01.alicdn.com\/kf\/Hd2824e6f3c1446b383c9dc3797cc51276.jpg\" slate-data-type=\"image\" \/>\n <\/div>\n<div class=\"content_img\">\n  <img decoding=\"async\" width=\"1000\" src=\"https:\/\/ae01.alicdn.com\/kf\/H79c926e88feb4b258588fb5c8581f499u.jpg\" slate-data-type=\"image\" \/>\n <\/div>\n<div class=\"content_img\">\n  <img decoding=\"async\" width=\"1000\" src=\"https:\/\/gsp.aliexpress.com\/apps\/product\/publish?spm=5261.ProductManageOnline.0.0.7d564edfWFvxkZ&amp;productId=4001337167822\" slate-data-type=\"image\" \/>\n <\/div>\n<\/div>\n<div>\n <img fetchpriority=\"high\" decoding=\"async\" width=\"1000\" height=\"1881\" src=\"https:\/\/ae01.alicdn.com\/kf\/HTB1i.OtVMHqK1RjSZFkq6x.WFXaT.jpg\" slate-data-type=\"image\" \/>\n<\/div>\n<p><\/p>\n<\/div>\n<\/div>","protected":false},"excerpt":{"rendered":"<p>Origin:&nbsp;Mainland China Features:&nbsp;Ride On Certificate:&nbsp; &amp; Iexcl; What starts the adventure! This HOMCOM electric scooter with 3 wheels will be the perfect adventure companion for any child. With a range<\/p>","protected":false},"featured_media":24722,"comment_status":"open","ping_status":"closed","template":"","meta":{"_acf_changed":false},"product_brand":[],"product_cat":[313],"product_tag":[],"class_list":{"0":"post-24721","1":"product","2":"type-product","3":"status-publish","4":"has-post-thumbnail","6":"product_cat-electric-children-motorbikes","8":"first","9":"instock","10":"shipping-taxable","11":"purchasable","12":"product-type-variable"},"acf":[],"_links":{"self":[{"href":"https:\/\/electricstore.eu\/de\/wp-json\/wp\/v2\/product\/24721","targetHints":{"allow":["GET"]}}],"collection":[{"href":"https:\/\/electricstore.eu\/de\/wp-json\/wp\/v2\/product"}],"about":[{"href":"https:\/\/electricstore.eu\/de\/wp-json\/wp\/v2\/types\/product"}],"replies":[{"embeddable":true,"href":"https:\/\/electricstore.eu\/de\/wp-json\/wp\/v2\/comments?post=24721"}],"wp:featuredmedia":[{"embeddable":true,"href":"https:\/\/electricstore.eu\/de\/wp-json\/wp\/v2\/media\/24722"}],"wp:attachment":[{"href":"https:\/\/electricstore.eu\/de\/wp-json\/wp\/v2\/media?parent=24721"}],"wp:term":[{"taxonomy":"product_brand","embeddable":true,"href":"https:\/\/electricstore.eu\/de\/wp-json\/wp\/v2\/product_brand?post=24721"},{"taxonomy":"product_cat","embeddable":true,"href":"https:\/\/electricstore.eu\/de\/wp-json\/wp\/v2\/product_cat?post=24721"},{"taxonomy":"product_tag","embeddable":true,"href":"https:\/\/electricstore.eu\/de\/wp-json\/wp\/v2\/product_tag?post=24721"}],"curies":[{"name":"wp","href":"https:\/\/api.w.org\/{rel}","templated":true}]}}