{"id":24708,"date":"2025-05-20T18:42:00","date_gmt":"2025-05-20T18:42:00","guid":{"rendered":"https:\/\/electricstore.eu\/p\/uncategorized\/homcom-parking-for-4-bicycles-steel-bracket-110x33x27-cm-black\/"},"modified":"2025-05-20T18:43:07","modified_gmt":"2025-05-20T18:43:07","slug":"homcom-parking-for-4-bicycles-steel-bracket-110x33x27-cm-black","status":"publish","type":"product","link":"https:\/\/electricstore.eu\/de\/p\/a\/homcom-parking-for-4-bicycles-steel-bracket-110x33x27-cm-black\/","title":{"rendered":"HOMCOM Parkplatz f\u00fcr 4 Fahrr\u00e4der Stahlhalterung 110x33x27 cm schwarz"},"content":{"rendered":"<div class=\"product-specs-list-container\">\n<ul class=\"product-specs-list util-clearfix\">\n<li class=\"product-prop line-limit-length\"><span\n                                        class=\"property-title\">Typ:&nbsp;<\/span><span\n                                        class=\"property-desc line-limit-length\">Fahrradst\u00e4nder<\/span>\n                            <\/li>\n<li class=\"product-prop line-limit-length\"><span\n                                        class=\"property-title\">Markenname:&nbsp;<\/span><span\n                                        class=\"property-desc line-limit-length\">HOMCOM<\/span>\n                            <\/li>\n<li class=\"product-prop line-limit-length\"><span\n                                        class=\"property-title\">Herkunft:&nbsp;<\/span><span\n                                        class=\"property-desc line-limit-length\">Festlandchina<\/span>\n                            <\/li>\n<\/ul><\/div>\n<div class=\"detailmodule_html\">\n<div class=\"detail-desc-decorate-richtext\">\n<p><\/p>\n<div style=\"overflow:visible;height:auto\" class=\"lc-1\">\n<div class=\"f-line\">\n<div class=\"fts\">\n<div>\nWenn Sie zu Hause nicht gen\u00fcgend Platz haben oder nicht wissen, wie Sie Ihre Fahrr\u00e4der ordentlich abstellen sollen, ist HOMCOM die L\u00f6sung. Die Fahrradst\u00e4nder lassen sich sowohl drinnen als auch drau\u00dfen montieren und werden inklusive Befestigungsschrauben geliefert. Dank der abnehmbaren Stahlkonstruktion k\u00f6nnen Sie die St\u00e4nder einzeln verwenden oder je nach Bedarf zusammenstellen. Ihre Fahrr\u00e4der sind ab sofort immer sicher und ordentlich geparkt.\n<\/div><\/div><\/div>\n<\/div>\n<div class=\"lc-1\">\n<div class=\"f-line\">\n<div class=\"fts\">\n<div>\n<\/div>\n<div>\n    <strong>Merkmale:<\/strong>\n   <\/div>\n<div>\n-Hergestellt aus pulverbeschichtetem Stahl, wetterfest<br \/>\n<br \/>-Hergestellt mit einer abnehmbaren Struktur, die mit mehr oder weniger St\u00fctzen angepasst werden kann.<br \/>\n<br \/>-Es ist leicht und platzsparend, einfach zu transportieren<br \/>\n<br \/>- Einfache Montage dank vorgebohrter L\u00f6cher und mitgelieferter Schrauben.<br \/>\n<br \/>-Ideal zur sicheren Aufbewahrung von Fahrr\u00e4dern in Garagen, Kellern, auf Terrassen, in Werkst\u00e4tten usw.<br \/>\n<br \/>- Erm\u00f6glicht die Nutzung sowohl im Innen- als auch im Au\u00dfenbereich<br \/>\n<br \/>-Erfordert eine schnelle und einfache Montage<br \/>\n\n   <\/div><\/div><\/div>\n<\/div>\n<div class=\"lc-1\">\n<div class=\"f-line\">\n<div class=\"fts\">\n<div>\n<\/div>\n<div>\n    <strong>Spezifikationen:<\/strong>\n   <\/div>\n<div>\n-Farbe: Schwarz<br \/>\n<br \/>-Material: Stahl<br \/>\n<br \/>-Gesamtma\u00dfe: 110x33x27 cm (LxANxAL)<br \/>\n<br \/>-Fester Abstand der Reifenschl\u00e4uche: 6,5 cm<br \/>\n<br \/>-Abstand zwischen den St\u00fctzen: 25,5 cm<br \/>\n<br \/>-Referenz: AA0-024V01BK<br \/>\n\n   <\/div><\/div><\/div>\n<\/div>\n<div>\n <img decoding=\"async\" width=\"1000    \" height=\"35\" src=\"https:\/\/ae01.alicdn.com\/kf\/HTB1KhgjkfiSBuNkSnhJq6zDcpXaR.jpg\" slate-data-type=\"image\" \/>\n<\/div>\n<div class=\"content01\">\n<div class=\"content_img\">\n  <img decoding=\"async\" width=\"1000\" src=\"https:\/\/ae04.alicdn.com\/kf\/S962ad7ad93094a5b974f06e6be25c007B.jpg\" slate-data-type=\"image\" \/>\n <\/div>\n<div class=\"content_img\">\n  <img decoding=\"async\" width=\"1000\" src=\"https:\/\/ae04.alicdn.com\/kf\/S6264841dab4b4ff0a73336d78a7ab4fa4.jpg\" slate-data-type=\"image\" \/>\n <\/div>\n<div class=\"content_img\">\n  <img decoding=\"async\" width=\"1000\" src=\"https:\/\/ae04.alicdn.com\/kf\/Sd57bed020de2415b90c7635d2fabfe44K.jpg\" slate-data-type=\"image\" \/>\n <\/div>\n<div class=\"content_img\">\n  <img decoding=\"async\" width=\"1000\" src=\"https:\/\/ae04.alicdn.com\/kf\/S9435c55c5eb544fca8890bf47109913aS.jpg\" slate-data-type=\"image\" \/>\n <\/div>\n<div class=\"content_img\">\n  <img decoding=\"async\" width=\"1000\" src=\"https:\/\/ae04.alicdn.com\/kf\/Sdfdc24e1131c466c8624e79b74ef24c6x.jpg\" slate-data-type=\"image\" \/>\n <\/div>\n<div class=\"content_img\">\n  <img decoding=\"async\" width=\"1000\" src=\"https:\/\/ae04.alicdn.com\/kf\/Sd6326293311c406c8b518cd3fd24f285T.jpg\" slate-data-type=\"image\" \/>\n <\/div>\n<\/div>\n<div>\n <img fetchpriority=\"high\" decoding=\"async\" width=\"1000\" height=\"1881\" src=\"https:\/\/ae01.alicdn.com\/kf\/Ua8ece3e103ed470793ec3cb15da8a01fz.jpg\" slate-data-type=\"image\" \/>\n<\/div>\n<p><\/p>\n<\/div>\n<\/div>","protected":false},"excerpt":{"rendered":"<p>Type:&nbsp;Bicycle Kickstand Brand Name:&nbsp;HOMCOM Origin:&nbsp;Mainland China If you don&#8217;t have enough space at home or you don&#8217;t know how to park your bikes in an orderly manner, HOMCOM bike parking<\/p>","protected":false},"featured_media":24709,"comment_status":"open","ping_status":"closed","template":"","meta":{"_acf_changed":false},"product_brand":[],"product_cat":[525],"product_tag":[],"class_list":{"0":"post-24708","1":"product","2":"type-product","3":"status-publish","4":"has-post-thumbnail","6":"product_cat-a","8":"first","9":"instock","10":"shipping-taxable","11":"purchasable","12":"product-type-variable"},"acf":[],"_links":{"self":[{"href":"https:\/\/electricstore.eu\/de\/wp-json\/wp\/v2\/product\/24708","targetHints":{"allow":["GET"]}}],"collection":[{"href":"https:\/\/electricstore.eu\/de\/wp-json\/wp\/v2\/product"}],"about":[{"href":"https:\/\/electricstore.eu\/de\/wp-json\/wp\/v2\/types\/product"}],"replies":[{"embeddable":true,"href":"https:\/\/electricstore.eu\/de\/wp-json\/wp\/v2\/comments?post=24708"}],"wp:featuredmedia":[{"embeddable":true,"href":"https:\/\/electricstore.eu\/de\/wp-json\/wp\/v2\/media\/24709"}],"wp:attachment":[{"href":"https:\/\/electricstore.eu\/de\/wp-json\/wp\/v2\/media?parent=24708"}],"wp:term":[{"taxonomy":"product_brand","embeddable":true,"href":"https:\/\/electricstore.eu\/de\/wp-json\/wp\/v2\/product_brand?post=24708"},{"taxonomy":"product_cat","embeddable":true,"href":"https:\/\/electricstore.eu\/de\/wp-json\/wp\/v2\/product_cat?post=24708"},{"taxonomy":"product_tag","embeddable":true,"href":"https:\/\/electricstore.eu\/de\/wp-json\/wp\/v2\/product_tag?post=24708"}],"curies":[{"name":"wp","href":"https:\/\/api.w.org\/{rel}","templated":true}]}}