{"id":24689,"date":"2025-05-20T18:41:47","date_gmt":"2025-05-20T18:41:47","guid":{"rendered":"https:\/\/electricstore.eu\/p\/uncategorized\/homcom-electric-car-for-kids-3-years-audi-rs-e-tron-gt-103x58x41-cm-white\/"},"modified":"2025-05-20T18:42:33","modified_gmt":"2025-05-20T18:42:33","slug":"homcom-electric-car-for-kids-3-years-audi-rs-e-tron-gt-103x58x41-cm-white","status":"publish","type":"product","link":"https:\/\/electricstore.eu\/de\/p\/o\/homcom-electric-car-for-kids-3-years-audi-rs-e-tron-gt-103x58x41-cm-white\/","title":{"rendered":"HOMCOM Elektroauto f\u00fcr Kinder ab 3 Jahren AUDI RS e-tron GT 103x58x41 cm Wei\u00df"},"content":{"rendered":"<div class=\"product-specs-list-container\">\n<ul class=\"product-specs-list util-clearfix\">\n<li class=\"product-prop line-limit-length\"><span\n                                        class=\"property-title\">Markenname:&nbsp;<\/span><span\n                                        class=\"property-desc line-limit-length\">HOMCOM<\/span>\n                            <\/li>\n<li class=\"product-prop line-limit-length\"><span\n                                        class=\"property-title\">Merkmale:&nbsp;<\/span><span\n                                        class=\"property-desc line-limit-length\">Ride On<\/span>\n                            <\/li>\n<\/ul><\/div>\n<div class=\"detailmodule_html\">\n<div class=\"detail-desc-decorate-richtext\">\n<p>Wenn Sie ein Elektroauto f\u00fcr Ihre Kinder suchen, schauen Sie sich dieses elektrische Kinderauto von HOMCOM an. Es verf\u00fcgt \u00fcber Elemente, die es wirklich sicher und einzigartig machen. Es verf\u00fcgt \u00fcber Hupe, Scheinwerfer, Sicherheitsgurt, vorinstallierte Musik und extrabreite, ged\u00e4mpfte Reifen. Es kann von Kindern mit dem Lenkrad des Autos oder von einem Erwachsenen mit der mitgelieferten Fernbedienung gefahren werden.<\/p>\n<div class=\"detailmodule_html\">\n<div class=\"detail-desc-decorate-richtext\">\n<div style=\"overflow:visible;height:auto\" class=\"lc-1\">\n<div class=\"f-line\">\n<div class=\"fts\">\n<div>\u00a0<\/div>\n<\/div>\n<\/div>\n<\/div>\n<div class=\"lc-1\">\n<div class=\"f-line\">\n<div class=\"fts\">\n<div><strong>Merkmale:<\/strong><\/div>\n<div>\u25cf Elektroauto f\u00fcr Kinder mit niedrigem Schwerpunkt und Allradfederung f\u00fcr sanftes Fahren;<\/div>\n<div>\u25cf Separate Hupen- und Musiktasten;<\/div>\n<div>\u25cf Der langsame Startmechanismus bietet Ihrem Kind maximalen Schutz;<\/div>\n<div>\u25cf Elektrisches Kinderauto mit Batterierestanzeige;<\/div>\n<div>\u25cf Enth\u00e4lt AUX-Anschluss, USB und TF-Kartensteckplatz;<\/div>\n<div>\u25cf Enth\u00e4lt Zusatzr\u00e4der, um es bei Batterieentladung leicht bewegen zu k\u00f6nnen und es ohne eingeschaltetes Ger\u00e4t zu schleifen;<\/div>\n<div>\u25cf Bei voller Ladung hat dieses 12-V-Batterieauto eine Reichweite von bis zu 45 Minuten (je nach Art der Nutzung);<\/div>\n<div>\u25cf Eine Montage ist erforderlich;<\/div>\n<div><\/div>\n<\/div>\n<\/div>\n<\/div>\n<div class=\"lc-1\">\n<div class=\"f-line\">\n<div class=\"fts\">\n<div><strong>Spezifikationen:<\/strong><\/div>\n<\/div>\n<\/div>\n<\/div>\n<\/div>\n<\/div>\n<p>-Farbe: wei\u00df, schwarz;<\/p>\n<p>-Material: Polypropylen (PP), Metall;<\/p>\n<p>-Gesamtma\u00dfe: 103x58x41 cm (LxANxAL);<\/p>\n<p>-Sitzgr\u00f6\u00dfe: 34\u00d719,5\u00d713 cm (vom Boden);<\/p>\n<p>-Batterie: 12 V 4,5 Ah;<\/p>\n<p>-Erste Ladung: 8\u201310 Stunden, normale Ladung: 10\u201312 Stunden;<\/p>\n<p>-Geschwindigkeit: 3-5 km\/h;<\/p>\n<p>-Fernbedienungsentfernung: 25 m;<\/p>\n<p>-PP-R\u00e4der: \u00d8 19\u00d77,5 cm (DxAL);<\/p>\n<p>-Autonomie: 45 Minuten (je nach Art der Nutzung);<\/p>\n<p>-Maximale Belastung: 25 kg;<\/p>\n<p>-Batterien: 2 x AAA (nicht im Lieferumfang enthalten);<\/p>\n<p>-Empfohlenes Alter: 37\u201360 Monate;<\/p>\n<p>-Referenz: 370-220V90WT;<\/p>\n<p>Hinweis: Immer unter Aufsicht eines Erwachsenen verwenden;<\/p>\n<div class=\"detailmodule_html\">\n<div class=\"detail-desc-decorate-richtext\">\n<div class=\"lc-1\">\n<div class=\"f-line\">\n<div class=\"fts\">\n<div><img decoding=\"async\" width=\"1000    \" height=\"35\" src=\"https:\/\/ae01.alicdn.com\/kf\/HTB1KhgjkfiSBuNkSnhJq6zDcpXaR.jpg\" slate-data-type=\"image\"\/><\/div>\n<\/div>\n<\/div>\n<\/div>\n<\/div>\n<\/div>\n<p><img decoding=\"async\" src=\"https:\/\/ae01.alicdn.com\/kf\/Sd488e7685245477a9190fe80382909ed3.jpg\" slate-data-type=\"image\"\/><img decoding=\"async\" src=\"https:\/\/ae01.alicdn.com\/kf\/S1d8210f644914a1084b6b350e0d6ff5fB.jpg\" slate-data-type=\"image\"\/><img decoding=\"async\" src=\"https:\/\/ae01.alicdn.com\/kf\/Sde1d5f5e5fde44868d096a0249e13145K.jpg\" slate-data-type=\"image\"\/><img decoding=\"async\" src=\"https:\/\/ae01.alicdn.com\/kf\/S99a8c65feda54a79a50b8d18731b8b1cJ.jpg\" slate-data-type=\"image\"\/><\/p>\n<div class=\"detailmodule_html\">\n<div class=\"detail-desc-decorate-richtext\">\n<div><img fetchpriority=\"high\" decoding=\"async\" width=\"1000\" height=\"1881\" src=\"https:\/\/ae01.alicdn.com\/kf\/Ua8ece3e103ed470793ec3cb15da8a01fz.jpg\" slate-data-type=\"image\"\/><\/div>\n<\/div>\n<\/div>\n<p><\/p>\n<\/div>\n<\/div>","protected":false},"excerpt":{"rendered":"<p>Brand Name:&nbsp;HOMCOM Features:&nbsp;Ride On If you are looking for an electric car for your children, look at this HOMCOM Electric children&#8217;s car. Features elements that make it really safe and<\/p>","protected":false},"featured_media":24690,"comment_status":"open","ping_status":"closed","template":"","meta":{"_acf_changed":false},"product_brand":[],"product_cat":[15],"product_tag":[],"class_list":{"0":"post-24689","1":"product","2":"type-product","3":"status-publish","4":"has-post-thumbnail","6":"product_cat-o","8":"first","9":"instock","10":"shipping-taxable","11":"purchasable","12":"product-type-variable"},"acf":[],"_links":{"self":[{"href":"https:\/\/electricstore.eu\/de\/wp-json\/wp\/v2\/product\/24689","targetHints":{"allow":["GET"]}}],"collection":[{"href":"https:\/\/electricstore.eu\/de\/wp-json\/wp\/v2\/product"}],"about":[{"href":"https:\/\/electricstore.eu\/de\/wp-json\/wp\/v2\/types\/product"}],"replies":[{"embeddable":true,"href":"https:\/\/electricstore.eu\/de\/wp-json\/wp\/v2\/comments?post=24689"}],"wp:featuredmedia":[{"embeddable":true,"href":"https:\/\/electricstore.eu\/de\/wp-json\/wp\/v2\/media\/24690"}],"wp:attachment":[{"href":"https:\/\/electricstore.eu\/de\/wp-json\/wp\/v2\/media?parent=24689"}],"wp:term":[{"taxonomy":"product_brand","embeddable":true,"href":"https:\/\/electricstore.eu\/de\/wp-json\/wp\/v2\/product_brand?post=24689"},{"taxonomy":"product_cat","embeddable":true,"href":"https:\/\/electricstore.eu\/de\/wp-json\/wp\/v2\/product_cat?post=24689"},{"taxonomy":"product_tag","embeddable":true,"href":"https:\/\/electricstore.eu\/de\/wp-json\/wp\/v2\/product_tag?post=24689"}],"curies":[{"name":"wp","href":"https:\/\/api.w.org\/{rel}","templated":true}]}}