{"id":24676,"date":"2025-05-20T18:41:38","date_gmt":"2025-05-20T18:41:38","guid":{"rendered":"https:\/\/electricstore.eu\/p\/uncategorized\/homcom-3-6-year-old-kids-electric-car-with-2-motors-and-remote-control-12v-110x68x52-cm-black\/"},"modified":"2025-05-20T18:42:20","modified_gmt":"2025-05-20T18:42:20","slug":"homcom-3-6-year-old-kids-electric-car-with-2-motors-and-remote-control-12v-110x68x52-cm-black","status":"publish","type":"product","link":"https:\/\/electricstore.eu\/de\/p\/o\/homcom-3-6-year-old-kids-electric-car-with-2-motors-and-remote-control-12v-110x68x52-cm-black\/","title":{"rendered":"HOMCOM 3-6 Jahre altes Kinder-Elektroauto mit 2 Motoren und Fernbedienung 12V 110x68x52 cm schwarz"},"content":{"rendered":"<div class=\"product-specs-list-container\">\n<ul class=\"product-specs-list util-clearfix\">\n<li class=\"product-prop line-limit-length\"><span\n                                        class=\"property-title\">Markenname:&nbsp;<\/span><span\n                                        class=\"property-desc line-limit-length\">HOMCOM<\/span>\n                            <\/li>\n<li class=\"product-prop line-limit-length\"><span\n                                        class=\"property-title\">Merkmale:&nbsp;<\/span><span\n                                        class=\"property-desc line-limit-length\">Ride On<\/span>\n                            <\/li>\n<\/ul><\/div>\n<div class=\"detailmodule_html\">\n<div class=\"detail-desc-decorate-richtext\">\n<p><\/p>\n<div style=\"overflow:visible;height:auto\" class=\"lc-1\">\n<div class=\"f-line\">\n<div class=\"fts\">\n<div>\nSuchen Sie ein elektrisches Kinderfahrzeug? Dann ist dieses HOMCOM-Kinderauto genau das Richtige f\u00fcr Sie! Es verf\u00fcgt \u00fcber einen USB-Anschluss, einen TF-Kartensteckplatz und einen AUX-Anschluss f\u00fcr MP3-Player, Scheinwerfer mit Licht, einen Sicherheitsgurt, vorinstallierte Musik und extra breite Reifen. Kinder k\u00f6nnen es mit dem Lenkrad selbst steuern oder Erwachsene mit der mitgelieferten Fernbedienung.\n<\/div><\/div><\/div>\n<\/div>\n<div class=\"lc-1\">\n<div class=\"f-line\">\n<div class=\"fts\">\n<div>\n    <strong>Merkmale:<\/strong>\n   <\/div>\n<div>\n\u25cf Die beiden Motoren bieten bessere Traktion und Fahreigenschaften auf Gras oder unebenen B\u00f6den.<br \/>\n<br \/>\u25cf Leichtes Verschieben mit Schiebestange und St\u00fctzr\u00e4dern<br \/>\n<br \/>\u25cf Leistungsanzeige zur \u00dcberwachung des verbleibenden Akkuladestands<br \/>\n<br \/>\u25cf LED-Front- und R\u00fcckleuchten sowie Hupe<br \/>\n<br \/>\u25cf Der Sanftanlaufmechanismus bietet Ihrem Kind maximalen Schutz<br \/>\n<br \/>\u25cf Zwei Geschwindigkeitsstufen (manuell) oder drei Geschwindigkeitsstufen (Fernbedienung) mit einer H\u00f6chstgeschwindigkeit von 5 km\/h<br \/>\n<br \/>\u25cf Mit 2 Fahrmodi: manuell mit Lenkrad oder 2,4-GHz-Fernbedienung<br \/>\n<br \/>\u25cf Musikfunktion, Multimedia-Center und USB-Eingang, AUX-Schnittstelle (mit Kabel)<br \/>\n<br \/>\u25cf Montage erforderlich<br \/>\n\n   <\/div><\/div><\/div>\n<\/div>\n<div class=\"lc-1\">\n<div class=\"f-line\">\n<div class=\"fts\">\n<div>\n    <strong>Spezifikationen:<\/strong>\n   <\/div>\n<div>\n-Farbe: Schwarz<br \/>\n<br \/>-Material: PP, Metall<br \/>\n<br \/>-Gesamtma\u00dfe: 110x68x52 cm (L x B x T)<br \/>\n<br \/>-Sitzma\u00dfe: 39\u00d721,5\u00d714 cm (Sitzh\u00f6he bis Boden)<br \/>\n<br \/>-Radma\u00dfe: \u00d8 23,5 cm<br \/>\n<br \/>-Geschwindigkeit: 3-5 km\/h<br \/>\n<br \/>-Batterie: 12V 4,5Ah x 1<br \/>\n<br \/>-Motor: 30 W x 2<br \/>\n<br \/>-Reichweite des Befehls: 25 m<br \/>\n<br \/>-Ladezeit: 8-12 Stunden<br \/>\n<br \/>-Autonomie: 1 Stunde (bei Volllast)<br \/>\n<br \/>-Empfohlenes Alter: 37-72 Monate<br \/>\n<br \/>-Zertifizierungen: nach ISO 71-1-2-3, ISO 62115, EMV, RoHS, ERP, Sicherheitsdatenblatt<br \/>\n<br \/>-Maximale Belastung: 30 kg<br \/>\n<br \/>-Batterien: 2 x AA (nicht im Lieferumfang enthalten)<br \/>\n<br \/>-Referenz: 370-217V90BK<br \/>\n<br \/>Hinweis: Benutzung stets unter Aufsicht eines Erwachsenen<br \/>\n\n   <\/div><\/div><\/div>\n<\/div>\n<div>\n <img decoding=\"async\" width=\"1000    \" height=\"35\" src=\"https:\/\/ae01.alicdn.com\/kf\/HTB1KhgjkfiSBuNkSnhJq6zDcpXaR.jpg\" slate-data-type=\"image\" \/>\n<\/div>\n<div class=\"content01\">\n<div class=\"content_img\">\n  <img decoding=\"async\" width=\"1000\" src=\"https:\/\/ae04.alicdn.com\/kf\/S6f3232904d2d430eb1080880defcc687L.jpg\" slate-data-type=\"image\" \/>\n <\/div>\n<div class=\"content_img\">\n  <img decoding=\"async\" width=\"1000\" src=\"https:\/\/ae04.alicdn.com\/kf\/S98e47e773a424676a86e44a825a1172ax.jpg\" slate-data-type=\"image\" \/>\n <\/div>\n<div class=\"content_img\">\n  <img decoding=\"async\" width=\"1000\" src=\"https:\/\/ae04.alicdn.com\/kf\/S78adacce884e4e2d8251152be20733aaS.jpg\" slate-data-type=\"image\" \/>\n <\/div>\n<div class=\"content_img\">\n  <img decoding=\"async\" width=\"1000\" src=\"https:\/\/ae04.alicdn.com\/kf\/Sd1e4a1047ce1470bb1f19770adab455cM.jpg\" slate-data-type=\"image\" \/>\n <\/div>\n<div class=\"content_img\">\n  <img decoding=\"async\" width=\"1000\" src=\"https:\/\/ae04.alicdn.com\/kf\/S8ab3209f2944438c9bfc6e4e87a79226e.jpg\" slate-data-type=\"image\" \/>\n <\/div>\n<div class=\"content_img\">\n  <img decoding=\"async\" width=\"1000\" src=\"https:\/\/ae04.alicdn.com\/kf\/S7b1ac00abd2942d2904710caea873118f.jpg\" slate-data-type=\"image\" \/>\n <\/div>\n<\/div>\n<div>\n <img fetchpriority=\"high\" decoding=\"async\" width=\"1000\" height=\"1881\" src=\"https:\/\/ae01.alicdn.com\/kf\/Ua8ece3e103ed470793ec3cb15da8a01fz.jpg\" slate-data-type=\"image\" \/>\n<\/div>\n<p><\/p>\n<\/div>\n<\/div>","protected":false},"excerpt":{"rendered":"<p>Brand Name:&nbsp;HOMCOM Features:&nbsp;Ride On If you are looking for a children&#8217;s electric vehicle for your children, check out This HOMCOM children&#8217;s car. It has USB slot, TF and an auxiliary<\/p>","protected":false},"featured_media":24677,"comment_status":"open","ping_status":"closed","template":"","meta":{"_acf_changed":false},"product_brand":[],"product_cat":[15],"product_tag":[],"class_list":{"0":"post-24676","1":"product","2":"type-product","3":"status-publish","4":"has-post-thumbnail","6":"product_cat-o","8":"first","9":"instock","10":"shipping-taxable","11":"purchasable","12":"product-type-variable"},"acf":[],"_links":{"self":[{"href":"https:\/\/electricstore.eu\/de\/wp-json\/wp\/v2\/product\/24676","targetHints":{"allow":["GET"]}}],"collection":[{"href":"https:\/\/electricstore.eu\/de\/wp-json\/wp\/v2\/product"}],"about":[{"href":"https:\/\/electricstore.eu\/de\/wp-json\/wp\/v2\/types\/product"}],"replies":[{"embeddable":true,"href":"https:\/\/electricstore.eu\/de\/wp-json\/wp\/v2\/comments?post=24676"}],"wp:featuredmedia":[{"embeddable":true,"href":"https:\/\/electricstore.eu\/de\/wp-json\/wp\/v2\/media\/24677"}],"wp:attachment":[{"href":"https:\/\/electricstore.eu\/de\/wp-json\/wp\/v2\/media?parent=24676"}],"wp:term":[{"taxonomy":"product_brand","embeddable":true,"href":"https:\/\/electricstore.eu\/de\/wp-json\/wp\/v2\/product_brand?post=24676"},{"taxonomy":"product_cat","embeddable":true,"href":"https:\/\/electricstore.eu\/de\/wp-json\/wp\/v2\/product_cat?post=24676"},{"taxonomy":"product_tag","embeddable":true,"href":"https:\/\/electricstore.eu\/de\/wp-json\/wp\/v2\/product_tag?post=24676"}],"curies":[{"name":"wp","href":"https:\/\/api.w.org\/{rel}","templated":true}]}}