{"id":24654,"date":"2025-05-20T18:41:24","date_gmt":"2025-05-20T18:41:24","guid":{"rendered":"https:\/\/electricstore.eu\/p\/uncategorized\/homcom-electric-car-for-kids-audi-e-tron-speed-3-5-km-h-black\/"},"modified":"2025-05-20T18:41:45","modified_gmt":"2025-05-20T18:41:45","slug":"homcom-electric-car-for-kids-audi-e-tron-speed-3-5-km-h-black","status":"publish","type":"product","link":"https:\/\/electricstore.eu\/de\/p\/o\/homcom-electric-car-for-kids-audi-e-tron-speed-3-5-km-h-black\/","title":{"rendered":"HOMCOM Elektroauto f\u00fcr Kinder Audi e-tron Geschwindigkeit 3-5 km\/h Schwarz"},"content":{"rendered":"<div class=\"product-specs-list-container\">\n<ul class=\"product-specs-list util-clearfix\">\n<li class=\"product-prop line-limit-length\"><span\n                                        class=\"property-title\">Elektronisch:&nbsp;<\/span><span\n                                        class=\"property-desc line-limit-length\">JA<\/span>\n                            <\/li>\n<li class=\"product-prop line-limit-length\"><span\n                                        class=\"property-title\">Geschlecht:&nbsp;<\/span><span\n                                        class=\"property-desc line-limit-length\">Unisex<\/span>\n                            <\/li>\n<li class=\"product-prop line-limit-length\"><span\n                                        class=\"property-title\">Stromquelle:&nbsp;<\/span><span\n                                        class=\"property-desc line-limit-length\">Elektrisch<\/span>\n                            <\/li>\n<li class=\"product-prop line-limit-length\"><span\n                                        class=\"property-title\">Gr\u00f6\u00dfe:&nbsp;<\/span><span\n                                        class=\"property-desc line-limit-length\">108x60x47 cm<\/span>\n                            <\/li>\n<li class=\"product-prop line-limit-length\"><span\n                                        class=\"property-title\">Merkmale:&nbsp;<\/span><span\n                                        class=\"property-desc line-limit-length\">Ride On<\/span>\n                            <\/li>\n<li class=\"product-prop line-limit-length\"><span\n                                        class=\"property-title\">Material:&nbsp;<\/span><span\n                                        class=\"property-desc line-limit-length\">Metall<\/span>\n                            <\/li>\n<li class=\"product-prop line-limit-length\"><span\n                                        class=\"property-title\">Stil:&nbsp;<\/span><span\n                                        class=\"property-desc line-limit-length\">AUTO<\/span>\n                            <\/li>\n<li class=\"product-prop line-limit-length\"><span\n                                        class=\"property-title\">Abmessungen:&nbsp;<\/span><span\n                                        class=\"property-desc line-limit-length\">108x60x47 cm<\/span>\n                            <\/li>\n<li class=\"product-prop line-limit-length\"><span\n                                        class=\"property-title\">Radnummer:&nbsp;<\/span><span\n                                        class=\"property-desc line-limit-length\">Vier<\/span>\n                            <\/li>\n<li class=\"product-prop line-limit-length\"><span\n                                        class=\"property-title\">Markenname:&nbsp;<\/span><span\n                                        class=\"property-desc line-limit-length\">HOMCOM<\/span>\n                            <\/li>\n<li class=\"product-prop line-limit-length\"><span\n                                        class=\"property-title\">Herkunft:&nbsp;<\/span><span\n                                        class=\"property-desc line-limit-length\">Festlandchina<\/span>\n                            <\/li>\n<li class=\"product-prop line-limit-length\"><span\n                                        class=\"property-title\">Empfohlenes Alter:&nbsp;<\/span><span\n                                        class=\"property-desc line-limit-length\">3-6 Jahre<\/span>\n                            <\/li>\n<\/ul><\/div>\n<div class=\"detailmodule_html\">\n<div class=\"detail-desc-decorate-richtext\">\n<p><\/p>\n<div style=\"overflow:visible;height:auto\" class=\"lc-1\">\n<div class=\"f-line\">\n<div class=\"fts\">\n<div>\nWenn Sie ein Elektroauto f\u00fcr Ihre Kinder suchen, schauen Sie sich diesen Audi von HOMCOM an. Er verf\u00fcgt \u00fcber Elemente, die ihn wirklich sicher und einzigartig machen. Er hat einen USB-, TF- und MP3-Anschluss, beleuchtete Vorder- und R\u00fccklichter, T\u00fcren zum \u00d6ffnen, Sicherheitsgurt und extra breite Reifen. Das Auto kann von Kindern mit dem Lenkrad oder von einem Erwachsenen mit der mitgelieferten Fernbedienung gesteuert werden. Die Kinder werden mit diesem Elektroauto mit offizieller Audi-Lizenz viel Spa\u00df haben.\n<\/div><\/div><\/div>\n<\/div>\n<div class=\"lc-1\">\n<div class=\"f-line\">\n<div class=\"fts\">\n<div>\n    <strong>Merkmale:<\/strong>\n   <\/div>\n<div>\n\u25cf Sehr realistisch aussehendes Elektroauto f\u00fcr Kinder mit Hupe, Sicherheitsgurt, Musik, LED-Scheinwerfern, Fernbedienung und stromlinienf\u00f6rmigem Design<br \/>\n<br \/>\u25cf Kinderauto mit Geschwindigkeitsregulierungsfunktion zwischen 3 und 5 km\/h<br \/>\n<br \/>\u25cf Doppelter 12-V-Motor f\u00fcr effizientes Fahren mit einer Reichweite von bis zu 45 Minuten mit einer einzigen Ladung<br \/>\n<br \/>\u25cf 2 Fahrmodi: manuell mit Lenkrad oder per Fernbedienung<br \/>\n<br \/>\u25cf Der Controller ben\u00f6tigt f\u00fcr den Betrieb 2 AAA-Batterien (nicht im Lieferumfang enthalten)<br \/>\n<br \/>\u25cf Geeignet f\u00fcr Kinder ab 3 Jahren mit einem Gewicht von bis zu 25 kg<br \/>\n<br \/>\u25cf Elektroauto mit Steuerung mit Batterierestanzeige<br \/>\n\n   <\/div><\/div><\/div>\n<\/div>\n<div class=\"lc-1\">\n<div class=\"f-line\">\n<div class=\"fts\">\n<div>\n    <strong>Spezifikationen:<\/strong>\n   <\/div>\n<div>\n\u25cf Farbe: Schwarz<br \/>\n<br \/>\u25cf Material: PP und Metall<br \/>\n<br \/>\u25cf Gesamtma\u00dfe: 108 x 60 x 47 cm (L x B x H)<br \/>\n<br \/>\u25cf Sitzma\u00dfe: 32x19x25 cm (LxANxAL)<br \/>\n<br \/>\u25cf Radma\u00dfe: \u00d8 22\u00d78 cm (DxAL)<br \/>\n<br \/>\u25cf Autonomie: 45 Minuten (je nach Art der Nutzung)<br \/>\n<br \/>\u25cf Ladezeit: 8\u201312 Stunden<br \/>\n<br \/>\u25cf Batterie: 12 V 4,5 Ah x 1<br \/>\n<br \/>\u25cf Maximale Belastung: 25 kg<br \/>\n<br \/>\u25cf Batterien erforderlich: Ja, 2 AAA-Batterien (nicht im Lieferumfang enthalten)<br \/>\n<br \/>\u25cf Empfohlenes Alter: 3\u20135 Jahre<br \/>\n<br \/>\u25cf Referenz: 370-172V90BK<br \/>\n\n   <\/div><\/div><\/div>\n<\/div>\n<div>\n <img decoding=\"async\" width=\"1000    \" height=\"35\" src=\"https:\/\/ae01.alicdn.com\/kf\/HTB1KhgjkfiSBuNkSnhJq6zDcpXaR.jpg\" slate-data-type=\"image\" \/>\n<\/div>\n<div class=\"content01\">\n<div class=\"content_img\">\n  <img decoding=\"async\" width=\"1000\" src=\"https:\/\/ae-pic-a1.aliexpress-media.com\/kf\/S112309e1f4124cfd8b71b50a811b2f30l.jpg\" slate-data-type=\"image\" \/>\n <\/div>\n<div class=\"content_img\">\n  <img decoding=\"async\" width=\"1000\" src=\"https:\/\/ae-pic-a1.aliexpress-media.com\/kf\/Sd2f1266e5438498da6319e17551b935fX.jpg\" slate-data-type=\"image\" \/>\n <\/div>\n<div class=\"content_img\">\n  <img decoding=\"async\" width=\"1000\" src=\"https:\/\/ae-pic-a1.aliexpress-media.com\/kf\/S4cc16f0703c24afaa0f22ebd5cdc9b57e.jpg\" slate-data-type=\"image\" \/>\n <\/div>\n<div class=\"content_img\">\n  <img decoding=\"async\" width=\"1000\" src=\"https:\/\/ae-pic-a1.aliexpress-media.com\/kf\/S6a97a44e7c26401ab6fb33b0632c0806m.jpg\" slate-data-type=\"image\" \/>\n <\/div>\n<div class=\"content_img\">\n  <img decoding=\"async\" width=\"1000\" src=\"https:\/\/ae-pic-a1.aliexpress-media.com\/kf\/Sf6d90a62eac94c5d909bd405518bc6a1F.jpg\" slate-data-type=\"image\" \/>\n <\/div>\n<div class=\"content_img\">\n  <img decoding=\"async\" width=\"1000\" src=\"https:\/\/ae-pic-a1.aliexpress-media.com\/kf\/Sb188c3da1c524b49802690c43902ecc0q.jpg\" slate-data-type=\"image\" \/>\n <\/div>\n<\/div>\n<div>\n <img fetchpriority=\"high\" decoding=\"async\" width=\"1000\" height=\"1881\" src=\"https:\/\/ae01.alicdn.com\/kf\/Ua8ece3e103ed470793ec3cb15da8a01fz.jpg\" slate-data-type=\"image\" \/>\n<\/div>\n<p><\/p>\n<\/div>\n<\/div>","protected":false},"excerpt":{"rendered":"<p>Electronic:&nbsp;YES Gender:&nbsp;Unisex Power Source:&nbsp;Electric Size:&nbsp;108x60x47 cm Features:&nbsp;Ride On Material:&nbsp;Metal Style:&nbsp;CAR Dimensions:&nbsp;108x60x47 cm Wheel Number:&nbsp;Four Brand Name:&nbsp;HOMCOM Origin:&nbsp;Mainland China Recommend Age:&nbsp;3-6Y If you are looking for a children&#8217;s electric vehicle for<\/p>","protected":false},"featured_media":24655,"comment_status":"open","ping_status":"closed","template":"","meta":{"_acf_changed":false},"product_brand":[],"product_cat":[15],"product_tag":[],"class_list":{"0":"post-24654","1":"product","2":"type-product","3":"status-publish","4":"has-post-thumbnail","6":"product_cat-o","8":"first","9":"instock","10":"shipping-taxable","11":"purchasable","12":"product-type-variable"},"acf":[],"_links":{"self":[{"href":"https:\/\/electricstore.eu\/de\/wp-json\/wp\/v2\/product\/24654","targetHints":{"allow":["GET"]}}],"collection":[{"href":"https:\/\/electricstore.eu\/de\/wp-json\/wp\/v2\/product"}],"about":[{"href":"https:\/\/electricstore.eu\/de\/wp-json\/wp\/v2\/types\/product"}],"replies":[{"embeddable":true,"href":"https:\/\/electricstore.eu\/de\/wp-json\/wp\/v2\/comments?post=24654"}],"wp:featuredmedia":[{"embeddable":true,"href":"https:\/\/electricstore.eu\/de\/wp-json\/wp\/v2\/media\/24655"}],"wp:attachment":[{"href":"https:\/\/electricstore.eu\/de\/wp-json\/wp\/v2\/media?parent=24654"}],"wp:term":[{"taxonomy":"product_brand","embeddable":true,"href":"https:\/\/electricstore.eu\/de\/wp-json\/wp\/v2\/product_brand?post=24654"},{"taxonomy":"product_cat","embeddable":true,"href":"https:\/\/electricstore.eu\/de\/wp-json\/wp\/v2\/product_cat?post=24654"},{"taxonomy":"product_tag","embeddable":true,"href":"https:\/\/electricstore.eu\/de\/wp-json\/wp\/v2\/product_tag?post=24654"}],"curies":[{"name":"wp","href":"https:\/\/api.w.org\/{rel}","templated":true}]}}