{"id":24638,"date":"2025-05-20T18:41:15","date_gmt":"2025-05-20T18:41:15","guid":{"rendered":"https:\/\/electricstore.eu\/p\/uncategorized\/homcom-electric-car-for-child-3-years-outdoor-with-remote-control-music-lights-2-door-opening-30kg-115x70x55cm\/"},"modified":"2025-05-20T18:41:40","modified_gmt":"2025-05-20T18:41:40","slug":"homcom-electric-car-for-child-3-years-outdoor-with-remote-control-music-lights-2-door-opening-30kg-115x70x55cm","status":"publish","type":"product","link":"https:\/\/electricstore.eu\/de\/p\/o\/homcom-electric-car-for-child-3-years-outdoor-with-remote-control-music-lights-2-door-opening-30kg-115x70x55cm\/","title":{"rendered":"HOMCOM Elektroauto f\u00fcr Kinder ab 3 Jahren, f\u00fcr den Au\u00dfenbereich, mit Fernbedienung, Musik, Lichter, 2 T\u00fcren, \u00d6ffnung 30 kg, 115 x 70 x 55 cm"},"content":{"rendered":"<div class=\"product-specs-list-container\">\n<ul class=\"product-specs-list util-clearfix\">\n<li class=\"product-prop line-limit-length\"><span\n                                        class=\"property-title\">Markenname:&nbsp;<\/span><span\n                                        class=\"property-desc line-limit-length\">HOMCOM<\/span>\n                            <\/li>\n<li class=\"product-prop line-limit-length\"><span\n                                        class=\"property-title\">Herkunft:&nbsp;<\/span><span\n                                        class=\"property-desc line-limit-length\">Festlandchina<\/span>\n                            <\/li>\n<li class=\"product-prop line-limit-length\"><span\n                                        class=\"property-title\">Merkmale:&nbsp;<\/span><span\n                                        class=\"property-desc line-limit-length\">Ride On<\/span>\n                            <\/li>\n<\/ul><\/div>\n<div class=\"detailmodule_html\">\n<div class=\"detail-desc-decorate-richtext\">\n<p>Dieses batteriebetriebene Kinderauto mit Vorw\u00e4rts- und R\u00fcckw\u00e4rtsfahrt kann manuell von Kindern oder von Eltern per Fernbedienung gesteuert werden. So ist das Bewegen des Fahrzeugs oder die Steuerung durch einen Erwachsenen kinderleicht. Kinder werden viel Spa\u00df mit den funktionierenden Lichtern haben, dank des TF-Kartenlesers und des USB-Anschlusses Musik im MP3-Format h\u00f6ren oder bequem mit dem praktischen Lenkrad und sicher dank des Sicherheitsgurts fahren.<\/p>\n<p><\/p>\n<div class=\"detailmodule_html\">\n<div class=\"detail-desc-decorate-richtext\">\n<div class=\"lc-1\">\n<div class=\"f-line\">\n<div class=\"fts\">\n<div><strong>Merkmale:<\/strong><\/div>\n<\/div>\n<\/div>\n<\/div>\n<\/div>\n<\/div>\n<p>\u25cf Dieses batteriebetriebene Kinderauto funktioniert mit Gaspedal und Lenkrad;<\/p>\n<p>\u25cf Verf\u00fcgt \u00fcber TF-Kartensteckpl\u00e4tze und einen USB-Anschluss, um Musik im MP3-Format abspielen zu k\u00f6nnen;<\/p>\n<p>\u25cf Mit Geschichtenerz\u00e4hlmodus und Englischlernmodus;<\/p>\n<p>\u25cf Es verf\u00fcgt \u00fcber 2 12 V\/30 W-Motoren und die Batterie bietet bei voller Ladung etwa 1 Stunde Autonomie;<\/p>\n<p>\u25cf Die Vorder- und R\u00fccklichter funktionieren wirklich;<\/p>\n<p>\u25cf Enth\u00e4lt eine Anzeige der verbleibenden Batterieladung;<\/p>\n<p>\u25cf Fernbedienung zur Kindersicherung;<\/p>\n<p>\u25cf Erfordert Montage<\/p>\n<p><\/p>\n<div class=\"detailmodule_html\">\n<div class=\"detail-desc-decorate-richtext\">\n<div class=\"lc-1\">\n<div class=\"f-line\">\n<div class=\"fts\">\n<div><strong>Spezifikationen:<\/strong><\/div>\n<\/div>\n<\/div>\n<\/div>\n<\/div>\n<\/div>\n<p>\u25cf Farbe: Rot;<\/p>\n<p>\u25cf Material: PP, Metall;<\/p>\n<p>\u25cf Gesamtma\u00dfe: 102 x 60 x 44 cm (L x B x H);<\/p>\n<p>\u25cf Sitzma\u00dfe: 35,5\u00d719,5\u00d721,5 cm (LxANxAL);<\/p>\n<p>\u25cf Radma\u00dfe: \u00d8 21\u00d76,5 cm (DxAN);<\/p>\n<p>\u25cfLadezeit: 8\u201312 Stunden;<\/p>\n<p>\u25cf Motor: 30 W;<\/p>\n<p>\u25cf Ladeger\u00e4t: 12 V \/ 500 mA;<\/p>\n<p>\u25cf Empfohlenes Alter: 3\u20135 Jahre;<\/p>\n<p>\u25cf Maximale Belastung: 25 kg;<\/p>\n<p>\u25cf Referenz: 370-079V90D<\/p>\n<p><\/p>\n<p><img decoding=\"async\" src=\"https:\/\/ae01.alicdn.com\/kf\/HTB1KhgjkfiSBuNkSnhJq6zDcpXaR.jpg\" slate-data-type=\"image\"\/><\/p>\n<\/p>\n<p><img decoding=\"async\" src=\"https:\/\/ae01.alicdn.com\/kf\/S8f0b0bcc1bbb489ea861b651b5af8d5aJ.jpg\" slate-data-type=\"image\"\/><img decoding=\"async\" src=\"https:\/\/ae01.alicdn.com\/kf\/Se8c6f2a1a4214ead87fb5b19710ddec0z.jpg\" slate-data-type=\"image\"\/><img decoding=\"async\" src=\"https:\/\/ae01.alicdn.com\/kf\/Sb5e6a314294a4c6f8d8585f79dd715b20.jpg\" slate-data-type=\"image\"\/><img decoding=\"async\" src=\"https:\/\/ae01.alicdn.com\/kf\/S807d823845b448c8b7f8eb1ddc4b4e2ed.jpg\" slate-data-type=\"image\"\/><img decoding=\"async\" src=\"https:\/\/ae01.alicdn.com\/kf\/S70fa9c78f16e4272b24bedaffe02d853R.jpg\" slate-data-type=\"image\"\/><img decoding=\"async\" src=\"https:\/\/ae01.alicdn.com\/kf\/S35bf9aec658f488583003bec3fe69ae9z.jpg\" slate-data-type=\"image\"\/><img decoding=\"async\" src=\"https:\/\/ae01.alicdn.com\/kf\/HTB1i.OtVMHqK1RjSZFkq6x.WFXaT.jpg\" slate-data-type=\"image\"\/><\/p>\n<p><img decoding=\"async\" width=\"750\" height=\"auto\" src=\"https:\/\/ae01.alicdn.com\/kf\/S11b87778fb234582a169c08233ec9094s.png\" slate-data-type=\"image\"\/><\/p>\n<\/div>\n<\/div>","protected":false},"excerpt":{"rendered":"<p>Brand Name:&nbsp;HOMCOM Origin:&nbsp;Mainland China Features:&nbsp;Ride On This children&#8217;s battery car with forward and backward driving, can be controlled manually by children or by parents with remote control. Thus, moving the<\/p>","protected":false},"featured_media":24639,"comment_status":"open","ping_status":"closed","template":"","meta":{"_acf_changed":false},"product_brand":[],"product_cat":[15],"product_tag":[],"class_list":{"0":"post-24638","1":"product","2":"type-product","3":"status-publish","4":"has-post-thumbnail","6":"product_cat-o","8":"first","9":"instock","10":"shipping-taxable","11":"purchasable","12":"product-type-variable"},"acf":[],"_links":{"self":[{"href":"https:\/\/electricstore.eu\/de\/wp-json\/wp\/v2\/product\/24638","targetHints":{"allow":["GET"]}}],"collection":[{"href":"https:\/\/electricstore.eu\/de\/wp-json\/wp\/v2\/product"}],"about":[{"href":"https:\/\/electricstore.eu\/de\/wp-json\/wp\/v2\/types\/product"}],"replies":[{"embeddable":true,"href":"https:\/\/electricstore.eu\/de\/wp-json\/wp\/v2\/comments?post=24638"}],"wp:featuredmedia":[{"embeddable":true,"href":"https:\/\/electricstore.eu\/de\/wp-json\/wp\/v2\/media\/24639"}],"wp:attachment":[{"href":"https:\/\/electricstore.eu\/de\/wp-json\/wp\/v2\/media?parent=24638"}],"wp:term":[{"taxonomy":"product_brand","embeddable":true,"href":"https:\/\/electricstore.eu\/de\/wp-json\/wp\/v2\/product_brand?post=24638"},{"taxonomy":"product_cat","embeddable":true,"href":"https:\/\/electricstore.eu\/de\/wp-json\/wp\/v2\/product_cat?post=24638"},{"taxonomy":"product_tag","embeddable":true,"href":"https:\/\/electricstore.eu\/de\/wp-json\/wp\/v2\/product_tag?post=24638"}],"curies":[{"name":"wp","href":"https:\/\/api.w.org\/{rel}","templated":true}]}}